{"id":84428,"date":"2025-02-12T11:12:52","date_gmt":"2025-02-12T11:12:52","guid":{"rendered":"https:\/\/redfoxlotto.com\/?page_id=84428"},"modified":"2025-10-09T14:23:22","modified_gmt":"2025-10-09T14:23:22","slug":"keno","status":"publish","type":"page","link":"https:\/\/redfoxlotto.com\/pt-pt\/keno\/","title":{"rendered":"Keno"},"content":{"rendered":"<h2>N\u00e3o sabe como jogar Keno online?<\/h2>\n<p>Ent\u00e3o, sabe como funciona uma lotaria mas nunca jogou Keno? Deixe-me explicar como jogar Keno online. N\u00e3o \u00e9 t\u00e3o dif\u00edcil de entender e a nossa plataforma facilita a cria\u00e7\u00e3o de um bilhete de Keno.<\/p>\n<div class=\"keno-banner-wrapper\"><img decoding=\"async\" class=\"keno-banner-image\" src=\"https:\/\/redfoxlotto.com\/wp-content\/uploads\/2025\/10\/3-scaled.png\" alt=\"Keno Banner\" \/><br \/>\n<div class=\"keno-banner-overlay\"><div class=\"keno-banner-text\">Pr\u00e9mio principal: \u20ac10,000,000<br>Sorteios a cada 30 minutos<\/div><a href=\"https:\/\/keno.redfoxlotto.com\/play\/diamond-keno\" class=\"keno-banner-button\">Jogue Diamond Keno agora<\/a><\/div><\/div>\n<div class=\"keno-banner-wrapper\"><img decoding=\"async\" class=\"keno-banner-image\" src=\"https:\/\/redfoxlotto.com\/wp-content\/uploads\/2025\/10\/1-scaled.png\" alt=\"Keno Banner\" \/><br \/>\n<div class=\"keno-banner-overlay\"><div class=\"keno-banner-text\">Pr\u00e9mio principal: \u20ac5,000,000<br>Sorteios a cada 8 minutos<\/div><a href=\"https:\/\/keno.redfoxlotto.com\/play\/platinum-keno\" class=\"keno-banner-button\">Jogue Platinum Keno agora<\/a><\/div><\/div>\n<div class=\"keno-banner-wrapper\"><img decoding=\"async\" class=\"keno-banner-image\" src=\"https:\/\/redfoxlotto.com\/wp-content\/uploads\/2025\/10\/2-scaled.png\" alt=\"Keno Banner\" \/><br \/>\n<div class=\"keno-banner-overlay\"><div class=\"keno-banner-text\">Pr\u00e9mio principal: \u20ac2,000,000<br>Sorteios a cada 6 minutos<\/div><a href=\"https:\/\/keno.redfoxlotto.com\/play\/gold-keno\" class=\"keno-banner-button\">Jogue  Gold Keno Agora<\/a><\/div><\/div>\n<p><img loading=\"lazy\" decoding=\"async\" class=\"alignright size-medium wp-image-83635\" src=\"https:\/\/redfoxlotto.com\/wp-content\/uploads\/2025\/03\/keno_card-300x300.jpg\" alt=\"play keno online\" width=\"300\" height=\"300\" srcset=\"https:\/\/redfoxlotto.com\/wp-content\/uploads\/2025\/03\/keno_card-300x300.jpg 300w, https:\/\/redfoxlotto.com\/wp-content\/uploads\/2025\/03\/keno_card-150x150.jpg 150w, https:\/\/redfoxlotto.com\/wp-content\/uploads\/2025\/03\/keno_card-100x100.jpg 100w, https:\/\/redfoxlotto.com\/wp-content\/uploads\/2025\/03\/keno_card.jpg 307w\" sizes=\"auto, (max-width: 300px) 100vw, 300px\" \/><\/p>\n<h2>Diferen\u00e7as entre uma lotaria normal e o Keno<\/h2>\n<p>Quando joga Keno, tem mais controlo sobre quanto quer gastar num bilhete e tamb\u00e9m decide quantos n\u00fameros escolhe.<\/p>\n<ul>\n<li><strong>O multiplicador<\/strong> &#8211; cada bilhete de Keno tem um pre\u00e7o base (o m\u00ednimo que tem de pagar por um bilhete), mas existe tamb\u00e9m uma fun\u00e7\u00e3o multiplicadora. Digamos que o pre\u00e7o base \u00e9 de 1,00 euros. Ao selecionar um multiplicador de 5, o seu bilhete passa a custar-lhe 5,00 euros. Mas, ao mesmo tempo, o montante que pode ganhar aumentar\u00e1, pelo menos, num fator de 5. Para ganhar o pr\u00e9mio m\u00e1ximo em cada n\u00edvel de pagamento, tem de selecionar o multiplicador m\u00e1ximo. O multiplicador pode variar entre 1 e 5, ou entre 1 e 10. Para ver o pagamento real, clique no separador \u201cInfo\u201d acima e ver\u00e1 uma tabela de pagamentos.<\/li>\n<li>Clique no multiplicador que pretende escolher e os pagamentos para esse multiplicador ser\u00e3o apresentados.<\/li>\n<li><strong>Jogar mais ou menos n\u00fameros<\/strong> &#8211; Pode decidir se quer escolher mais ou menos n\u00fameros para o seu bilhete. Mais uma vez, se quiser ganhar o pr\u00e9mio principal, ter\u00e1 sempre de escolher o m\u00e1ximo, ou seja, 10 n\u00fameros. Mas se decidir jogar apenas 8 n\u00fameros, ganhar\u00e1 mais dinheiro se todos ou alguns deles corresponderem aos n\u00fameros sorteados. Mais uma vez, a tabela na p\u00e1gina \u201cInfo\u201d mostra-lhe os pagamentos.<\/li>\n<li><strong>S\u00e3o sorteados mais n\u00fameros da gama de n\u00fameros<\/strong> &#8211; enquanto uma lotaria normal sorteia 5 ou 6 n\u00fameros de um conjunto de 49 ou 60 n\u00fameros, isto \u00e9 diferente quando joga Keno. Primeiro, a maioria dos jogos de Keno sorteia 20 n\u00fameros, mas o conjunto de n\u00fameros poss\u00edveis tamb\u00e9m \u00e9 maior (normalmente entre 70 e 90 n\u00fameros). Mas com 20 n\u00fameros vencedores, s\u00f3 tem de acertar em 10 deles para ganhar um grande pr\u00e9mio. Isto significa que as probabilidades gerais quando joga Keno online s\u00e3o melhores em compara\u00e7\u00e3o com a maioria das lotarias normais.<\/li>\n<\/ul>\n<h2>Ent\u00e3o, como posso jogar Keno online?<\/h2>\n<p><strong>Tudo o que tem de fazer para jogar Keno online \u00e9 seguir os passos abaixo:<\/strong><\/p>\n<ul>\n<li>Clicar num dos banners do Keno nesta p\u00e1gina<\/li>\n<li>Selecionar o n\u00famero de n\u00fameros que pretende jogar<\/li>\n<li>Selecionar o Multiplicador e verificar o pre\u00e7o do bilhete (ajustar o multiplicador se necess\u00e1rio)<\/li>\n<li>Escolher os n\u00fameros (ou utilizar a fun\u00e7\u00e3o Quick Pick para gerar n\u00fameros aleat\u00f3rios)<\/li>\n<li>Adicione mais bilhetes para o mesmo sorteio de Keno, se quiser<\/li>\n<li>Decidir se quer que o seu bilhete ou bilhetes participem num sorteio ou em v\u00e1rios sorteios<\/li>\n<li>Pagar os seus bilhetes (tem de criar uma nova conta no nosso site, se ainda n\u00e3o tiver uma, ou iniciar sess\u00e3o na sua conta existente)<\/li>\n<\/ul>\n<h2>Apenas alguns minutos antes do pr\u00f3ximo sorteio<\/h2>\n<p>A maioria das lotarias Keno s\u00e3o sorteadas de dois em dois minutos, por isso n\u00e3o \u00e9 necess\u00e1rio esperar muito tempo para saber se ganhou. Sempre que um sorteio da lotaria Keno estiver a decorrer enquanto estiver no nosso site, aparecer\u00e1 uma janela pop-up e, pouco depois, ver\u00e1 um v\u00eddeo de anima\u00e7\u00e3o do sorteio. Uma vez que o popup aparece, ainda deve ser poss\u00edvel comprar um bilhete para jogar nesse sorteio. Mas mesmo que perca o pr\u00f3ximo sorteio, pode sempre criar um bilhete para o pr\u00f3ximo sorteio, que est\u00e1 a poucos minutos de dist\u00e2ncia!<\/p>\n<p>Os sorteios do Keno s\u00e3o virtuais, com os n\u00fameros a serem gerados por um Gerador de N\u00fameros Aleat\u00f3rios certificado. Desta forma, podes ter a certeza de que quando jogas Keno online no nosso site, o jogo \u00e9 sempre justo.<\/p>\n<p>A prop\u00f3sito, esta n\u00e3o \u00e9 uma lotaria p\u00fablica, na qual pode comprar bilhetes num<\/p>\n<p>ponto de venda da lotaria. \u00c9 por isso que, nos jogos de Keno, n\u00e3o recebe nenhum bilhete digitalizado, mas apenas uma confirma\u00e7\u00e3o na sua conta de jogador.<\/p>\n","protected":false},"excerpt":{"rendered":"<p>N\u00e3o sabe como jogar Keno online? Ent\u00e3o, sabe como funciona uma lotaria mas nunca jogou Keno? Deixe-me explicar como jogar Keno online. N\u00e3o \u00e9 t\u00e3o dif\u00edcil de entender e a nossa plataforma facilita a cria\u00e7\u00e3o de um bilhete de Keno. Diferen\u00e7as entre uma lotaria normal e o Keno Quando joga Keno, tem mais controlo sobre [&hellip;]<\/p>\n","protected":false},"author":8,"featured_media":0,"parent":0,"menu_order":5,"comment_status":"closed","ping_status":"closed","template":"","meta":{"_et_pb_use_builder":"","_et_pb_old_content":"","_et_gb_content_width":"","exclude_from_search":false,"footnotes":""},"class_list":["post-84428","page","type-page","status-publish","hentry"],"yoast_head":"<!-- This site is optimized with the Yoast SEO plugin v27.4 - https:\/\/yoast.com\/product\/yoast-seo-wordpress\/ -->\n<title>Como jogar Keno online | Regras e estrat\u00e9gia para o Keno online<\/title>\n<meta name=\"description\" content=\"Quer ganhar muito no Keno? Como jogar Keno online para ganhar pr\u00e9mios m\u00e1ximos de at\u00e9 10 milh\u00f5es de euros, com sorteios que nunca est\u00e3o a mais de alguns minutos de dist\u00e2ncia\" \/>\n<meta name=\"robots\" content=\"index, follow, max-snippet:-1, max-image-preview:large, max-video-preview:-1\" \/>\n<link rel=\"canonical\" href=\"https:\/\/redfoxlotto.com\/pt-pt\/keno\/\" \/>\n<meta property=\"og:locale\" content=\"pt_PT\" \/>\n<meta property=\"og:type\" content=\"article\" \/>\n<meta property=\"og:title\" content=\"Como jogar Keno online | Regras e estrat\u00e9gia para o Keno online\" \/>\n<meta property=\"og:description\" content=\"Quer ganhar muito no Keno? Como jogar Keno online para ganhar pr\u00e9mios m\u00e1ximos de at\u00e9 10 milh\u00f5es de euros, com sorteios que nunca est\u00e3o a mais de alguns minutos de dist\u00e2ncia\" \/>\n<meta property=\"og:url\" content=\"https:\/\/redfoxlotto.com\/pt-pt\/keno\/\" \/>\n<meta property=\"og:site_name\" content=\"Get Tickets for the World\u2019s largest jackpots\" \/>\n<meta property=\"article:modified_time\" content=\"2025-10-09T14:23:22+00:00\" \/>\n<meta property=\"og:image\" content=\"https:\/\/redfoxlotto.com\/wp-content\/uploads\/2025\/10\/3-scaled.png\" \/>\n<meta name=\"twitter:card\" content=\"summary_large_image\" \/>\n<meta name=\"twitter:label1\" content=\"Tempo estimado de leitura\" \/>\n\t<meta name=\"twitter:data1\" content=\"4 minutos\" \/>\n<script type=\"application\/ld+json\" class=\"yoast-schema-graph\">{\"@context\":\"https:\\\/\\\/schema.org\",\"@graph\":[{\"@type\":\"WebPage\",\"@id\":\"https:\\\/\\\/redfoxlotto.com\\\/pt-pt\\\/keno\\\/\",\"url\":\"https:\\\/\\\/redfoxlotto.com\\\/pt-pt\\\/keno\\\/\",\"name\":\"Como jogar Keno online | Regras e estrat\u00e9gia para o Keno online\",\"isPartOf\":{\"@id\":\"https:\\\/\\\/redfoxlotto.com\\\/pt-pt\\\/#website\"},\"primaryImageOfPage\":{\"@id\":\"https:\\\/\\\/redfoxlotto.com\\\/pt-pt\\\/keno\\\/#primaryimage\"},\"image\":{\"@id\":\"https:\\\/\\\/redfoxlotto.com\\\/pt-pt\\\/keno\\\/#primaryimage\"},\"thumbnailUrl\":\"https:\\\/\\\/redfoxlotto.com\\\/wp-content\\\/uploads\\\/2025\\\/10\\\/3-scaled.png\",\"datePublished\":\"2025-02-12T11:12:52+00:00\",\"dateModified\":\"2025-10-09T14:23:22+00:00\",\"description\":\"Quer ganhar muito no Keno? Como jogar Keno online para ganhar pr\u00e9mios m\u00e1ximos de at\u00e9 10 milh\u00f5es de euros, com sorteios que nunca est\u00e3o a mais de alguns minutos de dist\u00e2ncia\",\"breadcrumb\":{\"@id\":\"https:\\\/\\\/redfoxlotto.com\\\/pt-pt\\\/keno\\\/#breadcrumb\"},\"inLanguage\":\"pt-PT\",\"potentialAction\":[{\"@type\":\"ReadAction\",\"target\":[\"https:\\\/\\\/redfoxlotto.com\\\/pt-pt\\\/keno\\\/\"]}]},{\"@type\":\"ImageObject\",\"inLanguage\":\"pt-PT\",\"@id\":\"https:\\\/\\\/redfoxlotto.com\\\/pt-pt\\\/keno\\\/#primaryimage\",\"url\":\"https:\\\/\\\/redfoxlotto.com\\\/wp-content\\\/uploads\\\/2025\\\/10\\\/3-scaled.png\",\"contentUrl\":\"https:\\\/\\\/redfoxlotto.com\\\/wp-content\\\/uploads\\\/2025\\\/10\\\/3-scaled.png\"},{\"@type\":\"BreadcrumbList\",\"@id\":\"https:\\\/\\\/redfoxlotto.com\\\/pt-pt\\\/keno\\\/#breadcrumb\",\"itemListElement\":[{\"@type\":\"ListItem\",\"position\":1,\"name\":\"Home\",\"item\":\"https:\\\/\\\/redfoxlotto.com\\\/pt-pt\\\/\"},{\"@type\":\"ListItem\",\"position\":2,\"name\":\"Keno\"}]},{\"@type\":\"WebSite\",\"@id\":\"https:\\\/\\\/redfoxlotto.com\\\/pt-pt\\\/#website\",\"url\":\"https:\\\/\\\/redfoxlotto.com\\\/pt-pt\\\/\",\"name\":\"Get Tickets for the World\u2019s largest jackpots\",\"description\":\"Participate in worldwide lottery jackpots from any country\",\"publisher\":{\"@id\":\"https:\\\/\\\/redfoxlotto.com\\\/pt-pt\\\/#organization\"},\"potentialAction\":[{\"@type\":\"SearchAction\",\"target\":{\"@type\":\"EntryPoint\",\"urlTemplate\":\"https:\\\/\\\/redfoxlotto.com\\\/pt-pt\\\/?s={search_term_string}\"},\"query-input\":{\"@type\":\"PropertyValueSpecification\",\"valueRequired\":true,\"valueName\":\"search_term_string\"}}],\"inLanguage\":\"pt-PT\"},{\"@type\":\"Organization\",\"@id\":\"https:\\\/\\\/redfoxlotto.com\\\/pt-pt\\\/#organization\",\"name\":\"Get Tickets for the World\u2019s largest jackpots\",\"url\":\"https:\\\/\\\/redfoxlotto.com\\\/pt-pt\\\/\",\"logo\":{\"@type\":\"ImageObject\",\"inLanguage\":\"pt-PT\",\"@id\":\"https:\\\/\\\/redfoxlotto.com\\\/pt-pt\\\/#\\\/schema\\\/logo\\\/image\\\/\",\"url\":\"https:\\\/\\\/redfoxlotto.com\\\/wp-content\\\/uploads\\\/2023\\\/04\\\/logo.png\",\"contentUrl\":\"https:\\\/\\\/redfoxlotto.com\\\/wp-content\\\/uploads\\\/2023\\\/04\\\/logo.png\",\"width\":269,\"height\":53,\"caption\":\"Get Tickets for the World\u2019s largest jackpots\"},\"image\":{\"@id\":\"https:\\\/\\\/redfoxlotto.com\\\/pt-pt\\\/#\\\/schema\\\/logo\\\/image\\\/\"}}]}<\/script>\n<!-- \/ Yoast SEO plugin. -->","yoast_head_json":{"title":"Como jogar Keno online | Regras e estrat\u00e9gia para o Keno online","description":"Quer ganhar muito no Keno? Como jogar Keno online para ganhar pr\u00e9mios m\u00e1ximos de at\u00e9 10 milh\u00f5es de euros, com sorteios que nunca est\u00e3o a mais de alguns minutos de dist\u00e2ncia","robots":{"index":"index","follow":"follow","max-snippet":"max-snippet:-1","max-image-preview":"max-image-preview:large","max-video-preview":"max-video-preview:-1"},"canonical":"https:\/\/redfoxlotto.com\/pt-pt\/keno\/","og_locale":"pt_PT","og_type":"article","og_title":"Como jogar Keno online | Regras e estrat\u00e9gia para o Keno online","og_description":"Quer ganhar muito no Keno? Como jogar Keno online para ganhar pr\u00e9mios m\u00e1ximos de at\u00e9 10 milh\u00f5es de euros, com sorteios que nunca est\u00e3o a mais de alguns minutos de dist\u00e2ncia","og_url":"https:\/\/redfoxlotto.com\/pt-pt\/keno\/","og_site_name":"Get Tickets for the World\u2019s largest jackpots","article_modified_time":"2025-10-09T14:23:22+00:00","og_image":[{"url":"https:\/\/redfoxlotto.com\/wp-content\/uploads\/2025\/10\/3-scaled.png","type":"","width":"","height":""}],"twitter_card":"summary_large_image","twitter_misc":{"Tempo estimado de leitura":"4 minutos"},"schema":{"@context":"https:\/\/schema.org","@graph":[{"@type":"WebPage","@id":"https:\/\/redfoxlotto.com\/pt-pt\/keno\/","url":"https:\/\/redfoxlotto.com\/pt-pt\/keno\/","name":"Como jogar Keno online | Regras e estrat\u00e9gia para o Keno online","isPartOf":{"@id":"https:\/\/redfoxlotto.com\/pt-pt\/#website"},"primaryImageOfPage":{"@id":"https:\/\/redfoxlotto.com\/pt-pt\/keno\/#primaryimage"},"image":{"@id":"https:\/\/redfoxlotto.com\/pt-pt\/keno\/#primaryimage"},"thumbnailUrl":"https:\/\/redfoxlotto.com\/wp-content\/uploads\/2025\/10\/3-scaled.png","datePublished":"2025-02-12T11:12:52+00:00","dateModified":"2025-10-09T14:23:22+00:00","description":"Quer ganhar muito no Keno? Como jogar Keno online para ganhar pr\u00e9mios m\u00e1ximos de at\u00e9 10 milh\u00f5es de euros, com sorteios que nunca est\u00e3o a mais de alguns minutos de dist\u00e2ncia","breadcrumb":{"@id":"https:\/\/redfoxlotto.com\/pt-pt\/keno\/#breadcrumb"},"inLanguage":"pt-PT","potentialAction":[{"@type":"ReadAction","target":["https:\/\/redfoxlotto.com\/pt-pt\/keno\/"]}]},{"@type":"ImageObject","inLanguage":"pt-PT","@id":"https:\/\/redfoxlotto.com\/pt-pt\/keno\/#primaryimage","url":"https:\/\/redfoxlotto.com\/wp-content\/uploads\/2025\/10\/3-scaled.png","contentUrl":"https:\/\/redfoxlotto.com\/wp-content\/uploads\/2025\/10\/3-scaled.png"},{"@type":"BreadcrumbList","@id":"https:\/\/redfoxlotto.com\/pt-pt\/keno\/#breadcrumb","itemListElement":[{"@type":"ListItem","position":1,"name":"Home","item":"https:\/\/redfoxlotto.com\/pt-pt\/"},{"@type":"ListItem","position":2,"name":"Keno"}]},{"@type":"WebSite","@id":"https:\/\/redfoxlotto.com\/pt-pt\/#website","url":"https:\/\/redfoxlotto.com\/pt-pt\/","name":"Get Tickets for the World\u2019s largest jackpots","description":"Participate in worldwide lottery jackpots from any country","publisher":{"@id":"https:\/\/redfoxlotto.com\/pt-pt\/#organization"},"potentialAction":[{"@type":"SearchAction","target":{"@type":"EntryPoint","urlTemplate":"https:\/\/redfoxlotto.com\/pt-pt\/?s={search_term_string}"},"query-input":{"@type":"PropertyValueSpecification","valueRequired":true,"valueName":"search_term_string"}}],"inLanguage":"pt-PT"},{"@type":"Organization","@id":"https:\/\/redfoxlotto.com\/pt-pt\/#organization","name":"Get Tickets for the World\u2019s largest jackpots","url":"https:\/\/redfoxlotto.com\/pt-pt\/","logo":{"@type":"ImageObject","inLanguage":"pt-PT","@id":"https:\/\/redfoxlotto.com\/pt-pt\/#\/schema\/logo\/image\/","url":"https:\/\/redfoxlotto.com\/wp-content\/uploads\/2023\/04\/logo.png","contentUrl":"https:\/\/redfoxlotto.com\/wp-content\/uploads\/2023\/04\/logo.png","width":269,"height":53,"caption":"Get Tickets for the World\u2019s largest jackpots"},"image":{"@id":"https:\/\/redfoxlotto.com\/pt-pt\/#\/schema\/logo\/image\/"}}]}},"_links":{"self":[{"href":"https:\/\/redfoxlotto.com\/pt-pt\/wp-json\/wp\/v2\/pages\/84428","targetHints":{"allow":["GET"]}}],"collection":[{"href":"https:\/\/redfoxlotto.com\/pt-pt\/wp-json\/wp\/v2\/pages"}],"about":[{"href":"https:\/\/redfoxlotto.com\/pt-pt\/wp-json\/wp\/v2\/types\/page"}],"author":[{"embeddable":true,"href":"https:\/\/redfoxlotto.com\/pt-pt\/wp-json\/wp\/v2\/users\/8"}],"replies":[{"embeddable":true,"href":"https:\/\/redfoxlotto.com\/pt-pt\/wp-json\/wp\/v2\/comments?post=84428"}],"version-history":[{"count":0,"href":"https:\/\/redfoxlotto.com\/pt-pt\/wp-json\/wp\/v2\/pages\/84428\/revisions"}],"wp:attachment":[{"href":"https:\/\/redfoxlotto.com\/pt-pt\/wp-json\/wp\/v2\/media?parent=84428"}],"curies":[{"name":"wp","href":"https:\/\/api.w.org\/{rel}","templated":true}]}}