{"id":49942,"date":"2023-04-13T18:01:41","date_gmt":"2023-04-13T18:01:41","guid":{"rendered":"https:\/\/redfoxlotto.eu\/?page_id=49942"},"modified":"2026-01-06T09:02:24","modified_gmt":"2026-01-06T09:02:24","slug":"home","status":"publish","type":"page","link":"https:\/\/redfoxlotto.com\/pt-pt\/","title":{"rendered":"Compre bilhetes das maiores lotarias internacionais, a partir de qualquer parte do mundo"},"content":{"rendered":"<p><script type=\"application\/ld+json\">\n{\n  \"@context\": \"https:\/\/schema.org\",\n  \"@type\": \"Service\",\n  \"name\": \"Jogar Powerball online\",\n  \"url\": \"https:\/\/redfoxlotto.com\/pt-pt\/\",\n  \"description\": \"Os maiores jackpots de lotaria do mundo dispon\u00edveis em qualquer lugar \u2014 compre j\u00e1 os seus bilhetes de lotaria online!\",\n  \"serviceType\": \"Servi\u00e7o online de intermedia\u00e7\u00e3o de bilhetes de lotaria\",\n  \"provider\": {\n    \"@type\": \"Organization\",\n    \"name\": \"RedFoxLotto\",\n    \"url\": \"https:\/\/redfoxlotto.com\/pt-pt\/\",\n    \"image\": \"https:\/\/redfoxlotto.com\/wp-content\/uploads\/2025\/12\/ticket_scans.jpg\"\n  },\n  \"areaServed\": \"Em todo o mundo\",\n  \"termsOfService\": \"https:\/\/redfoxlotto.com\/terms-and-conditions\",\n  \"additionalProperty\": {\n    \"@type\": \"PropertyValue\",\n    \"name\": \"FAQ\",\n    \"value\": \"https:\/\/redfoxlotto.com\/pt-pt\/faq\/\"\n  },\n  \"hasOfferCatalog\": {\n    \"@type\": \"OfferCatalog\",\n    \"name\": \"Bilhetes de lotaria para lotarias internacionais\",\n    \"itemListElement\": [\n      {\n        \"@type\": \"Offer\",\n        \"name\": \"Bilhetes para Powerball, Mega Millions, Euromillions e outros\",\n        \"url\": \"https:\/\/redfoxlotto.com\/pt-pt\/\",\n        \"description\": \"Compre bilhetes para os maiores jackpots de lotaria do mundo.\",\n        \"availability\": \"https:\/\/schema.org\/InStock\",\n        \"itemOffered\": {\n          \"@type\": \"Service\",\n          \"name\": \"Bilhetes de lotaria internacionais\",\n          \"description\": \"Participe em lotarias internacionais atrav\u00e9s da RedFoxLotto.\"\n        }\n      }\n    ]\n  },\n  \"mainEntityOfPage\": {\n    \"@type\": \"WebPage\",\n    \"@id\": \"https:\/\/redfoxlotto.com\/pt-pt\/\"\n  }\n}\n<\/script><\/p>\n<h2>O seu pa\u00eds de resid\u00eancia n\u00e3o importa \u2013 jogue nas maiores lotarias do mundo<\/h2>\n<p><img loading=\"lazy\" decoding=\"async\" class=\"size-full wp-image-4467 alignright\" src=\"https:\/\/redfoxlotto.com\/wp-content\/uploads\/2024\/03\/Balls_2.png\" alt=\"bilhete de lotaria online\" width=\"212\" height=\"250\" \/>Quantas vezes ouviu falar de vencedores da lotaria em todo o mundo que ganharam somas enormes de dinheiro? Infelizmente, estes enormes pr\u00e9mios foram principalmente conseguidos noutros pa\u00edses. Claro, mesmo no seu pa\u00eds, de vez em quando surgem grandes jackpots, mas muitas vezes demora algum tempo at\u00e9 que um jackpot se torne suficientemente grande. Portanto, se est\u00e1 \u00e0 espera de um grande jackpot, pode ter de esperar um pouco.<\/p>\n<p>Agora pode comprar bilhetes de lotaria online para os maiores jackpots do mundo. Isso significa que pode participar em lotarias fora do seu pa\u00eds. \u00c9 totalmente legal e muito conveniente. Pode encomendar o seu bilhete online com alguns cliques e pagar, por exemplo, com cart\u00e3o de cr\u00e9dito atrav\u00e9s de um processo totalmente seguro. Alternativamente, pode usar um dos nossos outros m\u00e9todos de pagamento. Receber\u00e1 em breve um e-mail de confirma\u00e7\u00e3o. Nenhum bilhete de lotaria se perde e notificaremos automaticamente qualquer pr\u00e9mio. Assim, n\u00e3o perder\u00e1 um pr\u00e9mio apenas por se esquecer de verificar o seu bilhete com os resultados da lotaria.<\/p>\n<h2>A maior vantagem de comprar um bilhete de lotaria online<\/h2>\n<p>A maior vantagem \u00e9 que pode sempre comprar bilhetes para as lotarias com os jackpots mais altos do momento. N\u00e3o importa quanto dinheiro gasta em bilhetes. \u00c9 definitivamente mais econ\u00f3mico investir num jackpot de 150 milh\u00f5es do que num pr\u00e9mio de dois milh\u00f5es. Com mais lotarias dispon\u00edveis online, poder\u00e1 encontrar pelo menos um jackpot enorme todas as semanas, oferecendo uma melhor rela\u00e7\u00e3o custo-ganho potencial do que a sua lotaria local. E, por vezes, esses jackpots podem atingir n\u00edveis impressionantes.<\/p>\n<p>O jackpot recorde mundial \u00e9 de 2 040 000 000 $ (julho de 2023). Foi ganho a 22 de novembro de 2022 na Powerball dos EUA. A 13 de janeiro de 2016 houve outro jackpot de 1,586 mil milh\u00f5es de d\u00f3lares, tamb\u00e9m ganho na Powerball americana. O terceiro jackpot mais alto de sempre foi ganho na lotaria Mega Millions a 23 de outubro de 2018, quando um sortudo vencedor ganhou 1,537 mil milh\u00f5es de d\u00f3lares.<\/p>\n<p>Muitas das maiores vit\u00f3rias anteriores nessas lotarias foram alcan\u00e7adas com a compra de bilhetes online.<\/p>\n<h2>O que acontece depois de encomendar o seu bilhete online?<\/h2>\n<p><img loading=\"lazy\" decoding=\"async\" class=\"size-medium wp-image-39298 alignright\" src=\"https:\/\/redfoxlotto.com\/wp-content\/uploads\/2023\/04\/1_play_online_lotto.jpg\" alt=\"jogue lotaria online\" width=\"300\" height=\"300\" \/>O servi\u00e7o da RedFoxLotto.com consiste em termos funcion\u00e1rios nos pa\u00edses das diversas lotarias que compram os bilhetes que encomendou. S\u00e3o bilhetes oficiais reais com os n\u00fameros que escolheu. Ap\u00f3s a compra, receber\u00e1 um e-mail de confirma\u00e7\u00e3o. Pode ver a sua encomenda e verificar os n\u00fameros na sua \u00e1rea de cliente. Pouco tempo depois de fazer o pedido, ser\u00e1 carregada a digitaliza\u00e7\u00e3o do bilhete no seu conta de cliente.<\/p>\n<h2>E se eu ganhar?<\/h2>\n<p>Quaisquer pr\u00e9mios inferiores a 2 500 \u20ac ser\u00e3o creditados imediatamente na sua conta RedFoxLotto. Para pr\u00e9mios superiores a 2 500 \u20ac, a nossa equipa de suporte ao cliente entrar\u00e1 em contacto consigo para organizar o pagamento, contactando a comiss\u00e3o de lotaria relevante em seu nome. Tal pagamento \u00e9 geralmente feito diretamente para a sua conta banc\u00e1ria ou receber\u00e1 um cheque.<\/p>\n<p>Processamos os seus pr\u00e9mios gratuitamente, exceto por uma pequena taxa para transfer\u00eancias banc\u00e1rias para certos bancos.<\/p>\n<p>Para mais informa\u00e7\u00f5es, consulte as nossas FAQ ou contacte a equipa de suporte. J\u00e1 n\u00e3o h\u00e1 raz\u00e3o para se contentar com jackpots mais pequenos \u2013 escolha um jackpot maior e torne-se o pr\u00f3ximo multimilion\u00e1rio da lotaria!<\/p>\n","protected":false},"excerpt":{"rendered":"<p>O seu pa\u00eds de resid\u00eancia n\u00e3o importa \u2013 jogue nas maiores lotarias do mundo Quantas vezes ouviu falar de vencedores da lotaria em todo o mundo que ganharam somas enormes de dinheiro? Infelizmente, estes enormes pr\u00e9mios foram principalmente conseguidos noutros pa\u00edses. Claro, mesmo no seu pa\u00eds, de vez em quando surgem grandes jackpots, mas muitas [&hellip;]<\/p>\n","protected":false},"author":1,"featured_media":0,"parent":0,"menu_order":1,"comment_status":"closed","ping_status":"closed","template":"lotto.php","meta":{"_et_pb_use_builder":"","_et_pb_old_content":"","_et_gb_content_width":"","exclude_from_search":false,"footnotes":""},"class_list":["post-49942","page","type-page","status-publish","hentry"],"yoast_head":"<!-- This site is optimized with the Yoast SEO plugin v27.3 - https:\/\/yoast.com\/product\/yoast-seo-wordpress\/ -->\n<title>Lotaria online | Compre bilhetes para os maiores jackpots do Mundo<\/title>\n<meta name=\"description\" content=\"Compre bilhetes das maiores lotarias internacionais, a partir de qualquer parte do mundo\" \/>\n<meta name=\"robots\" content=\"index, follow, max-snippet:-1, max-image-preview:large, max-video-preview:-1\" \/>\n<link rel=\"canonical\" href=\"https:\/\/redfoxlotto.com\/pt-pt\/\" \/>\n<meta property=\"og:locale\" content=\"pt_PT\" \/>\n<meta property=\"og:type\" content=\"article\" \/>\n<meta property=\"og:title\" content=\"Lotaria online | Compre bilhetes para os maiores jackpots do Mundo\" \/>\n<meta property=\"og:description\" content=\"Compre bilhetes das maiores lotarias internacionais, a partir de qualquer parte do mundo\" \/>\n<meta property=\"og:url\" content=\"https:\/\/redfoxlotto.com\/pt-pt\/\" \/>\n<meta property=\"og:site_name\" content=\"Get Tickets for the World\u2019s largest jackpots\" \/>\n<meta property=\"article:modified_time\" content=\"2026-01-06T09:02:24+00:00\" \/>\n<meta property=\"og:image\" content=\"https:\/\/redfoxlotto.com\/wp-content\/uploads\/2024\/03\/Balls_2.png\" \/>\n<meta name=\"twitter:card\" content=\"summary_large_image\" \/>\n<meta name=\"twitter:label1\" content=\"Tempo estimado de leitura\" \/>\n\t<meta name=\"twitter:data1\" content=\"4 minutos\" \/>\n<script type=\"application\/ld+json\" class=\"yoast-schema-graph\">{\"@context\":\"https:\\\/\\\/schema.org\",\"@graph\":[{\"@type\":\"WebPage\",\"@id\":\"https:\\\/\\\/redfoxlotto.com\\\/pt-pt\\\/\",\"url\":\"https:\\\/\\\/redfoxlotto.com\\\/pt-pt\\\/\",\"name\":\"Lotaria online | Compre bilhetes para os maiores jackpots do Mundo\",\"isPartOf\":{\"@id\":\"https:\\\/\\\/redfoxlotto.com\\\/pt-pt\\\/#website\"},\"primaryImageOfPage\":{\"@id\":\"https:\\\/\\\/redfoxlotto.com\\\/pt-pt\\\/#primaryimage\"},\"image\":{\"@id\":\"https:\\\/\\\/redfoxlotto.com\\\/pt-pt\\\/#primaryimage\"},\"thumbnailUrl\":\"https:\\\/\\\/redfoxlotto.com\\\/wp-content\\\/uploads\\\/2024\\\/03\\\/Balls_2.png\",\"datePublished\":\"2023-04-13T18:01:41+00:00\",\"dateModified\":\"2026-01-06T09:02:24+00:00\",\"description\":\"Compre bilhetes das maiores lotarias internacionais, a partir de qualquer parte do mundo\",\"breadcrumb\":{\"@id\":\"https:\\\/\\\/redfoxlotto.com\\\/pt-pt\\\/#breadcrumb\"},\"inLanguage\":\"pt-PT\",\"potentialAction\":[{\"@type\":\"ReadAction\",\"target\":[\"https:\\\/\\\/redfoxlotto.com\\\/pt-pt\\\/\"]}]},{\"@type\":\"ImageObject\",\"inLanguage\":\"pt-PT\",\"@id\":\"https:\\\/\\\/redfoxlotto.com\\\/pt-pt\\\/#primaryimage\",\"url\":\"https:\\\/\\\/redfoxlotto.com\\\/wp-content\\\/uploads\\\/2024\\\/03\\\/Balls_2.png\",\"contentUrl\":\"https:\\\/\\\/redfoxlotto.com\\\/wp-content\\\/uploads\\\/2024\\\/03\\\/Balls_2.png\"},{\"@type\":\"BreadcrumbList\",\"@id\":\"https:\\\/\\\/redfoxlotto.com\\\/pt-pt\\\/#breadcrumb\",\"itemListElement\":[{\"@type\":\"ListItem\",\"position\":1,\"name\":\"Home\",\"item\":\"https:\\\/\\\/redfoxlotto.com\\\/pt-pt\\\/\"},{\"@type\":\"ListItem\",\"position\":2,\"name\":\"Compre bilhetes das maiores lotarias internacionais, a partir de qualquer parte do mundo\"}]},{\"@type\":\"WebSite\",\"@id\":\"https:\\\/\\\/redfoxlotto.com\\\/pt-pt\\\/#website\",\"url\":\"https:\\\/\\\/redfoxlotto.com\\\/pt-pt\\\/\",\"name\":\"Get Tickets for the World\u2019s largest jackpots\",\"description\":\"Participate in worldwide lottery jackpots from any country\",\"publisher\":{\"@id\":\"https:\\\/\\\/redfoxlotto.com\\\/pt-pt\\\/#organization\"},\"potentialAction\":[{\"@type\":\"SearchAction\",\"target\":{\"@type\":\"EntryPoint\",\"urlTemplate\":\"https:\\\/\\\/redfoxlotto.com\\\/pt-pt\\\/?s={search_term_string}\"},\"query-input\":{\"@type\":\"PropertyValueSpecification\",\"valueRequired\":true,\"valueName\":\"search_term_string\"}}],\"inLanguage\":\"pt-PT\"},{\"@type\":\"Organization\",\"@id\":\"https:\\\/\\\/redfoxlotto.com\\\/pt-pt\\\/#organization\",\"name\":\"Get Tickets for the World\u2019s largest jackpots\",\"url\":\"https:\\\/\\\/redfoxlotto.com\\\/pt-pt\\\/\",\"logo\":{\"@type\":\"ImageObject\",\"inLanguage\":\"pt-PT\",\"@id\":\"https:\\\/\\\/redfoxlotto.com\\\/pt-pt\\\/#\\\/schema\\\/logo\\\/image\\\/\",\"url\":\"https:\\\/\\\/redfoxlotto.com\\\/wp-content\\\/uploads\\\/2023\\\/04\\\/logo.png\",\"contentUrl\":\"https:\\\/\\\/redfoxlotto.com\\\/wp-content\\\/uploads\\\/2023\\\/04\\\/logo.png\",\"width\":269,\"height\":53,\"caption\":\"Get Tickets for the World\u2019s largest jackpots\"},\"image\":{\"@id\":\"https:\\\/\\\/redfoxlotto.com\\\/pt-pt\\\/#\\\/schema\\\/logo\\\/image\\\/\"}}]}<\/script>\n<!-- \/ Yoast SEO plugin. -->","yoast_head_json":{"title":"Lotaria online | Compre bilhetes para os maiores jackpots do Mundo","description":"Compre bilhetes das maiores lotarias internacionais, a partir de qualquer parte do mundo","robots":{"index":"index","follow":"follow","max-snippet":"max-snippet:-1","max-image-preview":"max-image-preview:large","max-video-preview":"max-video-preview:-1"},"canonical":"https:\/\/redfoxlotto.com\/pt-pt\/","og_locale":"pt_PT","og_type":"article","og_title":"Lotaria online | Compre bilhetes para os maiores jackpots do Mundo","og_description":"Compre bilhetes das maiores lotarias internacionais, a partir de qualquer parte do mundo","og_url":"https:\/\/redfoxlotto.com\/pt-pt\/","og_site_name":"Get Tickets for the World\u2019s largest jackpots","article_modified_time":"2026-01-06T09:02:24+00:00","og_image":[{"url":"https:\/\/redfoxlotto.com\/wp-content\/uploads\/2024\/03\/Balls_2.png","type":"","width":"","height":""}],"twitter_card":"summary_large_image","twitter_misc":{"Tempo estimado de leitura":"4 minutos"},"schema":{"@context":"https:\/\/schema.org","@graph":[{"@type":"WebPage","@id":"https:\/\/redfoxlotto.com\/pt-pt\/","url":"https:\/\/redfoxlotto.com\/pt-pt\/","name":"Lotaria online | Compre bilhetes para os maiores jackpots do Mundo","isPartOf":{"@id":"https:\/\/redfoxlotto.com\/pt-pt\/#website"},"primaryImageOfPage":{"@id":"https:\/\/redfoxlotto.com\/pt-pt\/#primaryimage"},"image":{"@id":"https:\/\/redfoxlotto.com\/pt-pt\/#primaryimage"},"thumbnailUrl":"https:\/\/redfoxlotto.com\/wp-content\/uploads\/2024\/03\/Balls_2.png","datePublished":"2023-04-13T18:01:41+00:00","dateModified":"2026-01-06T09:02:24+00:00","description":"Compre bilhetes das maiores lotarias internacionais, a partir de qualquer parte do mundo","breadcrumb":{"@id":"https:\/\/redfoxlotto.com\/pt-pt\/#breadcrumb"},"inLanguage":"pt-PT","potentialAction":[{"@type":"ReadAction","target":["https:\/\/redfoxlotto.com\/pt-pt\/"]}]},{"@type":"ImageObject","inLanguage":"pt-PT","@id":"https:\/\/redfoxlotto.com\/pt-pt\/#primaryimage","url":"https:\/\/redfoxlotto.com\/wp-content\/uploads\/2024\/03\/Balls_2.png","contentUrl":"https:\/\/redfoxlotto.com\/wp-content\/uploads\/2024\/03\/Balls_2.png"},{"@type":"BreadcrumbList","@id":"https:\/\/redfoxlotto.com\/pt-pt\/#breadcrumb","itemListElement":[{"@type":"ListItem","position":1,"name":"Home","item":"https:\/\/redfoxlotto.com\/pt-pt\/"},{"@type":"ListItem","position":2,"name":"Compre bilhetes das maiores lotarias internacionais, a partir de qualquer parte do mundo"}]},{"@type":"WebSite","@id":"https:\/\/redfoxlotto.com\/pt-pt\/#website","url":"https:\/\/redfoxlotto.com\/pt-pt\/","name":"Get Tickets for the World\u2019s largest jackpots","description":"Participate in worldwide lottery jackpots from any country","publisher":{"@id":"https:\/\/redfoxlotto.com\/pt-pt\/#organization"},"potentialAction":[{"@type":"SearchAction","target":{"@type":"EntryPoint","urlTemplate":"https:\/\/redfoxlotto.com\/pt-pt\/?s={search_term_string}"},"query-input":{"@type":"PropertyValueSpecification","valueRequired":true,"valueName":"search_term_string"}}],"inLanguage":"pt-PT"},{"@type":"Organization","@id":"https:\/\/redfoxlotto.com\/pt-pt\/#organization","name":"Get Tickets for the World\u2019s largest jackpots","url":"https:\/\/redfoxlotto.com\/pt-pt\/","logo":{"@type":"ImageObject","inLanguage":"pt-PT","@id":"https:\/\/redfoxlotto.com\/pt-pt\/#\/schema\/logo\/image\/","url":"https:\/\/redfoxlotto.com\/wp-content\/uploads\/2023\/04\/logo.png","contentUrl":"https:\/\/redfoxlotto.com\/wp-content\/uploads\/2023\/04\/logo.png","width":269,"height":53,"caption":"Get Tickets for the World\u2019s largest jackpots"},"image":{"@id":"https:\/\/redfoxlotto.com\/pt-pt\/#\/schema\/logo\/image\/"}}]}},"_links":{"self":[{"href":"https:\/\/redfoxlotto.com\/pt-pt\/wp-json\/wp\/v2\/pages\/49942","targetHints":{"allow":["GET"]}}],"collection":[{"href":"https:\/\/redfoxlotto.com\/pt-pt\/wp-json\/wp\/v2\/pages"}],"about":[{"href":"https:\/\/redfoxlotto.com\/pt-pt\/wp-json\/wp\/v2\/types\/page"}],"author":[{"embeddable":true,"href":"https:\/\/redfoxlotto.com\/pt-pt\/wp-json\/wp\/v2\/users\/1"}],"replies":[{"embeddable":true,"href":"https:\/\/redfoxlotto.com\/pt-pt\/wp-json\/wp\/v2\/comments?post=49942"}],"version-history":[{"count":0,"href":"https:\/\/redfoxlotto.com\/pt-pt\/wp-json\/wp\/v2\/pages\/49942\/revisions"}],"wp:attachment":[{"href":"https:\/\/redfoxlotto.com\/pt-pt\/wp-json\/wp\/v2\/media?parent=49942"}],"curies":[{"name":"wp","href":"https:\/\/api.w.org\/{rel}","templated":true}]}}