{"id":2783,"date":"2020-04-16T13:14:59","date_gmt":"2020-04-16T13:14:59","guid":{"rendered":"https:\/\/redfoxlotto.com\/?page_id=2783"},"modified":"2019-08-11T08:40:59","modified_gmt":"2019-08-11T07:40:59","slug":"lotto-fr","status":"publish","type":"page","link":"https:\/\/redfoxlotto.com\/pt-pt\/resultados\/lotto-fr\/","title":{"rendered":"Resultados da loteria francesa"},"content":{"rendered":"<p>Voc\u00ea j\u00e1 come\u00e7ou a jogar na loteria online e agora quer ter certeza de que voc\u00ea pode obter os n\u00fameros vencedores o mais facilmente poss\u00edvel? Vamos dar uma olhada nos resultados da loteria francesa e ver o que eles podem significar para voc\u00ea. Porque se voc\u00ea est\u00e1 apostando nesta loteria (o que voc\u00ea pode fazer aqui conosco), voc\u00ea quer ter certeza de que sabe os resultados assim que eles estiverem dispon\u00edveis, certo? Bem, \u00e9 mais f\u00e1cil do que nunca para ti fazeres isso mesmo. <\/p><h2 class=\"wp-block-heading\">Encontre os n\u00fameros vencedores da loteria francesa<\/h2><p>A primeira coisa que voc\u00ea precisa saber ao pesquisar online por resultados de loteria \u00e9 onde encontrar os oficiais. H\u00e1 todos os tipos de sites que voc\u00ea pode olhar para obter mais informa\u00e7\u00f5es, mas o melhor lugar para ir \u00e9 aqui conosco onde voc\u00ea comprou o bilhete de loteria. Ou voc\u00ea olha mais acima nesta p\u00e1gina, ou se voc\u00ea j\u00e1 comprou um bilhete de loteria de n\u00f3s na Fran\u00e7a, h\u00e1 uma maneira mais f\u00e1cil. D\u00ea uma olhada em seus bilhetes atuais em sua conta de cliente conosco. Voc\u00ea poder\u00e1 ent\u00e3o ver imediatamente quais dos seus n\u00fameros escolhidos foram ganhos &#8211; eles ser\u00e3o destacados. Assim voc\u00ea pode verificar imediatamente se e quanto voc\u00ea ganhou.<\/p><p>N\u00f3s tamb\u00e9m o informaremos por e-mail sobre cada vit\u00f3ria, para que voc\u00ea n\u00e3o tenha que se preocupar em perder nada!<\/p><h2 class=\"wp-block-heading\">Compreender as classes vencedoras<\/h2><p>Quando voc\u00ea encontrar os resultados vencedores, voc\u00ea quer dar uma olhada em coisas como as classes vencedoras e saber quais n\u00fameros voc\u00ea realmente inseriu corretamente. Afinal, a loteria francesa funciona de forma semelhante a uma s\u00e9rie de outros jogos de loteria ao redor do mundo. Para ganhar o jackpot, voc\u00ea deve ter todos os n\u00fameros certos ao mesmo tempo, neste caso cinco bolas mais o b\u00f4nus. Isso ser\u00e1 dif\u00edcil, mas definitivamente n\u00e3o ser\u00e1 imposs\u00edvel (as pessoas ganham a loteria o tempo todo, ent\u00e3o porque n\u00e3o voc\u00ea?). Ent\u00e3o, se voc\u00ea digitar cada um desses n\u00fameros corretamente e escolher o n\u00famero de b\u00f4nus corretamente, voc\u00ea ganha o jackpot que continua aumentando. <\/p><p>Se voc\u00ea tiver apenas alguns n\u00fameros certos, voc\u00ea j\u00e1 ganhar\u00e1 um pr\u00eamio. Voc\u00ea n\u00e3o ganhar\u00e1 muito se tiver apenas o n\u00famero de b\u00f3nus, ou mesmo se tiver um ou dois dos n\u00fameros principais. Mas se voc\u00ea acertar quatro deles, voc\u00ea j\u00e1 receber\u00e1 um pr\u00eamio muito bom e se voc\u00ea conseguir pelo menos quatro com a bola b\u00f4nus, voc\u00ea vai se sair muito bem. <\/p><h2 class=\"wp-block-heading\">Jogando seus jogos favoritos<\/h2><p>Se voc\u00ea quiser encontrar os resultados da loteria francesa, o mais importante \u00e9 procurar nos lugares certos. Os resultados s\u00e3o sorteados todas as segundas, quartas e s\u00e1bados, o que significa que voc\u00ea ter\u00e1 muitas chances de ganhar, e o jackpot continua crescendo a cada dia, ent\u00e3o se voc\u00ea n\u00e3o ganhar hoje, voc\u00ea pode ser um grande vencedor em apenas alguns dias!<\/p>","protected":false},"excerpt":{"rendered":"<p>Voc\u00ea j\u00e1 come\u00e7ou a jogar na loteria online e agora quer ter certeza de que voc\u00ea pode obter os n\u00fameros vencedores o mais facilmente poss\u00edvel? Vamos dar uma olhada nos resultados da loteria francesa e ver o que eles podem significar para voc\u00ea. Porque se voc\u00ea est\u00e1 apostando nesta loteria (o que voc\u00ea pode fazer [&hellip;]<\/p>\n","protected":false},"author":1,"featured_media":0,"parent":1011,"menu_order":32,"comment_status":"closed","ping_status":"closed","template":"lotto-fr-results.php","meta":{"_et_pb_use_builder":"","_et_pb_old_content":"","_et_gb_content_width":"","exclude_from_search":false,"footnotes":""},"class_list":["post-2783","page","type-page","status-publish","hentry"],"yoast_head":"<!-- This site is optimized with the Yoast SEO plugin v27.4 - https:\/\/yoast.com\/product\/yoast-seo-wordpress\/ -->\n<title>Encontre os n\u00fameros ganhadores e os resultados da Loteria Francesa<\/title>\n<meta name=\"description\" content=\"Aqui est\u00e3o os resultados e os n\u00fameros ganhadores da Loteria Francesa - simples e sem complica\u00e7\u00f5es\" \/>\n<meta name=\"robots\" content=\"index, follow, max-snippet:-1, max-image-preview:large, max-video-preview:-1\" \/>\n<link rel=\"canonical\" href=\"https:\/\/redfoxlotto.com\/pt-pt\/resultados\/lotto-fr\/\" \/>\n<meta property=\"og:locale\" content=\"pt_PT\" \/>\n<meta property=\"og:type\" content=\"article\" \/>\n<meta property=\"og:title\" content=\"Encontre os n\u00fameros ganhadores e os resultados da Loteria Francesa\" \/>\n<meta property=\"og:description\" content=\"Aqui est\u00e3o os resultados e os n\u00fameros ganhadores da Loteria Francesa - simples e sem complica\u00e7\u00f5es\" \/>\n<meta property=\"og:url\" content=\"https:\/\/redfoxlotto.com\/pt-pt\/resultados\/lotto-fr\/\" \/>\n<meta property=\"og:site_name\" content=\"Get Tickets for the World\u2019s largest jackpots\" \/>\n<meta name=\"twitter:card\" content=\"summary_large_image\" \/>\n<meta name=\"twitter:label1\" content=\"Tempo estimado de leitura\" \/>\n\t<meta name=\"twitter:data1\" content=\"3 minutos\" \/>\n<script type=\"application\/ld+json\" class=\"yoast-schema-graph\">{\"@context\":\"https:\\\/\\\/schema.org\",\"@graph\":[{\"@type\":\"WebPage\",\"@id\":\"https:\\\/\\\/redfoxlotto.com\\\/pt-pt\\\/resultados\\\/lotto-fr\\\/\",\"url\":\"https:\\\/\\\/redfoxlotto.com\\\/pt-pt\\\/resultados\\\/lotto-fr\\\/\",\"name\":\"Encontre os n\u00fameros ganhadores e os resultados da Loteria Francesa\",\"isPartOf\":{\"@id\":\"https:\\\/\\\/redfoxlotto.com\\\/pt-pt\\\/#website\"},\"datePublished\":\"2020-04-16T13:14:59+00:00\",\"description\":\"Aqui est\u00e3o os resultados e os n\u00fameros ganhadores da Loteria Francesa - simples e sem complica\u00e7\u00f5es\",\"breadcrumb\":{\"@id\":\"https:\\\/\\\/redfoxlotto.com\\\/pt-pt\\\/resultados\\\/lotto-fr\\\/#breadcrumb\"},\"inLanguage\":\"pt-PT\",\"potentialAction\":[{\"@type\":\"ReadAction\",\"target\":[\"https:\\\/\\\/redfoxlotto.com\\\/pt-pt\\\/resultados\\\/lotto-fr\\\/\"]}]},{\"@type\":\"BreadcrumbList\",\"@id\":\"https:\\\/\\\/redfoxlotto.com\\\/pt-pt\\\/resultados\\\/lotto-fr\\\/#breadcrumb\",\"itemListElement\":[{\"@type\":\"ListItem\",\"position\":1,\"name\":\"Home\",\"item\":\"https:\\\/\\\/redfoxlotto.com\\\/pt-pt\\\/\"},{\"@type\":\"ListItem\",\"position\":2,\"name\":\"Resultados de lotarias internacionais\",\"item\":\"https:\\\/\\\/redfoxlotto.com\\\/pt-pt\\\/resultados\\\/\"},{\"@type\":\"ListItem\",\"position\":3,\"name\":\"Resultados da loteria francesa\"}]},{\"@type\":\"WebSite\",\"@id\":\"https:\\\/\\\/redfoxlotto.com\\\/pt-pt\\\/#website\",\"url\":\"https:\\\/\\\/redfoxlotto.com\\\/pt-pt\\\/\",\"name\":\"Get Tickets for the World\u2019s largest jackpots\",\"description\":\"Participate in worldwide lottery jackpots from any country\",\"publisher\":{\"@id\":\"https:\\\/\\\/redfoxlotto.com\\\/pt-pt\\\/#organization\"},\"potentialAction\":[{\"@type\":\"SearchAction\",\"target\":{\"@type\":\"EntryPoint\",\"urlTemplate\":\"https:\\\/\\\/redfoxlotto.com\\\/pt-pt\\\/?s={search_term_string}\"},\"query-input\":{\"@type\":\"PropertyValueSpecification\",\"valueRequired\":true,\"valueName\":\"search_term_string\"}}],\"inLanguage\":\"pt-PT\"},{\"@type\":\"Organization\",\"@id\":\"https:\\\/\\\/redfoxlotto.com\\\/pt-pt\\\/#organization\",\"name\":\"Get Tickets for the World\u2019s largest jackpots\",\"url\":\"https:\\\/\\\/redfoxlotto.com\\\/pt-pt\\\/\",\"logo\":{\"@type\":\"ImageObject\",\"inLanguage\":\"pt-PT\",\"@id\":\"https:\\\/\\\/redfoxlotto.com\\\/pt-pt\\\/#\\\/schema\\\/logo\\\/image\\\/\",\"url\":\"https:\\\/\\\/redfoxlotto.com\\\/wp-content\\\/uploads\\\/2023\\\/04\\\/logo.png\",\"contentUrl\":\"https:\\\/\\\/redfoxlotto.com\\\/wp-content\\\/uploads\\\/2023\\\/04\\\/logo.png\",\"width\":269,\"height\":53,\"caption\":\"Get Tickets for the World\u2019s largest jackpots\"},\"image\":{\"@id\":\"https:\\\/\\\/redfoxlotto.com\\\/pt-pt\\\/#\\\/schema\\\/logo\\\/image\\\/\"}}]}<\/script>\n<!-- \/ Yoast SEO plugin. -->","yoast_head_json":{"title":"Encontre os n\u00fameros ganhadores e os resultados da Loteria Francesa","description":"Aqui est\u00e3o os resultados e os n\u00fameros ganhadores da Loteria Francesa - simples e sem complica\u00e7\u00f5es","robots":{"index":"index","follow":"follow","max-snippet":"max-snippet:-1","max-image-preview":"max-image-preview:large","max-video-preview":"max-video-preview:-1"},"canonical":"https:\/\/redfoxlotto.com\/pt-pt\/resultados\/lotto-fr\/","og_locale":"pt_PT","og_type":"article","og_title":"Encontre os n\u00fameros ganhadores e os resultados da Loteria Francesa","og_description":"Aqui est\u00e3o os resultados e os n\u00fameros ganhadores da Loteria Francesa - simples e sem complica\u00e7\u00f5es","og_url":"https:\/\/redfoxlotto.com\/pt-pt\/resultados\/lotto-fr\/","og_site_name":"Get Tickets for the World\u2019s largest jackpots","twitter_card":"summary_large_image","twitter_misc":{"Tempo estimado de leitura":"3 minutos"},"schema":{"@context":"https:\/\/schema.org","@graph":[{"@type":"WebPage","@id":"https:\/\/redfoxlotto.com\/pt-pt\/resultados\/lotto-fr\/","url":"https:\/\/redfoxlotto.com\/pt-pt\/resultados\/lotto-fr\/","name":"Encontre os n\u00fameros ganhadores e os resultados da Loteria Francesa","isPartOf":{"@id":"https:\/\/redfoxlotto.com\/pt-pt\/#website"},"datePublished":"2020-04-16T13:14:59+00:00","description":"Aqui est\u00e3o os resultados e os n\u00fameros ganhadores da Loteria Francesa - simples e sem complica\u00e7\u00f5es","breadcrumb":{"@id":"https:\/\/redfoxlotto.com\/pt-pt\/resultados\/lotto-fr\/#breadcrumb"},"inLanguage":"pt-PT","potentialAction":[{"@type":"ReadAction","target":["https:\/\/redfoxlotto.com\/pt-pt\/resultados\/lotto-fr\/"]}]},{"@type":"BreadcrumbList","@id":"https:\/\/redfoxlotto.com\/pt-pt\/resultados\/lotto-fr\/#breadcrumb","itemListElement":[{"@type":"ListItem","position":1,"name":"Home","item":"https:\/\/redfoxlotto.com\/pt-pt\/"},{"@type":"ListItem","position":2,"name":"Resultados de lotarias internacionais","item":"https:\/\/redfoxlotto.com\/pt-pt\/resultados\/"},{"@type":"ListItem","position":3,"name":"Resultados da loteria francesa"}]},{"@type":"WebSite","@id":"https:\/\/redfoxlotto.com\/pt-pt\/#website","url":"https:\/\/redfoxlotto.com\/pt-pt\/","name":"Get Tickets for the World\u2019s largest jackpots","description":"Participate in worldwide lottery jackpots from any country","publisher":{"@id":"https:\/\/redfoxlotto.com\/pt-pt\/#organization"},"potentialAction":[{"@type":"SearchAction","target":{"@type":"EntryPoint","urlTemplate":"https:\/\/redfoxlotto.com\/pt-pt\/?s={search_term_string}"},"query-input":{"@type":"PropertyValueSpecification","valueRequired":true,"valueName":"search_term_string"}}],"inLanguage":"pt-PT"},{"@type":"Organization","@id":"https:\/\/redfoxlotto.com\/pt-pt\/#organization","name":"Get Tickets for the World\u2019s largest jackpots","url":"https:\/\/redfoxlotto.com\/pt-pt\/","logo":{"@type":"ImageObject","inLanguage":"pt-PT","@id":"https:\/\/redfoxlotto.com\/pt-pt\/#\/schema\/logo\/image\/","url":"https:\/\/redfoxlotto.com\/wp-content\/uploads\/2023\/04\/logo.png","contentUrl":"https:\/\/redfoxlotto.com\/wp-content\/uploads\/2023\/04\/logo.png","width":269,"height":53,"caption":"Get Tickets for the World\u2019s largest jackpots"},"image":{"@id":"https:\/\/redfoxlotto.com\/pt-pt\/#\/schema\/logo\/image\/"}}]}},"_links":{"self":[{"href":"https:\/\/redfoxlotto.com\/pt-pt\/wp-json\/wp\/v2\/pages\/2783","targetHints":{"allow":["GET"]}}],"collection":[{"href":"https:\/\/redfoxlotto.com\/pt-pt\/wp-json\/wp\/v2\/pages"}],"about":[{"href":"https:\/\/redfoxlotto.com\/pt-pt\/wp-json\/wp\/v2\/types\/page"}],"author":[{"embeddable":true,"href":"https:\/\/redfoxlotto.com\/pt-pt\/wp-json\/wp\/v2\/users\/1"}],"replies":[{"embeddable":true,"href":"https:\/\/redfoxlotto.com\/pt-pt\/wp-json\/wp\/v2\/comments?post=2783"}],"version-history":[{"count":0,"href":"https:\/\/redfoxlotto.com\/pt-pt\/wp-json\/wp\/v2\/pages\/2783\/revisions"}],"up":[{"embeddable":true,"href":"https:\/\/redfoxlotto.com\/pt-pt\/wp-json\/wp\/v2\/pages\/1011"}],"wp:attachment":[{"href":"https:\/\/redfoxlotto.com\/pt-pt\/wp-json\/wp\/v2\/media?parent=2783"}],"curies":[{"name":"wp","href":"https:\/\/api.w.org\/{rel}","templated":true}]}}