{"id":2781,"date":"2019-08-09T14:33:52","date_gmt":"2019-08-09T14:33:52","guid":{"rendered":"https:\/\/redfoxlotto.com\/?page_id=2781"},"modified":"2019-08-11T08:39:09","modified_gmt":"2019-08-11T07:39:09","slug":"lotto-fr","status":"publish","type":"page","link":"https:\/\/redfoxlotto.com\/pt-pt\/lotarias\/lotto-fr\/","title":{"rendered":"Sobre a Loteria Francesa"},"content":{"rendered":"<p>Voc\u00ea est\u00e1 procurando por um novo jogo, mas voc\u00ea n\u00e3o tem certeza de qual deles deve ser? Bem, se voc\u00ea ainda n\u00e3o decidiu, d\u00ea uma olhada em como comprar bilhetes da Loteria Francesa on-line. Esta ser\u00e1 uma de suas melhores op\u00e7\u00f5es uma vez que voc\u00ea sabe como funciona, porque ser\u00e1 f\u00e1cil e emocionante para quem gosta de loterias. Afinal, trata-se de digitar os n\u00fameros certos e possivelmente ganhar o grande jackpot, certo? <\/p><!--more--><h2 class=\"wp-block-heading\">Onde come\u00e7ou<\/h2><p>Voc\u00ea pode se surpreender ao saber que a loteria na Fran\u00e7a data de 1505. O Rei Francisco eu comecei com os seus cidad\u00e3os, mas o jogo mudou com o tempo. No entanto, o processo geral ser\u00e1 muito semelhante a qualquer outro jogo de lotaria que tenha jogado. E voc\u00ea ter\u00e1 a oportunidade de jogar alguns pr\u00eamios muito bons, o que definitivamente ser\u00e1 um aspecto importante, n\u00e3o \u00e9? <\/p><h2 class=\"wp-block-heading\">Como funciona<\/h2><p>A loteria francesa tem tr\u00eas sorteios por semana, ent\u00e3o voc\u00ea ter\u00e1 muitas oportunidades para jogar. Todas as segundas, quartas e s\u00e1bados fazem um novo sorteio. Isto \u00e9 ainda mais importante quando voc\u00ea considera que o jackpot aqui ser\u00e1 um dos maiores. Embora um jackpot de lotaria t\u00edpico seja bastante pequeno, ele cresce muito rapidamente em sorteios semanais ou bissemanais &#8211; a menos que seja ganho rapidamente.<\/p><p>Al\u00e9m da frequ\u00eancia de sorteios, o jogo \u00e9 muito simples. A maneira como voc\u00ea vai ganhar o jackpot \u00e9 se voc\u00ea tem todos os cinco n\u00fameros corretos e tamb\u00e9m digitou o n\u00famero de b\u00f4nus certo. Portanto, h\u00e1 seis n\u00fameros diferentes que s\u00e3o chamados, e voc\u00ea poderia ganhar o grande jackpot, que come\u00e7a em \u20ac 2.000.000.000.000, mas geralmente \u00e9 muito maior. Vai ser definitivamente uma grande quantidade de dinheiro. Com 2 milh\u00f5es, o jackpot come\u00e7a e a partir da\u00ed continua a subir. Isso significa que h\u00e1 sempre uma boa chance de voc\u00ea ganhar mais do que isso. <\/p><h2 class=\"wp-block-heading\">Sele\u00e7\u00e3o de n\u00fameros<\/h2><p>Existem v\u00e1rias formas diferentes de escolher os n\u00fameros que deseja jogar. De facto, tudo depender\u00e1 de ti, da mesma forma, como se fosses jogar na loja da esquina. Voc\u00ea pode preencher um dos n\u00fameros desejados online voc\u00ea mesmo ou voc\u00ea pode decidir deixar o computador escolher aleatoriamente os n\u00fameros para voc\u00ea. Se voc\u00ea digitar seus pr\u00f3prios n\u00fameros, voc\u00ea tem a garantia de ter os n\u00fameros que voc\u00ea queria. Por outro lado, &#8220;Quick Pick&#8221; significa que a m\u00e1quina gera automaticamente n\u00fameros para voc\u00ea. <\/p><h2 class=\"wp-block-heading\">Como ganhar<\/h2><p>Quando se trata de realmente ganhar algo, voc\u00ea precisa dar uma olhada mais de perto nestes n\u00fameros. Desde que tenhas o n\u00famero de b\u00f3nus, vais ganhar alguma coisa. Se voc\u00ea digitou dois dos n\u00fameros regulares, mas n\u00e3o o n\u00famero de b\u00f4nus corretamente, voc\u00ea tamb\u00e9m vai ganhar alguma coisa. E para cada n\u00famero correto adicional, voc\u00ea ganhar\u00e1 mais e mais. Os ganhos mais altos s\u00e3o obtidos com quatro n\u00fameros mais b\u00f3nus ou com todos os cinco n\u00fameros mais b\u00f3nus. Ter apenas cinco n\u00fameros sem b\u00f4nus tamb\u00e9m \u00e9 uma grande vit\u00f3ria.<\/p><h2 class=\"wp-block-heading\">Como comprar bilhetes da loteria francesa on-line<\/h2><p>Se voc\u00ea est\u00e1 pronto para comprar o primeiro lote, ent\u00e3o voc\u00ea pode fazer isso agora aqui conosco. Voc\u00ea n\u00e3o poder\u00e1 ir \u00e0 sua loja de loteria local como se estivesse acostumado. Em vez disso, voc\u00ea tem que ir online &#8211; o que n\u00e3o deve ser um problema para voc\u00ea, porque voc\u00ea j\u00e1 est\u00e1 aqui. N\u00f3s lhe daremos todos os benef\u00edcios que voc\u00ea teria se estivesse na Fran\u00e7a e pudesse comprar os ingressos localmente.<\/p><p>Voc\u00ea est\u00e1 procurando por um novo jogo, mas voc\u00ea n\u00e3o tem certeza de qual deles deve ser? Bem, se voc\u00ea ainda n\u00e3o decidiu, d\u00ea uma olhada em como comprar bilhetes da Loteria Francesa on-line. Esta ser\u00e1 uma de suas melhores op\u00e7\u00f5es uma vez que voc\u00ea sabe como funciona, porque ser\u00e1 f\u00e1cil e emocionante para quem gosta de loterias. Afinal, trata-se de digitar os n\u00fameros certos e possivelmente ganhar o grande jackpot, certo? <\/p><p>A prop\u00f3sito, n\u00f3s tamb\u00e9m o informamos por e-mail sobre cada vit\u00f3ria, para que voc\u00ea n\u00e3o tenha que se preocupar em perder nada!<\/p><h2 class=\"wp-block-heading\">Compreender as classes de pr\u00e9mios<\/h2><p>Quando voc\u00ea encontrar os resultados vencedores, voc\u00ea quer dar uma olhada em coisas como as classes vencedoras e saber quais n\u00fameros voc\u00ea realmente inseriu corretamente. Afinal, a loteria francesa funciona de forma semelhante a uma s\u00e9rie de outros jogos de loteria ao redor do mundo. Para ganhar o jackpot, voc\u00ea deve ter todos os n\u00fameros certos ao mesmo tempo, neste caso cinco bolas mais o b\u00f4nus. Isso ser\u00e1 dif\u00edcil, mas definitivamente n\u00e3o ser\u00e1 imposs\u00edvel (as pessoas ganham a loteria o tempo todo, ent\u00e3o porque n\u00e3o voc\u00ea?). Ent\u00e3o, se voc\u00ea digitar cada um desses n\u00fameros corretamente e escolher o n\u00famero de b\u00f4nus corretamente, voc\u00ea ganha o jackpot que continua aumentando. <\/p><p>Se voc\u00ea tiver apenas alguns n\u00fameros certos, voc\u00ea j\u00e1 ganhar\u00e1 um pr\u00eamio. Voc\u00ea n\u00e3o ganhar\u00e1 muito se tiver apenas o n\u00famero de b\u00f3nus, ou mesmo se tiver um ou dois dos n\u00fameros principais. Mas se voc\u00ea acertar quatro deles, voc\u00ea j\u00e1 receber\u00e1 um pr\u00eamio muito bom e se voc\u00ea conseguir pelo menos quatro com a bola b\u00f4nus, voc\u00ea vai se sair muito bem. <\/p><h2 class=\"wp-block-heading\">Jogando seus jogos favoritos<\/h2><p>Se voc\u00ea quiser encontrar os resultados da loteria francesa, o mais importante \u00e9 procurar nos lugares certos. Os resultados s\u00e3o sorteados todas as segundas, quartas e s\u00e1bados, o que significa que voc\u00ea ter\u00e1 muitas chances de ganhar, e o jackpot continua crescendo a cada dia, ent\u00e3o se voc\u00ea n\u00e3o ganhar hoje, voc\u00ea pode ser um grande vencedor em apenas alguns dias!<\/p>","protected":false},"excerpt":{"rendered":"<p>Voc\u00ea est\u00e1 procurando por um novo jogo, mas voc\u00ea n\u00e3o tem certeza de qual deles deve ser? Bem, se voc\u00ea ainda n\u00e3o decidiu, d\u00ea uma olhada em como comprar bilhetes da Loteria Francesa on-line. Esta ser\u00e1 uma de suas melhores op\u00e7\u00f5es uma vez que voc\u00ea sabe como funciona, porque ser\u00e1 f\u00e1cil e emocionante para quem [&hellip;]<\/p>\n","protected":false},"author":1,"featured_media":0,"parent":1003,"menu_order":31,"comment_status":"closed","ping_status":"closed","template":"lotto-fr-info.php","meta":{"_et_pb_use_builder":"","_et_pb_old_content":"","_et_gb_content_width":"","exclude_from_search":false,"footnotes":""},"class_list":["post-2781","page","type-page","status-publish","hentry"],"yoast_head":"<!-- This site is optimized with the Yoast SEO plugin v23.8 - https:\/\/yoast.com\/wordpress\/plugins\/seo\/ -->\n<title>Como comprar bilhetes da Loteria Francesa on-line<\/title>\n<meta name=\"description\" content=\"Compre os seus bilhetes de lotaria a partir de Fran\u00e7a aqui na RedFoxLotto.com\" \/>\n<meta name=\"robots\" content=\"index, follow, max-snippet:-1, max-image-preview:large, max-video-preview:-1\" \/>\n<link rel=\"canonical\" href=\"https:\/\/redfoxlotto.com\/pt-pt\/lotarias\/lotto-fr\/\" \/>\n<meta property=\"og:locale\" content=\"pt_PT\" \/>\n<meta property=\"og:type\" content=\"article\" \/>\n<meta property=\"og:title\" content=\"Como comprar bilhetes da Loteria Francesa on-line\" \/>\n<meta property=\"og:description\" content=\"Compre os seus bilhetes de lotaria a partir de Fran\u00e7a aqui na RedFoxLotto.com\" \/>\n<meta property=\"og:url\" content=\"https:\/\/redfoxlotto.com\/pt-pt\/lotarias\/lotto-fr\/\" \/>\n<meta property=\"og:site_name\" content=\"Get Tickets for the World\u2019s largest jackpots\" \/>\n<meta property=\"article:modified_time\" content=\"2019-08-11T07:39:09+00:00\" \/>\n<meta name=\"twitter:card\" content=\"summary_large_image\" \/>\n<meta name=\"twitter:label1\" content=\"Tempo estimado de leitura\" \/>\n\t<meta name=\"twitter:data1\" content=\"5 minutos\" \/>\n<script type=\"application\/ld+json\" class=\"yoast-schema-graph\">{\"@context\":\"https:\/\/schema.org\",\"@graph\":[{\"@type\":\"WebPage\",\"@id\":\"https:\/\/redfoxlotto.com\/pt-pt\/lotarias\/lotto-fr\/\",\"url\":\"https:\/\/redfoxlotto.com\/pt-pt\/lotarias\/lotto-fr\/\",\"name\":\"Como comprar bilhetes da Loteria Francesa on-line\",\"isPartOf\":{\"@id\":\"https:\/\/redfoxlotto.com\/pt-pt\/#website\"},\"datePublished\":\"2019-08-09T14:33:52+00:00\",\"dateModified\":\"2019-08-11T07:39:09+00:00\",\"description\":\"Compre os seus bilhetes de lotaria a partir de Fran\u00e7a aqui na RedFoxLotto.com\",\"breadcrumb\":{\"@id\":\"https:\/\/redfoxlotto.com\/pt-pt\/lotarias\/lotto-fr\/#breadcrumb\"},\"inLanguage\":\"pt-PT\",\"potentialAction\":[{\"@type\":\"ReadAction\",\"target\":[\"https:\/\/redfoxlotto.com\/pt-pt\/lotarias\/lotto-fr\/\"]}]},{\"@type\":\"BreadcrumbList\",\"@id\":\"https:\/\/redfoxlotto.com\/pt-pt\/lotarias\/lotto-fr\/#breadcrumb\",\"itemListElement\":[{\"@type\":\"ListItem\",\"position\":1,\"name\":\"Home\",\"item\":\"https:\/\/redfoxlotto.com\/pt-pt\/\"},{\"@type\":\"ListItem\",\"position\":2,\"name\":\"O processo de compra dos seus bilhetes\",\"item\":\"https:\/\/redfoxlotto.com\/pt-pt\/lotarias\/\"},{\"@type\":\"ListItem\",\"position\":3,\"name\":\"Sobre a Loteria Francesa\"}]},{\"@type\":\"WebSite\",\"@id\":\"https:\/\/redfoxlotto.com\/pt-pt\/#website\",\"url\":\"https:\/\/redfoxlotto.com\/pt-pt\/\",\"name\":\"Get Tickets for the World\u2019s largest jackpots\",\"description\":\"Participate in worldwide lottery jackpots from any country\",\"publisher\":{\"@id\":\"https:\/\/redfoxlotto.com\/pt-pt\/#organization\"},\"potentialAction\":[{\"@type\":\"SearchAction\",\"target\":{\"@type\":\"EntryPoint\",\"urlTemplate\":\"https:\/\/redfoxlotto.com\/pt-pt\/?s={search_term_string}\"},\"query-input\":{\"@type\":\"PropertyValueSpecification\",\"valueRequired\":true,\"valueName\":\"search_term_string\"}}],\"inLanguage\":\"pt-PT\"},{\"@type\":\"Organization\",\"@id\":\"https:\/\/redfoxlotto.com\/pt-pt\/#organization\",\"name\":\"Get Tickets for the World\u2019s largest jackpots\",\"url\":\"https:\/\/redfoxlotto.com\/pt-pt\/\",\"logo\":{\"@type\":\"ImageObject\",\"inLanguage\":\"pt-PT\",\"@id\":\"https:\/\/redfoxlotto.com\/pt-pt\/#\/schema\/logo\/image\/\",\"url\":\"https:\/\/redfoxlotto.com\/wp-content\/uploads\/2023\/04\/logo.png\",\"contentUrl\":\"https:\/\/redfoxlotto.com\/wp-content\/uploads\/2023\/04\/logo.png\",\"width\":269,\"height\":53,\"caption\":\"Get Tickets for the World\u2019s largest jackpots\"},\"image\":{\"@id\":\"https:\/\/redfoxlotto.com\/pt-pt\/#\/schema\/logo\/image\/\"}}]}<\/script>\n<!-- \/ Yoast SEO plugin. -->","yoast_head_json":{"title":"Como comprar bilhetes da Loteria Francesa on-line","description":"Compre os seus bilhetes de lotaria a partir de Fran\u00e7a aqui na RedFoxLotto.com","robots":{"index":"index","follow":"follow","max-snippet":"max-snippet:-1","max-image-preview":"max-image-preview:large","max-video-preview":"max-video-preview:-1"},"canonical":"https:\/\/redfoxlotto.com\/pt-pt\/lotarias\/lotto-fr\/","og_locale":"pt_PT","og_type":"article","og_title":"Como comprar bilhetes da Loteria Francesa on-line","og_description":"Compre os seus bilhetes de lotaria a partir de Fran\u00e7a aqui na RedFoxLotto.com","og_url":"https:\/\/redfoxlotto.com\/pt-pt\/lotarias\/lotto-fr\/","og_site_name":"Get Tickets for the World\u2019s largest jackpots","article_modified_time":"2019-08-11T07:39:09+00:00","twitter_card":"summary_large_image","twitter_misc":{"Tempo estimado de leitura":"5 minutos"},"schema":{"@context":"https:\/\/schema.org","@graph":[{"@type":"WebPage","@id":"https:\/\/redfoxlotto.com\/pt-pt\/lotarias\/lotto-fr\/","url":"https:\/\/redfoxlotto.com\/pt-pt\/lotarias\/lotto-fr\/","name":"Como comprar bilhetes da Loteria Francesa on-line","isPartOf":{"@id":"https:\/\/redfoxlotto.com\/pt-pt\/#website"},"datePublished":"2019-08-09T14:33:52+00:00","dateModified":"2019-08-11T07:39:09+00:00","description":"Compre os seus bilhetes de lotaria a partir de Fran\u00e7a aqui na RedFoxLotto.com","breadcrumb":{"@id":"https:\/\/redfoxlotto.com\/pt-pt\/lotarias\/lotto-fr\/#breadcrumb"},"inLanguage":"pt-PT","potentialAction":[{"@type":"ReadAction","target":["https:\/\/redfoxlotto.com\/pt-pt\/lotarias\/lotto-fr\/"]}]},{"@type":"BreadcrumbList","@id":"https:\/\/redfoxlotto.com\/pt-pt\/lotarias\/lotto-fr\/#breadcrumb","itemListElement":[{"@type":"ListItem","position":1,"name":"Home","item":"https:\/\/redfoxlotto.com\/pt-pt\/"},{"@type":"ListItem","position":2,"name":"O processo de compra dos seus bilhetes","item":"https:\/\/redfoxlotto.com\/pt-pt\/lotarias\/"},{"@type":"ListItem","position":3,"name":"Sobre a Loteria Francesa"}]},{"@type":"WebSite","@id":"https:\/\/redfoxlotto.com\/pt-pt\/#website","url":"https:\/\/redfoxlotto.com\/pt-pt\/","name":"Get Tickets for the World\u2019s largest jackpots","description":"Participate in worldwide lottery jackpots from any country","publisher":{"@id":"https:\/\/redfoxlotto.com\/pt-pt\/#organization"},"potentialAction":[{"@type":"SearchAction","target":{"@type":"EntryPoint","urlTemplate":"https:\/\/redfoxlotto.com\/pt-pt\/?s={search_term_string}"},"query-input":{"@type":"PropertyValueSpecification","valueRequired":true,"valueName":"search_term_string"}}],"inLanguage":"pt-PT"},{"@type":"Organization","@id":"https:\/\/redfoxlotto.com\/pt-pt\/#organization","name":"Get Tickets for the World\u2019s largest jackpots","url":"https:\/\/redfoxlotto.com\/pt-pt\/","logo":{"@type":"ImageObject","inLanguage":"pt-PT","@id":"https:\/\/redfoxlotto.com\/pt-pt\/#\/schema\/logo\/image\/","url":"https:\/\/redfoxlotto.com\/wp-content\/uploads\/2023\/04\/logo.png","contentUrl":"https:\/\/redfoxlotto.com\/wp-content\/uploads\/2023\/04\/logo.png","width":269,"height":53,"caption":"Get Tickets for the World\u2019s largest jackpots"},"image":{"@id":"https:\/\/redfoxlotto.com\/pt-pt\/#\/schema\/logo\/image\/"}}]}},"_links":{"self":[{"href":"https:\/\/redfoxlotto.com\/pt-pt\/wp-json\/wp\/v2\/pages\/2781","targetHints":{"allow":["GET"]}}],"collection":[{"href":"https:\/\/redfoxlotto.com\/pt-pt\/wp-json\/wp\/v2\/pages"}],"about":[{"href":"https:\/\/redfoxlotto.com\/pt-pt\/wp-json\/wp\/v2\/types\/page"}],"author":[{"embeddable":true,"href":"https:\/\/redfoxlotto.com\/pt-pt\/wp-json\/wp\/v2\/users\/1"}],"replies":[{"embeddable":true,"href":"https:\/\/redfoxlotto.com\/pt-pt\/wp-json\/wp\/v2\/comments?post=2781"}],"version-history":[{"count":0,"href":"https:\/\/redfoxlotto.com\/pt-pt\/wp-json\/wp\/v2\/pages\/2781\/revisions"}],"up":[{"embeddable":true,"href":"https:\/\/redfoxlotto.com\/pt-pt\/wp-json\/wp\/v2\/pages\/1003"}],"wp:attachment":[{"href":"https:\/\/redfoxlotto.com\/pt-pt\/wp-json\/wp\/v2\/media?parent=2781"}],"curies":[{"name":"wp","href":"https:\/\/api.w.org\/{rel}","templated":true}]}}