{"id":2779,"date":"2019-08-09T14:24:22","date_gmt":"2019-08-09T14:24:22","guid":{"rendered":"https:\/\/redfoxlotto.com\/?page_id=2779"},"modified":"2025-12-10T23:42:05","modified_gmt":"2025-12-10T23:42:05","slug":"lotto-fr","status":"publish","type":"page","link":"https:\/\/redfoxlotto.com\/pt-pt\/jogar\/lotto-fr\/","title":{"rendered":"Jogue na Loto Francesa"},"content":{"rendered":"<script type=\"application\/ld+json\">\r\n{\r\n\"@context\": \"https:\/\/schema.org\",\r\n\"@type\": \"Service\",\r\n\"name\": \"French Lotto online\",\r\n\"url\": \"https:\/\/redfoxlotto.com\/pt-pt\/jogar\/lotto-fr\/\",\r\n\"description\": \"Compre bilhetes oficiais da Lotaria Francesa online atrav\u00e9s do RedFoxLotto. Escolha os seus n\u00fameros e participe no pr\u00f3ximo sorteio.\",\r\n\"serviceType\": \"Online lottery ticket purchase\",\r\n\r\n\"provider\": {\r\n\"@type\": \"Organization\",\r\n\"name\": \"RedFoxLotto\",\r\n\"url\": \"https:\/\/redfoxlotto.com\",\r\n\"logo\": \"https:\/\/redfoxlotto.com\/wp-content\/uploads\/logo.png\"\r\n},\r\n\r\n\"areaServed\": \"Worldwide\",\r\n\"termsOfService\": \"https:\/\/redfoxlotto.com\/terms-and-conditions\",\r\n\r\n\"hasOfferCatalog\": {\r\n\"@type\": \"OfferCatalog\",\r\n\"name\": \"French Lotto Offers\",\r\n\"itemListElement\": [\r\n{\r\n\"@type\": \"Offer\",\r\n\"name\": \"Lotto French Lotto Ticket\",\r\n\"url\": \"https:\/\/redfoxlotto.com\/pt-pt\/jogar\/lotto-fr\/\",\r\n\"description\": \"Uma participa\u00e7\u00e3o no pr\u00f3ximo sorteio da Lotaria Francesa.\",\r\n\"price\": \"6.00\",\r\n\"priceCurrency\": \"EUR\",\r\n\"availability\": \"https:\/\/schema.org\/InStock\",\r\n\r\n\"itemOffered\": {\r\n\"@type\": \"Service\",\r\n\"name\": \"French Lotto Lottery Entry\",\r\n\"description\": \"Participa\u00e7\u00e3o no pr\u00f3ximo sorteio da Lotaria Francesa atrav\u00e9s do RedFoxLotto.\"\r\n}\r\n}\r\n]\r\n},\r\n\r\n\"mainEntityOfPage\": {\r\n\"@type\": \"WebPage\",\r\n\"@id\": \"https:\/\/redfoxlotto.com\/pt-pt\/jogar\/lotto-fr\/\"\r\n}\r\n}\r\n<\/script><p>Est\u00e1s pronto para jogar noutra lotaria? Se est\u00e1s, devias ver mais de perto a lotaria francesa. Se voc\u00ea nunca jogou antes, voc\u00ea pode se surpreender com a semelhan\u00e7a com a loteria alem\u00e3. Afinal, trata-se de se divertir e ter outra oportunidade de ganhar um grande pr\u00e9mio. E com a loteria francesa voc\u00ea vai ter um monte dele, porque os pr\u00eamios aqui s\u00e3o definitivamente atraentes o suficiente.<\/p><h2 class=\"wp-block-heading\">Como apostar na Loteria Francesa online <\/h2><p>Voc\u00ea j\u00e1 jogou em outro tipo de loteria online? Ou talvez s\u00f3 tenhas ido \u00e0 tua loja local comprar bilhetes. N\u00e3o estamos a falar de bilhetes de raspadinhas onde se ganha instantaneamente. Aqui estamos falando de bilhetes de loteria, escolhendo n\u00fameros, e voc\u00ea n\u00e3o sabe se ganhou ou n\u00e3o at\u00e9 o dia do sorteio. Estes s\u00e3o os jogos que s\u00e3o ainda mais divertido e lhe dar\u00e1 ainda mais chances de realmente ganhar um grande pr\u00eamio. Porque com alguns deles, voc\u00ea poderia ganhar muitos milh\u00f5es de euros ou d\u00f3lares.<\/p><p>Na loteria francesa, tudo o que voc\u00ea precisa fazer \u00e9 comprar um bilhete online para come\u00e7ar a jogar, e comprar esse bilhete \u00e9 super f\u00e1cil. Primeiro, tens de marcar os n\u00fameros que podem fazer de ti milion\u00e1rio. Para este jogo especial, voc\u00ea tem a op\u00e7\u00e3o de escolher cinco n\u00fameros mais um n\u00famero de b\u00f3nus. A ordem em que voc\u00ea escolher seus Cinco originais n\u00e3o importa, mas certifique-se de prestar aten\u00e7\u00e3o em qual n\u00famero voc\u00ea quer usar para seu b\u00f4nus.<\/p><h2 class=\"wp-block-heading\">Como ganhar a loteria francesa on-line<\/h2><p>Uma vez selecionados os n\u00fameros, \u00e9 hora de esperar, o que muitas vezes \u00e9 o pior. Definitivamente n\u00e3o queres esperar para ver o que acontece, mas n\u00e3o h\u00e1 outra escolha. Os sorteios s\u00e3o na segunda-feira, quarta-feira e s\u00e1bado, portanto n\u00e3o \u00e9 preciso esperar muito, mas \u00e9 preciso ter um pouco de paci\u00eancia, especialmente porque assistir ao vivo n\u00e3o ser\u00e1 uma op\u00e7\u00e3o, j\u00e1 que esses sorteios n\u00e3o s\u00e3o transmitidos pela televis\u00e3o alem\u00e3. Em vez disso, tens de esperar um pouco para ver o que acontece. <br>\r\nAssim que os n\u00fameros forem sorteados, \u00e9 hora de os verificar. Voc\u00ea pode voltar diretamente para onde comprou o seu bilhete para encontrar os n\u00fameros vencedores e ver se voc\u00ea ganhou o jackpot ou pelo menos um dos pequenos pr\u00eamios que torna mais f\u00e1cil continuar a jogar. Os pr\u00e9mios mais pequenos s\u00e3o ganhos combinando o n\u00famero de b\u00f3nus, dois n\u00fameros principais, dois n\u00fameros mais o n\u00famero de b\u00f3nus ou uma combina\u00e7\u00e3o mais alta. Voc\u00ea pode ganhar uma pequena quantia que s\u00f3 cobre o custo do seu bilhete, ou voc\u00ea pode ganhar milhares ou at\u00e9 mesmo milh\u00f5es. <\/p><h2 class=\"wp-block-heading\">Sele\u00e7\u00e3o do pr\u00f3ximo lote<\/h2><p>Uma vez que voc\u00ea sabe se ganhou ou n\u00e3o, \u00e9 definitivamente hora de comprar um novo bilhete. Depois de ganhar alguma coisa, \u00e9 muito f\u00e1cil levantar o seu bilhete directamente online, ou pode investir esse dinheiro no pr\u00f3ximo bilhete. Se voc\u00ea escolher a loteria francesa ou outro jogo, \u00e9 muito f\u00e1cil escolher o pr\u00f3ximo bilhete e preparar tudo para o novo sorteio. <\/p><p>Certifique-se de que segue todas as regras e regulamentos. Certifica-te que sabes quais os n\u00fameros a escolher. E certifica-te de que sabes quando \u00e9 o pr\u00f3ximo sorteio. N\u00e3o cometa o erro de perder o pr\u00f3ximo sorteio. <\/p><h2 class=\"wp-block-heading\">Onde come\u00e7ou<\/h2><p>Voc\u00ea pode se surpreender ao saber que a loteria na Fran\u00e7a data de 1505. O Rei Francisco eu comecei com os seus cidad\u00e3os, mas o jogo mudou com o tempo. No entanto, o processo geral ser\u00e1 muito semelhante a qualquer outro jogo de lotaria que tenha jogado. E voc\u00ea ter\u00e1 a oportunidade de jogar alguns pr\u00eamios muito bons, o que definitivamente ser\u00e1 um aspecto importante, n\u00e3o \u00e9? <\/p><h2 class=\"wp-block-heading\">Como funciona<\/h2><p>A loteria francesa tem tr\u00eas sorteios por semana, ent\u00e3o voc\u00ea ter\u00e1 muitas oportunidades para jogar. Todas as segundas, quartas e s\u00e1bados fazem um novo sorteio. Isto \u00e9 ainda mais importante quando voc\u00ea considera que o jackpot aqui ser\u00e1 um dos maiores. Embora um jackpot de lotaria t\u00edpico seja bastante pequeno, ele cresce muito rapidamente em sorteios semanais ou bissemanais &#8211; a menos que seja ganho rapidamente.<\/p><p>Al\u00e9m da frequ\u00eancia de sorteios, o jogo \u00e9 muito simples. A maneira como voc\u00ea vai ganhar o jackpot \u00e9 se voc\u00ea tem todos os cinco n\u00fameros corretos e tamb\u00e9m digitou o n\u00famero de b\u00f4nus certo. Portanto, h\u00e1 seis n\u00fameros diferentes que s\u00e3o chamados, e voc\u00ea poderia ganhar o grande jackpot, que come\u00e7a em \u20ac 2.000.000.000.000, mas geralmente \u00e9 muito maior. Vai ser definitivamente uma grande quantidade de dinheiro. Com 2 milh\u00f5es, o jackpot come\u00e7a e a partir da\u00ed continua a subir. Isso significa que h\u00e1 sempre uma boa chance de voc\u00ea ganhar mais do que isso. <\/p><h2 class=\"wp-block-heading\">Sele\u00e7\u00e3o de n\u00fameros<\/h2><p>Existem v\u00e1rias formas diferentes de escolher os n\u00fameros que deseja jogar. De facto, tudo depender\u00e1 de ti, da mesma forma, como se fosses jogar na loja da esquina. Voc\u00ea pode preencher um dos n\u00fameros desejados online voc\u00ea mesmo ou voc\u00ea pode decidir deixar o computador escolher aleatoriamente os n\u00fameros para voc\u00ea. Se voc\u00ea digitar seus pr\u00f3prios n\u00fameros, voc\u00ea tem a garantia de ter os n\u00fameros que voc\u00ea queria. Por outro lado, &#8220;Quick Pick&#8221; significa que a m\u00e1quina gera automaticamente n\u00fameros para voc\u00ea. <\/p><h2 class=\"wp-block-heading\">Como ganhar<\/h2><p>Quando se trata de realmente ganhar algo, voc\u00ea precisa dar uma olhada mais de perto nestes n\u00fameros. Desde que tenhas o n\u00famero de b\u00f3nus, vais ganhar alguma coisa. Se voc\u00ea digitou dois dos n\u00fameros regulares, mas n\u00e3o o n\u00famero de b\u00f4nus corretamente, voc\u00ea tamb\u00e9m vai ganhar alguma coisa. E para cada n\u00famero correto adicional, voc\u00ea ganhar\u00e1 mais e mais. Os ganhos mais altos s\u00e3o obtidos com quatro n\u00fameros mais b\u00f3nus ou com todos os cinco n\u00fameros mais b\u00f3nus. Ter apenas cinco n\u00fameros sem b\u00f4nus tamb\u00e9m \u00e9 uma grande vit\u00f3ria.<\/p><h2 class=\"wp-block-heading\">Como comprar bilhetes da loteria francesa on-line<\/h2><p>Se voc\u00ea est\u00e1 pronto para comprar o primeiro lote, ent\u00e3o voc\u00ea pode fazer isso agora aqui conosco. Voc\u00ea n\u00e3o poder\u00e1 ir \u00e0 sua loja de loteria local como se estivesse acostumado. Em vez disso, voc\u00ea tem que ir online &#8211; o que n\u00e3o deve ser um problema para voc\u00ea, porque voc\u00ea j\u00e1 est\u00e1 aqui. N\u00f3s lhe daremos todos os benef\u00edcios que voc\u00ea teria se estivesse na Fran\u00e7a e pudesse comprar os ingressos localmente.<\/p>","protected":false},"excerpt":{"rendered":"<p>Est\u00e1s pronto para jogar noutra lotaria? Se est\u00e1s, devias ver mais de perto a lotaria francesa. Se voc\u00ea nunca jogou antes, voc\u00ea pode se surpreender com a semelhan\u00e7a com a loteria alem\u00e3. Afinal, trata-se de se divertir e ter outra oportunidade de ganhar um grande pr\u00e9mio. E com a loteria francesa voc\u00ea vai ter um [&hellip;]<\/p>\n","protected":false},"author":1,"featured_media":0,"parent":1021,"menu_order":33,"comment_status":"closed","ping_status":"closed","template":"lotto-fr.php","meta":{"_et_pb_use_builder":"","_et_pb_old_content":"","_et_gb_content_width":"","exclude_from_search":false,"footnotes":""},"class_list":["post-2779","page","type-page","status-publish","hentry"],"yoast_head":"<!-- This site is optimized with the Yoast SEO plugin v23.8 - https:\/\/yoast.com\/wordpress\/plugins\/seo\/ -->\n<title>Como apostar na Loto Francesa on-line<\/title>\n<meta name=\"description\" content=\"Se voc\u00ea est\u00e1 pronto para apostar na loteria francesa online, este \u00e9 o lugar!\" \/>\n<meta name=\"robots\" content=\"index, follow, max-snippet:-1, max-image-preview:large, max-video-preview:-1\" \/>\n<link rel=\"canonical\" href=\"https:\/\/redfoxlotto.com\/pt-pt\/jogar\/lotto-fr\/\" \/>\n<meta property=\"og:locale\" content=\"pt_PT\" \/>\n<meta property=\"og:type\" content=\"article\" \/>\n<meta property=\"og:title\" content=\"Como apostar na Loto Francesa on-line\" \/>\n<meta property=\"og:description\" content=\"Se voc\u00ea est\u00e1 pronto para apostar na loteria francesa online, este \u00e9 o lugar!\" \/>\n<meta property=\"og:url\" content=\"https:\/\/redfoxlotto.com\/pt-pt\/jogar\/lotto-fr\/\" \/>\n<meta property=\"og:site_name\" content=\"Get Tickets for the World\u2019s largest jackpots\" \/>\n<meta property=\"article:modified_time\" content=\"2025-12-10T23:42:05+00:00\" \/>\n<meta name=\"twitter:card\" content=\"summary_large_image\" \/>\n<meta name=\"twitter:label1\" content=\"Tempo estimado de leitura\" \/>\n\t<meta name=\"twitter:data1\" content=\"5 minutos\" \/>\n<script type=\"application\/ld+json\" class=\"yoast-schema-graph\">{\"@context\":\"https:\/\/schema.org\",\"@graph\":[{\"@type\":\"WebPage\",\"@id\":\"https:\/\/redfoxlotto.com\/pt-pt\/jogar\/lotto-fr\/\",\"url\":\"https:\/\/redfoxlotto.com\/pt-pt\/jogar\/lotto-fr\/\",\"name\":\"Como apostar na Loto Francesa on-line\",\"isPartOf\":{\"@id\":\"https:\/\/redfoxlotto.com\/pt-pt\/#website\"},\"datePublished\":\"2019-08-09T14:24:22+00:00\",\"dateModified\":\"2025-12-10T23:42:05+00:00\",\"description\":\"Se voc\u00ea est\u00e1 pronto para apostar na loteria francesa online, este \u00e9 o lugar!\",\"breadcrumb\":{\"@id\":\"https:\/\/redfoxlotto.com\/pt-pt\/jogar\/lotto-fr\/#breadcrumb\"},\"inLanguage\":\"pt-PT\",\"potentialAction\":[{\"@type\":\"ReadAction\",\"target\":[\"https:\/\/redfoxlotto.com\/pt-pt\/jogar\/lotto-fr\/\"]}]},{\"@type\":\"BreadcrumbList\",\"@id\":\"https:\/\/redfoxlotto.com\/pt-pt\/jogar\/lotto-fr\/#breadcrumb\",\"itemListElement\":[{\"@type\":\"ListItem\",\"position\":1,\"name\":\"Home\",\"item\":\"https:\/\/redfoxlotto.com\/pt-pt\/\"},{\"@type\":\"ListItem\",\"position\":2,\"name\":\"Compre bilhetes de lotaria online\",\"item\":\"https:\/\/redfoxlotto.com\/pt-pt\/jogar\/\"},{\"@type\":\"ListItem\",\"position\":3,\"name\":\"Jogue na Loto Francesa\"}]},{\"@type\":\"WebSite\",\"@id\":\"https:\/\/redfoxlotto.com\/pt-pt\/#website\",\"url\":\"https:\/\/redfoxlotto.com\/pt-pt\/\",\"name\":\"Get Tickets for the World\u2019s largest jackpots\",\"description\":\"Participate in worldwide lottery jackpots from any country\",\"publisher\":{\"@id\":\"https:\/\/redfoxlotto.com\/pt-pt\/#organization\"},\"potentialAction\":[{\"@type\":\"SearchAction\",\"target\":{\"@type\":\"EntryPoint\",\"urlTemplate\":\"https:\/\/redfoxlotto.com\/pt-pt\/?s={search_term_string}\"},\"query-input\":{\"@type\":\"PropertyValueSpecification\",\"valueRequired\":true,\"valueName\":\"search_term_string\"}}],\"inLanguage\":\"pt-PT\"},{\"@type\":\"Organization\",\"@id\":\"https:\/\/redfoxlotto.com\/pt-pt\/#organization\",\"name\":\"Get Tickets for the World\u2019s largest jackpots\",\"url\":\"https:\/\/redfoxlotto.com\/pt-pt\/\",\"logo\":{\"@type\":\"ImageObject\",\"inLanguage\":\"pt-PT\",\"@id\":\"https:\/\/redfoxlotto.com\/pt-pt\/#\/schema\/logo\/image\/\",\"url\":\"https:\/\/redfoxlotto.com\/wp-content\/uploads\/2023\/04\/logo.png\",\"contentUrl\":\"https:\/\/redfoxlotto.com\/wp-content\/uploads\/2023\/04\/logo.png\",\"width\":269,\"height\":53,\"caption\":\"Get Tickets for the World\u2019s largest jackpots\"},\"image\":{\"@id\":\"https:\/\/redfoxlotto.com\/pt-pt\/#\/schema\/logo\/image\/\"}}]}<\/script>\n<!-- \/ Yoast SEO plugin. -->","yoast_head_json":{"title":"Como apostar na Loto Francesa on-line","description":"Se voc\u00ea est\u00e1 pronto para apostar na loteria francesa online, este \u00e9 o lugar!","robots":{"index":"index","follow":"follow","max-snippet":"max-snippet:-1","max-image-preview":"max-image-preview:large","max-video-preview":"max-video-preview:-1"},"canonical":"https:\/\/redfoxlotto.com\/pt-pt\/jogar\/lotto-fr\/","og_locale":"pt_PT","og_type":"article","og_title":"Como apostar na Loto Francesa on-line","og_description":"Se voc\u00ea est\u00e1 pronto para apostar na loteria francesa online, este \u00e9 o lugar!","og_url":"https:\/\/redfoxlotto.com\/pt-pt\/jogar\/lotto-fr\/","og_site_name":"Get Tickets for the World\u2019s largest jackpots","article_modified_time":"2025-12-10T23:42:05+00:00","twitter_card":"summary_large_image","twitter_misc":{"Tempo estimado de leitura":"5 minutos"},"schema":{"@context":"https:\/\/schema.org","@graph":[{"@type":"WebPage","@id":"https:\/\/redfoxlotto.com\/pt-pt\/jogar\/lotto-fr\/","url":"https:\/\/redfoxlotto.com\/pt-pt\/jogar\/lotto-fr\/","name":"Como apostar na Loto Francesa on-line","isPartOf":{"@id":"https:\/\/redfoxlotto.com\/pt-pt\/#website"},"datePublished":"2019-08-09T14:24:22+00:00","dateModified":"2025-12-10T23:42:05+00:00","description":"Se voc\u00ea est\u00e1 pronto para apostar na loteria francesa online, este \u00e9 o lugar!","breadcrumb":{"@id":"https:\/\/redfoxlotto.com\/pt-pt\/jogar\/lotto-fr\/#breadcrumb"},"inLanguage":"pt-PT","potentialAction":[{"@type":"ReadAction","target":["https:\/\/redfoxlotto.com\/pt-pt\/jogar\/lotto-fr\/"]}]},{"@type":"BreadcrumbList","@id":"https:\/\/redfoxlotto.com\/pt-pt\/jogar\/lotto-fr\/#breadcrumb","itemListElement":[{"@type":"ListItem","position":1,"name":"Home","item":"https:\/\/redfoxlotto.com\/pt-pt\/"},{"@type":"ListItem","position":2,"name":"Compre bilhetes de lotaria online","item":"https:\/\/redfoxlotto.com\/pt-pt\/jogar\/"},{"@type":"ListItem","position":3,"name":"Jogue na Loto Francesa"}]},{"@type":"WebSite","@id":"https:\/\/redfoxlotto.com\/pt-pt\/#website","url":"https:\/\/redfoxlotto.com\/pt-pt\/","name":"Get Tickets for the World\u2019s largest jackpots","description":"Participate in worldwide lottery jackpots from any country","publisher":{"@id":"https:\/\/redfoxlotto.com\/pt-pt\/#organization"},"potentialAction":[{"@type":"SearchAction","target":{"@type":"EntryPoint","urlTemplate":"https:\/\/redfoxlotto.com\/pt-pt\/?s={search_term_string}"},"query-input":{"@type":"PropertyValueSpecification","valueRequired":true,"valueName":"search_term_string"}}],"inLanguage":"pt-PT"},{"@type":"Organization","@id":"https:\/\/redfoxlotto.com\/pt-pt\/#organization","name":"Get Tickets for the World\u2019s largest jackpots","url":"https:\/\/redfoxlotto.com\/pt-pt\/","logo":{"@type":"ImageObject","inLanguage":"pt-PT","@id":"https:\/\/redfoxlotto.com\/pt-pt\/#\/schema\/logo\/image\/","url":"https:\/\/redfoxlotto.com\/wp-content\/uploads\/2023\/04\/logo.png","contentUrl":"https:\/\/redfoxlotto.com\/wp-content\/uploads\/2023\/04\/logo.png","width":269,"height":53,"caption":"Get Tickets for the World\u2019s largest jackpots"},"image":{"@id":"https:\/\/redfoxlotto.com\/pt-pt\/#\/schema\/logo\/image\/"}}]}},"_links":{"self":[{"href":"https:\/\/redfoxlotto.com\/pt-pt\/wp-json\/wp\/v2\/pages\/2779","targetHints":{"allow":["GET"]}}],"collection":[{"href":"https:\/\/redfoxlotto.com\/pt-pt\/wp-json\/wp\/v2\/pages"}],"about":[{"href":"https:\/\/redfoxlotto.com\/pt-pt\/wp-json\/wp\/v2\/types\/page"}],"author":[{"embeddable":true,"href":"https:\/\/redfoxlotto.com\/pt-pt\/wp-json\/wp\/v2\/users\/1"}],"replies":[{"embeddable":true,"href":"https:\/\/redfoxlotto.com\/pt-pt\/wp-json\/wp\/v2\/comments?post=2779"}],"version-history":[{"count":0,"href":"https:\/\/redfoxlotto.com\/pt-pt\/wp-json\/wp\/v2\/pages\/2779\/revisions"}],"up":[{"embeddable":true,"href":"https:\/\/redfoxlotto.com\/pt-pt\/wp-json\/wp\/v2\/pages\/1021"}],"wp:attachment":[{"href":"https:\/\/redfoxlotto.com\/pt-pt\/wp-json\/wp\/v2\/media?parent=2779"}],"curies":[{"name":"wp","href":"https:\/\/api.w.org\/{rel}","templated":true}]}}