{"id":14400,"date":"2020-08-18T09:10:34","date_gmt":"2020-08-18T09:10:34","guid":{"rendered":"https:\/\/redfoxlotto.com\/?page_id=14400"},"modified":"2023-05-24T17:35:36","modified_gmt":"2023-05-24T17:35:36","slug":"lotto-america","status":"publish","type":"page","link":"https:\/\/redfoxlotto.com\/pt-pt\/lotarias\/lotto-america\/","title":{"rendered":"Sobre a Lotto Am\u00e9rica"},"content":{"rendered":"<h2 class=\"wp-block-heading\">Inscri\u00e7\u00e3o de bilhetes para a Lotto Am\u00e9rica online<\/h2><p><img loading=\"lazy\" decoding=\"async\" class=\" wp-image alignright\" src=\"https:\/\/content.redfoxlotto.com\/uploads\/sites\/9\/1_ticket_online_buying.jpg\" alt=\"lotto america ticket online\" width=\"234\" height=\"158\" \/><\/p><p>Quando se trata de comprar bilhetes de lotaria online, quer ter a certeza de que est\u00e1 a participar nos melhores jogos. Mas j\u00e1 ouviu falar de todos os diferentes jogos que existem por a\u00ed? Provavelmente n\u00e3o. Especialmente porque existem jogos em outros pa\u00edses que poderia estar a jogar online. Jogos como o Lotto Am\u00e9rica.<\/p><!--more--><h2 class=\"wp-block-heading\">O que \u00e9 a Lotaria da Am\u00e9rica?<\/h2><p>Lotto America \u00e9 um jogo multi-estado que \u00e9 jogado nos Estados Unidos. Mais especificamente, \u00e9 jogado em 13 estados de todo o pa\u00eds. Mas n\u00e3o \u00e9 necess\u00e1rio viver num desses estados para poder jogar. Na verdade, pode jogar a partir de qualquer parte do mundo. E \u00e9 a\u00ed que entra a divers\u00e3o. Porque este jogo \u00e9 uma oportunidade para se tornar um multi-milion\u00e1rio, e \u00e9 um jogo super-simples de jogar.<\/p><h2 class=\"wp-block-heading\">Comprar os seus bilhetes<\/h2><p>Se estiver interessado em jogar na Lotto Am\u00e9rica, s\u00f3 precisa de saber onde obter os seus bilhetes. Mas como comprar bilhetes para a Lotto America online? Precisa de um servi\u00e7o para o ajudar e \u00e9 a\u00ed que entra a RedFoxLotto. Podemos ajud\u00e1-lo a obter os seus bilhetes para este jogo ou qualquer outro jogo de lotaria que possa querer jogar em todo o mundo. Tudo o que \u00e9 preciso s\u00e3o alguns passos para come\u00e7ar. A primeira \u00e9 que ter\u00e1 de criar uma conta com a RedFoxLotto. \u00c9 f\u00e1cil de fazer e leva apenas alguns minutos para ficar completamente preparado e pronto a jogar. A partir da\u00ed, poder\u00e1 come\u00e7ar a navegar por todos os diferentes jogos de lotaria que est\u00e3o dispon\u00edveis. Poder\u00e1 querer a Lotto America ou outra coisa (ou v\u00e1rios jogos diferentes). Assim que tiver decidido sobre o jogo e estiver pronto para jogar Lotto America, \u00e9 altura de come\u00e7ar a escolher os seus n\u00fameros. \u00c9 aqui que vai ter muitas op\u00e7\u00f5es diferentes e \u00e9 aqui que a parte divertida vai realmente come\u00e7ar.<\/p><h2 class=\"wp-block-heading\">Selecionar os seus n\u00fameros<\/h2><p><img loading=\"lazy\" decoding=\"async\" class=\" wp-image alignright\" src=\"https:\/\/content.redfoxlotto.com\/uploads\/sites\/9\/1_usa_lottery_win.jpg\" alt=\"lotto america\" width=\"241\" height=\"159\" \/><\/p><p>Existem cinco n\u00fameros padr\u00e3o e um n\u00famero de b\u00f3nus com a Lotto America. Pode escolher quais quer para poder obter uma combina\u00e7\u00e3o que lhe pare\u00e7a sortuda ou que signifique algo para si. Mas e se n\u00e3o souber os n\u00fameros que deseja? Ou e se tiver apenas alguns n\u00fameros especiais que queira jogar? Isso tamb\u00e9m n\u00e3o \u00e9 problema porque pode escolher quais os n\u00fameros que quer e preencher com n\u00fameros aleat\u00f3rios. Ou pode usar o gerador de n\u00fameros para escolher todos os seus n\u00fameros por si.<\/p><h2 class=\"wp-block-heading\">Espera pelos resultados<\/h2><p>Ap\u00f3s ter escolhido os seus n\u00fameros, pode escolher quantos bilhetes quer e para que jogos. Depois, pode pagar os bilhetes e esperar pelo pr\u00f3ximo sorteio. Tamb\u00e9m pode escolher bilhetes adicionais para alguns dos outros jogos que est\u00e3o a acontecer em todo o mundo, se quiser ter ainda mais hip\u00f3teses de ganhar um pr\u00e9mio algures. Quando os resultados do jogo chegarem, poder\u00e1 ver instantaneamente os n\u00fameros vencedores e como os seus pr\u00f3prios n\u00fameros se acumulam. N\u00e3o s\u00f3 isso, como tamb\u00e9m poder\u00e1 ver o que ganhou e receber\u00e1 os seus ganhos t\u00e3o rapidamente. \u00c9 simples, divertido e vai estar pronto para escolher os seus pr\u00f3ximos bilhetes num instante. E como \u00e9 t\u00e3o f\u00e1cil, \u00e9 exactamente isso que vai querer fazer. Tudo o que precisa de fazer \u00e9 decidir quais os jogos a jogar.<\/p>","protected":false},"excerpt":{"rendered":"<p>Inscri\u00e7\u00e3o de bilhetes para a Lotto Am\u00e9rica online Quando se trata de comprar bilhetes de lotaria online, quer ter a certeza de que est\u00e1 a participar nos melhores jogos. Mas j\u00e1 ouviu falar de todos os diferentes jogos que existem por a\u00ed? Provavelmente n\u00e3o. Especialmente porque existem jogos em outros pa\u00edses que poderia estar a [&hellip;]<\/p>\n","protected":false},"author":1,"featured_media":0,"parent":1003,"menu_order":12,"comment_status":"closed","ping_status":"closed","template":"lotto-america-info.php","meta":{"_et_pb_use_builder":"","_et_pb_old_content":"","_et_gb_content_width":"","exclude_from_search":false,"footnotes":""},"class_list":["post-14400","page","type-page","status-publish","hentry"],"yoast_head":"<!-- This site is optimized with the Yoast SEO plugin v23.8 - https:\/\/yoast.com\/wordpress\/plugins\/seo\/ -->\n<title>Comprar bilhetes para a Lotto Am\u00e9rica online<\/title>\n<meta name=\"description\" content=\"Se quiser ganhar na Lotto America, compre j\u00e1 o seu bilhete online!\" \/>\n<meta name=\"robots\" content=\"index, follow, max-snippet:-1, max-image-preview:large, max-video-preview:-1\" \/>\n<link rel=\"canonical\" href=\"https:\/\/redfoxlotto.com\/pt-pt\/lotarias\/lotto-america\/\" \/>\n<meta property=\"og:locale\" content=\"pt_PT\" \/>\n<meta property=\"og:type\" content=\"article\" \/>\n<meta property=\"og:title\" content=\"Comprar bilhetes para a Lotto Am\u00e9rica online\" \/>\n<meta property=\"og:description\" content=\"Se quiser ganhar na Lotto America, compre j\u00e1 o seu bilhete online!\" \/>\n<meta property=\"og:url\" content=\"https:\/\/redfoxlotto.com\/pt-pt\/lotarias\/lotto-america\/\" \/>\n<meta property=\"og:site_name\" content=\"Get Tickets for the World\u2019s largest jackpots\" \/>\n<meta property=\"article:modified_time\" content=\"2023-05-24T17:35:36+00:00\" \/>\n<meta property=\"og:image\" content=\"https:\/\/content.redfoxlotto.com\/uploads\/sites\/9\/1_ticket_online_buying.jpg\" \/>\n<meta name=\"twitter:card\" content=\"summary_large_image\" \/>\n<meta name=\"twitter:label1\" content=\"Tempo estimado de leitura\" \/>\n\t<meta name=\"twitter:data1\" content=\"3 minutos\" \/>\n<script type=\"application\/ld+json\" class=\"yoast-schema-graph\">{\"@context\":\"https:\/\/schema.org\",\"@graph\":[{\"@type\":\"WebPage\",\"@id\":\"https:\/\/redfoxlotto.com\/pt-pt\/lotarias\/lotto-america\/\",\"url\":\"https:\/\/redfoxlotto.com\/pt-pt\/lotarias\/lotto-america\/\",\"name\":\"Comprar bilhetes para a Lotto Am\u00e9rica online\",\"isPartOf\":{\"@id\":\"https:\/\/redfoxlotto.com\/pt-pt\/#website\"},\"primaryImageOfPage\":{\"@id\":\"https:\/\/redfoxlotto.com\/pt-pt\/lotarias\/lotto-america\/#primaryimage\"},\"image\":{\"@id\":\"https:\/\/redfoxlotto.com\/pt-pt\/lotarias\/lotto-america\/#primaryimage\"},\"thumbnailUrl\":\"https:\/\/content.redfoxlotto.com\/uploads\/sites\/9\/1_ticket_online_buying.jpg\",\"datePublished\":\"2020-08-18T09:10:34+00:00\",\"dateModified\":\"2023-05-24T17:35:36+00:00\",\"description\":\"Se quiser ganhar na Lotto America, compre j\u00e1 o seu bilhete online!\",\"breadcrumb\":{\"@id\":\"https:\/\/redfoxlotto.com\/pt-pt\/lotarias\/lotto-america\/#breadcrumb\"},\"inLanguage\":\"pt-PT\",\"potentialAction\":[{\"@type\":\"ReadAction\",\"target\":[\"https:\/\/redfoxlotto.com\/pt-pt\/lotarias\/lotto-america\/\"]}]},{\"@type\":\"ImageObject\",\"inLanguage\":\"pt-PT\",\"@id\":\"https:\/\/redfoxlotto.com\/pt-pt\/lotarias\/lotto-america\/#primaryimage\",\"url\":\"https:\/\/content.redfoxlotto.com\/uploads\/sites\/9\/1_ticket_online_buying.jpg\",\"contentUrl\":\"https:\/\/content.redfoxlotto.com\/uploads\/sites\/9\/1_ticket_online_buying.jpg\"},{\"@type\":\"BreadcrumbList\",\"@id\":\"https:\/\/redfoxlotto.com\/pt-pt\/lotarias\/lotto-america\/#breadcrumb\",\"itemListElement\":[{\"@type\":\"ListItem\",\"position\":1,\"name\":\"Home\",\"item\":\"https:\/\/redfoxlotto.com\/pt-pt\/\"},{\"@type\":\"ListItem\",\"position\":2,\"name\":\"O processo de compra dos seus bilhetes\",\"item\":\"https:\/\/redfoxlotto.com\/pt-pt\/lotarias\/\"},{\"@type\":\"ListItem\",\"position\":3,\"name\":\"Sobre a Lotto Am\u00e9rica\"}]},{\"@type\":\"WebSite\",\"@id\":\"https:\/\/redfoxlotto.com\/pt-pt\/#website\",\"url\":\"https:\/\/redfoxlotto.com\/pt-pt\/\",\"name\":\"Get Tickets for the World\u2019s largest jackpots\",\"description\":\"Participate in worldwide lottery jackpots from any country\",\"publisher\":{\"@id\":\"https:\/\/redfoxlotto.com\/pt-pt\/#organization\"},\"potentialAction\":[{\"@type\":\"SearchAction\",\"target\":{\"@type\":\"EntryPoint\",\"urlTemplate\":\"https:\/\/redfoxlotto.com\/pt-pt\/?s={search_term_string}\"},\"query-input\":{\"@type\":\"PropertyValueSpecification\",\"valueRequired\":true,\"valueName\":\"search_term_string\"}}],\"inLanguage\":\"pt-PT\"},{\"@type\":\"Organization\",\"@id\":\"https:\/\/redfoxlotto.com\/pt-pt\/#organization\",\"name\":\"Get Tickets for the World\u2019s largest jackpots\",\"url\":\"https:\/\/redfoxlotto.com\/pt-pt\/\",\"logo\":{\"@type\":\"ImageObject\",\"inLanguage\":\"pt-PT\",\"@id\":\"https:\/\/redfoxlotto.com\/pt-pt\/#\/schema\/logo\/image\/\",\"url\":\"https:\/\/redfoxlotto.com\/wp-content\/uploads\/2023\/04\/logo.png\",\"contentUrl\":\"https:\/\/redfoxlotto.com\/wp-content\/uploads\/2023\/04\/logo.png\",\"width\":269,\"height\":53,\"caption\":\"Get Tickets for the World\u2019s largest jackpots\"},\"image\":{\"@id\":\"https:\/\/redfoxlotto.com\/pt-pt\/#\/schema\/logo\/image\/\"}}]}<\/script>\n<!-- \/ Yoast SEO plugin. -->","yoast_head_json":{"title":"Comprar bilhetes para a Lotto Am\u00e9rica online","description":"Se quiser ganhar na Lotto America, compre j\u00e1 o seu bilhete online!","robots":{"index":"index","follow":"follow","max-snippet":"max-snippet:-1","max-image-preview":"max-image-preview:large","max-video-preview":"max-video-preview:-1"},"canonical":"https:\/\/redfoxlotto.com\/pt-pt\/lotarias\/lotto-america\/","og_locale":"pt_PT","og_type":"article","og_title":"Comprar bilhetes para a Lotto Am\u00e9rica online","og_description":"Se quiser ganhar na Lotto America, compre j\u00e1 o seu bilhete online!","og_url":"https:\/\/redfoxlotto.com\/pt-pt\/lotarias\/lotto-america\/","og_site_name":"Get Tickets for the World\u2019s largest jackpots","article_modified_time":"2023-05-24T17:35:36+00:00","og_image":[{"url":"https:\/\/content.redfoxlotto.com\/uploads\/sites\/9\/1_ticket_online_buying.jpg"}],"twitter_card":"summary_large_image","twitter_misc":{"Tempo estimado de leitura":"3 minutos"},"schema":{"@context":"https:\/\/schema.org","@graph":[{"@type":"WebPage","@id":"https:\/\/redfoxlotto.com\/pt-pt\/lotarias\/lotto-america\/","url":"https:\/\/redfoxlotto.com\/pt-pt\/lotarias\/lotto-america\/","name":"Comprar bilhetes para a Lotto Am\u00e9rica online","isPartOf":{"@id":"https:\/\/redfoxlotto.com\/pt-pt\/#website"},"primaryImageOfPage":{"@id":"https:\/\/redfoxlotto.com\/pt-pt\/lotarias\/lotto-america\/#primaryimage"},"image":{"@id":"https:\/\/redfoxlotto.com\/pt-pt\/lotarias\/lotto-america\/#primaryimage"},"thumbnailUrl":"https:\/\/content.redfoxlotto.com\/uploads\/sites\/9\/1_ticket_online_buying.jpg","datePublished":"2020-08-18T09:10:34+00:00","dateModified":"2023-05-24T17:35:36+00:00","description":"Se quiser ganhar na Lotto America, compre j\u00e1 o seu bilhete online!","breadcrumb":{"@id":"https:\/\/redfoxlotto.com\/pt-pt\/lotarias\/lotto-america\/#breadcrumb"},"inLanguage":"pt-PT","potentialAction":[{"@type":"ReadAction","target":["https:\/\/redfoxlotto.com\/pt-pt\/lotarias\/lotto-america\/"]}]},{"@type":"ImageObject","inLanguage":"pt-PT","@id":"https:\/\/redfoxlotto.com\/pt-pt\/lotarias\/lotto-america\/#primaryimage","url":"https:\/\/content.redfoxlotto.com\/uploads\/sites\/9\/1_ticket_online_buying.jpg","contentUrl":"https:\/\/content.redfoxlotto.com\/uploads\/sites\/9\/1_ticket_online_buying.jpg"},{"@type":"BreadcrumbList","@id":"https:\/\/redfoxlotto.com\/pt-pt\/lotarias\/lotto-america\/#breadcrumb","itemListElement":[{"@type":"ListItem","position":1,"name":"Home","item":"https:\/\/redfoxlotto.com\/pt-pt\/"},{"@type":"ListItem","position":2,"name":"O processo de compra dos seus bilhetes","item":"https:\/\/redfoxlotto.com\/pt-pt\/lotarias\/"},{"@type":"ListItem","position":3,"name":"Sobre a Lotto Am\u00e9rica"}]},{"@type":"WebSite","@id":"https:\/\/redfoxlotto.com\/pt-pt\/#website","url":"https:\/\/redfoxlotto.com\/pt-pt\/","name":"Get Tickets for the World\u2019s largest jackpots","description":"Participate in worldwide lottery jackpots from any country","publisher":{"@id":"https:\/\/redfoxlotto.com\/pt-pt\/#organization"},"potentialAction":[{"@type":"SearchAction","target":{"@type":"EntryPoint","urlTemplate":"https:\/\/redfoxlotto.com\/pt-pt\/?s={search_term_string}"},"query-input":{"@type":"PropertyValueSpecification","valueRequired":true,"valueName":"search_term_string"}}],"inLanguage":"pt-PT"},{"@type":"Organization","@id":"https:\/\/redfoxlotto.com\/pt-pt\/#organization","name":"Get Tickets for the World\u2019s largest jackpots","url":"https:\/\/redfoxlotto.com\/pt-pt\/","logo":{"@type":"ImageObject","inLanguage":"pt-PT","@id":"https:\/\/redfoxlotto.com\/pt-pt\/#\/schema\/logo\/image\/","url":"https:\/\/redfoxlotto.com\/wp-content\/uploads\/2023\/04\/logo.png","contentUrl":"https:\/\/redfoxlotto.com\/wp-content\/uploads\/2023\/04\/logo.png","width":269,"height":53,"caption":"Get Tickets for the World\u2019s largest jackpots"},"image":{"@id":"https:\/\/redfoxlotto.com\/pt-pt\/#\/schema\/logo\/image\/"}}]}},"_links":{"self":[{"href":"https:\/\/redfoxlotto.com\/pt-pt\/wp-json\/wp\/v2\/pages\/14400","targetHints":{"allow":["GET"]}}],"collection":[{"href":"https:\/\/redfoxlotto.com\/pt-pt\/wp-json\/wp\/v2\/pages"}],"about":[{"href":"https:\/\/redfoxlotto.com\/pt-pt\/wp-json\/wp\/v2\/types\/page"}],"author":[{"embeddable":true,"href":"https:\/\/redfoxlotto.com\/pt-pt\/wp-json\/wp\/v2\/users\/1"}],"replies":[{"embeddable":true,"href":"https:\/\/redfoxlotto.com\/pt-pt\/wp-json\/wp\/v2\/comments?post=14400"}],"version-history":[{"count":0,"href":"https:\/\/redfoxlotto.com\/pt-pt\/wp-json\/wp\/v2\/pages\/14400\/revisions"}],"up":[{"embeddable":true,"href":"https:\/\/redfoxlotto.com\/pt-pt\/wp-json\/wp\/v2\/pages\/1003"}],"wp:attachment":[{"href":"https:\/\/redfoxlotto.com\/pt-pt\/wp-json\/wp\/v2\/media?parent=14400"}],"curies":[{"name":"wp","href":"https:\/\/api.w.org\/{rel}","templated":true}]}}