{"id":14363,"date":"2022-09-26T12:33:09","date_gmt":"2022-09-26T12:33:09","guid":{"rendered":"https:\/\/redfoxlotto.com\/?page_id=14363"},"modified":"2023-05-24T17:35:27","modified_gmt":"2023-05-24T17:35:27","slug":"thunderball","status":"publish","type":"page","link":"https:\/\/redfoxlotto.com\/pt-pt\/lotarias\/thunderball\/","title":{"rendered":"Sobre Thunderball"},"content":{"rendered":"<h2 class=\"wp-block-heading\">Instrumentos para o Thunderball UK Lotto Online<\/h2><p><img loading=\"lazy\" decoding=\"async\" class=\" wp-image alignright\" src=\"https:\/\/content.redfoxlotto.com\/uploads\/sites\/9\/1_online_lottery_jackpot_win.jpg\" alt=\"comprar thunderball online\" width=\"230\" height=\"209\" \/><\/p><p>Sempre que estiver pronto para comprar bilhetes para a Thunderball UK Lotto online, pode dar uma vista de olhos mais atenta \u00e0s op\u00e7\u00f5es no RedFoxLotto.com. Poder\u00e1 at\u00e9 ficar surpreendido com a facilidade com que se joga. S\u00f3 tem de seleccionar 5 n\u00fameros regulares e 1 Thunderball. Depois, escolha as suas datas para o sorteio. Assim, poder\u00e1 ganhar com t\u00e3o pouco como 1 n\u00famero correspondente!<\/p><!--more--><h2 class=\"wp-block-heading\">Comprar os seus bilhetes para o Thunderball UK Lotto<\/h2><p>Quando for altura de comprar bilhetes para a Thunderball UK Lotto online, precisar\u00e1 de um servi\u00e7o que lhe permita escolher os bilhetes que deseja, de qualquer jogo que deseje. \u00c9 a\u00ed que entra a RedFoxLotto.com. Pode escolher qualquer jogo que queira jogar e escolher os bilhetes que quiser.<\/p><p>Pode seleccionar os n\u00fameros que deseja jogar, ou utilizar o Quick Pick para que os n\u00fameros sejam seleccionados por si. Em seguida, escolha as datas e o n\u00famero de sorteios que deseja e o seu m\u00e9todo de pagamento favorito. Depois de comprar os bilhetes, basta esperar pelo sorteio, e esperamos que as boas not\u00edcias que se seguir\u00e3o.<\/p><h2 class=\"wp-block-heading\">Verificar os seus N\u00fameros Vencedores<\/h2><p>Uma vez realizado o sorteio, pode voltar a entrar na sua conta na RedFoxLotto.com para ver como os n\u00fameros dos seus bilhetes se comparam aos n\u00fameros vencedores. Vai estar mesmo ali na sua conta de bilhetes e vai ser muito mais f\u00e1cil para si. Tudo o que tem de fazer \u00e9 ver quais s\u00e3o os n\u00fameros destacados para ver quais correspondem.<\/p>","protected":false},"excerpt":{"rendered":"<p>Instrumentos para o Thunderball UK Lotto Online Sempre que estiver pronto para comprar bilhetes para a Thunderball UK Lotto online, pode dar uma vista de olhos mais atenta \u00e0s op\u00e7\u00f5es no RedFoxLotto.com. Poder\u00e1 at\u00e9 ficar surpreendido com a facilidade com que se joga. S\u00f3 tem de seleccionar 5 n\u00fameros regulares e 1 Thunderball. Depois, escolha [&hellip;]<\/p>\n","protected":false},"author":1,"featured_media":0,"parent":1003,"menu_order":11,"comment_status":"closed","ping_status":"closed","template":"thunderball-info.php","meta":{"_et_pb_use_builder":"","_et_pb_old_content":"","_et_gb_content_width":"","exclude_from_search":false,"footnotes":""},"class_list":["post-14363","page","type-page","status-publish","hentry"],"yoast_head":"<!-- This site is optimized with the Yoast SEO plugin v23.8 - https:\/\/yoast.com\/wordpress\/plugins\/seo\/ -->\n<title>Obtenha o seu bilhete para a Thunderball Lotto online<\/title>\n<meta name=\"description\" content=\"Comprar bilhetes para a Thunderball Lotto mesmo que n\u00e3o viva no Reino Unido\" \/>\n<meta name=\"robots\" content=\"index, follow, max-snippet:-1, max-image-preview:large, max-video-preview:-1\" \/>\n<link rel=\"canonical\" href=\"https:\/\/redfoxlotto.com\/pt-pt\/lotarias\/thunderball\/\" \/>\n<meta property=\"og:locale\" content=\"pt_PT\" \/>\n<meta property=\"og:type\" content=\"article\" \/>\n<meta property=\"og:title\" content=\"Obtenha o seu bilhete para a Thunderball Lotto online\" \/>\n<meta property=\"og:description\" content=\"Comprar bilhetes para a Thunderball Lotto mesmo que n\u00e3o viva no Reino Unido\" \/>\n<meta property=\"og:url\" content=\"https:\/\/redfoxlotto.com\/pt-pt\/lotarias\/thunderball\/\" \/>\n<meta property=\"og:site_name\" content=\"Get Tickets for the World\u2019s largest jackpots\" \/>\n<meta property=\"article:modified_time\" content=\"2023-05-24T17:35:27+00:00\" \/>\n<meta property=\"og:image\" content=\"https:\/\/content.redfoxlotto.com\/uploads\/sites\/9\/1_online_lottery_jackpot_win.jpg\" \/>\n<meta name=\"twitter:card\" content=\"summary_large_image\" \/>\n<meta name=\"twitter:label1\" content=\"Tempo estimado de leitura\" \/>\n\t<meta name=\"twitter:data1\" content=\"2 minutos\" \/>\n<script type=\"application\/ld+json\" class=\"yoast-schema-graph\">{\"@context\":\"https:\/\/schema.org\",\"@graph\":[{\"@type\":\"WebPage\",\"@id\":\"https:\/\/redfoxlotto.com\/pt-pt\/lotarias\/thunderball\/\",\"url\":\"https:\/\/redfoxlotto.com\/pt-pt\/lotarias\/thunderball\/\",\"name\":\"Obtenha o seu bilhete para a Thunderball Lotto online\",\"isPartOf\":{\"@id\":\"https:\/\/redfoxlotto.com\/pt-pt\/#website\"},\"primaryImageOfPage\":{\"@id\":\"https:\/\/redfoxlotto.com\/pt-pt\/lotarias\/thunderball\/#primaryimage\"},\"image\":{\"@id\":\"https:\/\/redfoxlotto.com\/pt-pt\/lotarias\/thunderball\/#primaryimage\"},\"thumbnailUrl\":\"https:\/\/content.redfoxlotto.com\/uploads\/sites\/9\/1_online_lottery_jackpot_win.jpg\",\"datePublished\":\"2022-09-26T12:33:09+00:00\",\"dateModified\":\"2023-05-24T17:35:27+00:00\",\"description\":\"Comprar bilhetes para a Thunderball Lotto mesmo que n\u00e3o viva no Reino Unido\",\"breadcrumb\":{\"@id\":\"https:\/\/redfoxlotto.com\/pt-pt\/lotarias\/thunderball\/#breadcrumb\"},\"inLanguage\":\"pt-PT\",\"potentialAction\":[{\"@type\":\"ReadAction\",\"target\":[\"https:\/\/redfoxlotto.com\/pt-pt\/lotarias\/thunderball\/\"]}]},{\"@type\":\"ImageObject\",\"inLanguage\":\"pt-PT\",\"@id\":\"https:\/\/redfoxlotto.com\/pt-pt\/lotarias\/thunderball\/#primaryimage\",\"url\":\"https:\/\/content.redfoxlotto.com\/uploads\/sites\/9\/1_online_lottery_jackpot_win.jpg\",\"contentUrl\":\"https:\/\/content.redfoxlotto.com\/uploads\/sites\/9\/1_online_lottery_jackpot_win.jpg\"},{\"@type\":\"BreadcrumbList\",\"@id\":\"https:\/\/redfoxlotto.com\/pt-pt\/lotarias\/thunderball\/#breadcrumb\",\"itemListElement\":[{\"@type\":\"ListItem\",\"position\":1,\"name\":\"Home\",\"item\":\"https:\/\/redfoxlotto.com\/pt-pt\/\"},{\"@type\":\"ListItem\",\"position\":2,\"name\":\"O processo de compra dos seus bilhetes\",\"item\":\"https:\/\/redfoxlotto.com\/pt-pt\/lotarias\/\"},{\"@type\":\"ListItem\",\"position\":3,\"name\":\"Sobre Thunderball\"}]},{\"@type\":\"WebSite\",\"@id\":\"https:\/\/redfoxlotto.com\/pt-pt\/#website\",\"url\":\"https:\/\/redfoxlotto.com\/pt-pt\/\",\"name\":\"Get Tickets for the World\u2019s largest jackpots\",\"description\":\"Participate in worldwide lottery jackpots from any country\",\"publisher\":{\"@id\":\"https:\/\/redfoxlotto.com\/pt-pt\/#organization\"},\"potentialAction\":[{\"@type\":\"SearchAction\",\"target\":{\"@type\":\"EntryPoint\",\"urlTemplate\":\"https:\/\/redfoxlotto.com\/pt-pt\/?s={search_term_string}\"},\"query-input\":{\"@type\":\"PropertyValueSpecification\",\"valueRequired\":true,\"valueName\":\"search_term_string\"}}],\"inLanguage\":\"pt-PT\"},{\"@type\":\"Organization\",\"@id\":\"https:\/\/redfoxlotto.com\/pt-pt\/#organization\",\"name\":\"Get Tickets for the World\u2019s largest jackpots\",\"url\":\"https:\/\/redfoxlotto.com\/pt-pt\/\",\"logo\":{\"@type\":\"ImageObject\",\"inLanguage\":\"pt-PT\",\"@id\":\"https:\/\/redfoxlotto.com\/pt-pt\/#\/schema\/logo\/image\/\",\"url\":\"https:\/\/redfoxlotto.com\/wp-content\/uploads\/2023\/04\/logo.png\",\"contentUrl\":\"https:\/\/redfoxlotto.com\/wp-content\/uploads\/2023\/04\/logo.png\",\"width\":269,\"height\":53,\"caption\":\"Get Tickets for the World\u2019s largest jackpots\"},\"image\":{\"@id\":\"https:\/\/redfoxlotto.com\/pt-pt\/#\/schema\/logo\/image\/\"}}]}<\/script>\n<!-- \/ Yoast SEO plugin. -->","yoast_head_json":{"title":"Obtenha o seu bilhete para a Thunderball Lotto online","description":"Comprar bilhetes para a Thunderball Lotto mesmo que n\u00e3o viva no Reino Unido","robots":{"index":"index","follow":"follow","max-snippet":"max-snippet:-1","max-image-preview":"max-image-preview:large","max-video-preview":"max-video-preview:-1"},"canonical":"https:\/\/redfoxlotto.com\/pt-pt\/lotarias\/thunderball\/","og_locale":"pt_PT","og_type":"article","og_title":"Obtenha o seu bilhete para a Thunderball Lotto online","og_description":"Comprar bilhetes para a Thunderball Lotto mesmo que n\u00e3o viva no Reino Unido","og_url":"https:\/\/redfoxlotto.com\/pt-pt\/lotarias\/thunderball\/","og_site_name":"Get Tickets for the World\u2019s largest jackpots","article_modified_time":"2023-05-24T17:35:27+00:00","og_image":[{"url":"https:\/\/content.redfoxlotto.com\/uploads\/sites\/9\/1_online_lottery_jackpot_win.jpg"}],"twitter_card":"summary_large_image","twitter_misc":{"Tempo estimado de leitura":"2 minutos"},"schema":{"@context":"https:\/\/schema.org","@graph":[{"@type":"WebPage","@id":"https:\/\/redfoxlotto.com\/pt-pt\/lotarias\/thunderball\/","url":"https:\/\/redfoxlotto.com\/pt-pt\/lotarias\/thunderball\/","name":"Obtenha o seu bilhete para a Thunderball Lotto online","isPartOf":{"@id":"https:\/\/redfoxlotto.com\/pt-pt\/#website"},"primaryImageOfPage":{"@id":"https:\/\/redfoxlotto.com\/pt-pt\/lotarias\/thunderball\/#primaryimage"},"image":{"@id":"https:\/\/redfoxlotto.com\/pt-pt\/lotarias\/thunderball\/#primaryimage"},"thumbnailUrl":"https:\/\/content.redfoxlotto.com\/uploads\/sites\/9\/1_online_lottery_jackpot_win.jpg","datePublished":"2022-09-26T12:33:09+00:00","dateModified":"2023-05-24T17:35:27+00:00","description":"Comprar bilhetes para a Thunderball Lotto mesmo que n\u00e3o viva no Reino Unido","breadcrumb":{"@id":"https:\/\/redfoxlotto.com\/pt-pt\/lotarias\/thunderball\/#breadcrumb"},"inLanguage":"pt-PT","potentialAction":[{"@type":"ReadAction","target":["https:\/\/redfoxlotto.com\/pt-pt\/lotarias\/thunderball\/"]}]},{"@type":"ImageObject","inLanguage":"pt-PT","@id":"https:\/\/redfoxlotto.com\/pt-pt\/lotarias\/thunderball\/#primaryimage","url":"https:\/\/content.redfoxlotto.com\/uploads\/sites\/9\/1_online_lottery_jackpot_win.jpg","contentUrl":"https:\/\/content.redfoxlotto.com\/uploads\/sites\/9\/1_online_lottery_jackpot_win.jpg"},{"@type":"BreadcrumbList","@id":"https:\/\/redfoxlotto.com\/pt-pt\/lotarias\/thunderball\/#breadcrumb","itemListElement":[{"@type":"ListItem","position":1,"name":"Home","item":"https:\/\/redfoxlotto.com\/pt-pt\/"},{"@type":"ListItem","position":2,"name":"O processo de compra dos seus bilhetes","item":"https:\/\/redfoxlotto.com\/pt-pt\/lotarias\/"},{"@type":"ListItem","position":3,"name":"Sobre Thunderball"}]},{"@type":"WebSite","@id":"https:\/\/redfoxlotto.com\/pt-pt\/#website","url":"https:\/\/redfoxlotto.com\/pt-pt\/","name":"Get Tickets for the World\u2019s largest jackpots","description":"Participate in worldwide lottery jackpots from any country","publisher":{"@id":"https:\/\/redfoxlotto.com\/pt-pt\/#organization"},"potentialAction":[{"@type":"SearchAction","target":{"@type":"EntryPoint","urlTemplate":"https:\/\/redfoxlotto.com\/pt-pt\/?s={search_term_string}"},"query-input":{"@type":"PropertyValueSpecification","valueRequired":true,"valueName":"search_term_string"}}],"inLanguage":"pt-PT"},{"@type":"Organization","@id":"https:\/\/redfoxlotto.com\/pt-pt\/#organization","name":"Get Tickets for the World\u2019s largest jackpots","url":"https:\/\/redfoxlotto.com\/pt-pt\/","logo":{"@type":"ImageObject","inLanguage":"pt-PT","@id":"https:\/\/redfoxlotto.com\/pt-pt\/#\/schema\/logo\/image\/","url":"https:\/\/redfoxlotto.com\/wp-content\/uploads\/2023\/04\/logo.png","contentUrl":"https:\/\/redfoxlotto.com\/wp-content\/uploads\/2023\/04\/logo.png","width":269,"height":53,"caption":"Get Tickets for the World\u2019s largest jackpots"},"image":{"@id":"https:\/\/redfoxlotto.com\/pt-pt\/#\/schema\/logo\/image\/"}}]}},"_links":{"self":[{"href":"https:\/\/redfoxlotto.com\/pt-pt\/wp-json\/wp\/v2\/pages\/14363","targetHints":{"allow":["GET"]}}],"collection":[{"href":"https:\/\/redfoxlotto.com\/pt-pt\/wp-json\/wp\/v2\/pages"}],"about":[{"href":"https:\/\/redfoxlotto.com\/pt-pt\/wp-json\/wp\/v2\/types\/page"}],"author":[{"embeddable":true,"href":"https:\/\/redfoxlotto.com\/pt-pt\/wp-json\/wp\/v2\/users\/1"}],"replies":[{"embeddable":true,"href":"https:\/\/redfoxlotto.com\/pt-pt\/wp-json\/wp\/v2\/comments?post=14363"}],"version-history":[{"count":0,"href":"https:\/\/redfoxlotto.com\/pt-pt\/wp-json\/wp\/v2\/pages\/14363\/revisions"}],"up":[{"embeddable":true,"href":"https:\/\/redfoxlotto.com\/pt-pt\/wp-json\/wp\/v2\/pages\/1003"}],"wp:attachment":[{"href":"https:\/\/redfoxlotto.com\/pt-pt\/wp-json\/wp\/v2\/media?parent=14363"}],"curies":[{"name":"wp","href":"https:\/\/api.w.org\/{rel}","templated":true}]}}