{"id":13639,"date":"2020-08-18T09:08:19","date_gmt":"2020-08-18T09:08:19","guid":{"rendered":"https:\/\/redfoxlotto.com\/?page_id=13639"},"modified":"2023-05-24T17:34:58","modified_gmt":"2023-05-24T17:34:58","slug":"thunderball","status":"publish","type":"page","link":"https:\/\/redfoxlotto.com\/pt-pt\/resultados\/thunderball\/","title":{"rendered":"Resultados Thunderball"},"content":{"rendered":"<h2 class=\"wp-block-heading\">Thunderball UK Lotto N\u00fameros vencedores<\/h2><p><img loading=\"lazy\" decoding=\"async\" class=\" wp-image alignright\" src=\"https:\/\/content.redfoxlotto.com\/uploads\/sites\/9\/1_online_lotto_results.jpg\" alt=\"thunderball results\" width=\"262\" height=\"262\" \/><\/p><p>O que fazer se tiver perdido o sorteio e quiser verificar os \u00faltimos n\u00fameros vencedores? Bem, est\u00e1 com sorte, porque verificar os n\u00fameros vencedores da Thunderball UK Lotto \u00e9 f\u00e1cil. Se ainda n\u00e3o tiver havido outro sorteio, pode consultar o website. Se tiver havido, pode precisar de verificar o arquivo de resultados.<\/p><h2 class=\"wp-block-heading\">Verificando os n\u00fameros actuais<\/h2><p>Se j\u00e1 jogou o jogo e quer verificar os \u00faltimos n\u00fameros vencedores, pode entrar directamente na sua conta, depois clicar em &#8216;Os meus bilhetes&#8217;. A partir da\u00ed, poder\u00e1 ver como os seus n\u00fameros se acumulam contra os n\u00fameros vencedores. E isso significa que poder\u00e1 ver o quanto ganhou.<\/p><p>Quaisquer n\u00fameros que coincidam com os n\u00fameros vencedores ser\u00e3o destacados, o que torna muito mais f\u00e1cil para si a verifica\u00e7\u00e3o do seu pr\u00e9mio. E na RedFoxLotto.com j\u00e1 reclamaremos o seu montante vencedor para pr\u00e9mios mais pequenos, pelo que este ser\u00e1 depositado directamente na sua conta.<\/p><h2 class=\"wp-block-heading\">N\u00fameros vencedores da lotaria Thunderball UK<\/h2><p><img loading=\"lazy\" decoding=\"async\" class=\" wp-image alignright\" src=\"https:\/\/content.redfoxlotto.com\/uploads\/sites\/9\/1_winner_lottery_jackpot.jpg\" alt=\"n\u00fameros de loteria vencedores\" width=\"282\" height=\"169\" \/><\/p><p>Para alguns, os n\u00fameros actuais n\u00e3o s\u00e3o suficientes para tomar uma decis\u00e3o sobre. Poder\u00e1 querer n\u00fameros mais antigos para poder decidir como quer jogar. Ou pode ter bilhetes mais antigos que queira comparar com os jogos para os quais foram sorteados.<br>Se precisar de n\u00fameros antigos da Thunderball UK Lotto, pode consultar o arquivo para saber mais e verificar qualquer informa\u00e7\u00e3o de que possa precisar. Pode at\u00e9 voltar atr\u00e1s em v\u00e1rios jogos para obter todos os n\u00fameros.<\/p>","protected":false},"excerpt":{"rendered":"<p>Thunderball UK Lotto N\u00fameros vencedores O que fazer se tiver perdido o sorteio e quiser verificar os \u00faltimos n\u00fameros vencedores? Bem, est\u00e1 com sorte, porque verificar os n\u00fameros vencedores da Thunderball UK Lotto \u00e9 f\u00e1cil. Se ainda n\u00e3o tiver havido outro sorteio, pode consultar o website. Se tiver havido, pode precisar de verificar o arquivo [&hellip;]<\/p>\n","protected":false},"author":1,"featured_media":0,"parent":1011,"menu_order":11,"comment_status":"closed","ping_status":"closed","template":"thunderball-results.php","meta":{"_et_pb_use_builder":"","_et_pb_old_content":"","_et_gb_content_width":"","exclude_from_search":false,"footnotes":""},"class_list":["post-13639","page","type-page","status-publish","hentry"],"yoast_head":"<!-- This site is optimized with the Yoast SEO plugin v23.8 - https:\/\/yoast.com\/wordpress\/plugins\/seo\/ -->\n<title>N\u00fameros e resultados actuais e recentes dos ganhos de Thunderball UK<\/title>\n<meta name=\"description\" content=\"Compare aqui os n\u00fameros dos seus bilhetes de lotaria com os resultados do sorteio do Thunderball\" \/>\n<meta name=\"robots\" content=\"index, follow, max-snippet:-1, max-image-preview:large, max-video-preview:-1\" \/>\n<link rel=\"canonical\" href=\"https:\/\/redfoxlotto.com\/pt-pt\/resultados\/thunderball\/\" \/>\n<meta property=\"og:locale\" content=\"pt_PT\" \/>\n<meta property=\"og:type\" content=\"article\" \/>\n<meta property=\"og:title\" content=\"N\u00fameros e resultados actuais e recentes dos ganhos de Thunderball UK\" \/>\n<meta property=\"og:description\" content=\"Compare aqui os n\u00fameros dos seus bilhetes de lotaria com os resultados do sorteio do Thunderball\" \/>\n<meta property=\"og:url\" content=\"https:\/\/redfoxlotto.com\/pt-pt\/resultados\/thunderball\/\" \/>\n<meta property=\"og:site_name\" content=\"Get Tickets for the World\u2019s largest jackpots\" \/>\n<meta property=\"article:modified_time\" content=\"2023-05-24T17:34:58+00:00\" \/>\n<meta property=\"og:image\" content=\"https:\/\/content.redfoxlotto.com\/uploads\/sites\/9\/1_online_lotto_results.jpg\" \/>\n<meta name=\"twitter:card\" content=\"summary_large_image\" \/>\n<meta name=\"twitter:label1\" content=\"Tempo estimado de leitura\" \/>\n\t<meta name=\"twitter:data1\" content=\"2 minutos\" \/>\n<script type=\"application\/ld+json\" class=\"yoast-schema-graph\">{\"@context\":\"https:\/\/schema.org\",\"@graph\":[{\"@type\":\"WebPage\",\"@id\":\"https:\/\/redfoxlotto.com\/pt-pt\/resultados\/thunderball\/\",\"url\":\"https:\/\/redfoxlotto.com\/pt-pt\/resultados\/thunderball\/\",\"name\":\"N\u00fameros e resultados actuais e recentes dos ganhos de Thunderball UK\",\"isPartOf\":{\"@id\":\"https:\/\/redfoxlotto.com\/pt-pt\/#website\"},\"primaryImageOfPage\":{\"@id\":\"https:\/\/redfoxlotto.com\/pt-pt\/resultados\/thunderball\/#primaryimage\"},\"image\":{\"@id\":\"https:\/\/redfoxlotto.com\/pt-pt\/resultados\/thunderball\/#primaryimage\"},\"thumbnailUrl\":\"https:\/\/content.redfoxlotto.com\/uploads\/sites\/9\/1_online_lotto_results.jpg\",\"datePublished\":\"2020-08-18T09:08:19+00:00\",\"dateModified\":\"2023-05-24T17:34:58+00:00\",\"description\":\"Compare aqui os n\u00fameros dos seus bilhetes de lotaria com os resultados do sorteio do Thunderball\",\"breadcrumb\":{\"@id\":\"https:\/\/redfoxlotto.com\/pt-pt\/resultados\/thunderball\/#breadcrumb\"},\"inLanguage\":\"pt-PT\",\"potentialAction\":[{\"@type\":\"ReadAction\",\"target\":[\"https:\/\/redfoxlotto.com\/pt-pt\/resultados\/thunderball\/\"]}]},{\"@type\":\"ImageObject\",\"inLanguage\":\"pt-PT\",\"@id\":\"https:\/\/redfoxlotto.com\/pt-pt\/resultados\/thunderball\/#primaryimage\",\"url\":\"https:\/\/content.redfoxlotto.com\/uploads\/sites\/9\/1_online_lotto_results.jpg\",\"contentUrl\":\"https:\/\/content.redfoxlotto.com\/uploads\/sites\/9\/1_online_lotto_results.jpg\"},{\"@type\":\"BreadcrumbList\",\"@id\":\"https:\/\/redfoxlotto.com\/pt-pt\/resultados\/thunderball\/#breadcrumb\",\"itemListElement\":[{\"@type\":\"ListItem\",\"position\":1,\"name\":\"Home\",\"item\":\"https:\/\/redfoxlotto.com\/pt-pt\/\"},{\"@type\":\"ListItem\",\"position\":2,\"name\":\"Resultados de lotarias internacionais\",\"item\":\"https:\/\/redfoxlotto.com\/pt-pt\/resultados\/\"},{\"@type\":\"ListItem\",\"position\":3,\"name\":\"Resultados Thunderball\"}]},{\"@type\":\"WebSite\",\"@id\":\"https:\/\/redfoxlotto.com\/pt-pt\/#website\",\"url\":\"https:\/\/redfoxlotto.com\/pt-pt\/\",\"name\":\"Get Tickets for the World\u2019s largest jackpots\",\"description\":\"Participate in worldwide lottery jackpots from any country\",\"publisher\":{\"@id\":\"https:\/\/redfoxlotto.com\/pt-pt\/#organization\"},\"potentialAction\":[{\"@type\":\"SearchAction\",\"target\":{\"@type\":\"EntryPoint\",\"urlTemplate\":\"https:\/\/redfoxlotto.com\/pt-pt\/?s={search_term_string}\"},\"query-input\":{\"@type\":\"PropertyValueSpecification\",\"valueRequired\":true,\"valueName\":\"search_term_string\"}}],\"inLanguage\":\"pt-PT\"},{\"@type\":\"Organization\",\"@id\":\"https:\/\/redfoxlotto.com\/pt-pt\/#organization\",\"name\":\"Get Tickets for the World\u2019s largest jackpots\",\"url\":\"https:\/\/redfoxlotto.com\/pt-pt\/\",\"logo\":{\"@type\":\"ImageObject\",\"inLanguage\":\"pt-PT\",\"@id\":\"https:\/\/redfoxlotto.com\/pt-pt\/#\/schema\/logo\/image\/\",\"url\":\"https:\/\/redfoxlotto.com\/wp-content\/uploads\/2023\/04\/logo.png\",\"contentUrl\":\"https:\/\/redfoxlotto.com\/wp-content\/uploads\/2023\/04\/logo.png\",\"width\":269,\"height\":53,\"caption\":\"Get Tickets for the World\u2019s largest jackpots\"},\"image\":{\"@id\":\"https:\/\/redfoxlotto.com\/pt-pt\/#\/schema\/logo\/image\/\"}}]}<\/script>\n<!-- \/ Yoast SEO plugin. -->","yoast_head_json":{"title":"N\u00fameros e resultados actuais e recentes dos ganhos de Thunderball UK","description":"Compare aqui os n\u00fameros dos seus bilhetes de lotaria com os resultados do sorteio do Thunderball","robots":{"index":"index","follow":"follow","max-snippet":"max-snippet:-1","max-image-preview":"max-image-preview:large","max-video-preview":"max-video-preview:-1"},"canonical":"https:\/\/redfoxlotto.com\/pt-pt\/resultados\/thunderball\/","og_locale":"pt_PT","og_type":"article","og_title":"N\u00fameros e resultados actuais e recentes dos ganhos de Thunderball UK","og_description":"Compare aqui os n\u00fameros dos seus bilhetes de lotaria com os resultados do sorteio do Thunderball","og_url":"https:\/\/redfoxlotto.com\/pt-pt\/resultados\/thunderball\/","og_site_name":"Get Tickets for the World\u2019s largest jackpots","article_modified_time":"2023-05-24T17:34:58+00:00","og_image":[{"url":"https:\/\/content.redfoxlotto.com\/uploads\/sites\/9\/1_online_lotto_results.jpg"}],"twitter_card":"summary_large_image","twitter_misc":{"Tempo estimado de leitura":"2 minutos"},"schema":{"@context":"https:\/\/schema.org","@graph":[{"@type":"WebPage","@id":"https:\/\/redfoxlotto.com\/pt-pt\/resultados\/thunderball\/","url":"https:\/\/redfoxlotto.com\/pt-pt\/resultados\/thunderball\/","name":"N\u00fameros e resultados actuais e recentes dos ganhos de Thunderball UK","isPartOf":{"@id":"https:\/\/redfoxlotto.com\/pt-pt\/#website"},"primaryImageOfPage":{"@id":"https:\/\/redfoxlotto.com\/pt-pt\/resultados\/thunderball\/#primaryimage"},"image":{"@id":"https:\/\/redfoxlotto.com\/pt-pt\/resultados\/thunderball\/#primaryimage"},"thumbnailUrl":"https:\/\/content.redfoxlotto.com\/uploads\/sites\/9\/1_online_lotto_results.jpg","datePublished":"2020-08-18T09:08:19+00:00","dateModified":"2023-05-24T17:34:58+00:00","description":"Compare aqui os n\u00fameros dos seus bilhetes de lotaria com os resultados do sorteio do Thunderball","breadcrumb":{"@id":"https:\/\/redfoxlotto.com\/pt-pt\/resultados\/thunderball\/#breadcrumb"},"inLanguage":"pt-PT","potentialAction":[{"@type":"ReadAction","target":["https:\/\/redfoxlotto.com\/pt-pt\/resultados\/thunderball\/"]}]},{"@type":"ImageObject","inLanguage":"pt-PT","@id":"https:\/\/redfoxlotto.com\/pt-pt\/resultados\/thunderball\/#primaryimage","url":"https:\/\/content.redfoxlotto.com\/uploads\/sites\/9\/1_online_lotto_results.jpg","contentUrl":"https:\/\/content.redfoxlotto.com\/uploads\/sites\/9\/1_online_lotto_results.jpg"},{"@type":"BreadcrumbList","@id":"https:\/\/redfoxlotto.com\/pt-pt\/resultados\/thunderball\/#breadcrumb","itemListElement":[{"@type":"ListItem","position":1,"name":"Home","item":"https:\/\/redfoxlotto.com\/pt-pt\/"},{"@type":"ListItem","position":2,"name":"Resultados de lotarias internacionais","item":"https:\/\/redfoxlotto.com\/pt-pt\/resultados\/"},{"@type":"ListItem","position":3,"name":"Resultados Thunderball"}]},{"@type":"WebSite","@id":"https:\/\/redfoxlotto.com\/pt-pt\/#website","url":"https:\/\/redfoxlotto.com\/pt-pt\/","name":"Get Tickets for the World\u2019s largest jackpots","description":"Participate in worldwide lottery jackpots from any country","publisher":{"@id":"https:\/\/redfoxlotto.com\/pt-pt\/#organization"},"potentialAction":[{"@type":"SearchAction","target":{"@type":"EntryPoint","urlTemplate":"https:\/\/redfoxlotto.com\/pt-pt\/?s={search_term_string}"},"query-input":{"@type":"PropertyValueSpecification","valueRequired":true,"valueName":"search_term_string"}}],"inLanguage":"pt-PT"},{"@type":"Organization","@id":"https:\/\/redfoxlotto.com\/pt-pt\/#organization","name":"Get Tickets for the World\u2019s largest jackpots","url":"https:\/\/redfoxlotto.com\/pt-pt\/","logo":{"@type":"ImageObject","inLanguage":"pt-PT","@id":"https:\/\/redfoxlotto.com\/pt-pt\/#\/schema\/logo\/image\/","url":"https:\/\/redfoxlotto.com\/wp-content\/uploads\/2023\/04\/logo.png","contentUrl":"https:\/\/redfoxlotto.com\/wp-content\/uploads\/2023\/04\/logo.png","width":269,"height":53,"caption":"Get Tickets for the World\u2019s largest jackpots"},"image":{"@id":"https:\/\/redfoxlotto.com\/pt-pt\/#\/schema\/logo\/image\/"}}]}},"_links":{"self":[{"href":"https:\/\/redfoxlotto.com\/pt-pt\/wp-json\/wp\/v2\/pages\/13639","targetHints":{"allow":["GET"]}}],"collection":[{"href":"https:\/\/redfoxlotto.com\/pt-pt\/wp-json\/wp\/v2\/pages"}],"about":[{"href":"https:\/\/redfoxlotto.com\/pt-pt\/wp-json\/wp\/v2\/types\/page"}],"author":[{"embeddable":true,"href":"https:\/\/redfoxlotto.com\/pt-pt\/wp-json\/wp\/v2\/users\/1"}],"replies":[{"embeddable":true,"href":"https:\/\/redfoxlotto.com\/pt-pt\/wp-json\/wp\/v2\/comments?post=13639"}],"version-history":[{"count":0,"href":"https:\/\/redfoxlotto.com\/pt-pt\/wp-json\/wp\/v2\/pages\/13639\/revisions"}],"up":[{"embeddable":true,"href":"https:\/\/redfoxlotto.com\/pt-pt\/wp-json\/wp\/v2\/pages\/1011"}],"wp:attachment":[{"href":"https:\/\/redfoxlotto.com\/pt-pt\/wp-json\/wp\/v2\/media?parent=13639"}],"curies":[{"name":"wp","href":"https:\/\/api.w.org\/{rel}","templated":true}]}}