{"id":13509,"date":"2020-07-20T08:57:09","date_gmt":"2020-07-20T08:57:09","guid":{"rendered":"https:\/\/redfoxlotto.com\/?page_id=13509"},"modified":"2023-05-24T17:34:38","modified_gmt":"2023-05-24T17:34:38","slug":"mega-sena","status":"publish","type":"page","link":"https:\/\/redfoxlotto.com\/pt-pt\/resultados\/mega-sena\/","title":{"rendered":"Resultados da Mega Sena"},"content":{"rendered":"<h2 class=\"wp-block-heading\">Mega Sena Brasil N\u00fameros Ganhadores<\/h2><p><img loading=\"lazy\" decoding=\"async\" class=\" wp-image alignright\" src=\"https:\/\/content.redfoxlotto.com\/uploads\/sites\/9\/1_you_win_jackpot.jpg\" alt=\"win lottery jackpot\" width=\"235\" height=\"235\" \/><\/p><p>Se j\u00e1 jogou a Mega Sena ent\u00e3o precisa de saber se ganhou, certo? Ent\u00e3o, como verifica os n\u00fameros vencedores da Mega Sena Brasil? Basta visitar a sua conta na RedFoxLotto.com. Poder\u00e1 encontrar os \u00faltimos resultados do jogo e, se j\u00e1 jogou, poder\u00e1 encontr\u00e1-los ainda mais facilmente.<\/p><h2 class=\"wp-block-heading\">Verificando os seus n\u00fameros<\/h2><p>Se quiser saber se ganhou na Mega Sena Brasil, basta entrar na sua p\u00e1gina de bilhetes na sua conta. A partir da\u00ed pode ver os seus n\u00fameros em compara\u00e7\u00e3o com os n\u00fameros vencedores. Isso torna ainda mais f\u00e1cil para si saber o que ganhou e que n\u00fameros foram bons ou n\u00e3o.<\/p><p>Mas n\u00e3o precisa de se preocupar com nada porque tudo o que ganhar ser\u00e1 automaticamente reclamado para si e depois depositado na sua conta. Dessa forma, pode simplesmente sentar-se e relaxar depois de ter comprado o seu bilhete. Pelo menos, at\u00e9 que seja altura de comprar o pr\u00f3ximo.<\/p><h2 class=\"wp-block-heading\">Verificar N\u00fameros Velhos Vencedores<\/h2><p>Se tiver um bilhete mais antigo que queira verificar, pode faz\u00ea-lo procurando no arquivo. Examinar os antigos n\u00fameros vencedores da Mega Sena Brasil tamb\u00e9m \u00e9 bom se estiver a planear apostar alguns desses n\u00fameros. Tudo o que tem de fazer \u00e9 dar uma vista de olhos e poder\u00e1 ver que n\u00fameros surgiram mais (ou menos) frequentemente.<\/p>","protected":false},"excerpt":{"rendered":"<p>Mega Sena Brasil N\u00fameros Ganhadores Se j\u00e1 jogou a Mega Sena ent\u00e3o precisa de saber se ganhou, certo? Ent\u00e3o, como verifica os n\u00fameros vencedores da Mega Sena Brasil? Basta visitar a sua conta na RedFoxLotto.com. Poder\u00e1 encontrar os \u00faltimos resultados do jogo e, se j\u00e1 jogou, poder\u00e1 encontr\u00e1-los ainda mais facilmente. Verificando os seus n\u00fameros [&hellip;]<\/p>\n","protected":false},"author":1,"featured_media":0,"parent":1011,"menu_order":13,"comment_status":"closed","ping_status":"closed","template":"megasena-results.php","meta":{"_et_pb_use_builder":"","_et_pb_old_content":"","_et_gb_content_width":"","exclude_from_search":false,"footnotes":""},"class_list":["post-13509","page","type-page","status-publish","hentry"],"yoast_head":"<!-- This site is optimized with the Yoast SEO plugin v23.8 - https:\/\/yoast.com\/wordpress\/plugins\/seo\/ -->\n<title>N\u00fameros vencedores da Mega Sena | Resultados do sorteio da Mega Sena do Brasil<\/title>\n<meta name=\"description\" content=\"Verifique os n\u00fameros mais recentes e anteriores para a Mega Sena\" \/>\n<meta name=\"robots\" content=\"index, follow, max-snippet:-1, max-image-preview:large, max-video-preview:-1\" \/>\n<link rel=\"canonical\" href=\"https:\/\/redfoxlotto.com\/pt-pt\/resultados\/mega-sena\/\" \/>\n<meta property=\"og:locale\" content=\"pt_PT\" \/>\n<meta property=\"og:type\" content=\"article\" \/>\n<meta property=\"og:title\" content=\"N\u00fameros vencedores da Mega Sena | Resultados do sorteio da Mega Sena do Brasil\" \/>\n<meta property=\"og:description\" content=\"Verifique os n\u00fameros mais recentes e anteriores para a Mega Sena\" \/>\n<meta property=\"og:url\" content=\"https:\/\/redfoxlotto.com\/pt-pt\/resultados\/mega-sena\/\" \/>\n<meta property=\"og:site_name\" content=\"Get Tickets for the World\u2019s largest jackpots\" \/>\n<meta property=\"article:modified_time\" content=\"2023-05-24T17:34:38+00:00\" \/>\n<meta property=\"og:image\" content=\"https:\/\/content.redfoxlotto.com\/uploads\/sites\/9\/1_you_win_jackpot.jpg\" \/>\n<meta name=\"twitter:card\" content=\"summary_large_image\" \/>\n<meta name=\"twitter:label1\" content=\"Tempo estimado de leitura\" \/>\n\t<meta name=\"twitter:data1\" content=\"2 minutos\" \/>\n<script type=\"application\/ld+json\" class=\"yoast-schema-graph\">{\"@context\":\"https:\/\/schema.org\",\"@graph\":[{\"@type\":\"WebPage\",\"@id\":\"https:\/\/redfoxlotto.com\/pt-pt\/resultados\/mega-sena\/\",\"url\":\"https:\/\/redfoxlotto.com\/pt-pt\/resultados\/mega-sena\/\",\"name\":\"N\u00fameros vencedores da Mega Sena | Resultados do sorteio da Mega Sena do Brasil\",\"isPartOf\":{\"@id\":\"https:\/\/redfoxlotto.com\/pt-pt\/#website\"},\"primaryImageOfPage\":{\"@id\":\"https:\/\/redfoxlotto.com\/pt-pt\/resultados\/mega-sena\/#primaryimage\"},\"image\":{\"@id\":\"https:\/\/redfoxlotto.com\/pt-pt\/resultados\/mega-sena\/#primaryimage\"},\"thumbnailUrl\":\"https:\/\/content.redfoxlotto.com\/uploads\/sites\/9\/1_you_win_jackpot.jpg\",\"datePublished\":\"2020-07-20T08:57:09+00:00\",\"dateModified\":\"2023-05-24T17:34:38+00:00\",\"description\":\"Verifique os n\u00fameros mais recentes e anteriores para a Mega Sena\",\"breadcrumb\":{\"@id\":\"https:\/\/redfoxlotto.com\/pt-pt\/resultados\/mega-sena\/#breadcrumb\"},\"inLanguage\":\"pt-PT\",\"potentialAction\":[{\"@type\":\"ReadAction\",\"target\":[\"https:\/\/redfoxlotto.com\/pt-pt\/resultados\/mega-sena\/\"]}]},{\"@type\":\"ImageObject\",\"inLanguage\":\"pt-PT\",\"@id\":\"https:\/\/redfoxlotto.com\/pt-pt\/resultados\/mega-sena\/#primaryimage\",\"url\":\"https:\/\/content.redfoxlotto.com\/uploads\/sites\/9\/1_you_win_jackpot.jpg\",\"contentUrl\":\"https:\/\/content.redfoxlotto.com\/uploads\/sites\/9\/1_you_win_jackpot.jpg\"},{\"@type\":\"BreadcrumbList\",\"@id\":\"https:\/\/redfoxlotto.com\/pt-pt\/resultados\/mega-sena\/#breadcrumb\",\"itemListElement\":[{\"@type\":\"ListItem\",\"position\":1,\"name\":\"Home\",\"item\":\"https:\/\/redfoxlotto.com\/pt-pt\/\"},{\"@type\":\"ListItem\",\"position\":2,\"name\":\"Resultados de lotarias internacionais\",\"item\":\"https:\/\/redfoxlotto.com\/pt-pt\/resultados\/\"},{\"@type\":\"ListItem\",\"position\":3,\"name\":\"Resultados da Mega Sena\"}]},{\"@type\":\"WebSite\",\"@id\":\"https:\/\/redfoxlotto.com\/pt-pt\/#website\",\"url\":\"https:\/\/redfoxlotto.com\/pt-pt\/\",\"name\":\"Get Tickets for the World\u2019s largest jackpots\",\"description\":\"Participate in worldwide lottery jackpots from any country\",\"publisher\":{\"@id\":\"https:\/\/redfoxlotto.com\/pt-pt\/#organization\"},\"potentialAction\":[{\"@type\":\"SearchAction\",\"target\":{\"@type\":\"EntryPoint\",\"urlTemplate\":\"https:\/\/redfoxlotto.com\/pt-pt\/?s={search_term_string}\"},\"query-input\":{\"@type\":\"PropertyValueSpecification\",\"valueRequired\":true,\"valueName\":\"search_term_string\"}}],\"inLanguage\":\"pt-PT\"},{\"@type\":\"Organization\",\"@id\":\"https:\/\/redfoxlotto.com\/pt-pt\/#organization\",\"name\":\"Get Tickets for the World\u2019s largest jackpots\",\"url\":\"https:\/\/redfoxlotto.com\/pt-pt\/\",\"logo\":{\"@type\":\"ImageObject\",\"inLanguage\":\"pt-PT\",\"@id\":\"https:\/\/redfoxlotto.com\/pt-pt\/#\/schema\/logo\/image\/\",\"url\":\"https:\/\/redfoxlotto.com\/wp-content\/uploads\/2023\/04\/logo.png\",\"contentUrl\":\"https:\/\/redfoxlotto.com\/wp-content\/uploads\/2023\/04\/logo.png\",\"width\":269,\"height\":53,\"caption\":\"Get Tickets for the World\u2019s largest jackpots\"},\"image\":{\"@id\":\"https:\/\/redfoxlotto.com\/pt-pt\/#\/schema\/logo\/image\/\"}}]}<\/script>\n<!-- \/ Yoast SEO plugin. -->","yoast_head_json":{"title":"N\u00fameros vencedores da Mega Sena | Resultados do sorteio da Mega Sena do Brasil","description":"Verifique os n\u00fameros mais recentes e anteriores para a Mega Sena","robots":{"index":"index","follow":"follow","max-snippet":"max-snippet:-1","max-image-preview":"max-image-preview:large","max-video-preview":"max-video-preview:-1"},"canonical":"https:\/\/redfoxlotto.com\/pt-pt\/resultados\/mega-sena\/","og_locale":"pt_PT","og_type":"article","og_title":"N\u00fameros vencedores da Mega Sena | Resultados do sorteio da Mega Sena do Brasil","og_description":"Verifique os n\u00fameros mais recentes e anteriores para a Mega Sena","og_url":"https:\/\/redfoxlotto.com\/pt-pt\/resultados\/mega-sena\/","og_site_name":"Get Tickets for the World\u2019s largest jackpots","article_modified_time":"2023-05-24T17:34:38+00:00","og_image":[{"url":"https:\/\/content.redfoxlotto.com\/uploads\/sites\/9\/1_you_win_jackpot.jpg"}],"twitter_card":"summary_large_image","twitter_misc":{"Tempo estimado de leitura":"2 minutos"},"schema":{"@context":"https:\/\/schema.org","@graph":[{"@type":"WebPage","@id":"https:\/\/redfoxlotto.com\/pt-pt\/resultados\/mega-sena\/","url":"https:\/\/redfoxlotto.com\/pt-pt\/resultados\/mega-sena\/","name":"N\u00fameros vencedores da Mega Sena | Resultados do sorteio da Mega Sena do Brasil","isPartOf":{"@id":"https:\/\/redfoxlotto.com\/pt-pt\/#website"},"primaryImageOfPage":{"@id":"https:\/\/redfoxlotto.com\/pt-pt\/resultados\/mega-sena\/#primaryimage"},"image":{"@id":"https:\/\/redfoxlotto.com\/pt-pt\/resultados\/mega-sena\/#primaryimage"},"thumbnailUrl":"https:\/\/content.redfoxlotto.com\/uploads\/sites\/9\/1_you_win_jackpot.jpg","datePublished":"2020-07-20T08:57:09+00:00","dateModified":"2023-05-24T17:34:38+00:00","description":"Verifique os n\u00fameros mais recentes e anteriores para a Mega Sena","breadcrumb":{"@id":"https:\/\/redfoxlotto.com\/pt-pt\/resultados\/mega-sena\/#breadcrumb"},"inLanguage":"pt-PT","potentialAction":[{"@type":"ReadAction","target":["https:\/\/redfoxlotto.com\/pt-pt\/resultados\/mega-sena\/"]}]},{"@type":"ImageObject","inLanguage":"pt-PT","@id":"https:\/\/redfoxlotto.com\/pt-pt\/resultados\/mega-sena\/#primaryimage","url":"https:\/\/content.redfoxlotto.com\/uploads\/sites\/9\/1_you_win_jackpot.jpg","contentUrl":"https:\/\/content.redfoxlotto.com\/uploads\/sites\/9\/1_you_win_jackpot.jpg"},{"@type":"BreadcrumbList","@id":"https:\/\/redfoxlotto.com\/pt-pt\/resultados\/mega-sena\/#breadcrumb","itemListElement":[{"@type":"ListItem","position":1,"name":"Home","item":"https:\/\/redfoxlotto.com\/pt-pt\/"},{"@type":"ListItem","position":2,"name":"Resultados de lotarias internacionais","item":"https:\/\/redfoxlotto.com\/pt-pt\/resultados\/"},{"@type":"ListItem","position":3,"name":"Resultados da Mega Sena"}]},{"@type":"WebSite","@id":"https:\/\/redfoxlotto.com\/pt-pt\/#website","url":"https:\/\/redfoxlotto.com\/pt-pt\/","name":"Get Tickets for the World\u2019s largest jackpots","description":"Participate in worldwide lottery jackpots from any country","publisher":{"@id":"https:\/\/redfoxlotto.com\/pt-pt\/#organization"},"potentialAction":[{"@type":"SearchAction","target":{"@type":"EntryPoint","urlTemplate":"https:\/\/redfoxlotto.com\/pt-pt\/?s={search_term_string}"},"query-input":{"@type":"PropertyValueSpecification","valueRequired":true,"valueName":"search_term_string"}}],"inLanguage":"pt-PT"},{"@type":"Organization","@id":"https:\/\/redfoxlotto.com\/pt-pt\/#organization","name":"Get Tickets for the World\u2019s largest jackpots","url":"https:\/\/redfoxlotto.com\/pt-pt\/","logo":{"@type":"ImageObject","inLanguage":"pt-PT","@id":"https:\/\/redfoxlotto.com\/pt-pt\/#\/schema\/logo\/image\/","url":"https:\/\/redfoxlotto.com\/wp-content\/uploads\/2023\/04\/logo.png","contentUrl":"https:\/\/redfoxlotto.com\/wp-content\/uploads\/2023\/04\/logo.png","width":269,"height":53,"caption":"Get Tickets for the World\u2019s largest jackpots"},"image":{"@id":"https:\/\/redfoxlotto.com\/pt-pt\/#\/schema\/logo\/image\/"}}]}},"_links":{"self":[{"href":"https:\/\/redfoxlotto.com\/pt-pt\/wp-json\/wp\/v2\/pages\/13509","targetHints":{"allow":["GET"]}}],"collection":[{"href":"https:\/\/redfoxlotto.com\/pt-pt\/wp-json\/wp\/v2\/pages"}],"about":[{"href":"https:\/\/redfoxlotto.com\/pt-pt\/wp-json\/wp\/v2\/types\/page"}],"author":[{"embeddable":true,"href":"https:\/\/redfoxlotto.com\/pt-pt\/wp-json\/wp\/v2\/users\/1"}],"replies":[{"embeddable":true,"href":"https:\/\/redfoxlotto.com\/pt-pt\/wp-json\/wp\/v2\/comments?post=13509"}],"version-history":[{"count":0,"href":"https:\/\/redfoxlotto.com\/pt-pt\/wp-json\/wp\/v2\/pages\/13509\/revisions"}],"up":[{"embeddable":true,"href":"https:\/\/redfoxlotto.com\/pt-pt\/wp-json\/wp\/v2\/pages\/1011"}],"wp:attachment":[{"href":"https:\/\/redfoxlotto.com\/pt-pt\/wp-json\/wp\/v2\/media?parent=13509"}],"curies":[{"name":"wp","href":"https:\/\/api.w.org\/{rel}","templated":true}]}}