{"id":13473,"date":"2020-08-18T09:14:14","date_gmt":"2020-08-18T09:14:14","guid":{"rendered":"https:\/\/redfoxlotto.com\/?page_id=13473"},"modified":"2023-05-24T17:34:29","modified_gmt":"2023-05-24T17:34:29","slug":"lotto-at","status":"publish","type":"page","link":"https:\/\/redfoxlotto.com\/pt-pt\/resultados\/lotto-at\/","title":{"rendered":"Resultados do Lotto \u00c1ustria"},"content":{"rendered":"<h2 class=\"wp-block-heading\">N\u00fameros ganhos na Lotaria Austr\u00edaca<\/h2><p>Onde vai encontrar os n\u00fameros vencedores da Lotaria Austr\u00edaca ap\u00f3s o fim do sorteio? Tudo o que tem de fazer \u00e9 entrar no nosso website onde adquiriu os seus bilhetes e os n\u00fameros estar\u00e3o l\u00e1 para si.<\/p><h2 class=\"wp-block-heading\">Verificar os \u00faltimos resultados<\/h2><p>Com RedFoxLotto.com pode encontrar os \u00faltimos resultados para todos os seus jogos favoritos dispon\u00edveis directamente no nosso website. N\u00e3o tem de se preocupar com nada porque tudo vai ficar bem ali. Mas se comprou os seus pr\u00f3prios bilhetes, vai ser ainda mais f\u00e1cil encontrar os resultados certos.<\/p><h2 class=\"wp-block-heading\">Verificar os seus resultados<\/h2><p>Se os seus bilhetes tiverem os n\u00fameros vencedores da Lotaria Austr\u00edaca, saber\u00e1 de imediato. Isto porque basta entrar na sua conta pessoal, verificar &#8216;os meus bilhetes&#8217; e ver quais os n\u00fameros que correspondem aos n\u00fameros vencedores dos \u00faltimos sorteios.<\/p><p>Quaisquer bilhetes que comprar para qualquer jogo estar\u00e3o dispon\u00edveis aqui e poder\u00e1 ver quais os n\u00fameros que tem em comum com o bilhete vencedor, bem como o que poder\u00e1 ter ganho. Se for um montante at\u00e9 2500,00 c\u00eantimos, ser\u00e1 mesmo depositado na sua conta para si de imediato.<\/p><h2 class=\"wp-block-heading\">Arquivo de Resultados da Lotaria Austr\u00edaca<\/h2><p>Uma vez conhecidos os n\u00fameros vencedores da actual Lotaria Austr\u00edaca, poder\u00e1 querer conhecer alguns dos n\u00fameros antigos. Tudo o que tem de fazer \u00e9 verificar o arquivo de resultados e pode ver quais os n\u00fameros que ganharam no passado e quais os que tendem a ganhar mais frequentemente.<\/p>","protected":false},"excerpt":{"rendered":"<p>N\u00fameros ganhos na Lotaria Austr\u00edaca Onde vai encontrar os n\u00fameros vencedores da Lotaria Austr\u00edaca ap\u00f3s o fim do sorteio? Tudo o que tem de fazer \u00e9 entrar no nosso website onde adquiriu os seus bilhetes e os n\u00fameros estar\u00e3o l\u00e1 para si. Verificar os \u00faltimos resultados Com RedFoxLotto.com pode encontrar os \u00faltimos resultados para todos [&hellip;]<\/p>\n","protected":false},"author":1,"featured_media":0,"parent":1011,"menu_order":16,"comment_status":"closed","ping_status":"closed","template":"","meta":{"_et_pb_use_builder":"","_et_pb_old_content":"","_et_gb_content_width":"","exclude_from_search":false,"footnotes":""},"class_list":["post-13473","page","type-page","status-publish","hentry"],"yoast_head":"<!-- This site is optimized with the Yoast SEO plugin v23.8 - https:\/\/yoast.com\/wordpress\/plugins\/seo\/ -->\n<title>N\u00fameros e resultados vencedores para a lotaria austr\u00edaca<\/title>\n<meta name=\"description\" content=\"Resultados semanais de sorteios novos e passados para a lotaria austr\u00edaca\" \/>\n<meta name=\"robots\" content=\"index, follow, max-snippet:-1, max-image-preview:large, max-video-preview:-1\" \/>\n<link rel=\"canonical\" href=\"https:\/\/redfoxlotto.com\/pt-pt\/resultados\/lotto-at\/\" \/>\n<meta property=\"og:locale\" content=\"pt_PT\" \/>\n<meta property=\"og:type\" content=\"article\" \/>\n<meta property=\"og:title\" content=\"N\u00fameros e resultados vencedores para a lotaria austr\u00edaca\" \/>\n<meta property=\"og:description\" content=\"Resultados semanais de sorteios novos e passados para a lotaria austr\u00edaca\" \/>\n<meta property=\"og:url\" content=\"https:\/\/redfoxlotto.com\/pt-pt\/resultados\/lotto-at\/\" \/>\n<meta property=\"og:site_name\" content=\"Get Tickets for the World\u2019s largest jackpots\" \/>\n<meta property=\"article:modified_time\" content=\"2023-05-24T17:34:29+00:00\" \/>\n<meta name=\"twitter:card\" content=\"summary_large_image\" \/>\n<meta name=\"twitter:label1\" content=\"Tempo estimado de leitura\" \/>\n\t<meta name=\"twitter:data1\" content=\"1 minuto\" \/>\n<script type=\"application\/ld+json\" class=\"yoast-schema-graph\">{\"@context\":\"https:\/\/schema.org\",\"@graph\":[{\"@type\":\"WebPage\",\"@id\":\"https:\/\/redfoxlotto.com\/pt-pt\/resultados\/lotto-at\/\",\"url\":\"https:\/\/redfoxlotto.com\/pt-pt\/resultados\/lotto-at\/\",\"name\":\"N\u00fameros e resultados vencedores para a lotaria austr\u00edaca\",\"isPartOf\":{\"@id\":\"https:\/\/redfoxlotto.com\/pt-pt\/#website\"},\"datePublished\":\"2020-08-18T09:14:14+00:00\",\"dateModified\":\"2023-05-24T17:34:29+00:00\",\"description\":\"Resultados semanais de sorteios novos e passados para a lotaria austr\u00edaca\",\"breadcrumb\":{\"@id\":\"https:\/\/redfoxlotto.com\/pt-pt\/resultados\/lotto-at\/#breadcrumb\"},\"inLanguage\":\"pt-PT\",\"potentialAction\":[{\"@type\":\"ReadAction\",\"target\":[\"https:\/\/redfoxlotto.com\/pt-pt\/resultados\/lotto-at\/\"]}]},{\"@type\":\"BreadcrumbList\",\"@id\":\"https:\/\/redfoxlotto.com\/pt-pt\/resultados\/lotto-at\/#breadcrumb\",\"itemListElement\":[{\"@type\":\"ListItem\",\"position\":1,\"name\":\"Home\",\"item\":\"https:\/\/redfoxlotto.com\/pt-pt\/\"},{\"@type\":\"ListItem\",\"position\":2,\"name\":\"Resultados de lotarias internacionais\",\"item\":\"https:\/\/redfoxlotto.com\/pt-pt\/resultados\/\"},{\"@type\":\"ListItem\",\"position\":3,\"name\":\"Resultados do Lotto \u00c1ustria\"}]},{\"@type\":\"WebSite\",\"@id\":\"https:\/\/redfoxlotto.com\/pt-pt\/#website\",\"url\":\"https:\/\/redfoxlotto.com\/pt-pt\/\",\"name\":\"Get Tickets for the World\u2019s largest jackpots\",\"description\":\"Participate in worldwide lottery jackpots from any country\",\"publisher\":{\"@id\":\"https:\/\/redfoxlotto.com\/pt-pt\/#organization\"},\"potentialAction\":[{\"@type\":\"SearchAction\",\"target\":{\"@type\":\"EntryPoint\",\"urlTemplate\":\"https:\/\/redfoxlotto.com\/pt-pt\/?s={search_term_string}\"},\"query-input\":{\"@type\":\"PropertyValueSpecification\",\"valueRequired\":true,\"valueName\":\"search_term_string\"}}],\"inLanguage\":\"pt-PT\"},{\"@type\":\"Organization\",\"@id\":\"https:\/\/redfoxlotto.com\/pt-pt\/#organization\",\"name\":\"Get Tickets for the World\u2019s largest jackpots\",\"url\":\"https:\/\/redfoxlotto.com\/pt-pt\/\",\"logo\":{\"@type\":\"ImageObject\",\"inLanguage\":\"pt-PT\",\"@id\":\"https:\/\/redfoxlotto.com\/pt-pt\/#\/schema\/logo\/image\/\",\"url\":\"https:\/\/redfoxlotto.com\/wp-content\/uploads\/2023\/04\/logo.png\",\"contentUrl\":\"https:\/\/redfoxlotto.com\/wp-content\/uploads\/2023\/04\/logo.png\",\"width\":269,\"height\":53,\"caption\":\"Get Tickets for the World\u2019s largest jackpots\"},\"image\":{\"@id\":\"https:\/\/redfoxlotto.com\/pt-pt\/#\/schema\/logo\/image\/\"}}]}<\/script>\n<!-- \/ Yoast SEO plugin. -->","yoast_head_json":{"title":"N\u00fameros e resultados vencedores para a lotaria austr\u00edaca","description":"Resultados semanais de sorteios novos e passados para a lotaria austr\u00edaca","robots":{"index":"index","follow":"follow","max-snippet":"max-snippet:-1","max-image-preview":"max-image-preview:large","max-video-preview":"max-video-preview:-1"},"canonical":"https:\/\/redfoxlotto.com\/pt-pt\/resultados\/lotto-at\/","og_locale":"pt_PT","og_type":"article","og_title":"N\u00fameros e resultados vencedores para a lotaria austr\u00edaca","og_description":"Resultados semanais de sorteios novos e passados para a lotaria austr\u00edaca","og_url":"https:\/\/redfoxlotto.com\/pt-pt\/resultados\/lotto-at\/","og_site_name":"Get Tickets for the World\u2019s largest jackpots","article_modified_time":"2023-05-24T17:34:29+00:00","twitter_card":"summary_large_image","twitter_misc":{"Tempo estimado de leitura":"1 minuto"},"schema":{"@context":"https:\/\/schema.org","@graph":[{"@type":"WebPage","@id":"https:\/\/redfoxlotto.com\/pt-pt\/resultados\/lotto-at\/","url":"https:\/\/redfoxlotto.com\/pt-pt\/resultados\/lotto-at\/","name":"N\u00fameros e resultados vencedores para a lotaria austr\u00edaca","isPartOf":{"@id":"https:\/\/redfoxlotto.com\/pt-pt\/#website"},"datePublished":"2020-08-18T09:14:14+00:00","dateModified":"2023-05-24T17:34:29+00:00","description":"Resultados semanais de sorteios novos e passados para a lotaria austr\u00edaca","breadcrumb":{"@id":"https:\/\/redfoxlotto.com\/pt-pt\/resultados\/lotto-at\/#breadcrumb"},"inLanguage":"pt-PT","potentialAction":[{"@type":"ReadAction","target":["https:\/\/redfoxlotto.com\/pt-pt\/resultados\/lotto-at\/"]}]},{"@type":"BreadcrumbList","@id":"https:\/\/redfoxlotto.com\/pt-pt\/resultados\/lotto-at\/#breadcrumb","itemListElement":[{"@type":"ListItem","position":1,"name":"Home","item":"https:\/\/redfoxlotto.com\/pt-pt\/"},{"@type":"ListItem","position":2,"name":"Resultados de lotarias internacionais","item":"https:\/\/redfoxlotto.com\/pt-pt\/resultados\/"},{"@type":"ListItem","position":3,"name":"Resultados do Lotto \u00c1ustria"}]},{"@type":"WebSite","@id":"https:\/\/redfoxlotto.com\/pt-pt\/#website","url":"https:\/\/redfoxlotto.com\/pt-pt\/","name":"Get Tickets for the World\u2019s largest jackpots","description":"Participate in worldwide lottery jackpots from any country","publisher":{"@id":"https:\/\/redfoxlotto.com\/pt-pt\/#organization"},"potentialAction":[{"@type":"SearchAction","target":{"@type":"EntryPoint","urlTemplate":"https:\/\/redfoxlotto.com\/pt-pt\/?s={search_term_string}"},"query-input":{"@type":"PropertyValueSpecification","valueRequired":true,"valueName":"search_term_string"}}],"inLanguage":"pt-PT"},{"@type":"Organization","@id":"https:\/\/redfoxlotto.com\/pt-pt\/#organization","name":"Get Tickets for the World\u2019s largest jackpots","url":"https:\/\/redfoxlotto.com\/pt-pt\/","logo":{"@type":"ImageObject","inLanguage":"pt-PT","@id":"https:\/\/redfoxlotto.com\/pt-pt\/#\/schema\/logo\/image\/","url":"https:\/\/redfoxlotto.com\/wp-content\/uploads\/2023\/04\/logo.png","contentUrl":"https:\/\/redfoxlotto.com\/wp-content\/uploads\/2023\/04\/logo.png","width":269,"height":53,"caption":"Get Tickets for the World\u2019s largest jackpots"},"image":{"@id":"https:\/\/redfoxlotto.com\/pt-pt\/#\/schema\/logo\/image\/"}}]}},"_links":{"self":[{"href":"https:\/\/redfoxlotto.com\/pt-pt\/wp-json\/wp\/v2\/pages\/13473","targetHints":{"allow":["GET"]}}],"collection":[{"href":"https:\/\/redfoxlotto.com\/pt-pt\/wp-json\/wp\/v2\/pages"}],"about":[{"href":"https:\/\/redfoxlotto.com\/pt-pt\/wp-json\/wp\/v2\/types\/page"}],"author":[{"embeddable":true,"href":"https:\/\/redfoxlotto.com\/pt-pt\/wp-json\/wp\/v2\/users\/1"}],"replies":[{"embeddable":true,"href":"https:\/\/redfoxlotto.com\/pt-pt\/wp-json\/wp\/v2\/comments?post=13473"}],"version-history":[{"count":0,"href":"https:\/\/redfoxlotto.com\/pt-pt\/wp-json\/wp\/v2\/pages\/13473\/revisions"}],"up":[{"embeddable":true,"href":"https:\/\/redfoxlotto.com\/pt-pt\/wp-json\/wp\/v2\/pages\/1011"}],"wp:attachment":[{"href":"https:\/\/redfoxlotto.com\/pt-pt\/wp-json\/wp\/v2\/media?parent=13473"}],"curies":[{"name":"wp","href":"https:\/\/api.w.org\/{rel}","templated":true}]}}