{"id":13438,"date":"2020-08-18T09:11:18","date_gmt":"2020-08-18T09:11:18","guid":{"rendered":"https:\/\/redfoxlotto.com\/?page_id=13438"},"modified":"2023-05-24T17:34:15","modified_gmt":"2023-05-24T17:34:15","slug":"lotto-america","status":"publish","type":"page","link":"https:\/\/redfoxlotto.com\/pt-pt\/resultados\/lotto-america\/","title":{"rendered":"Resultados do Lotto Am\u00e9rica"},"content":{"rendered":"<p>\u00c9 um f\u00e3 da lotaria online? Se j\u00e1 \u00e9 ent\u00e3o provavelmente j\u00e1 compra bilhetes para todos os seus jogos favoritos, mas conhece todos os diferentes jogos que existem por a\u00ed? Sabe exactamente quantos jogos diferentes pode estar a jogar? Bem, sem d\u00favida que sim. E deve saber especialmente sobre a Lotto America. \u00c9 a\u00ed que vai receber alguns grandes pr\u00e9mios e divertir-se com eles tamb\u00e9m.<\/p><h2 class=\"wp-block-heading\">Playing Playing Lotto America<\/h2><p><img loading=\"lazy\" decoding=\"async\" class=\" wp-image alignright\" src=\"https:\/\/content.redfoxlotto.com\/uploads\/sites\/9\/1_draw_results_lotto.jpg\" alt=\"draw results lotto america\" width=\"276\" height=\"195\" \/><\/p><p>Quando estiver pronto para jogar Lotto America tudo o que precisa de fazer \u00e9 verificar o RedFoxLotto, porque o jogo est\u00e1 l\u00e1 dispon\u00edvel juntamente com muitos outros jogos online. Pode jogar em diferentes jogos de lotaria de todo o mundo. E \u00e9 a\u00ed que a divers\u00e3o realmente entra. Mas se estiver interessado na Lotto Am\u00e9rica, precisa de saber como jogar.<\/p><p>Felizmente, jogar este jogo \u00e9 simples. Tudo o que precisa de fazer \u00e9 escolher seis n\u00fameros que pensa que v\u00e3o aparecer no desenho. Cinco desses n\u00fameros s\u00e3o bolas brancas para os n\u00fameros padr\u00e3o. Uma \u00e9 uma bola vermelha para o n\u00famero b\u00f3nus. Se corresponder a todos os n\u00fameros, receber\u00e1 o jackpot. Se corresponderem n\u00fameros mais baixos, continuar\u00e3o a ganhar um pr\u00e9mio!<\/p><h2 class=\"wp-block-heading\">Ganhou a Lotaria Am\u00e9rica?<\/h2><p>Mas depois de ter escolhido os seus n\u00fameros e de ter comprado o seu bilhete, como \u00e9 que vai saber se ganhou mesmo? \u00c9 bastante simples. Tudo o que precisa de fazer \u00e9 verificar a RedFoxLotto. Se n\u00e3o comprou bilhetes, ainda poder\u00e1 ver os n\u00fameros vencedores de todos os \u00faltimos jogos, o que significa que pode descobrir onde as probabilidades s\u00e3o melhores para si. Se jogou, pode entrar directamente na sua conta para ver os n\u00fameros vencedores e a forma como os seus bilhetes se comparam. Poder\u00e1 ver quaisquer n\u00fameros correspondentes que possa ter para poder ver os ganhos a que tem direito. N\u00e3o que precise de se preocupar com isso porque a RedFoxLotto tamb\u00e9m se ocupa dessa parte para si.<\/p><h2 class=\"wp-block-heading\">Ganhando a Lotto Am\u00e9rica<\/h2><p><img decoding=\"async\" class=\"size-full wp-image alignright\" src=\"https:\/\/content.redfoxlotto.com\/uploads\/sites\/9\/1_winner_lottery1.jpg\" alt=\"won lottery america\"><\/p><p>Se ganhar o Lotto America ou qualquer outro jogo de lotaria on-line, ele \u00e9 tratado por si. Pequenos pr\u00e9mios ser\u00e3o imediatamente entregues, assim que os resultados chegarem e os bilhetes forem correspondidos. N\u00e3o tem de fazer nada para reclamar estes pr\u00e9mios. E ser\u00e3o adicionados directamente na sua conta para que possa levantar o dinheiro ou comprar outro bilhete. Se ganhar pr\u00e9mios maiores, haver\u00e1 requisitos atrav\u00e9s do jogo de lotaria que jogar. Se for esse o caso, tudo ser\u00e1 o mais simplificado poss\u00edvel para si, para garantir que pode receber os seus pr\u00e9mios com menos aborrecimentos. Dessa forma, poder\u00e1 voltar a jogar ou fazer o que mais desejar com o seu dinheiro.<\/p><p>Para pr\u00e9mios jackpot ter\u00e1 de preencher a papelada ou enviar alguma forma de verifica\u00e7\u00e3o. Se for esse o caso, a RedFoxLotto torna o mais f\u00e1cil para si saber o que fazer e como o fazer. E isso funciona para qualquer jogo de lotaria que possa ganhar da Lotto America para qualquer um dos outros dispon\u00edveis no website.<\/p><h2 class=\"wp-block-heading\">Tocar de novo<\/h2><p>A partir do momento em que esteja pronto, pode levar os seus ganhos (ou depositar mais dinheiro) e come\u00e7ar a comprar bilhetes para a pr\u00f3xima ronda de jogos que deseja jogar. Poder\u00e1 at\u00e9 ficar surpreendido com a quantidade de jogos diferentes que existem e com o quanto poder\u00e1 potencialmente ganhar. Mas n\u00e3o vai ficar surpreendido com o quanto \u00e9 divertido para si jogar todos esses diferentes jogos. Tudo o que tem de fazer \u00e9 decidir onde quer come\u00e7ar, e qual o jogo a jogar primeiro.<\/p>","protected":false},"excerpt":{"rendered":"<p>\u00c9 um f\u00e3 da lotaria online? Se j\u00e1 \u00e9 ent\u00e3o provavelmente j\u00e1 compra bilhetes para todos os seus jogos favoritos, mas conhece todos os diferentes jogos que existem por a\u00ed? Sabe exactamente quantos jogos diferentes pode estar a jogar? Bem, sem d\u00favida que sim. E deve saber especialmente sobre a Lotto America. \u00c9 a\u00ed que [&hellip;]<\/p>\n","protected":false},"author":1,"featured_media":0,"parent":1011,"menu_order":12,"comment_status":"closed","ping_status":"closed","template":"lotto-america-results.php","meta":{"_et_pb_use_builder":"","_et_pb_old_content":"","_et_gb_content_width":"","exclude_from_search":false,"footnotes":""},"class_list":["post-13438","page","type-page","status-publish","hentry"],"yoast_head":"<!-- This site is optimized with the Yoast SEO plugin v27.3 - https:\/\/yoast.com\/product\/yoast-seo-wordpress\/ -->\n<title>Resultados do sorteio do Lotto America, n\u00fameros vencedores<\/title>\n<meta name=\"description\" content=\"Os n\u00fameros vencedores do Lotto Am\u00e9rica desta semana, bem como um arquivo de resultados\" \/>\n<meta name=\"robots\" content=\"index, follow, max-snippet:-1, max-image-preview:large, max-video-preview:-1\" \/>\n<link rel=\"canonical\" href=\"https:\/\/redfoxlotto.com\/pt-pt\/resultados\/lotto-america\/\" \/>\n<meta property=\"og:locale\" content=\"pt_PT\" \/>\n<meta property=\"og:type\" content=\"article\" \/>\n<meta property=\"og:title\" content=\"Resultados do sorteio do Lotto America, n\u00fameros vencedores\" \/>\n<meta property=\"og:description\" content=\"Os n\u00fameros vencedores do Lotto Am\u00e9rica desta semana, bem como um arquivo de resultados\" \/>\n<meta property=\"og:url\" content=\"https:\/\/redfoxlotto.com\/pt-pt\/resultados\/lotto-america\/\" \/>\n<meta property=\"og:site_name\" content=\"Get Tickets for the World\u2019s largest jackpots\" \/>\n<meta property=\"article:modified_time\" content=\"2023-05-24T17:34:15+00:00\" \/>\n<meta property=\"og:image\" content=\"https:\/\/content.redfoxlotto.com\/uploads\/sites\/9\/1_draw_results_lotto.jpg\" \/>\n<meta name=\"twitter:card\" content=\"summary_large_image\" \/>\n<meta name=\"twitter:label1\" content=\"Tempo estimado de leitura\" \/>\n\t<meta name=\"twitter:data1\" content=\"3 minutos\" \/>\n<script type=\"application\/ld+json\" class=\"yoast-schema-graph\">{\"@context\":\"https:\\\/\\\/schema.org\",\"@graph\":[{\"@type\":\"WebPage\",\"@id\":\"https:\\\/\\\/redfoxlotto.com\\\/pt-pt\\\/resultados\\\/lotto-america\\\/\",\"url\":\"https:\\\/\\\/redfoxlotto.com\\\/pt-pt\\\/resultados\\\/lotto-america\\\/\",\"name\":\"Resultados do sorteio do Lotto America, n\u00fameros vencedores\",\"isPartOf\":{\"@id\":\"https:\\\/\\\/redfoxlotto.com\\\/pt-pt\\\/#website\"},\"primaryImageOfPage\":{\"@id\":\"https:\\\/\\\/redfoxlotto.com\\\/pt-pt\\\/resultados\\\/lotto-america\\\/#primaryimage\"},\"image\":{\"@id\":\"https:\\\/\\\/redfoxlotto.com\\\/pt-pt\\\/resultados\\\/lotto-america\\\/#primaryimage\"},\"thumbnailUrl\":\"https:\\\/\\\/content.redfoxlotto.com\\\/uploads\\\/sites\\\/9\\\/1_draw_results_lotto.jpg\",\"datePublished\":\"2020-08-18T09:11:18+00:00\",\"dateModified\":\"2023-05-24T17:34:15+00:00\",\"description\":\"Os n\u00fameros vencedores do Lotto Am\u00e9rica desta semana, bem como um arquivo de resultados\",\"breadcrumb\":{\"@id\":\"https:\\\/\\\/redfoxlotto.com\\\/pt-pt\\\/resultados\\\/lotto-america\\\/#breadcrumb\"},\"inLanguage\":\"pt-PT\",\"potentialAction\":[{\"@type\":\"ReadAction\",\"target\":[\"https:\\\/\\\/redfoxlotto.com\\\/pt-pt\\\/resultados\\\/lotto-america\\\/\"]}]},{\"@type\":\"ImageObject\",\"inLanguage\":\"pt-PT\",\"@id\":\"https:\\\/\\\/redfoxlotto.com\\\/pt-pt\\\/resultados\\\/lotto-america\\\/#primaryimage\",\"url\":\"https:\\\/\\\/content.redfoxlotto.com\\\/uploads\\\/sites\\\/9\\\/1_draw_results_lotto.jpg\",\"contentUrl\":\"https:\\\/\\\/content.redfoxlotto.com\\\/uploads\\\/sites\\\/9\\\/1_draw_results_lotto.jpg\"},{\"@type\":\"BreadcrumbList\",\"@id\":\"https:\\\/\\\/redfoxlotto.com\\\/pt-pt\\\/resultados\\\/lotto-america\\\/#breadcrumb\",\"itemListElement\":[{\"@type\":\"ListItem\",\"position\":1,\"name\":\"Home\",\"item\":\"https:\\\/\\\/redfoxlotto.com\\\/pt-pt\\\/\"},{\"@type\":\"ListItem\",\"position\":2,\"name\":\"Resultados de lotarias internacionais\",\"item\":\"https:\\\/\\\/redfoxlotto.com\\\/pt-pt\\\/resultados\\\/\"},{\"@type\":\"ListItem\",\"position\":3,\"name\":\"Resultados do Lotto Am\u00e9rica\"}]},{\"@type\":\"WebSite\",\"@id\":\"https:\\\/\\\/redfoxlotto.com\\\/pt-pt\\\/#website\",\"url\":\"https:\\\/\\\/redfoxlotto.com\\\/pt-pt\\\/\",\"name\":\"Get Tickets for the World\u2019s largest jackpots\",\"description\":\"Participate in worldwide lottery jackpots from any country\",\"publisher\":{\"@id\":\"https:\\\/\\\/redfoxlotto.com\\\/pt-pt\\\/#organization\"},\"potentialAction\":[{\"@type\":\"SearchAction\",\"target\":{\"@type\":\"EntryPoint\",\"urlTemplate\":\"https:\\\/\\\/redfoxlotto.com\\\/pt-pt\\\/?s={search_term_string}\"},\"query-input\":{\"@type\":\"PropertyValueSpecification\",\"valueRequired\":true,\"valueName\":\"search_term_string\"}}],\"inLanguage\":\"pt-PT\"},{\"@type\":\"Organization\",\"@id\":\"https:\\\/\\\/redfoxlotto.com\\\/pt-pt\\\/#organization\",\"name\":\"Get Tickets for the World\u2019s largest jackpots\",\"url\":\"https:\\\/\\\/redfoxlotto.com\\\/pt-pt\\\/\",\"logo\":{\"@type\":\"ImageObject\",\"inLanguage\":\"pt-PT\",\"@id\":\"https:\\\/\\\/redfoxlotto.com\\\/pt-pt\\\/#\\\/schema\\\/logo\\\/image\\\/\",\"url\":\"https:\\\/\\\/redfoxlotto.com\\\/wp-content\\\/uploads\\\/2023\\\/04\\\/logo.png\",\"contentUrl\":\"https:\\\/\\\/redfoxlotto.com\\\/wp-content\\\/uploads\\\/2023\\\/04\\\/logo.png\",\"width\":269,\"height\":53,\"caption\":\"Get Tickets for the World\u2019s largest jackpots\"},\"image\":{\"@id\":\"https:\\\/\\\/redfoxlotto.com\\\/pt-pt\\\/#\\\/schema\\\/logo\\\/image\\\/\"}}]}<\/script>\n<!-- \/ Yoast SEO plugin. -->","yoast_head_json":{"title":"Resultados do sorteio do Lotto America, n\u00fameros vencedores","description":"Os n\u00fameros vencedores do Lotto Am\u00e9rica desta semana, bem como um arquivo de resultados","robots":{"index":"index","follow":"follow","max-snippet":"max-snippet:-1","max-image-preview":"max-image-preview:large","max-video-preview":"max-video-preview:-1"},"canonical":"https:\/\/redfoxlotto.com\/pt-pt\/resultados\/lotto-america\/","og_locale":"pt_PT","og_type":"article","og_title":"Resultados do sorteio do Lotto America, n\u00fameros vencedores","og_description":"Os n\u00fameros vencedores do Lotto Am\u00e9rica desta semana, bem como um arquivo de resultados","og_url":"https:\/\/redfoxlotto.com\/pt-pt\/resultados\/lotto-america\/","og_site_name":"Get Tickets for the World\u2019s largest jackpots","article_modified_time":"2023-05-24T17:34:15+00:00","og_image":[{"url":"https:\/\/content.redfoxlotto.com\/uploads\/sites\/9\/1_draw_results_lotto.jpg","type":"","width":"","height":""}],"twitter_card":"summary_large_image","twitter_misc":{"Tempo estimado de leitura":"3 minutos"},"schema":{"@context":"https:\/\/schema.org","@graph":[{"@type":"WebPage","@id":"https:\/\/redfoxlotto.com\/pt-pt\/resultados\/lotto-america\/","url":"https:\/\/redfoxlotto.com\/pt-pt\/resultados\/lotto-america\/","name":"Resultados do sorteio do Lotto America, n\u00fameros vencedores","isPartOf":{"@id":"https:\/\/redfoxlotto.com\/pt-pt\/#website"},"primaryImageOfPage":{"@id":"https:\/\/redfoxlotto.com\/pt-pt\/resultados\/lotto-america\/#primaryimage"},"image":{"@id":"https:\/\/redfoxlotto.com\/pt-pt\/resultados\/lotto-america\/#primaryimage"},"thumbnailUrl":"https:\/\/content.redfoxlotto.com\/uploads\/sites\/9\/1_draw_results_lotto.jpg","datePublished":"2020-08-18T09:11:18+00:00","dateModified":"2023-05-24T17:34:15+00:00","description":"Os n\u00fameros vencedores do Lotto Am\u00e9rica desta semana, bem como um arquivo de resultados","breadcrumb":{"@id":"https:\/\/redfoxlotto.com\/pt-pt\/resultados\/lotto-america\/#breadcrumb"},"inLanguage":"pt-PT","potentialAction":[{"@type":"ReadAction","target":["https:\/\/redfoxlotto.com\/pt-pt\/resultados\/lotto-america\/"]}]},{"@type":"ImageObject","inLanguage":"pt-PT","@id":"https:\/\/redfoxlotto.com\/pt-pt\/resultados\/lotto-america\/#primaryimage","url":"https:\/\/content.redfoxlotto.com\/uploads\/sites\/9\/1_draw_results_lotto.jpg","contentUrl":"https:\/\/content.redfoxlotto.com\/uploads\/sites\/9\/1_draw_results_lotto.jpg"},{"@type":"BreadcrumbList","@id":"https:\/\/redfoxlotto.com\/pt-pt\/resultados\/lotto-america\/#breadcrumb","itemListElement":[{"@type":"ListItem","position":1,"name":"Home","item":"https:\/\/redfoxlotto.com\/pt-pt\/"},{"@type":"ListItem","position":2,"name":"Resultados de lotarias internacionais","item":"https:\/\/redfoxlotto.com\/pt-pt\/resultados\/"},{"@type":"ListItem","position":3,"name":"Resultados do Lotto Am\u00e9rica"}]},{"@type":"WebSite","@id":"https:\/\/redfoxlotto.com\/pt-pt\/#website","url":"https:\/\/redfoxlotto.com\/pt-pt\/","name":"Get Tickets for the World\u2019s largest jackpots","description":"Participate in worldwide lottery jackpots from any country","publisher":{"@id":"https:\/\/redfoxlotto.com\/pt-pt\/#organization"},"potentialAction":[{"@type":"SearchAction","target":{"@type":"EntryPoint","urlTemplate":"https:\/\/redfoxlotto.com\/pt-pt\/?s={search_term_string}"},"query-input":{"@type":"PropertyValueSpecification","valueRequired":true,"valueName":"search_term_string"}}],"inLanguage":"pt-PT"},{"@type":"Organization","@id":"https:\/\/redfoxlotto.com\/pt-pt\/#organization","name":"Get Tickets for the World\u2019s largest jackpots","url":"https:\/\/redfoxlotto.com\/pt-pt\/","logo":{"@type":"ImageObject","inLanguage":"pt-PT","@id":"https:\/\/redfoxlotto.com\/pt-pt\/#\/schema\/logo\/image\/","url":"https:\/\/redfoxlotto.com\/wp-content\/uploads\/2023\/04\/logo.png","contentUrl":"https:\/\/redfoxlotto.com\/wp-content\/uploads\/2023\/04\/logo.png","width":269,"height":53,"caption":"Get Tickets for the World\u2019s largest jackpots"},"image":{"@id":"https:\/\/redfoxlotto.com\/pt-pt\/#\/schema\/logo\/image\/"}}]}},"_links":{"self":[{"href":"https:\/\/redfoxlotto.com\/pt-pt\/wp-json\/wp\/v2\/pages\/13438","targetHints":{"allow":["GET"]}}],"collection":[{"href":"https:\/\/redfoxlotto.com\/pt-pt\/wp-json\/wp\/v2\/pages"}],"about":[{"href":"https:\/\/redfoxlotto.com\/pt-pt\/wp-json\/wp\/v2\/types\/page"}],"author":[{"embeddable":true,"href":"https:\/\/redfoxlotto.com\/pt-pt\/wp-json\/wp\/v2\/users\/1"}],"replies":[{"embeddable":true,"href":"https:\/\/redfoxlotto.com\/pt-pt\/wp-json\/wp\/v2\/comments?post=13438"}],"version-history":[{"count":0,"href":"https:\/\/redfoxlotto.com\/pt-pt\/wp-json\/wp\/v2\/pages\/13438\/revisions"}],"up":[{"embeddable":true,"href":"https:\/\/redfoxlotto.com\/pt-pt\/wp-json\/wp\/v2\/pages\/1011"}],"wp:attachment":[{"href":"https:\/\/redfoxlotto.com\/pt-pt\/wp-json\/wp\/v2\/media?parent=13438"}],"curies":[{"name":"wp","href":"https:\/\/api.w.org\/{rel}","templated":true}]}}