{"id":13016,"date":"2023-04-24T18:11:14","date_gmt":"2023-04-24T18:11:14","guid":{"rendered":"https:\/\/redfoxlotto.com\/?page_id=13016"},"modified":"2023-05-10T18:34:28","modified_gmt":"2023-05-10T18:34:28","slug":"mega-sena","status":"publish","type":"page","link":"https:\/\/redfoxlotto.com\/pt-pt\/jogar\/mega-sena\/","title":{"rendered":"Jogar Mega Sena Lotto online"},"content":{"rendered":"<p>Se j\u00e1 olhou para jogos de loto online, talvez j\u00e1 tenha visto a Mega Sena. Este jogo \u00e9 na verdade o maior jogo de lotaria actualmente em curso no Brasil e isso significa que \u00e9 um jogo que deve absolutamente experimentar por si pr\u00f3prio.<br>Gerido pelo Banco Federal da Caixa Econ\u00f3mica, este jogo j\u00e1 existe h\u00e1 bastante tempo e d\u00e1-lhe muitas op\u00e7\u00f5es quando se trata do que poder\u00e1 ser o seu novo jogo favorito. Se procura jogar Mega Sena Brasil online, s\u00f3 precisa de conhecer as regras.<\/p><h2 class=\"wp-block-heading\">Como jogar<\/h2><p><img decoding=\"async\" class=\"size-full wp-image alignright\" src=\"https:\/\/content.redfoxlotto.com\/uploads\/sites\/9\/1_win_online.jpg\" alt=\"Mega Sena Brasil\"><\/p><p>Pode escolher 6 n\u00fameros quando joga Mega Sena Brasil, e n\u00e3o h\u00e1 n\u00fameros adicionais. Se quiser escolher os seus pr\u00f3prios n\u00fameros, pode faz\u00ea-lo ou pode escolher o que se chama a &#8220;Escolha R\u00e1pida&#8221;. Isto dar-lhe-\u00e1 n\u00fameros seleccionados aleatoriamente.<\/p><h2 class=\"wp-block-heading\">Cheque os Resultados<\/h2><p>Assim que tiver os seus n\u00fameros para jogar Mega Sena Brasil online, \u00e9 altura de verificar os resultados. Com RedFoxLotto.com vai ser f\u00e1cil porque basta entrar na sua conta e os n\u00fameros estar\u00e3o l\u00e1 dispon\u00edveis para si. E at\u00e9 ser\u00e3o comparados com os seus n\u00fameros para que saiba se ganhar.<\/p>","protected":false},"excerpt":{"rendered":"<p>Se j\u00e1 olhou para jogos de loto online, talvez j\u00e1 tenha visto a Mega Sena. Este jogo \u00e9 na verdade o maior jogo de lotaria actualmente em curso no Brasil e isso significa que \u00e9 um jogo que deve absolutamente experimentar por si pr\u00f3prio.Gerido pelo Banco Federal da Caixa Econ\u00f3mica, este jogo j\u00e1 existe h\u00e1 [&hellip;]<\/p>\n","protected":false},"author":1,"featured_media":0,"parent":1021,"menu_order":13,"comment_status":"closed","ping_status":"closed","template":"megasena.php","meta":{"_et_pb_use_builder":"","_et_pb_old_content":"","_et_gb_content_width":"","exclude_from_search":false,"footnotes":""},"class_list":["post-13016","page","type-page","status-publish","hentry"],"yoast_head":"<!-- This site is optimized with the Yoast SEO plugin v23.8 - https:\/\/yoast.com\/wordpress\/plugins\/seo\/ -->\n<title>Participar na Mega Sena Lotto online<\/title>\n<meta name=\"description\" content=\"A maior lotaria do Brasil pode ser jogada online aqui\" \/>\n<meta name=\"robots\" content=\"index, follow, max-snippet:-1, max-image-preview:large, max-video-preview:-1\" \/>\n<link rel=\"canonical\" href=\"https:\/\/redfoxlotto.com\/pt-pt\/jogar\/mega-sena\/\" \/>\n<meta property=\"og:locale\" content=\"pt_PT\" \/>\n<meta property=\"og:type\" content=\"article\" \/>\n<meta property=\"og:title\" content=\"Participar na Mega Sena Lotto online\" \/>\n<meta property=\"og:description\" content=\"A maior lotaria do Brasil pode ser jogada online aqui\" \/>\n<meta property=\"og:url\" content=\"https:\/\/redfoxlotto.com\/pt-pt\/jogar\/mega-sena\/\" \/>\n<meta property=\"og:site_name\" content=\"Get Tickets for the World\u2019s largest jackpots\" \/>\n<meta property=\"article:modified_time\" content=\"2023-05-10T18:34:28+00:00\" \/>\n<meta property=\"og:image\" content=\"https:\/\/content.redfoxlotto.com\/uploads\/sites\/9\/1_win_online.jpg\" \/>\n<meta name=\"twitter:card\" content=\"summary_large_image\" \/>\n<meta name=\"twitter:label1\" content=\"Tempo estimado de leitura\" \/>\n\t<meta name=\"twitter:data1\" content=\"1 minuto\" \/>\n<script type=\"application\/ld+json\" class=\"yoast-schema-graph\">{\"@context\":\"https:\/\/schema.org\",\"@graph\":[{\"@type\":\"WebPage\",\"@id\":\"https:\/\/redfoxlotto.com\/pt-pt\/jogar\/mega-sena\/\",\"url\":\"https:\/\/redfoxlotto.com\/pt-pt\/jogar\/mega-sena\/\",\"name\":\"Participar na Mega Sena Lotto online\",\"isPartOf\":{\"@id\":\"https:\/\/redfoxlotto.com\/pt-pt\/#website\"},\"primaryImageOfPage\":{\"@id\":\"https:\/\/redfoxlotto.com\/pt-pt\/jogar\/mega-sena\/#primaryimage\"},\"image\":{\"@id\":\"https:\/\/redfoxlotto.com\/pt-pt\/jogar\/mega-sena\/#primaryimage\"},\"thumbnailUrl\":\"https:\/\/content.redfoxlotto.com\/uploads\/sites\/9\/1_win_online.jpg\",\"datePublished\":\"2023-04-24T18:11:14+00:00\",\"dateModified\":\"2023-05-10T18:34:28+00:00\",\"description\":\"A maior lotaria do Brasil pode ser jogada online aqui\",\"breadcrumb\":{\"@id\":\"https:\/\/redfoxlotto.com\/pt-pt\/jogar\/mega-sena\/#breadcrumb\"},\"inLanguage\":\"pt-PT\",\"potentialAction\":[{\"@type\":\"ReadAction\",\"target\":[\"https:\/\/redfoxlotto.com\/pt-pt\/jogar\/mega-sena\/\"]}]},{\"@type\":\"ImageObject\",\"inLanguage\":\"pt-PT\",\"@id\":\"https:\/\/redfoxlotto.com\/pt-pt\/jogar\/mega-sena\/#primaryimage\",\"url\":\"https:\/\/content.redfoxlotto.com\/uploads\/sites\/9\/1_win_online.jpg\",\"contentUrl\":\"https:\/\/content.redfoxlotto.com\/uploads\/sites\/9\/1_win_online.jpg\"},{\"@type\":\"BreadcrumbList\",\"@id\":\"https:\/\/redfoxlotto.com\/pt-pt\/jogar\/mega-sena\/#breadcrumb\",\"itemListElement\":[{\"@type\":\"ListItem\",\"position\":1,\"name\":\"Home\",\"item\":\"https:\/\/redfoxlotto.com\/pt-pt\/\"},{\"@type\":\"ListItem\",\"position\":2,\"name\":\"Compre bilhetes de lotaria online\",\"item\":\"https:\/\/redfoxlotto.com\/pt-pt\/jogar\/\"},{\"@type\":\"ListItem\",\"position\":3,\"name\":\"Jogar Mega Sena Lotto online\"}]},{\"@type\":\"WebSite\",\"@id\":\"https:\/\/redfoxlotto.com\/pt-pt\/#website\",\"url\":\"https:\/\/redfoxlotto.com\/pt-pt\/\",\"name\":\"Get Tickets for the World\u2019s largest jackpots\",\"description\":\"Participate in worldwide lottery jackpots from any country\",\"publisher\":{\"@id\":\"https:\/\/redfoxlotto.com\/pt-pt\/#organization\"},\"potentialAction\":[{\"@type\":\"SearchAction\",\"target\":{\"@type\":\"EntryPoint\",\"urlTemplate\":\"https:\/\/redfoxlotto.com\/pt-pt\/?s={search_term_string}\"},\"query-input\":{\"@type\":\"PropertyValueSpecification\",\"valueRequired\":true,\"valueName\":\"search_term_string\"}}],\"inLanguage\":\"pt-PT\"},{\"@type\":\"Organization\",\"@id\":\"https:\/\/redfoxlotto.com\/pt-pt\/#organization\",\"name\":\"Get Tickets for the World\u2019s largest jackpots\",\"url\":\"https:\/\/redfoxlotto.com\/pt-pt\/\",\"logo\":{\"@type\":\"ImageObject\",\"inLanguage\":\"pt-PT\",\"@id\":\"https:\/\/redfoxlotto.com\/pt-pt\/#\/schema\/logo\/image\/\",\"url\":\"https:\/\/redfoxlotto.com\/wp-content\/uploads\/2023\/04\/logo.png\",\"contentUrl\":\"https:\/\/redfoxlotto.com\/wp-content\/uploads\/2023\/04\/logo.png\",\"width\":269,\"height\":53,\"caption\":\"Get Tickets for the World\u2019s largest jackpots\"},\"image\":{\"@id\":\"https:\/\/redfoxlotto.com\/pt-pt\/#\/schema\/logo\/image\/\"}}]}<\/script>\n<!-- \/ Yoast SEO plugin. -->","yoast_head_json":{"title":"Participar na Mega Sena Lotto online","description":"A maior lotaria do Brasil pode ser jogada online aqui","robots":{"index":"index","follow":"follow","max-snippet":"max-snippet:-1","max-image-preview":"max-image-preview:large","max-video-preview":"max-video-preview:-1"},"canonical":"https:\/\/redfoxlotto.com\/pt-pt\/jogar\/mega-sena\/","og_locale":"pt_PT","og_type":"article","og_title":"Participar na Mega Sena Lotto online","og_description":"A maior lotaria do Brasil pode ser jogada online aqui","og_url":"https:\/\/redfoxlotto.com\/pt-pt\/jogar\/mega-sena\/","og_site_name":"Get Tickets for the World\u2019s largest jackpots","article_modified_time":"2023-05-10T18:34:28+00:00","og_image":[{"url":"https:\/\/content.redfoxlotto.com\/uploads\/sites\/9\/1_win_online.jpg"}],"twitter_card":"summary_large_image","twitter_misc":{"Tempo estimado de leitura":"1 minuto"},"schema":{"@context":"https:\/\/schema.org","@graph":[{"@type":"WebPage","@id":"https:\/\/redfoxlotto.com\/pt-pt\/jogar\/mega-sena\/","url":"https:\/\/redfoxlotto.com\/pt-pt\/jogar\/mega-sena\/","name":"Participar na Mega Sena Lotto online","isPartOf":{"@id":"https:\/\/redfoxlotto.com\/pt-pt\/#website"},"primaryImageOfPage":{"@id":"https:\/\/redfoxlotto.com\/pt-pt\/jogar\/mega-sena\/#primaryimage"},"image":{"@id":"https:\/\/redfoxlotto.com\/pt-pt\/jogar\/mega-sena\/#primaryimage"},"thumbnailUrl":"https:\/\/content.redfoxlotto.com\/uploads\/sites\/9\/1_win_online.jpg","datePublished":"2023-04-24T18:11:14+00:00","dateModified":"2023-05-10T18:34:28+00:00","description":"A maior lotaria do Brasil pode ser jogada online aqui","breadcrumb":{"@id":"https:\/\/redfoxlotto.com\/pt-pt\/jogar\/mega-sena\/#breadcrumb"},"inLanguage":"pt-PT","potentialAction":[{"@type":"ReadAction","target":["https:\/\/redfoxlotto.com\/pt-pt\/jogar\/mega-sena\/"]}]},{"@type":"ImageObject","inLanguage":"pt-PT","@id":"https:\/\/redfoxlotto.com\/pt-pt\/jogar\/mega-sena\/#primaryimage","url":"https:\/\/content.redfoxlotto.com\/uploads\/sites\/9\/1_win_online.jpg","contentUrl":"https:\/\/content.redfoxlotto.com\/uploads\/sites\/9\/1_win_online.jpg"},{"@type":"BreadcrumbList","@id":"https:\/\/redfoxlotto.com\/pt-pt\/jogar\/mega-sena\/#breadcrumb","itemListElement":[{"@type":"ListItem","position":1,"name":"Home","item":"https:\/\/redfoxlotto.com\/pt-pt\/"},{"@type":"ListItem","position":2,"name":"Compre bilhetes de lotaria online","item":"https:\/\/redfoxlotto.com\/pt-pt\/jogar\/"},{"@type":"ListItem","position":3,"name":"Jogar Mega Sena Lotto online"}]},{"@type":"WebSite","@id":"https:\/\/redfoxlotto.com\/pt-pt\/#website","url":"https:\/\/redfoxlotto.com\/pt-pt\/","name":"Get Tickets for the World\u2019s largest jackpots","description":"Participate in worldwide lottery jackpots from any country","publisher":{"@id":"https:\/\/redfoxlotto.com\/pt-pt\/#organization"},"potentialAction":[{"@type":"SearchAction","target":{"@type":"EntryPoint","urlTemplate":"https:\/\/redfoxlotto.com\/pt-pt\/?s={search_term_string}"},"query-input":{"@type":"PropertyValueSpecification","valueRequired":true,"valueName":"search_term_string"}}],"inLanguage":"pt-PT"},{"@type":"Organization","@id":"https:\/\/redfoxlotto.com\/pt-pt\/#organization","name":"Get Tickets for the World\u2019s largest jackpots","url":"https:\/\/redfoxlotto.com\/pt-pt\/","logo":{"@type":"ImageObject","inLanguage":"pt-PT","@id":"https:\/\/redfoxlotto.com\/pt-pt\/#\/schema\/logo\/image\/","url":"https:\/\/redfoxlotto.com\/wp-content\/uploads\/2023\/04\/logo.png","contentUrl":"https:\/\/redfoxlotto.com\/wp-content\/uploads\/2023\/04\/logo.png","width":269,"height":53,"caption":"Get Tickets for the World\u2019s largest jackpots"},"image":{"@id":"https:\/\/redfoxlotto.com\/pt-pt\/#\/schema\/logo\/image\/"}}]}},"_links":{"self":[{"href":"https:\/\/redfoxlotto.com\/pt-pt\/wp-json\/wp\/v2\/pages\/13016","targetHints":{"allow":["GET"]}}],"collection":[{"href":"https:\/\/redfoxlotto.com\/pt-pt\/wp-json\/wp\/v2\/pages"}],"about":[{"href":"https:\/\/redfoxlotto.com\/pt-pt\/wp-json\/wp\/v2\/types\/page"}],"author":[{"embeddable":true,"href":"https:\/\/redfoxlotto.com\/pt-pt\/wp-json\/wp\/v2\/users\/1"}],"replies":[{"embeddable":true,"href":"https:\/\/redfoxlotto.com\/pt-pt\/wp-json\/wp\/v2\/comments?post=13016"}],"version-history":[{"count":0,"href":"https:\/\/redfoxlotto.com\/pt-pt\/wp-json\/wp\/v2\/pages\/13016\/revisions"}],"up":[{"embeddable":true,"href":"https:\/\/redfoxlotto.com\/pt-pt\/wp-json\/wp\/v2\/pages\/1021"}],"wp:attachment":[{"href":"https:\/\/redfoxlotto.com\/pt-pt\/wp-json\/wp\/v2\/media?parent=13016"}],"curies":[{"name":"wp","href":"https:\/\/api.w.org\/{rel}","templated":true}]}}