{"id":12979,"date":"2023-04-24T18:09:15","date_gmt":"2023-04-24T18:09:15","guid":{"rendered":"https:\/\/redfoxlotto.com\/?page_id=12979"},"modified":"2025-12-10T14:19:33","modified_gmt":"2025-12-10T14:19:33","slug":"lotto-america","status":"publish","type":"page","link":"https:\/\/redfoxlotto.com\/pt-pt\/jogar\/lotto-america\/","title":{"rendered":"Como jogar Lotto America online"},"content":{"rendered":"<script type=\"application\/ld+json\">\r\n{\r\n\"@context\": \"https:\/\/schema.org\",\r\n\"@type\": \"Service\",\r\n\"name\": \" Lotto America online\",\r\n\"url\": \"https:\/\/redfoxlotto.com\/pt-pt\/jogar\/lotto-america\/\",\r\n\"description\": \"Compre bilhetes oficiais da Lotto America online atrav\u00e9s da RedFoxLotto. Escolha os seus n\u00fameros e participe no pr\u00f3ximo sorteio.\",\r\n\"serviceType\": \"Online lottery ticket purchase\",\r\n\r\n\"provider\": {\r\n\"@type\": \"Organization\",\r\n\"name\": \"RedFoxLotto\",\r\n\"url\": \"https:\/\/redfoxlotto.com\",\r\n\"logo\": \"https:\/\/redfoxlotto.com\/wp-content\/uploads\/logo.png\"\r\n},\r\n\r\n\"areaServed\": \"Worldwide\",\r\n\"termsOfService\": \"https:\/\/redfoxlotto.com\/terms-and-conditions\",\r\n\r\n\"hasOfferCatalog\": {\r\n\"@type\": \"OfferCatalog\",\r\n\"name\": \"Lotto America Offers\",\r\n\"itemListElement\": [\r\n{\r\n\"@type\": \"Offer\",\r\n\"name\": \"Lotto America Lottery Ticket\",\r\n\"url\": \"https:\/\/redfoxlotto.com\/pt-pt\/jogar\/lotto-america\/\",\r\n\"description\": \"Um bilhete para o pr\u00f3ximo sorteio da Lotto America Lottery.\",\r\n\"price\": \"2.75\",\r\n\"priceCurrency\": \"EUR\",\r\n\"availability\": \"https:\/\/schema.org\/InStock\",\r\n\r\n\"itemOffered\": {\r\n\"@type\": \"Service\",\r\n\"name\": \"Lotto America Lottery Entry\",\r\n\"description\": \"Inscri\u00e7\u00f5es para o pr\u00f3ximo sorteio da Lotto America atrav\u00e9s da RedFoxLotto.\"\r\n}\r\n}\r\n]\r\n},\r\n\r\n\"mainEntityOfPage\": {\r\n\"@type\": \"WebPage\",\r\n\"@id\": \"https:\/\/redfoxlotto.com\/pt-pt\/jogar\/lotto-america\/\"\r\n}\r\n}\r\n<\/script><p>Quando se trata de jogar na lotaria online, pode estar \u00e0 procura de algo novo. Afinal de contas, pode ficar um pouco velho a jogar os mesmos jogos sem parar, certo? \u00c9 provavelmente por isso que passou a jogar jogos online em primeiro lugar. Bem, est\u00e1 prestes a ficar muito mais divertido porque ainda n\u00e3o viu a Lotto Am\u00e9rica.<\/p><h2 class=\"wp-block-heading\">O que \u00e9 o Lotto Am\u00e9rica?<\/h2><p><img decoding=\"async\" class=\"size-full wp-image alignright\" src=\"https:\/\/content.redfoxlotto.com\/uploads\/sites\/9\/1_play_lottery_online5.jpg\" alt=\"play lotto america online\"><\/p><p>Lotto America \u00e9 um jogo de lotaria multi-estado que lhe d\u00e1 uma oportunidade de ganhar um grande jackpot e lhe d\u00e1 algumas boas probabilidades de alinhar com ele. N\u00e3o s\u00f3 isso, como tamb\u00e9m os bilhetes s\u00e3o baratos e este jogo d\u00e1-lhe muitas formas de ganhar pr\u00e9mios mais pequenos enquanto estiver a jogar. Isso significa que se vai divertir com ele, mesmo que n\u00e3o ganhe o jackpot.<\/p><h2 class=\"wp-block-heading\">O que deve saber sobre o Jogo<\/h2><p>Este jogo sorteia duas vezes por semana, na quarta-feira e no s\u00e1bado. Tamb\u00e9m sorteia um total de seis bolas diferentes. Cinco destas s\u00e3o bolas brancas regulares, que s\u00e3o os seus n\u00fameros padr\u00e3o. Uma \u00e9 uma bola vermelha, que \u00e9 o n\u00famero b\u00f3nus.<\/p><h2 class=\"wp-block-heading\">Quem est\u00e1 a jogar?<\/h2><p>Quando se trata de jogar este jogo, provavelmente quer saber em que \u00e9 que se est\u00e1 a meter, certo? Bem, h\u00e1 um total de 13 estados diferentes que est\u00e3o actualmente a jogar este jogo, incluindo Maine, Idaho, Montana, Dakota do Norte e do Sul, Minnesota, Iowa, Kansas, Novo M\u00e9xico, Oklahoma, Tennesee, Virg\u00ednia Ocidental e Delaware. Mas n\u00e3o \u00e9 preciso viver num desses estados, ou mesmo nos Estados Unidos, para se poder jogar este jogo. H\u00e1 muitas op\u00e7\u00f5es e formas de come\u00e7ar a jogar este jogo a partir de onde quer que esteja. S\u00f3 tem de saber jogar.<\/p><h2 class=\"wp-block-heading\">Playing for yourself<\/h2><p>Quando estiver pronto para come\u00e7ar a jogar Lotto America tudo o que tem de fazer \u00e9 criar uma conta online com a RedFoxLotto. A partir da\u00ed, pode verificar todos os seus diferentes jogos, o que inclui op\u00e7\u00f5es de todo o mundo. O Lotto America \u00e9 apenas um dos muitos jogos que pode escolher, mas vai ser divertido.<\/p><p>A partir do momento em que selecciona o jogo que obt\u00e9m para ver qual \u00e9 o jackpot e quando o sorteio ser\u00e1 realizado antes de comprar um bilhete. Assim saber\u00e1 se quer realmente experiment\u00e1-lo ou se quer tentar um jogo diferente desta vez (ou se quer bilhetes multipe). Uma vez decidido a comprar um bilhete, basta escolher os n\u00fameros que deseja. Pode seleccionar todos os n\u00fameros se tiver uma prefer\u00eancia ou pode optar por seleccionar apenas alguns n\u00fameros e ter o resto gerado aleatoriamente. Ou pode ter todos os n\u00fameros gerados aleatoriamente. \u00c9 da sua inteira responsabilidade. Depois, quando tiver todos os n\u00fameros, a \u00fanica coisa a fazer \u00e9 escolher jogar ou n\u00e3o o B\u00f3nus All Star e financiar a sua compra. Tudo estar\u00e1 pronto em pouco tempo e depois \u00e9 s\u00f3 esperar que o sorteio tenha lugar para ver se \u00e9 um vencedor.<\/p><h2 class=\"wp-block-heading\">Venceu?<\/h2><p>Quando o jogo for sorteado e estiver \u00e0 espera para ver se os seus n\u00fameros s\u00e3o os que aparecem, ser\u00e1 ainda mais f\u00e1cil do que pensa. Tudo o que tem de fazer \u00e9 procurar online. A RedFoxLotto oferece todos os n\u00fameros vencedores, e especialmente quando compra um bilhete, porque n\u00f3s vamos igualar os n\u00fameros por si.<\/p><p>Se ganhar um pequeno pr\u00e9mio, este ser\u00e1 automaticamente depositado na sua conta. Se ganhar um grande pr\u00e9mio, n\u00f3s ajud\u00e1-lo-emos e passaremos pelo processo de reclama\u00e7\u00e3o do pr\u00e9mio. Mas independentemente do que ganhar, saber\u00e1 imediatamente na sua conta porque lhe mostraremos os seus n\u00fameros e os n\u00fameros vencedores.<\/p><p>Ent\u00e3o, porque n\u00e3o experimentar e verificar o Lotto Am\u00e9rica? Talvez nem se aperceba ainda do que est\u00e1 a perder. At\u00e9 que o experimente voc\u00ea mesmo.<\/p>","protected":false},"excerpt":{"rendered":"<p>Quando se trata de jogar na lotaria online, pode estar \u00e0 procura de algo novo. Afinal de contas, pode ficar um pouco velho a jogar os mesmos jogos sem parar, certo? \u00c9 provavelmente por isso que passou a jogar jogos online em primeiro lugar. Bem, est\u00e1 prestes a ficar muito mais divertido porque ainda n\u00e3o [&hellip;]<\/p>\n","protected":false},"author":1,"featured_media":0,"parent":1021,"menu_order":12,"comment_status":"closed","ping_status":"closed","template":"lotto-america.php","meta":{"_et_pb_use_builder":"","_et_pb_old_content":"","_et_gb_content_width":"","exclude_from_search":false,"footnotes":""},"class_list":["post-12979","page","type-page","status-publish","hentry"],"yoast_head":"<!-- This site is optimized with the Yoast SEO plugin v23.8 - https:\/\/yoast.com\/wordpress\/plugins\/seo\/ -->\n<title>Jogar Lotto America online<\/title>\n<meta name=\"description\" content=\"Jogadores de qualquer pa\u00eds podem agora aderir e jogar online nesta lotaria multiestados dos EUA\" \/>\n<meta name=\"robots\" content=\"index, follow, max-snippet:-1, max-image-preview:large, max-video-preview:-1\" \/>\n<link rel=\"canonical\" href=\"https:\/\/redfoxlotto.com\/pt-pt\/jogar\/lotto-america\/\" \/>\n<meta property=\"og:locale\" content=\"pt_PT\" \/>\n<meta property=\"og:type\" content=\"article\" \/>\n<meta property=\"og:title\" content=\"Jogar Lotto America online\" \/>\n<meta property=\"og:description\" content=\"Jogadores de qualquer pa\u00eds podem agora aderir e jogar online nesta lotaria multiestados dos EUA\" \/>\n<meta property=\"og:url\" content=\"https:\/\/redfoxlotto.com\/pt-pt\/jogar\/lotto-america\/\" \/>\n<meta property=\"og:site_name\" content=\"Get Tickets for the World\u2019s largest jackpots\" \/>\n<meta property=\"article:modified_time\" content=\"2025-12-10T14:19:33+00:00\" \/>\n<meta property=\"og:image\" content=\"https:\/\/content.redfoxlotto.com\/uploads\/sites\/9\/1_play_lottery_online5.jpg\" \/>\n<meta name=\"twitter:card\" content=\"summary_large_image\" \/>\n<meta name=\"twitter:label1\" content=\"Tempo estimado de leitura\" \/>\n\t<meta name=\"twitter:data1\" content=\"3 minutos\" \/>\n<script type=\"application\/ld+json\" class=\"yoast-schema-graph\">{\"@context\":\"https:\/\/schema.org\",\"@graph\":[{\"@type\":\"WebPage\",\"@id\":\"https:\/\/redfoxlotto.com\/pt-pt\/jogar\/lotto-america\/\",\"url\":\"https:\/\/redfoxlotto.com\/pt-pt\/jogar\/lotto-america\/\",\"name\":\"Jogar Lotto America online\",\"isPartOf\":{\"@id\":\"https:\/\/redfoxlotto.com\/pt-pt\/#website\"},\"primaryImageOfPage\":{\"@id\":\"https:\/\/redfoxlotto.com\/pt-pt\/jogar\/lotto-america\/#primaryimage\"},\"image\":{\"@id\":\"https:\/\/redfoxlotto.com\/pt-pt\/jogar\/lotto-america\/#primaryimage\"},\"thumbnailUrl\":\"https:\/\/content.redfoxlotto.com\/uploads\/sites\/9\/1_play_lottery_online5.jpg\",\"datePublished\":\"2023-04-24T18:09:15+00:00\",\"dateModified\":\"2025-12-10T14:19:33+00:00\",\"description\":\"Jogadores de qualquer pa\u00eds podem agora aderir e jogar online nesta lotaria multiestados dos EUA\",\"breadcrumb\":{\"@id\":\"https:\/\/redfoxlotto.com\/pt-pt\/jogar\/lotto-america\/#breadcrumb\"},\"inLanguage\":\"pt-PT\",\"potentialAction\":[{\"@type\":\"ReadAction\",\"target\":[\"https:\/\/redfoxlotto.com\/pt-pt\/jogar\/lotto-america\/\"]}]},{\"@type\":\"ImageObject\",\"inLanguage\":\"pt-PT\",\"@id\":\"https:\/\/redfoxlotto.com\/pt-pt\/jogar\/lotto-america\/#primaryimage\",\"url\":\"https:\/\/content.redfoxlotto.com\/uploads\/sites\/9\/1_play_lottery_online5.jpg\",\"contentUrl\":\"https:\/\/content.redfoxlotto.com\/uploads\/sites\/9\/1_play_lottery_online5.jpg\"},{\"@type\":\"BreadcrumbList\",\"@id\":\"https:\/\/redfoxlotto.com\/pt-pt\/jogar\/lotto-america\/#breadcrumb\",\"itemListElement\":[{\"@type\":\"ListItem\",\"position\":1,\"name\":\"Home\",\"item\":\"https:\/\/redfoxlotto.com\/pt-pt\/\"},{\"@type\":\"ListItem\",\"position\":2,\"name\":\"Compre bilhetes de lotaria online\",\"item\":\"https:\/\/redfoxlotto.com\/pt-pt\/jogar\/\"},{\"@type\":\"ListItem\",\"position\":3,\"name\":\"Como jogar Lotto America online\"}]},{\"@type\":\"WebSite\",\"@id\":\"https:\/\/redfoxlotto.com\/pt-pt\/#website\",\"url\":\"https:\/\/redfoxlotto.com\/pt-pt\/\",\"name\":\"Get Tickets for the World\u2019s largest jackpots\",\"description\":\"Participate in worldwide lottery jackpots from any country\",\"publisher\":{\"@id\":\"https:\/\/redfoxlotto.com\/pt-pt\/#organization\"},\"potentialAction\":[{\"@type\":\"SearchAction\",\"target\":{\"@type\":\"EntryPoint\",\"urlTemplate\":\"https:\/\/redfoxlotto.com\/pt-pt\/?s={search_term_string}\"},\"query-input\":{\"@type\":\"PropertyValueSpecification\",\"valueRequired\":true,\"valueName\":\"search_term_string\"}}],\"inLanguage\":\"pt-PT\"},{\"@type\":\"Organization\",\"@id\":\"https:\/\/redfoxlotto.com\/pt-pt\/#organization\",\"name\":\"Get Tickets for the World\u2019s largest jackpots\",\"url\":\"https:\/\/redfoxlotto.com\/pt-pt\/\",\"logo\":{\"@type\":\"ImageObject\",\"inLanguage\":\"pt-PT\",\"@id\":\"https:\/\/redfoxlotto.com\/pt-pt\/#\/schema\/logo\/image\/\",\"url\":\"https:\/\/redfoxlotto.com\/wp-content\/uploads\/2023\/04\/logo.png\",\"contentUrl\":\"https:\/\/redfoxlotto.com\/wp-content\/uploads\/2023\/04\/logo.png\",\"width\":269,\"height\":53,\"caption\":\"Get Tickets for the World\u2019s largest jackpots\"},\"image\":{\"@id\":\"https:\/\/redfoxlotto.com\/pt-pt\/#\/schema\/logo\/image\/\"}}]}<\/script>\n<!-- \/ Yoast SEO plugin. -->","yoast_head_json":{"title":"Jogar Lotto America online","description":"Jogadores de qualquer pa\u00eds podem agora aderir e jogar online nesta lotaria multiestados dos EUA","robots":{"index":"index","follow":"follow","max-snippet":"max-snippet:-1","max-image-preview":"max-image-preview:large","max-video-preview":"max-video-preview:-1"},"canonical":"https:\/\/redfoxlotto.com\/pt-pt\/jogar\/lotto-america\/","og_locale":"pt_PT","og_type":"article","og_title":"Jogar Lotto America online","og_description":"Jogadores de qualquer pa\u00eds podem agora aderir e jogar online nesta lotaria multiestados dos EUA","og_url":"https:\/\/redfoxlotto.com\/pt-pt\/jogar\/lotto-america\/","og_site_name":"Get Tickets for the World\u2019s largest jackpots","article_modified_time":"2025-12-10T14:19:33+00:00","og_image":[{"url":"https:\/\/content.redfoxlotto.com\/uploads\/sites\/9\/1_play_lottery_online5.jpg"}],"twitter_card":"summary_large_image","twitter_misc":{"Tempo estimado de leitura":"3 minutos"},"schema":{"@context":"https:\/\/schema.org","@graph":[{"@type":"WebPage","@id":"https:\/\/redfoxlotto.com\/pt-pt\/jogar\/lotto-america\/","url":"https:\/\/redfoxlotto.com\/pt-pt\/jogar\/lotto-america\/","name":"Jogar Lotto America online","isPartOf":{"@id":"https:\/\/redfoxlotto.com\/pt-pt\/#website"},"primaryImageOfPage":{"@id":"https:\/\/redfoxlotto.com\/pt-pt\/jogar\/lotto-america\/#primaryimage"},"image":{"@id":"https:\/\/redfoxlotto.com\/pt-pt\/jogar\/lotto-america\/#primaryimage"},"thumbnailUrl":"https:\/\/content.redfoxlotto.com\/uploads\/sites\/9\/1_play_lottery_online5.jpg","datePublished":"2023-04-24T18:09:15+00:00","dateModified":"2025-12-10T14:19:33+00:00","description":"Jogadores de qualquer pa\u00eds podem agora aderir e jogar online nesta lotaria multiestados dos EUA","breadcrumb":{"@id":"https:\/\/redfoxlotto.com\/pt-pt\/jogar\/lotto-america\/#breadcrumb"},"inLanguage":"pt-PT","potentialAction":[{"@type":"ReadAction","target":["https:\/\/redfoxlotto.com\/pt-pt\/jogar\/lotto-america\/"]}]},{"@type":"ImageObject","inLanguage":"pt-PT","@id":"https:\/\/redfoxlotto.com\/pt-pt\/jogar\/lotto-america\/#primaryimage","url":"https:\/\/content.redfoxlotto.com\/uploads\/sites\/9\/1_play_lottery_online5.jpg","contentUrl":"https:\/\/content.redfoxlotto.com\/uploads\/sites\/9\/1_play_lottery_online5.jpg"},{"@type":"BreadcrumbList","@id":"https:\/\/redfoxlotto.com\/pt-pt\/jogar\/lotto-america\/#breadcrumb","itemListElement":[{"@type":"ListItem","position":1,"name":"Home","item":"https:\/\/redfoxlotto.com\/pt-pt\/"},{"@type":"ListItem","position":2,"name":"Compre bilhetes de lotaria online","item":"https:\/\/redfoxlotto.com\/pt-pt\/jogar\/"},{"@type":"ListItem","position":3,"name":"Como jogar Lotto America online"}]},{"@type":"WebSite","@id":"https:\/\/redfoxlotto.com\/pt-pt\/#website","url":"https:\/\/redfoxlotto.com\/pt-pt\/","name":"Get Tickets for the World\u2019s largest jackpots","description":"Participate in worldwide lottery jackpots from any country","publisher":{"@id":"https:\/\/redfoxlotto.com\/pt-pt\/#organization"},"potentialAction":[{"@type":"SearchAction","target":{"@type":"EntryPoint","urlTemplate":"https:\/\/redfoxlotto.com\/pt-pt\/?s={search_term_string}"},"query-input":{"@type":"PropertyValueSpecification","valueRequired":true,"valueName":"search_term_string"}}],"inLanguage":"pt-PT"},{"@type":"Organization","@id":"https:\/\/redfoxlotto.com\/pt-pt\/#organization","name":"Get Tickets for the World\u2019s largest jackpots","url":"https:\/\/redfoxlotto.com\/pt-pt\/","logo":{"@type":"ImageObject","inLanguage":"pt-PT","@id":"https:\/\/redfoxlotto.com\/pt-pt\/#\/schema\/logo\/image\/","url":"https:\/\/redfoxlotto.com\/wp-content\/uploads\/2023\/04\/logo.png","contentUrl":"https:\/\/redfoxlotto.com\/wp-content\/uploads\/2023\/04\/logo.png","width":269,"height":53,"caption":"Get Tickets for the World\u2019s largest jackpots"},"image":{"@id":"https:\/\/redfoxlotto.com\/pt-pt\/#\/schema\/logo\/image\/"}}]}},"_links":{"self":[{"href":"https:\/\/redfoxlotto.com\/pt-pt\/wp-json\/wp\/v2\/pages\/12979","targetHints":{"allow":["GET"]}}],"collection":[{"href":"https:\/\/redfoxlotto.com\/pt-pt\/wp-json\/wp\/v2\/pages"}],"about":[{"href":"https:\/\/redfoxlotto.com\/pt-pt\/wp-json\/wp\/v2\/types\/page"}],"author":[{"embeddable":true,"href":"https:\/\/redfoxlotto.com\/pt-pt\/wp-json\/wp\/v2\/users\/1"}],"replies":[{"embeddable":true,"href":"https:\/\/redfoxlotto.com\/pt-pt\/wp-json\/wp\/v2\/comments?post=12979"}],"version-history":[{"count":0,"href":"https:\/\/redfoxlotto.com\/pt-pt\/wp-json\/wp\/v2\/pages\/12979\/revisions"}],"up":[{"embeddable":true,"href":"https:\/\/redfoxlotto.com\/pt-pt\/wp-json\/wp\/v2\/pages\/1021"}],"wp:attachment":[{"href":"https:\/\/redfoxlotto.com\/pt-pt\/wp-json\/wp\/v2\/media?parent=12979"}],"curies":[{"name":"wp","href":"https:\/\/api.w.org\/{rel}","templated":true}]}}