{"id":1060,"date":"2023-04-24T18:24:48","date_gmt":"2023-04-24T18:24:48","guid":{"rendered":"https:\/\/redfoxlotto.com\/?page_id=4564"},"modified":"2025-12-11T08:46:53","modified_gmt":"2025-12-11T08:46:53","slug":"saturday-lotto-au","status":"publish","type":"page","link":"https:\/\/redfoxlotto.com\/pt-pt\/jogar\/saturday-lotto-au\/","title":{"rendered":"Apostar no Saturday Lotto online"},"content":{"rendered":"<script type=\"application\/ld+json\">\r\n{\r\n  \"@context\": \"https:\/\/schema.org\",\r\n  \"@type\": \"Service\",\r\n  \"name\": \"Saturday Lotto Australia online\",\r\n  \"url\": \"https:\/\/redfoxlotto.com\/pt-pt\/jogar\/saturday-lotto-au\/\",\r\n  \"description\": \"Compre bilhetes oficiais do Saturday Lotto Australia online atrav\u00e9s da RedFoxLotto. Escolha os seus n\u00fameros e participe no pr\u00f3ximo sorteio.\",\r\n  \"serviceType\": \"Online lottery ticket purchase\",\r\n\r\n  \"provider\": {\r\n    \"@type\": \"Organization\",\r\n    \"name\": \"RedFoxLotto\",\r\n    \"url\": \"https:\/\/redfoxlotto.com\",\r\n    \"logo\": \"https:\/\/redfoxlotto.com\/wp-content\/uploads\/logo.png\"\r\n  },\r\n\r\n  \"areaServed\": \"Worldwide\",\r\n  \"termsOfService\": \"https:\/\/redfoxlotto.com\/terms-and-conditions\",\r\n\r\n  \"hasOfferCatalog\": {\r\n    \"@type\": \"OfferCatalog\",\r\n    \"name\": \"Saturday Lotto Australia Offers\",\r\n    \"itemListElement\": [\r\n      {\r\n        \"@type\": \"Offer\",\r\n        \"name\": \"Lotto Saturday Lotto Australia Ticket\",\r\n        \"url\": \"https:\/\/redfoxlotto.com\/pt-pt\/jogar\/saturday-lotto-au\/\",\r\n        \"description\": \"Uma entrada para o pr\u00f3ximo sorteio do Saturday Lotto Australia.\",\r\n        \"price\": \"1.50\",\r\n        \"priceCurrency\": \"EUR\",\r\n        \"availability\": \"https:\/\/schema.org\/InStock\",\r\n\r\n        \"itemOffered\": {\r\n          \"@type\": \"Service\",\r\n          \"name\": \"Saturday Lotto Australia Entry\",\r\n          \"description\": \"Participa\u00e7\u00e3o no pr\u00f3ximo sorteio do Saturday Lotto Australia atrav\u00e9s da RedFoxLotto.\"\r\n        }\r\n      }\r\n    ]\r\n  },\r\n\r\n  \"mainEntityOfPage\": {\r\n    \"@type\": \"WebPage\",\r\n    \"@id\": \"https:\/\/redfoxlotto.com\/pt-pt\/jogar\/saturday-lotto-au\/\"\r\n  }\r\n}\r\n<\/script>\r\n\r\n<p><img loading=\"lazy\" decoding=\"async\" class=\" wp-image alignright\" src=\"https:\/\/content.redfoxlotto.com\/uploads\/sites\/9\/2_ticket_saturday_lotto_au.jpg\" alt=\"Jogue Saturday Lotto Australia online\" width=\"220\" height=\"400\" \/><\/p><p>Todos os s\u00e1bados, uma oportunidade \u00e9 apresentada a todos para participarem e terem a oportunidade de se afugentarem com uma enorme quantidade de dinheiro. A internet tornou poss\u00edvel n\u00e3o perder a vida mudando oportunidades como esta como qualquer pessoa em qualquer lugar do mundo pode participar nesta oportunidade, reservando um bilhete para a loteria de s\u00e1bado da Austr\u00e1lia online. Dist\u00e2ncia n\u00e3o \u00e9 mais uma barreira em jogar na loteria de s\u00e1bado como n\u00e3o apenas aqueles presentes na Austr\u00e1lia, mas qualquer pessoa em qualquer lugar \u00e9 capaz de ser uma parte da loteria. Tudo o que voc\u00ea precisa \u00e9 de qualquer dispositivo que possa acessar a internet e voc\u00ea pode ser o pr\u00f3ximo ganhador do jackpot da loteria de s\u00e1bado da Austr\u00e1lia. Portanto, sempre que voc\u00ea estiver se sentindo sortudo, n\u00e3o hesite em reservar um bilhete de loteria de s\u00e1bado online e voc\u00ea pode ter a sua vida em uma grande virada para melhor.<\/p><p>Reservar o bilhete da loteria de s\u00e1bado \u00e9 t\u00e3o f\u00e1cil quanto tudo que voc\u00ea precisa fazer \u00e9 abrir uma conta com RedFoxLotto, escolher seus 6 n\u00fameros favoritos de 45 ou voc\u00ea pode usar a op\u00e7\u00e3o de escolha r\u00e1pida onde os n\u00fameros s\u00e3o selecionados aleatoriamente para voc\u00ea e ent\u00e3o seu bilhete seria reservado e gravado, e voc\u00ea tamb\u00e9m receber\u00e1 uma notifica\u00e7\u00e3o por e-mail confirmando seu bilhete reservado. Pagar pelos bilhetes \u00e9 t\u00e3o f\u00e1cil como seleccionar os seus n\u00fameros, pois existem v\u00e1rias op\u00e7\u00f5es de pagamento dispon\u00edveis para os utilizadores pagarem e o RedFoxLotto fornece um portal de pagamento seguro e privado para que n\u00e3o tenha de ter medo de ver os seus dados banc\u00e1rios comprometidos.<\/p><p>O sorteio para a loteria de s\u00e1bado \u00e9 feito todos os s\u00e1bados \u00e0 noite, e 8 n\u00fameros s\u00e3o sorteados. Os primeiros 6 n\u00fameros s\u00e3o os n\u00fameros principais e s\u00e3o usados para determinar os vencedores do pr\u00eamio principal. Os 2 n\u00fameros restantes s\u00e3o os n\u00fameros suplementares e s\u00e3o usados para determinar outras categorias menores de ganhos. Se os 6 n\u00fameros que voc\u00ea escolheu quando estava reservando seu bilhete correspondem aos 6 n\u00fameros principais sorteados, ent\u00e3o voc\u00ea ganhou o pr\u00eamio final. S\u00e3o cerca de AUD$4 milh\u00f5es que podem ser partilhados entre um m\u00e1ximo de 4 vencedores. H\u00e1 pr\u00eamios dispon\u00edveis para bilhetes com menos de 6 n\u00fameros correspondentes aos 6 n\u00fameros sorteados.<\/p><p><img loading=\"lazy\" decoding=\"async\" class=\" wp-image alignright\" src=\"https:\/\/content.redfoxlotto.com\/uploads\/sites\/9\/1_lotto_jackpot_online.jpg\" alt=\"Austr\u00e1lia loteria s\u00e1bado\" width=\"238\" height=\"278\" \/><\/p><p>Se voc\u00ea tiver a sorte de ser um ganhador, ent\u00e3o voc\u00ea ser\u00e1 notificado de seus ganhos. RedFoxLotto garantir\u00e1 que voc\u00ea seja notificado do seu pr\u00eamio e, dessa forma, voc\u00ea n\u00e3o perder\u00e1 nenhum de seus ganhos, pois eles tamb\u00e9m ajudam no processamento de seus pagamentos para garantir que voc\u00ea os receba. Se os seus ganhos forem pequenos, eles ser\u00e3o enviados para a \u00e1rea de sua conta de cliente. A partir da\u00ed, voc\u00ea pode retir\u00e1-los para sua conta banc\u00e1ria ou us\u00e1-los para comprar mais ingressos. Se os seus ganhos forem grandes, um representante do servi\u00e7o de atendimento ao cliente entrar\u00e1 em contato com voc\u00ea para combinar como voc\u00ea receber\u00e1 os seus ganhos.<\/p>","protected":false},"excerpt":{"rendered":"<p>Todos os s\u00e1bados, uma oportunidade \u00e9 apresentada a todos para participarem e terem a oportunidade de se afugentarem com uma enorme quantidade de dinheiro. A internet tornou poss\u00edvel n\u00e3o perder a vida mudando oportunidades como esta como qualquer pessoa em qualquer lugar do mundo pode participar nesta oportunidade, reservando um bilhete para a loteria de [&hellip;]<\/p>\n","protected":false},"author":1,"featured_media":0,"parent":1021,"menu_order":20,"comment_status":"closed","ping_status":"closed","template":"saturday-lotto.php","meta":{"_et_pb_use_builder":"","_et_pb_old_content":"","_et_gb_content_width":"","exclude_from_search":false,"footnotes":""},"class_list":["post-1060","page","type-page","status-publish","hentry"],"yoast_head":"<!-- This site is optimized with the Yoast SEO plugin v23.8 - https:\/\/yoast.com\/wordpress\/plugins\/seo\/ -->\n<title>Jogue na Loteria de S\u00e1bado online | Uma das maiores loterias da Austr\u00e1lia.<\/title>\n<meta name=\"description\" content=\"Reserve seus bilhetes e jogue na loteria de s\u00e1bado na Austr\u00e1lia\" \/>\n<meta name=\"robots\" content=\"index, follow, max-snippet:-1, max-image-preview:large, max-video-preview:-1\" \/>\n<link rel=\"canonical\" href=\"https:\/\/redfoxlotto.com\/pt-pt\/jogar\/saturday-lotto-au\/\" \/>\n<meta property=\"og:locale\" content=\"pt_PT\" \/>\n<meta property=\"og:type\" content=\"article\" \/>\n<meta property=\"og:title\" content=\"Jogue na Loteria de S\u00e1bado online | Uma das maiores loterias da Austr\u00e1lia.\" \/>\n<meta property=\"og:description\" content=\"Reserve seus bilhetes e jogue na loteria de s\u00e1bado na Austr\u00e1lia\" \/>\n<meta property=\"og:url\" content=\"https:\/\/redfoxlotto.com\/pt-pt\/jogar\/saturday-lotto-au\/\" \/>\n<meta property=\"og:site_name\" content=\"Get Tickets for the World\u2019s largest jackpots\" \/>\n<meta property=\"article:modified_time\" content=\"2025-12-11T08:46:53+00:00\" \/>\n<meta property=\"og:image\" content=\"https:\/\/content.redfoxlotto.com\/uploads\/sites\/9\/2_ticket_saturday_lotto_au.jpg\" \/>\n<meta name=\"twitter:card\" content=\"summary_large_image\" \/>\n<meta name=\"twitter:label1\" content=\"Tempo estimado de leitura\" \/>\n\t<meta name=\"twitter:data1\" content=\"3 minutos\" \/>\n<script type=\"application\/ld+json\" class=\"yoast-schema-graph\">{\"@context\":\"https:\/\/schema.org\",\"@graph\":[{\"@type\":\"WebPage\",\"@id\":\"https:\/\/redfoxlotto.com\/pt-pt\/jogar\/saturday-lotto-au\/\",\"url\":\"https:\/\/redfoxlotto.com\/pt-pt\/jogar\/saturday-lotto-au\/\",\"name\":\"Jogue na Loteria de S\u00e1bado online | Uma das maiores loterias da Austr\u00e1lia.\",\"isPartOf\":{\"@id\":\"https:\/\/redfoxlotto.com\/pt-pt\/#website\"},\"primaryImageOfPage\":{\"@id\":\"https:\/\/redfoxlotto.com\/pt-pt\/jogar\/saturday-lotto-au\/#primaryimage\"},\"image\":{\"@id\":\"https:\/\/redfoxlotto.com\/pt-pt\/jogar\/saturday-lotto-au\/#primaryimage\"},\"thumbnailUrl\":\"https:\/\/content.redfoxlotto.com\/uploads\/sites\/9\/2_ticket_saturday_lotto_au.jpg\",\"datePublished\":\"2023-04-24T18:24:48+00:00\",\"dateModified\":\"2025-12-11T08:46:53+00:00\",\"description\":\"Reserve seus bilhetes e jogue na loteria de s\u00e1bado na Austr\u00e1lia\",\"breadcrumb\":{\"@id\":\"https:\/\/redfoxlotto.com\/pt-pt\/jogar\/saturday-lotto-au\/#breadcrumb\"},\"inLanguage\":\"pt-PT\",\"potentialAction\":[{\"@type\":\"ReadAction\",\"target\":[\"https:\/\/redfoxlotto.com\/pt-pt\/jogar\/saturday-lotto-au\/\"]}]},{\"@type\":\"ImageObject\",\"inLanguage\":\"pt-PT\",\"@id\":\"https:\/\/redfoxlotto.com\/pt-pt\/jogar\/saturday-lotto-au\/#primaryimage\",\"url\":\"https:\/\/content.redfoxlotto.com\/uploads\/sites\/9\/2_ticket_saturday_lotto_au.jpg\",\"contentUrl\":\"https:\/\/content.redfoxlotto.com\/uploads\/sites\/9\/2_ticket_saturday_lotto_au.jpg\"},{\"@type\":\"BreadcrumbList\",\"@id\":\"https:\/\/redfoxlotto.com\/pt-pt\/jogar\/saturday-lotto-au\/#breadcrumb\",\"itemListElement\":[{\"@type\":\"ListItem\",\"position\":1,\"name\":\"Home\",\"item\":\"https:\/\/redfoxlotto.com\/pt-pt\/\"},{\"@type\":\"ListItem\",\"position\":2,\"name\":\"Compre bilhetes de lotaria online\",\"item\":\"https:\/\/redfoxlotto.com\/pt-pt\/jogar\/\"},{\"@type\":\"ListItem\",\"position\":3,\"name\":\"Apostar no Saturday Lotto online\"}]},{\"@type\":\"WebSite\",\"@id\":\"https:\/\/redfoxlotto.com\/pt-pt\/#website\",\"url\":\"https:\/\/redfoxlotto.com\/pt-pt\/\",\"name\":\"Get Tickets for the World\u2019s largest jackpots\",\"description\":\"Participate in worldwide lottery jackpots from any country\",\"publisher\":{\"@id\":\"https:\/\/redfoxlotto.com\/pt-pt\/#organization\"},\"potentialAction\":[{\"@type\":\"SearchAction\",\"target\":{\"@type\":\"EntryPoint\",\"urlTemplate\":\"https:\/\/redfoxlotto.com\/pt-pt\/?s={search_term_string}\"},\"query-input\":{\"@type\":\"PropertyValueSpecification\",\"valueRequired\":true,\"valueName\":\"search_term_string\"}}],\"inLanguage\":\"pt-PT\"},{\"@type\":\"Organization\",\"@id\":\"https:\/\/redfoxlotto.com\/pt-pt\/#organization\",\"name\":\"Get Tickets for the World\u2019s largest jackpots\",\"url\":\"https:\/\/redfoxlotto.com\/pt-pt\/\",\"logo\":{\"@type\":\"ImageObject\",\"inLanguage\":\"pt-PT\",\"@id\":\"https:\/\/redfoxlotto.com\/pt-pt\/#\/schema\/logo\/image\/\",\"url\":\"https:\/\/redfoxlotto.com\/wp-content\/uploads\/2023\/04\/logo.png\",\"contentUrl\":\"https:\/\/redfoxlotto.com\/wp-content\/uploads\/2023\/04\/logo.png\",\"width\":269,\"height\":53,\"caption\":\"Get Tickets for the World\u2019s largest jackpots\"},\"image\":{\"@id\":\"https:\/\/redfoxlotto.com\/pt-pt\/#\/schema\/logo\/image\/\"}}]}<\/script>\n<!-- \/ Yoast SEO plugin. -->","yoast_head_json":{"title":"Jogue na Loteria de S\u00e1bado online | Uma das maiores loterias da Austr\u00e1lia.","description":"Reserve seus bilhetes e jogue na loteria de s\u00e1bado na Austr\u00e1lia","robots":{"index":"index","follow":"follow","max-snippet":"max-snippet:-1","max-image-preview":"max-image-preview:large","max-video-preview":"max-video-preview:-1"},"canonical":"https:\/\/redfoxlotto.com\/pt-pt\/jogar\/saturday-lotto-au\/","og_locale":"pt_PT","og_type":"article","og_title":"Jogue na Loteria de S\u00e1bado online | Uma das maiores loterias da Austr\u00e1lia.","og_description":"Reserve seus bilhetes e jogue na loteria de s\u00e1bado na Austr\u00e1lia","og_url":"https:\/\/redfoxlotto.com\/pt-pt\/jogar\/saturday-lotto-au\/","og_site_name":"Get Tickets for the World\u2019s largest jackpots","article_modified_time":"2025-12-11T08:46:53+00:00","og_image":[{"url":"https:\/\/content.redfoxlotto.com\/uploads\/sites\/9\/2_ticket_saturday_lotto_au.jpg"}],"twitter_card":"summary_large_image","twitter_misc":{"Tempo estimado de leitura":"3 minutos"},"schema":{"@context":"https:\/\/schema.org","@graph":[{"@type":"WebPage","@id":"https:\/\/redfoxlotto.com\/pt-pt\/jogar\/saturday-lotto-au\/","url":"https:\/\/redfoxlotto.com\/pt-pt\/jogar\/saturday-lotto-au\/","name":"Jogue na Loteria de S\u00e1bado online | Uma das maiores loterias da Austr\u00e1lia.","isPartOf":{"@id":"https:\/\/redfoxlotto.com\/pt-pt\/#website"},"primaryImageOfPage":{"@id":"https:\/\/redfoxlotto.com\/pt-pt\/jogar\/saturday-lotto-au\/#primaryimage"},"image":{"@id":"https:\/\/redfoxlotto.com\/pt-pt\/jogar\/saturday-lotto-au\/#primaryimage"},"thumbnailUrl":"https:\/\/content.redfoxlotto.com\/uploads\/sites\/9\/2_ticket_saturday_lotto_au.jpg","datePublished":"2023-04-24T18:24:48+00:00","dateModified":"2025-12-11T08:46:53+00:00","description":"Reserve seus bilhetes e jogue na loteria de s\u00e1bado na Austr\u00e1lia","breadcrumb":{"@id":"https:\/\/redfoxlotto.com\/pt-pt\/jogar\/saturday-lotto-au\/#breadcrumb"},"inLanguage":"pt-PT","potentialAction":[{"@type":"ReadAction","target":["https:\/\/redfoxlotto.com\/pt-pt\/jogar\/saturday-lotto-au\/"]}]},{"@type":"ImageObject","inLanguage":"pt-PT","@id":"https:\/\/redfoxlotto.com\/pt-pt\/jogar\/saturday-lotto-au\/#primaryimage","url":"https:\/\/content.redfoxlotto.com\/uploads\/sites\/9\/2_ticket_saturday_lotto_au.jpg","contentUrl":"https:\/\/content.redfoxlotto.com\/uploads\/sites\/9\/2_ticket_saturday_lotto_au.jpg"},{"@type":"BreadcrumbList","@id":"https:\/\/redfoxlotto.com\/pt-pt\/jogar\/saturday-lotto-au\/#breadcrumb","itemListElement":[{"@type":"ListItem","position":1,"name":"Home","item":"https:\/\/redfoxlotto.com\/pt-pt\/"},{"@type":"ListItem","position":2,"name":"Compre bilhetes de lotaria online","item":"https:\/\/redfoxlotto.com\/pt-pt\/jogar\/"},{"@type":"ListItem","position":3,"name":"Apostar no Saturday Lotto online"}]},{"@type":"WebSite","@id":"https:\/\/redfoxlotto.com\/pt-pt\/#website","url":"https:\/\/redfoxlotto.com\/pt-pt\/","name":"Get Tickets for the World\u2019s largest jackpots","description":"Participate in worldwide lottery jackpots from any country","publisher":{"@id":"https:\/\/redfoxlotto.com\/pt-pt\/#organization"},"potentialAction":[{"@type":"SearchAction","target":{"@type":"EntryPoint","urlTemplate":"https:\/\/redfoxlotto.com\/pt-pt\/?s={search_term_string}"},"query-input":{"@type":"PropertyValueSpecification","valueRequired":true,"valueName":"search_term_string"}}],"inLanguage":"pt-PT"},{"@type":"Organization","@id":"https:\/\/redfoxlotto.com\/pt-pt\/#organization","name":"Get Tickets for the World\u2019s largest jackpots","url":"https:\/\/redfoxlotto.com\/pt-pt\/","logo":{"@type":"ImageObject","inLanguage":"pt-PT","@id":"https:\/\/redfoxlotto.com\/pt-pt\/#\/schema\/logo\/image\/","url":"https:\/\/redfoxlotto.com\/wp-content\/uploads\/2023\/04\/logo.png","contentUrl":"https:\/\/redfoxlotto.com\/wp-content\/uploads\/2023\/04\/logo.png","width":269,"height":53,"caption":"Get Tickets for the World\u2019s largest jackpots"},"image":{"@id":"https:\/\/redfoxlotto.com\/pt-pt\/#\/schema\/logo\/image\/"}}]}},"_links":{"self":[{"href":"https:\/\/redfoxlotto.com\/pt-pt\/wp-json\/wp\/v2\/pages\/1060","targetHints":{"allow":["GET"]}}],"collection":[{"href":"https:\/\/redfoxlotto.com\/pt-pt\/wp-json\/wp\/v2\/pages"}],"about":[{"href":"https:\/\/redfoxlotto.com\/pt-pt\/wp-json\/wp\/v2\/types\/page"}],"author":[{"embeddable":true,"href":"https:\/\/redfoxlotto.com\/pt-pt\/wp-json\/wp\/v2\/users\/1"}],"replies":[{"embeddable":true,"href":"https:\/\/redfoxlotto.com\/pt-pt\/wp-json\/wp\/v2\/comments?post=1060"}],"version-history":[{"count":0,"href":"https:\/\/redfoxlotto.com\/pt-pt\/wp-json\/wp\/v2\/pages\/1060\/revisions"}],"up":[{"embeddable":true,"href":"https:\/\/redfoxlotto.com\/pt-pt\/wp-json\/wp\/v2\/pages\/1021"}],"wp:attachment":[{"href":"https:\/\/redfoxlotto.com\/pt-pt\/wp-json\/wp\/v2\/media?parent=1060"}],"curies":[{"name":"wp","href":"https:\/\/api.w.org\/{rel}","templated":true}]}}