{"id":1059,"date":"2023-04-24T18:19:55","date_gmt":"2023-04-24T18:19:55","guid":{"rendered":"https:\/\/redfoxlotto.com\/?page_id=4562"},"modified":"2018-12-08T13:58:35","modified_gmt":"2018-12-08T13:58:35","slug":"powerball-au","status":"publish","type":"page","link":"https:\/\/redfoxlotto.com\/pt-pt\/jogar\/powerball-au\/","title":{"rendered":"Powerball Fever da Austr\u00e1lia est\u00e1 agora aqui"},"content":{"rendered":"<p>Toda semana, em uma quinta-feira \u00e0 noite, a Powerball Australia excita a na\u00e7\u00e3o. Ela lan\u00e7a dois conjuntos de n\u00fameros contidos em um par de barris. No primeiro barril h\u00e1 35 n\u00fameros diferentes, variando de 1 a 35. Em seguida, um segundo barril emite n\u00fameros entre 1 e 20. <\/p><p><img decoding=\"async\" class=\"size-full wp-image alignright\" src=\"https:\/\/content.redfoxlotto.com\/uploads\/sites\/9\/2_ticket_powerball_au.jpg\" alt=\"Powerball Australia online\"><\/p><p>O primeiro barril escolhe sete n\u00fameros, mas o segundo barril s\u00f3 seleciona um \u00fanico n\u00famero. Este um n\u00famero (entre 1 e 20) \u00e9 o Powerball. O pr\u00e9mio principal \u00e9 atribu\u00eddo a qualquer jogador que seleccione correctamente todos os sete n\u00fameros e tenha a Powerball. <\/p><h2 class=\"wp-block-heading\">Como eu come\u00e7o?<\/h2><p>Os australianos normalmente jogam gastando AU$2.20 em qualquer varejista da loteria. Mas registrar-se no RedFoxLotto e jogar este jogo online \u00e9 simples, r\u00e1pido e f\u00e1cil. Al\u00e9m disso, voc\u00ea pode fazer isso de qualquer lugar do mundo.<\/p><p>Basta lembrar que o sorteio acontece \u00e0s 20h30 Australian East Time. Um vencedor recente em Sydney ganhou AU$107 milh\u00f5es neste jogo de Powerball recentemente. Mas os vencedores podem vir de muitas combina\u00e7\u00f5es diferentes. Se voc\u00ea tiver todos os sete n\u00fameros combinados do barril um &#8211; mas n\u00e3o a Powerball, voc\u00ea ainda assim colheria uma grande parte do pr\u00eamio. Esta figura n\u00e3o varia, mas seria facilmente seis figuras.<\/p><h2 class=\"wp-block-heading\">Jogue na loteria online da Powerball Australia<\/h2><p><img decoding=\"async\" class=\"size-full wp-image alignright\" src=\"https:\/\/content.redfoxlotto.com\/uploads\/sites\/9\/1_lottery_win_luxury_house.jpg\" alt=\"Jogue Powerball australiano\"><\/p><p>Ao contr\u00e1rio de muitas loterias que t\u00eam um intervalo de n\u00fameros entre 1 e 49 ou 1 a 59, a Powerball Australia tem um pool muito reduzido. Existem apenas 35 n\u00fameros dos quais voc\u00ea pode escolher os vencedores. Isso aumenta as chances de ganhar muito. <\/p><p>Combinar seis n\u00fameros e n\u00e3o o Powerball tem uma chance de cerca de 1 em 36.000. O pr\u00eamio para isso novamente varia, mas muitas vezes \u00e9 superior a AU$500. Milhares de jogadores aguardam ansiosamente a noite de quinta-feira e aguardam a loteria Powerball Australia. <\/p><h2 class=\"wp-block-heading\">Como posso financiar a minha conta online?<\/h2><p>H\u00e1 uma variedade de m\u00e9todos para depositar dinheiro na sua conta na RedFoxLotto e jogar na Powerball Australiana online. Ap\u00f3s uma simples verifica\u00e7\u00e3o de que voc\u00ea tem mais de 18 anos e alguns detalhes pessoais, a conta pode ser mobiliada com dinheiro de v\u00e1rias maneiras. <\/p><p>RedFoxLotto aceita MasterCard, Visa, PayPal, NETELLER, Skrill (anteriormente Money Bookers) e at\u00e9 Bitcoins. <\/p>","protected":false},"excerpt":{"rendered":"<p>Toda semana, em uma quinta-feira \u00e0 noite, a Powerball Australia excita a na\u00e7\u00e3o. Ela lan\u00e7a dois conjuntos de n\u00fameros contidos em um par de barris. No primeiro barril h\u00e1 35 n\u00fameros diferentes, variando de 1 a 35. Em seguida, um segundo barril emite n\u00fameros entre 1 e 20. O primeiro barril escolhe sete n\u00fameros, mas [&hellip;]<\/p>\n","protected":false},"author":1,"featured_media":0,"parent":1021,"menu_order":17,"comment_status":"closed","ping_status":"closed","template":"powerball-au.php","meta":{"_et_pb_use_builder":"","_et_pb_old_content":"","_et_gb_content_width":"","exclude_from_search":false,"footnotes":""},"class_list":["post-1059","page","type-page","status-publish","hentry"],"yoast_head":"<!-- This site is optimized with the Yoast SEO plugin v23.8 - https:\/\/yoast.com\/wordpress\/plugins\/seo\/ -->\n<title>Jogue na loteria Powerball Australia Online<\/title>\n<meta name=\"description\" content=\"A loteria favorita da Austr\u00e1lia j\u00e1 est\u00e1 dispon\u00edvel online em todo o mundo\" \/>\n<meta name=\"robots\" content=\"index, follow, max-snippet:-1, max-image-preview:large, max-video-preview:-1\" \/>\n<link rel=\"canonical\" href=\"https:\/\/redfoxlotto.com\/pt-pt\/jogar\/powerball-au\/\" \/>\n<meta property=\"og:locale\" content=\"pt_PT\" \/>\n<meta property=\"og:type\" content=\"article\" \/>\n<meta property=\"og:title\" content=\"Jogue na loteria Powerball Australia Online\" \/>\n<meta property=\"og:description\" content=\"A loteria favorita da Austr\u00e1lia j\u00e1 est\u00e1 dispon\u00edvel online em todo o mundo\" \/>\n<meta property=\"og:url\" content=\"https:\/\/redfoxlotto.com\/pt-pt\/jogar\/powerball-au\/\" \/>\n<meta property=\"og:site_name\" content=\"Get Tickets for the World\u2019s largest jackpots\" \/>\n<meta property=\"article:modified_time\" content=\"2018-12-08T13:58:35+00:00\" \/>\n<meta property=\"og:image\" content=\"https:\/\/content.redfoxlotto.com\/uploads\/sites\/9\/2_ticket_powerball_au.jpg\" \/>\n<meta name=\"twitter:card\" content=\"summary_large_image\" \/>\n<meta name=\"twitter:label1\" content=\"Tempo estimado de leitura\" \/>\n\t<meta name=\"twitter:data1\" content=\"2 minutos\" \/>\n<script type=\"application\/ld+json\" class=\"yoast-schema-graph\">{\"@context\":\"https:\/\/schema.org\",\"@graph\":[{\"@type\":\"WebPage\",\"@id\":\"https:\/\/redfoxlotto.com\/pt-pt\/jogar\/powerball-au\/\",\"url\":\"https:\/\/redfoxlotto.com\/pt-pt\/jogar\/powerball-au\/\",\"name\":\"Jogue na loteria Powerball Australia Online\",\"isPartOf\":{\"@id\":\"https:\/\/redfoxlotto.com\/pt-pt\/#website\"},\"primaryImageOfPage\":{\"@id\":\"https:\/\/redfoxlotto.com\/pt-pt\/jogar\/powerball-au\/#primaryimage\"},\"image\":{\"@id\":\"https:\/\/redfoxlotto.com\/pt-pt\/jogar\/powerball-au\/#primaryimage\"},\"thumbnailUrl\":\"https:\/\/content.redfoxlotto.com\/uploads\/sites\/9\/2_ticket_powerball_au.jpg\",\"datePublished\":\"2023-04-24T18:19:55+00:00\",\"dateModified\":\"2018-12-08T13:58:35+00:00\",\"description\":\"A loteria favorita da Austr\u00e1lia j\u00e1 est\u00e1 dispon\u00edvel online em todo o mundo\",\"breadcrumb\":{\"@id\":\"https:\/\/redfoxlotto.com\/pt-pt\/jogar\/powerball-au\/#breadcrumb\"},\"inLanguage\":\"pt-PT\",\"potentialAction\":[{\"@type\":\"ReadAction\",\"target\":[\"https:\/\/redfoxlotto.com\/pt-pt\/jogar\/powerball-au\/\"]}]},{\"@type\":\"ImageObject\",\"inLanguage\":\"pt-PT\",\"@id\":\"https:\/\/redfoxlotto.com\/pt-pt\/jogar\/powerball-au\/#primaryimage\",\"url\":\"https:\/\/content.redfoxlotto.com\/uploads\/sites\/9\/2_ticket_powerball_au.jpg\",\"contentUrl\":\"https:\/\/content.redfoxlotto.com\/uploads\/sites\/9\/2_ticket_powerball_au.jpg\"},{\"@type\":\"BreadcrumbList\",\"@id\":\"https:\/\/redfoxlotto.com\/pt-pt\/jogar\/powerball-au\/#breadcrumb\",\"itemListElement\":[{\"@type\":\"ListItem\",\"position\":1,\"name\":\"Home\",\"item\":\"https:\/\/redfoxlotto.com\/pt-pt\/\"},{\"@type\":\"ListItem\",\"position\":2,\"name\":\"Compre bilhetes de lotaria online\",\"item\":\"https:\/\/redfoxlotto.com\/pt-pt\/jogar\/\"},{\"@type\":\"ListItem\",\"position\":3,\"name\":\"Powerball Fever da Austr\u00e1lia est\u00e1 agora aqui\"}]},{\"@type\":\"WebSite\",\"@id\":\"https:\/\/redfoxlotto.com\/pt-pt\/#website\",\"url\":\"https:\/\/redfoxlotto.com\/pt-pt\/\",\"name\":\"Get Tickets for the World\u2019s largest jackpots\",\"description\":\"Participate in worldwide lottery jackpots from any country\",\"publisher\":{\"@id\":\"https:\/\/redfoxlotto.com\/pt-pt\/#organization\"},\"potentialAction\":[{\"@type\":\"SearchAction\",\"target\":{\"@type\":\"EntryPoint\",\"urlTemplate\":\"https:\/\/redfoxlotto.com\/pt-pt\/?s={search_term_string}\"},\"query-input\":{\"@type\":\"PropertyValueSpecification\",\"valueRequired\":true,\"valueName\":\"search_term_string\"}}],\"inLanguage\":\"pt-PT\"},{\"@type\":\"Organization\",\"@id\":\"https:\/\/redfoxlotto.com\/pt-pt\/#organization\",\"name\":\"Get Tickets for the World\u2019s largest jackpots\",\"url\":\"https:\/\/redfoxlotto.com\/pt-pt\/\",\"logo\":{\"@type\":\"ImageObject\",\"inLanguage\":\"pt-PT\",\"@id\":\"https:\/\/redfoxlotto.com\/pt-pt\/#\/schema\/logo\/image\/\",\"url\":\"https:\/\/redfoxlotto.com\/wp-content\/uploads\/2023\/04\/logo.png\",\"contentUrl\":\"https:\/\/redfoxlotto.com\/wp-content\/uploads\/2023\/04\/logo.png\",\"width\":269,\"height\":53,\"caption\":\"Get Tickets for the World\u2019s largest jackpots\"},\"image\":{\"@id\":\"https:\/\/redfoxlotto.com\/pt-pt\/#\/schema\/logo\/image\/\"}}]}<\/script>\n<!-- \/ Yoast SEO plugin. -->","yoast_head_json":{"title":"Jogue na loteria Powerball Australia Online","description":"A loteria favorita da Austr\u00e1lia j\u00e1 est\u00e1 dispon\u00edvel online em todo o mundo","robots":{"index":"index","follow":"follow","max-snippet":"max-snippet:-1","max-image-preview":"max-image-preview:large","max-video-preview":"max-video-preview:-1"},"canonical":"https:\/\/redfoxlotto.com\/pt-pt\/jogar\/powerball-au\/","og_locale":"pt_PT","og_type":"article","og_title":"Jogue na loteria Powerball Australia Online","og_description":"A loteria favorita da Austr\u00e1lia j\u00e1 est\u00e1 dispon\u00edvel online em todo o mundo","og_url":"https:\/\/redfoxlotto.com\/pt-pt\/jogar\/powerball-au\/","og_site_name":"Get Tickets for the World\u2019s largest jackpots","article_modified_time":"2018-12-08T13:58:35+00:00","og_image":[{"url":"https:\/\/content.redfoxlotto.com\/uploads\/sites\/9\/2_ticket_powerball_au.jpg"}],"twitter_card":"summary_large_image","twitter_misc":{"Tempo estimado de leitura":"2 minutos"},"schema":{"@context":"https:\/\/schema.org","@graph":[{"@type":"WebPage","@id":"https:\/\/redfoxlotto.com\/pt-pt\/jogar\/powerball-au\/","url":"https:\/\/redfoxlotto.com\/pt-pt\/jogar\/powerball-au\/","name":"Jogue na loteria Powerball Australia Online","isPartOf":{"@id":"https:\/\/redfoxlotto.com\/pt-pt\/#website"},"primaryImageOfPage":{"@id":"https:\/\/redfoxlotto.com\/pt-pt\/jogar\/powerball-au\/#primaryimage"},"image":{"@id":"https:\/\/redfoxlotto.com\/pt-pt\/jogar\/powerball-au\/#primaryimage"},"thumbnailUrl":"https:\/\/content.redfoxlotto.com\/uploads\/sites\/9\/2_ticket_powerball_au.jpg","datePublished":"2023-04-24T18:19:55+00:00","dateModified":"2018-12-08T13:58:35+00:00","description":"A loteria favorita da Austr\u00e1lia j\u00e1 est\u00e1 dispon\u00edvel online em todo o mundo","breadcrumb":{"@id":"https:\/\/redfoxlotto.com\/pt-pt\/jogar\/powerball-au\/#breadcrumb"},"inLanguage":"pt-PT","potentialAction":[{"@type":"ReadAction","target":["https:\/\/redfoxlotto.com\/pt-pt\/jogar\/powerball-au\/"]}]},{"@type":"ImageObject","inLanguage":"pt-PT","@id":"https:\/\/redfoxlotto.com\/pt-pt\/jogar\/powerball-au\/#primaryimage","url":"https:\/\/content.redfoxlotto.com\/uploads\/sites\/9\/2_ticket_powerball_au.jpg","contentUrl":"https:\/\/content.redfoxlotto.com\/uploads\/sites\/9\/2_ticket_powerball_au.jpg"},{"@type":"BreadcrumbList","@id":"https:\/\/redfoxlotto.com\/pt-pt\/jogar\/powerball-au\/#breadcrumb","itemListElement":[{"@type":"ListItem","position":1,"name":"Home","item":"https:\/\/redfoxlotto.com\/pt-pt\/"},{"@type":"ListItem","position":2,"name":"Compre bilhetes de lotaria online","item":"https:\/\/redfoxlotto.com\/pt-pt\/jogar\/"},{"@type":"ListItem","position":3,"name":"Powerball Fever da Austr\u00e1lia est\u00e1 agora aqui"}]},{"@type":"WebSite","@id":"https:\/\/redfoxlotto.com\/pt-pt\/#website","url":"https:\/\/redfoxlotto.com\/pt-pt\/","name":"Get Tickets for the World\u2019s largest jackpots","description":"Participate in worldwide lottery jackpots from any country","publisher":{"@id":"https:\/\/redfoxlotto.com\/pt-pt\/#organization"},"potentialAction":[{"@type":"SearchAction","target":{"@type":"EntryPoint","urlTemplate":"https:\/\/redfoxlotto.com\/pt-pt\/?s={search_term_string}"},"query-input":{"@type":"PropertyValueSpecification","valueRequired":true,"valueName":"search_term_string"}}],"inLanguage":"pt-PT"},{"@type":"Organization","@id":"https:\/\/redfoxlotto.com\/pt-pt\/#organization","name":"Get Tickets for the World\u2019s largest jackpots","url":"https:\/\/redfoxlotto.com\/pt-pt\/","logo":{"@type":"ImageObject","inLanguage":"pt-PT","@id":"https:\/\/redfoxlotto.com\/pt-pt\/#\/schema\/logo\/image\/","url":"https:\/\/redfoxlotto.com\/wp-content\/uploads\/2023\/04\/logo.png","contentUrl":"https:\/\/redfoxlotto.com\/wp-content\/uploads\/2023\/04\/logo.png","width":269,"height":53,"caption":"Get Tickets for the World\u2019s largest jackpots"},"image":{"@id":"https:\/\/redfoxlotto.com\/pt-pt\/#\/schema\/logo\/image\/"}}]}},"_links":{"self":[{"href":"https:\/\/redfoxlotto.com\/pt-pt\/wp-json\/wp\/v2\/pages\/1059","targetHints":{"allow":["GET"]}}],"collection":[{"href":"https:\/\/redfoxlotto.com\/pt-pt\/wp-json\/wp\/v2\/pages"}],"about":[{"href":"https:\/\/redfoxlotto.com\/pt-pt\/wp-json\/wp\/v2\/types\/page"}],"author":[{"embeddable":true,"href":"https:\/\/redfoxlotto.com\/pt-pt\/wp-json\/wp\/v2\/users\/1"}],"replies":[{"embeddable":true,"href":"https:\/\/redfoxlotto.com\/pt-pt\/wp-json\/wp\/v2\/comments?post=1059"}],"version-history":[{"count":0,"href":"https:\/\/redfoxlotto.com\/pt-pt\/wp-json\/wp\/v2\/pages\/1059\/revisions"}],"up":[{"embeddable":true,"href":"https:\/\/redfoxlotto.com\/pt-pt\/wp-json\/wp\/v2\/pages\/1021"}],"wp:attachment":[{"href":"https:\/\/redfoxlotto.com\/pt-pt\/wp-json\/wp\/v2\/media?parent=1059"}],"curies":[{"name":"wp","href":"https:\/\/api.w.org\/{rel}","templated":true}]}}