{"id":1046,"date":"2018-11-18T08:54:25","date_gmt":"2018-11-18T08:54:25","guid":{"rendered":"https:\/\/redfoxlotto.com\/?page_id=4536"},"modified":"2018-12-08T13:58:35","modified_gmt":"2018-12-08T13:58:35","slug":"saturday-lotto-au","status":"publish","type":"page","link":"https:\/\/redfoxlotto.com\/pt-pt\/lotarias\/saturday-lotto-au\/","title":{"rendered":"Informa\u00e7\u00e3o S\u00e1bado Lotto Austr\u00e1lia"},"content":{"rendered":"<p>A loteria de s\u00e1bado, como o nome indica, \u00e9 uma loteria jogada todos os s\u00e1bados \u00e0 noite na Austr\u00e1lia. O jogo \u00e9 comercializado em toda a Austr\u00e1lia e \u00e9 conhecido por diferentes nomes em diferentes regi\u00f5es do pa\u00eds. Na Austr\u00e1lia do Sul \u00e9 chamado de X lotto, em Queensland \u00e9 chamado de Gold lotto, Tattslotto em Victoria, Tasm\u00e2nia, territ\u00f3rio da capital da Austr\u00e1lia e do territ\u00f3rio do Norte. Em New South Wales e na Austr\u00e1lia Ocidental \u00e9 conhecida simplesmente como Lotto ou Lotto de s\u00e1bado.<\/p><p><img loading=\"lazy\" decoding=\"async\" class=\" wp-image alignright\" src=\"https:\/\/content.redfoxlotto.com\/uploads\/sites\/9\/1_online_jackpot_lotto.jpg\" alt=\"Lotto Saturday Australia\" width=\"184\" height=\"183\" \/><\/p><!--more--><p>Anteriormente na loteria de s\u00e1bado, 6 n\u00fameros principais s\u00e3o selecionados a partir de um poss\u00edvel 40 e tamb\u00e9m um n\u00famero suplementar \u00e9 adicionado. Mas atualmente ela foi alterada, pois agora s\u00e3o 6 n\u00fameros principais selecionados de um poss\u00edvel 45 e tamb\u00e9m 2 n\u00fameros suplementares. Esta mudan\u00e7a reduziu grandemente a possibilidade de ganhar um pr\u00e9mio ou melhor, o jackpot na lotaria de s\u00e1bado. Para apostar na loteria, os jogadores s\u00e3o obrigados a escolher um m\u00ednimo de 6 n\u00fameros de 45, e quando o sorteio \u00e9 feito se seus 6 n\u00fameros correspondem aos 6 principais n\u00fameros sorteados, ent\u00e3o voc\u00ea ganhou o jackpot.<\/p><p><img loading=\"lazy\" decoding=\"async\" class=\" wp-image alignright\" src=\"https:\/\/content.redfoxlotto.com\/uploads\/sites\/9\/2_ticket_saturday_lotto_au2.jpg\" alt=\"Comprar bilhetes s\u00e1bado Lotto\" width=\"114\" height=\"190\" \/><\/p><p>A loteria de s\u00e1bado oferece cerca de AUD$ 4 milh\u00f5es por semana como pr\u00eamio do jackpot e pode ser compartilhada por um m\u00e1ximo de 4 ganhadores. Os bilhetes para a loteria podem ser obtidos online e tamb\u00e9m em lojas designadas em toda a Austr\u00e1lia. A probabilidade de acertar o jackpot na loteria de s\u00e1bado \u00e9 de cerca de 1 em 8 milh\u00f5es.<\/p>","protected":false},"excerpt":{"rendered":"<p>A loteria de s\u00e1bado, como o nome indica, \u00e9 uma loteria jogada todos os s\u00e1bados \u00e0 noite na Austr\u00e1lia. O jogo \u00e9 comercializado em toda a Austr\u00e1lia e \u00e9 conhecido por diferentes nomes em diferentes regi\u00f5es do pa\u00eds. Na Austr\u00e1lia do Sul \u00e9 chamado de X lotto, em Queensland \u00e9 chamado de Gold lotto, Tattslotto [&hellip;]<\/p>\n","protected":false},"author":1,"featured_media":0,"parent":1003,"menu_order":22,"comment_status":"closed","ping_status":"closed","template":"saturday-lotto-info.php","meta":{"_et_pb_use_builder":"","_et_pb_old_content":"","_et_gb_content_width":"","exclude_from_search":false,"footnotes":""},"class_list":["post-1046","page","type-page","status-publish","hentry"],"yoast_head":"<!-- This site is optimized with the Yoast SEO plugin v27.4 - https:\/\/yoast.com\/product\/yoast-seo-wordpress\/ -->\n<title>Saturday lotto | O que voc\u00ea deve saber sobre a Saturday lotto<\/title>\n<meta name=\"description\" content=\"Aumente suas chances de ganhar na loteria de s\u00e1bado conhecendo esta informa\u00e7\u00e3o sobre eles.\" \/>\n<meta name=\"robots\" content=\"index, follow, max-snippet:-1, max-image-preview:large, max-video-preview:-1\" \/>\n<link rel=\"canonical\" href=\"https:\/\/redfoxlotto.com\/pt-pt\/lotarias\/saturday-lotto-au\/\" \/>\n<meta property=\"og:locale\" content=\"pt_PT\" \/>\n<meta property=\"og:type\" content=\"article\" \/>\n<meta property=\"og:title\" content=\"Saturday lotto | O que voc\u00ea deve saber sobre a Saturday lotto\" \/>\n<meta property=\"og:description\" content=\"Aumente suas chances de ganhar na loteria de s\u00e1bado conhecendo esta informa\u00e7\u00e3o sobre eles.\" \/>\n<meta property=\"og:url\" content=\"https:\/\/redfoxlotto.com\/pt-pt\/lotarias\/saturday-lotto-au\/\" \/>\n<meta property=\"og:site_name\" content=\"Get Tickets for the World\u2019s largest jackpots\" \/>\n<meta property=\"article:modified_time\" content=\"2018-12-08T13:58:35+00:00\" \/>\n<meta property=\"og:image\" content=\"https:\/\/content.redfoxlotto.com\/uploads\/sites\/9\/1_online_jackpot_lotto.jpg\" \/>\n<meta name=\"twitter:card\" content=\"summary_large_image\" \/>\n<meta name=\"twitter:label1\" content=\"Tempo estimado de leitura\" \/>\n\t<meta name=\"twitter:data1\" content=\"2 minutos\" \/>\n<script type=\"application\/ld+json\" class=\"yoast-schema-graph\">{\"@context\":\"https:\\\/\\\/schema.org\",\"@graph\":[{\"@type\":\"WebPage\",\"@id\":\"https:\\\/\\\/redfoxlotto.com\\\/pt-pt\\\/lotarias\\\/saturday-lotto-au\\\/\",\"url\":\"https:\\\/\\\/redfoxlotto.com\\\/pt-pt\\\/lotarias\\\/saturday-lotto-au\\\/\",\"name\":\"Saturday lotto | O que voc\u00ea deve saber sobre a Saturday lotto\",\"isPartOf\":{\"@id\":\"https:\\\/\\\/redfoxlotto.com\\\/pt-pt\\\/#website\"},\"primaryImageOfPage\":{\"@id\":\"https:\\\/\\\/redfoxlotto.com\\\/pt-pt\\\/lotarias\\\/saturday-lotto-au\\\/#primaryimage\"},\"image\":{\"@id\":\"https:\\\/\\\/redfoxlotto.com\\\/pt-pt\\\/lotarias\\\/saturday-lotto-au\\\/#primaryimage\"},\"thumbnailUrl\":\"https:\\\/\\\/content.redfoxlotto.com\\\/uploads\\\/sites\\\/9\\\/1_online_jackpot_lotto.jpg\",\"datePublished\":\"2018-11-18T08:54:25+00:00\",\"dateModified\":\"2018-12-08T13:58:35+00:00\",\"description\":\"Aumente suas chances de ganhar na loteria de s\u00e1bado conhecendo esta informa\u00e7\u00e3o sobre eles.\",\"breadcrumb\":{\"@id\":\"https:\\\/\\\/redfoxlotto.com\\\/pt-pt\\\/lotarias\\\/saturday-lotto-au\\\/#breadcrumb\"},\"inLanguage\":\"pt-PT\",\"potentialAction\":[{\"@type\":\"ReadAction\",\"target\":[\"https:\\\/\\\/redfoxlotto.com\\\/pt-pt\\\/lotarias\\\/saturday-lotto-au\\\/\"]}]},{\"@type\":\"ImageObject\",\"inLanguage\":\"pt-PT\",\"@id\":\"https:\\\/\\\/redfoxlotto.com\\\/pt-pt\\\/lotarias\\\/saturday-lotto-au\\\/#primaryimage\",\"url\":\"https:\\\/\\\/content.redfoxlotto.com\\\/uploads\\\/sites\\\/9\\\/1_online_jackpot_lotto.jpg\",\"contentUrl\":\"https:\\\/\\\/content.redfoxlotto.com\\\/uploads\\\/sites\\\/9\\\/1_online_jackpot_lotto.jpg\"},{\"@type\":\"BreadcrumbList\",\"@id\":\"https:\\\/\\\/redfoxlotto.com\\\/pt-pt\\\/lotarias\\\/saturday-lotto-au\\\/#breadcrumb\",\"itemListElement\":[{\"@type\":\"ListItem\",\"position\":1,\"name\":\"Home\",\"item\":\"https:\\\/\\\/redfoxlotto.com\\\/pt-pt\\\/\"},{\"@type\":\"ListItem\",\"position\":2,\"name\":\"O processo de compra dos seus bilhetes\",\"item\":\"https:\\\/\\\/redfoxlotto.com\\\/pt-pt\\\/lotarias\\\/\"},{\"@type\":\"ListItem\",\"position\":3,\"name\":\"Informa\u00e7\u00e3o S\u00e1bado Lotto Austr\u00e1lia\"}]},{\"@type\":\"WebSite\",\"@id\":\"https:\\\/\\\/redfoxlotto.com\\\/pt-pt\\\/#website\",\"url\":\"https:\\\/\\\/redfoxlotto.com\\\/pt-pt\\\/\",\"name\":\"Get Tickets for the World\u2019s largest jackpots\",\"description\":\"Participate in worldwide lottery jackpots from any country\",\"publisher\":{\"@id\":\"https:\\\/\\\/redfoxlotto.com\\\/pt-pt\\\/#organization\"},\"potentialAction\":[{\"@type\":\"SearchAction\",\"target\":{\"@type\":\"EntryPoint\",\"urlTemplate\":\"https:\\\/\\\/redfoxlotto.com\\\/pt-pt\\\/?s={search_term_string}\"},\"query-input\":{\"@type\":\"PropertyValueSpecification\",\"valueRequired\":true,\"valueName\":\"search_term_string\"}}],\"inLanguage\":\"pt-PT\"},{\"@type\":\"Organization\",\"@id\":\"https:\\\/\\\/redfoxlotto.com\\\/pt-pt\\\/#organization\",\"name\":\"Get Tickets for the World\u2019s largest jackpots\",\"url\":\"https:\\\/\\\/redfoxlotto.com\\\/pt-pt\\\/\",\"logo\":{\"@type\":\"ImageObject\",\"inLanguage\":\"pt-PT\",\"@id\":\"https:\\\/\\\/redfoxlotto.com\\\/pt-pt\\\/#\\\/schema\\\/logo\\\/image\\\/\",\"url\":\"https:\\\/\\\/redfoxlotto.com\\\/wp-content\\\/uploads\\\/2023\\\/04\\\/logo.png\",\"contentUrl\":\"https:\\\/\\\/redfoxlotto.com\\\/wp-content\\\/uploads\\\/2023\\\/04\\\/logo.png\",\"width\":269,\"height\":53,\"caption\":\"Get Tickets for the World\u2019s largest jackpots\"},\"image\":{\"@id\":\"https:\\\/\\\/redfoxlotto.com\\\/pt-pt\\\/#\\\/schema\\\/logo\\\/image\\\/\"}}]}<\/script>\n<!-- \/ Yoast SEO plugin. -->","yoast_head_json":{"title":"Saturday lotto | O que voc\u00ea deve saber sobre a Saturday lotto","description":"Aumente suas chances de ganhar na loteria de s\u00e1bado conhecendo esta informa\u00e7\u00e3o sobre eles.","robots":{"index":"index","follow":"follow","max-snippet":"max-snippet:-1","max-image-preview":"max-image-preview:large","max-video-preview":"max-video-preview:-1"},"canonical":"https:\/\/redfoxlotto.com\/pt-pt\/lotarias\/saturday-lotto-au\/","og_locale":"pt_PT","og_type":"article","og_title":"Saturday lotto | O que voc\u00ea deve saber sobre a Saturday lotto","og_description":"Aumente suas chances de ganhar na loteria de s\u00e1bado conhecendo esta informa\u00e7\u00e3o sobre eles.","og_url":"https:\/\/redfoxlotto.com\/pt-pt\/lotarias\/saturday-lotto-au\/","og_site_name":"Get Tickets for the World\u2019s largest jackpots","article_modified_time":"2018-12-08T13:58:35+00:00","og_image":[{"url":"https:\/\/content.redfoxlotto.com\/uploads\/sites\/9\/1_online_jackpot_lotto.jpg","type":"","width":"","height":""}],"twitter_card":"summary_large_image","twitter_misc":{"Tempo estimado de leitura":"2 minutos"},"schema":{"@context":"https:\/\/schema.org","@graph":[{"@type":"WebPage","@id":"https:\/\/redfoxlotto.com\/pt-pt\/lotarias\/saturday-lotto-au\/","url":"https:\/\/redfoxlotto.com\/pt-pt\/lotarias\/saturday-lotto-au\/","name":"Saturday lotto | O que voc\u00ea deve saber sobre a Saturday lotto","isPartOf":{"@id":"https:\/\/redfoxlotto.com\/pt-pt\/#website"},"primaryImageOfPage":{"@id":"https:\/\/redfoxlotto.com\/pt-pt\/lotarias\/saturday-lotto-au\/#primaryimage"},"image":{"@id":"https:\/\/redfoxlotto.com\/pt-pt\/lotarias\/saturday-lotto-au\/#primaryimage"},"thumbnailUrl":"https:\/\/content.redfoxlotto.com\/uploads\/sites\/9\/1_online_jackpot_lotto.jpg","datePublished":"2018-11-18T08:54:25+00:00","dateModified":"2018-12-08T13:58:35+00:00","description":"Aumente suas chances de ganhar na loteria de s\u00e1bado conhecendo esta informa\u00e7\u00e3o sobre eles.","breadcrumb":{"@id":"https:\/\/redfoxlotto.com\/pt-pt\/lotarias\/saturday-lotto-au\/#breadcrumb"},"inLanguage":"pt-PT","potentialAction":[{"@type":"ReadAction","target":["https:\/\/redfoxlotto.com\/pt-pt\/lotarias\/saturday-lotto-au\/"]}]},{"@type":"ImageObject","inLanguage":"pt-PT","@id":"https:\/\/redfoxlotto.com\/pt-pt\/lotarias\/saturday-lotto-au\/#primaryimage","url":"https:\/\/content.redfoxlotto.com\/uploads\/sites\/9\/1_online_jackpot_lotto.jpg","contentUrl":"https:\/\/content.redfoxlotto.com\/uploads\/sites\/9\/1_online_jackpot_lotto.jpg"},{"@type":"BreadcrumbList","@id":"https:\/\/redfoxlotto.com\/pt-pt\/lotarias\/saturday-lotto-au\/#breadcrumb","itemListElement":[{"@type":"ListItem","position":1,"name":"Home","item":"https:\/\/redfoxlotto.com\/pt-pt\/"},{"@type":"ListItem","position":2,"name":"O processo de compra dos seus bilhetes","item":"https:\/\/redfoxlotto.com\/pt-pt\/lotarias\/"},{"@type":"ListItem","position":3,"name":"Informa\u00e7\u00e3o S\u00e1bado Lotto Austr\u00e1lia"}]},{"@type":"WebSite","@id":"https:\/\/redfoxlotto.com\/pt-pt\/#website","url":"https:\/\/redfoxlotto.com\/pt-pt\/","name":"Get Tickets for the World\u2019s largest jackpots","description":"Participate in worldwide lottery jackpots from any country","publisher":{"@id":"https:\/\/redfoxlotto.com\/pt-pt\/#organization"},"potentialAction":[{"@type":"SearchAction","target":{"@type":"EntryPoint","urlTemplate":"https:\/\/redfoxlotto.com\/pt-pt\/?s={search_term_string}"},"query-input":{"@type":"PropertyValueSpecification","valueRequired":true,"valueName":"search_term_string"}}],"inLanguage":"pt-PT"},{"@type":"Organization","@id":"https:\/\/redfoxlotto.com\/pt-pt\/#organization","name":"Get Tickets for the World\u2019s largest jackpots","url":"https:\/\/redfoxlotto.com\/pt-pt\/","logo":{"@type":"ImageObject","inLanguage":"pt-PT","@id":"https:\/\/redfoxlotto.com\/pt-pt\/#\/schema\/logo\/image\/","url":"https:\/\/redfoxlotto.com\/wp-content\/uploads\/2023\/04\/logo.png","contentUrl":"https:\/\/redfoxlotto.com\/wp-content\/uploads\/2023\/04\/logo.png","width":269,"height":53,"caption":"Get Tickets for the World\u2019s largest jackpots"},"image":{"@id":"https:\/\/redfoxlotto.com\/pt-pt\/#\/schema\/logo\/image\/"}}]}},"_links":{"self":[{"href":"https:\/\/redfoxlotto.com\/pt-pt\/wp-json\/wp\/v2\/pages\/1046","targetHints":{"allow":["GET"]}}],"collection":[{"href":"https:\/\/redfoxlotto.com\/pt-pt\/wp-json\/wp\/v2\/pages"}],"about":[{"href":"https:\/\/redfoxlotto.com\/pt-pt\/wp-json\/wp\/v2\/types\/page"}],"author":[{"embeddable":true,"href":"https:\/\/redfoxlotto.com\/pt-pt\/wp-json\/wp\/v2\/users\/1"}],"replies":[{"embeddable":true,"href":"https:\/\/redfoxlotto.com\/pt-pt\/wp-json\/wp\/v2\/comments?post=1046"}],"version-history":[{"count":0,"href":"https:\/\/redfoxlotto.com\/pt-pt\/wp-json\/wp\/v2\/pages\/1046\/revisions"}],"up":[{"embeddable":true,"href":"https:\/\/redfoxlotto.com\/pt-pt\/wp-json\/wp\/v2\/pages\/1003"}],"wp:attachment":[{"href":"https:\/\/redfoxlotto.com\/pt-pt\/wp-json\/wp\/v2\/media?parent=1046"}],"curies":[{"name":"wp","href":"https:\/\/api.w.org\/{rel}","templated":true}]}}