{"id":1045,"date":"2018-11-18T08:54:25","date_gmt":"2018-11-18T08:54:25","guid":{"rendered":"https:\/\/redfoxlotto.com\/?page_id=4534"},"modified":"2018-12-08T13:58:35","modified_gmt":"2018-12-08T13:58:35","slug":"powerball-au","status":"publish","type":"page","link":"https:\/\/redfoxlotto.com\/pt-pt\/lotarias\/powerball-au\/","title":{"rendered":"Informa\u00e7\u00e3o Powerball AU"},"content":{"rendered":"<p>A Australian Powerball \u00e9 uma loteria na Austr\u00e1lia. A opera\u00e7\u00e3o da Powerball \u00e9 dirigida por um grupo conhecido como o grupo Tatts. A Loteria \u00e9 uma marca do grupo Tatts licenciada para administrar a loteria em todos os estados australianos, com exce\u00e7\u00e3o do oeste da Austr\u00e1lia, onde a &#8216;lotterrywest&#8217;, que \u00e9 de propriedade do governo, supervisiona a loteria.<\/p><p><img loading=\"lazy\" decoding=\"async\" class=\" wp-image alignright\" src=\"https:\/\/content.redfoxlotto.com\/uploads\/sites\/9\/2_ticket_powerball_au2.jpg\" alt=\"Powerball Australia\" width=\"158\" height=\"291\" \/><\/p><!--more--><p>O sorteio da Powerball \u00e9 feito todas as quintas-feiras \u00e0s 21:00h (hor\u00e1rio de Bras\u00edlia). 7 n\u00fameros s\u00e3o sorteados de um grupo contendo n\u00fameros de 1-35 enquanto um n\u00famero Powerball \u00e9 sorteado de outro grupo contendo n\u00fameros de 1-20. Para ganhar o jackpot, as entradas dos jogadores devem coincidir com os sete n\u00fameros obtidos do primeiro grupo e tamb\u00e9m com o n\u00famero Powerball obtido do segundo grupo. <\/p><p><img loading=\"lazy\" decoding=\"async\" class=\" wp-image alignright\" src=\"https:\/\/content.redfoxlotto.com\/uploads\/sites\/9\/1_buy_ticket_online.jpg\" alt=\"Compre Powerball Australia\" width=\"161\" height=\"120\" \/><\/p><p>Os bilhetes da Australian Powerball podem ser comprados fisicamente ou online, portanto n\u00e3o h\u00e1 restri\u00e7\u00f5es \u00e0 participa\u00e7\u00e3o na loteria, j\u00e1 que voc\u00ea pode adquirir os bilhetes de qualquer lugar do mundo. Os apostadores devem ter 18 anos ou mais para poder participar da loteria. <\/p><p>Apenas recentemente, a hist\u00f3ria foi feita na loteria australiana Powerball como uma m\u00e3e de Sydney ganhou o maior pre\u00e7o individual na hist\u00f3ria da Powerball. Ela ganhou um enorme A$107 milh\u00f5es. Ela \u00e9 realmente o que podemos chamar a defini\u00e7\u00e3o perfeita de sorte como a probabilidade de ganhar o jackpot no Powerball \u00e9 de 1 em 134,4 milh\u00f5es.<\/p>","protected":false},"excerpt":{"rendered":"<p>A Australian Powerball \u00e9 uma loteria na Austr\u00e1lia. A opera\u00e7\u00e3o da Powerball \u00e9 dirigida por um grupo conhecido como o grupo Tatts. A Loteria \u00e9 uma marca do grupo Tatts licenciada para administrar a loteria em todos os estados australianos, com exce\u00e7\u00e3o do oeste da Austr\u00e1lia, onde a &#8216;lotterrywest&#8217;, que \u00e9 de propriedade do governo, [&hellip;]<\/p>\n","protected":false},"author":1,"featured_media":0,"parent":1003,"menu_order":20,"comment_status":"closed","ping_status":"closed","template":"powerball-au-info.php","meta":{"_et_pb_use_builder":"","_et_pb_old_content":"","_et_gb_content_width":"","exclude_from_search":false,"footnotes":""},"class_list":["post-1045","page","type-page","status-publish","hentry"],"yoast_head":"<!-- This site is optimized with the Yoast SEO plugin v27.3 - https:\/\/yoast.com\/product\/yoast-seo-wordpress\/ -->\n<title>O que voc\u00ea precisa saber sobre Powerball da Austr\u00e1lia<\/title>\n<meta name=\"description\" content=\"O Au Powerball impulsiona alguns dos maiores jackpots das loterias australianas, esta informa\u00e7\u00e3o pode levar voc\u00ea um passo mais perto de acertar o jackpot.\" \/>\n<meta name=\"robots\" content=\"index, follow, max-snippet:-1, max-image-preview:large, max-video-preview:-1\" \/>\n<link rel=\"canonical\" href=\"https:\/\/redfoxlotto.com\/pt-pt\/lotarias\/powerball-au\/\" \/>\n<meta property=\"og:locale\" content=\"pt_PT\" \/>\n<meta property=\"og:type\" content=\"article\" \/>\n<meta property=\"og:title\" content=\"O que voc\u00ea precisa saber sobre Powerball da Austr\u00e1lia\" \/>\n<meta property=\"og:description\" content=\"O Au Powerball impulsiona alguns dos maiores jackpots das loterias australianas, esta informa\u00e7\u00e3o pode levar voc\u00ea um passo mais perto de acertar o jackpot.\" \/>\n<meta property=\"og:url\" content=\"https:\/\/redfoxlotto.com\/pt-pt\/lotarias\/powerball-au\/\" \/>\n<meta property=\"og:site_name\" content=\"Get Tickets for the World\u2019s largest jackpots\" \/>\n<meta property=\"article:modified_time\" content=\"2018-12-08T13:58:35+00:00\" \/>\n<meta property=\"og:image\" content=\"https:\/\/content.redfoxlotto.com\/uploads\/sites\/9\/2_ticket_powerball_au2.jpg\" \/>\n<meta name=\"twitter:card\" content=\"summary_large_image\" \/>\n<meta name=\"twitter:label1\" content=\"Tempo estimado de leitura\" \/>\n\t<meta name=\"twitter:data1\" content=\"2 minutos\" \/>\n<script type=\"application\/ld+json\" class=\"yoast-schema-graph\">{\"@context\":\"https:\\\/\\\/schema.org\",\"@graph\":[{\"@type\":\"WebPage\",\"@id\":\"https:\\\/\\\/redfoxlotto.com\\\/pt-pt\\\/lotarias\\\/powerball-au\\\/\",\"url\":\"https:\\\/\\\/redfoxlotto.com\\\/pt-pt\\\/lotarias\\\/powerball-au\\\/\",\"name\":\"O que voc\u00ea precisa saber sobre Powerball da Austr\u00e1lia\",\"isPartOf\":{\"@id\":\"https:\\\/\\\/redfoxlotto.com\\\/pt-pt\\\/#website\"},\"primaryImageOfPage\":{\"@id\":\"https:\\\/\\\/redfoxlotto.com\\\/pt-pt\\\/lotarias\\\/powerball-au\\\/#primaryimage\"},\"image\":{\"@id\":\"https:\\\/\\\/redfoxlotto.com\\\/pt-pt\\\/lotarias\\\/powerball-au\\\/#primaryimage\"},\"thumbnailUrl\":\"https:\\\/\\\/content.redfoxlotto.com\\\/uploads\\\/sites\\\/9\\\/2_ticket_powerball_au2.jpg\",\"datePublished\":\"2018-11-18T08:54:25+00:00\",\"dateModified\":\"2018-12-08T13:58:35+00:00\",\"description\":\"O Au Powerball impulsiona alguns dos maiores jackpots das loterias australianas, esta informa\u00e7\u00e3o pode levar voc\u00ea um passo mais perto de acertar o jackpot.\",\"breadcrumb\":{\"@id\":\"https:\\\/\\\/redfoxlotto.com\\\/pt-pt\\\/lotarias\\\/powerball-au\\\/#breadcrumb\"},\"inLanguage\":\"pt-PT\",\"potentialAction\":[{\"@type\":\"ReadAction\",\"target\":[\"https:\\\/\\\/redfoxlotto.com\\\/pt-pt\\\/lotarias\\\/powerball-au\\\/\"]}]},{\"@type\":\"ImageObject\",\"inLanguage\":\"pt-PT\",\"@id\":\"https:\\\/\\\/redfoxlotto.com\\\/pt-pt\\\/lotarias\\\/powerball-au\\\/#primaryimage\",\"url\":\"https:\\\/\\\/content.redfoxlotto.com\\\/uploads\\\/sites\\\/9\\\/2_ticket_powerball_au2.jpg\",\"contentUrl\":\"https:\\\/\\\/content.redfoxlotto.com\\\/uploads\\\/sites\\\/9\\\/2_ticket_powerball_au2.jpg\"},{\"@type\":\"BreadcrumbList\",\"@id\":\"https:\\\/\\\/redfoxlotto.com\\\/pt-pt\\\/lotarias\\\/powerball-au\\\/#breadcrumb\",\"itemListElement\":[{\"@type\":\"ListItem\",\"position\":1,\"name\":\"Home\",\"item\":\"https:\\\/\\\/redfoxlotto.com\\\/pt-pt\\\/\"},{\"@type\":\"ListItem\",\"position\":2,\"name\":\"O processo de compra dos seus bilhetes\",\"item\":\"https:\\\/\\\/redfoxlotto.com\\\/pt-pt\\\/lotarias\\\/\"},{\"@type\":\"ListItem\",\"position\":3,\"name\":\"Informa\u00e7\u00e3o Powerball AU\"}]},{\"@type\":\"WebSite\",\"@id\":\"https:\\\/\\\/redfoxlotto.com\\\/pt-pt\\\/#website\",\"url\":\"https:\\\/\\\/redfoxlotto.com\\\/pt-pt\\\/\",\"name\":\"Get Tickets for the World\u2019s largest jackpots\",\"description\":\"Participate in worldwide lottery jackpots from any country\",\"publisher\":{\"@id\":\"https:\\\/\\\/redfoxlotto.com\\\/pt-pt\\\/#organization\"},\"potentialAction\":[{\"@type\":\"SearchAction\",\"target\":{\"@type\":\"EntryPoint\",\"urlTemplate\":\"https:\\\/\\\/redfoxlotto.com\\\/pt-pt\\\/?s={search_term_string}\"},\"query-input\":{\"@type\":\"PropertyValueSpecification\",\"valueRequired\":true,\"valueName\":\"search_term_string\"}}],\"inLanguage\":\"pt-PT\"},{\"@type\":\"Organization\",\"@id\":\"https:\\\/\\\/redfoxlotto.com\\\/pt-pt\\\/#organization\",\"name\":\"Get Tickets for the World\u2019s largest jackpots\",\"url\":\"https:\\\/\\\/redfoxlotto.com\\\/pt-pt\\\/\",\"logo\":{\"@type\":\"ImageObject\",\"inLanguage\":\"pt-PT\",\"@id\":\"https:\\\/\\\/redfoxlotto.com\\\/pt-pt\\\/#\\\/schema\\\/logo\\\/image\\\/\",\"url\":\"https:\\\/\\\/redfoxlotto.com\\\/wp-content\\\/uploads\\\/2023\\\/04\\\/logo.png\",\"contentUrl\":\"https:\\\/\\\/redfoxlotto.com\\\/wp-content\\\/uploads\\\/2023\\\/04\\\/logo.png\",\"width\":269,\"height\":53,\"caption\":\"Get Tickets for the World\u2019s largest jackpots\"},\"image\":{\"@id\":\"https:\\\/\\\/redfoxlotto.com\\\/pt-pt\\\/#\\\/schema\\\/logo\\\/image\\\/\"}}]}<\/script>\n<!-- \/ Yoast SEO plugin. -->","yoast_head_json":{"title":"O que voc\u00ea precisa saber sobre Powerball da Austr\u00e1lia","description":"O Au Powerball impulsiona alguns dos maiores jackpots das loterias australianas, esta informa\u00e7\u00e3o pode levar voc\u00ea um passo mais perto de acertar o jackpot.","robots":{"index":"index","follow":"follow","max-snippet":"max-snippet:-1","max-image-preview":"max-image-preview:large","max-video-preview":"max-video-preview:-1"},"canonical":"https:\/\/redfoxlotto.com\/pt-pt\/lotarias\/powerball-au\/","og_locale":"pt_PT","og_type":"article","og_title":"O que voc\u00ea precisa saber sobre Powerball da Austr\u00e1lia","og_description":"O Au Powerball impulsiona alguns dos maiores jackpots das loterias australianas, esta informa\u00e7\u00e3o pode levar voc\u00ea um passo mais perto de acertar o jackpot.","og_url":"https:\/\/redfoxlotto.com\/pt-pt\/lotarias\/powerball-au\/","og_site_name":"Get Tickets for the World\u2019s largest jackpots","article_modified_time":"2018-12-08T13:58:35+00:00","og_image":[{"url":"https:\/\/content.redfoxlotto.com\/uploads\/sites\/9\/2_ticket_powerball_au2.jpg","type":"","width":"","height":""}],"twitter_card":"summary_large_image","twitter_misc":{"Tempo estimado de leitura":"2 minutos"},"schema":{"@context":"https:\/\/schema.org","@graph":[{"@type":"WebPage","@id":"https:\/\/redfoxlotto.com\/pt-pt\/lotarias\/powerball-au\/","url":"https:\/\/redfoxlotto.com\/pt-pt\/lotarias\/powerball-au\/","name":"O que voc\u00ea precisa saber sobre Powerball da Austr\u00e1lia","isPartOf":{"@id":"https:\/\/redfoxlotto.com\/pt-pt\/#website"},"primaryImageOfPage":{"@id":"https:\/\/redfoxlotto.com\/pt-pt\/lotarias\/powerball-au\/#primaryimage"},"image":{"@id":"https:\/\/redfoxlotto.com\/pt-pt\/lotarias\/powerball-au\/#primaryimage"},"thumbnailUrl":"https:\/\/content.redfoxlotto.com\/uploads\/sites\/9\/2_ticket_powerball_au2.jpg","datePublished":"2018-11-18T08:54:25+00:00","dateModified":"2018-12-08T13:58:35+00:00","description":"O Au Powerball impulsiona alguns dos maiores jackpots das loterias australianas, esta informa\u00e7\u00e3o pode levar voc\u00ea um passo mais perto de acertar o jackpot.","breadcrumb":{"@id":"https:\/\/redfoxlotto.com\/pt-pt\/lotarias\/powerball-au\/#breadcrumb"},"inLanguage":"pt-PT","potentialAction":[{"@type":"ReadAction","target":["https:\/\/redfoxlotto.com\/pt-pt\/lotarias\/powerball-au\/"]}]},{"@type":"ImageObject","inLanguage":"pt-PT","@id":"https:\/\/redfoxlotto.com\/pt-pt\/lotarias\/powerball-au\/#primaryimage","url":"https:\/\/content.redfoxlotto.com\/uploads\/sites\/9\/2_ticket_powerball_au2.jpg","contentUrl":"https:\/\/content.redfoxlotto.com\/uploads\/sites\/9\/2_ticket_powerball_au2.jpg"},{"@type":"BreadcrumbList","@id":"https:\/\/redfoxlotto.com\/pt-pt\/lotarias\/powerball-au\/#breadcrumb","itemListElement":[{"@type":"ListItem","position":1,"name":"Home","item":"https:\/\/redfoxlotto.com\/pt-pt\/"},{"@type":"ListItem","position":2,"name":"O processo de compra dos seus bilhetes","item":"https:\/\/redfoxlotto.com\/pt-pt\/lotarias\/"},{"@type":"ListItem","position":3,"name":"Informa\u00e7\u00e3o Powerball AU"}]},{"@type":"WebSite","@id":"https:\/\/redfoxlotto.com\/pt-pt\/#website","url":"https:\/\/redfoxlotto.com\/pt-pt\/","name":"Get Tickets for the World\u2019s largest jackpots","description":"Participate in worldwide lottery jackpots from any country","publisher":{"@id":"https:\/\/redfoxlotto.com\/pt-pt\/#organization"},"potentialAction":[{"@type":"SearchAction","target":{"@type":"EntryPoint","urlTemplate":"https:\/\/redfoxlotto.com\/pt-pt\/?s={search_term_string}"},"query-input":{"@type":"PropertyValueSpecification","valueRequired":true,"valueName":"search_term_string"}}],"inLanguage":"pt-PT"},{"@type":"Organization","@id":"https:\/\/redfoxlotto.com\/pt-pt\/#organization","name":"Get Tickets for the World\u2019s largest jackpots","url":"https:\/\/redfoxlotto.com\/pt-pt\/","logo":{"@type":"ImageObject","inLanguage":"pt-PT","@id":"https:\/\/redfoxlotto.com\/pt-pt\/#\/schema\/logo\/image\/","url":"https:\/\/redfoxlotto.com\/wp-content\/uploads\/2023\/04\/logo.png","contentUrl":"https:\/\/redfoxlotto.com\/wp-content\/uploads\/2023\/04\/logo.png","width":269,"height":53,"caption":"Get Tickets for the World\u2019s largest jackpots"},"image":{"@id":"https:\/\/redfoxlotto.com\/pt-pt\/#\/schema\/logo\/image\/"}}]}},"_links":{"self":[{"href":"https:\/\/redfoxlotto.com\/pt-pt\/wp-json\/wp\/v2\/pages\/1045","targetHints":{"allow":["GET"]}}],"collection":[{"href":"https:\/\/redfoxlotto.com\/pt-pt\/wp-json\/wp\/v2\/pages"}],"about":[{"href":"https:\/\/redfoxlotto.com\/pt-pt\/wp-json\/wp\/v2\/types\/page"}],"author":[{"embeddable":true,"href":"https:\/\/redfoxlotto.com\/pt-pt\/wp-json\/wp\/v2\/users\/1"}],"replies":[{"embeddable":true,"href":"https:\/\/redfoxlotto.com\/pt-pt\/wp-json\/wp\/v2\/comments?post=1045"}],"version-history":[{"count":0,"href":"https:\/\/redfoxlotto.com\/pt-pt\/wp-json\/wp\/v2\/pages\/1045\/revisions"}],"up":[{"embeddable":true,"href":"https:\/\/redfoxlotto.com\/pt-pt\/wp-json\/wp\/v2\/pages\/1003"}],"wp:attachment":[{"href":"https:\/\/redfoxlotto.com\/pt-pt\/wp-json\/wp\/v2\/media?parent=1045"}],"curies":[{"name":"wp","href":"https:\/\/api.w.org\/{rel}","templated":true}]}}