{"id":1042,"date":"2018-11-18T08:54:25","date_gmt":"2018-11-18T08:54:25","guid":{"rendered":"https:\/\/redfoxlotto.com\/?page_id=4528"},"modified":"2025-02-14T12:24:20","modified_gmt":"2025-02-14T12:24:20","slug":"la-primitiva","status":"publish","type":"page","link":"https:\/\/redfoxlotto.com\/pt-pt\/lotarias\/la-primitiva\/","title":{"rendered":"Sobre a obten\u00e7\u00e3o de bilhetes para La Primitiva online"},"content":{"rendered":"<h2 class=\"wp-block-heading\">Consiga um bilhete on-line para a loteria La Primitiva da Espanha<\/h2><p><img loading=\"lazy\" decoding=\"async\" class=\" wp-image alignright\" src=\"https:\/\/content.redfoxlotto.com\/uploads\/sites\/9\/2_ticket_la_primitiva2.jpg\" alt=\"La Primitiva online ingresso\" width=\"130\" height=\"185\" \/><\/p><p>Esta \u00e9 a maior loteria da Espanha. Voc\u00ea tamb\u00e9m pode ter ouvido esta loteria sendo chamada de El Gordo, mas tecnicamente isso n\u00e3o est\u00e1 correto. El Gordo \u00e9 a edi\u00e7\u00e3o natalina da loteria espanhola La Primitiva e funciona de maneira totalmente diferente. Confira nosso artigo sobre El Gordo.<\/p><!--more--><p>La Primitiva \u00e9 a loteria semanal espanhola. O jackpot tem um valor m\u00ednimo de \u20ac 5 milh\u00f5es. Mas este jackpot atingiu quantias pr\u00f3ximas de 100 milh\u00f5es de euros no passado. O desenho acontece todos os domingos.<\/p><p><img loading=\"lazy\" decoding=\"async\" class=\" wp-image alignright\" src=\"https:\/\/content.redfoxlotto.com\/uploads\/sites\/9\/1_buy_ticket_lotto_online2.jpg\" alt=\"Compre ingressos para La Primitiva\" width=\"138\" height=\"206\" \/><\/p><p>Embora tenha sido uma loteria nacional, voc\u00ea tamb\u00e9m pode conseguir bilhetes para o La Primitiva online. Voc\u00ea n\u00e3o tem que ser um residente da Espanha. Basta escolher seus n\u00fameros em nosso site, criar uma conta conosco e pagar on-line. Encomendaremos um bilhete totalmente legal para a La Primitiva.<\/p><p>Para participar da loteria voc\u00ea s\u00f3 precisa comprar um bilhete de loteria com os n\u00fameros que voc\u00ea escolheu. Os bilhetes da loteria La Primitiva cont\u00eam n\u00fameros de 0 a 49. Os apostadores podem escolher entre 6 n\u00fameros e, ap\u00f3s a compra, um n\u00famero de 0 a 9 \u00e9 automaticamente atribu\u00eddo a esse bilhete espec\u00edfico. No dia do sorteio, 6 n\u00fameros s\u00e3o escolhidos aleatoriamente de 0-49 e 1 n\u00famero de 0-9 para que qualquer bilhete cujo n\u00famero corresponda exatamente aos n\u00fameros sorteados ganhe o Jackpot.<\/p><p>O maior jackpot ganho at\u00e9 agora na loteria La Primitiva \u00e9 o de 17 de Outubro de 2015, com um jackpot de 101,7 milh\u00f5es de euros. Antes disso, o jackpot de \u20ac73 milh\u00f5es de fevereiro de 2014 era o maior. A sorte \u00e9 definitivamente a principal determinante para ganhar o jackpot final, pois a probabilidade de ganhar o jackpot \u00e9 de 1:14 milh\u00f5es, mas considerando a pequena quantia que custa obter um bilhete e a enorme quantia que voc\u00ea tem a chance de ganhar, ent\u00e3o todos devem se sentir afortunados.<\/p>","protected":false},"excerpt":{"rendered":"<p>Consiga um bilhete on-line para a loteria La Primitiva da Espanha Esta \u00e9 a maior loteria da Espanha. Voc\u00ea tamb\u00e9m pode ter ouvido esta loteria sendo chamada de El Gordo, mas tecnicamente isso n\u00e3o est\u00e1 correto. El Gordo \u00e9 a edi\u00e7\u00e3o natalina da loteria espanhola La Primitiva e funciona de maneira totalmente diferente. Confira nosso [&hellip;]<\/p>\n","protected":false},"author":1,"featured_media":0,"parent":1003,"menu_order":7,"comment_status":"closed","ping_status":"closed","template":"la-primitiva-info.php","meta":{"_et_pb_use_builder":"","_et_pb_old_content":"","_et_gb_content_width":"","exclude_from_search":false,"footnotes":""},"class_list":["post-1042","page","type-page","status-publish","hentry"],"yoast_head":"<!-- This site is optimized with the Yoast SEO plugin v23.8 - https:\/\/yoast.com\/wordpress\/plugins\/seo\/ -->\n<title>Obtenha bilhetes para La Primitiva em qualquer lugar<\/title>\n<meta name=\"description\" content=\"N\u00e3o importa onde voc\u00ea mora - voc\u00ea pode conseguir bilhetes para La Primitiva Lotto\" \/>\n<meta name=\"robots\" content=\"index, follow, max-snippet:-1, max-image-preview:large, max-video-preview:-1\" \/>\n<link rel=\"canonical\" href=\"https:\/\/redfoxlotto.com\/pt-pt\/lotarias\/la-primitiva\/\" \/>\n<meta property=\"og:locale\" content=\"pt_PT\" \/>\n<meta property=\"og:type\" content=\"article\" \/>\n<meta property=\"og:title\" content=\"Obtenha bilhetes para La Primitiva em qualquer lugar\" \/>\n<meta property=\"og:description\" content=\"N\u00e3o importa onde voc\u00ea mora - voc\u00ea pode conseguir bilhetes para La Primitiva Lotto\" \/>\n<meta property=\"og:url\" content=\"https:\/\/redfoxlotto.com\/pt-pt\/lotarias\/la-primitiva\/\" \/>\n<meta property=\"og:site_name\" content=\"Get Tickets for the World\u2019s largest jackpots\" \/>\n<meta property=\"article:modified_time\" content=\"2025-02-14T12:24:20+00:00\" \/>\n<meta property=\"og:image\" content=\"https:\/\/content.redfoxlotto.com\/uploads\/sites\/9\/2_ticket_la_primitiva2.jpg\" \/>\n<meta name=\"twitter:card\" content=\"summary_large_image\" \/>\n<meta name=\"twitter:label1\" content=\"Tempo estimado de leitura\" \/>\n\t<meta name=\"twitter:data1\" content=\"2 minutos\" \/>\n<script type=\"application\/ld+json\" class=\"yoast-schema-graph\">{\"@context\":\"https:\/\/schema.org\",\"@graph\":[{\"@type\":\"WebPage\",\"@id\":\"https:\/\/redfoxlotto.com\/pt-pt\/lotarias\/la-primitiva\/\",\"url\":\"https:\/\/redfoxlotto.com\/pt-pt\/lotarias\/la-primitiva\/\",\"name\":\"Obtenha bilhetes para La Primitiva em qualquer lugar\",\"isPartOf\":{\"@id\":\"https:\/\/redfoxlotto.com\/pt-pt\/#website\"},\"primaryImageOfPage\":{\"@id\":\"https:\/\/redfoxlotto.com\/pt-pt\/lotarias\/la-primitiva\/#primaryimage\"},\"image\":{\"@id\":\"https:\/\/redfoxlotto.com\/pt-pt\/lotarias\/la-primitiva\/#primaryimage\"},\"thumbnailUrl\":\"https:\/\/content.redfoxlotto.com\/uploads\/sites\/9\/2_ticket_la_primitiva2.jpg\",\"datePublished\":\"2018-11-18T08:54:25+00:00\",\"dateModified\":\"2025-02-14T12:24:20+00:00\",\"description\":\"N\u00e3o importa onde voc\u00ea mora - voc\u00ea pode conseguir bilhetes para La Primitiva Lotto\",\"breadcrumb\":{\"@id\":\"https:\/\/redfoxlotto.com\/pt-pt\/lotarias\/la-primitiva\/#breadcrumb\"},\"inLanguage\":\"pt-PT\",\"potentialAction\":[{\"@type\":\"ReadAction\",\"target\":[\"https:\/\/redfoxlotto.com\/pt-pt\/lotarias\/la-primitiva\/\"]}]},{\"@type\":\"ImageObject\",\"inLanguage\":\"pt-PT\",\"@id\":\"https:\/\/redfoxlotto.com\/pt-pt\/lotarias\/la-primitiva\/#primaryimage\",\"url\":\"https:\/\/content.redfoxlotto.com\/uploads\/sites\/9\/2_ticket_la_primitiva2.jpg\",\"contentUrl\":\"https:\/\/content.redfoxlotto.com\/uploads\/sites\/9\/2_ticket_la_primitiva2.jpg\"},{\"@type\":\"BreadcrumbList\",\"@id\":\"https:\/\/redfoxlotto.com\/pt-pt\/lotarias\/la-primitiva\/#breadcrumb\",\"itemListElement\":[{\"@type\":\"ListItem\",\"position\":1,\"name\":\"Home\",\"item\":\"https:\/\/redfoxlotto.com\/pt-pt\/\"},{\"@type\":\"ListItem\",\"position\":2,\"name\":\"O processo de compra dos seus bilhetes\",\"item\":\"https:\/\/redfoxlotto.com\/pt-pt\/lotarias\/\"},{\"@type\":\"ListItem\",\"position\":3,\"name\":\"Sobre a obten\u00e7\u00e3o de bilhetes para La Primitiva online\"}]},{\"@type\":\"WebSite\",\"@id\":\"https:\/\/redfoxlotto.com\/pt-pt\/#website\",\"url\":\"https:\/\/redfoxlotto.com\/pt-pt\/\",\"name\":\"Get Tickets for the World\u2019s largest jackpots\",\"description\":\"Participate in worldwide lottery jackpots from any country\",\"publisher\":{\"@id\":\"https:\/\/redfoxlotto.com\/pt-pt\/#organization\"},\"potentialAction\":[{\"@type\":\"SearchAction\",\"target\":{\"@type\":\"EntryPoint\",\"urlTemplate\":\"https:\/\/redfoxlotto.com\/pt-pt\/?s={search_term_string}\"},\"query-input\":{\"@type\":\"PropertyValueSpecification\",\"valueRequired\":true,\"valueName\":\"search_term_string\"}}],\"inLanguage\":\"pt-PT\"},{\"@type\":\"Organization\",\"@id\":\"https:\/\/redfoxlotto.com\/pt-pt\/#organization\",\"name\":\"Get Tickets for the World\u2019s largest jackpots\",\"url\":\"https:\/\/redfoxlotto.com\/pt-pt\/\",\"logo\":{\"@type\":\"ImageObject\",\"inLanguage\":\"pt-PT\",\"@id\":\"https:\/\/redfoxlotto.com\/pt-pt\/#\/schema\/logo\/image\/\",\"url\":\"https:\/\/redfoxlotto.com\/wp-content\/uploads\/2023\/04\/logo.png\",\"contentUrl\":\"https:\/\/redfoxlotto.com\/wp-content\/uploads\/2023\/04\/logo.png\",\"width\":269,\"height\":53,\"caption\":\"Get Tickets for the World\u2019s largest jackpots\"},\"image\":{\"@id\":\"https:\/\/redfoxlotto.com\/pt-pt\/#\/schema\/logo\/image\/\"}}]}<\/script>\n<!-- \/ Yoast SEO plugin. -->","yoast_head_json":{"title":"Obtenha bilhetes para La Primitiva em qualquer lugar","description":"N\u00e3o importa onde voc\u00ea mora - voc\u00ea pode conseguir bilhetes para La Primitiva Lotto","robots":{"index":"index","follow":"follow","max-snippet":"max-snippet:-1","max-image-preview":"max-image-preview:large","max-video-preview":"max-video-preview:-1"},"canonical":"https:\/\/redfoxlotto.com\/pt-pt\/lotarias\/la-primitiva\/","og_locale":"pt_PT","og_type":"article","og_title":"Obtenha bilhetes para La Primitiva em qualquer lugar","og_description":"N\u00e3o importa onde voc\u00ea mora - voc\u00ea pode conseguir bilhetes para La Primitiva Lotto","og_url":"https:\/\/redfoxlotto.com\/pt-pt\/lotarias\/la-primitiva\/","og_site_name":"Get Tickets for the World\u2019s largest jackpots","article_modified_time":"2025-02-14T12:24:20+00:00","og_image":[{"url":"https:\/\/content.redfoxlotto.com\/uploads\/sites\/9\/2_ticket_la_primitiva2.jpg"}],"twitter_card":"summary_large_image","twitter_misc":{"Tempo estimado de leitura":"2 minutos"},"schema":{"@context":"https:\/\/schema.org","@graph":[{"@type":"WebPage","@id":"https:\/\/redfoxlotto.com\/pt-pt\/lotarias\/la-primitiva\/","url":"https:\/\/redfoxlotto.com\/pt-pt\/lotarias\/la-primitiva\/","name":"Obtenha bilhetes para La Primitiva em qualquer lugar","isPartOf":{"@id":"https:\/\/redfoxlotto.com\/pt-pt\/#website"},"primaryImageOfPage":{"@id":"https:\/\/redfoxlotto.com\/pt-pt\/lotarias\/la-primitiva\/#primaryimage"},"image":{"@id":"https:\/\/redfoxlotto.com\/pt-pt\/lotarias\/la-primitiva\/#primaryimage"},"thumbnailUrl":"https:\/\/content.redfoxlotto.com\/uploads\/sites\/9\/2_ticket_la_primitiva2.jpg","datePublished":"2018-11-18T08:54:25+00:00","dateModified":"2025-02-14T12:24:20+00:00","description":"N\u00e3o importa onde voc\u00ea mora - voc\u00ea pode conseguir bilhetes para La Primitiva Lotto","breadcrumb":{"@id":"https:\/\/redfoxlotto.com\/pt-pt\/lotarias\/la-primitiva\/#breadcrumb"},"inLanguage":"pt-PT","potentialAction":[{"@type":"ReadAction","target":["https:\/\/redfoxlotto.com\/pt-pt\/lotarias\/la-primitiva\/"]}]},{"@type":"ImageObject","inLanguage":"pt-PT","@id":"https:\/\/redfoxlotto.com\/pt-pt\/lotarias\/la-primitiva\/#primaryimage","url":"https:\/\/content.redfoxlotto.com\/uploads\/sites\/9\/2_ticket_la_primitiva2.jpg","contentUrl":"https:\/\/content.redfoxlotto.com\/uploads\/sites\/9\/2_ticket_la_primitiva2.jpg"},{"@type":"BreadcrumbList","@id":"https:\/\/redfoxlotto.com\/pt-pt\/lotarias\/la-primitiva\/#breadcrumb","itemListElement":[{"@type":"ListItem","position":1,"name":"Home","item":"https:\/\/redfoxlotto.com\/pt-pt\/"},{"@type":"ListItem","position":2,"name":"O processo de compra dos seus bilhetes","item":"https:\/\/redfoxlotto.com\/pt-pt\/lotarias\/"},{"@type":"ListItem","position":3,"name":"Sobre a obten\u00e7\u00e3o de bilhetes para La Primitiva online"}]},{"@type":"WebSite","@id":"https:\/\/redfoxlotto.com\/pt-pt\/#website","url":"https:\/\/redfoxlotto.com\/pt-pt\/","name":"Get Tickets for the World\u2019s largest jackpots","description":"Participate in worldwide lottery jackpots from any country","publisher":{"@id":"https:\/\/redfoxlotto.com\/pt-pt\/#organization"},"potentialAction":[{"@type":"SearchAction","target":{"@type":"EntryPoint","urlTemplate":"https:\/\/redfoxlotto.com\/pt-pt\/?s={search_term_string}"},"query-input":{"@type":"PropertyValueSpecification","valueRequired":true,"valueName":"search_term_string"}}],"inLanguage":"pt-PT"},{"@type":"Organization","@id":"https:\/\/redfoxlotto.com\/pt-pt\/#organization","name":"Get Tickets for the World\u2019s largest jackpots","url":"https:\/\/redfoxlotto.com\/pt-pt\/","logo":{"@type":"ImageObject","inLanguage":"pt-PT","@id":"https:\/\/redfoxlotto.com\/pt-pt\/#\/schema\/logo\/image\/","url":"https:\/\/redfoxlotto.com\/wp-content\/uploads\/2023\/04\/logo.png","contentUrl":"https:\/\/redfoxlotto.com\/wp-content\/uploads\/2023\/04\/logo.png","width":269,"height":53,"caption":"Get Tickets for the World\u2019s largest jackpots"},"image":{"@id":"https:\/\/redfoxlotto.com\/pt-pt\/#\/schema\/logo\/image\/"}}]}},"_links":{"self":[{"href":"https:\/\/redfoxlotto.com\/pt-pt\/wp-json\/wp\/v2\/pages\/1042","targetHints":{"allow":["GET"]}}],"collection":[{"href":"https:\/\/redfoxlotto.com\/pt-pt\/wp-json\/wp\/v2\/pages"}],"about":[{"href":"https:\/\/redfoxlotto.com\/pt-pt\/wp-json\/wp\/v2\/types\/page"}],"author":[{"embeddable":true,"href":"https:\/\/redfoxlotto.com\/pt-pt\/wp-json\/wp\/v2\/users\/1"}],"replies":[{"embeddable":true,"href":"https:\/\/redfoxlotto.com\/pt-pt\/wp-json\/wp\/v2\/comments?post=1042"}],"version-history":[{"count":0,"href":"https:\/\/redfoxlotto.com\/pt-pt\/wp-json\/wp\/v2\/pages\/1042\/revisions"}],"up":[{"embeddable":true,"href":"https:\/\/redfoxlotto.com\/pt-pt\/wp-json\/wp\/v2\/pages\/1003"}],"wp:attachment":[{"href":"https:\/\/redfoxlotto.com\/pt-pt\/wp-json\/wp\/v2\/media?parent=1042"}],"curies":[{"name":"wp","href":"https:\/\/api.w.org\/{rel}","templated":true}]}}