{"id":1041,"date":"2018-11-18T08:54:25","date_gmt":"2018-11-18T08:54:25","guid":{"rendered":"https:\/\/redfoxlotto.com\/?page_id=4526"},"modified":"2025-02-14T12:24:06","modified_gmt":"2025-02-14T12:24:06","slug":"el-gordo-primitiva","status":"publish","type":"page","link":"https:\/\/redfoxlotto.com\/pt-pt\/lotarias\/el-gordo-primitiva\/","title":{"rendered":"Informa\u00e7\u00f5es sobre El Gordo"},"content":{"rendered":"<p>O Natal espanhol ou Loteria de Navidad como \u00e9 carinhosamente chamado \u00e9 uma das loterias mais antigas do mundo, pois existe desde 1812 e tem sido organizado todos os anos at\u00e9 a data. A Loteria de Navidad \u00e9 a segunda loteria mais longa do mundo em funcionamento cont\u00ednuo, pois tem resistido mesmo durante o tempo da guerra civil na Espanha. <\/p><p><img loading=\"lazy\" decoding=\"async\" class=\" wp-image alignright\" src=\"https:\/\/content.redfoxlotto.com\/uploads\/sites\/9\/1_buy_ticket_lotto_online.jpg\" alt=\"cump\u0103ra online El Gordo\" width=\"259\" height=\"171\" \/><\/p><!--more--><p>Pa\u00edses que n\u00e3o falam espanhol muitas vezes assumem que El Gordo \u00e9 o nome da loteria, o fato \u00e9 que El Gordo apenas se refere ao pr\u00eamio do jackpot ou literalmente o grande pr\u00eamio.<\/p><p>A loteria espanhola de Natal oferece um dos maiores pr\u00eamios de loteria do mundo, j\u00e1 que os jogadores t\u00eam a chance de ganhar at\u00e9 \u20ac2,5 bilh\u00f5es em pr\u00eamios, enquanto o pr\u00eamio principal ou o El Gordo fica em \u20ac4 milh\u00f5es. O sorteio acontece uma vez por ano, perto do dia de Natal, pois \u00e9 realizado a cada 22 de dezembro.<\/p><p><img decoding=\"async\" class=\"size-full wp-image alignright\" src=\"https:\/\/content.redfoxlotto.com\/uploads\/sites\/9\/2_ticket_el_gordo.jpg\" alt=\"El Gordo tickets\"><\/p><p>Para apostar na loteria de Natal espanhola, voc\u00ea deve ter 18 anos ou mais e os bilhetes j\u00e1 t\u00eam uma s\u00e9rie de 5 n\u00fameros impressos neles para que, quando o sorteio for realizado, os bilhetes contendo os n\u00fameros sorteados se qualifiquem para um pr\u00eamio na loteria. &#8220;El mayor premio es compartilo&#8221; \u00e9 um slogan associado com a loteria de Natal espanhola e a tradu\u00e7\u00e3o em ingl\u00eas \u00e9 &#8220;o maior pr\u00eamio \u00e9 compartilhar&#8221; e \u00e9 isso que torna a loteria especial. S\u00e9ries de bilhetes muitas vezes cont\u00eam os mesmos n\u00fameros, de modo que se esse n\u00famero ganha, em seguida, o dinheiro do pr\u00eamio \u00e9 compartilhado entre todos aqueles que est\u00e3o tendo esse n\u00famero. Durante o sorteio, uma bola contendo um n\u00famero de 5 d\u00edgitos \u00e9 sorteada de um grupo de outros, com cada n\u00famero vencedor tendo seu pr\u00eamio associado a ele.<\/p><p>A loteria de Natal espanhola \u00e9 agora mais uma tradi\u00e7\u00e3o para o povo espanhol como cada per\u00edodo de Natal, a loteria tende a trazer felicidade para o povo da Espanha como todos eles esperam ser vencedores na famosa Loteria de Navidad. As chances de ganhar a El Gordo \u00e9 realmente alta em compara\u00e7\u00e3o com outras loterias, uma em apenas 100.000.<\/p>","protected":false},"excerpt":{"rendered":"<p>O Natal espanhol ou Loteria de Navidad como \u00e9 carinhosamente chamado \u00e9 uma das loterias mais antigas do mundo, pois existe desde 1812 e tem sido organizado todos os anos at\u00e9 a data. A Loteria de Navidad \u00e9 a segunda loteria mais longa do mundo em funcionamento cont\u00ednuo, pois tem resistido mesmo durante o tempo [&hellip;]<\/p>\n","protected":false},"author":1,"featured_media":0,"parent":1003,"menu_order":6,"comment_status":"closed","ping_status":"closed","template":"el-gordo-info.php","meta":{"_et_pb_use_builder":"","_et_pb_old_content":"","_et_gb_content_width":"","exclude_from_search":false,"footnotes":""},"class_list":["post-1041","page","type-page","status-publish","hentry"],"yoast_head":"<!-- This site is optimized with the Yoast SEO plugin v23.8 - https:\/\/yoast.com\/wordpress\/plugins\/seo\/ -->\n<title>O que voc\u00ea deve saber sobre a loteria de Natal Espanhola El Gordo.<\/title>\n<meta name=\"description\" content=\"Confira esta informa\u00e7\u00e3o sobre El Gordo Loteria de Navidad, a loteria espanhola de Natal\" \/>\n<meta name=\"robots\" content=\"index, follow, max-snippet:-1, max-image-preview:large, max-video-preview:-1\" \/>\n<link rel=\"canonical\" href=\"https:\/\/redfoxlotto.com\/pt-pt\/lotarias\/el-gordo-primitiva\/\" \/>\n<meta property=\"og:locale\" content=\"pt_PT\" \/>\n<meta property=\"og:type\" content=\"article\" \/>\n<meta property=\"og:title\" content=\"O que voc\u00ea deve saber sobre a loteria de Natal Espanhola El Gordo.\" \/>\n<meta property=\"og:description\" content=\"Confira esta informa\u00e7\u00e3o sobre El Gordo Loteria de Navidad, a loteria espanhola de Natal\" \/>\n<meta property=\"og:url\" content=\"https:\/\/redfoxlotto.com\/pt-pt\/lotarias\/el-gordo-primitiva\/\" \/>\n<meta property=\"og:site_name\" content=\"Get Tickets for the World\u2019s largest jackpots\" \/>\n<meta property=\"article:modified_time\" content=\"2025-02-14T12:24:06+00:00\" \/>\n<meta property=\"og:image\" content=\"https:\/\/content.redfoxlotto.com\/uploads\/sites\/9\/1_buy_ticket_lotto_online.jpg\" \/>\n<meta name=\"twitter:card\" content=\"summary_large_image\" \/>\n<meta name=\"twitter:label1\" content=\"Tempo estimado de leitura\" \/>\n\t<meta name=\"twitter:data1\" content=\"3 minutos\" \/>\n<script type=\"application\/ld+json\" class=\"yoast-schema-graph\">{\"@context\":\"https:\/\/schema.org\",\"@graph\":[{\"@type\":\"WebPage\",\"@id\":\"https:\/\/redfoxlotto.com\/pt-pt\/lotarias\/el-gordo-primitiva\/\",\"url\":\"https:\/\/redfoxlotto.com\/pt-pt\/lotarias\/el-gordo-primitiva\/\",\"name\":\"O que voc\u00ea deve saber sobre a loteria de Natal Espanhola El Gordo.\",\"isPartOf\":{\"@id\":\"https:\/\/redfoxlotto.com\/pt-pt\/#website\"},\"primaryImageOfPage\":{\"@id\":\"https:\/\/redfoxlotto.com\/pt-pt\/lotarias\/el-gordo-primitiva\/#primaryimage\"},\"image\":{\"@id\":\"https:\/\/redfoxlotto.com\/pt-pt\/lotarias\/el-gordo-primitiva\/#primaryimage\"},\"thumbnailUrl\":\"https:\/\/content.redfoxlotto.com\/uploads\/sites\/9\/1_buy_ticket_lotto_online.jpg\",\"datePublished\":\"2018-11-18T08:54:25+00:00\",\"dateModified\":\"2025-02-14T12:24:06+00:00\",\"description\":\"Confira esta informa\u00e7\u00e3o sobre El Gordo Loteria de Navidad, a loteria espanhola de Natal\",\"breadcrumb\":{\"@id\":\"https:\/\/redfoxlotto.com\/pt-pt\/lotarias\/el-gordo-primitiva\/#breadcrumb\"},\"inLanguage\":\"pt-PT\",\"potentialAction\":[{\"@type\":\"ReadAction\",\"target\":[\"https:\/\/redfoxlotto.com\/pt-pt\/lotarias\/el-gordo-primitiva\/\"]}]},{\"@type\":\"ImageObject\",\"inLanguage\":\"pt-PT\",\"@id\":\"https:\/\/redfoxlotto.com\/pt-pt\/lotarias\/el-gordo-primitiva\/#primaryimage\",\"url\":\"https:\/\/content.redfoxlotto.com\/uploads\/sites\/9\/1_buy_ticket_lotto_online.jpg\",\"contentUrl\":\"https:\/\/content.redfoxlotto.com\/uploads\/sites\/9\/1_buy_ticket_lotto_online.jpg\"},{\"@type\":\"BreadcrumbList\",\"@id\":\"https:\/\/redfoxlotto.com\/pt-pt\/lotarias\/el-gordo-primitiva\/#breadcrumb\",\"itemListElement\":[{\"@type\":\"ListItem\",\"position\":1,\"name\":\"Home\",\"item\":\"https:\/\/redfoxlotto.com\/pt-pt\/\"},{\"@type\":\"ListItem\",\"position\":2,\"name\":\"O processo de compra dos seus bilhetes\",\"item\":\"https:\/\/redfoxlotto.com\/pt-pt\/lotarias\/\"},{\"@type\":\"ListItem\",\"position\":3,\"name\":\"Informa\u00e7\u00f5es sobre El Gordo\"}]},{\"@type\":\"WebSite\",\"@id\":\"https:\/\/redfoxlotto.com\/pt-pt\/#website\",\"url\":\"https:\/\/redfoxlotto.com\/pt-pt\/\",\"name\":\"Get Tickets for the World\u2019s largest jackpots\",\"description\":\"Participate in worldwide lottery jackpots from any country\",\"publisher\":{\"@id\":\"https:\/\/redfoxlotto.com\/pt-pt\/#organization\"},\"potentialAction\":[{\"@type\":\"SearchAction\",\"target\":{\"@type\":\"EntryPoint\",\"urlTemplate\":\"https:\/\/redfoxlotto.com\/pt-pt\/?s={search_term_string}\"},\"query-input\":{\"@type\":\"PropertyValueSpecification\",\"valueRequired\":true,\"valueName\":\"search_term_string\"}}],\"inLanguage\":\"pt-PT\"},{\"@type\":\"Organization\",\"@id\":\"https:\/\/redfoxlotto.com\/pt-pt\/#organization\",\"name\":\"Get Tickets for the World\u2019s largest jackpots\",\"url\":\"https:\/\/redfoxlotto.com\/pt-pt\/\",\"logo\":{\"@type\":\"ImageObject\",\"inLanguage\":\"pt-PT\",\"@id\":\"https:\/\/redfoxlotto.com\/pt-pt\/#\/schema\/logo\/image\/\",\"url\":\"https:\/\/redfoxlotto.com\/wp-content\/uploads\/2023\/04\/logo.png\",\"contentUrl\":\"https:\/\/redfoxlotto.com\/wp-content\/uploads\/2023\/04\/logo.png\",\"width\":269,\"height\":53,\"caption\":\"Get Tickets for the World\u2019s largest jackpots\"},\"image\":{\"@id\":\"https:\/\/redfoxlotto.com\/pt-pt\/#\/schema\/logo\/image\/\"}}]}<\/script>\n<!-- \/ Yoast SEO plugin. -->","yoast_head_json":{"title":"O que voc\u00ea deve saber sobre a loteria de Natal Espanhola El Gordo.","description":"Confira esta informa\u00e7\u00e3o sobre El Gordo Loteria de Navidad, a loteria espanhola de Natal","robots":{"index":"index","follow":"follow","max-snippet":"max-snippet:-1","max-image-preview":"max-image-preview:large","max-video-preview":"max-video-preview:-1"},"canonical":"https:\/\/redfoxlotto.com\/pt-pt\/lotarias\/el-gordo-primitiva\/","og_locale":"pt_PT","og_type":"article","og_title":"O que voc\u00ea deve saber sobre a loteria de Natal Espanhola El Gordo.","og_description":"Confira esta informa\u00e7\u00e3o sobre El Gordo Loteria de Navidad, a loteria espanhola de Natal","og_url":"https:\/\/redfoxlotto.com\/pt-pt\/lotarias\/el-gordo-primitiva\/","og_site_name":"Get Tickets for the World\u2019s largest jackpots","article_modified_time":"2025-02-14T12:24:06+00:00","og_image":[{"url":"https:\/\/content.redfoxlotto.com\/uploads\/sites\/9\/1_buy_ticket_lotto_online.jpg"}],"twitter_card":"summary_large_image","twitter_misc":{"Tempo estimado de leitura":"3 minutos"},"schema":{"@context":"https:\/\/schema.org","@graph":[{"@type":"WebPage","@id":"https:\/\/redfoxlotto.com\/pt-pt\/lotarias\/el-gordo-primitiva\/","url":"https:\/\/redfoxlotto.com\/pt-pt\/lotarias\/el-gordo-primitiva\/","name":"O que voc\u00ea deve saber sobre a loteria de Natal Espanhola El Gordo.","isPartOf":{"@id":"https:\/\/redfoxlotto.com\/pt-pt\/#website"},"primaryImageOfPage":{"@id":"https:\/\/redfoxlotto.com\/pt-pt\/lotarias\/el-gordo-primitiva\/#primaryimage"},"image":{"@id":"https:\/\/redfoxlotto.com\/pt-pt\/lotarias\/el-gordo-primitiva\/#primaryimage"},"thumbnailUrl":"https:\/\/content.redfoxlotto.com\/uploads\/sites\/9\/1_buy_ticket_lotto_online.jpg","datePublished":"2018-11-18T08:54:25+00:00","dateModified":"2025-02-14T12:24:06+00:00","description":"Confira esta informa\u00e7\u00e3o sobre El Gordo Loteria de Navidad, a loteria espanhola de Natal","breadcrumb":{"@id":"https:\/\/redfoxlotto.com\/pt-pt\/lotarias\/el-gordo-primitiva\/#breadcrumb"},"inLanguage":"pt-PT","potentialAction":[{"@type":"ReadAction","target":["https:\/\/redfoxlotto.com\/pt-pt\/lotarias\/el-gordo-primitiva\/"]}]},{"@type":"ImageObject","inLanguage":"pt-PT","@id":"https:\/\/redfoxlotto.com\/pt-pt\/lotarias\/el-gordo-primitiva\/#primaryimage","url":"https:\/\/content.redfoxlotto.com\/uploads\/sites\/9\/1_buy_ticket_lotto_online.jpg","contentUrl":"https:\/\/content.redfoxlotto.com\/uploads\/sites\/9\/1_buy_ticket_lotto_online.jpg"},{"@type":"BreadcrumbList","@id":"https:\/\/redfoxlotto.com\/pt-pt\/lotarias\/el-gordo-primitiva\/#breadcrumb","itemListElement":[{"@type":"ListItem","position":1,"name":"Home","item":"https:\/\/redfoxlotto.com\/pt-pt\/"},{"@type":"ListItem","position":2,"name":"O processo de compra dos seus bilhetes","item":"https:\/\/redfoxlotto.com\/pt-pt\/lotarias\/"},{"@type":"ListItem","position":3,"name":"Informa\u00e7\u00f5es sobre El Gordo"}]},{"@type":"WebSite","@id":"https:\/\/redfoxlotto.com\/pt-pt\/#website","url":"https:\/\/redfoxlotto.com\/pt-pt\/","name":"Get Tickets for the World\u2019s largest jackpots","description":"Participate in worldwide lottery jackpots from any country","publisher":{"@id":"https:\/\/redfoxlotto.com\/pt-pt\/#organization"},"potentialAction":[{"@type":"SearchAction","target":{"@type":"EntryPoint","urlTemplate":"https:\/\/redfoxlotto.com\/pt-pt\/?s={search_term_string}"},"query-input":{"@type":"PropertyValueSpecification","valueRequired":true,"valueName":"search_term_string"}}],"inLanguage":"pt-PT"},{"@type":"Organization","@id":"https:\/\/redfoxlotto.com\/pt-pt\/#organization","name":"Get Tickets for the World\u2019s largest jackpots","url":"https:\/\/redfoxlotto.com\/pt-pt\/","logo":{"@type":"ImageObject","inLanguage":"pt-PT","@id":"https:\/\/redfoxlotto.com\/pt-pt\/#\/schema\/logo\/image\/","url":"https:\/\/redfoxlotto.com\/wp-content\/uploads\/2023\/04\/logo.png","contentUrl":"https:\/\/redfoxlotto.com\/wp-content\/uploads\/2023\/04\/logo.png","width":269,"height":53,"caption":"Get Tickets for the World\u2019s largest jackpots"},"image":{"@id":"https:\/\/redfoxlotto.com\/pt-pt\/#\/schema\/logo\/image\/"}}]}},"_links":{"self":[{"href":"https:\/\/redfoxlotto.com\/pt-pt\/wp-json\/wp\/v2\/pages\/1041","targetHints":{"allow":["GET"]}}],"collection":[{"href":"https:\/\/redfoxlotto.com\/pt-pt\/wp-json\/wp\/v2\/pages"}],"about":[{"href":"https:\/\/redfoxlotto.com\/pt-pt\/wp-json\/wp\/v2\/types\/page"}],"author":[{"embeddable":true,"href":"https:\/\/redfoxlotto.com\/pt-pt\/wp-json\/wp\/v2\/users\/1"}],"replies":[{"embeddable":true,"href":"https:\/\/redfoxlotto.com\/pt-pt\/wp-json\/wp\/v2\/comments?post=1041"}],"version-history":[{"count":0,"href":"https:\/\/redfoxlotto.com\/pt-pt\/wp-json\/wp\/v2\/pages\/1041\/revisions"}],"up":[{"embeddable":true,"href":"https:\/\/redfoxlotto.com\/pt-pt\/wp-json\/wp\/v2\/pages\/1003"}],"wp:attachment":[{"href":"https:\/\/redfoxlotto.com\/pt-pt\/wp-json\/wp\/v2\/media?parent=1041"}],"curies":[{"name":"wp","href":"https:\/\/api.w.org\/{rel}","templated":true}]}}