{"id":1027,"date":"2023-04-24T17:47:11","date_gmt":"2023-04-24T17:47:11","guid":{"rendered":"https:\/\/redfoxlotto.com\/?page_id=2057"},"modified":"2025-12-11T06:41:05","modified_gmt":"2025-12-11T06:41:05","slug":"superenalotto","status":"publish","type":"page","link":"https:\/\/redfoxlotto.com\/pt-pt\/jogar\/superenalotto\/","title":{"rendered":"Jogue SuperEnalotto Italiana"},"content":{"rendered":"<p><script type=\"application\/ld+json\">\n{\n  \"@context\": \"https:\/\/schema.org\",\n  \"@type\": \"Service\",\n  \"name\": \"SuperEnalotto online\",\n  \"url\": \"https:\/\/redfoxlotto.com\/pt-pt\/jogar\/superenalotto\/\",\n  \"description\": \"Compre bilhetes oficiais do SuperEnalotto online atrav\u00e9s da RedFoxLotto. Escolha os seus n\u00fameros e participe no pr\u00f3ximo sorteio.\",\n  \"serviceType\": \"Online lottery ticket purchase\",<\/p>\n<p>  \"provider\": {\n    \"@type\": \"Organization\",\n    \"name\": \"RedFoxLotto\",\n    \"url\": \"https:\/\/redfoxlotto.com\",\n    \"logo\": \"https:\/\/redfoxlotto.com\/wp-content\/uploads\/logo.png\"\n  },<\/p>\n<p>  \"areaServed\": \"Worldwide\",\n  \"termsOfService\": \"https:\/\/redfoxlotto.com\/terms-and-conditions\",<\/p>\n<p>  \"hasOfferCatalog\": {\n    \"@type\": \"OfferCatalog\",\n    \"name\": \"SuperEnalotto Offers\",\n    \"itemListElement\": [\n      {\n        \"@type\": \"Offer\",\n        \"name\": \"Lotto SuperEnalotto Ticket\",\n        \"url\": \"https:\/\/redfoxlotto.com\/pt-pt\/jogar\/superenalotto\/\",\n        \"description\": \"Uma participa\u00e7\u00e3o no pr\u00f3ximo sorteio do SuperEnalotto.\",\n        \"price\": \"3.40\",\n        \"priceCurrency\": \"EUR\",\n        \"availability\": \"https:\/\/schema.org\/InStock\",<\/p>\n<p>        \"itemOffered\": {\n          \"@type\": \"Service\",\n          \"name\": \"SuperEnalotto Lottery Entry\",\n          \"description\": \"Participa\u00e7\u00e3o no pr\u00f3ximo sorteio do SuperEnalotto atrav\u00e9s da RedFoxLotto.\"\n        }\n      }\n    ]\n  },<\/p>\n<p>  \"mainEntityOfPage\": {\n    \"@type\": \"WebPage\",\n    \"@id\": \"https:\/\/redfoxlotto.com\/pt-pt\/jogar\/superenalotto\/\"\n  }\n}\n<\/script><\/p>\n<h2>Como jogar na SuperEnalotto?<\/h2>\n<p><img loading=\"lazy\" decoding=\"async\" class=\" wp-image alignright\" src=\"https:\/\/content.redfoxlotto.com\/uploads\/sites\/9\/1_play_superenalotto.jpg\" alt=\"Superenalotto jogar online\" width=\"242\" height=\"209\" \/><\/p>\n<p>As regras b\u00e1sicas desta loteria italiana s\u00e3o bastante simples. Voc\u00ea apenas escolhe 6 n\u00fameros de 1 a 90, recebe o seu bilhete e ent\u00e3o tudo que voc\u00ea tem a fazer \u00e9 esperar e verificar os n\u00fameros sorteados. O fato de que voc\u00ea tem um total de 90 n\u00fameros para escolher significa que as chances de obt\u00ea-los todos corretamente s\u00e3o muito baixas. Na verdade, a probabilidade \u00e9 de 1 em 622 milh\u00f5es.<\/p>\n<p>Essa \u00e9 tamb\u00e9m a raz\u00e3o pela qual o jackpot muitas vezes vai por semanas, se n\u00e3o meses, antes de ser quebrado. Mas isso n\u00e3o deve impedi-lo de jogar. Os pre\u00e7os dos bilhetes s\u00e3o relativamente baixos, e adivinhe o qu\u00ea? Algu\u00e9m sempre tem sorte, ent\u00e3o porque n\u00e3o voc\u00ea? Tenha em mente que ao jogar Superenalotto na RedFoxLotto, voc\u00ea n\u00e3o precisa estar na It\u00e1lia ou ser um cidad\u00e3o italiano. Seus bilhetes online participam do sorteio independentemente do seu pa\u00eds de resid\u00eancia ou nacionalidade. Essa \u00e9 a beleza de apostar nas loterias internacionais online, atrav\u00e9s do nosso servi\u00e7o.<\/p>\n<h2>Melhore suas chances de ganhar<\/h2>\n<p><img decoding=\"async\" class=\"size-full wp-image alignright\" src=\"https:\/\/content.redfoxlotto.com\/uploads\/sites\/9\/2_ticket_superenalotto.jpg\" alt=\"win Superenalotto\" \/><br \/>\nEstatisticamente, mais de 70% dos valores do pre\u00e7o da loteria foram ganhos por n\u00fameros mais altos. Todo mundo usa datas de anivers\u00e1rio, ent\u00e3o quando o resultado do sorteio \u00e9 todos os n\u00fameros menores, h\u00e1 mais vencedores e pagamentos mais baixos por vencedor. Portanto, se voc\u00ea quiser ter certeza de que n\u00e3o precisa dividir o seu pr\u00eamio principal da SuperEnaLotto, escolha n\u00fameros acima de 31 para o seu bilhete!<\/p>\n<p>Fora isso, sinta-se \u00e0 vontade para usar qualquer sistema de n\u00fameros de loteria. Voc\u00ea tamb\u00e9m pode usar seus <a href=\"https:\/\/redfoxlotto.com\/pt\/resultados\">n\u00fameros<\/a> de sorte pessoais. Se todos s\u00e3o n\u00fameros menores, por que n\u00e3o multiplic\u00e1-los por 2, 3, 4 ou 5? Dessa forma, voc\u00ea evita ter n\u00fameros que todo mundo tem.<\/p>\n","protected":false},"excerpt":{"rendered":"<p>Como jogar na SuperEnalotto? As regras b\u00e1sicas desta loteria italiana s\u00e3o bastante simples. Voc\u00ea apenas escolhe 6 n\u00fameros de 1 a 90, recebe o seu bilhete e ent\u00e3o tudo que voc\u00ea tem a fazer \u00e9 esperar e verificar os n\u00fameros sorteados. O fato de que voc\u00ea tem um total de 90 n\u00fameros para escolher significa [&hellip;]<\/p>\n","protected":false},"author":1,"featured_media":0,"parent":1021,"menu_order":5,"comment_status":"closed","ping_status":"closed","template":"superenalotto.php","meta":{"_et_pb_use_builder":"","_et_pb_old_content":"","_et_gb_content_width":"","exclude_from_search":false,"footnotes":""},"class_list":["post-1027","page","type-page","status-publish","hentry"],"yoast_head":"<!-- This site is optimized with the Yoast SEO plugin v23.8 - https:\/\/yoast.com\/wordpress\/plugins\/seo\/ -->\n<title>Jogar online SuperEnalotto<\/title>\n<meta name=\"description\" content=\"Agora pode apostar na Superenalotto, mesmo estando fora de It\u00e1lia\" \/>\n<meta name=\"robots\" content=\"index, follow, max-snippet:-1, max-image-preview:large, max-video-preview:-1\" \/>\n<link rel=\"canonical\" href=\"https:\/\/redfoxlotto.com\/pt-pt\/jogar\/superenalotto\/\" \/>\n<meta property=\"og:locale\" content=\"pt_PT\" \/>\n<meta property=\"og:type\" content=\"article\" \/>\n<meta property=\"og:title\" content=\"Jogar online SuperEnalotto\" \/>\n<meta property=\"og:description\" content=\"Agora pode apostar na Superenalotto, mesmo estando fora de It\u00e1lia\" \/>\n<meta property=\"og:url\" content=\"https:\/\/redfoxlotto.com\/pt-pt\/jogar\/superenalotto\/\" \/>\n<meta property=\"og:site_name\" content=\"Get Tickets for the World\u2019s largest jackpots\" \/>\n<meta property=\"article:modified_time\" content=\"2025-12-11T06:41:05+00:00\" \/>\n<meta property=\"og:image\" content=\"https:\/\/content.redfoxlotto.com\/uploads\/sites\/9\/1_play_superenalotto.jpg\" \/>\n<meta name=\"twitter:card\" content=\"summary_large_image\" \/>\n<meta name=\"twitter:label1\" content=\"Tempo estimado de leitura\" \/>\n\t<meta name=\"twitter:data1\" content=\"2 minutos\" \/>\n<script type=\"application\/ld+json\" class=\"yoast-schema-graph\">{\"@context\":\"https:\/\/schema.org\",\"@graph\":[{\"@type\":\"WebPage\",\"@id\":\"https:\/\/redfoxlotto.com\/pt-pt\/jogar\/superenalotto\/\",\"url\":\"https:\/\/redfoxlotto.com\/pt-pt\/jogar\/superenalotto\/\",\"name\":\"Jogar online SuperEnalotto\",\"isPartOf\":{\"@id\":\"https:\/\/redfoxlotto.com\/pt-pt\/#website\"},\"primaryImageOfPage\":{\"@id\":\"https:\/\/redfoxlotto.com\/pt-pt\/jogar\/superenalotto\/#primaryimage\"},\"image\":{\"@id\":\"https:\/\/redfoxlotto.com\/pt-pt\/jogar\/superenalotto\/#primaryimage\"},\"thumbnailUrl\":\"https:\/\/content.redfoxlotto.com\/uploads\/sites\/9\/1_play_superenalotto.jpg\",\"datePublished\":\"2023-04-24T17:47:11+00:00\",\"dateModified\":\"2025-12-11T06:41:05+00:00\",\"description\":\"Agora pode apostar na Superenalotto, mesmo estando fora de It\u00e1lia\",\"breadcrumb\":{\"@id\":\"https:\/\/redfoxlotto.com\/pt-pt\/jogar\/superenalotto\/#breadcrumb\"},\"inLanguage\":\"pt-PT\",\"potentialAction\":[{\"@type\":\"ReadAction\",\"target\":[\"https:\/\/redfoxlotto.com\/pt-pt\/jogar\/superenalotto\/\"]}]},{\"@type\":\"ImageObject\",\"inLanguage\":\"pt-PT\",\"@id\":\"https:\/\/redfoxlotto.com\/pt-pt\/jogar\/superenalotto\/#primaryimage\",\"url\":\"https:\/\/content.redfoxlotto.com\/uploads\/sites\/9\/1_play_superenalotto.jpg\",\"contentUrl\":\"https:\/\/content.redfoxlotto.com\/uploads\/sites\/9\/1_play_superenalotto.jpg\"},{\"@type\":\"BreadcrumbList\",\"@id\":\"https:\/\/redfoxlotto.com\/pt-pt\/jogar\/superenalotto\/#breadcrumb\",\"itemListElement\":[{\"@type\":\"ListItem\",\"position\":1,\"name\":\"Home\",\"item\":\"https:\/\/redfoxlotto.com\/pt-pt\/\"},{\"@type\":\"ListItem\",\"position\":2,\"name\":\"Compre bilhetes de lotaria online\",\"item\":\"https:\/\/redfoxlotto.com\/pt-pt\/jogar\/\"},{\"@type\":\"ListItem\",\"position\":3,\"name\":\"Jogue SuperEnalotto Italiana\"}]},{\"@type\":\"WebSite\",\"@id\":\"https:\/\/redfoxlotto.com\/pt-pt\/#website\",\"url\":\"https:\/\/redfoxlotto.com\/pt-pt\/\",\"name\":\"Get Tickets for the World\u2019s largest jackpots\",\"description\":\"Participate in worldwide lottery jackpots from any country\",\"publisher\":{\"@id\":\"https:\/\/redfoxlotto.com\/pt-pt\/#organization\"},\"potentialAction\":[{\"@type\":\"SearchAction\",\"target\":{\"@type\":\"EntryPoint\",\"urlTemplate\":\"https:\/\/redfoxlotto.com\/pt-pt\/?s={search_term_string}\"},\"query-input\":{\"@type\":\"PropertyValueSpecification\",\"valueRequired\":true,\"valueName\":\"search_term_string\"}}],\"inLanguage\":\"pt-PT\"},{\"@type\":\"Organization\",\"@id\":\"https:\/\/redfoxlotto.com\/pt-pt\/#organization\",\"name\":\"Get Tickets for the World\u2019s largest jackpots\",\"url\":\"https:\/\/redfoxlotto.com\/pt-pt\/\",\"logo\":{\"@type\":\"ImageObject\",\"inLanguage\":\"pt-PT\",\"@id\":\"https:\/\/redfoxlotto.com\/pt-pt\/#\/schema\/logo\/image\/\",\"url\":\"https:\/\/redfoxlotto.com\/wp-content\/uploads\/2023\/04\/logo.png\",\"contentUrl\":\"https:\/\/redfoxlotto.com\/wp-content\/uploads\/2023\/04\/logo.png\",\"width\":269,\"height\":53,\"caption\":\"Get Tickets for the World\u2019s largest jackpots\"},\"image\":{\"@id\":\"https:\/\/redfoxlotto.com\/pt-pt\/#\/schema\/logo\/image\/\"}}]}<\/script>\n<!-- \/ Yoast SEO plugin. -->","yoast_head_json":{"title":"Jogar online SuperEnalotto","description":"Agora pode apostar na Superenalotto, mesmo estando fora de It\u00e1lia","robots":{"index":"index","follow":"follow","max-snippet":"max-snippet:-1","max-image-preview":"max-image-preview:large","max-video-preview":"max-video-preview:-1"},"canonical":"https:\/\/redfoxlotto.com\/pt-pt\/jogar\/superenalotto\/","og_locale":"pt_PT","og_type":"article","og_title":"Jogar online SuperEnalotto","og_description":"Agora pode apostar na Superenalotto, mesmo estando fora de It\u00e1lia","og_url":"https:\/\/redfoxlotto.com\/pt-pt\/jogar\/superenalotto\/","og_site_name":"Get Tickets for the World\u2019s largest jackpots","article_modified_time":"2025-12-11T06:41:05+00:00","og_image":[{"url":"https:\/\/content.redfoxlotto.com\/uploads\/sites\/9\/1_play_superenalotto.jpg"}],"twitter_card":"summary_large_image","twitter_misc":{"Tempo estimado de leitura":"2 minutos"},"schema":{"@context":"https:\/\/schema.org","@graph":[{"@type":"WebPage","@id":"https:\/\/redfoxlotto.com\/pt-pt\/jogar\/superenalotto\/","url":"https:\/\/redfoxlotto.com\/pt-pt\/jogar\/superenalotto\/","name":"Jogar online SuperEnalotto","isPartOf":{"@id":"https:\/\/redfoxlotto.com\/pt-pt\/#website"},"primaryImageOfPage":{"@id":"https:\/\/redfoxlotto.com\/pt-pt\/jogar\/superenalotto\/#primaryimage"},"image":{"@id":"https:\/\/redfoxlotto.com\/pt-pt\/jogar\/superenalotto\/#primaryimage"},"thumbnailUrl":"https:\/\/content.redfoxlotto.com\/uploads\/sites\/9\/1_play_superenalotto.jpg","datePublished":"2023-04-24T17:47:11+00:00","dateModified":"2025-12-11T06:41:05+00:00","description":"Agora pode apostar na Superenalotto, mesmo estando fora de It\u00e1lia","breadcrumb":{"@id":"https:\/\/redfoxlotto.com\/pt-pt\/jogar\/superenalotto\/#breadcrumb"},"inLanguage":"pt-PT","potentialAction":[{"@type":"ReadAction","target":["https:\/\/redfoxlotto.com\/pt-pt\/jogar\/superenalotto\/"]}]},{"@type":"ImageObject","inLanguage":"pt-PT","@id":"https:\/\/redfoxlotto.com\/pt-pt\/jogar\/superenalotto\/#primaryimage","url":"https:\/\/content.redfoxlotto.com\/uploads\/sites\/9\/1_play_superenalotto.jpg","contentUrl":"https:\/\/content.redfoxlotto.com\/uploads\/sites\/9\/1_play_superenalotto.jpg"},{"@type":"BreadcrumbList","@id":"https:\/\/redfoxlotto.com\/pt-pt\/jogar\/superenalotto\/#breadcrumb","itemListElement":[{"@type":"ListItem","position":1,"name":"Home","item":"https:\/\/redfoxlotto.com\/pt-pt\/"},{"@type":"ListItem","position":2,"name":"Compre bilhetes de lotaria online","item":"https:\/\/redfoxlotto.com\/pt-pt\/jogar\/"},{"@type":"ListItem","position":3,"name":"Jogue SuperEnalotto Italiana"}]},{"@type":"WebSite","@id":"https:\/\/redfoxlotto.com\/pt-pt\/#website","url":"https:\/\/redfoxlotto.com\/pt-pt\/","name":"Get Tickets for the World\u2019s largest jackpots","description":"Participate in worldwide lottery jackpots from any country","publisher":{"@id":"https:\/\/redfoxlotto.com\/pt-pt\/#organization"},"potentialAction":[{"@type":"SearchAction","target":{"@type":"EntryPoint","urlTemplate":"https:\/\/redfoxlotto.com\/pt-pt\/?s={search_term_string}"},"query-input":{"@type":"PropertyValueSpecification","valueRequired":true,"valueName":"search_term_string"}}],"inLanguage":"pt-PT"},{"@type":"Organization","@id":"https:\/\/redfoxlotto.com\/pt-pt\/#organization","name":"Get Tickets for the World\u2019s largest jackpots","url":"https:\/\/redfoxlotto.com\/pt-pt\/","logo":{"@type":"ImageObject","inLanguage":"pt-PT","@id":"https:\/\/redfoxlotto.com\/pt-pt\/#\/schema\/logo\/image\/","url":"https:\/\/redfoxlotto.com\/wp-content\/uploads\/2023\/04\/logo.png","contentUrl":"https:\/\/redfoxlotto.com\/wp-content\/uploads\/2023\/04\/logo.png","width":269,"height":53,"caption":"Get Tickets for the World\u2019s largest jackpots"},"image":{"@id":"https:\/\/redfoxlotto.com\/pt-pt\/#\/schema\/logo\/image\/"}}]}},"_links":{"self":[{"href":"https:\/\/redfoxlotto.com\/pt-pt\/wp-json\/wp\/v2\/pages\/1027","targetHints":{"allow":["GET"]}}],"collection":[{"href":"https:\/\/redfoxlotto.com\/pt-pt\/wp-json\/wp\/v2\/pages"}],"about":[{"href":"https:\/\/redfoxlotto.com\/pt-pt\/wp-json\/wp\/v2\/types\/page"}],"author":[{"embeddable":true,"href":"https:\/\/redfoxlotto.com\/pt-pt\/wp-json\/wp\/v2\/users\/1"}],"replies":[{"embeddable":true,"href":"https:\/\/redfoxlotto.com\/pt-pt\/wp-json\/wp\/v2\/comments?post=1027"}],"version-history":[{"count":0,"href":"https:\/\/redfoxlotto.com\/pt-pt\/wp-json\/wp\/v2\/pages\/1027\/revisions"}],"up":[{"embeddable":true,"href":"https:\/\/redfoxlotto.com\/pt-pt\/wp-json\/wp\/v2\/pages\/1021"}],"wp:attachment":[{"href":"https:\/\/redfoxlotto.com\/pt-pt\/wp-json\/wp\/v2\/media?parent=1027"}],"curies":[{"name":"wp","href":"https:\/\/api.w.org\/{rel}","templated":true}]}}