{"id":1024,"date":"2023-04-24T17:37:44","date_gmt":"2023-04-24T17:37:44","guid":{"rendered":"https:\/\/redfoxlotto.com\/?page_id=2051"},"modified":"2025-12-17T09:19:28","modified_gmt":"2025-12-17T09:19:28","slug":"mega-millions","status":"publish","type":"page","link":"https:\/\/redfoxlotto.com\/pt-pt\/jogar\/mega-millions\/","title":{"rendered":"Jogue no Mega Millions"},"content":{"rendered":"<p><script type=\"application\/ld+json\">\n{\n  \"@context\": \"https:\/\/schema.org\",\n  \"@type\": \"Service\",\n  \"name\": \"Jogar Mega Millions Online\",\n  \"url\": \"https:\/\/redfoxlotto.com\/pt-pt\/jogar\/mega-millions\/\",\n  \"description\": \"Jogue na lotaria Mega Millions online a partir de qualquer pa\u00eds. Visite a RedFoxLotto, escolha os seus n\u00fameros e obtenha os bilhetes.\",\n  \"serviceType\": \"Servi\u00e7o de intermedia\u00e7\u00e3o de bilhetes de lotaria online\",<\/p>\n<p>  \"provider\": {\n    \"@type\": \"Organization\",\n    \"name\": \"RedFoxLotto\",\n    \"url\": \"https:\/\/redfoxlotto.com\/pt-pt\/jogar\/mega-millions\/\",\n    \"image\": \"https:\/\/redfoxlotto.com\/wp-content\/uploads\/2025\/12\/ticket_scans.jpg\"\n  },<\/p>\n<p>  \"areaServed\": \"Worldwide\",\n  \"termsOfService\": \"https:\/\/redfoxlotto.com\/terms-and-conditions\",<\/p>\n<p>  \"additionalProperty\": {\n    \"@type\": \"PropertyValue\",\n    \"name\": \"FAQ\",\n    \"value\": \"https:\/\/redfoxlotto.com\/pt-pt\/faq\/\"\n  },<\/p>\n<p>  \"hasOfferCatalog\": {\n    \"@type\": \"OfferCatalog\",\n    \"name\": \"Bilhetes Mega Millions\",\n    \"itemListElement\": [{\n      \"@type\": \"Offer\",\n      \"name\": \"Bilhetes Mega Millions\",\n      \"url\": \"https:\/\/redfoxlotto.com\/pt-pt\/jogar\/mega-millions\/\",\n      \"description\": \"Escolha os seus n\u00fameros para o pr\u00f3ximo sorteio Mega Millions e encomende os bilhetes online.\",\n      \"price\": \"13.00\",\n      \"priceCurrency\": \"EUR\",\n      \"availability\": \"https:\/\/schema.org\/InStock\"\n    }]\n  },<\/p>\n<p>  \"mainEntityOfPage\": {\n    \"@type\": \"WebPage\",\n    \"@id\": \"https:\/\/redfoxlotto.com\/pt-pt\/jogar\/mega-millions\/\"\n  }\n}\n<\/script><\/p>\n<p>N\u00e3o precisa de viajar aos EUA para jogar no Mega Millions. <strong>Tamb\u00e9m pode jogar no Mega Millions a partir de Portugal ou do Brasil.<\/strong> Encomende atrav\u00e9s do nosso site e os nossos servi\u00e7os ir\u00e3o fornecer-lhe os seus bilhetes. Um dos nossos agentes nos EUA adquirir\u00e1 os bilhetes (com os n\u00fameros que tiver escolhido).<!--more--><\/p>\n<p>Em seguida, receber\u00e1 um email da nossa parte a confirmar a compra. N\u00f3s tamb\u00e9m tratamos de lhe entregar os pr\u00e9mios que ganhar. Por favor, consulte a nossa sec\u00e7\u00e3o de Perguntas Frequentes (FAQ) para mais detalhes acerca dos nossos servi\u00e7os.<\/p>\n<h2>Regras do Mega Millions<\/h2>\n<p><img loading=\"lazy\" decoding=\"async\" class=\" wp-image-7228 alignright\" src=\"https:\/\/content.redfoxlotto.com\/uploads\/sites\/9\/1_play_mega_millions_jackpot.jpg\" alt=\"jugar mega millions online\" width=\"186\" height=\"188\" \/>O jogador escolhe cinco n\u00fameros entre 1 e 70, bem como um n\u00famero adicional, entre 1 e 25. Para ganhar o primeiro pr\u00e9mio, \u00e9 necess\u00e1rio que acerte em todos os seis n\u00fameros na mesma aposta. O pr\u00e9mio atribu\u00eddo a quem tiver acertados nos cinco n\u00fameros principais \u00e9 de um milh\u00e3o de d\u00f3lares.<\/p>\n<h2>Os Jackpots do Mega Millions<\/h2>\n<p>O Mega Millions \u00e9 conhecido pelo aumento r\u00e1pido do valor dos seus jackpots. isto acontece porque, por um lado, s\u00e3o vendidas centenas de milh\u00f5es de bilhetes, a cada semana, nos EUA. Mas \u00e9 comum que o primeiro pr\u00e9mio, que <strong>come\u00e7a sempre nos 40 milh\u00f5es de d\u00f3lares,<\/strong> n\u00e3o seja atribu\u00eddo durante v\u00e1rias semanas. A princ\u00edpio, o crescimento \u00e9 mais lento, de cerca de 10-15 milh\u00f5es de d\u00f3lares por semana (s\u00e3o feitos dois sorteios por semana).<\/p>\n<p><img loading=\"lazy\" decoding=\"async\" class=\"wp-image alignright\" src=\"https:\/\/content.redfoxlotto.com\/uploads\/sites\/9\/2_ticket_mega_millions.jpg\" alt=\"mega millions Portugal Brasil\" width=\"197\" height=\"142\" \/><\/p>\n<p>Quando ningu\u00e9m ganha o primeiro pr\u00e9mio, um montante de 100 milh\u00f5es costuma ser atingido rapidamente. Uma vez ultrapassado esse limite, come\u00e7am a ser vendidos mais bilhetes que o habitual e o jackpot come\u00e7a a &#8220;explodir&#8221;, sendo normais aumentos de 200 para 500 milh\u00f5es numa s\u00f3 semana. E se o jackpot n\u00e3o tiver sido ganho durante 10 semanas, ent\u00e3o come\u00e7ar\u00e1 a exceder os 1000 milh\u00f5es de d\u00f3lares, o que aconteceu pela \u00faltima vez a 19\/10\/2018. Esse pr\u00e9mio foi ganho por um s\u00f3 apostador, a 23\/10\/2018, quando o <strong>seu valor j\u00e1 rondava os 1600 milh\u00f5es de d\u00f3lares.<\/strong><\/p>\n<p>Sempre que um pr\u00e9mio tenha um valor substancial, \u00e9 inteligente pensar em encomendar os bilhetes de modo a que possam participar em v\u00e1rios sorteios consecutivos. Assim, caso n\u00e3o ganhe, garantir\u00e1 que se mant\u00e9m em jogo para os pr\u00f3ximos jackpots, ainda mais elevados.<\/p>\n<p>\u00c9 importante referir que o vencedor do jackpot pode escolher entre duas op\u00e7\u00f5es. Poder\u00e1 escolher entre receber o valor total do pr\u00e9mio em 30 pagamentos anuais (com um aumento de 5% ao ano, para ajustar o valor \u00e0 infla\u00e7\u00e3o) ou, se preferir, de uma s\u00f3 vez. Este pagamento \u00fanico tende a ser um pouco inferior ao valor total do jackpot.<\/p>\n<h2>Este servi\u00e7o \u00e9 legal para os apostadores em Portugal e no Brasil?<\/h2>\n<p>Isto \u00e9 100% legal para os apostadores de qualquer pa\u00eds, incluindo Portugal e Brasil. Essencialmente, \u00e9 como se tivesse comprado um bilhete do Mega Millions durante uma estadia nos Estados Unidos. Uma vez que, nos EUA, os bilhetes de lotaria podem ser vendidos a qualquer pessoa com mais de 18 anos, os estrangeiros s\u00e3o igualmente eleg\u00edveis para ganhar. Em \u00faltima an\u00e1lise, o que importa \u00e9 que tenha o seu bilhete. Al\u00e9m disso, n\u00f3s tamb\u00e9m garantiremos que receber\u00e1 os valores que tiver ganho. Para pr\u00e9mios maiores (superiores a $2500), o pagamento \u00e9 usualmente feito atrav\u00e9s de cheque ou transfer\u00eancia banc\u00e1ria.<\/p>\n<p>Caso ganhe o primeiro pr\u00e9mio, ter\u00e1 de viajar at\u00e9 aos EUA para que o cheque lhe seja entregue pessoalmente. Seguramente ficaria encantado por fazer essa viagem!<\/p>\n<p>Ser\u00e1 que o <a href=\"https:\/\/redfoxlotto.com\/pt\/valores-atuais-jackpots-powerball-mega-millions\/\">pr\u00f3ximo Mega Millions<\/a> est\u00e1 reservado para si? <strong>Tente a sua sorte agora &#8211; se n\u00e3o apostar, n\u00e3o poder\u00e1 ganhar!<\/strong><\/p>\n","protected":false},"excerpt":{"rendered":"<p>N\u00e3o precisa de viajar aos EUA para jogar no Mega Millions. Tamb\u00e9m pode jogar no Mega Millions a partir de Portugal ou do Brasil. Encomende atrav\u00e9s do nosso site e os nossos servi\u00e7os ir\u00e3o fornecer-lhe os seus bilhetes. Um dos nossos agentes nos EUA adquirir\u00e1 os bilhetes (com os n\u00fameros que tiver escolhido).<\/p>\n","protected":false},"author":1,"featured_media":0,"parent":1021,"menu_order":2,"comment_status":"closed","ping_status":"closed","template":"megamillion.php","meta":{"_et_pb_use_builder":"","_et_pb_old_content":"","_et_gb_content_width":"","exclude_from_search":false,"footnotes":""},"class_list":["post-1024","page","type-page","status-publish","hentry"],"yoast_head":"<!-- This site is optimized with the Yoast SEO plugin v23.8 - https:\/\/yoast.com\/wordpress\/plugins\/seo\/ -->\n<title>Jogar Mega Millions online a partir de Portugal e do Brasil<\/title>\n<meta name=\"description\" content=\"Encomende o seu bilhete do Mega Millions aqui - a partir de Portugal, do Brasil ou de qualquer outro pa\u00eds!\" \/>\n<meta name=\"robots\" content=\"index, follow, max-snippet:-1, max-image-preview:large, max-video-preview:-1\" \/>\n<link rel=\"canonical\" href=\"https:\/\/redfoxlotto.com\/pt-pt\/jogar\/mega-millions\/\" \/>\n<meta property=\"og:locale\" content=\"pt_PT\" \/>\n<meta property=\"og:type\" content=\"article\" \/>\n<meta property=\"og:title\" content=\"Jogar Mega Millions online a partir de Portugal e do Brasil\" \/>\n<meta property=\"og:description\" content=\"Encomende o seu bilhete do Mega Millions aqui - a partir de Portugal, do Brasil ou de qualquer outro pa\u00eds!\" \/>\n<meta property=\"og:url\" content=\"https:\/\/redfoxlotto.com\/pt-pt\/jogar\/mega-millions\/\" \/>\n<meta property=\"og:site_name\" content=\"Get Tickets for the World\u2019s largest jackpots\" \/>\n<meta property=\"article:modified_time\" content=\"2025-12-17T09:19:28+00:00\" \/>\n<meta property=\"og:image\" content=\"https:\/\/content.redfoxlotto.com\/uploads\/sites\/9\/1_play_mega_millions_jackpot.jpg\" \/>\n<meta name=\"twitter:card\" content=\"summary_large_image\" \/>\n<meta name=\"twitter:label1\" content=\"Tempo estimado de leitura\" \/>\n\t<meta name=\"twitter:data1\" content=\"3 minutos\" \/>\n<script type=\"application\/ld+json\" class=\"yoast-schema-graph\">{\"@context\":\"https:\/\/schema.org\",\"@graph\":[{\"@type\":\"WebPage\",\"@id\":\"https:\/\/redfoxlotto.com\/pt-pt\/jogar\/mega-millions\/\",\"url\":\"https:\/\/redfoxlotto.com\/pt-pt\/jogar\/mega-millions\/\",\"name\":\"Jogar Mega Millions online a partir de Portugal e do Brasil\",\"isPartOf\":{\"@id\":\"https:\/\/redfoxlotto.com\/pt-pt\/#website\"},\"primaryImageOfPage\":{\"@id\":\"https:\/\/redfoxlotto.com\/pt-pt\/jogar\/mega-millions\/#primaryimage\"},\"image\":{\"@id\":\"https:\/\/redfoxlotto.com\/pt-pt\/jogar\/mega-millions\/#primaryimage\"},\"thumbnailUrl\":\"https:\/\/content.redfoxlotto.com\/uploads\/sites\/9\/1_play_mega_millions_jackpot.jpg\",\"datePublished\":\"2023-04-24T17:37:44+00:00\",\"dateModified\":\"2025-12-17T09:19:28+00:00\",\"description\":\"Encomende o seu bilhete do Mega Millions aqui - a partir de Portugal, do Brasil ou de qualquer outro pa\u00eds!\",\"breadcrumb\":{\"@id\":\"https:\/\/redfoxlotto.com\/pt-pt\/jogar\/mega-millions\/#breadcrumb\"},\"inLanguage\":\"pt-PT\",\"potentialAction\":[{\"@type\":\"ReadAction\",\"target\":[\"https:\/\/redfoxlotto.com\/pt-pt\/jogar\/mega-millions\/\"]}]},{\"@type\":\"ImageObject\",\"inLanguage\":\"pt-PT\",\"@id\":\"https:\/\/redfoxlotto.com\/pt-pt\/jogar\/mega-millions\/#primaryimage\",\"url\":\"https:\/\/content.redfoxlotto.com\/uploads\/sites\/9\/1_play_mega_millions_jackpot.jpg\",\"contentUrl\":\"https:\/\/content.redfoxlotto.com\/uploads\/sites\/9\/1_play_mega_millions_jackpot.jpg\"},{\"@type\":\"BreadcrumbList\",\"@id\":\"https:\/\/redfoxlotto.com\/pt-pt\/jogar\/mega-millions\/#breadcrumb\",\"itemListElement\":[{\"@type\":\"ListItem\",\"position\":1,\"name\":\"Home\",\"item\":\"https:\/\/redfoxlotto.com\/pt-pt\/\"},{\"@type\":\"ListItem\",\"position\":2,\"name\":\"Compre bilhetes de lotaria online\",\"item\":\"https:\/\/redfoxlotto.com\/pt-pt\/jogar\/\"},{\"@type\":\"ListItem\",\"position\":3,\"name\":\"Jogue no Mega Millions\"}]},{\"@type\":\"WebSite\",\"@id\":\"https:\/\/redfoxlotto.com\/pt-pt\/#website\",\"url\":\"https:\/\/redfoxlotto.com\/pt-pt\/\",\"name\":\"Get Tickets for the World\u2019s largest jackpots\",\"description\":\"Participate in worldwide lottery jackpots from any country\",\"publisher\":{\"@id\":\"https:\/\/redfoxlotto.com\/pt-pt\/#organization\"},\"potentialAction\":[{\"@type\":\"SearchAction\",\"target\":{\"@type\":\"EntryPoint\",\"urlTemplate\":\"https:\/\/redfoxlotto.com\/pt-pt\/?s={search_term_string}\"},\"query-input\":{\"@type\":\"PropertyValueSpecification\",\"valueRequired\":true,\"valueName\":\"search_term_string\"}}],\"inLanguage\":\"pt-PT\"},{\"@type\":\"Organization\",\"@id\":\"https:\/\/redfoxlotto.com\/pt-pt\/#organization\",\"name\":\"Get Tickets for the World\u2019s largest jackpots\",\"url\":\"https:\/\/redfoxlotto.com\/pt-pt\/\",\"logo\":{\"@type\":\"ImageObject\",\"inLanguage\":\"pt-PT\",\"@id\":\"https:\/\/redfoxlotto.com\/pt-pt\/#\/schema\/logo\/image\/\",\"url\":\"https:\/\/redfoxlotto.com\/wp-content\/uploads\/2023\/04\/logo.png\",\"contentUrl\":\"https:\/\/redfoxlotto.com\/wp-content\/uploads\/2023\/04\/logo.png\",\"width\":269,\"height\":53,\"caption\":\"Get Tickets for the World\u2019s largest jackpots\"},\"image\":{\"@id\":\"https:\/\/redfoxlotto.com\/pt-pt\/#\/schema\/logo\/image\/\"}}]}<\/script>\n<!-- \/ Yoast SEO plugin. -->","yoast_head_json":{"title":"Jogar Mega Millions online a partir de Portugal e do Brasil","description":"Encomende o seu bilhete do Mega Millions aqui - a partir de Portugal, do Brasil ou de qualquer outro pa\u00eds!","robots":{"index":"index","follow":"follow","max-snippet":"max-snippet:-1","max-image-preview":"max-image-preview:large","max-video-preview":"max-video-preview:-1"},"canonical":"https:\/\/redfoxlotto.com\/pt-pt\/jogar\/mega-millions\/","og_locale":"pt_PT","og_type":"article","og_title":"Jogar Mega Millions online a partir de Portugal e do Brasil","og_description":"Encomende o seu bilhete do Mega Millions aqui - a partir de Portugal, do Brasil ou de qualquer outro pa\u00eds!","og_url":"https:\/\/redfoxlotto.com\/pt-pt\/jogar\/mega-millions\/","og_site_name":"Get Tickets for the World\u2019s largest jackpots","article_modified_time":"2025-12-17T09:19:28+00:00","og_image":[{"url":"https:\/\/content.redfoxlotto.com\/uploads\/sites\/9\/1_play_mega_millions_jackpot.jpg"}],"twitter_card":"summary_large_image","twitter_misc":{"Tempo estimado de leitura":"3 minutos"},"schema":{"@context":"https:\/\/schema.org","@graph":[{"@type":"WebPage","@id":"https:\/\/redfoxlotto.com\/pt-pt\/jogar\/mega-millions\/","url":"https:\/\/redfoxlotto.com\/pt-pt\/jogar\/mega-millions\/","name":"Jogar Mega Millions online a partir de Portugal e do Brasil","isPartOf":{"@id":"https:\/\/redfoxlotto.com\/pt-pt\/#website"},"primaryImageOfPage":{"@id":"https:\/\/redfoxlotto.com\/pt-pt\/jogar\/mega-millions\/#primaryimage"},"image":{"@id":"https:\/\/redfoxlotto.com\/pt-pt\/jogar\/mega-millions\/#primaryimage"},"thumbnailUrl":"https:\/\/content.redfoxlotto.com\/uploads\/sites\/9\/1_play_mega_millions_jackpot.jpg","datePublished":"2023-04-24T17:37:44+00:00","dateModified":"2025-12-17T09:19:28+00:00","description":"Encomende o seu bilhete do Mega Millions aqui - a partir de Portugal, do Brasil ou de qualquer outro pa\u00eds!","breadcrumb":{"@id":"https:\/\/redfoxlotto.com\/pt-pt\/jogar\/mega-millions\/#breadcrumb"},"inLanguage":"pt-PT","potentialAction":[{"@type":"ReadAction","target":["https:\/\/redfoxlotto.com\/pt-pt\/jogar\/mega-millions\/"]}]},{"@type":"ImageObject","inLanguage":"pt-PT","@id":"https:\/\/redfoxlotto.com\/pt-pt\/jogar\/mega-millions\/#primaryimage","url":"https:\/\/content.redfoxlotto.com\/uploads\/sites\/9\/1_play_mega_millions_jackpot.jpg","contentUrl":"https:\/\/content.redfoxlotto.com\/uploads\/sites\/9\/1_play_mega_millions_jackpot.jpg"},{"@type":"BreadcrumbList","@id":"https:\/\/redfoxlotto.com\/pt-pt\/jogar\/mega-millions\/#breadcrumb","itemListElement":[{"@type":"ListItem","position":1,"name":"Home","item":"https:\/\/redfoxlotto.com\/pt-pt\/"},{"@type":"ListItem","position":2,"name":"Compre bilhetes de lotaria online","item":"https:\/\/redfoxlotto.com\/pt-pt\/jogar\/"},{"@type":"ListItem","position":3,"name":"Jogue no Mega Millions"}]},{"@type":"WebSite","@id":"https:\/\/redfoxlotto.com\/pt-pt\/#website","url":"https:\/\/redfoxlotto.com\/pt-pt\/","name":"Get Tickets for the World\u2019s largest jackpots","description":"Participate in worldwide lottery jackpots from any country","publisher":{"@id":"https:\/\/redfoxlotto.com\/pt-pt\/#organization"},"potentialAction":[{"@type":"SearchAction","target":{"@type":"EntryPoint","urlTemplate":"https:\/\/redfoxlotto.com\/pt-pt\/?s={search_term_string}"},"query-input":{"@type":"PropertyValueSpecification","valueRequired":true,"valueName":"search_term_string"}}],"inLanguage":"pt-PT"},{"@type":"Organization","@id":"https:\/\/redfoxlotto.com\/pt-pt\/#organization","name":"Get Tickets for the World\u2019s largest jackpots","url":"https:\/\/redfoxlotto.com\/pt-pt\/","logo":{"@type":"ImageObject","inLanguage":"pt-PT","@id":"https:\/\/redfoxlotto.com\/pt-pt\/#\/schema\/logo\/image\/","url":"https:\/\/redfoxlotto.com\/wp-content\/uploads\/2023\/04\/logo.png","contentUrl":"https:\/\/redfoxlotto.com\/wp-content\/uploads\/2023\/04\/logo.png","width":269,"height":53,"caption":"Get Tickets for the World\u2019s largest jackpots"},"image":{"@id":"https:\/\/redfoxlotto.com\/pt-pt\/#\/schema\/logo\/image\/"}}]}},"_links":{"self":[{"href":"https:\/\/redfoxlotto.com\/pt-pt\/wp-json\/wp\/v2\/pages\/1024","targetHints":{"allow":["GET"]}}],"collection":[{"href":"https:\/\/redfoxlotto.com\/pt-pt\/wp-json\/wp\/v2\/pages"}],"about":[{"href":"https:\/\/redfoxlotto.com\/pt-pt\/wp-json\/wp\/v2\/types\/page"}],"author":[{"embeddable":true,"href":"https:\/\/redfoxlotto.com\/pt-pt\/wp-json\/wp\/v2\/users\/1"}],"replies":[{"embeddable":true,"href":"https:\/\/redfoxlotto.com\/pt-pt\/wp-json\/wp\/v2\/comments?post=1024"}],"version-history":[{"count":0,"href":"https:\/\/redfoxlotto.com\/pt-pt\/wp-json\/wp\/v2\/pages\/1024\/revisions"}],"up":[{"embeddable":true,"href":"https:\/\/redfoxlotto.com\/pt-pt\/wp-json\/wp\/v2\/pages\/1021"}],"wp:attachment":[{"href":"https:\/\/redfoxlotto.com\/pt-pt\/wp-json\/wp\/v2\/media?parent=1024"}],"curies":[{"name":"wp","href":"https:\/\/api.w.org\/{rel}","templated":true}]}}