{"id":102355,"date":"2025-02-12T11:20:21","date_gmt":"2025-02-12T11:20:21","guid":{"rendered":"https:\/\/redfoxlotto.com\/?page_id=102355"},"modified":"2026-01-12T10:26:43","modified_gmt":"2026-01-12T10:26:43","slug":"probabilidades-de-ganhar-no-keno","status":"publish","type":"page","link":"https:\/\/redfoxlotto.com\/pt-pt\/keno\/probabilidades-de-ganhar-no-keno\/","title":{"rendered":"N\u00fameros vencedores do Gold Keno"},"content":{"rendered":"<h2>O jackpot de \u20ac 2 milh\u00f5es est\u00e1 \u00e0 sua espera no Gold Keno.<\/h2>\n<p><img loading=\"lazy\" decoding=\"async\" class=\"size-medium wp-image-93652 alignright\" src=\"https:\/\/redfoxlotto.com\/wp-content\/uploads\/2025\/09\/gold-keno-win-2-300x300.jpg\" alt=\"gold keno\" width=\"300\" height=\"300\" \/><br \/>\nO Gold Keno \u00e9 um jogo de lotaria online muito divertido de jogar. Qualquer pessoa que jogar pode ganhar o incr\u00edvel grande pr\u00e9mio de 2 milh\u00f5es de euros. \u00c9 f\u00e1cil perceber por que o Gold Keno \u00e9 t\u00e3o popular: cada sorteio oferece uma chance real de ganhar muito dinheiro que pode mudar a sua vida para melhor. A divers\u00e3o deste jogo deriva do facto de ter sorteios r\u00e1pidos, jogo justo e a chance de ganhar o jackpot de dois milh\u00f5es de euros. Isso \u00e9 verdade quer jogue por divers\u00e3o ou queira ganhar muito dinheiro.<\/p>\n<h2>Um guia para as probabilidades de jogar Gold Keno<\/h2>\n<p>No Gold Keno, 20 n\u00fameros s\u00e3o escolhidos aleatoriamente de um conjunto de oitenta. Os jogadores escolhem os seus pr\u00f3prios n\u00fameros, e o valor do pr\u00e9mio depende de quantas vezes as suas escolhas correspondem ao sorteio. Adicionar um multiplicador aumenta o pagamento poss\u00edvel. Isto significa que os bilhetes que custam mais ganhar\u00e3o pr\u00e9mios maiores.<\/p>\n<p>Quando tem mais op\u00e7\u00f5es, tem mais hip\u00f3teses de obter um pagamento maior, mas quando tem menos op\u00e7\u00f5es, tem mais hip\u00f3teses de obter um pagamento menor. As probabilidades de ganhar no keno baseiam-se neste equil\u00edbrio: mais escolhas significam pr\u00e9mios maiores, mas probabilidades mais dif\u00edceis, enquanto menos escolhas tornam mais simples ganhar. Se utilizar o multiplicador, poder\u00e1 ganhar o grande pr\u00e9mio de dois milh\u00f5es de euros.<\/p>\n<h2>A chave para ganhar mais \u00e9 utilizar multiplicadores.<\/h2>\n<p>Pode ganhar o pr\u00e9mio m\u00e1ximo de 2 milh\u00f5es de euros no Gold Keno gra\u00e7as \u00e0 fun\u00e7\u00e3o multiplicadora. Por exemplo:<\/p>\n<p>Se o multiplicador mais alto estiver definido para 5x, um bilhete com um multiplicador de 1x dar\u00e1 20% do pr\u00e9mio maior. Se os jogadores apostarem com o multiplicador mais alto, podem obter acesso total ao pr\u00e9mio acumulado, que vale mais de 2 milh\u00f5es de euros.<\/p>\n<p>Esta t\u00e9cnica oferece outra forma de os jogadores alterarem as probabilidades de ganhar no keno. D\u00e1 tanto aos jogadores cautelosos como aos que gostam de arriscar uma forma justa de jogar.<\/p>\n<h2>O dinheiro e os dep\u00f3sitos s\u00e3o utilizados para transa\u00e7\u00f5es.<\/h2>\n<p>Tem de colocar dinheiro na sua conta e comprar bilhetes online para jogar Gold Keno. As transa\u00e7\u00f5es s\u00e3o r\u00e1pidas, seguras e simples de compreender, pelo que pode entrar em qualquer sorteio agora mesmo.<\/p>\n<h2>H\u00e1 muitos sorteios do Gold Keno a decorrer<\/h2>\n<p>N\u00e3o precisa de esperar para jogar Gold Keno como acontece com outras lotarias. A cada poucos minutos, h\u00e1 novos sorteios, o que torna a corrida pelo pr\u00e9mio m\u00e1ximo de 2 milh\u00f5es de euros uma aventura divertida e intermin\u00e1vel. Como h\u00e1 tantos sorteios, as probabilidades de ganhar no keno s\u00e3o testadas repetidamente, o que mant\u00e9m o jogo divertido.<\/p>\n<h2>Um gerador de n\u00fameros aleat\u00f3rios (RNG) para um jogo justo<\/h2>\n<p>Para garantir que todos os sorteios do Gold Keno sejam justos, usamos um gerador de n\u00fameros aleat\u00f3rios (RNG) validado. Como cada resultado \u00e9 totalmente aleat\u00f3rio, a chance de ganhar o pr\u00e9mio de \u20ac 2 milh\u00f5es n\u00e3o se baseia em suposi\u00e7\u00f5es, mas na sorte. Isso garante que todos tenham a mesma chance de ganhar no keno.<\/p>\n<h2>Verificar os seus ganhos e lev\u00e1-los consigo<\/h2>\n<p>Os jogadores podem ver os resultados imediatamente na sec\u00e7\u00e3o \u00abOs meus bilhetes\u00bb. Os ganhos menores v\u00e3o instantaneamente para a sua conta e os maiores, que podem chegar a 2500 \u20ac, tamb\u00e9m s\u00e3o transferidos imediatamente. O seguro garante o pr\u00e9mio m\u00e1ximo de 2 milh\u00f5es de euros e outros grandes pr\u00e9mios, e o governo verifica para garantir que eles sejam distribu\u00eddos.<\/p>\n<h2>Todos os vencedores t\u00eam o direito de receber o seu dinheiro de volta<\/h2>\n<p>Ao contr\u00e1rio da maioria das lotarias, o Gold Keno paga independentemente do n\u00famero de bilhetes vendidos. O jogo n\u00e3o \u00e9 apenas seguro, mas tamb\u00e9m lucrativo, porque todos os pr\u00e9mios, incluindo o jackpot da lotaria de 2 milh\u00f5es de euros, s\u00e3o totalmente seguros.<\/p>\n<h2>N\u00e3o h\u00e1 bilhetes em papel, porque tudo \u00e9 feito online.<\/h2>\n<p>N\u00e3o precisar\u00e1 de bilhetes em papel, porque o Gold Keno \u00e9 totalmente digital. Este sistema mant\u00e9m um registo de todas as apostas, para que nada se perca ou seja roubado.<\/p>\n<h2>Considera\u00e7\u00f5es finais: o que diferencia o Gold Keno de outros jogos de Keno<\/h2>\n<p>O Gold Keno continua a ser um dos jogos de lotaria online mais emocionantes, pois tem sorteios a cada poucos minutos, resultados justos do gerador de n\u00fameros aleat\u00f3rios, recompensas garantidas e a chance de ganhar o jackpot de 2 milh\u00f5es de euros. Para as pessoas que est\u00e3o a pensar nas probabilidades de ganhar no keno, este jogo \u00e9 emocionante e tranquilizador, pois cada bilhete pode mudar o rumo do jogo para jogadores com grandes objetivos.<\/p>\n","protected":false},"excerpt":{"rendered":"<p>O jackpot de \u20ac 2 milh\u00f5es est\u00e1 \u00e0 sua espera no Gold Keno. O Gold Keno \u00e9 um jogo de lotaria online muito divertido de jogar. Qualquer pessoa que jogar pode ganhar o incr\u00edvel grande pr\u00e9mio de 2 milh\u00f5es de euros. \u00c9 f\u00e1cil perceber por que o Gold Keno \u00e9 t\u00e3o popular: cada sorteio oferece [&hellip;]<\/p>\n","protected":false},"author":8,"featured_media":0,"parent":84428,"menu_order":42,"comment_status":"closed","ping_status":"closed","template":"","meta":{"_et_pb_use_builder":"","_et_pb_old_content":"","_et_gb_content_width":"","exclude_from_search":false,"footnotes":""},"class_list":["post-102355","page","type-page","status-publish","hentry"],"yoast_head":"<!-- This site is optimized with the Yoast SEO plugin v23.8 - https:\/\/yoast.com\/wordpress\/plugins\/seo\/ -->\n<title>Probabilidades de ganhar no Keno | Os nossos jogos de Keno t\u00eam \u00f3timas probabilidades e pr\u00e9mios<\/title>\n<meta name=\"description\" content=\"Quando jogar Keno online, verifique as probabilidades dos jogos que encontrar. O nosso Gold Keno tem um pr\u00e9mio m\u00e1ximo de 2 milh\u00f5es de euros, combinado com as melhores probabilidades que encontrar\u00e1 online.\" \/>\n<meta name=\"robots\" content=\"index, follow, max-snippet:-1, max-image-preview:large, max-video-preview:-1\" \/>\n<link rel=\"canonical\" href=\"https:\/\/redfoxlotto.com\/pt-pt\/keno\/probabilidades-de-ganhar-no-keno\/\" \/>\n<meta property=\"og:locale\" content=\"pt_PT\" \/>\n<meta property=\"og:type\" content=\"article\" \/>\n<meta property=\"og:title\" content=\"Probabilidades de ganhar no Keno | Os nossos jogos de Keno t\u00eam \u00f3timas probabilidades e pr\u00e9mios\" \/>\n<meta property=\"og:description\" content=\"Quando jogar Keno online, verifique as probabilidades dos jogos que encontrar. O nosso Gold Keno tem um pr\u00e9mio m\u00e1ximo de 2 milh\u00f5es de euros, combinado com as melhores probabilidades que encontrar\u00e1 online.\" \/>\n<meta property=\"og:url\" content=\"https:\/\/redfoxlotto.com\/pt-pt\/keno\/probabilidades-de-ganhar-no-keno\/\" \/>\n<meta property=\"og:site_name\" content=\"Get Tickets for the World\u2019s largest jackpots\" \/>\n<meta property=\"article:modified_time\" content=\"2026-01-12T10:26:43+00:00\" \/>\n<meta property=\"og:image\" content=\"https:\/\/redfoxlotto.com\/wp-content\/uploads\/2025\/09\/gold-keno-win-2-300x300.jpg\" \/>\n<meta name=\"twitter:card\" content=\"summary_large_image\" \/>\n<meta name=\"twitter:label1\" content=\"Tempo estimado de leitura\" \/>\n\t<meta name=\"twitter:data1\" content=\"4 minutos\" \/>\n<script type=\"application\/ld+json\" class=\"yoast-schema-graph\">{\"@context\":\"https:\/\/schema.org\",\"@graph\":[{\"@type\":\"WebPage\",\"@id\":\"https:\/\/redfoxlotto.com\/pt-pt\/keno\/probabilidades-de-ganhar-no-keno\/\",\"url\":\"https:\/\/redfoxlotto.com\/pt-pt\/keno\/probabilidades-de-ganhar-no-keno\/\",\"name\":\"Probabilidades de ganhar no Keno | Os nossos jogos de Keno t\u00eam \u00f3timas probabilidades e pr\u00e9mios\",\"isPartOf\":{\"@id\":\"https:\/\/redfoxlotto.com\/pt-pt\/#website\"},\"primaryImageOfPage\":{\"@id\":\"https:\/\/redfoxlotto.com\/pt-pt\/keno\/probabilidades-de-ganhar-no-keno\/#primaryimage\"},\"image\":{\"@id\":\"https:\/\/redfoxlotto.com\/pt-pt\/keno\/probabilidades-de-ganhar-no-keno\/#primaryimage\"},\"thumbnailUrl\":\"https:\/\/redfoxlotto.com\/wp-content\/uploads\/2025\/09\/gold-keno-win-2-300x300.jpg\",\"datePublished\":\"2025-02-12T11:20:21+00:00\",\"dateModified\":\"2026-01-12T10:26:43+00:00\",\"description\":\"Quando jogar Keno online, verifique as probabilidades dos jogos que encontrar. O nosso Gold Keno tem um pr\u00e9mio m\u00e1ximo de 2 milh\u00f5es de euros, combinado com as melhores probabilidades que encontrar\u00e1 online.\",\"breadcrumb\":{\"@id\":\"https:\/\/redfoxlotto.com\/pt-pt\/keno\/probabilidades-de-ganhar-no-keno\/#breadcrumb\"},\"inLanguage\":\"pt-PT\",\"potentialAction\":[{\"@type\":\"ReadAction\",\"target\":[\"https:\/\/redfoxlotto.com\/pt-pt\/keno\/probabilidades-de-ganhar-no-keno\/\"]}]},{\"@type\":\"ImageObject\",\"inLanguage\":\"pt-PT\",\"@id\":\"https:\/\/redfoxlotto.com\/pt-pt\/keno\/probabilidades-de-ganhar-no-keno\/#primaryimage\",\"url\":\"https:\/\/redfoxlotto.com\/wp-content\/uploads\/2025\/09\/gold-keno-win-2-300x300.jpg\",\"contentUrl\":\"https:\/\/redfoxlotto.com\/wp-content\/uploads\/2025\/09\/gold-keno-win-2-300x300.jpg\"},{\"@type\":\"BreadcrumbList\",\"@id\":\"https:\/\/redfoxlotto.com\/pt-pt\/keno\/probabilidades-de-ganhar-no-keno\/#breadcrumb\",\"itemListElement\":[{\"@type\":\"ListItem\",\"position\":1,\"name\":\"Home\",\"item\":\"https:\/\/redfoxlotto.com\/pt-pt\/\"},{\"@type\":\"ListItem\",\"position\":2,\"name\":\"Keno\",\"item\":\"https:\/\/redfoxlotto.com\/pt-pt\/keno\/\"},{\"@type\":\"ListItem\",\"position\":3,\"name\":\"N\u00fameros vencedores do Gold Keno\"}]},{\"@type\":\"WebSite\",\"@id\":\"https:\/\/redfoxlotto.com\/pt-pt\/#website\",\"url\":\"https:\/\/redfoxlotto.com\/pt-pt\/\",\"name\":\"Get Tickets for the World\u2019s largest jackpots\",\"description\":\"Participate in worldwide lottery jackpots from any country\",\"publisher\":{\"@id\":\"https:\/\/redfoxlotto.com\/pt-pt\/#organization\"},\"potentialAction\":[{\"@type\":\"SearchAction\",\"target\":{\"@type\":\"EntryPoint\",\"urlTemplate\":\"https:\/\/redfoxlotto.com\/pt-pt\/?s={search_term_string}\"},\"query-input\":{\"@type\":\"PropertyValueSpecification\",\"valueRequired\":true,\"valueName\":\"search_term_string\"}}],\"inLanguage\":\"pt-PT\"},{\"@type\":\"Organization\",\"@id\":\"https:\/\/redfoxlotto.com\/pt-pt\/#organization\",\"name\":\"Get Tickets for the World\u2019s largest jackpots\",\"url\":\"https:\/\/redfoxlotto.com\/pt-pt\/\",\"logo\":{\"@type\":\"ImageObject\",\"inLanguage\":\"pt-PT\",\"@id\":\"https:\/\/redfoxlotto.com\/pt-pt\/#\/schema\/logo\/image\/\",\"url\":\"https:\/\/redfoxlotto.com\/wp-content\/uploads\/2023\/04\/logo.png\",\"contentUrl\":\"https:\/\/redfoxlotto.com\/wp-content\/uploads\/2023\/04\/logo.png\",\"width\":269,\"height\":53,\"caption\":\"Get Tickets for the World\u2019s largest jackpots\"},\"image\":{\"@id\":\"https:\/\/redfoxlotto.com\/pt-pt\/#\/schema\/logo\/image\/\"}}]}<\/script>\n<!-- \/ Yoast SEO plugin. -->","yoast_head_json":{"title":"Probabilidades de ganhar no Keno | Os nossos jogos de Keno t\u00eam \u00f3timas probabilidades e pr\u00e9mios","description":"Quando jogar Keno online, verifique as probabilidades dos jogos que encontrar. O nosso Gold Keno tem um pr\u00e9mio m\u00e1ximo de 2 milh\u00f5es de euros, combinado com as melhores probabilidades que encontrar\u00e1 online.","robots":{"index":"index","follow":"follow","max-snippet":"max-snippet:-1","max-image-preview":"max-image-preview:large","max-video-preview":"max-video-preview:-1"},"canonical":"https:\/\/redfoxlotto.com\/pt-pt\/keno\/probabilidades-de-ganhar-no-keno\/","og_locale":"pt_PT","og_type":"article","og_title":"Probabilidades de ganhar no Keno | Os nossos jogos de Keno t\u00eam \u00f3timas probabilidades e pr\u00e9mios","og_description":"Quando jogar Keno online, verifique as probabilidades dos jogos que encontrar. O nosso Gold Keno tem um pr\u00e9mio m\u00e1ximo de 2 milh\u00f5es de euros, combinado com as melhores probabilidades que encontrar\u00e1 online.","og_url":"https:\/\/redfoxlotto.com\/pt-pt\/keno\/probabilidades-de-ganhar-no-keno\/","og_site_name":"Get Tickets for the World\u2019s largest jackpots","article_modified_time":"2026-01-12T10:26:43+00:00","og_image":[{"url":"https:\/\/redfoxlotto.com\/wp-content\/uploads\/2025\/09\/gold-keno-win-2-300x300.jpg"}],"twitter_card":"summary_large_image","twitter_misc":{"Tempo estimado de leitura":"4 minutos"},"schema":{"@context":"https:\/\/schema.org","@graph":[{"@type":"WebPage","@id":"https:\/\/redfoxlotto.com\/pt-pt\/keno\/probabilidades-de-ganhar-no-keno\/","url":"https:\/\/redfoxlotto.com\/pt-pt\/keno\/probabilidades-de-ganhar-no-keno\/","name":"Probabilidades de ganhar no Keno | Os nossos jogos de Keno t\u00eam \u00f3timas probabilidades e pr\u00e9mios","isPartOf":{"@id":"https:\/\/redfoxlotto.com\/pt-pt\/#website"},"primaryImageOfPage":{"@id":"https:\/\/redfoxlotto.com\/pt-pt\/keno\/probabilidades-de-ganhar-no-keno\/#primaryimage"},"image":{"@id":"https:\/\/redfoxlotto.com\/pt-pt\/keno\/probabilidades-de-ganhar-no-keno\/#primaryimage"},"thumbnailUrl":"https:\/\/redfoxlotto.com\/wp-content\/uploads\/2025\/09\/gold-keno-win-2-300x300.jpg","datePublished":"2025-02-12T11:20:21+00:00","dateModified":"2026-01-12T10:26:43+00:00","description":"Quando jogar Keno online, verifique as probabilidades dos jogos que encontrar. O nosso Gold Keno tem um pr\u00e9mio m\u00e1ximo de 2 milh\u00f5es de euros, combinado com as melhores probabilidades que encontrar\u00e1 online.","breadcrumb":{"@id":"https:\/\/redfoxlotto.com\/pt-pt\/keno\/probabilidades-de-ganhar-no-keno\/#breadcrumb"},"inLanguage":"pt-PT","potentialAction":[{"@type":"ReadAction","target":["https:\/\/redfoxlotto.com\/pt-pt\/keno\/probabilidades-de-ganhar-no-keno\/"]}]},{"@type":"ImageObject","inLanguage":"pt-PT","@id":"https:\/\/redfoxlotto.com\/pt-pt\/keno\/probabilidades-de-ganhar-no-keno\/#primaryimage","url":"https:\/\/redfoxlotto.com\/wp-content\/uploads\/2025\/09\/gold-keno-win-2-300x300.jpg","contentUrl":"https:\/\/redfoxlotto.com\/wp-content\/uploads\/2025\/09\/gold-keno-win-2-300x300.jpg"},{"@type":"BreadcrumbList","@id":"https:\/\/redfoxlotto.com\/pt-pt\/keno\/probabilidades-de-ganhar-no-keno\/#breadcrumb","itemListElement":[{"@type":"ListItem","position":1,"name":"Home","item":"https:\/\/redfoxlotto.com\/pt-pt\/"},{"@type":"ListItem","position":2,"name":"Keno","item":"https:\/\/redfoxlotto.com\/pt-pt\/keno\/"},{"@type":"ListItem","position":3,"name":"N\u00fameros vencedores do Gold Keno"}]},{"@type":"WebSite","@id":"https:\/\/redfoxlotto.com\/pt-pt\/#website","url":"https:\/\/redfoxlotto.com\/pt-pt\/","name":"Get Tickets for the World\u2019s largest jackpots","description":"Participate in worldwide lottery jackpots from any country","publisher":{"@id":"https:\/\/redfoxlotto.com\/pt-pt\/#organization"},"potentialAction":[{"@type":"SearchAction","target":{"@type":"EntryPoint","urlTemplate":"https:\/\/redfoxlotto.com\/pt-pt\/?s={search_term_string}"},"query-input":{"@type":"PropertyValueSpecification","valueRequired":true,"valueName":"search_term_string"}}],"inLanguage":"pt-PT"},{"@type":"Organization","@id":"https:\/\/redfoxlotto.com\/pt-pt\/#organization","name":"Get Tickets for the World\u2019s largest jackpots","url":"https:\/\/redfoxlotto.com\/pt-pt\/","logo":{"@type":"ImageObject","inLanguage":"pt-PT","@id":"https:\/\/redfoxlotto.com\/pt-pt\/#\/schema\/logo\/image\/","url":"https:\/\/redfoxlotto.com\/wp-content\/uploads\/2023\/04\/logo.png","contentUrl":"https:\/\/redfoxlotto.com\/wp-content\/uploads\/2023\/04\/logo.png","width":269,"height":53,"caption":"Get Tickets for the World\u2019s largest jackpots"},"image":{"@id":"https:\/\/redfoxlotto.com\/pt-pt\/#\/schema\/logo\/image\/"}}]}},"_links":{"self":[{"href":"https:\/\/redfoxlotto.com\/pt-pt\/wp-json\/wp\/v2\/pages\/102355","targetHints":{"allow":["GET"]}}],"collection":[{"href":"https:\/\/redfoxlotto.com\/pt-pt\/wp-json\/wp\/v2\/pages"}],"about":[{"href":"https:\/\/redfoxlotto.com\/pt-pt\/wp-json\/wp\/v2\/types\/page"}],"author":[{"embeddable":true,"href":"https:\/\/redfoxlotto.com\/pt-pt\/wp-json\/wp\/v2\/users\/8"}],"replies":[{"embeddable":true,"href":"https:\/\/redfoxlotto.com\/pt-pt\/wp-json\/wp\/v2\/comments?post=102355"}],"version-history":[{"count":0,"href":"https:\/\/redfoxlotto.com\/pt-pt\/wp-json\/wp\/v2\/pages\/102355\/revisions"}],"up":[{"embeddable":true,"href":"https:\/\/redfoxlotto.com\/pt-pt\/wp-json\/wp\/v2\/pages\/84428"}],"wp:attachment":[{"href":"https:\/\/redfoxlotto.com\/pt-pt\/wp-json\/wp\/v2\/media?parent=102355"}],"curies":[{"name":"wp","href":"https:\/\/api.w.org\/{rel}","templated":true}]}}