{"id":1023,"date":"2022-10-26T09:30:02","date_gmt":"2022-10-26T09:30:02","guid":{"rendered":"https:\/\/redfoxlotto.com\/?page_id=2049"},"modified":"2025-12-17T08:09:13","modified_gmt":"2025-12-17T08:09:13","slug":"euromillions","status":"publish","type":"page","link":"https:\/\/redfoxlotto.com\/pt-pt\/jogar\/euromillions\/","title":{"rendered":"Jogue no Euromilh\u00f5es"},"content":{"rendered":"<p><script type=\"application\/ld+json\">\n{\n  \"@context\": \"https:\/\/schema.org\",\n  \"@type\": \"Service\",\n  \"name\": \"Jogue Euromillions Online\",\n  \"url\": \"https:\/\/redfoxlotto.com\/pt-pt\/jogar\/euromillions\/\",\n  \"description\": \"Jogue a lotaria Euromillions online de qualquer pa\u00eds. Visite o RedFoxLotto, escolha os seus n\u00fameros e obtenha os seus bilhetes.\",\n  \"serviceType\": \"Online lottery ticket messenger service\",\n  \"provider\": {\n    \"@type\": \"Organization\",\n    \"name\": \"RedFoxLotto\",\n    \"url\": \"https:\/\/redfoxlotto.com\/pt-pt\/\",\n    \"image\": \"https:\/\/redfoxlotto.com\/wp-content\/uploads\/2025\/12\/ticket_scans.jpg\",\n    \"sameAs\": []\n  },\n  \"areaServed\": \"Worldwide\",\n  \"termsOfService\": \"https:\/\/redfoxlotto.com\/terms-and-conditions\",\n  \"additionalProperty\": {\n    \"@type\": \"PropertyValue\",\n    \"name\": \"FAQ\",\n    \"value\": \"https:\/\/redfoxlotto.com\/pt-pt\/faq\/\"\n  },\n  \"hasOfferCatalog\": {\n    \"@type\": \"OfferCatalog\",\n    \"name\": \"Bilhetes Euromillions\",\n    \"itemListElement\": [\n      {\n        \"@type\": \"Offer\",\n        \"name\": \"Bilhetes Euromillions\",\n        \"url\": \"https:\/\/redfoxlotto.com\/pt-pt\/jogar\/euromillions\/\",\n        \"description\": \"Clique aqui para selecionar os seus n\u00fameros para o pr\u00f3ximo sorteio Euromillions \u2013 encomende os bilhetes online.\",\n        \"price\": \"7.00\",\n        \"priceCurrency\": \"EUR\",\n        \"availability\": \"https:\/\/schema.org\/InStock\",\n        \"itemOffered\": {\n          \"@type\": \"Service\",\n          \"name\": \"Bilhetes Euromillions\",\n          \"description\": \"Jogue no pr\u00f3ximo sorteio Euromillions atrav\u00e9s do RedFoxLotto.\"\n        }\n      }\n    ]\n  },\n  \"mainEntityOfPage\": {\n    \"@type\": \"WebPage\",\n    \"@id\": \"https:\/\/redfoxlotto.com\/pt-pt\/jogar\/euromillions\/\"\n  }\n}\n<\/script><\/p>\n<p>J\u00e1 ouviu falar do Euromilh\u00f5es? Se se vive num pa\u00eds europeu, ent\u00e3o definitivamente. Mas se se vive noutro pa\u00eds do mundo, ent\u00e3o talvez n\u00e3o. Portanto, vamos analisar um pouco mais de perto a <strong>forma de jogar o EuroMilh\u00f5es online do Brasil<\/strong>, est\u00e1 bem?<!--more--><\/p>\n<p>O EuroMilh\u00f5es \u00e9 uma <a href=\"https:\/\/redfoxlotto.com\/pt\/lotarias\/\">lotaria internacional<\/a> que pode ser jogada em nove pa\u00edses europeus. Isto significa que j\u00e1 pode viver num pa\u00eds onde pode comprar um bilhete de lotaria. No entanto, os bilhetes de lotaria para a lotaria EuroMillions n\u00e3o podem ser comprados em lojas em Brasil, nem em pa\u00edses n\u00e3o europeus.<\/p>\n<p>Vai certamente querer fazer algo a esse respeito, porque, ao lado do eurojackpot , o Euromilh\u00f5es \u00e9 a maior lotaria da Europa. A lotaria foi fundada em 2004 e at\u00e9 agora o jackpot recorde \u00e9 de 190 milh\u00f5es de euros. Foi ganho em Outubro de 2014 por um jogador \u00fanico e desconhecido. Isso \u00e9 definitivamente algo em que, pelo menos, queres uma oportunidade, certo?<\/p>\n<p><img decoding=\"async\" class=\"size-full wp-image alignright\" src=\"https:\/\/content.redfoxlotto.com\/uploads\/sites\/9\/2_ticket_euromillions.jpg\" alt=\"euromilh\u00f5es online\" \/>Quer poder dizer que quase ganhou o Euromilh\u00f5es? \u00c9 por isso que vai precisar de saber mais sobre os seus bilhetes.<\/p>\n<p>Os sorteios da lotaria EuroMillions t\u00eam lugar em Paris, \u00e0s ter\u00e7as e sextas-feiras. Para ganhar o jackpot, um bilhete deve exibir correctamente 5 n\u00fameros de 1 a 50 e a &#8220;estrela da sorte&#8221;, um n\u00famero entre 1 e 12. \u00c9 claro que existem outros n\u00edveis de vit\u00f3ria. Para obter a menor vit\u00f3ria, voc\u00ea deve ter 2 dos 5 n\u00fameros principais corretamente assinalados.<\/p>\n<p>Tudo isto significa que voc\u00ea tem realmente uma boa chance de ganhar algo, porque voc\u00ea s\u00f3 precisa marcar 2 n\u00fameros corretamente para ganhar um pr\u00eamio. E se ganhar um pr\u00e9mio ainda mais pequeno, ter\u00e1 o dinheiro necess\u00e1rio para comprar um novo bilhete e tentar novamente no pr\u00f3ximo sorteio.<\/p>\n<h2>Como funciona a compra online de bilhetes para o EuroMilh\u00f5es a partir de Brasil?<\/h2>\n<p>Para comprar os seus bilhetes e jogar online no EuroMillions, basta clicar em EuroMillions no nosso website. A partir da\u00ed, voc\u00ea ser\u00e1 guiado directamente atrav\u00e9s dos passos que precisa de dar para obter muito. Voc\u00ea escolhe os seus n\u00fameros &#8211; qualquer n\u00famero que voc\u00ea quiser (desde que eles sigam as regras).<\/p>\n<p>H\u00e1 tamb\u00e9m uma fun\u00e7\u00e3o de &#8220;selec\u00e7\u00e3o r\u00e1pida&#8221; dispon\u00edvel. Com um clique do mouse voc\u00ea pode ter seus n\u00fameros determinados por um gerador de n\u00fameros aleat\u00f3rios. Se desejar, pode ainda alterar os n\u00fameros que escolheu manualmente, de modo a obter uma combina\u00e7\u00e3o de n\u00fameros escolhidos por si e de n\u00fameros escolhidos aleatoriamente para si. Depois adicione quantos lotes quiser ao seu carrinho de compras para que esteja pronto a comprar.<\/p>\n<p>Se desejar, pode adicionar mais bilhetes para outras lotarias ao seu pedido. Muitos dos nossos clientes jogam em v\u00e1rias lotarias internacionais ao mesmo tempo. A maioria das pessoas escolhe as suas lotarias com base no tamanho actual do jackpot, e \u00e9 provavelmente a\u00ed que encontrar\u00e1 o EuroMilh\u00f5es. O jackpot costuma correr muito bem e \u00e9 um jackpot que deve ver (e participar) com os seus pr\u00f3prios olhos.<\/p>\n<p>Depois siga as instru\u00e7\u00f5es no nosso site para completar a compra e pagar online. Pode ter o seu bilhete em apenas alguns minutos. Mesmo que ainda n\u00e3o tenha uma conta connosco. N\u00f3s facilitamos-lhe imenso a tarefa de come\u00e7ar. E quando a sua conta \u00e9 criada, comprar mais lotes \u00e9 ainda mais r\u00e1pido.<\/p>\n<h2>Vantagens de jogar em lotarias internacionais online<\/h2>\n<p>Para al\u00e9m da conveni\u00eancia, uma das maiores vantagens de jogar nos jackpots da lotaria internacional \u00e9 a seguinte: Pode utilizar o seu dinheiro da lotaria de forma mais rent\u00e1vel apenas comprando bilhetes para aquelas lotarias cujos jackpots s\u00e3o actualmente suficientemente altos. N\u00e3o espere mais semanas para que o jackpot da lotaria nacional do seu pa\u00eds seja suficientemente alto. Basicamente pode escolher um jackpot muito maior online em qualquer altura. De facto, na maioria dos pa\u00edses do mundo, as \u00fanicas lotarias que nunca chegam aos jackpots s\u00e3o aquelas que t\u00eam at\u00e9 <strong>uma frac\u00e7\u00e3o do que as maiores lotarias mundiais<\/strong> podem oferecer.<\/p>\n<p>Para aqueles que querem realmente ter uma oportunidade de ganhar alguns dos maiores pr\u00e9mios, isto \u00e9 definitivamente o ideal. Querem ter uma hip\u00f3tese de muitos milh\u00f5es e n\u00e3o apenas algumas das pequenas quantias com que muitas lotarias come\u00e7am. Claro, \u00e9 bom ganhar. Mas ser\u00e1 ainda mais agrad\u00e1vel ganhar quando conseguir algo que realmente mude a sua vida, em vez de ganhar algo que simplesmente lhe permita comprar o pr\u00f3ximo bilhete que deseja.<\/p>\n<h2>Maiores jackpots do que em Brasil<\/h2>\n<p><img loading=\"lazy\" decoding=\"async\" class=\" wp-image alignright\" src=\"https:\/\/content.redfoxlotto.com\/uploads\/sites\/9\/1_play_onlinelottery4.jpg\" alt=\"jogar online\" width=\"238\" height=\"159\" \/>Os jackpots da lotaria que se podem jogar em Brasil s\u00e3o, infelizmente, muitas vezes apenas muito atractivos algumas vezes por ano. Connosco, no entanto, encontrar\u00e1 sempre um jackpot que vale a pena!<\/p>\n<p>Devido ao facto de haver dois sorteios semanais, o jackpot EuroMilh\u00f5es est\u00e1 a crescer bastante rapidamente. Por este motivo, pode querer considerar a possibilidade de activar a op\u00e7\u00e3o de ter os seus bilhetes a participar em v\u00e1rios sorteios consecutivos. Isto pode ser feito durante o processo da sua compra online.<\/p>\n<p>A op\u00e7\u00e3o est\u00e1 dispon\u00edvel antes da encomenda estar conclu\u00edda. Desta forma, estar\u00e1 sempre em jogo para o pr\u00f3ximo jackpot mais elevado no sorteio seguinte. No pr\u00f3ximo sorteio, pode n\u00e3o haver vencedor para o grande pr\u00e9mio, mas talvez o sorteio seguinte seja o seu sortudo.<\/p>\n<p>Os jogadores pagam um pouco mais porque os bilhetes do EuroMilh\u00f5es s\u00e3o comprados no Reino Unido. Isto deve-se ao facto de os bilhetes do Reino Unido terem uma entrada autom\u00e1tica no sorteio do Millionaire Maker, que oferece uma oportunidade extra de ganhar um pr\u00e9mio de 1 milh\u00e3o de libras.<\/p>\n<p>O Millionaire Maker funciona gerando um c\u00f3digo \u00fanico para cada bilhete comprado. Este c\u00f3digo \u00e9 composto por quatro letras seguidas de cinco n\u00fameros (por exemplo, ABCD12345). Em cada sorteio, um ou mais destes c\u00f3digos s\u00e3o selecionados aleatoriamente, e o portador do bilhete com o c\u00f3digo correspondente ganha instantaneamente \u20ac1 milh\u00e3o, independentemente dos n\u00fameros principais do EuroMilh\u00f5es sorteados.<\/p>\n<p>Esta carater\u00edstica torna o jogo do Euromilh\u00f5es no Reino Unido particularmente atrativo, pois oferece uma oportunidade extra de ganhar um pr\u00e9mio significativo para al\u00e9m do jackpot normal e dos pr\u00e9mios de n\u00edvel inferior.<\/p>\n<p>Comprar sorteios adicionais para um \u00fanico bilhete tamb\u00e9m significa que n\u00e3o tem de se preocupar em perder o pr\u00f3ximo sorteio. Pode simplesmente esperar e ver o que faz o seu bilhete de lotaria actual e ver como lhe trar\u00e1 uma grande vit\u00f3ria. \u00c9 super f\u00e1cil e voc\u00ea ficar\u00e1 mais do que feliz quando vir o poss\u00edvel pagamento. <strong>H\u00e1 tamb\u00e9m um desconto se voc\u00ea deixar um bilhete participar por v\u00e1rias semanas.<\/strong><\/p>\n<p>Ent\u00e3o, se o jackpot da lotaria em Brasil n\u00e3o \u00e9 t\u00e3o atractivo neste momento, porque n\u00e3o tentar a sua sorte e jogar no EuroMilh\u00f5es online? Nunca se sabe o que se pode ganhar. E todo o processo \u00e9 super f\u00e1cil de come\u00e7ar. O que se tem a perder quando se tenta uma nova lotaria com jackpots de mais de 100 milh\u00f5es? Absolutamente nada! <strong>E no pr\u00f3ximo sorteio poder\u00e1 ganhar uma enorme quantia de dinheiro.<\/strong><\/p>\n","protected":false},"excerpt":{"rendered":"<p>J\u00e1 ouviu falar do Euromilh\u00f5es? Se se vive num pa\u00eds europeu, ent\u00e3o definitivamente. Mas se se vive noutro pa\u00eds do mundo, ent\u00e3o talvez n\u00e3o. Portanto, vamos analisar um pouco mais de perto a forma de jogar o EuroMilh\u00f5es online do Brasil, est\u00e1 bem?<\/p>\n","protected":false},"author":1,"featured_media":0,"parent":1021,"menu_order":3,"comment_status":"closed","ping_status":"closed","template":"euromillions.php","meta":{"_et_pb_use_builder":"","_et_pb_old_content":"","_et_gb_content_width":"","exclude_from_search":false,"footnotes":""},"class_list":["post-1023","page","type-page","status-publish","hentry"],"yoast_head":"<!-- This site is optimized with the Yoast SEO plugin v27.3 - https:\/\/yoast.com\/product\/yoast-seo-wordpress\/ -->\n<title>Jogue a lotaria Euromilh\u00f5es online - tamb\u00e9m em Brasil<\/title>\n<meta name=\"description\" content=\"Agora j\u00e1 \u00e9 poss\u00edvel jogar online no Euromilh\u00f5es a partir de Brasil - conhe\u00e7a os nossos servi\u00e7os\" \/>\n<meta name=\"robots\" content=\"index, follow, max-snippet:-1, max-image-preview:large, max-video-preview:-1\" \/>\n<link rel=\"canonical\" href=\"https:\/\/redfoxlotto.com\/pt-pt\/jogar\/euromillions\/\" \/>\n<meta property=\"og:locale\" content=\"pt_PT\" \/>\n<meta property=\"og:type\" content=\"article\" \/>\n<meta property=\"og:title\" content=\"Jogue a lotaria Euromilh\u00f5es online - tamb\u00e9m em Brasil\" \/>\n<meta property=\"og:description\" content=\"Agora j\u00e1 \u00e9 poss\u00edvel jogar online no Euromilh\u00f5es a partir de Brasil - conhe\u00e7a os nossos servi\u00e7os\" \/>\n<meta property=\"og:url\" content=\"https:\/\/redfoxlotto.com\/pt-pt\/jogar\/euromillions\/\" \/>\n<meta property=\"og:site_name\" content=\"Get Tickets for the World\u2019s largest jackpots\" \/>\n<meta property=\"article:modified_time\" content=\"2025-12-17T08:09:13+00:00\" \/>\n<meta property=\"og:image\" content=\"https:\/\/content.redfoxlotto.com\/uploads\/sites\/9\/2_ticket_euromillions.jpg\" \/>\n<meta name=\"twitter:card\" content=\"summary_large_image\" \/>\n<meta name=\"twitter:label1\" content=\"Tempo estimado de leitura\" \/>\n\t<meta name=\"twitter:data1\" content=\"6 minutos\" \/>\n<script type=\"application\/ld+json\" class=\"yoast-schema-graph\">{\"@context\":\"https:\\\/\\\/schema.org\",\"@graph\":[{\"@type\":\"WebPage\",\"@id\":\"https:\\\/\\\/redfoxlotto.com\\\/pt-pt\\\/jogar\\\/euromillions\\\/\",\"url\":\"https:\\\/\\\/redfoxlotto.com\\\/pt-pt\\\/jogar\\\/euromillions\\\/\",\"name\":\"Jogue a lotaria Euromilh\u00f5es online - tamb\u00e9m em Brasil\",\"isPartOf\":{\"@id\":\"https:\\\/\\\/redfoxlotto.com\\\/pt-pt\\\/#website\"},\"primaryImageOfPage\":{\"@id\":\"https:\\\/\\\/redfoxlotto.com\\\/pt-pt\\\/jogar\\\/euromillions\\\/#primaryimage\"},\"image\":{\"@id\":\"https:\\\/\\\/redfoxlotto.com\\\/pt-pt\\\/jogar\\\/euromillions\\\/#primaryimage\"},\"thumbnailUrl\":\"https:\\\/\\\/content.redfoxlotto.com\\\/uploads\\\/sites\\\/9\\\/2_ticket_euromillions.jpg\",\"datePublished\":\"2022-10-26T09:30:02+00:00\",\"dateModified\":\"2025-12-17T08:09:13+00:00\",\"description\":\"Agora j\u00e1 \u00e9 poss\u00edvel jogar online no Euromilh\u00f5es a partir de Brasil - conhe\u00e7a os nossos servi\u00e7os\",\"breadcrumb\":{\"@id\":\"https:\\\/\\\/redfoxlotto.com\\\/pt-pt\\\/jogar\\\/euromillions\\\/#breadcrumb\"},\"inLanguage\":\"pt-PT\",\"potentialAction\":[{\"@type\":\"ReadAction\",\"target\":[\"https:\\\/\\\/redfoxlotto.com\\\/pt-pt\\\/jogar\\\/euromillions\\\/\"]}]},{\"@type\":\"ImageObject\",\"inLanguage\":\"pt-PT\",\"@id\":\"https:\\\/\\\/redfoxlotto.com\\\/pt-pt\\\/jogar\\\/euromillions\\\/#primaryimage\",\"url\":\"https:\\\/\\\/content.redfoxlotto.com\\\/uploads\\\/sites\\\/9\\\/2_ticket_euromillions.jpg\",\"contentUrl\":\"https:\\\/\\\/content.redfoxlotto.com\\\/uploads\\\/sites\\\/9\\\/2_ticket_euromillions.jpg\"},{\"@type\":\"BreadcrumbList\",\"@id\":\"https:\\\/\\\/redfoxlotto.com\\\/pt-pt\\\/jogar\\\/euromillions\\\/#breadcrumb\",\"itemListElement\":[{\"@type\":\"ListItem\",\"position\":1,\"name\":\"Home\",\"item\":\"https:\\\/\\\/redfoxlotto.com\\\/pt-pt\\\/\"},{\"@type\":\"ListItem\",\"position\":2,\"name\":\"Compre bilhetes de lotaria online\",\"item\":\"https:\\\/\\\/redfoxlotto.com\\\/pt-pt\\\/jogar\\\/\"},{\"@type\":\"ListItem\",\"position\":3,\"name\":\"Jogue no Euromilh\u00f5es\"}]},{\"@type\":\"WebSite\",\"@id\":\"https:\\\/\\\/redfoxlotto.com\\\/pt-pt\\\/#website\",\"url\":\"https:\\\/\\\/redfoxlotto.com\\\/pt-pt\\\/\",\"name\":\"Get Tickets for the World\u2019s largest jackpots\",\"description\":\"Participate in worldwide lottery jackpots from any country\",\"publisher\":{\"@id\":\"https:\\\/\\\/redfoxlotto.com\\\/pt-pt\\\/#organization\"},\"potentialAction\":[{\"@type\":\"SearchAction\",\"target\":{\"@type\":\"EntryPoint\",\"urlTemplate\":\"https:\\\/\\\/redfoxlotto.com\\\/pt-pt\\\/?s={search_term_string}\"},\"query-input\":{\"@type\":\"PropertyValueSpecification\",\"valueRequired\":true,\"valueName\":\"search_term_string\"}}],\"inLanguage\":\"pt-PT\"},{\"@type\":\"Organization\",\"@id\":\"https:\\\/\\\/redfoxlotto.com\\\/pt-pt\\\/#organization\",\"name\":\"Get Tickets for the World\u2019s largest jackpots\",\"url\":\"https:\\\/\\\/redfoxlotto.com\\\/pt-pt\\\/\",\"logo\":{\"@type\":\"ImageObject\",\"inLanguage\":\"pt-PT\",\"@id\":\"https:\\\/\\\/redfoxlotto.com\\\/pt-pt\\\/#\\\/schema\\\/logo\\\/image\\\/\",\"url\":\"https:\\\/\\\/redfoxlotto.com\\\/wp-content\\\/uploads\\\/2023\\\/04\\\/logo.png\",\"contentUrl\":\"https:\\\/\\\/redfoxlotto.com\\\/wp-content\\\/uploads\\\/2023\\\/04\\\/logo.png\",\"width\":269,\"height\":53,\"caption\":\"Get Tickets for the World\u2019s largest jackpots\"},\"image\":{\"@id\":\"https:\\\/\\\/redfoxlotto.com\\\/pt-pt\\\/#\\\/schema\\\/logo\\\/image\\\/\"}}]}<\/script>\n<!-- \/ Yoast SEO plugin. -->","yoast_head_json":{"title":"Jogue a lotaria Euromilh\u00f5es online - tamb\u00e9m em Brasil","description":"Agora j\u00e1 \u00e9 poss\u00edvel jogar online no Euromilh\u00f5es a partir de Brasil - conhe\u00e7a os nossos servi\u00e7os","robots":{"index":"index","follow":"follow","max-snippet":"max-snippet:-1","max-image-preview":"max-image-preview:large","max-video-preview":"max-video-preview:-1"},"canonical":"https:\/\/redfoxlotto.com\/pt-pt\/jogar\/euromillions\/","og_locale":"pt_PT","og_type":"article","og_title":"Jogue a lotaria Euromilh\u00f5es online - tamb\u00e9m em Brasil","og_description":"Agora j\u00e1 \u00e9 poss\u00edvel jogar online no Euromilh\u00f5es a partir de Brasil - conhe\u00e7a os nossos servi\u00e7os","og_url":"https:\/\/redfoxlotto.com\/pt-pt\/jogar\/euromillions\/","og_site_name":"Get Tickets for the World\u2019s largest jackpots","article_modified_time":"2025-12-17T08:09:13+00:00","og_image":[{"url":"https:\/\/content.redfoxlotto.com\/uploads\/sites\/9\/2_ticket_euromillions.jpg","type":"","width":"","height":""}],"twitter_card":"summary_large_image","twitter_misc":{"Tempo estimado de leitura":"6 minutos"},"schema":{"@context":"https:\/\/schema.org","@graph":[{"@type":"WebPage","@id":"https:\/\/redfoxlotto.com\/pt-pt\/jogar\/euromillions\/","url":"https:\/\/redfoxlotto.com\/pt-pt\/jogar\/euromillions\/","name":"Jogue a lotaria Euromilh\u00f5es online - tamb\u00e9m em Brasil","isPartOf":{"@id":"https:\/\/redfoxlotto.com\/pt-pt\/#website"},"primaryImageOfPage":{"@id":"https:\/\/redfoxlotto.com\/pt-pt\/jogar\/euromillions\/#primaryimage"},"image":{"@id":"https:\/\/redfoxlotto.com\/pt-pt\/jogar\/euromillions\/#primaryimage"},"thumbnailUrl":"https:\/\/content.redfoxlotto.com\/uploads\/sites\/9\/2_ticket_euromillions.jpg","datePublished":"2022-10-26T09:30:02+00:00","dateModified":"2025-12-17T08:09:13+00:00","description":"Agora j\u00e1 \u00e9 poss\u00edvel jogar online no Euromilh\u00f5es a partir de Brasil - conhe\u00e7a os nossos servi\u00e7os","breadcrumb":{"@id":"https:\/\/redfoxlotto.com\/pt-pt\/jogar\/euromillions\/#breadcrumb"},"inLanguage":"pt-PT","potentialAction":[{"@type":"ReadAction","target":["https:\/\/redfoxlotto.com\/pt-pt\/jogar\/euromillions\/"]}]},{"@type":"ImageObject","inLanguage":"pt-PT","@id":"https:\/\/redfoxlotto.com\/pt-pt\/jogar\/euromillions\/#primaryimage","url":"https:\/\/content.redfoxlotto.com\/uploads\/sites\/9\/2_ticket_euromillions.jpg","contentUrl":"https:\/\/content.redfoxlotto.com\/uploads\/sites\/9\/2_ticket_euromillions.jpg"},{"@type":"BreadcrumbList","@id":"https:\/\/redfoxlotto.com\/pt-pt\/jogar\/euromillions\/#breadcrumb","itemListElement":[{"@type":"ListItem","position":1,"name":"Home","item":"https:\/\/redfoxlotto.com\/pt-pt\/"},{"@type":"ListItem","position":2,"name":"Compre bilhetes de lotaria online","item":"https:\/\/redfoxlotto.com\/pt-pt\/jogar\/"},{"@type":"ListItem","position":3,"name":"Jogue no Euromilh\u00f5es"}]},{"@type":"WebSite","@id":"https:\/\/redfoxlotto.com\/pt-pt\/#website","url":"https:\/\/redfoxlotto.com\/pt-pt\/","name":"Get Tickets for the World\u2019s largest jackpots","description":"Participate in worldwide lottery jackpots from any country","publisher":{"@id":"https:\/\/redfoxlotto.com\/pt-pt\/#organization"},"potentialAction":[{"@type":"SearchAction","target":{"@type":"EntryPoint","urlTemplate":"https:\/\/redfoxlotto.com\/pt-pt\/?s={search_term_string}"},"query-input":{"@type":"PropertyValueSpecification","valueRequired":true,"valueName":"search_term_string"}}],"inLanguage":"pt-PT"},{"@type":"Organization","@id":"https:\/\/redfoxlotto.com\/pt-pt\/#organization","name":"Get Tickets for the World\u2019s largest jackpots","url":"https:\/\/redfoxlotto.com\/pt-pt\/","logo":{"@type":"ImageObject","inLanguage":"pt-PT","@id":"https:\/\/redfoxlotto.com\/pt-pt\/#\/schema\/logo\/image\/","url":"https:\/\/redfoxlotto.com\/wp-content\/uploads\/2023\/04\/logo.png","contentUrl":"https:\/\/redfoxlotto.com\/wp-content\/uploads\/2023\/04\/logo.png","width":269,"height":53,"caption":"Get Tickets for the World\u2019s largest jackpots"},"image":{"@id":"https:\/\/redfoxlotto.com\/pt-pt\/#\/schema\/logo\/image\/"}}]}},"_links":{"self":[{"href":"https:\/\/redfoxlotto.com\/pt-pt\/wp-json\/wp\/v2\/pages\/1023","targetHints":{"allow":["GET"]}}],"collection":[{"href":"https:\/\/redfoxlotto.com\/pt-pt\/wp-json\/wp\/v2\/pages"}],"about":[{"href":"https:\/\/redfoxlotto.com\/pt-pt\/wp-json\/wp\/v2\/types\/page"}],"author":[{"embeddable":true,"href":"https:\/\/redfoxlotto.com\/pt-pt\/wp-json\/wp\/v2\/users\/1"}],"replies":[{"embeddable":true,"href":"https:\/\/redfoxlotto.com\/pt-pt\/wp-json\/wp\/v2\/comments?post=1023"}],"version-history":[{"count":0,"href":"https:\/\/redfoxlotto.com\/pt-pt\/wp-json\/wp\/v2\/pages\/1023\/revisions"}],"up":[{"embeddable":true,"href":"https:\/\/redfoxlotto.com\/pt-pt\/wp-json\/wp\/v2\/pages\/1021"}],"wp:attachment":[{"href":"https:\/\/redfoxlotto.com\/pt-pt\/wp-json\/wp\/v2\/media?parent=1023"}],"curies":[{"name":"wp","href":"https:\/\/api.w.org\/{rel}","templated":true}]}}