{"id":1022,"date":"2023-04-24T17:44:36","date_gmt":"2023-04-24T17:44:36","guid":{"rendered":"https:\/\/redfoxlotto.com\/?page_id=2047"},"modified":"2025-12-16T14:33:23","modified_gmt":"2025-12-16T14:33:23","slug":"eurojackpot","status":"publish","type":"page","link":"https:\/\/redfoxlotto.com\/pt-pt\/jogar\/eurojackpot\/","title":{"rendered":"Jogar Eurojackpot"},"content":{"rendered":"<p><script type=\"application\/ld+json\">\n{\n  \"@context\": \"https:\/\/schema.org\",\n  \"@type\": \"Service\",\n  \"name\": \"Jogar Eurojackpot online\",\n  \"url\": \"https:\/\/redfoxlotto.com\/pt-pt\/jogar\/eurojackpot\/\",\n  \"description\": \"Jogue Eurojackpot online a partir de qualquer pa\u00eds. Visite a RedFoxLotto, escolha os seus n\u00fameros e receba os seus bilhetes.\",\n  \"serviceType\": \"Servi\u00e7o online de intermedia\u00e7\u00e3o de bilhetes de lotaria\",\n  \"provider\": {\n    \"@type\": \"Organization\",\n    \"name\": \"RedFoxLotto\",\n    \"url\": \"https:\/\/redfoxlotto.com\/pt-pt\/\",\n    \"image\": \"https:\/\/redfoxlotto.com\/wp-content\/uploads\/2025\/12\/ticket_scans.jpg\",\n    \"sameAs\": []\n  },\n  \"areaServed\": \"Worldwide\",\n  \"termsOfService\": \"https:\/\/redfoxlotto.com\/terms-and-conditions\",\n  \"additionalProperty\": {\n    \"@type\": \"PropertyValue\",\n    \"name\": \"FAQ\",\n    \"value\": \"https:\/\/redfoxlotto.com\/pt-pt\/faq\/\"\n  },\n  \"hasOfferCatalog\": {\n    \"@type\": \"OfferCatalog\",\n    \"name\": \"Bilhetes Eurojackpot\",\n    \"itemListElement\": [\n      {\n        \"@type\": \"Offer\",\n        \"name\": \"Bilhetes Eurojackpot\",\n        \"url\": \"https:\/\/redfoxlotto.com\/pt-pt\/jogar\/eurojackpot\/\",\n        \"description\": \"Clique aqui para escolher os seus n\u00fameros para o pr\u00f3ximo sorteio Eurojackpot e encomendar bilhetes online.\",\n        \"price\": 6.00,\n        \"priceCurrency\": \"EUR\",\n        \"availability\": \"https:\/\/schema.org\/InStock\",\n        \"itemOffered\": {\n          \"@type\": \"Service\",\n          \"name\": \"Bilhetes Eurojackpot\",\n          \"description\": \"Participe no pr\u00f3ximo sorteio Eurojackpot atrav\u00e9s da RedFoxLotto.\"\n        }\n      }\n    ]\n  },\n  \"mainEntityOfPage\": {\n    \"@type\": \"WebPage\",\n    \"@id\": \"https:\/\/redfoxlotto.com\/pt-pt\/jogar\/eurojackpot\/\"\n  }\n}\n<\/script><\/p>\n<h2>Como participar no Eurojackpot a partir de Portugal<\/h2>\n<p>J\u00e1 deves ter ouvido falar do Eurojackpot Lotto, quer vivas actualmente num dos pa\u00edses europeus onde \u00e9 jogado ou n\u00e3o. \u00c9 uma lotaria que come\u00e7ou em 2012 com a participa\u00e7\u00e3o de 19 pa\u00edses europeus. Mas se vives em Portugal, ou em qualquer outro pa\u00eds que n\u00e3o esteja na lista de participantes, ent\u00e3o n\u00e3o h\u00e1 forma de obteres um bilhete para o Eurojackpot da forma tradicional.<\/p>\n<p>Isto significa que, desde h\u00e1 pouco tempo, n\u00e3o teria podido jogar e isso n\u00e3o lhe daria acesso a este novo jackpot, certo? Bem, agora pode jogar no Eurojackpot online.<\/p>\n<h2>A Internet ao resgate<\/h2>\n<p><img loading=\"lazy\" decoding=\"async\" class=\" wp-image alignright\" src=\"https:\/\/redfoxlotto.org\/wp-content\/uploads\/2023\/04\/lotto-online-495x329-1-282x300-1.jpg\" alt=\"jogar no eurojackpot online\" width=\"174\" height=\"372\" \/><\/p>\n<p>A solu\u00e7\u00e3o para os f\u00e3s da lotaria de Portugal e de outros pa\u00edses \u00e9 fornecida pelo nosso s\u00edtio na Internet. Juntamente com o Eurojackpot, damos-lhe acesso a uma s\u00e9rie de lotarias internacionais. O que oferecemos \u00e9 um servi\u00e7o de correio para bilhetes de lotaria para as lotarias com os maiores jackpots de todo o mundo. A maior parte, se n\u00e3o todas estas lotarias, n\u00e3o estariam dispon\u00edveis para si, mas n\u00f3s ajudamo-lo!<\/p>\n<h2>Porqu\u00ea jogar no Eurojackpot?<\/h2>\n<p>Afinal de contas, sabemos que as pessoas de todo o mundo querem realmente ter a oportunidade de jogar e ganhar estes grandes jackpots em vez de ficarem presas apenas aos jackpots dos seus pr\u00f3prios jogos de lotaria nacionais.<\/p>\n<p>Tudo o que precisa \u00e9 de fazer uma escolha a partir da nossa lista de lotarias. Temos dispon\u00edveis algumas das mais populares de todo o mundo. Desta forma, pode dar uma vista de olhos, ver o que cada uma tem para oferecer e decidir quais s\u00e3o as que mais lhe interessam.<\/p>\n<p>Depois, escolha os seus n\u00fameros manualmente ou deixe que o nosso gerador de n\u00fameros aleat\u00f3rios o fa\u00e7a por si (fun\u00e7\u00e3o &#8220;Escolha R\u00e1pida&#8221;). Pode at\u00e9 combinar as duas op\u00e7\u00f5es, seleccionando alguns n\u00fameros e, em seguida, adicionando aleatoriamente os outros n\u00fameros necess\u00e1rios para preencher os seus bilhetes. Desta forma, pode obter alguns dos n\u00fameros que sabe que quer e ainda pode preencher um cart\u00e3o se n\u00e3o souber todos os n\u00fameros que quer.<\/p>\n<p>Adicione mais bilhetes, se quiser, e misture diferentes lotarias. Isso vai ajud\u00e1-lo a aumentar as suas probabilidades porque est\u00e1 a jogar v\u00e1rios jogos diferentes ao mesmo tempo. Pode at\u00e9 fazer o que \u00e9 muito popular entre os nossos clientes, que \u00e9 jogar os mesmos n\u00fameros em v\u00e1rias lotarias.<\/p>\n<p>Para alguns, esta parece ser uma \u00f3ptima maneira de aumentar as suas probabilidades, porque esses n\u00fameros t\u00eam de sair a qualquer momento, certo? Tem de haver uma forma de fazer com que esses n\u00fameros ganhem.<\/p>\n<p>Assim que tiver todos os bilhetes que deseja, pode utilizar qualquer uma das nossas m\u00faltiplas e seguras op\u00e7\u00f5es de pagamento para comprar os seus bilhetes. Existem v\u00e1rias formas de pagamento \u00e0 sua escolha, para que possa encontrar uma forma de pagamento que lhe permita colocar e retirar dinheiro. Utilizamos praticamente todas as plataformas mais populares.<br \/>\n<img decoding=\"async\" class=\" wp-image alignright\" src=\"https:\/\/redfoxlotto.org\/wp-content\/uploads\/2023\/04\/misc_euro_bills.jpg\" alt=\"ganhar o Eurojackpot\" width=\"250&quot;\" height=\"125\" \/><br \/>\nN\u00e3o te esque\u00e7as de determinar em quantos sorteios queres participar. Isto \u00e9 importante, especialmente porque o jackpot actual pode n\u00e3o ser ganho no sorteio seguinte. N\u00e3o queres perder a oportunidade de ganhar um pr\u00e9mio ainda maior no sorteio seguinte, certo?<\/p>\n<h2>Ent\u00e3o o que \u00e9 que acontece?<\/h2>\n<p>Bem, na verdade \u00e9 bastante simples quando jogas no Eurojackpot online. Temos uma rede de agentes que ir\u00e3o comprar os bilhetes da lotaria Eurojackpot com as especifica\u00e7\u00f5es que escolheu. Na sua conta de cliente no RedFoxLotto.com, ver\u00e1 a confirma\u00e7\u00e3o da sua compra. Naturalmente, tamb\u00e9m receber\u00e1 a confirma\u00e7\u00e3o por correio electr\u00f3nico. Isso significa que pode sentir-se confiante de que tudo est\u00e1 a correr como planeado e que os seus bilhetes est\u00e3o prontos e \u00e0 espera do sorteio.<\/p>\n<p>A partir da\u00ed, n\u00e3o ter\u00e1 de se preocupar com nada, porque tamb\u00e9m o vamos manter informado sobre os sorteios, para o caso de se esquecer dos dias.<\/p>\n<p>E receber\u00e1 outra notifica\u00e7\u00e3o por correio electr\u00f3nico se um dos seus bilhetes for premiado. Desde que os seus ganhos n\u00e3o sejam superiores a 2500 euros, ser\u00e3o imediatamente creditados na sua conta de cliente. Pode receb\u00ea-los atrav\u00e9s de qualquer conta que tenha seleccionado ou pode utilizar os fundos para comprar mais bilhetes. Assim, ser\u00e1 muito f\u00e1cil para si fazer a sua pr\u00f3pria escolha, certo? Para ganhos mais elevados, o nosso apoio entrar\u00e1 em contacto consigo e gerir\u00e1 um pagamento directo para si.<\/p>\n<section class=\"layout\" style=\"border: solid 1px; width: 100%;\">\n<div class=\"img-div\" style=\"margin-top: 5px;\"><img decoding=\"async\" class=\"wp-image-17212 alignleft\" style=\"height: 45px; margin: 8px 8px 0px;\" src=\"https:\/\/redfoxlotto.com\/wp-content\/uploads\/sites\/9\/read1.jpg\" alt=\"comprar lotaria online\" width=\"\" height=\"\" \/><\/div>\n<div style=\"padding-left: 5px;\">\n<div style=\"font-size: 1.1em;\">\n<p><strong>Cuidado com os esquemas de lotaria em linha<\/strong><\/p>\n<p style=\"font-size: 0.8em; margin-top: -1.5em;\">Como detectar uma fraude de lotaria online e quais s\u00e3o as suas inten\u00e7\u00f5es <a href=\"https:\/\/redfoxlotto.com\/pt-pt\/quando-powerball-mega-millions-sorteio-canal-tv\/\">Ler mais<\/a><\/p>\n<\/div>\n<\/div>\n<\/section>\n<h2>Especificidades do jogo Eurojackpot<\/h2>\n<p>Agora, se vais jogar no Eurojackpot, precisas de saber como o vais fazer. \u00c9 realmente muito simples. No seu bilhete, tem de escolher cinco n\u00fameros entre 1 e 50, mais 2 n\u00fameros entre 1 e 12. Os jackpots come\u00e7am com um m\u00ednimo de 10 milh\u00f5es de euros. H\u00e1 um aspecto em que esta lotaria \u00e9 diferente da maioria das outras. Quando o jackpot atinge 120 milh\u00f5es de euros, \u00e9 limitado.<\/p>\n<p>Isto significa que todo o dinheiro que normalmente seria adicionado ao jackpot ser\u00e1 adicionado ao n\u00edvel do pr\u00e9mio de segundo n\u00edvel. Para ganhar esse pr\u00e9mio, s\u00f3 precisa de ter 5 mais 1 n\u00famero no seu bilhete. As suas hip\u00f3teses de ganhar este pr\u00e9mio s\u00e3o obviamente maiores por um factor de 12, em compara\u00e7\u00e3o com as suas hip\u00f3teses de ganhar o jackpot com 5 mais 2 n\u00fameros!<\/p>\n<p>Isto significa que, se o jackpot atingir o montante m\u00e1ximo, ter\u00e1 uma segunda oportunidade de ganhar um grande jackpot. O segundo n\u00edvel \u00e9 mais f\u00e1cil de ganhar e os n\u00fameros v\u00e3o come\u00e7ar a subir nesse n\u00edvel. Isso vai definitivamente aumentar as suas probabilidades de ganhar o grande pr\u00e9mio, certo?<\/p>\n<p>E isso significa que, embora o jackpot seja um pouco mais pequeno, mesmo quando o jackpot se esgotar, vai querer comprar um destes bilhetes porque vai ter uma grande hip\u00f3tese de chegar a algum lado a longo prazo quando comprar o Eurojackpot online.<\/p>\n<p><strong>Comece agora a jogar em lotarias internacionais &#8211; compre bilhetes para o Eurojackpot hoje mesmo!<\/strong><\/p>\n","protected":false},"excerpt":{"rendered":"<p>Como participar no Eurojackpot a partir de Portugal J\u00e1 deves ter ouvido falar do Eurojackpot Lotto, quer vivas actualmente num dos pa\u00edses europeus onde \u00e9 jogado ou n\u00e3o. \u00c9 uma lotaria que come\u00e7ou em 2012 com a participa\u00e7\u00e3o de 19 pa\u00edses europeus. Mas se vives em Portugal, ou em qualquer outro pa\u00eds que n\u00e3o esteja [&hellip;]<\/p>\n","protected":false},"author":1,"featured_media":0,"parent":1021,"menu_order":4,"comment_status":"closed","ping_status":"closed","template":"eurojackpot.php","meta":{"_et_pb_use_builder":"","_et_pb_old_content":"","_et_gb_content_width":"","exclude_from_search":false,"footnotes":""},"class_list":["post-1022","page","type-page","status-publish","hentry"],"yoast_head":"<!-- This site is optimized with the Yoast SEO plugin v23.8 - https:\/\/yoast.com\/wordpress\/plugins\/seo\/ -->\n<title>Jogar no Eurojackpot online | Como os residentes em Portugal obt\u00eam bilhetes para o Eurojackpot<\/title>\n<meta name=\"description\" content=\"Obtenha acesso ao Eurojackpot agora - independentemente do seu pa\u00eds de origem, jogue no Eurojackpot e noutras lotarias internacionais online\" \/>\n<meta name=\"robots\" content=\"index, follow, max-snippet:-1, max-image-preview:large, max-video-preview:-1\" \/>\n<link rel=\"canonical\" href=\"https:\/\/redfoxlotto.com\/pt-pt\/jogar\/eurojackpot\/\" \/>\n<meta property=\"og:locale\" content=\"pt_PT\" \/>\n<meta property=\"og:type\" content=\"article\" \/>\n<meta property=\"og:title\" content=\"Jogar no Eurojackpot online | Como os residentes em Portugal obt\u00eam bilhetes para o Eurojackpot\" \/>\n<meta property=\"og:description\" content=\"Obtenha acesso ao Eurojackpot agora - independentemente do seu pa\u00eds de origem, jogue no Eurojackpot e noutras lotarias internacionais online\" \/>\n<meta property=\"og:url\" content=\"https:\/\/redfoxlotto.com\/pt-pt\/jogar\/eurojackpot\/\" \/>\n<meta property=\"og:site_name\" content=\"Get Tickets for the World\u2019s largest jackpots\" \/>\n<meta property=\"article:modified_time\" content=\"2025-12-16T14:33:23+00:00\" \/>\n<meta property=\"og:image\" content=\"https:\/\/redfoxlotto.org\/wp-content\/uploads\/2023\/04\/lotto-online-495x329-1-282x300-1.jpg\" \/>\n<meta name=\"twitter:card\" content=\"summary_large_image\" \/>\n<meta name=\"twitter:label1\" content=\"Tempo estimado de leitura\" \/>\n\t<meta name=\"twitter:data1\" content=\"5 minutos\" \/>\n<script type=\"application\/ld+json\" class=\"yoast-schema-graph\">{\"@context\":\"https:\/\/schema.org\",\"@graph\":[{\"@type\":\"WebPage\",\"@id\":\"https:\/\/redfoxlotto.com\/pt-pt\/jogar\/eurojackpot\/\",\"url\":\"https:\/\/redfoxlotto.com\/pt-pt\/jogar\/eurojackpot\/\",\"name\":\"Jogar no Eurojackpot online | Como os residentes em Portugal obt\u00eam bilhetes para o Eurojackpot\",\"isPartOf\":{\"@id\":\"https:\/\/redfoxlotto.com\/pt-pt\/#website\"},\"primaryImageOfPage\":{\"@id\":\"https:\/\/redfoxlotto.com\/pt-pt\/jogar\/eurojackpot\/#primaryimage\"},\"image\":{\"@id\":\"https:\/\/redfoxlotto.com\/pt-pt\/jogar\/eurojackpot\/#primaryimage\"},\"thumbnailUrl\":\"https:\/\/redfoxlotto.org\/wp-content\/uploads\/2023\/04\/lotto-online-495x329-1-282x300-1.jpg\",\"datePublished\":\"2023-04-24T17:44:36+00:00\",\"dateModified\":\"2025-12-16T14:33:23+00:00\",\"description\":\"Obtenha acesso ao Eurojackpot agora - independentemente do seu pa\u00eds de origem, jogue no Eurojackpot e noutras lotarias internacionais online\",\"breadcrumb\":{\"@id\":\"https:\/\/redfoxlotto.com\/pt-pt\/jogar\/eurojackpot\/#breadcrumb\"},\"inLanguage\":\"pt-PT\",\"potentialAction\":[{\"@type\":\"ReadAction\",\"target\":[\"https:\/\/redfoxlotto.com\/pt-pt\/jogar\/eurojackpot\/\"]}]},{\"@type\":\"ImageObject\",\"inLanguage\":\"pt-PT\",\"@id\":\"https:\/\/redfoxlotto.com\/pt-pt\/jogar\/eurojackpot\/#primaryimage\",\"url\":\"https:\/\/redfoxlotto.org\/wp-content\/uploads\/2023\/04\/lotto-online-495x329-1-282x300-1.jpg\",\"contentUrl\":\"https:\/\/redfoxlotto.org\/wp-content\/uploads\/2023\/04\/lotto-online-495x329-1-282x300-1.jpg\"},{\"@type\":\"BreadcrumbList\",\"@id\":\"https:\/\/redfoxlotto.com\/pt-pt\/jogar\/eurojackpot\/#breadcrumb\",\"itemListElement\":[{\"@type\":\"ListItem\",\"position\":1,\"name\":\"Home\",\"item\":\"https:\/\/redfoxlotto.com\/pt-pt\/\"},{\"@type\":\"ListItem\",\"position\":2,\"name\":\"Compre bilhetes de lotaria online\",\"item\":\"https:\/\/redfoxlotto.com\/pt-pt\/jogar\/\"},{\"@type\":\"ListItem\",\"position\":3,\"name\":\"Jogar Eurojackpot\"}]},{\"@type\":\"WebSite\",\"@id\":\"https:\/\/redfoxlotto.com\/pt-pt\/#website\",\"url\":\"https:\/\/redfoxlotto.com\/pt-pt\/\",\"name\":\"Get Tickets for the World\u2019s largest jackpots\",\"description\":\"Participate in worldwide lottery jackpots from any country\",\"publisher\":{\"@id\":\"https:\/\/redfoxlotto.com\/pt-pt\/#organization\"},\"potentialAction\":[{\"@type\":\"SearchAction\",\"target\":{\"@type\":\"EntryPoint\",\"urlTemplate\":\"https:\/\/redfoxlotto.com\/pt-pt\/?s={search_term_string}\"},\"query-input\":{\"@type\":\"PropertyValueSpecification\",\"valueRequired\":true,\"valueName\":\"search_term_string\"}}],\"inLanguage\":\"pt-PT\"},{\"@type\":\"Organization\",\"@id\":\"https:\/\/redfoxlotto.com\/pt-pt\/#organization\",\"name\":\"Get Tickets for the World\u2019s largest jackpots\",\"url\":\"https:\/\/redfoxlotto.com\/pt-pt\/\",\"logo\":{\"@type\":\"ImageObject\",\"inLanguage\":\"pt-PT\",\"@id\":\"https:\/\/redfoxlotto.com\/pt-pt\/#\/schema\/logo\/image\/\",\"url\":\"https:\/\/redfoxlotto.com\/wp-content\/uploads\/2023\/04\/logo.png\",\"contentUrl\":\"https:\/\/redfoxlotto.com\/wp-content\/uploads\/2023\/04\/logo.png\",\"width\":269,\"height\":53,\"caption\":\"Get Tickets for the World\u2019s largest jackpots\"},\"image\":{\"@id\":\"https:\/\/redfoxlotto.com\/pt-pt\/#\/schema\/logo\/image\/\"}}]}<\/script>\n<!-- \/ Yoast SEO plugin. -->","yoast_head_json":{"title":"Jogar no Eurojackpot online | Como os residentes em Portugal obt\u00eam bilhetes para o Eurojackpot","description":"Obtenha acesso ao Eurojackpot agora - independentemente do seu pa\u00eds de origem, jogue no Eurojackpot e noutras lotarias internacionais online","robots":{"index":"index","follow":"follow","max-snippet":"max-snippet:-1","max-image-preview":"max-image-preview:large","max-video-preview":"max-video-preview:-1"},"canonical":"https:\/\/redfoxlotto.com\/pt-pt\/jogar\/eurojackpot\/","og_locale":"pt_PT","og_type":"article","og_title":"Jogar no Eurojackpot online | Como os residentes em Portugal obt\u00eam bilhetes para o Eurojackpot","og_description":"Obtenha acesso ao Eurojackpot agora - independentemente do seu pa\u00eds de origem, jogue no Eurojackpot e noutras lotarias internacionais online","og_url":"https:\/\/redfoxlotto.com\/pt-pt\/jogar\/eurojackpot\/","og_site_name":"Get Tickets for the World\u2019s largest jackpots","article_modified_time":"2025-12-16T14:33:23+00:00","og_image":[{"url":"https:\/\/redfoxlotto.org\/wp-content\/uploads\/2023\/04\/lotto-online-495x329-1-282x300-1.jpg"}],"twitter_card":"summary_large_image","twitter_misc":{"Tempo estimado de leitura":"5 minutos"},"schema":{"@context":"https:\/\/schema.org","@graph":[{"@type":"WebPage","@id":"https:\/\/redfoxlotto.com\/pt-pt\/jogar\/eurojackpot\/","url":"https:\/\/redfoxlotto.com\/pt-pt\/jogar\/eurojackpot\/","name":"Jogar no Eurojackpot online | Como os residentes em Portugal obt\u00eam bilhetes para o Eurojackpot","isPartOf":{"@id":"https:\/\/redfoxlotto.com\/pt-pt\/#website"},"primaryImageOfPage":{"@id":"https:\/\/redfoxlotto.com\/pt-pt\/jogar\/eurojackpot\/#primaryimage"},"image":{"@id":"https:\/\/redfoxlotto.com\/pt-pt\/jogar\/eurojackpot\/#primaryimage"},"thumbnailUrl":"https:\/\/redfoxlotto.org\/wp-content\/uploads\/2023\/04\/lotto-online-495x329-1-282x300-1.jpg","datePublished":"2023-04-24T17:44:36+00:00","dateModified":"2025-12-16T14:33:23+00:00","description":"Obtenha acesso ao Eurojackpot agora - independentemente do seu pa\u00eds de origem, jogue no Eurojackpot e noutras lotarias internacionais online","breadcrumb":{"@id":"https:\/\/redfoxlotto.com\/pt-pt\/jogar\/eurojackpot\/#breadcrumb"},"inLanguage":"pt-PT","potentialAction":[{"@type":"ReadAction","target":["https:\/\/redfoxlotto.com\/pt-pt\/jogar\/eurojackpot\/"]}]},{"@type":"ImageObject","inLanguage":"pt-PT","@id":"https:\/\/redfoxlotto.com\/pt-pt\/jogar\/eurojackpot\/#primaryimage","url":"https:\/\/redfoxlotto.org\/wp-content\/uploads\/2023\/04\/lotto-online-495x329-1-282x300-1.jpg","contentUrl":"https:\/\/redfoxlotto.org\/wp-content\/uploads\/2023\/04\/lotto-online-495x329-1-282x300-1.jpg"},{"@type":"BreadcrumbList","@id":"https:\/\/redfoxlotto.com\/pt-pt\/jogar\/eurojackpot\/#breadcrumb","itemListElement":[{"@type":"ListItem","position":1,"name":"Home","item":"https:\/\/redfoxlotto.com\/pt-pt\/"},{"@type":"ListItem","position":2,"name":"Compre bilhetes de lotaria online","item":"https:\/\/redfoxlotto.com\/pt-pt\/jogar\/"},{"@type":"ListItem","position":3,"name":"Jogar Eurojackpot"}]},{"@type":"WebSite","@id":"https:\/\/redfoxlotto.com\/pt-pt\/#website","url":"https:\/\/redfoxlotto.com\/pt-pt\/","name":"Get Tickets for the World\u2019s largest jackpots","description":"Participate in worldwide lottery jackpots from any country","publisher":{"@id":"https:\/\/redfoxlotto.com\/pt-pt\/#organization"},"potentialAction":[{"@type":"SearchAction","target":{"@type":"EntryPoint","urlTemplate":"https:\/\/redfoxlotto.com\/pt-pt\/?s={search_term_string}"},"query-input":{"@type":"PropertyValueSpecification","valueRequired":true,"valueName":"search_term_string"}}],"inLanguage":"pt-PT"},{"@type":"Organization","@id":"https:\/\/redfoxlotto.com\/pt-pt\/#organization","name":"Get Tickets for the World\u2019s largest jackpots","url":"https:\/\/redfoxlotto.com\/pt-pt\/","logo":{"@type":"ImageObject","inLanguage":"pt-PT","@id":"https:\/\/redfoxlotto.com\/pt-pt\/#\/schema\/logo\/image\/","url":"https:\/\/redfoxlotto.com\/wp-content\/uploads\/2023\/04\/logo.png","contentUrl":"https:\/\/redfoxlotto.com\/wp-content\/uploads\/2023\/04\/logo.png","width":269,"height":53,"caption":"Get Tickets for the World\u2019s largest jackpots"},"image":{"@id":"https:\/\/redfoxlotto.com\/pt-pt\/#\/schema\/logo\/image\/"}}]}},"_links":{"self":[{"href":"https:\/\/redfoxlotto.com\/pt-pt\/wp-json\/wp\/v2\/pages\/1022","targetHints":{"allow":["GET"]}}],"collection":[{"href":"https:\/\/redfoxlotto.com\/pt-pt\/wp-json\/wp\/v2\/pages"}],"about":[{"href":"https:\/\/redfoxlotto.com\/pt-pt\/wp-json\/wp\/v2\/types\/page"}],"author":[{"embeddable":true,"href":"https:\/\/redfoxlotto.com\/pt-pt\/wp-json\/wp\/v2\/users\/1"}],"replies":[{"embeddable":true,"href":"https:\/\/redfoxlotto.com\/pt-pt\/wp-json\/wp\/v2\/comments?post=1022"}],"version-history":[{"count":0,"href":"https:\/\/redfoxlotto.com\/pt-pt\/wp-json\/wp\/v2\/pages\/1022\/revisions"}],"up":[{"embeddable":true,"href":"https:\/\/redfoxlotto.com\/pt-pt\/wp-json\/wp\/v2\/pages\/1021"}],"wp:attachment":[{"href":"https:\/\/redfoxlotto.com\/pt-pt\/wp-json\/wp\/v2\/media?parent=1022"}],"curies":[{"name":"wp","href":"https:\/\/api.w.org\/{rel}","templated":true}]}}