{"id":1021,"date":"2023-04-24T14:10:57","date_gmt":"2023-04-24T14:10:57","guid":{"rendered":"https:\/\/redfoxlotto.com\/?page_id=2045"},"modified":"2025-12-15T19:35:11","modified_gmt":"2025-12-15T19:35:11","slug":"jogar","status":"publish","type":"page","link":"https:\/\/redfoxlotto.com\/pt-pt\/jogar\/","title":{"rendered":"Compre bilhetes de lotaria online"},"content":{"rendered":"<p><script type=\"application\/ld+json\">\n{\n  \"@context\": \"https:\/\/schema.org\",\n  \"@type\": \"Service\",\n  \"name\": \"Jogue lotarias internacionais online\",\n  \"url\": \"https:\/\/redfoxlotto.com\/pt-pt\/jogar\/\",\n  \"description\": \"Jogue na lotaria online e ganhe jackpots internacionais.\",\n  \"serviceType\": \"Servi\u00e7o online de intermedia\u00e7\u00e3o de bilhetes de lotaria\",\n  \"provider\": {\n    \"@type\": \"Organization\",\n    \"name\": \"RedFoxLotto\",\n    \"url\": \"https:\/\/redfoxlotto.com\/pt-pt\/jogar\/\",\n    \"image\": \"https:\/\/redfoxlotto.com\/wp-content\/uploads\/2025\/12\/ticket_scans.jpg\"\n  },\n  \"areaServed\": \"Em todo o mundo\",\n  \"termsOfService\": \"https:\/\/redfoxlotto.com\/terms-and-conditions\",\n  \"additionalProperty\": {\n    \"@type\": \"PropertyValue\",\n    \"name\": \"Perguntas Frequentes\",\n    \"value\": \"https:\/\/redfoxlotto.com\/pt-pt\/faq\/\"\n  },\n  \"hasOfferCatalog\": {\n    \"@type\": \"OfferCatalog\",\n    \"name\": \"Bilhetes de lotaria internacionais\",\n    \"itemListElement\": [\n      {\n        \"@type\": \"Offer\",\n        \"name\": \"Bilhetes de lotaria internacionais\",\n        \"url\": \"https:\/\/redfoxlotto.com\/pt-pt\/jogar\/\",\n        \"description\": \"Jogue lotarias internacionais online. Jackpots como Powerball, Mega Millions e Euromillions \u2014 ganhe a partir de qualquer lugar.\",\n        \"availability\": \"https:\/\/schema.org\/InStock\",\n        \"itemOffered\": {\n          \"@type\": \"Service\",\n          \"name\": \"Bilhetes de lotaria internacionais\",\n          \"description\": \"Jogar lotarias internacionais online oferece mais op\u00e7\u00f5es e melhores hip\u00f3teses de ganhar.\"\n        }\n      }\n    ]\n  },\n  \"mainEntityOfPage\": {\n    \"@type\": \"WebPage\",\n    \"@id\": \"https:\/\/redfoxlotto.com\/pt-pt\/jogar\/\"\n  }\n}\n<\/script><\/p>\n<h2>Mais lotarias e jackpots para todos jogarem!<\/h2>\n<p>Boas not\u00edcias para os f\u00e3s de lotarias por todo o mundo fora! J\u00e1 n\u00e3o est\u00e3o limitados \u00e0s vossas lotarias nacionais. At\u00e9 agora, n\u00e3o era poss\u00edvel<strong><a href=\"https:\/\/redfoxlotto.com\/pt\/jogar\"> jogar em lotarias de pa\u00edses estrangeiros<\/a>,<\/strong> dado que os bilhetes apenas estavam \u00e0 venda nos respetivos pa\u00edses de origem. Mas a internet veio resolver este problema. Aqui, em RedFoxLotto.com, poder\u00e1 jogar online, desde j\u00e1, em numerosas lotarias de v\u00e1rios pa\u00edses.<\/p>\n<h2>Adquirir os seus bilhetes de lotaria<\/h2>\n<p>A RedFoxLotto.com \u00e9 o seu <strong>servi\u00e7o de correio para bilhetes de lotaria<\/strong>. Temos agentes nos diversos pa\u00edses, que compram bilhetes localmente para os nossos clientes. Enquanto cliente, voc\u00ea poder\u00e1 encomendar-nos os seus bilhetes online. Naturalmente, \u00e9 voc\u00ea que decide os seus n\u00fameros, bem como em quantas combina\u00e7\u00f5es de n\u00fameros quer apostar e por quantos sorteios quer que o seu bilhete se mantenha em jogo. O pagamento \u00e9 feito online, por exemplo, atrav\u00e9s de cart\u00e3o de cr\u00e9dito.<\/p>\n<h2>Quais os jogos a jogar<\/h2>\n<p><img loading=\"lazy\" decoding=\"async\" class=\"size-full alignright\" src=\"https:\/\/content.redfoxlotto.com\/uploads\/sites\/9\/1_playing_lottery_online.jpg\" alt=\"jogar e ganhar online\" width=\"200\" height=\"140\" \/>Obviamente, poder\u00e1 tamb\u00e9m participar em mais de um sorteio de cada vez. Recomendamos-lhe que escolha o maior jackpot em jogo a cada momento, ou os dois maiores, ou mais. Por exemplo, \u00e9 comum que tanto a Powerball como Megamillions tenham jackpots gigantescos em simult\u00e2neo. Valore que regularmente atingem os 500 milh\u00f5es de d\u00f3lares, sendo que t\u00eam havido jackpots ainda maiores, de mais de 1500 milh\u00f5es.<\/p>\n<p>Estas duas lotarias encontram-se entre as maiores do mundo. Uma estrat\u00e9gia muito popular consiste em apostar nos mesmos n\u00fameros, em diversas lotarias, na mesma semana. Assim, caso n\u00e3o ganhe num sorteio, \u00e9 poss\u00edvel que tenha sorte noutro. Esta \u00e9 uma forma inteligente de aumentar as probabilidades de acertar na chave vencedora e torna o jogo ainda mais excitante!<\/p>\n<h2>Porqu\u00ea jogar Lotto Internacionalmente?<\/h2>\n<p><strong>Qualquer pessoa que jogue em lotarias internacionais est\u00e1 a utilizar os seus fundos de forma mas inteligente<\/strong>. Alguns apostadores compram bilhetes para as suas lotarias nacionais semana ap\u00f3s semana, independentemente do valor em jogo. A matem\u00e1tica e a l\u00f3gica dizem que \u00e9 melhor comprar um bilhete para um sorteio com 200 milh\u00f5es em jogo do que para outro com apenas dois milh\u00f5es. Isto \u00e9 verdade mesmo que que o pre\u00e7o dos bilhetes online seja mais elevado que o pre\u00e7o dos bilhetes dos sorteios locais.<\/p>\n<p>Temos de cobrar um valor adicional pelos nossos servi\u00e7os devido aos custos em que incorremos. Tamb\u00e9m precisamos de ter algum lucro. Mas assumamos que um bilhete online lhe fica por 4.50 &#8211; 5.00\u20ac, para se candidatar a um jackpot de 200 milh\u00f5es, ao passo que um bilhete da sua lotaria nacional lhe custa 2\u20ac, para um jackpot de 10 milh\u00f5es. Qual das op\u00e7\u00f5es faz mais sentido e \u00e9, em suma, melhor? Julgamos que a resposta a esta quest\u00e3o \u00e9 \u00f3bvia.<\/p>\n<h2>Como se \u00e9 pago<\/h2>\n<p><img loading=\"lazy\" decoding=\"async\" class=\"size-full alignright\" src=\"https:\/\/content.redfoxlotto.com\/uploads\/sites\/9\/1_mega_lotto_jackpot.jpg\" alt=\"pagamento loteria online\" width=\"170\" height=\"200\" \/>A RedFoxLotto.com tamb\u00e9m garante que <a href=\"https:\/\/redfoxlotto.com\/pt\/resultados\/\">recebe os pr\u00e9mios que ganhar<\/a>. <strong>E n\u00e3o cobramos qualquer comiss\u00e3o<\/strong>, exceto uma pequena import\u00e2ncia, caso receba o seu pr\u00e9mio por transfer\u00eancia banc\u00e1ria. Muitos dos nossos clientes j\u00e1 ganharam connosco e alguns deles j\u00e1 viram as suas vidas mudadas pelos pr\u00e9mios recebidos!<\/p>\n<p>Estes s\u00e3o os motivos pelos quais jogar em lotarias online se est\u00e1 a tornar cada vez mais popular. E agora \u00e9 a sua vez de ganhar um dos mega jackpots &#8211; de que \u00e9 que est\u00e1 \u00e0 espera?<\/p>\n","protected":false},"excerpt":{"rendered":"<p>Mais lotarias e jackpots para todos jogarem! Boas not\u00edcias para os f\u00e3s de lotarias por todo o mundo fora! J\u00e1 n\u00e3o est\u00e3o limitados \u00e0s vossas lotarias nacionais. At\u00e9 agora, n\u00e3o era poss\u00edvel jogar em lotarias de pa\u00edses estrangeiros, dado que os bilhetes apenas estavam \u00e0 venda nos respetivos pa\u00edses de origem. Mas a internet veio [&hellip;]<\/p>\n","protected":false},"author":1,"featured_media":0,"parent":0,"menu_order":2,"comment_status":"closed","ping_status":"closed","template":"Play-all.php","meta":{"_et_pb_use_builder":"","_et_pb_old_content":"","_et_gb_content_width":"","exclude_from_search":false,"footnotes":""},"class_list":["post-1021","page","type-page","status-publish","hentry"],"yoast_head":"<!-- This site is optimized with the Yoast SEO plugin v27.4 - https:\/\/yoast.com\/product\/yoast-seo-wordpress\/ -->\n<title>Jogar lotarias online<\/title>\n<meta name=\"description\" content=\"Jogar nas lotarias de diversos pa\u00edses s\u00f3 lhe traz mais op\u00e7\u00f5es e melhores possibilidades de ganhar - descubra como!\" \/>\n<meta name=\"robots\" content=\"index, follow, max-snippet:-1, max-image-preview:large, max-video-preview:-1\" \/>\n<link rel=\"canonical\" href=\"https:\/\/redfoxlotto.com\/pt-pt\/jogar\/\" \/>\n<meta property=\"og:locale\" content=\"pt_PT\" \/>\n<meta property=\"og:type\" content=\"article\" \/>\n<meta property=\"og:title\" content=\"Jogar lotarias online\" \/>\n<meta property=\"og:description\" content=\"Jogar nas lotarias de diversos pa\u00edses s\u00f3 lhe traz mais op\u00e7\u00f5es e melhores possibilidades de ganhar - descubra como!\" \/>\n<meta property=\"og:url\" content=\"https:\/\/redfoxlotto.com\/pt-pt\/jogar\/\" \/>\n<meta property=\"og:site_name\" content=\"Get Tickets for the World\u2019s largest jackpots\" \/>\n<meta property=\"article:modified_time\" content=\"2025-12-15T19:35:11+00:00\" \/>\n<meta property=\"og:image\" content=\"https:\/\/content.redfoxlotto.com\/uploads\/sites\/9\/1_playing_lottery_online.jpg\" \/>\n<meta name=\"twitter:card\" content=\"summary_large_image\" \/>\n<meta name=\"twitter:label1\" content=\"Tempo estimado de leitura\" \/>\n\t<meta name=\"twitter:data1\" content=\"3 minutos\" \/>\n<script type=\"application\/ld+json\" class=\"yoast-schema-graph\">{\"@context\":\"https:\\\/\\\/schema.org\",\"@graph\":[{\"@type\":\"WebPage\",\"@id\":\"https:\\\/\\\/redfoxlotto.com\\\/pt-pt\\\/jogar\\\/\",\"url\":\"https:\\\/\\\/redfoxlotto.com\\\/pt-pt\\\/jogar\\\/\",\"name\":\"Jogar lotarias online\",\"isPartOf\":{\"@id\":\"https:\\\/\\\/redfoxlotto.com\\\/pt-pt\\\/#website\"},\"primaryImageOfPage\":{\"@id\":\"https:\\\/\\\/redfoxlotto.com\\\/pt-pt\\\/jogar\\\/#primaryimage\"},\"image\":{\"@id\":\"https:\\\/\\\/redfoxlotto.com\\\/pt-pt\\\/jogar\\\/#primaryimage\"},\"thumbnailUrl\":\"https:\\\/\\\/content.redfoxlotto.com\\\/uploads\\\/sites\\\/9\\\/1_playing_lottery_online.jpg\",\"datePublished\":\"2023-04-24T14:10:57+00:00\",\"dateModified\":\"2025-12-15T19:35:11+00:00\",\"description\":\"Jogar nas lotarias de diversos pa\u00edses s\u00f3 lhe traz mais op\u00e7\u00f5es e melhores possibilidades de ganhar - descubra como!\",\"breadcrumb\":{\"@id\":\"https:\\\/\\\/redfoxlotto.com\\\/pt-pt\\\/jogar\\\/#breadcrumb\"},\"inLanguage\":\"pt-PT\",\"potentialAction\":[{\"@type\":\"ReadAction\",\"target\":[\"https:\\\/\\\/redfoxlotto.com\\\/pt-pt\\\/jogar\\\/\"]}]},{\"@type\":\"ImageObject\",\"inLanguage\":\"pt-PT\",\"@id\":\"https:\\\/\\\/redfoxlotto.com\\\/pt-pt\\\/jogar\\\/#primaryimage\",\"url\":\"https:\\\/\\\/content.redfoxlotto.com\\\/uploads\\\/sites\\\/9\\\/1_playing_lottery_online.jpg\",\"contentUrl\":\"https:\\\/\\\/content.redfoxlotto.com\\\/uploads\\\/sites\\\/9\\\/1_playing_lottery_online.jpg\"},{\"@type\":\"BreadcrumbList\",\"@id\":\"https:\\\/\\\/redfoxlotto.com\\\/pt-pt\\\/jogar\\\/#breadcrumb\",\"itemListElement\":[{\"@type\":\"ListItem\",\"position\":1,\"name\":\"Home\",\"item\":\"https:\\\/\\\/redfoxlotto.com\\\/pt-pt\\\/\"},{\"@type\":\"ListItem\",\"position\":2,\"name\":\"Compre bilhetes de lotaria online\"}]},{\"@type\":\"WebSite\",\"@id\":\"https:\\\/\\\/redfoxlotto.com\\\/pt-pt\\\/#website\",\"url\":\"https:\\\/\\\/redfoxlotto.com\\\/pt-pt\\\/\",\"name\":\"Get Tickets for the World\u2019s largest jackpots\",\"description\":\"Participate in worldwide lottery jackpots from any country\",\"publisher\":{\"@id\":\"https:\\\/\\\/redfoxlotto.com\\\/pt-pt\\\/#organization\"},\"potentialAction\":[{\"@type\":\"SearchAction\",\"target\":{\"@type\":\"EntryPoint\",\"urlTemplate\":\"https:\\\/\\\/redfoxlotto.com\\\/pt-pt\\\/?s={search_term_string}\"},\"query-input\":{\"@type\":\"PropertyValueSpecification\",\"valueRequired\":true,\"valueName\":\"search_term_string\"}}],\"inLanguage\":\"pt-PT\"},{\"@type\":\"Organization\",\"@id\":\"https:\\\/\\\/redfoxlotto.com\\\/pt-pt\\\/#organization\",\"name\":\"Get Tickets for the World\u2019s largest jackpots\",\"url\":\"https:\\\/\\\/redfoxlotto.com\\\/pt-pt\\\/\",\"logo\":{\"@type\":\"ImageObject\",\"inLanguage\":\"pt-PT\",\"@id\":\"https:\\\/\\\/redfoxlotto.com\\\/pt-pt\\\/#\\\/schema\\\/logo\\\/image\\\/\",\"url\":\"https:\\\/\\\/redfoxlotto.com\\\/wp-content\\\/uploads\\\/2023\\\/04\\\/logo.png\",\"contentUrl\":\"https:\\\/\\\/redfoxlotto.com\\\/wp-content\\\/uploads\\\/2023\\\/04\\\/logo.png\",\"width\":269,\"height\":53,\"caption\":\"Get Tickets for the World\u2019s largest jackpots\"},\"image\":{\"@id\":\"https:\\\/\\\/redfoxlotto.com\\\/pt-pt\\\/#\\\/schema\\\/logo\\\/image\\\/\"}}]}<\/script>\n<!-- \/ Yoast SEO plugin. -->","yoast_head_json":{"title":"Jogar lotarias online","description":"Jogar nas lotarias de diversos pa\u00edses s\u00f3 lhe traz mais op\u00e7\u00f5es e melhores possibilidades de ganhar - descubra como!","robots":{"index":"index","follow":"follow","max-snippet":"max-snippet:-1","max-image-preview":"max-image-preview:large","max-video-preview":"max-video-preview:-1"},"canonical":"https:\/\/redfoxlotto.com\/pt-pt\/jogar\/","og_locale":"pt_PT","og_type":"article","og_title":"Jogar lotarias online","og_description":"Jogar nas lotarias de diversos pa\u00edses s\u00f3 lhe traz mais op\u00e7\u00f5es e melhores possibilidades de ganhar - descubra como!","og_url":"https:\/\/redfoxlotto.com\/pt-pt\/jogar\/","og_site_name":"Get Tickets for the World\u2019s largest jackpots","article_modified_time":"2025-12-15T19:35:11+00:00","og_image":[{"url":"https:\/\/content.redfoxlotto.com\/uploads\/sites\/9\/1_playing_lottery_online.jpg","type":"","width":"","height":""}],"twitter_card":"summary_large_image","twitter_misc":{"Tempo estimado de leitura":"3 minutos"},"schema":{"@context":"https:\/\/schema.org","@graph":[{"@type":"WebPage","@id":"https:\/\/redfoxlotto.com\/pt-pt\/jogar\/","url":"https:\/\/redfoxlotto.com\/pt-pt\/jogar\/","name":"Jogar lotarias online","isPartOf":{"@id":"https:\/\/redfoxlotto.com\/pt-pt\/#website"},"primaryImageOfPage":{"@id":"https:\/\/redfoxlotto.com\/pt-pt\/jogar\/#primaryimage"},"image":{"@id":"https:\/\/redfoxlotto.com\/pt-pt\/jogar\/#primaryimage"},"thumbnailUrl":"https:\/\/content.redfoxlotto.com\/uploads\/sites\/9\/1_playing_lottery_online.jpg","datePublished":"2023-04-24T14:10:57+00:00","dateModified":"2025-12-15T19:35:11+00:00","description":"Jogar nas lotarias de diversos pa\u00edses s\u00f3 lhe traz mais op\u00e7\u00f5es e melhores possibilidades de ganhar - descubra como!","breadcrumb":{"@id":"https:\/\/redfoxlotto.com\/pt-pt\/jogar\/#breadcrumb"},"inLanguage":"pt-PT","potentialAction":[{"@type":"ReadAction","target":["https:\/\/redfoxlotto.com\/pt-pt\/jogar\/"]}]},{"@type":"ImageObject","inLanguage":"pt-PT","@id":"https:\/\/redfoxlotto.com\/pt-pt\/jogar\/#primaryimage","url":"https:\/\/content.redfoxlotto.com\/uploads\/sites\/9\/1_playing_lottery_online.jpg","contentUrl":"https:\/\/content.redfoxlotto.com\/uploads\/sites\/9\/1_playing_lottery_online.jpg"},{"@type":"BreadcrumbList","@id":"https:\/\/redfoxlotto.com\/pt-pt\/jogar\/#breadcrumb","itemListElement":[{"@type":"ListItem","position":1,"name":"Home","item":"https:\/\/redfoxlotto.com\/pt-pt\/"},{"@type":"ListItem","position":2,"name":"Compre bilhetes de lotaria online"}]},{"@type":"WebSite","@id":"https:\/\/redfoxlotto.com\/pt-pt\/#website","url":"https:\/\/redfoxlotto.com\/pt-pt\/","name":"Get Tickets for the World\u2019s largest jackpots","description":"Participate in worldwide lottery jackpots from any country","publisher":{"@id":"https:\/\/redfoxlotto.com\/pt-pt\/#organization"},"potentialAction":[{"@type":"SearchAction","target":{"@type":"EntryPoint","urlTemplate":"https:\/\/redfoxlotto.com\/pt-pt\/?s={search_term_string}"},"query-input":{"@type":"PropertyValueSpecification","valueRequired":true,"valueName":"search_term_string"}}],"inLanguage":"pt-PT"},{"@type":"Organization","@id":"https:\/\/redfoxlotto.com\/pt-pt\/#organization","name":"Get Tickets for the World\u2019s largest jackpots","url":"https:\/\/redfoxlotto.com\/pt-pt\/","logo":{"@type":"ImageObject","inLanguage":"pt-PT","@id":"https:\/\/redfoxlotto.com\/pt-pt\/#\/schema\/logo\/image\/","url":"https:\/\/redfoxlotto.com\/wp-content\/uploads\/2023\/04\/logo.png","contentUrl":"https:\/\/redfoxlotto.com\/wp-content\/uploads\/2023\/04\/logo.png","width":269,"height":53,"caption":"Get Tickets for the World\u2019s largest jackpots"},"image":{"@id":"https:\/\/redfoxlotto.com\/pt-pt\/#\/schema\/logo\/image\/"}}]}},"_links":{"self":[{"href":"https:\/\/redfoxlotto.com\/pt-pt\/wp-json\/wp\/v2\/pages\/1021","targetHints":{"allow":["GET"]}}],"collection":[{"href":"https:\/\/redfoxlotto.com\/pt-pt\/wp-json\/wp\/v2\/pages"}],"about":[{"href":"https:\/\/redfoxlotto.com\/pt-pt\/wp-json\/wp\/v2\/types\/page"}],"author":[{"embeddable":true,"href":"https:\/\/redfoxlotto.com\/pt-pt\/wp-json\/wp\/v2\/users\/1"}],"replies":[{"embeddable":true,"href":"https:\/\/redfoxlotto.com\/pt-pt\/wp-json\/wp\/v2\/comments?post=1021"}],"version-history":[{"count":0,"href":"https:\/\/redfoxlotto.com\/pt-pt\/wp-json\/wp\/v2\/pages\/1021\/revisions"}],"wp:attachment":[{"href":"https:\/\/redfoxlotto.com\/pt-pt\/wp-json\/wp\/v2\/media?parent=1021"}],"curies":[{"name":"wp","href":"https:\/\/api.w.org\/{rel}","templated":true}]}}