{"id":102013,"date":"2025-05-22T08:53:38","date_gmt":"2025-05-22T08:53:38","guid":{"rendered":"https:\/\/redfoxlotto.com\/?page_id=102013"},"modified":"2026-01-09T10:29:33","modified_gmt":"2026-01-09T10:29:33","slug":"numeros-vencedores-do-platinum-keno","status":"publish","type":"page","link":"https:\/\/redfoxlotto.com\/pt-pt\/keno\/numeros-vencedores-do-platinum-keno\/","title":{"rendered":"N\u00fameros vencedores do Platinum Keno"},"content":{"rendered":"<h2>Como as probabilidades s\u00e3o escolhidas e onde encontrar os resultados no Platinum Keno<\/h2>\n<p><img loading=\"lazy\" decoding=\"async\" class=\"size-medium wp-image-83635 alignright\" src=\"https:\/\/redfoxlotto.com\/wp-content\/uploads\/2025\/03\/keno_card-300x300.jpg\" alt=\"platnum keno\" width=\"300\" height=\"300\" srcset=\"https:\/\/redfoxlotto.com\/wp-content\/uploads\/2025\/03\/keno_card-300x300.jpg 300w, https:\/\/redfoxlotto.com\/wp-content\/uploads\/2025\/03\/keno_card-150x150.jpg 150w, https:\/\/redfoxlotto.com\/wp-content\/uploads\/2025\/03\/keno_card-100x100.jpg 100w, https:\/\/redfoxlotto.com\/wp-content\/uploads\/2025\/03\/keno_card.jpg 307w\" sizes=\"auto, (max-width: 300px) 100vw, 300px\" \/><br \/>\nO Platinum Keno est\u00e1 prestes a se tornar um dos jogos de loteria mais populares. Em breve, os jogadores poder\u00e3o desfrutar de toda a divers\u00e3o do Keno tradicional no conforto dos seus pr\u00f3prios ecr\u00e3s, gra\u00e7as aos sorteios r\u00e1pidos, regras claras e facilidade de jogar online. Ainda n\u00e3o h\u00e1 resultados ao vivo, mas aqui est\u00e1 o que precisa saber sobre como os n\u00fameros s\u00e3o escolhidos, onde encontr\u00e1-los e como ver se ganhou quando o jogo come\u00e7ar.<\/p>\n<h2>Os passos usados para escolher os n\u00fameros do Platinum Keno<\/h2>\n<p>O Platinum Keno baseia-se na ideia de que tudo deve ser justo. Um Gerador de N\u00fameros Aleat\u00f3rios (RNG) verificado escolhe os n\u00fameros. Isto deve tornar cada sorteio completamente aleat\u00f3rio. O RNG garante que todos os n\u00fameros do conjunto tenham a mesma chance de serem escolhidos, assim como quando se retira bolas numeradas de uma m\u00e1quina.<\/p>\n<ul>\n<li>Os jogadores escolhem entre um conjunto de n\u00fameros de 1 a 80.<\/li>\n<li>Tamanho do sorteio: a cada rodada, 20 n\u00fameros s\u00e3o escolhidos aleatoriamente.<\/li>\n<li>Chances iguais: n\u00e3o h\u00e1 n\u00fameros favoritos; tudo depende da sorte.<\/li>\n<li>Com este m\u00e9todo, cada sorteio \u00e9 transparente, pode ser verificado e \u00e9 baseado na confian\u00e7a.<\/li>\n<li>Como jogar o jogo.<\/li>\n<\/ul>\n<p>O Platinum Keno foi criado tanto para jogadores regulares como para pessoas que querem ganhar grandes jackpots. Escolha n\u00fameros de um conjunto de 80, dos quais 20 s\u00e3o selecionados aleatoriamente. \u00c9 assim que o jogo \u00e9 jogado. Voc\u00ea quer que o m\u00e1ximo poss\u00edvel das suas escolhas correspondam.<\/p>\n<h2>Escolher os n\u00fameros.<\/h2>\n<p>Escolhe o n\u00famero de \u00abespa\u00e7os\u00bb (n\u00fameros) para jogar. Pessoas diferentes escolhem um n\u00famero diferente de cart\u00f5es. O n\u00famero de espa\u00e7os que escolheres afetar\u00e1 diretamente as tuas hip\u00f3teses e a quantia de dinheiro que podes ganhar.<\/p>\n<h2>Escolher um fator.<\/h2>\n<p>O Platinum Keno tem um multiplicador que altera os pr\u00e9mios. Neste caso, se o multiplicador mais alto for 5, jogar com um multiplicador 1x lhe dar\u00e1 20% da recompensa 5x. Se dez for o m\u00e1ximo. Se o pr\u00e9mio m\u00e1ximo for 10, um bilhete 1x pagar\u00e1 10% do pagamento 10x. Um multiplicador maior aumenta tanto o pre\u00e7o do seu bilhete quanto a chance de ganhar.<\/p>\n<h2>Usando a lista de pagamentos<\/h2>\n<p>Ela indica exatamente quanto poder\u00e1 ganhar com base nos n\u00fameros que escolher e no b\u00f3nus. Pense nela como um mapa de pr\u00e9mios; ela indica o que est\u00e1 em jogo antes mesmo do sorteio acontecer.<\/p>\n<h2>Como as escolhas afetam o que acontece<\/h2>\n<p>Se escolher mais n\u00fameros, o maior pr\u00e9mio que pode ganhar aumenta, mas as suas hip\u00f3teses de acertar em todos diminuem. Em contrapartida, um multiplicador mais alto aumenta o pagamento se ganhar, mas tem de apostar mais dinheiro no in\u00edcio. O Platinum Keno \u00e9 emocionante e arriscado, porque tem de equilibrar o risco e o lucro.<\/p>\n<h2>Os melhores locais para encontrar os resultados do Platinum Keno<\/h2>\n<p>Assim que o Platinum Keno come\u00e7ar, os resultados mais atualizados estar\u00e3o dispon\u00edveis na p\u00e1gina de resultados da RedFoxLotto. Desta forma, n\u00e3o precisa sair da aplica\u00e7\u00e3o para acompanhar os sorteios passados e presentes.<\/p>\n<p>Pode fazer o seguinte:<\/p>\n<ul>\n<li>Verifique a lista completa de n\u00fameros escolhidos para cada jogo.<\/li>\n<li>Ver os sorteios anteriores para ver temas e tend\u00eancias.<\/li>\n<li>Manter-se a par das not\u00edcias sem ter de procurar noutro lugar.<\/li>\n<li>Como descobrir se ganhou<\/li>\n<\/ul>\n<p>J\u00e1 n\u00e3o \u00e9 preciso usar bilhetes de papel \u2014 o Platinum Keno \u00e9 um jogo apenas para computador. Os seus n\u00fameros s\u00e3o guardados na sua conta RedFoxLotto imediatamente ap\u00f3s cada jogo. Pode verificar os resultados logo ap\u00f3s cada sorteio:<\/p>\n<h2>Clique em \u00abOs meus bilhetes\u00bb \u2014 esta parte lista todos os bilhetes que comprou.<\/h2>\n<p>Compare os seus n\u00fameros com os resultados: se os seus n\u00fameros forem iguais aos sorteados no sorteio vencedor, o sistema exibir\u00e1 imediatamente essas correspond\u00eancias para si.<\/p>\n<p>Assim que ganhar, o valor do pr\u00e9mio que receber\u00e1 ser\u00e1 exibido para que possa ver. Os pr\u00e9mios de menor valor s\u00e3o depositados diretamente na sua conta, enquanto os pr\u00e9mios de maior valor podem estar sujeitos a verifica\u00e7\u00e3o antes de serem transferidos.<\/p>\n<h2>Fazer dep\u00f3sitos e jogar<\/h2>\n<p>Tem de ter dinheiro na sua conta RedFoxLotto para jogar Platinum Keno. \u00c9 f\u00e1cil e seguro fazer um dep\u00f3sito e, assim que o seu montante for adicionado, pode us\u00e1-lo imediatamente para comprar bilhetes.<\/p>\n<h2>Por que pode confiar nos resultados<\/h2>\n<p>Todos os pr\u00e9mios do Platinum Keno s\u00e3o garantidos por um seguro, por isso receber\u00e1 o seu dinheiro de volta, quer ganhe 5 \u20ac ou 500 000 \u20ac. A RedFoxLotto garante que receber\u00e1 o seu pagamento e o RNG garante que tudo \u00e9 justo.<\/p>\n<h2>Conclus\u00e3o<\/h2>\n<p>\u00c9 como uma mistura entre a forma antiga de sortear n\u00fameros e a facilidade de jogar jogos de computador. Mesmo que os resultados finais ainda n\u00e3o tenham sido divulgados, os jogadores podem esperar:<\/p>\n<ul>\n<li>Sorteios justos verificados pelo RNG.<\/li>\n<li>O jogo \u00e9 r\u00e1pido e obt\u00e9m resultados a cada poucos minutos.<\/li>\n<li>A RedFoxLotto facilita o acesso direto aos resultados.<\/li>\n<li>A sua conta ir\u00e1 acompanhar automaticamente os ganhos.<\/li>\n<li>Assim que o jogo come\u00e7ar, tudo o que tem de fazer \u00e9 voltar ap\u00f3s o sorteio para ver se ganhou.<\/li>\n<\/ul>\n","protected":false},"excerpt":{"rendered":"<p>Como as probabilidades s\u00e3o escolhidas e onde encontrar os resultados no Platinum Keno O Platinum Keno est\u00e1 prestes a se tornar um dos jogos de loteria mais populares. Em breve, os jogadores poder\u00e3o desfrutar de toda a divers\u00e3o do Keno tradicional no conforto dos seus pr\u00f3prios ecr\u00e3s, gra\u00e7as aos sorteios r\u00e1pidos, regras claras e facilidade [&hellip;]<\/p>\n","protected":false},"author":8,"featured_media":0,"parent":84428,"menu_order":41,"comment_status":"closed","ping_status":"closed","template":"","meta":{"_et_pb_use_builder":"","_et_pb_old_content":"","_et_gb_content_width":"","exclude_from_search":false,"footnotes":""},"class_list":["post-102013","page","type-page","status-publish","hentry"],"yoast_head":"<!-- This site is optimized with the Yoast SEO plugin v23.8 - https:\/\/yoast.com\/wordpress\/plugins\/seo\/ -->\n<title>Resultados da lotaria Keno para este sorteio di\u00e1rio online de 5 milh\u00f5es de euros<\/title>\n<meta name=\"description\" content=\"Esta lotaria Keno realiza sorteios di\u00e1rios com um pr\u00e9mio m\u00e1ximo de 5 milh\u00f5es de euros - veja aqui os resultados dos nossos sorteios Keno. Temos um jogo Keno de 5 milh\u00f5es de euros e outro de 10 milh\u00f5es de euros\" \/>\n<meta name=\"robots\" content=\"index, follow, max-snippet:-1, max-image-preview:large, max-video-preview:-1\" \/>\n<link rel=\"canonical\" href=\"https:\/\/redfoxlotto.com\/pt-pt\/keno\/numeros-vencedores-do-platinum-keno\/\" \/>\n<meta property=\"og:locale\" content=\"pt_PT\" \/>\n<meta property=\"og:type\" content=\"article\" \/>\n<meta property=\"og:title\" content=\"Resultados da lotaria Keno para este sorteio di\u00e1rio online de 5 milh\u00f5es de euros\" \/>\n<meta property=\"og:description\" content=\"Esta lotaria Keno realiza sorteios di\u00e1rios com um pr\u00e9mio m\u00e1ximo de 5 milh\u00f5es de euros - veja aqui os resultados dos nossos sorteios Keno. Temos um jogo Keno de 5 milh\u00f5es de euros e outro de 10 milh\u00f5es de euros\" \/>\n<meta property=\"og:url\" content=\"https:\/\/redfoxlotto.com\/pt-pt\/keno\/numeros-vencedores-do-platinum-keno\/\" \/>\n<meta property=\"og:site_name\" content=\"Get Tickets for the World\u2019s largest jackpots\" \/>\n<meta property=\"article:modified_time\" content=\"2026-01-09T10:29:33+00:00\" \/>\n<meta property=\"og:image\" content=\"https:\/\/redfoxlotto.com\/wp-content\/uploads\/2025\/03\/keno_card-300x300.jpg\" \/>\n<meta name=\"twitter:card\" content=\"summary_large_image\" \/>\n<meta name=\"twitter:label1\" content=\"Tempo estimado de leitura\" \/>\n\t<meta name=\"twitter:data1\" content=\"4 minutos\" \/>\n<script type=\"application\/ld+json\" class=\"yoast-schema-graph\">{\"@context\":\"https:\/\/schema.org\",\"@graph\":[{\"@type\":\"WebPage\",\"@id\":\"https:\/\/redfoxlotto.com\/pt-pt\/keno\/numeros-vencedores-do-platinum-keno\/\",\"url\":\"https:\/\/redfoxlotto.com\/pt-pt\/keno\/numeros-vencedores-do-platinum-keno\/\",\"name\":\"Resultados da lotaria Keno para este sorteio di\u00e1rio online de 5 milh\u00f5es de euros\",\"isPartOf\":{\"@id\":\"https:\/\/redfoxlotto.com\/pt-pt\/#website\"},\"primaryImageOfPage\":{\"@id\":\"https:\/\/redfoxlotto.com\/pt-pt\/keno\/numeros-vencedores-do-platinum-keno\/#primaryimage\"},\"image\":{\"@id\":\"https:\/\/redfoxlotto.com\/pt-pt\/keno\/numeros-vencedores-do-platinum-keno\/#primaryimage\"},\"thumbnailUrl\":\"https:\/\/redfoxlotto.com\/wp-content\/uploads\/2025\/03\/keno_card-300x300.jpg\",\"datePublished\":\"2025-05-22T08:53:38+00:00\",\"dateModified\":\"2026-01-09T10:29:33+00:00\",\"description\":\"Esta lotaria Keno realiza sorteios di\u00e1rios com um pr\u00e9mio m\u00e1ximo de 5 milh\u00f5es de euros - veja aqui os resultados dos nossos sorteios Keno. Temos um jogo Keno de 5 milh\u00f5es de euros e outro de 10 milh\u00f5es de euros\",\"breadcrumb\":{\"@id\":\"https:\/\/redfoxlotto.com\/pt-pt\/keno\/numeros-vencedores-do-platinum-keno\/#breadcrumb\"},\"inLanguage\":\"pt-PT\",\"potentialAction\":[{\"@type\":\"ReadAction\",\"target\":[\"https:\/\/redfoxlotto.com\/pt-pt\/keno\/numeros-vencedores-do-platinum-keno\/\"]}]},{\"@type\":\"ImageObject\",\"inLanguage\":\"pt-PT\",\"@id\":\"https:\/\/redfoxlotto.com\/pt-pt\/keno\/numeros-vencedores-do-platinum-keno\/#primaryimage\",\"url\":\"https:\/\/redfoxlotto.com\/wp-content\/uploads\/2025\/03\/keno_card-300x300.jpg\",\"contentUrl\":\"https:\/\/redfoxlotto.com\/wp-content\/uploads\/2025\/03\/keno_card-300x300.jpg\"},{\"@type\":\"BreadcrumbList\",\"@id\":\"https:\/\/redfoxlotto.com\/pt-pt\/keno\/numeros-vencedores-do-platinum-keno\/#breadcrumb\",\"itemListElement\":[{\"@type\":\"ListItem\",\"position\":1,\"name\":\"Home\",\"item\":\"https:\/\/redfoxlotto.com\/pt-pt\/\"},{\"@type\":\"ListItem\",\"position\":2,\"name\":\"Keno\",\"item\":\"https:\/\/redfoxlotto.com\/pt-pt\/keno\/\"},{\"@type\":\"ListItem\",\"position\":3,\"name\":\"N\u00fameros vencedores do Platinum Keno\"}]},{\"@type\":\"WebSite\",\"@id\":\"https:\/\/redfoxlotto.com\/pt-pt\/#website\",\"url\":\"https:\/\/redfoxlotto.com\/pt-pt\/\",\"name\":\"Get Tickets for the World\u2019s largest jackpots\",\"description\":\"Participate in worldwide lottery jackpots from any country\",\"publisher\":{\"@id\":\"https:\/\/redfoxlotto.com\/pt-pt\/#organization\"},\"potentialAction\":[{\"@type\":\"SearchAction\",\"target\":{\"@type\":\"EntryPoint\",\"urlTemplate\":\"https:\/\/redfoxlotto.com\/pt-pt\/?s={search_term_string}\"},\"query-input\":{\"@type\":\"PropertyValueSpecification\",\"valueRequired\":true,\"valueName\":\"search_term_string\"}}],\"inLanguage\":\"pt-PT\"},{\"@type\":\"Organization\",\"@id\":\"https:\/\/redfoxlotto.com\/pt-pt\/#organization\",\"name\":\"Get Tickets for the World\u2019s largest jackpots\",\"url\":\"https:\/\/redfoxlotto.com\/pt-pt\/\",\"logo\":{\"@type\":\"ImageObject\",\"inLanguage\":\"pt-PT\",\"@id\":\"https:\/\/redfoxlotto.com\/pt-pt\/#\/schema\/logo\/image\/\",\"url\":\"https:\/\/redfoxlotto.com\/wp-content\/uploads\/2023\/04\/logo.png\",\"contentUrl\":\"https:\/\/redfoxlotto.com\/wp-content\/uploads\/2023\/04\/logo.png\",\"width\":269,\"height\":53,\"caption\":\"Get Tickets for the World\u2019s largest jackpots\"},\"image\":{\"@id\":\"https:\/\/redfoxlotto.com\/pt-pt\/#\/schema\/logo\/image\/\"}}]}<\/script>\n<!-- \/ Yoast SEO plugin. -->","yoast_head_json":{"title":"Resultados da lotaria Keno para este sorteio di\u00e1rio online de 5 milh\u00f5es de euros","description":"Esta lotaria Keno realiza sorteios di\u00e1rios com um pr\u00e9mio m\u00e1ximo de 5 milh\u00f5es de euros - veja aqui os resultados dos nossos sorteios Keno. Temos um jogo Keno de 5 milh\u00f5es de euros e outro de 10 milh\u00f5es de euros","robots":{"index":"index","follow":"follow","max-snippet":"max-snippet:-1","max-image-preview":"max-image-preview:large","max-video-preview":"max-video-preview:-1"},"canonical":"https:\/\/redfoxlotto.com\/pt-pt\/keno\/numeros-vencedores-do-platinum-keno\/","og_locale":"pt_PT","og_type":"article","og_title":"Resultados da lotaria Keno para este sorteio di\u00e1rio online de 5 milh\u00f5es de euros","og_description":"Esta lotaria Keno realiza sorteios di\u00e1rios com um pr\u00e9mio m\u00e1ximo de 5 milh\u00f5es de euros - veja aqui os resultados dos nossos sorteios Keno. Temos um jogo Keno de 5 milh\u00f5es de euros e outro de 10 milh\u00f5es de euros","og_url":"https:\/\/redfoxlotto.com\/pt-pt\/keno\/numeros-vencedores-do-platinum-keno\/","og_site_name":"Get Tickets for the World\u2019s largest jackpots","article_modified_time":"2026-01-09T10:29:33+00:00","og_image":[{"url":"https:\/\/redfoxlotto.com\/wp-content\/uploads\/2025\/03\/keno_card-300x300.jpg"}],"twitter_card":"summary_large_image","twitter_misc":{"Tempo estimado de leitura":"4 minutos"},"schema":{"@context":"https:\/\/schema.org","@graph":[{"@type":"WebPage","@id":"https:\/\/redfoxlotto.com\/pt-pt\/keno\/numeros-vencedores-do-platinum-keno\/","url":"https:\/\/redfoxlotto.com\/pt-pt\/keno\/numeros-vencedores-do-platinum-keno\/","name":"Resultados da lotaria Keno para este sorteio di\u00e1rio online de 5 milh\u00f5es de euros","isPartOf":{"@id":"https:\/\/redfoxlotto.com\/pt-pt\/#website"},"primaryImageOfPage":{"@id":"https:\/\/redfoxlotto.com\/pt-pt\/keno\/numeros-vencedores-do-platinum-keno\/#primaryimage"},"image":{"@id":"https:\/\/redfoxlotto.com\/pt-pt\/keno\/numeros-vencedores-do-platinum-keno\/#primaryimage"},"thumbnailUrl":"https:\/\/redfoxlotto.com\/wp-content\/uploads\/2025\/03\/keno_card-300x300.jpg","datePublished":"2025-05-22T08:53:38+00:00","dateModified":"2026-01-09T10:29:33+00:00","description":"Esta lotaria Keno realiza sorteios di\u00e1rios com um pr\u00e9mio m\u00e1ximo de 5 milh\u00f5es de euros - veja aqui os resultados dos nossos sorteios Keno. Temos um jogo Keno de 5 milh\u00f5es de euros e outro de 10 milh\u00f5es de euros","breadcrumb":{"@id":"https:\/\/redfoxlotto.com\/pt-pt\/keno\/numeros-vencedores-do-platinum-keno\/#breadcrumb"},"inLanguage":"pt-PT","potentialAction":[{"@type":"ReadAction","target":["https:\/\/redfoxlotto.com\/pt-pt\/keno\/numeros-vencedores-do-platinum-keno\/"]}]},{"@type":"ImageObject","inLanguage":"pt-PT","@id":"https:\/\/redfoxlotto.com\/pt-pt\/keno\/numeros-vencedores-do-platinum-keno\/#primaryimage","url":"https:\/\/redfoxlotto.com\/wp-content\/uploads\/2025\/03\/keno_card-300x300.jpg","contentUrl":"https:\/\/redfoxlotto.com\/wp-content\/uploads\/2025\/03\/keno_card-300x300.jpg"},{"@type":"BreadcrumbList","@id":"https:\/\/redfoxlotto.com\/pt-pt\/keno\/numeros-vencedores-do-platinum-keno\/#breadcrumb","itemListElement":[{"@type":"ListItem","position":1,"name":"Home","item":"https:\/\/redfoxlotto.com\/pt-pt\/"},{"@type":"ListItem","position":2,"name":"Keno","item":"https:\/\/redfoxlotto.com\/pt-pt\/keno\/"},{"@type":"ListItem","position":3,"name":"N\u00fameros vencedores do Platinum Keno"}]},{"@type":"WebSite","@id":"https:\/\/redfoxlotto.com\/pt-pt\/#website","url":"https:\/\/redfoxlotto.com\/pt-pt\/","name":"Get Tickets for the World\u2019s largest jackpots","description":"Participate in worldwide lottery jackpots from any country","publisher":{"@id":"https:\/\/redfoxlotto.com\/pt-pt\/#organization"},"potentialAction":[{"@type":"SearchAction","target":{"@type":"EntryPoint","urlTemplate":"https:\/\/redfoxlotto.com\/pt-pt\/?s={search_term_string}"},"query-input":{"@type":"PropertyValueSpecification","valueRequired":true,"valueName":"search_term_string"}}],"inLanguage":"pt-PT"},{"@type":"Organization","@id":"https:\/\/redfoxlotto.com\/pt-pt\/#organization","name":"Get Tickets for the World\u2019s largest jackpots","url":"https:\/\/redfoxlotto.com\/pt-pt\/","logo":{"@type":"ImageObject","inLanguage":"pt-PT","@id":"https:\/\/redfoxlotto.com\/pt-pt\/#\/schema\/logo\/image\/","url":"https:\/\/redfoxlotto.com\/wp-content\/uploads\/2023\/04\/logo.png","contentUrl":"https:\/\/redfoxlotto.com\/wp-content\/uploads\/2023\/04\/logo.png","width":269,"height":53,"caption":"Get Tickets for the World\u2019s largest jackpots"},"image":{"@id":"https:\/\/redfoxlotto.com\/pt-pt\/#\/schema\/logo\/image\/"}}]}},"_links":{"self":[{"href":"https:\/\/redfoxlotto.com\/pt-pt\/wp-json\/wp\/v2\/pages\/102013","targetHints":{"allow":["GET"]}}],"collection":[{"href":"https:\/\/redfoxlotto.com\/pt-pt\/wp-json\/wp\/v2\/pages"}],"about":[{"href":"https:\/\/redfoxlotto.com\/pt-pt\/wp-json\/wp\/v2\/types\/page"}],"author":[{"embeddable":true,"href":"https:\/\/redfoxlotto.com\/pt-pt\/wp-json\/wp\/v2\/users\/8"}],"replies":[{"embeddable":true,"href":"https:\/\/redfoxlotto.com\/pt-pt\/wp-json\/wp\/v2\/comments?post=102013"}],"version-history":[{"count":0,"href":"https:\/\/redfoxlotto.com\/pt-pt\/wp-json\/wp\/v2\/pages\/102013\/revisions"}],"up":[{"embeddable":true,"href":"https:\/\/redfoxlotto.com\/pt-pt\/wp-json\/wp\/v2\/pages\/84428"}],"wp:attachment":[{"href":"https:\/\/redfoxlotto.com\/pt-pt\/wp-json\/wp\/v2\/media?parent=102013"}],"curies":[{"name":"wp","href":"https:\/\/api.w.org\/{rel}","templated":true}]}}