{"id":1016,"date":"2018-11-18T08:54:25","date_gmt":"2018-11-18T08:54:25","guid":{"rendered":"https:\/\/redfoxlotto.com\/?page_id=2035"},"modified":"2025-12-17T12:29:56","modified_gmt":"2025-12-17T12:29:56","slug":"powerball","status":"publish","type":"page","link":"https:\/\/redfoxlotto.com\/pt-pt\/resultados\/powerball\/","title":{"rendered":"Resultados da Powerball"},"content":{"rendered":"<p><script type=\"application\/ld+json\">\n{\n  \"@context\": \"https:\/\/schema.org\",\n  \"@type\": \"Service\",\n  \"name\": \"Verifique os resultados do Powerball online\",\n  \"url\": \"https:\/\/redfoxlotto.com\/pt-pt\/resultados\/powerball\/\",\n  \"description\": \"Visite o RedFoxLotto para verificar os \u00faltimos resultados do Powerball e o nosso arquivo de resultados de lotaria.\",\n  \"serviceType\": \"Arquivo mundial de resultados de lotaria\",\n  \"provider\": {\n    \"@type\": \"Organization\",\n    \"name\": \"RedFoxLotto\",\n    \"url\": \"https:\/\/redfoxlotto.com\/pt-pt\/resultados\/powerball\/\",\n    \"image\": \"https:\/\/redfoxlotto.com\/wp-content\/uploads\/2025\/12\/ticket_scans.jpg\",\n    \"sameAs\": []\n  },\n  \"areaServed\": \"Worldwide\",\n  \"termsOfService\": \"https:\/\/redfoxlotto.com\/terms-and-conditions\",\n  \"additionalProperty\": {\n    \"@type\": \"PropertyValue\",\n    \"name\": \"FAQ\",\n    \"value\": \"https:\/\/redfoxlotto.com\/pt-pt\/faq\/\"\n  },\n  \"hasOfferCatalog\": {\n    \"@type\": \"OfferCatalog\",\n    \"name\": \"Resultados do Powerball\",\n    \"itemListElement\": [\n      {\n        \"@type\": \"Offer\",\n        \"name\": \"Resultados do Powerball\",\n        \"url\": \"https:\/\/redfoxlotto.com\/pt-pt\/resultados\/powerball\/\",\n        \"description\": \"Encontre aqui os resultados mais recentes e hist\u00f3ricos do Powerball e de outras grandes lotarias\",\n        \"itemOffered\": {\n          \"@type\": \"Service\",\n          \"name\": \"Resultados do Powerball\",\n          \"description\": \"N\u00fameros sorteados do Powerball online, resultados recentes e antigos.\"\n        }\n      }\n    ]\n  },\n  \"mainEntityOfPage\": {\n    \"@type\": \"WebPage\",\n    \"@id\": \"https:\/\/redfoxlotto.com\/pt-pt\/resultados\/powerball\/\"\n  }\n}\n<\/script><br \/>\nAqui poder\u00e1 verificar os resultados da lotaria mais popular do mundo. Qualquer pessoa com os n\u00fameros certos no seu bilhete \u00e9 automaticamente multimilion\u00e1ria. Poder\u00e1 ainda consultar os n\u00fameros vencedores dos sorteios anteriores nos nossos arquivos.<\/p>\n<p><!--more--><\/p>\n<h2>O Jackpot da Powerball<\/h2>\n<p><img decoding=\"async\" class=\"size-full wp-image alignright\" src=\"https:\/\/content.redfoxlotto.com\/uploads\/sites\/9\/1_results_powerball.jpg\" alt=\"resultados da loteria\"><\/p>\n<p>O jackpot da Powerball come\u00e7a num valor m\u00ednimo de $40.000.000. Mas o valor mais elevado que atingiu situa-se nuns incr\u00edveis 1.500.000.000, mil e quinhentos milh\u00f5es de d\u00f3lares! Uma quantia dif\u00edcil de imaginar, mas que algu\u00e9m realmente ganhou!<\/p>\n<h2>Pr\u00e9mios e Vencedores da Powerball<\/h2>\n<p>H\u00e1 nove categorias de pr\u00e9mios na Powerball. Centenas de milhares de bilhetes s\u00e3o premiados em cada sorteio. A tabela acima mostra igualmente os valores ganhos.<\/p>\n<h2>Os n\u00fameros mais sorteados na Powerball<\/h2>\n<p><img decoding=\"async\" class=\"size-full wp-image alignright\" src=\"https:\/\/content.redfoxlotto.com\/uploads\/sites\/9\/1_winning_numbers_powerball.jpg\" alt=\"vencedor da loteria Powerball\"><br \/>\nQual \u00e9 a estrat\u00e9gia que segue na hora de escolher os seus n\u00fameros? Alguns jogadores usam sempre os seus mesmos n\u00fameros pessoais, outros preferem os n\u00fameros que recentemente tenham sa\u00eddo com maior ou menor frequ\u00eancia para completar a sua aposta.<\/p>\n<p>Os n\u00fameros &#8220;quentes&#8221; da Powerball s\u00e3o: 8, 26, 22, 23 e 36. Os n\u00fameros que menos sa\u00edram s\u00e3o o 15, 51, 37, 47, 12, 4 e 24.<\/p>\n","protected":false},"excerpt":{"rendered":"<p>Aqui poder\u00e1 verificar os resultados da lotaria mais popular do mundo. Qualquer pessoa com os n\u00fameros certos no seu bilhete \u00e9 automaticamente multimilion\u00e1ria. Poder\u00e1 ainda consultar os n\u00fameros vencedores dos sorteios anteriores nos nossos arquivos.<\/p>\n","protected":false},"author":1,"featured_media":0,"parent":1011,"menu_order":1,"comment_status":"closed","ping_status":"closed","template":"powerball-usa-results.php","meta":{"_et_pb_use_builder":"","_et_pb_old_content":"","_et_gb_content_width":"","exclude_from_search":false,"footnotes":""},"class_list":["post-1016","page","type-page","status-publish","hentry"],"yoast_head":"<!-- This site is optimized with the Yoast SEO plugin v23.8 - https:\/\/yoast.com\/wordpress\/plugins\/seo\/ -->\n<title>N\u00fameros vencedores e resultados da Powerball<\/title>\n<meta name=\"description\" content=\"Listamos todos os n\u00fameros vencedores e resultados da Powerball no nosso site, tanto da semana corrente como dos sorteios anteriores.\" \/>\n<meta name=\"robots\" content=\"index, follow, max-snippet:-1, max-image-preview:large, max-video-preview:-1\" \/>\n<link rel=\"canonical\" href=\"https:\/\/redfoxlotto.com\/pt-pt\/resultados\/powerball\/\" \/>\n<meta property=\"og:locale\" content=\"pt_PT\" \/>\n<meta property=\"og:type\" content=\"article\" \/>\n<meta property=\"og:title\" content=\"N\u00fameros vencedores e resultados da Powerball\" \/>\n<meta property=\"og:description\" content=\"Listamos todos os n\u00fameros vencedores e resultados da Powerball no nosso site, tanto da semana corrente como dos sorteios anteriores.\" \/>\n<meta property=\"og:url\" content=\"https:\/\/redfoxlotto.com\/pt-pt\/resultados\/powerball\/\" \/>\n<meta property=\"og:site_name\" content=\"Get Tickets for the World\u2019s largest jackpots\" \/>\n<meta property=\"article:modified_time\" content=\"2025-12-17T12:29:56+00:00\" \/>\n<meta property=\"og:image\" content=\"https:\/\/content.redfoxlotto.com\/uploads\/sites\/9\/1_results_powerball.jpg\" \/>\n<meta name=\"twitter:card\" content=\"summary_large_image\" \/>\n<meta name=\"twitter:label1\" content=\"Tempo estimado de leitura\" \/>\n\t<meta name=\"twitter:data1\" content=\"2 minutos\" \/>\n<script type=\"application\/ld+json\" class=\"yoast-schema-graph\">{\"@context\":\"https:\/\/schema.org\",\"@graph\":[{\"@type\":\"WebPage\",\"@id\":\"https:\/\/redfoxlotto.com\/pt-pt\/resultados\/powerball\/\",\"url\":\"https:\/\/redfoxlotto.com\/pt-pt\/resultados\/powerball\/\",\"name\":\"N\u00fameros vencedores e resultados da Powerball\",\"isPartOf\":{\"@id\":\"https:\/\/redfoxlotto.com\/pt-pt\/#website\"},\"primaryImageOfPage\":{\"@id\":\"https:\/\/redfoxlotto.com\/pt-pt\/resultados\/powerball\/#primaryimage\"},\"image\":{\"@id\":\"https:\/\/redfoxlotto.com\/pt-pt\/resultados\/powerball\/#primaryimage\"},\"thumbnailUrl\":\"https:\/\/content.redfoxlotto.com\/uploads\/sites\/9\/1_results_powerball.jpg\",\"datePublished\":\"2018-11-18T08:54:25+00:00\",\"dateModified\":\"2025-12-17T12:29:56+00:00\",\"description\":\"Listamos todos os n\u00fameros vencedores e resultados da Powerball no nosso site, tanto da semana corrente como dos sorteios anteriores.\",\"breadcrumb\":{\"@id\":\"https:\/\/redfoxlotto.com\/pt-pt\/resultados\/powerball\/#breadcrumb\"},\"inLanguage\":\"pt-PT\",\"potentialAction\":[{\"@type\":\"ReadAction\",\"target\":[\"https:\/\/redfoxlotto.com\/pt-pt\/resultados\/powerball\/\"]}]},{\"@type\":\"ImageObject\",\"inLanguage\":\"pt-PT\",\"@id\":\"https:\/\/redfoxlotto.com\/pt-pt\/resultados\/powerball\/#primaryimage\",\"url\":\"https:\/\/content.redfoxlotto.com\/uploads\/sites\/9\/1_results_powerball.jpg\",\"contentUrl\":\"https:\/\/content.redfoxlotto.com\/uploads\/sites\/9\/1_results_powerball.jpg\"},{\"@type\":\"BreadcrumbList\",\"@id\":\"https:\/\/redfoxlotto.com\/pt-pt\/resultados\/powerball\/#breadcrumb\",\"itemListElement\":[{\"@type\":\"ListItem\",\"position\":1,\"name\":\"Home\",\"item\":\"https:\/\/redfoxlotto.com\/pt-pt\/\"},{\"@type\":\"ListItem\",\"position\":2,\"name\":\"Resultados de lotarias internacionais\",\"item\":\"https:\/\/redfoxlotto.com\/pt-pt\/resultados\/\"},{\"@type\":\"ListItem\",\"position\":3,\"name\":\"Resultados da Powerball\"}]},{\"@type\":\"WebSite\",\"@id\":\"https:\/\/redfoxlotto.com\/pt-pt\/#website\",\"url\":\"https:\/\/redfoxlotto.com\/pt-pt\/\",\"name\":\"Get Tickets for the World\u2019s largest jackpots\",\"description\":\"Participate in worldwide lottery jackpots from any country\",\"publisher\":{\"@id\":\"https:\/\/redfoxlotto.com\/pt-pt\/#organization\"},\"potentialAction\":[{\"@type\":\"SearchAction\",\"target\":{\"@type\":\"EntryPoint\",\"urlTemplate\":\"https:\/\/redfoxlotto.com\/pt-pt\/?s={search_term_string}\"},\"query-input\":{\"@type\":\"PropertyValueSpecification\",\"valueRequired\":true,\"valueName\":\"search_term_string\"}}],\"inLanguage\":\"pt-PT\"},{\"@type\":\"Organization\",\"@id\":\"https:\/\/redfoxlotto.com\/pt-pt\/#organization\",\"name\":\"Get Tickets for the World\u2019s largest jackpots\",\"url\":\"https:\/\/redfoxlotto.com\/pt-pt\/\",\"logo\":{\"@type\":\"ImageObject\",\"inLanguage\":\"pt-PT\",\"@id\":\"https:\/\/redfoxlotto.com\/pt-pt\/#\/schema\/logo\/image\/\",\"url\":\"https:\/\/redfoxlotto.com\/wp-content\/uploads\/2023\/04\/logo.png\",\"contentUrl\":\"https:\/\/redfoxlotto.com\/wp-content\/uploads\/2023\/04\/logo.png\",\"width\":269,\"height\":53,\"caption\":\"Get Tickets for the World\u2019s largest jackpots\"},\"image\":{\"@id\":\"https:\/\/redfoxlotto.com\/pt-pt\/#\/schema\/logo\/image\/\"}}]}<\/script>\n<!-- \/ Yoast SEO plugin. -->","yoast_head_json":{"title":"N\u00fameros vencedores e resultados da Powerball","description":"Listamos todos os n\u00fameros vencedores e resultados da Powerball no nosso site, tanto da semana corrente como dos sorteios anteriores.","robots":{"index":"index","follow":"follow","max-snippet":"max-snippet:-1","max-image-preview":"max-image-preview:large","max-video-preview":"max-video-preview:-1"},"canonical":"https:\/\/redfoxlotto.com\/pt-pt\/resultados\/powerball\/","og_locale":"pt_PT","og_type":"article","og_title":"N\u00fameros vencedores e resultados da Powerball","og_description":"Listamos todos os n\u00fameros vencedores e resultados da Powerball no nosso site, tanto da semana corrente como dos sorteios anteriores.","og_url":"https:\/\/redfoxlotto.com\/pt-pt\/resultados\/powerball\/","og_site_name":"Get Tickets for the World\u2019s largest jackpots","article_modified_time":"2025-12-17T12:29:56+00:00","og_image":[{"url":"https:\/\/content.redfoxlotto.com\/uploads\/sites\/9\/1_results_powerball.jpg"}],"twitter_card":"summary_large_image","twitter_misc":{"Tempo estimado de leitura":"2 minutos"},"schema":{"@context":"https:\/\/schema.org","@graph":[{"@type":"WebPage","@id":"https:\/\/redfoxlotto.com\/pt-pt\/resultados\/powerball\/","url":"https:\/\/redfoxlotto.com\/pt-pt\/resultados\/powerball\/","name":"N\u00fameros vencedores e resultados da Powerball","isPartOf":{"@id":"https:\/\/redfoxlotto.com\/pt-pt\/#website"},"primaryImageOfPage":{"@id":"https:\/\/redfoxlotto.com\/pt-pt\/resultados\/powerball\/#primaryimage"},"image":{"@id":"https:\/\/redfoxlotto.com\/pt-pt\/resultados\/powerball\/#primaryimage"},"thumbnailUrl":"https:\/\/content.redfoxlotto.com\/uploads\/sites\/9\/1_results_powerball.jpg","datePublished":"2018-11-18T08:54:25+00:00","dateModified":"2025-12-17T12:29:56+00:00","description":"Listamos todos os n\u00fameros vencedores e resultados da Powerball no nosso site, tanto da semana corrente como dos sorteios anteriores.","breadcrumb":{"@id":"https:\/\/redfoxlotto.com\/pt-pt\/resultados\/powerball\/#breadcrumb"},"inLanguage":"pt-PT","potentialAction":[{"@type":"ReadAction","target":["https:\/\/redfoxlotto.com\/pt-pt\/resultados\/powerball\/"]}]},{"@type":"ImageObject","inLanguage":"pt-PT","@id":"https:\/\/redfoxlotto.com\/pt-pt\/resultados\/powerball\/#primaryimage","url":"https:\/\/content.redfoxlotto.com\/uploads\/sites\/9\/1_results_powerball.jpg","contentUrl":"https:\/\/content.redfoxlotto.com\/uploads\/sites\/9\/1_results_powerball.jpg"},{"@type":"BreadcrumbList","@id":"https:\/\/redfoxlotto.com\/pt-pt\/resultados\/powerball\/#breadcrumb","itemListElement":[{"@type":"ListItem","position":1,"name":"Home","item":"https:\/\/redfoxlotto.com\/pt-pt\/"},{"@type":"ListItem","position":2,"name":"Resultados de lotarias internacionais","item":"https:\/\/redfoxlotto.com\/pt-pt\/resultados\/"},{"@type":"ListItem","position":3,"name":"Resultados da Powerball"}]},{"@type":"WebSite","@id":"https:\/\/redfoxlotto.com\/pt-pt\/#website","url":"https:\/\/redfoxlotto.com\/pt-pt\/","name":"Get Tickets for the World\u2019s largest jackpots","description":"Participate in worldwide lottery jackpots from any country","publisher":{"@id":"https:\/\/redfoxlotto.com\/pt-pt\/#organization"},"potentialAction":[{"@type":"SearchAction","target":{"@type":"EntryPoint","urlTemplate":"https:\/\/redfoxlotto.com\/pt-pt\/?s={search_term_string}"},"query-input":{"@type":"PropertyValueSpecification","valueRequired":true,"valueName":"search_term_string"}}],"inLanguage":"pt-PT"},{"@type":"Organization","@id":"https:\/\/redfoxlotto.com\/pt-pt\/#organization","name":"Get Tickets for the World\u2019s largest jackpots","url":"https:\/\/redfoxlotto.com\/pt-pt\/","logo":{"@type":"ImageObject","inLanguage":"pt-PT","@id":"https:\/\/redfoxlotto.com\/pt-pt\/#\/schema\/logo\/image\/","url":"https:\/\/redfoxlotto.com\/wp-content\/uploads\/2023\/04\/logo.png","contentUrl":"https:\/\/redfoxlotto.com\/wp-content\/uploads\/2023\/04\/logo.png","width":269,"height":53,"caption":"Get Tickets for the World\u2019s largest jackpots"},"image":{"@id":"https:\/\/redfoxlotto.com\/pt-pt\/#\/schema\/logo\/image\/"}}]}},"_links":{"self":[{"href":"https:\/\/redfoxlotto.com\/pt-pt\/wp-json\/wp\/v2\/pages\/1016","targetHints":{"allow":["GET"]}}],"collection":[{"href":"https:\/\/redfoxlotto.com\/pt-pt\/wp-json\/wp\/v2\/pages"}],"about":[{"href":"https:\/\/redfoxlotto.com\/pt-pt\/wp-json\/wp\/v2\/types\/page"}],"author":[{"embeddable":true,"href":"https:\/\/redfoxlotto.com\/pt-pt\/wp-json\/wp\/v2\/users\/1"}],"replies":[{"embeddable":true,"href":"https:\/\/redfoxlotto.com\/pt-pt\/wp-json\/wp\/v2\/comments?post=1016"}],"version-history":[{"count":0,"href":"https:\/\/redfoxlotto.com\/pt-pt\/wp-json\/wp\/v2\/pages\/1016\/revisions"}],"up":[{"embeddable":true,"href":"https:\/\/redfoxlotto.com\/pt-pt\/wp-json\/wp\/v2\/pages\/1011"}],"wp:attachment":[{"href":"https:\/\/redfoxlotto.com\/pt-pt\/wp-json\/wp\/v2\/media?parent=1016"}],"curies":[{"name":"wp","href":"https:\/\/api.w.org\/{rel}","templated":true}]}}