{"id":1014,"date":"2018-11-18T08:54:25","date_gmt":"2018-11-18T08:54:25","guid":{"rendered":"https:\/\/redfoxlotto.com\/?page_id=2031"},"modified":"2025-12-18T06:57:20","modified_gmt":"2025-12-18T06:57:20","slug":"mega-millions","status":"publish","type":"page","link":"https:\/\/redfoxlotto.com\/pt-pt\/resultados\/mega-millions\/","title":{"rendered":"Resultados do Mega Millions"},"content":{"rendered":"<p><script type=\"application\/ld+json\">\n{\n  \"@context\": \"https:\/\/schema.org\",\n  \"@type\": \"Service\",\n  \"name\": \"Ver resultados do sorteio Mega Millions online\",\n  \"url\": \"https:\/\/redfoxlotto.com\/pt-pt\/resultados\/mega-millions\/\",\n  \"description\": \"Visite o RedFoxLotto para verificar os \u00faltimos resultados do Mega Millions e o nosso arquivo de resultados de loteria.\",\n  \"serviceType\": \"Arquivo mundial de resultados de loteria\",<\/p>\n<p>  \"provider\": {\n    \"@type\": \"Organization\",\n    \"name\": \"RedFoxLotto\",\n    \"url\": \"https:\/\/redfoxlotto.com\/pt-pt\/\",\n    \"image\": \"https:\/\/redfoxlotto.com\/wp-content\/uploads\/2025\/12\/ticket_scans.jpg\",\n    \"sameAs\": []\n  },<\/p>\n<p>  \"areaServed\": \"Worldwide\",\n  \"termsOfService\": \"https:\/\/redfoxlotto.com\/pt-pt\/terms-and-conditions\/\",\n  \"additionalProperty\": {\n    \"@type\": \"PropertyValue\",\n    \"name\": \"FAQ\",\n    \"value\": \"https:\/\/redfoxlotto.com\/pt-pt\/faq\/\"\n  },<\/p>\n<p>  \"hasOfferCatalog\": {\n    \"@type\": \"OfferCatalog\",\n    \"name\": \"Resultados do Mega Millions\",\n    \"itemListElement\": [\n      {\n        \"@type\": \"Offer\",\n        \"name\": \"Resultados do Mega Millions\",\n        \"url\": \"https:\/\/redfoxlotto.com\/pt-pt\/resultados\/mega-millions\/\",\n        \"description\": \"Encontre aqui os resultados mais recentes e hist\u00f3ricos do Mega Millions.\",\n        \"price\": \"13.00\",\n        \"priceCurrency\": \"EUR\",\n        \"availability\": \"https:\/\/schema.org\/InStock\",\n        \"itemOffered\": {\n          \"@type\": \"Service\",\n          \"name\": \"Resultados do Mega Millions\",\n          \"description\": \"N\u00fameros sorteados do Mega Millions online, resultados recentes e antigos.\"\n        }\n      }\n    ]\n  },<\/p>\n<p>  \"mainEntityOfPage\": {\n    \"@type\": \"WebPage\",\n    \"@id\": \"https:\/\/redfoxlotto.com\/pt-pt\/resultados\/mega-millions\/\"\n  }\n}\n<\/script><br \/>\nProcura os resultados do \u00faltimo sorteio do Mega Millions USA? Pode encontr\u00e1-los aqui, bem como um arquivo com os n\u00fameros dos sorteios anteriores. Ganhar o jackpot do Mega Millions \u00e9 o sonho de qualquer apostador e a recompensa pode frequente ser de centenas de milh\u00f5es de d\u00f3lares!<\/p>\n<p><!--more--><\/p>\n<h2>Jackpot do Mega Millions<\/h2>\n<p><img loading=\"lazy\" decoding=\"async\" class=\" wp-image alignright\" src=\"https:\/\/content.redfoxlotto.com\/uploads\/sites\/9\/1_results_mega_millions.jpg\" alt=\"resultados da loteria\" width=\"238\" height=\"238\" \/><\/p>\n<p>O valor m\u00ednimo do primeiro pr\u00e9mio do Mega Millions \u00e9 de 40 milh\u00f5es de d\u00f3lares e o montante que pode atingir n\u00e3o tem qualquer limite. Esta \u00e9 uma lotaria onde se podem acumular somas enormes em per\u00edodos curtos. O maior jackpot que o Mega Millions alguma vez atingiu foi de mais de 1500 milh\u00f5es de d\u00f3lares!<\/p>\n<p>Jogue online no MegaMillions!<\/p>\n<h2>Categorias de pr\u00e9mios do Mega Millions<\/h2>\n<p><img decoding=\"async\" class=\"size-full wp-image alignright\" src=\"https:\/\/content.redfoxlotto.com\/uploads\/sites\/9\/1_lottery_winner_is2.jpg\" alt=\"Mega Millions jackpot\" \/><br \/>\nPoder\u00e1 ver na nossa tabela tanto as categorias de pr\u00e9mios dispon\u00edveis como os valores ganhos dentro de cada uma delas<\/p>\n<h2>N\u00fameros de ocorr\u00eancia mais e menos comum<\/h2>\n<p>O nosso arquivo poder\u00e1 tamb\u00e9m ser \u00fatil caso pretenda determinar os n\u00fameros com melhores hip\u00f3teses de sair. Seguem-se os n\u00fameros &#8220;quentes&#8221; do Mega Millions: Os n\u00fameros 29, 4, 48, e 36 s\u00e3o os que mais frequentemente t\u00eam sa\u00eddo nos <a href=\"https:\/\/redfoxlotto.com\/pt\/resultados\">sorteios<\/a> do Mega Millions. O n\u00famero 48 saiu mais de 80 vezes, desde 2005. Os n\u00fameros mais populares da MegaBall s\u00e3o o 35, 9, 36 e 7.<\/p>\n","protected":false},"excerpt":{"rendered":"<p>Procura os resultados do \u00faltimo sorteio do Mega Millions USA? Pode encontr\u00e1-los aqui, bem como um arquivo com os n\u00fameros dos sorteios anteriores. Ganhar o jackpot do Mega Millions \u00e9 o sonho de qualquer apostador e a recompensa pode frequente ser de centenas de milh\u00f5es de d\u00f3lares!<\/p>\n","protected":false},"author":1,"featured_media":0,"parent":1011,"menu_order":2,"comment_status":"closed","ping_status":"closed","template":"megamillion-results.php","meta":{"_et_pb_use_builder":"","_et_pb_old_content":"","_et_gb_content_width":"","exclude_from_search":false,"footnotes":""},"class_list":["post-1014","page","type-page","status-publish","hentry"],"yoast_head":"<!-- This site is optimized with the Yoast SEO plugin v23.8 - https:\/\/yoast.com\/wordpress\/plugins\/seo\/ -->\n<title>N\u00fameros vencedores e resultados do Mega Millions<\/title>\n<meta name=\"description\" content=\"Pode encontrar os n\u00fameros vencedores e resultados do \u00faltimo sorteio do Mega Millions aqui, incluindo um arquivo com informa\u00e7\u00e3o respeitante a sorteios anteriores\" \/>\n<meta name=\"robots\" content=\"index, follow, max-snippet:-1, max-image-preview:large, max-video-preview:-1\" \/>\n<link rel=\"canonical\" href=\"https:\/\/redfoxlotto.com\/pt-pt\/resultados\/mega-millions\/\" \/>\n<meta property=\"og:locale\" content=\"pt_PT\" \/>\n<meta property=\"og:type\" content=\"article\" \/>\n<meta property=\"og:title\" content=\"N\u00fameros vencedores e resultados do Mega Millions\" \/>\n<meta property=\"og:description\" content=\"Pode encontrar os n\u00fameros vencedores e resultados do \u00faltimo sorteio do Mega Millions aqui, incluindo um arquivo com informa\u00e7\u00e3o respeitante a sorteios anteriores\" \/>\n<meta property=\"og:url\" content=\"https:\/\/redfoxlotto.com\/pt-pt\/resultados\/mega-millions\/\" \/>\n<meta property=\"og:site_name\" content=\"Get Tickets for the World\u2019s largest jackpots\" \/>\n<meta property=\"article:modified_time\" content=\"2025-12-18T06:57:20+00:00\" \/>\n<meta property=\"og:image\" content=\"https:\/\/content.redfoxlotto.com\/uploads\/sites\/9\/1_results_mega_millions.jpg\" \/>\n<meta name=\"twitter:card\" content=\"summary_large_image\" \/>\n<meta name=\"twitter:label1\" content=\"Tempo estimado de leitura\" \/>\n\t<meta name=\"twitter:data1\" content=\"2 minutos\" \/>\n<script type=\"application\/ld+json\" class=\"yoast-schema-graph\">{\"@context\":\"https:\/\/schema.org\",\"@graph\":[{\"@type\":\"WebPage\",\"@id\":\"https:\/\/redfoxlotto.com\/pt-pt\/resultados\/mega-millions\/\",\"url\":\"https:\/\/redfoxlotto.com\/pt-pt\/resultados\/mega-millions\/\",\"name\":\"N\u00fameros vencedores e resultados do Mega Millions\",\"isPartOf\":{\"@id\":\"https:\/\/redfoxlotto.com\/pt-pt\/#website\"},\"primaryImageOfPage\":{\"@id\":\"https:\/\/redfoxlotto.com\/pt-pt\/resultados\/mega-millions\/#primaryimage\"},\"image\":{\"@id\":\"https:\/\/redfoxlotto.com\/pt-pt\/resultados\/mega-millions\/#primaryimage\"},\"thumbnailUrl\":\"https:\/\/content.redfoxlotto.com\/uploads\/sites\/9\/1_results_mega_millions.jpg\",\"datePublished\":\"2018-11-18T08:54:25+00:00\",\"dateModified\":\"2025-12-18T06:57:20+00:00\",\"description\":\"Pode encontrar os n\u00fameros vencedores e resultados do \u00faltimo sorteio do Mega Millions aqui, incluindo um arquivo com informa\u00e7\u00e3o respeitante a sorteios anteriores\",\"breadcrumb\":{\"@id\":\"https:\/\/redfoxlotto.com\/pt-pt\/resultados\/mega-millions\/#breadcrumb\"},\"inLanguage\":\"pt-PT\",\"potentialAction\":[{\"@type\":\"ReadAction\",\"target\":[\"https:\/\/redfoxlotto.com\/pt-pt\/resultados\/mega-millions\/\"]}]},{\"@type\":\"ImageObject\",\"inLanguage\":\"pt-PT\",\"@id\":\"https:\/\/redfoxlotto.com\/pt-pt\/resultados\/mega-millions\/#primaryimage\",\"url\":\"https:\/\/content.redfoxlotto.com\/uploads\/sites\/9\/1_results_mega_millions.jpg\",\"contentUrl\":\"https:\/\/content.redfoxlotto.com\/uploads\/sites\/9\/1_results_mega_millions.jpg\"},{\"@type\":\"BreadcrumbList\",\"@id\":\"https:\/\/redfoxlotto.com\/pt-pt\/resultados\/mega-millions\/#breadcrumb\",\"itemListElement\":[{\"@type\":\"ListItem\",\"position\":1,\"name\":\"Home\",\"item\":\"https:\/\/redfoxlotto.com\/pt-pt\/\"},{\"@type\":\"ListItem\",\"position\":2,\"name\":\"Resultados de lotarias internacionais\",\"item\":\"https:\/\/redfoxlotto.com\/pt-pt\/resultados\/\"},{\"@type\":\"ListItem\",\"position\":3,\"name\":\"Resultados do Mega Millions\"}]},{\"@type\":\"WebSite\",\"@id\":\"https:\/\/redfoxlotto.com\/pt-pt\/#website\",\"url\":\"https:\/\/redfoxlotto.com\/pt-pt\/\",\"name\":\"Get Tickets for the World\u2019s largest jackpots\",\"description\":\"Participate in worldwide lottery jackpots from any country\",\"publisher\":{\"@id\":\"https:\/\/redfoxlotto.com\/pt-pt\/#organization\"},\"potentialAction\":[{\"@type\":\"SearchAction\",\"target\":{\"@type\":\"EntryPoint\",\"urlTemplate\":\"https:\/\/redfoxlotto.com\/pt-pt\/?s={search_term_string}\"},\"query-input\":{\"@type\":\"PropertyValueSpecification\",\"valueRequired\":true,\"valueName\":\"search_term_string\"}}],\"inLanguage\":\"pt-PT\"},{\"@type\":\"Organization\",\"@id\":\"https:\/\/redfoxlotto.com\/pt-pt\/#organization\",\"name\":\"Get Tickets for the World\u2019s largest jackpots\",\"url\":\"https:\/\/redfoxlotto.com\/pt-pt\/\",\"logo\":{\"@type\":\"ImageObject\",\"inLanguage\":\"pt-PT\",\"@id\":\"https:\/\/redfoxlotto.com\/pt-pt\/#\/schema\/logo\/image\/\",\"url\":\"https:\/\/redfoxlotto.com\/wp-content\/uploads\/2023\/04\/logo.png\",\"contentUrl\":\"https:\/\/redfoxlotto.com\/wp-content\/uploads\/2023\/04\/logo.png\",\"width\":269,\"height\":53,\"caption\":\"Get Tickets for the World\u2019s largest jackpots\"},\"image\":{\"@id\":\"https:\/\/redfoxlotto.com\/pt-pt\/#\/schema\/logo\/image\/\"}}]}<\/script>\n<!-- \/ Yoast SEO plugin. -->","yoast_head_json":{"title":"N\u00fameros vencedores e resultados do Mega Millions","description":"Pode encontrar os n\u00fameros vencedores e resultados do \u00faltimo sorteio do Mega Millions aqui, incluindo um arquivo com informa\u00e7\u00e3o respeitante a sorteios anteriores","robots":{"index":"index","follow":"follow","max-snippet":"max-snippet:-1","max-image-preview":"max-image-preview:large","max-video-preview":"max-video-preview:-1"},"canonical":"https:\/\/redfoxlotto.com\/pt-pt\/resultados\/mega-millions\/","og_locale":"pt_PT","og_type":"article","og_title":"N\u00fameros vencedores e resultados do Mega Millions","og_description":"Pode encontrar os n\u00fameros vencedores e resultados do \u00faltimo sorteio do Mega Millions aqui, incluindo um arquivo com informa\u00e7\u00e3o respeitante a sorteios anteriores","og_url":"https:\/\/redfoxlotto.com\/pt-pt\/resultados\/mega-millions\/","og_site_name":"Get Tickets for the World\u2019s largest jackpots","article_modified_time":"2025-12-18T06:57:20+00:00","og_image":[{"url":"https:\/\/content.redfoxlotto.com\/uploads\/sites\/9\/1_results_mega_millions.jpg"}],"twitter_card":"summary_large_image","twitter_misc":{"Tempo estimado de leitura":"2 minutos"},"schema":{"@context":"https:\/\/schema.org","@graph":[{"@type":"WebPage","@id":"https:\/\/redfoxlotto.com\/pt-pt\/resultados\/mega-millions\/","url":"https:\/\/redfoxlotto.com\/pt-pt\/resultados\/mega-millions\/","name":"N\u00fameros vencedores e resultados do Mega Millions","isPartOf":{"@id":"https:\/\/redfoxlotto.com\/pt-pt\/#website"},"primaryImageOfPage":{"@id":"https:\/\/redfoxlotto.com\/pt-pt\/resultados\/mega-millions\/#primaryimage"},"image":{"@id":"https:\/\/redfoxlotto.com\/pt-pt\/resultados\/mega-millions\/#primaryimage"},"thumbnailUrl":"https:\/\/content.redfoxlotto.com\/uploads\/sites\/9\/1_results_mega_millions.jpg","datePublished":"2018-11-18T08:54:25+00:00","dateModified":"2025-12-18T06:57:20+00:00","description":"Pode encontrar os n\u00fameros vencedores e resultados do \u00faltimo sorteio do Mega Millions aqui, incluindo um arquivo com informa\u00e7\u00e3o respeitante a sorteios anteriores","breadcrumb":{"@id":"https:\/\/redfoxlotto.com\/pt-pt\/resultados\/mega-millions\/#breadcrumb"},"inLanguage":"pt-PT","potentialAction":[{"@type":"ReadAction","target":["https:\/\/redfoxlotto.com\/pt-pt\/resultados\/mega-millions\/"]}]},{"@type":"ImageObject","inLanguage":"pt-PT","@id":"https:\/\/redfoxlotto.com\/pt-pt\/resultados\/mega-millions\/#primaryimage","url":"https:\/\/content.redfoxlotto.com\/uploads\/sites\/9\/1_results_mega_millions.jpg","contentUrl":"https:\/\/content.redfoxlotto.com\/uploads\/sites\/9\/1_results_mega_millions.jpg"},{"@type":"BreadcrumbList","@id":"https:\/\/redfoxlotto.com\/pt-pt\/resultados\/mega-millions\/#breadcrumb","itemListElement":[{"@type":"ListItem","position":1,"name":"Home","item":"https:\/\/redfoxlotto.com\/pt-pt\/"},{"@type":"ListItem","position":2,"name":"Resultados de lotarias internacionais","item":"https:\/\/redfoxlotto.com\/pt-pt\/resultados\/"},{"@type":"ListItem","position":3,"name":"Resultados do Mega Millions"}]},{"@type":"WebSite","@id":"https:\/\/redfoxlotto.com\/pt-pt\/#website","url":"https:\/\/redfoxlotto.com\/pt-pt\/","name":"Get Tickets for the World\u2019s largest jackpots","description":"Participate in worldwide lottery jackpots from any country","publisher":{"@id":"https:\/\/redfoxlotto.com\/pt-pt\/#organization"},"potentialAction":[{"@type":"SearchAction","target":{"@type":"EntryPoint","urlTemplate":"https:\/\/redfoxlotto.com\/pt-pt\/?s={search_term_string}"},"query-input":{"@type":"PropertyValueSpecification","valueRequired":true,"valueName":"search_term_string"}}],"inLanguage":"pt-PT"},{"@type":"Organization","@id":"https:\/\/redfoxlotto.com\/pt-pt\/#organization","name":"Get Tickets for the World\u2019s largest jackpots","url":"https:\/\/redfoxlotto.com\/pt-pt\/","logo":{"@type":"ImageObject","inLanguage":"pt-PT","@id":"https:\/\/redfoxlotto.com\/pt-pt\/#\/schema\/logo\/image\/","url":"https:\/\/redfoxlotto.com\/wp-content\/uploads\/2023\/04\/logo.png","contentUrl":"https:\/\/redfoxlotto.com\/wp-content\/uploads\/2023\/04\/logo.png","width":269,"height":53,"caption":"Get Tickets for the World\u2019s largest jackpots"},"image":{"@id":"https:\/\/redfoxlotto.com\/pt-pt\/#\/schema\/logo\/image\/"}}]}},"_links":{"self":[{"href":"https:\/\/redfoxlotto.com\/pt-pt\/wp-json\/wp\/v2\/pages\/1014","targetHints":{"allow":["GET"]}}],"collection":[{"href":"https:\/\/redfoxlotto.com\/pt-pt\/wp-json\/wp\/v2\/pages"}],"about":[{"href":"https:\/\/redfoxlotto.com\/pt-pt\/wp-json\/wp\/v2\/types\/page"}],"author":[{"embeddable":true,"href":"https:\/\/redfoxlotto.com\/pt-pt\/wp-json\/wp\/v2\/users\/1"}],"replies":[{"embeddable":true,"href":"https:\/\/redfoxlotto.com\/pt-pt\/wp-json\/wp\/v2\/comments?post=1014"}],"version-history":[{"count":0,"href":"https:\/\/redfoxlotto.com\/pt-pt\/wp-json\/wp\/v2\/pages\/1014\/revisions"}],"up":[{"embeddable":true,"href":"https:\/\/redfoxlotto.com\/pt-pt\/wp-json\/wp\/v2\/pages\/1011"}],"wp:attachment":[{"href":"https:\/\/redfoxlotto.com\/pt-pt\/wp-json\/wp\/v2\/media?parent=1014"}],"curies":[{"name":"wp","href":"https:\/\/api.w.org\/{rel}","templated":true}]}}