{"id":1013,"date":"2018-11-18T08:54:25","date_gmt":"2018-11-18T08:54:25","guid":{"rendered":"https:\/\/redfoxlotto.com\/?page_id=2029"},"modified":"2025-12-17T15:13:33","modified_gmt":"2025-12-17T15:13:33","slug":"euromillions","status":"publish","type":"page","link":"https:\/\/redfoxlotto.com\/pt-pt\/resultados\/euromillions\/","title":{"rendered":"Resultados do Euromilh\u00f5es"},"content":{"rendered":"<p><script type=\"application\/ld+json\">\n{\n  \"@context\": \"https:\/\/schema.org\",\n  \"@type\": \"Service\",\n  \"name\": \"Consultar resultados do Euromillions online\",\n  \"url\": \"https:\/\/redfoxlotto.com\/pt-pt\/resultados\/euromillions\/\",\n  \"description\": \"Visite o RedFoxLotto para consultar os resultados mais recentes e arquivados do Euromillions.\",\n  \"serviceType\": \"Arquivo mundial de resultados de lotarias\",\n  \"provider\": {\n    \"@type\": \"Organization\",\n    \"name\": \"RedFoxLotto\",\n    \"url\": \"https:\/\/redfoxlotto.com\",\n    \"image\": \"https:\/\/redfoxlotto.com\/wp-content\/uploads\/2025\/12\/ticket_scans.jpg\",\n    \"sameAs\": []\n  },\n  \"areaServed\": \"Worldwide\",\n  \"termsOfService\": \"https:\/\/redfoxlotto.com\/terms-and-conditions\",\n  \"additionalProperty\": {\n    \"@type\": \"PropertyValue\",\n    \"name\": \"FAQ\",\n    \"value\": \"https:\/\/redfoxlotto.com\/pt-pt\/resultados\/euromillions\/\"\n  },\n  \"hasOfferCatalog\": {\n    \"@type\": \"OfferCatalog\",\n    \"name\": \"Resultados do Euromillions\",\n    \"itemListElement\": [{\n      \"@type\": \"Offer\",\n      \"name\": \"Resultados do Euromillions\",\n      \"url\": \"https:\/\/redfoxlotto.com\/pt-pt\/resultados\/euromillions\/\",\n      \"description\": \"Resultados recentes e anteriores do Euromillions.\",\n      \"itemOffered\": {\n        \"@type\": \"Service\",\n        \"name\": \"Resultados do Euromillions\",\n        \"description\": \"N\u00fameros sorteados do Euromillions.\"\n      }\n    }]\n  },\n  \"mainEntityOfPage\": {\n    \"@type\": \"WebPage\",\n    \"@id\": \"https:\/\/redfoxlotto.com\/pt-pt\/resultados\/euromillions\/\"\n  }\n}\n<\/script><\/p>\n<p>Listamos nesta p\u00e1gina os <strong>resultados dos sorteios do Euromilh\u00f5es<\/strong>. Tem um bilhete premiado? Parab\u00e9ns! Fa\u00e7a bom uso do nosso arquivo de resultados, onde poder\u00e1 obter informa\u00e7\u00f5es sobre quais os n\u00fameros que desde h\u00e1 muito n\u00e3o s\u00e3o sorteados.<\/p>\n<p><!--more--><\/p>\n<h2>O EuroMilh\u00f5es e o Criador de Milion\u00e1rios do Reino Unido<\/h2>\n<p>Os jogadores pagam um pouco mais porque os bilhetes do EuroMilh\u00f5es s\u00e3o comprados no Reino Unido. Isto deve-se ao facto de os bilhetes do Reino Unido terem uma entrada autom\u00e1tica no sorteio do Millionaire Maker, que oferece uma oportunidade extra de ganhar um pr\u00e9mio de 1 milh\u00e3o de libras.<\/p>\n<p>O Millionaire Maker funciona gerando um c\u00f3digo \u00fanico para cada bilhete comprado. Este c\u00f3digo \u00e9 composto por quatro letras seguidas de cinco n\u00fameros (por exemplo, ABCD12345). Em cada sorteio, um ou mais destes c\u00f3digos s\u00e3o selecionados aleatoriamente, e o portador do bilhete com o c\u00f3digo correspondente ganha instantaneamente \u20ac1 milh\u00e3o, independentemente dos n\u00fameros principais do EuroMilh\u00f5es sorteados.<\/p>\n<p>Esta carater\u00edstica torna o jogo do Euromilh\u00f5es no Reino Unido particularmente atrativo, pois oferece uma oportunidade extra de ganhar um pr\u00e9mio significativo para al\u00e9m do jackpot normal e dos pr\u00e9mios de n\u00edvel inferior.<\/p>\n<h2>Jackpot do Euromilh\u00f5es<\/h2>\n<p><img loading=\"lazy\" decoding=\"async\" class=\" wp-image alignright\" src=\"https:\/\/content.redfoxlotto.com\/uploads\/sites\/9\/1_results_mega_millions.jpg\" alt=\"resultados da loteria\" width=\"217\" height=\"217\" \/><\/p>\n<p>O valor inicial do primeiro pr\u00e9mio do Euromilh\u00f5es \u00e9 de \u20ac 17.000.000. Mas j\u00e1 houve jackpots fabulosos, de 190 milh\u00f5es de euros. Este \u00e9 o motivo pelo qual apostadores por toda a Europa adoram esta lotaria.<\/p>\n<h2>Pr\u00e9mios e vencedores do Euromilh\u00f5es<\/h2>\n<p><img decoding=\"async\" class=\"size-full wp-image alignright\" src=\"https:\/\/content.redfoxlotto.com\/uploads\/sites\/9\/1_lottery_winner_is2.jpg\" alt=\"Mega Millions jackpot\" \/><br \/>\nO Euromilh\u00f5es inclui 13 categorias de pr\u00e9mios. Basta acertar em dois n\u00fameros para ganhar um pr\u00e9mio. A nossa tabela tamb\u00e9m lhe mostra o n\u00famero de <strong>vencedores em cada categoria de pr\u00e9mios<\/strong>, junto com os valores que lhes foram pagos.<\/p>\n","protected":false},"excerpt":{"rendered":"<p>Listamos nesta p\u00e1gina os resultados dos sorteios do Euromilh\u00f5es. Tem um bilhete premiado? Parab\u00e9ns! Fa\u00e7a bom uso do nosso arquivo de resultados, onde poder\u00e1 obter informa\u00e7\u00f5es sobre quais os n\u00fameros que desde h\u00e1 muito n\u00e3o s\u00e3o sorteados.<\/p>\n","protected":false},"author":1,"featured_media":0,"parent":1011,"menu_order":3,"comment_status":"closed","ping_status":"closed","template":"euromillions-results.php","meta":{"_et_pb_use_builder":"","_et_pb_old_content":"","_et_gb_content_width":"","exclude_from_search":false,"footnotes":""},"class_list":["post-1013","page","type-page","status-publish","hentry"],"yoast_head":"<!-- This site is optimized with the Yoast SEO plugin v27.4 - https:\/\/yoast.com\/product\/yoast-seo-wordpress\/ -->\n<title>N\u00fameros vencedores e resultados do Euromilh\u00f5es<\/title>\n<meta name=\"description\" content=\"Procura os n\u00fameros vencedores ou resultados do Euromilh\u00f5es? Aqui os temos!\" \/>\n<meta name=\"robots\" content=\"index, follow, max-snippet:-1, max-image-preview:large, max-video-preview:-1\" \/>\n<link rel=\"canonical\" href=\"https:\/\/redfoxlotto.com\/pt-pt\/resultados\/euromillions\/\" \/>\n<meta property=\"og:locale\" content=\"pt_PT\" \/>\n<meta property=\"og:type\" content=\"article\" \/>\n<meta property=\"og:title\" content=\"N\u00fameros vencedores e resultados do Euromilh\u00f5es\" \/>\n<meta property=\"og:description\" content=\"Procura os n\u00fameros vencedores ou resultados do Euromilh\u00f5es? Aqui os temos!\" \/>\n<meta property=\"og:url\" content=\"https:\/\/redfoxlotto.com\/pt-pt\/resultados\/euromillions\/\" \/>\n<meta property=\"og:site_name\" content=\"Get Tickets for the World\u2019s largest jackpots\" \/>\n<meta property=\"article:modified_time\" content=\"2025-12-17T15:13:33+00:00\" \/>\n<meta property=\"og:image\" content=\"https:\/\/content.redfoxlotto.com\/uploads\/sites\/9\/1_results_mega_millions.jpg\" \/>\n<meta name=\"twitter:card\" content=\"summary_large_image\" \/>\n<meta name=\"twitter:label1\" content=\"Tempo estimado de leitura\" \/>\n\t<meta name=\"twitter:data1\" content=\"2 minutos\" \/>\n<script type=\"application\/ld+json\" class=\"yoast-schema-graph\">{\"@context\":\"https:\\\/\\\/schema.org\",\"@graph\":[{\"@type\":\"WebPage\",\"@id\":\"https:\\\/\\\/redfoxlotto.com\\\/pt-pt\\\/resultados\\\/euromillions\\\/\",\"url\":\"https:\\\/\\\/redfoxlotto.com\\\/pt-pt\\\/resultados\\\/euromillions\\\/\",\"name\":\"N\u00fameros vencedores e resultados do Euromilh\u00f5es\",\"isPartOf\":{\"@id\":\"https:\\\/\\\/redfoxlotto.com\\\/pt-pt\\\/#website\"},\"primaryImageOfPage\":{\"@id\":\"https:\\\/\\\/redfoxlotto.com\\\/pt-pt\\\/resultados\\\/euromillions\\\/#primaryimage\"},\"image\":{\"@id\":\"https:\\\/\\\/redfoxlotto.com\\\/pt-pt\\\/resultados\\\/euromillions\\\/#primaryimage\"},\"thumbnailUrl\":\"https:\\\/\\\/content.redfoxlotto.com\\\/uploads\\\/sites\\\/9\\\/1_results_mega_millions.jpg\",\"datePublished\":\"2018-11-18T08:54:25+00:00\",\"dateModified\":\"2025-12-17T15:13:33+00:00\",\"description\":\"Procura os n\u00fameros vencedores ou resultados do Euromilh\u00f5es? Aqui os temos!\",\"breadcrumb\":{\"@id\":\"https:\\\/\\\/redfoxlotto.com\\\/pt-pt\\\/resultados\\\/euromillions\\\/#breadcrumb\"},\"inLanguage\":\"pt-PT\",\"potentialAction\":[{\"@type\":\"ReadAction\",\"target\":[\"https:\\\/\\\/redfoxlotto.com\\\/pt-pt\\\/resultados\\\/euromillions\\\/\"]}]},{\"@type\":\"ImageObject\",\"inLanguage\":\"pt-PT\",\"@id\":\"https:\\\/\\\/redfoxlotto.com\\\/pt-pt\\\/resultados\\\/euromillions\\\/#primaryimage\",\"url\":\"https:\\\/\\\/content.redfoxlotto.com\\\/uploads\\\/sites\\\/9\\\/1_results_mega_millions.jpg\",\"contentUrl\":\"https:\\\/\\\/content.redfoxlotto.com\\\/uploads\\\/sites\\\/9\\\/1_results_mega_millions.jpg\"},{\"@type\":\"BreadcrumbList\",\"@id\":\"https:\\\/\\\/redfoxlotto.com\\\/pt-pt\\\/resultados\\\/euromillions\\\/#breadcrumb\",\"itemListElement\":[{\"@type\":\"ListItem\",\"position\":1,\"name\":\"Home\",\"item\":\"https:\\\/\\\/redfoxlotto.com\\\/pt-pt\\\/\"},{\"@type\":\"ListItem\",\"position\":2,\"name\":\"Resultados de lotarias internacionais\",\"item\":\"https:\\\/\\\/redfoxlotto.com\\\/pt-pt\\\/resultados\\\/\"},{\"@type\":\"ListItem\",\"position\":3,\"name\":\"Resultados do Euromilh\u00f5es\"}]},{\"@type\":\"WebSite\",\"@id\":\"https:\\\/\\\/redfoxlotto.com\\\/pt-pt\\\/#website\",\"url\":\"https:\\\/\\\/redfoxlotto.com\\\/pt-pt\\\/\",\"name\":\"Get Tickets for the World\u2019s largest jackpots\",\"description\":\"Participate in worldwide lottery jackpots from any country\",\"publisher\":{\"@id\":\"https:\\\/\\\/redfoxlotto.com\\\/pt-pt\\\/#organization\"},\"potentialAction\":[{\"@type\":\"SearchAction\",\"target\":{\"@type\":\"EntryPoint\",\"urlTemplate\":\"https:\\\/\\\/redfoxlotto.com\\\/pt-pt\\\/?s={search_term_string}\"},\"query-input\":{\"@type\":\"PropertyValueSpecification\",\"valueRequired\":true,\"valueName\":\"search_term_string\"}}],\"inLanguage\":\"pt-PT\"},{\"@type\":\"Organization\",\"@id\":\"https:\\\/\\\/redfoxlotto.com\\\/pt-pt\\\/#organization\",\"name\":\"Get Tickets for the World\u2019s largest jackpots\",\"url\":\"https:\\\/\\\/redfoxlotto.com\\\/pt-pt\\\/\",\"logo\":{\"@type\":\"ImageObject\",\"inLanguage\":\"pt-PT\",\"@id\":\"https:\\\/\\\/redfoxlotto.com\\\/pt-pt\\\/#\\\/schema\\\/logo\\\/image\\\/\",\"url\":\"https:\\\/\\\/redfoxlotto.com\\\/wp-content\\\/uploads\\\/2023\\\/04\\\/logo.png\",\"contentUrl\":\"https:\\\/\\\/redfoxlotto.com\\\/wp-content\\\/uploads\\\/2023\\\/04\\\/logo.png\",\"width\":269,\"height\":53,\"caption\":\"Get Tickets for the World\u2019s largest jackpots\"},\"image\":{\"@id\":\"https:\\\/\\\/redfoxlotto.com\\\/pt-pt\\\/#\\\/schema\\\/logo\\\/image\\\/\"}}]}<\/script>\n<!-- \/ Yoast SEO plugin. -->","yoast_head_json":{"title":"N\u00fameros vencedores e resultados do Euromilh\u00f5es","description":"Procura os n\u00fameros vencedores ou resultados do Euromilh\u00f5es? Aqui os temos!","robots":{"index":"index","follow":"follow","max-snippet":"max-snippet:-1","max-image-preview":"max-image-preview:large","max-video-preview":"max-video-preview:-1"},"canonical":"https:\/\/redfoxlotto.com\/pt-pt\/resultados\/euromillions\/","og_locale":"pt_PT","og_type":"article","og_title":"N\u00fameros vencedores e resultados do Euromilh\u00f5es","og_description":"Procura os n\u00fameros vencedores ou resultados do Euromilh\u00f5es? Aqui os temos!","og_url":"https:\/\/redfoxlotto.com\/pt-pt\/resultados\/euromillions\/","og_site_name":"Get Tickets for the World\u2019s largest jackpots","article_modified_time":"2025-12-17T15:13:33+00:00","og_image":[{"url":"https:\/\/content.redfoxlotto.com\/uploads\/sites\/9\/1_results_mega_millions.jpg","type":"","width":"","height":""}],"twitter_card":"summary_large_image","twitter_misc":{"Tempo estimado de leitura":"2 minutos"},"schema":{"@context":"https:\/\/schema.org","@graph":[{"@type":"WebPage","@id":"https:\/\/redfoxlotto.com\/pt-pt\/resultados\/euromillions\/","url":"https:\/\/redfoxlotto.com\/pt-pt\/resultados\/euromillions\/","name":"N\u00fameros vencedores e resultados do Euromilh\u00f5es","isPartOf":{"@id":"https:\/\/redfoxlotto.com\/pt-pt\/#website"},"primaryImageOfPage":{"@id":"https:\/\/redfoxlotto.com\/pt-pt\/resultados\/euromillions\/#primaryimage"},"image":{"@id":"https:\/\/redfoxlotto.com\/pt-pt\/resultados\/euromillions\/#primaryimage"},"thumbnailUrl":"https:\/\/content.redfoxlotto.com\/uploads\/sites\/9\/1_results_mega_millions.jpg","datePublished":"2018-11-18T08:54:25+00:00","dateModified":"2025-12-17T15:13:33+00:00","description":"Procura os n\u00fameros vencedores ou resultados do Euromilh\u00f5es? Aqui os temos!","breadcrumb":{"@id":"https:\/\/redfoxlotto.com\/pt-pt\/resultados\/euromillions\/#breadcrumb"},"inLanguage":"pt-PT","potentialAction":[{"@type":"ReadAction","target":["https:\/\/redfoxlotto.com\/pt-pt\/resultados\/euromillions\/"]}]},{"@type":"ImageObject","inLanguage":"pt-PT","@id":"https:\/\/redfoxlotto.com\/pt-pt\/resultados\/euromillions\/#primaryimage","url":"https:\/\/content.redfoxlotto.com\/uploads\/sites\/9\/1_results_mega_millions.jpg","contentUrl":"https:\/\/content.redfoxlotto.com\/uploads\/sites\/9\/1_results_mega_millions.jpg"},{"@type":"BreadcrumbList","@id":"https:\/\/redfoxlotto.com\/pt-pt\/resultados\/euromillions\/#breadcrumb","itemListElement":[{"@type":"ListItem","position":1,"name":"Home","item":"https:\/\/redfoxlotto.com\/pt-pt\/"},{"@type":"ListItem","position":2,"name":"Resultados de lotarias internacionais","item":"https:\/\/redfoxlotto.com\/pt-pt\/resultados\/"},{"@type":"ListItem","position":3,"name":"Resultados do Euromilh\u00f5es"}]},{"@type":"WebSite","@id":"https:\/\/redfoxlotto.com\/pt-pt\/#website","url":"https:\/\/redfoxlotto.com\/pt-pt\/","name":"Get Tickets for the World\u2019s largest jackpots","description":"Participate in worldwide lottery jackpots from any country","publisher":{"@id":"https:\/\/redfoxlotto.com\/pt-pt\/#organization"},"potentialAction":[{"@type":"SearchAction","target":{"@type":"EntryPoint","urlTemplate":"https:\/\/redfoxlotto.com\/pt-pt\/?s={search_term_string}"},"query-input":{"@type":"PropertyValueSpecification","valueRequired":true,"valueName":"search_term_string"}}],"inLanguage":"pt-PT"},{"@type":"Organization","@id":"https:\/\/redfoxlotto.com\/pt-pt\/#organization","name":"Get Tickets for the World\u2019s largest jackpots","url":"https:\/\/redfoxlotto.com\/pt-pt\/","logo":{"@type":"ImageObject","inLanguage":"pt-PT","@id":"https:\/\/redfoxlotto.com\/pt-pt\/#\/schema\/logo\/image\/","url":"https:\/\/redfoxlotto.com\/wp-content\/uploads\/2023\/04\/logo.png","contentUrl":"https:\/\/redfoxlotto.com\/wp-content\/uploads\/2023\/04\/logo.png","width":269,"height":53,"caption":"Get Tickets for the World\u2019s largest jackpots"},"image":{"@id":"https:\/\/redfoxlotto.com\/pt-pt\/#\/schema\/logo\/image\/"}}]}},"_links":{"self":[{"href":"https:\/\/redfoxlotto.com\/pt-pt\/wp-json\/wp\/v2\/pages\/1013","targetHints":{"allow":["GET"]}}],"collection":[{"href":"https:\/\/redfoxlotto.com\/pt-pt\/wp-json\/wp\/v2\/pages"}],"about":[{"href":"https:\/\/redfoxlotto.com\/pt-pt\/wp-json\/wp\/v2\/types\/page"}],"author":[{"embeddable":true,"href":"https:\/\/redfoxlotto.com\/pt-pt\/wp-json\/wp\/v2\/users\/1"}],"replies":[{"embeddable":true,"href":"https:\/\/redfoxlotto.com\/pt-pt\/wp-json\/wp\/v2\/comments?post=1013"}],"version-history":[{"count":0,"href":"https:\/\/redfoxlotto.com\/pt-pt\/wp-json\/wp\/v2\/pages\/1013\/revisions"}],"up":[{"embeddable":true,"href":"https:\/\/redfoxlotto.com\/pt-pt\/wp-json\/wp\/v2\/pages\/1011"}],"wp:attachment":[{"href":"https:\/\/redfoxlotto.com\/pt-pt\/wp-json\/wp\/v2\/media?parent=1013"}],"curies":[{"name":"wp","href":"https:\/\/api.w.org\/{rel}","templated":true}]}}