{"id":1010,"date":"2018-11-18T08:54:25","date_gmt":"2018-11-18T08:54:25","guid":{"rendered":"https:\/\/redfoxlotto.com\/?page_id=2023"},"modified":"2018-12-08T13:58:35","modified_gmt":"2018-12-08T13:58:35","slug":"lotto-uk","status":"publish","type":"page","link":"https:\/\/redfoxlotto.com\/pt-pt\/lotarias\/lotto-uk\/","title":{"rendered":"Sobre a UK Lottery"},"content":{"rendered":"<p>A UK Lottery \u00e9 a maior lotaria nacional do Reino Unido, \u00e0 exce\u00e7\u00e3o de lotarias pan-europeias, tais como o Euromilh\u00f5es e o Eurojackpot.<!--more--><br \/>\n<img loading=\"lazy\" decoding=\"async\" class=\" wp-image alignright\" src=\"https:\/\/content.redfoxlotto.com\/uploads\/sites\/9\/2_ticket_uk_lottery2.jpg\" alt=\"bilhetes de loteria do Reino Unido\" width=\"201\" height=\"318\" \/><\/p>\n<p>Hoje em dia, tamb\u00e9m os apostadores de fora do Reino Unido podem tentar a sua sorte nesta lotaria muito popular, onde as hip\u00f3teses de ganhar s\u00e3o melhores que na generalidade das outras lotarias europeias.<\/p>\n<p>A lotaria do Reino Unido, tal como o nome indica, \u00e9 a lotaria oficial do Reino Unido. Em 1994, quando o jogo come\u00e7ou, ele era conhecido como a loteria nacional, mas foi alterado para loteria no ano de 2002. A loteria do Reino Unido \u00e9 franqueada pelo governo do Reino Unido e a licen\u00e7a para operar a loteria foi dada a um grupo conhecido como o grupo Camelot, enquanto as opera\u00e7\u00f5es reguladoras da loteria \u00e9 feita pela comiss\u00e3o de jogo.<\/p>\n<p>Somente pessoas com pelo menos 16 anos de idade podem participar da loteria do Reino Unido. Embora os bilhetes possam ser comprados online no site da Loteria Nacional, eles s\u00f3 est\u00e3o dispon\u00edveis para pessoas que atendam aos crit\u00e9rios acima.<br \/>\n<img decoding=\"async\" class=\"size-full wp-image alignright\" src=\"https:\/\/content.redfoxlotto.com\/uploads\/sites\/9\/1_win_lottery_online3.jpg\" alt=\"comprar bilhete UK Lottery\" \/><br \/>\nPara participar da loteria do Reino Unido, os apostadores precisam comprar um bilhete de loteria e podem escolher 6 n\u00fameros de uma escolha de 59 e tamb\u00e9m t\u00eam a op\u00e7\u00e3o de selecionar um sorteio no qual os n\u00fameros s\u00e3o selecionados aleatoriamente para voc\u00ea. Os sorteios s\u00e3o feitos duas vezes por semana, onde 6 n\u00fameros s\u00e3o selecionados aleatoriamente e um n\u00famero b\u00f4nus tamb\u00e9m \u00e9 selecionado entre os 53 restantes. Se os n\u00fameros do seu bilhete coincidirem exactamente com os 6 n\u00fameros principais sorteados, ent\u00e3o voc\u00ea ganhou o jackpot. Mesmo que o seu bilhete n\u00e3o corresponda a todos os 6 n\u00fameros sorteados, voc\u00ea ainda tem chances de ganhar algo, pois h\u00e1 pr\u00eamios para combinar 2, 3, 4 ou 5 dos n\u00fameros sorteados, n\u00e3o excluindo o n\u00famero de b\u00f4nus.<\/p>\n<p>O maior jackpot ganho at\u00e9 agora na loteria do Reino Unido \u00e9 o ganho de \u00a3161,6 milh\u00f5es em 12 de Julho de 2011 por Collins Weir e sua esposa. A probabilidade de ganhar o jackpot na loteria do Reino Unido \u00e9 de 1:45 milh\u00f5es.<\/p>\n<p><strong>Obtenha j\u00e1 o seu bilhete para a UK Lottery, online!<\/strong><\/p>\n","protected":false},"excerpt":{"rendered":"<p>A UK Lottery \u00e9 a maior lotaria nacional do Reino Unido, \u00e0 exce\u00e7\u00e3o de lotarias pan-europeias, tais como o Euromilh\u00f5es e o Eurojackpot.<\/p>\n","protected":false},"author":1,"featured_media":0,"parent":1003,"menu_order":9,"comment_status":"closed","ping_status":"closed","template":"lotto-uk-info.php","meta":{"_et_pb_use_builder":"","_et_pb_old_content":"","_et_gb_content_width":"","exclude_from_search":false,"footnotes":""},"class_list":["post-1010","page","type-page","status-publish","hentry"],"yoast_head":"<!-- This site is optimized with the Yoast SEO plugin v23.8 - https:\/\/yoast.com\/wordpress\/plugins\/seo\/ -->\n<title>The UK lottery | Informa\u00e7\u00f5es relevantes que voc\u00ea precisa saber sobre a loteria do Reino Unido.<\/title>\n<meta name=\"description\" content=\"Voc\u00ea tem uma chance melhor com a loteria do Reino Unido apenas por saber esta informa\u00e7\u00e3o sobre eles.\" \/>\n<meta name=\"robots\" content=\"index, follow, max-snippet:-1, max-image-preview:large, max-video-preview:-1\" \/>\n<link rel=\"canonical\" href=\"https:\/\/redfoxlotto.com\/pt-pt\/lotarias\/lotto-uk\/\" \/>\n<meta property=\"og:locale\" content=\"pt_PT\" \/>\n<meta property=\"og:type\" content=\"article\" \/>\n<meta property=\"og:title\" content=\"The UK lottery | Informa\u00e7\u00f5es relevantes que voc\u00ea precisa saber sobre a loteria do Reino Unido.\" \/>\n<meta property=\"og:description\" content=\"Voc\u00ea tem uma chance melhor com a loteria do Reino Unido apenas por saber esta informa\u00e7\u00e3o sobre eles.\" \/>\n<meta property=\"og:url\" content=\"https:\/\/redfoxlotto.com\/pt-pt\/lotarias\/lotto-uk\/\" \/>\n<meta property=\"og:site_name\" content=\"Get Tickets for the World\u2019s largest jackpots\" \/>\n<meta property=\"article:modified_time\" content=\"2018-12-08T13:58:35+00:00\" \/>\n<meta property=\"og:image\" content=\"https:\/\/content.redfoxlotto.com\/uploads\/sites\/9\/2_ticket_uk_lottery2.jpg\" \/>\n<meta name=\"twitter:card\" content=\"summary_large_image\" \/>\n<meta name=\"twitter:label1\" content=\"Tempo estimado de leitura\" \/>\n\t<meta name=\"twitter:data1\" content=\"2 minutos\" \/>\n<script type=\"application\/ld+json\" class=\"yoast-schema-graph\">{\"@context\":\"https:\/\/schema.org\",\"@graph\":[{\"@type\":\"WebPage\",\"@id\":\"https:\/\/redfoxlotto.com\/pt-pt\/lotarias\/lotto-uk\/\",\"url\":\"https:\/\/redfoxlotto.com\/pt-pt\/lotarias\/lotto-uk\/\",\"name\":\"The UK lottery | Informa\u00e7\u00f5es relevantes que voc\u00ea precisa saber sobre a loteria do Reino Unido.\",\"isPartOf\":{\"@id\":\"https:\/\/redfoxlotto.com\/pt-pt\/#website\"},\"primaryImageOfPage\":{\"@id\":\"https:\/\/redfoxlotto.com\/pt-pt\/lotarias\/lotto-uk\/#primaryimage\"},\"image\":{\"@id\":\"https:\/\/redfoxlotto.com\/pt-pt\/lotarias\/lotto-uk\/#primaryimage\"},\"thumbnailUrl\":\"https:\/\/content.redfoxlotto.com\/uploads\/sites\/9\/2_ticket_uk_lottery2.jpg\",\"datePublished\":\"2018-11-18T08:54:25+00:00\",\"dateModified\":\"2018-12-08T13:58:35+00:00\",\"description\":\"Voc\u00ea tem uma chance melhor com a loteria do Reino Unido apenas por saber esta informa\u00e7\u00e3o sobre eles.\",\"breadcrumb\":{\"@id\":\"https:\/\/redfoxlotto.com\/pt-pt\/lotarias\/lotto-uk\/#breadcrumb\"},\"inLanguage\":\"pt-PT\",\"potentialAction\":[{\"@type\":\"ReadAction\",\"target\":[\"https:\/\/redfoxlotto.com\/pt-pt\/lotarias\/lotto-uk\/\"]}]},{\"@type\":\"ImageObject\",\"inLanguage\":\"pt-PT\",\"@id\":\"https:\/\/redfoxlotto.com\/pt-pt\/lotarias\/lotto-uk\/#primaryimage\",\"url\":\"https:\/\/content.redfoxlotto.com\/uploads\/sites\/9\/2_ticket_uk_lottery2.jpg\",\"contentUrl\":\"https:\/\/content.redfoxlotto.com\/uploads\/sites\/9\/2_ticket_uk_lottery2.jpg\"},{\"@type\":\"BreadcrumbList\",\"@id\":\"https:\/\/redfoxlotto.com\/pt-pt\/lotarias\/lotto-uk\/#breadcrumb\",\"itemListElement\":[{\"@type\":\"ListItem\",\"position\":1,\"name\":\"Home\",\"item\":\"https:\/\/redfoxlotto.com\/pt-pt\/\"},{\"@type\":\"ListItem\",\"position\":2,\"name\":\"O processo de compra dos seus bilhetes\",\"item\":\"https:\/\/redfoxlotto.com\/pt-pt\/lotarias\/\"},{\"@type\":\"ListItem\",\"position\":3,\"name\":\"Sobre a UK Lottery\"}]},{\"@type\":\"WebSite\",\"@id\":\"https:\/\/redfoxlotto.com\/pt-pt\/#website\",\"url\":\"https:\/\/redfoxlotto.com\/pt-pt\/\",\"name\":\"Get Tickets for the World\u2019s largest jackpots\",\"description\":\"Participate in worldwide lottery jackpots from any country\",\"publisher\":{\"@id\":\"https:\/\/redfoxlotto.com\/pt-pt\/#organization\"},\"potentialAction\":[{\"@type\":\"SearchAction\",\"target\":{\"@type\":\"EntryPoint\",\"urlTemplate\":\"https:\/\/redfoxlotto.com\/pt-pt\/?s={search_term_string}\"},\"query-input\":{\"@type\":\"PropertyValueSpecification\",\"valueRequired\":true,\"valueName\":\"search_term_string\"}}],\"inLanguage\":\"pt-PT\"},{\"@type\":\"Organization\",\"@id\":\"https:\/\/redfoxlotto.com\/pt-pt\/#organization\",\"name\":\"Get Tickets for the World\u2019s largest jackpots\",\"url\":\"https:\/\/redfoxlotto.com\/pt-pt\/\",\"logo\":{\"@type\":\"ImageObject\",\"inLanguage\":\"pt-PT\",\"@id\":\"https:\/\/redfoxlotto.com\/pt-pt\/#\/schema\/logo\/image\/\",\"url\":\"https:\/\/redfoxlotto.com\/wp-content\/uploads\/2023\/04\/logo.png\",\"contentUrl\":\"https:\/\/redfoxlotto.com\/wp-content\/uploads\/2023\/04\/logo.png\",\"width\":269,\"height\":53,\"caption\":\"Get Tickets for the World\u2019s largest jackpots\"},\"image\":{\"@id\":\"https:\/\/redfoxlotto.com\/pt-pt\/#\/schema\/logo\/image\/\"}}]}<\/script>\n<!-- \/ Yoast SEO plugin. -->","yoast_head_json":{"title":"The UK lottery | Informa\u00e7\u00f5es relevantes que voc\u00ea precisa saber sobre a loteria do Reino Unido.","description":"Voc\u00ea tem uma chance melhor com a loteria do Reino Unido apenas por saber esta informa\u00e7\u00e3o sobre eles.","robots":{"index":"index","follow":"follow","max-snippet":"max-snippet:-1","max-image-preview":"max-image-preview:large","max-video-preview":"max-video-preview:-1"},"canonical":"https:\/\/redfoxlotto.com\/pt-pt\/lotarias\/lotto-uk\/","og_locale":"pt_PT","og_type":"article","og_title":"The UK lottery | Informa\u00e7\u00f5es relevantes que voc\u00ea precisa saber sobre a loteria do Reino Unido.","og_description":"Voc\u00ea tem uma chance melhor com a loteria do Reino Unido apenas por saber esta informa\u00e7\u00e3o sobre eles.","og_url":"https:\/\/redfoxlotto.com\/pt-pt\/lotarias\/lotto-uk\/","og_site_name":"Get Tickets for the World\u2019s largest jackpots","article_modified_time":"2018-12-08T13:58:35+00:00","og_image":[{"url":"https:\/\/content.redfoxlotto.com\/uploads\/sites\/9\/2_ticket_uk_lottery2.jpg"}],"twitter_card":"summary_large_image","twitter_misc":{"Tempo estimado de leitura":"2 minutos"},"schema":{"@context":"https:\/\/schema.org","@graph":[{"@type":"WebPage","@id":"https:\/\/redfoxlotto.com\/pt-pt\/lotarias\/lotto-uk\/","url":"https:\/\/redfoxlotto.com\/pt-pt\/lotarias\/lotto-uk\/","name":"The UK lottery | Informa\u00e7\u00f5es relevantes que voc\u00ea precisa saber sobre a loteria do Reino Unido.","isPartOf":{"@id":"https:\/\/redfoxlotto.com\/pt-pt\/#website"},"primaryImageOfPage":{"@id":"https:\/\/redfoxlotto.com\/pt-pt\/lotarias\/lotto-uk\/#primaryimage"},"image":{"@id":"https:\/\/redfoxlotto.com\/pt-pt\/lotarias\/lotto-uk\/#primaryimage"},"thumbnailUrl":"https:\/\/content.redfoxlotto.com\/uploads\/sites\/9\/2_ticket_uk_lottery2.jpg","datePublished":"2018-11-18T08:54:25+00:00","dateModified":"2018-12-08T13:58:35+00:00","description":"Voc\u00ea tem uma chance melhor com a loteria do Reino Unido apenas por saber esta informa\u00e7\u00e3o sobre eles.","breadcrumb":{"@id":"https:\/\/redfoxlotto.com\/pt-pt\/lotarias\/lotto-uk\/#breadcrumb"},"inLanguage":"pt-PT","potentialAction":[{"@type":"ReadAction","target":["https:\/\/redfoxlotto.com\/pt-pt\/lotarias\/lotto-uk\/"]}]},{"@type":"ImageObject","inLanguage":"pt-PT","@id":"https:\/\/redfoxlotto.com\/pt-pt\/lotarias\/lotto-uk\/#primaryimage","url":"https:\/\/content.redfoxlotto.com\/uploads\/sites\/9\/2_ticket_uk_lottery2.jpg","contentUrl":"https:\/\/content.redfoxlotto.com\/uploads\/sites\/9\/2_ticket_uk_lottery2.jpg"},{"@type":"BreadcrumbList","@id":"https:\/\/redfoxlotto.com\/pt-pt\/lotarias\/lotto-uk\/#breadcrumb","itemListElement":[{"@type":"ListItem","position":1,"name":"Home","item":"https:\/\/redfoxlotto.com\/pt-pt\/"},{"@type":"ListItem","position":2,"name":"O processo de compra dos seus bilhetes","item":"https:\/\/redfoxlotto.com\/pt-pt\/lotarias\/"},{"@type":"ListItem","position":3,"name":"Sobre a UK Lottery"}]},{"@type":"WebSite","@id":"https:\/\/redfoxlotto.com\/pt-pt\/#website","url":"https:\/\/redfoxlotto.com\/pt-pt\/","name":"Get Tickets for the World\u2019s largest jackpots","description":"Participate in worldwide lottery jackpots from any country","publisher":{"@id":"https:\/\/redfoxlotto.com\/pt-pt\/#organization"},"potentialAction":[{"@type":"SearchAction","target":{"@type":"EntryPoint","urlTemplate":"https:\/\/redfoxlotto.com\/pt-pt\/?s={search_term_string}"},"query-input":{"@type":"PropertyValueSpecification","valueRequired":true,"valueName":"search_term_string"}}],"inLanguage":"pt-PT"},{"@type":"Organization","@id":"https:\/\/redfoxlotto.com\/pt-pt\/#organization","name":"Get Tickets for the World\u2019s largest jackpots","url":"https:\/\/redfoxlotto.com\/pt-pt\/","logo":{"@type":"ImageObject","inLanguage":"pt-PT","@id":"https:\/\/redfoxlotto.com\/pt-pt\/#\/schema\/logo\/image\/","url":"https:\/\/redfoxlotto.com\/wp-content\/uploads\/2023\/04\/logo.png","contentUrl":"https:\/\/redfoxlotto.com\/wp-content\/uploads\/2023\/04\/logo.png","width":269,"height":53,"caption":"Get Tickets for the World\u2019s largest jackpots"},"image":{"@id":"https:\/\/redfoxlotto.com\/pt-pt\/#\/schema\/logo\/image\/"}}]}},"_links":{"self":[{"href":"https:\/\/redfoxlotto.com\/pt-pt\/wp-json\/wp\/v2\/pages\/1010","targetHints":{"allow":["GET"]}}],"collection":[{"href":"https:\/\/redfoxlotto.com\/pt-pt\/wp-json\/wp\/v2\/pages"}],"about":[{"href":"https:\/\/redfoxlotto.com\/pt-pt\/wp-json\/wp\/v2\/types\/page"}],"author":[{"embeddable":true,"href":"https:\/\/redfoxlotto.com\/pt-pt\/wp-json\/wp\/v2\/users\/1"}],"replies":[{"embeddable":true,"href":"https:\/\/redfoxlotto.com\/pt-pt\/wp-json\/wp\/v2\/comments?post=1010"}],"version-history":[{"count":0,"href":"https:\/\/redfoxlotto.com\/pt-pt\/wp-json\/wp\/v2\/pages\/1010\/revisions"}],"up":[{"embeddable":true,"href":"https:\/\/redfoxlotto.com\/pt-pt\/wp-json\/wp\/v2\/pages\/1003"}],"wp:attachment":[{"href":"https:\/\/redfoxlotto.com\/pt-pt\/wp-json\/wp\/v2\/media?parent=1010"}],"curies":[{"name":"wp","href":"https:\/\/api.w.org\/{rel}","templated":true}]}}