{"id":1009,"date":"2018-11-18T08:54:25","date_gmt":"2018-11-18T08:54:25","guid":{"rendered":"https:\/\/redfoxlotto.com\/?page_id=2021"},"modified":"2025-02-14T12:22:57","modified_gmt":"2025-02-14T12:22:57","slug":"superenalotto","status":"publish","type":"page","link":"https:\/\/redfoxlotto.com\/pt-pt\/lotarias\/superenalotto\/","title":{"rendered":"Informa\u00e7\u00f5es sobre a SuperEnalotto"},"content":{"rendered":"<p><img loading=\"lazy\" decoding=\"async\" class=\" wp-image alignright\" src=\"https:\/\/content.redfoxlotto.com\/uploads\/sites\/9\/2_ticket_superenalotto4.jpg\" alt=\"Superenalotto jogar online\" width=\"198\" height=\"281\" \/><\/p>\n<p>Esta lotaria italiana foi introduzida como &#8220;EnaLotto&#8221; nos anos de 1950 e mais tarde renomeada SuperEnaLotto. O valor mais elevado alguma vez ganho na Superenalotto foi de \u20ac 177.729.043,16.<\/p>\n<p>Esta lotaria conta com tr\u00eas sorteios por semana &#8211; todas as ter\u00e7as, quintas e s\u00e1bados.<!--more--><\/p>\n<h2>Como comprar online o seu bilhete para o Superenalotto<\/h2>\n<p>O processo de compra online do seu bilhete da Superenalotto \u00e9 muito simples. O nosso site ir\u00e1 gui\u00e1-lo atrav\u00e9s da compra do bilhete e do pagamento.<\/p>\n<p>Quando estiver pronto para comprar o seu bilhete online, pode faz\u00ea-lo de duas formas diferentes:<\/p>\n<ul>\n<li>Comece por registar uma conta na RedFoxLotto (n\u00e3o se esque\u00e7a de clicar no link no email de verifica\u00e7\u00e3o que lhe enviaremos!) e depois deposite primeiro algum dinheiro na sua conta. Agora que tem dinheiro na sua conta, pode escolher uma lotaria, escolher os seus n\u00fameros e pagar com o saldo da sua conta. Este m\u00e9todo \u00e9 ideal se quiser comprar alguns bilhetes online hoje e voltar para comprar mais bilhetes mais tarde.<\/li>\n<\/ul>\n<p>Ou:<\/p>\n<ul>\n<li>Escolha primeiro uma lotaria, depois escolha os seus n\u00fameros. Adicione mais lotarias e mais bilhetes, se quiser. Depois clique no bot\u00e3o &#8220;pagar agora&#8221;. A seguir, ver\u00e1 o ecr\u00e3 de in\u00edcio de sess\u00e3o. Uma vez que ainda n\u00e3o tem uma conta, ter\u00e1 de criar uma clicando no bot\u00e3o &#8220;Registar&#8221;. Depois de se ter registado e verificado a sua nova conta, procure o s\u00edmbolo do carrinho de compras e clique nele. Depois paga online, utilizando qualquer m\u00e9todo que lhe seja conveniente.<\/li>\n<\/ul>\n<p>Certifique-se de completar todos os passos necess\u00e1rios para o pagamento. Depois de comprar os seus bilhetes com sucesso, receber\u00e1 um e-mail de confirma\u00e7\u00e3o. Depois disso, tudo o que tem de fazer \u00e9 esperar pelo sorteio para ver se ganhou!<\/p>\n<p><!--more--><\/p>\n<h2>A SuperEnalotto em qualquer parte do mundo<\/h2>\n<p><img loading=\"lazy\" decoding=\"async\" class=\" wp-image alignright\" src=\"https:\/\/content.redfoxlotto.com\/uploads\/sites\/9\/1_buy_ticket_jackpot.jpg\" alt=\"win Superenalotto\" width=\"256\" height=\"170\" \/><br \/>\nAt\u00e9 \u00e0 introdu\u00e7\u00e3o do Eurojackpot, a Superenalotto era a rainha das lotarias europeias. Hoje em dia, \u00e9 jogada, n\u00e3o s\u00f3 na It\u00e1lia, mas tamb\u00e9m online, por muitos jogadores de outros pa\u00edses.<\/p>\n<h2>As regras da SuperEnalotto<\/h2>\n<p>A SuperEnaLotto \u00e9 um jogo de 6 em 90, sem n\u00fameros suplementares. O jogador que acertar nos 6 n\u00fameros ganha o primeiro pr\u00e9mio. Mas basta que acerte em 3 dos 6 n\u00fameros para j\u00e1 ser eleg\u00edvel para um dos pr\u00e9mios menores.<\/p>\n","protected":false},"excerpt":{"rendered":"<p>Esta lotaria italiana foi introduzida como &#8220;EnaLotto&#8221; nos anos de 1950 e mais tarde renomeada SuperEnaLotto. O valor mais elevado alguma vez ganho na Superenalotto foi de \u20ac 177.729.043,16. Esta lotaria conta com tr\u00eas sorteios por semana &#8211; todas as ter\u00e7as, quintas e s\u00e1bados.<\/p>\n","protected":false},"author":1,"featured_media":0,"parent":1003,"menu_order":5,"comment_status":"closed","ping_status":"closed","template":"superenalotto-info.php","meta":{"_et_pb_use_builder":"","_et_pb_old_content":"","_et_gb_content_width":"","exclude_from_search":false,"footnotes":""},"class_list":["post-1009","page","type-page","status-publish","hentry"],"yoast_head":"<!-- This site is optimized with the Yoast SEO plugin v27.4 - https:\/\/yoast.com\/product\/yoast-seo-wordpress\/ -->\n<title>Compre bilhetes para a Superenalotto online<\/title>\n<meta name=\"description\" content=\"Superenalotto pode ser jogado online agora, compre seus ingressos online aqui\" \/>\n<meta name=\"robots\" content=\"index, follow, max-snippet:-1, max-image-preview:large, max-video-preview:-1\" \/>\n<link rel=\"canonical\" href=\"https:\/\/redfoxlotto.com\/pt-pt\/lotarias\/superenalotto\/\" \/>\n<meta property=\"og:locale\" content=\"pt_PT\" \/>\n<meta property=\"og:type\" content=\"article\" \/>\n<meta property=\"og:title\" content=\"Compre bilhetes para a Superenalotto online\" \/>\n<meta property=\"og:description\" content=\"Superenalotto pode ser jogado online agora, compre seus ingressos online aqui\" \/>\n<meta property=\"og:url\" content=\"https:\/\/redfoxlotto.com\/pt-pt\/lotarias\/superenalotto\/\" \/>\n<meta property=\"og:site_name\" content=\"Get Tickets for the World\u2019s largest jackpots\" \/>\n<meta property=\"article:modified_time\" content=\"2025-02-14T12:22:57+00:00\" \/>\n<meta property=\"og:image\" content=\"https:\/\/content.redfoxlotto.com\/uploads\/sites\/9\/2_ticket_superenalotto4.jpg\" \/>\n<meta name=\"twitter:card\" content=\"summary_large_image\" \/>\n<meta name=\"twitter:label1\" content=\"Tempo estimado de leitura\" \/>\n\t<meta name=\"twitter:data1\" content=\"3 minutos\" \/>\n<script type=\"application\/ld+json\" class=\"yoast-schema-graph\">{\"@context\":\"https:\\\/\\\/schema.org\",\"@graph\":[{\"@type\":\"WebPage\",\"@id\":\"https:\\\/\\\/redfoxlotto.com\\\/pt-pt\\\/lotarias\\\/superenalotto\\\/\",\"url\":\"https:\\\/\\\/redfoxlotto.com\\\/pt-pt\\\/lotarias\\\/superenalotto\\\/\",\"name\":\"Compre bilhetes para a Superenalotto online\",\"isPartOf\":{\"@id\":\"https:\\\/\\\/redfoxlotto.com\\\/pt-pt\\\/#website\"},\"primaryImageOfPage\":{\"@id\":\"https:\\\/\\\/redfoxlotto.com\\\/pt-pt\\\/lotarias\\\/superenalotto\\\/#primaryimage\"},\"image\":{\"@id\":\"https:\\\/\\\/redfoxlotto.com\\\/pt-pt\\\/lotarias\\\/superenalotto\\\/#primaryimage\"},\"thumbnailUrl\":\"https:\\\/\\\/content.redfoxlotto.com\\\/uploads\\\/sites\\\/9\\\/2_ticket_superenalotto4.jpg\",\"datePublished\":\"2018-11-18T08:54:25+00:00\",\"dateModified\":\"2025-02-14T12:22:57+00:00\",\"description\":\"Superenalotto pode ser jogado online agora, compre seus ingressos online aqui\",\"breadcrumb\":{\"@id\":\"https:\\\/\\\/redfoxlotto.com\\\/pt-pt\\\/lotarias\\\/superenalotto\\\/#breadcrumb\"},\"inLanguage\":\"pt-PT\",\"potentialAction\":[{\"@type\":\"ReadAction\",\"target\":[\"https:\\\/\\\/redfoxlotto.com\\\/pt-pt\\\/lotarias\\\/superenalotto\\\/\"]}]},{\"@type\":\"ImageObject\",\"inLanguage\":\"pt-PT\",\"@id\":\"https:\\\/\\\/redfoxlotto.com\\\/pt-pt\\\/lotarias\\\/superenalotto\\\/#primaryimage\",\"url\":\"https:\\\/\\\/content.redfoxlotto.com\\\/uploads\\\/sites\\\/9\\\/2_ticket_superenalotto4.jpg\",\"contentUrl\":\"https:\\\/\\\/content.redfoxlotto.com\\\/uploads\\\/sites\\\/9\\\/2_ticket_superenalotto4.jpg\"},{\"@type\":\"BreadcrumbList\",\"@id\":\"https:\\\/\\\/redfoxlotto.com\\\/pt-pt\\\/lotarias\\\/superenalotto\\\/#breadcrumb\",\"itemListElement\":[{\"@type\":\"ListItem\",\"position\":1,\"name\":\"Home\",\"item\":\"https:\\\/\\\/redfoxlotto.com\\\/pt-pt\\\/\"},{\"@type\":\"ListItem\",\"position\":2,\"name\":\"O processo de compra dos seus bilhetes\",\"item\":\"https:\\\/\\\/redfoxlotto.com\\\/pt-pt\\\/lotarias\\\/\"},{\"@type\":\"ListItem\",\"position\":3,\"name\":\"Informa\u00e7\u00f5es sobre a SuperEnalotto\"}]},{\"@type\":\"WebSite\",\"@id\":\"https:\\\/\\\/redfoxlotto.com\\\/pt-pt\\\/#website\",\"url\":\"https:\\\/\\\/redfoxlotto.com\\\/pt-pt\\\/\",\"name\":\"Get Tickets for the World\u2019s largest jackpots\",\"description\":\"Participate in worldwide lottery jackpots from any country\",\"publisher\":{\"@id\":\"https:\\\/\\\/redfoxlotto.com\\\/pt-pt\\\/#organization\"},\"potentialAction\":[{\"@type\":\"SearchAction\",\"target\":{\"@type\":\"EntryPoint\",\"urlTemplate\":\"https:\\\/\\\/redfoxlotto.com\\\/pt-pt\\\/?s={search_term_string}\"},\"query-input\":{\"@type\":\"PropertyValueSpecification\",\"valueRequired\":true,\"valueName\":\"search_term_string\"}}],\"inLanguage\":\"pt-PT\"},{\"@type\":\"Organization\",\"@id\":\"https:\\\/\\\/redfoxlotto.com\\\/pt-pt\\\/#organization\",\"name\":\"Get Tickets for the World\u2019s largest jackpots\",\"url\":\"https:\\\/\\\/redfoxlotto.com\\\/pt-pt\\\/\",\"logo\":{\"@type\":\"ImageObject\",\"inLanguage\":\"pt-PT\",\"@id\":\"https:\\\/\\\/redfoxlotto.com\\\/pt-pt\\\/#\\\/schema\\\/logo\\\/image\\\/\",\"url\":\"https:\\\/\\\/redfoxlotto.com\\\/wp-content\\\/uploads\\\/2023\\\/04\\\/logo.png\",\"contentUrl\":\"https:\\\/\\\/redfoxlotto.com\\\/wp-content\\\/uploads\\\/2023\\\/04\\\/logo.png\",\"width\":269,\"height\":53,\"caption\":\"Get Tickets for the World\u2019s largest jackpots\"},\"image\":{\"@id\":\"https:\\\/\\\/redfoxlotto.com\\\/pt-pt\\\/#\\\/schema\\\/logo\\\/image\\\/\"}}]}<\/script>\n<!-- \/ Yoast SEO plugin. -->","yoast_head_json":{"title":"Compre bilhetes para a Superenalotto online","description":"Superenalotto pode ser jogado online agora, compre seus ingressos online aqui","robots":{"index":"index","follow":"follow","max-snippet":"max-snippet:-1","max-image-preview":"max-image-preview:large","max-video-preview":"max-video-preview:-1"},"canonical":"https:\/\/redfoxlotto.com\/pt-pt\/lotarias\/superenalotto\/","og_locale":"pt_PT","og_type":"article","og_title":"Compre bilhetes para a Superenalotto online","og_description":"Superenalotto pode ser jogado online agora, compre seus ingressos online aqui","og_url":"https:\/\/redfoxlotto.com\/pt-pt\/lotarias\/superenalotto\/","og_site_name":"Get Tickets for the World\u2019s largest jackpots","article_modified_time":"2025-02-14T12:22:57+00:00","og_image":[{"url":"https:\/\/content.redfoxlotto.com\/uploads\/sites\/9\/2_ticket_superenalotto4.jpg","type":"","width":"","height":""}],"twitter_card":"summary_large_image","twitter_misc":{"Tempo estimado de leitura":"3 minutos"},"schema":{"@context":"https:\/\/schema.org","@graph":[{"@type":"WebPage","@id":"https:\/\/redfoxlotto.com\/pt-pt\/lotarias\/superenalotto\/","url":"https:\/\/redfoxlotto.com\/pt-pt\/lotarias\/superenalotto\/","name":"Compre bilhetes para a Superenalotto online","isPartOf":{"@id":"https:\/\/redfoxlotto.com\/pt-pt\/#website"},"primaryImageOfPage":{"@id":"https:\/\/redfoxlotto.com\/pt-pt\/lotarias\/superenalotto\/#primaryimage"},"image":{"@id":"https:\/\/redfoxlotto.com\/pt-pt\/lotarias\/superenalotto\/#primaryimage"},"thumbnailUrl":"https:\/\/content.redfoxlotto.com\/uploads\/sites\/9\/2_ticket_superenalotto4.jpg","datePublished":"2018-11-18T08:54:25+00:00","dateModified":"2025-02-14T12:22:57+00:00","description":"Superenalotto pode ser jogado online agora, compre seus ingressos online aqui","breadcrumb":{"@id":"https:\/\/redfoxlotto.com\/pt-pt\/lotarias\/superenalotto\/#breadcrumb"},"inLanguage":"pt-PT","potentialAction":[{"@type":"ReadAction","target":["https:\/\/redfoxlotto.com\/pt-pt\/lotarias\/superenalotto\/"]}]},{"@type":"ImageObject","inLanguage":"pt-PT","@id":"https:\/\/redfoxlotto.com\/pt-pt\/lotarias\/superenalotto\/#primaryimage","url":"https:\/\/content.redfoxlotto.com\/uploads\/sites\/9\/2_ticket_superenalotto4.jpg","contentUrl":"https:\/\/content.redfoxlotto.com\/uploads\/sites\/9\/2_ticket_superenalotto4.jpg"},{"@type":"BreadcrumbList","@id":"https:\/\/redfoxlotto.com\/pt-pt\/lotarias\/superenalotto\/#breadcrumb","itemListElement":[{"@type":"ListItem","position":1,"name":"Home","item":"https:\/\/redfoxlotto.com\/pt-pt\/"},{"@type":"ListItem","position":2,"name":"O processo de compra dos seus bilhetes","item":"https:\/\/redfoxlotto.com\/pt-pt\/lotarias\/"},{"@type":"ListItem","position":3,"name":"Informa\u00e7\u00f5es sobre a SuperEnalotto"}]},{"@type":"WebSite","@id":"https:\/\/redfoxlotto.com\/pt-pt\/#website","url":"https:\/\/redfoxlotto.com\/pt-pt\/","name":"Get Tickets for the World\u2019s largest jackpots","description":"Participate in worldwide lottery jackpots from any country","publisher":{"@id":"https:\/\/redfoxlotto.com\/pt-pt\/#organization"},"potentialAction":[{"@type":"SearchAction","target":{"@type":"EntryPoint","urlTemplate":"https:\/\/redfoxlotto.com\/pt-pt\/?s={search_term_string}"},"query-input":{"@type":"PropertyValueSpecification","valueRequired":true,"valueName":"search_term_string"}}],"inLanguage":"pt-PT"},{"@type":"Organization","@id":"https:\/\/redfoxlotto.com\/pt-pt\/#organization","name":"Get Tickets for the World\u2019s largest jackpots","url":"https:\/\/redfoxlotto.com\/pt-pt\/","logo":{"@type":"ImageObject","inLanguage":"pt-PT","@id":"https:\/\/redfoxlotto.com\/pt-pt\/#\/schema\/logo\/image\/","url":"https:\/\/redfoxlotto.com\/wp-content\/uploads\/2023\/04\/logo.png","contentUrl":"https:\/\/redfoxlotto.com\/wp-content\/uploads\/2023\/04\/logo.png","width":269,"height":53,"caption":"Get Tickets for the World\u2019s largest jackpots"},"image":{"@id":"https:\/\/redfoxlotto.com\/pt-pt\/#\/schema\/logo\/image\/"}}]}},"_links":{"self":[{"href":"https:\/\/redfoxlotto.com\/pt-pt\/wp-json\/wp\/v2\/pages\/1009","targetHints":{"allow":["GET"]}}],"collection":[{"href":"https:\/\/redfoxlotto.com\/pt-pt\/wp-json\/wp\/v2\/pages"}],"about":[{"href":"https:\/\/redfoxlotto.com\/pt-pt\/wp-json\/wp\/v2\/types\/page"}],"author":[{"embeddable":true,"href":"https:\/\/redfoxlotto.com\/pt-pt\/wp-json\/wp\/v2\/users\/1"}],"replies":[{"embeddable":true,"href":"https:\/\/redfoxlotto.com\/pt-pt\/wp-json\/wp\/v2\/comments?post=1009"}],"version-history":[{"count":0,"href":"https:\/\/redfoxlotto.com\/pt-pt\/wp-json\/wp\/v2\/pages\/1009\/revisions"}],"up":[{"embeddable":true,"href":"https:\/\/redfoxlotto.com\/pt-pt\/wp-json\/wp\/v2\/pages\/1003"}],"wp:attachment":[{"href":"https:\/\/redfoxlotto.com\/pt-pt\/wp-json\/wp\/v2\/media?parent=1009"}],"curies":[{"name":"wp","href":"https:\/\/api.w.org\/{rel}","templated":true}]}}