{"id":1008,"date":"2018-11-18T08:54:25","date_gmt":"2018-11-18T08:54:25","guid":{"rendered":"https:\/\/redfoxlotto.com\/?page_id=2019"},"modified":"2025-12-18T11:21:42","modified_gmt":"2025-12-18T11:21:42","slug":"powerball","status":"publish","type":"page","link":"https:\/\/redfoxlotto.com\/pt-pt\/lotarias\/powerball\/","title":{"rendered":"Sobre a Powerball"},"content":{"rendered":"<p><script type=\"application\/ld+json\">\n{\n  \"@context\": \"https:\/\/schema.org\",\n  \"@type\": \"Service\",\n  \"name\": \"Jogue Powerball Online\",\n  \"url\": \"https:\/\/redfoxlotto.com\/pt-pt\/lotteries\/powerball\",\n  \"description\": \"Compre bilhetes oficiais da Powerball online, de qualquer pa\u00eds. Visite o RedFoxLotto, escolha os seus n\u00fameros e participe no pr\u00f3ximo sorteio.\",\n  \"serviceType\": \"Servi\u00e7o de bilhetes de lotaria online\",<\/p>\n<p>  \"provider\": {\n    \"@type\": \"Organization\",\n    \"name\": \"RedFoxLotto\",\n    \"url\": \"https:\/\/redfoxlotto.com\/pt-pt\/\",\n    \"image\": \"https:\/\/redfoxlotto.com\/wp-content\/uploads\/2025\/12\/ticket_scans.jpg\",\n    \"sameAs\": []\n  },<\/p>\n<p>  \"areaServed\": \"Worldwide\",\n  \"termsOfService\": \"https:\/\/redfoxlotto.com\/terms-and-conditions\",<\/p>\n<p>  \"additionalProperty\": {\n    \"@type\": \"PropertyValue\",\n    \"name\": \"FAQ\",\n    \"value\": \"https:\/\/redfoxlotto.com\/pt-pt\/faq\/\"\n  },<\/p>\n<p>  \"hasOfferCatalog\": {\n    \"@type\": \"OfferCatalog\",\n    \"name\": \"Bilhetes Powerball\",\n    \"itemListElement\": [\n      {\n        \"@type\": \"Offer\",\n        \"name\": \"Bilhetes Powerball\",\n        \"url\": \"https:\/\/redfoxlotto.com\/pt-pt\/lotteries\/powerball\",\n        \"description\": \"Compre bilhetes reais online para o pr\u00f3ximo sorteio da Powerball no RedFoxLotto.\",\n        \"price\": \"5.90\",\n        \"priceCurrency\": \"\u20ac\",\n        \"availability\": \"https:\/\/schema.org\/InStock\",<\/p>\n<p>        \"itemOffered\": {\n          \"@type\": \"Service\",\n          \"name\": \"Bilhetes Powerball\",\n          \"description\": \"Participe no pr\u00f3ximo sorteio da Powerball \u2013 compre os seus bilhetes online pelo RedFoxLotto.\"\n        }\n      }\n    ]\n  },<\/p>\n<p>  \"mainEntityOfPage\": {\n    \"@type\": \"WebPage\",\n    \"@id\": \"https:\/\/redfoxlotto.com\/pt-pt\/lotteries\/powerball\"\n  }\n}\n<\/script><\/p>\n<p>A Powerball \u00e9 provavelmente a lotaria mais conhecida em todo o mundo e h\u00e1 algumas boas raz\u00f5es para isso.<\/p>\n<p>Milh\u00f5es de jogadores de todo o mundo jogam o jogo. Ainda mais, n\u00e3o s\u00f3 nos EUA, mas tamb\u00e9m online de outros pa\u00edses como Portugal, onde podes optar por comprar bilhetes da Powerball online.<\/p>\n<p>Os sorteios t\u00eam lugar todos os s\u00e1bados e quartas-feiras, o que significa que ter\u00e1 o dobro das oportunidades para participar e comprar um bilhete. O que \u00e9 realmente excitante \u00e9 que o maior jackpot alguma vez alcan\u00e7ado no Powerball foi de 1.586.400.000$!<img decoding=\"async\" class=\"wp-image alignright\" src=\"https:\/\/redfoxlotto.com\/wp-content\/uploads\/sites\/9\/ticket_powerball3.jpg\" alt=\"lotaria powerball\" \/><\/p>\n<h2>Lotaria Powerball em todo o mundo<\/h2>\n<p>Com a ajuda do nosso site, podes agora tornar-te um multimilion\u00e1rio da Powerball. Damos-te a oportunidade de comprar bilhetes do Powerball online. E tudo o que tem a fazer \u00e9 dar uma olhadela no que o nosso sistema implica. Ver\u00e1 que pode ir desde a consulta do nosso site at\u00e9 ter o seu primeiro bilhete \u00e0 sua espera na sua conta em apenas alguns passos simples. Vejamos ent\u00e3o o que \u00e9 preciso fazer.<\/p>\n<h2>Como comprar o seu bilhete da Powerball online a partir de Portugal<\/h2>\n<p>O primeiro passo \u00e9 simplesmente verificar os diferentes jogos de lotaria que temos dispon\u00edveis. Felizmente para si, h\u00e1 uma s\u00e9rie de bilhetes e jogos fant\u00e1sticos dispon\u00edveis, porque queremos ter a certeza de que pode participar em todos os jackpots de topo. Assim, todos os maiores jogos do mundo est\u00e3o dispon\u00edveis em Portugal, atrav\u00e9s do nosso s\u00edtio Web. Basta dar uma vista de olhos nos jogos dispon\u00edveis e depois decidir qual deles quer jogar.<\/p>\n<p>Depois de escolher um jogo (neste caso, o Powerball), basta clicar no link e entrar na p\u00e1gina. Ver\u00e1 mais informa\u00e7\u00f5es sobre o jogo e informa\u00e7\u00f5es sobre como obter o seu pr\u00f3prio bilhete. S\u00f3 precisa de escolher os n\u00fameros que pretende. Claro que tamb\u00e9m pode escolher uma escolha r\u00e1pida se n\u00e3o souber quais os n\u00fameros que quer.<\/p>\n<p>Com o nosso s\u00edtio Web, quando come\u00e7ar a escolher os seus n\u00fameros, inform\u00e1-lo-emos exatamente de quantos precisa e certificar-nos-emos de que n\u00e3o tem demasiados ou poucos n\u00fameros para obter um bilhete v\u00e1lido. Ter\u00e1 tamb\u00e9m a op\u00e7\u00e3o de escolher uma combina\u00e7\u00e3o de n\u00fameros seleccionados aleatoriamente e n\u00fameros seleccionados pessoalmente, conforme desejar. Tamb\u00e9m \u00e9 poss\u00edvel selecionar v\u00e1rios bilhetes para o jogo.<\/p>\n<p>A partir da\u00ed, poder\u00e1 adicionar os bilhetes ao seu carrinho de compras e, em seguida, poder\u00e1 escolher bilhetes adicionais da Powerball ou de outros jogos que queira jogar. Depois, s\u00f3 tem de criar a sua pr\u00f3pria conta. Quando o fizer, iremos pedir-lhe algumas informa\u00e7\u00f5es pessoais que o tornar\u00e3o mais seguro quando quiser comprar bilhetes e quando quiser levantar dinheiro da sua conta. Al\u00e9m disso, poder\u00e1s criar todas as contas que quiseres.<\/p>\n<h2>As regras dos bilhetes da Powerball online<\/h2>\n<p>Quando se trata de preparar o seu bilhete Powerball, quer saber todas as regras que tem de seguir e como vai escolher o bilhete. Ent\u00e3o, o que \u00e9 que precisa de fazer?<\/p>\n<p>Deve escolher 5 n\u00fameros entre 1 e 69, mais um n\u00famero Powerball de 1 a 26. Os seis n\u00fameros t\u00eam de coincidir no bilhete. Nesse caso, ganhou o jackpot. Se s\u00f3 acertar nos primeiros 5 n\u00fameros, o seu bilhete ganha o pr\u00e9mio de segundo n\u00edvel. Mesmo assim, fica 1 milh\u00e3o de d\u00f3lares mais rico. Os pr\u00e9mios do jackpot Powerball podem ser pagos de uma s\u00f3 vez ou em 30 presta\u00e7\u00f5es anuais.<\/p>\n<h2>Compre um bilhete Powerball online e ganhe!<\/h2>\n<p>Ent\u00e3o, o que \u00e9 que vai acontecer se ganhares o jackpot do Powerball? Vai ser muito divertido e vais ficar muito entusiasmado. Bem, tamb\u00e9m vais ter de planear uma viagem aos Estados Unidos, porque eles adoram fazer uma grande festa com as pessoas que ganham.<\/p>\n<p>Isso significa que v\u00e3o tirar fotografias, oferecer-lhe um cheque chorudo e muito mais, e n\u00f3s vamos certificar-nos de que est\u00e1 preparado para isso com o bilhete e a informa\u00e7\u00e3o de que necessita para reclamar o seu pr\u00e9mio.<\/p>\n<p>Se ganhar um pr\u00e9mio de n\u00edvel inferior, podemos depositar o dinheiro diretamente na sua conta para que o possa levantar ou utiliz\u00e1-lo para comprar bilhetes adicionais. Para aqueles que ganharem pr\u00e9mios maiores, mas n\u00e3o o jackpot, poder\u00e3o obter uma transfer\u00eancia direta para a sua conta e n\u00f3s entraremos em contacto consigo para lhe dizer o que precisa de fazer e como pode configurar tudo isso. Mas como \u00e9 que vai saber?<br \/>\n<img decoding=\"async\" class=\"size-full wp-image alignright\" src=\"https:\/\/content.redfoxlotto.com\/uploads\/sites\/9\/1_buy_lottery_online.jpg\" alt=\"comprar bilhetes online\" \/><\/p>\n<p>Se continuar a verificar a sua conta, poder\u00e1 ver as actualiza\u00e7\u00f5es do seu bilhete e ver\u00e1 os n\u00fameros que correspondem. Receber\u00e1 tamb\u00e9m o dinheiro para montantes mais pequenos imediatamente transferido para a sua conta. Qualquer montante que ganhe, no entanto, aparecer\u00e1 no seu e-mail. Isto significa que poder\u00e1 verificar o seu correio eletr\u00f3nico e ver que ganhou, para que possa aceder imediatamente \u00e0 sua conta.<\/p>\n<h2>Jogar novos jogos<\/h2>\n<p>Se estiver pronto para come\u00e7ar a jogar e quiser comprar bilhetes para a Powerball online, vai certamente querer ver algumas das outras op\u00e7\u00f5es que tamb\u00e9m temos. De facto, temos os jogos de lotaria mais populares a decorrer em qualquer parte do mundo e tudo o que precisa de fazer \u00e9 decidir qual \u00e9 o seu favorito e qual \u00e9 o pr\u00f3ximo que quer experimentar.<\/p>\n<p>Por isso, d\u00ea uma olhadela r\u00e1pida ao que est\u00e1 dispon\u00edvel e como pode apanhar todos os bilhetes que quiser. E certifique-se de que tamb\u00e9m est\u00e1 a ver toda a informa\u00e7\u00e3o que pode encontrar sobre cada um dos jogos, quando v\u00e3o ser sorteados, quanto pode ganhar e muito mais.<\/p>\n<p>Quer jogar e comprar bilhetes para a Powerball online? Come\u00e7a agora mesmo, aqui mesmo.<\/p>\n","protected":false},"excerpt":{"rendered":"<p>A Powerball \u00e9 provavelmente a lotaria mais conhecida em todo o mundo e h\u00e1 algumas boas raz\u00f5es para isso. Milh\u00f5es de jogadores de todo o mundo jogam o jogo. Ainda mais, n\u00e3o s\u00f3 nos EUA, mas tamb\u00e9m online de outros pa\u00edses como Portugal, onde podes optar por comprar bilhetes da Powerball online. Os sorteios t\u00eam [&hellip;]<\/p>\n","protected":false},"author":1,"featured_media":0,"parent":1003,"menu_order":1,"comment_status":"closed","ping_status":"closed","template":"powerball-usa-info.php","meta":{"_et_pb_use_builder":"","_et_pb_old_content":"","_et_gb_content_width":"","exclude_from_search":false,"footnotes":""},"class_list":["post-1008","page","type-page","status-publish","hentry"],"yoast_head":"<!-- This site is optimized with the Yoast SEO plugin v23.8 - https:\/\/yoast.com\/wordpress\/plugins\/seo\/ -->\n<title>Comprar bilhetes para a Powerball online a partir do site Portugal | Ganhar Powerball aqui<\/title>\n<meta name=\"description\" content=\"Como comprar um bilhete online para a Powerball Lotto USA? O nosso servi\u00e7o \u00e9 permitir-lhe participar na Powerball USA a partir de Portugal\" \/>\n<meta name=\"robots\" content=\"index, follow, max-snippet:-1, max-image-preview:large, max-video-preview:-1\" \/>\n<link rel=\"canonical\" href=\"https:\/\/redfoxlotto.com\/pt-pt\/lotarias\/powerball\/\" \/>\n<meta property=\"og:locale\" content=\"pt_PT\" \/>\n<meta property=\"og:type\" content=\"article\" \/>\n<meta property=\"og:title\" content=\"Comprar bilhetes para a Powerball online a partir do site Portugal | Ganhar Powerball aqui\" \/>\n<meta property=\"og:description\" content=\"Como comprar um bilhete online para a Powerball Lotto USA? O nosso servi\u00e7o \u00e9 permitir-lhe participar na Powerball USA a partir de Portugal\" \/>\n<meta property=\"og:url\" content=\"https:\/\/redfoxlotto.com\/pt-pt\/lotarias\/powerball\/\" \/>\n<meta property=\"og:site_name\" content=\"Get Tickets for the World\u2019s largest jackpots\" \/>\n<meta property=\"article:modified_time\" content=\"2025-12-18T11:21:42+00:00\" \/>\n<meta property=\"og:image\" content=\"https:\/\/redfoxlotto.com\/wp-content\/uploads\/sites\/9\/ticket_powerball3.jpg\" \/>\n<meta name=\"twitter:card\" content=\"summary_large_image\" \/>\n<meta name=\"twitter:label1\" content=\"Tempo estimado de leitura\" \/>\n\t<meta name=\"twitter:data1\" content=\"5 minutos\" \/>\n<script type=\"application\/ld+json\" class=\"yoast-schema-graph\">{\"@context\":\"https:\/\/schema.org\",\"@graph\":[{\"@type\":\"WebPage\",\"@id\":\"https:\/\/redfoxlotto.com\/pt-pt\/lotarias\/powerball\/\",\"url\":\"https:\/\/redfoxlotto.com\/pt-pt\/lotarias\/powerball\/\",\"name\":\"Comprar bilhetes para a Powerball online a partir do site Portugal | Ganhar Powerball aqui\",\"isPartOf\":{\"@id\":\"https:\/\/redfoxlotto.com\/pt-pt\/#website\"},\"primaryImageOfPage\":{\"@id\":\"https:\/\/redfoxlotto.com\/pt-pt\/lotarias\/powerball\/#primaryimage\"},\"image\":{\"@id\":\"https:\/\/redfoxlotto.com\/pt-pt\/lotarias\/powerball\/#primaryimage\"},\"thumbnailUrl\":\"https:\/\/redfoxlotto.com\/wp-content\/uploads\/sites\/9\/ticket_powerball3.jpg\",\"datePublished\":\"2018-11-18T08:54:25+00:00\",\"dateModified\":\"2025-12-18T11:21:42+00:00\",\"description\":\"Como comprar um bilhete online para a Powerball Lotto USA? O nosso servi\u00e7o \u00e9 permitir-lhe participar na Powerball USA a partir de Portugal\",\"breadcrumb\":{\"@id\":\"https:\/\/redfoxlotto.com\/pt-pt\/lotarias\/powerball\/#breadcrumb\"},\"inLanguage\":\"pt-PT\",\"potentialAction\":[{\"@type\":\"ReadAction\",\"target\":[\"https:\/\/redfoxlotto.com\/pt-pt\/lotarias\/powerball\/\"]}]},{\"@type\":\"ImageObject\",\"inLanguage\":\"pt-PT\",\"@id\":\"https:\/\/redfoxlotto.com\/pt-pt\/lotarias\/powerball\/#primaryimage\",\"url\":\"https:\/\/redfoxlotto.com\/wp-content\/uploads\/sites\/9\/ticket_powerball3.jpg\",\"contentUrl\":\"https:\/\/redfoxlotto.com\/wp-content\/uploads\/sites\/9\/ticket_powerball3.jpg\"},{\"@type\":\"BreadcrumbList\",\"@id\":\"https:\/\/redfoxlotto.com\/pt-pt\/lotarias\/powerball\/#breadcrumb\",\"itemListElement\":[{\"@type\":\"ListItem\",\"position\":1,\"name\":\"Home\",\"item\":\"https:\/\/redfoxlotto.com\/pt-pt\/\"},{\"@type\":\"ListItem\",\"position\":2,\"name\":\"O processo de compra dos seus bilhetes\",\"item\":\"https:\/\/redfoxlotto.com\/pt-pt\/lotarias\/\"},{\"@type\":\"ListItem\",\"position\":3,\"name\":\"Sobre a Powerball\"}]},{\"@type\":\"WebSite\",\"@id\":\"https:\/\/redfoxlotto.com\/pt-pt\/#website\",\"url\":\"https:\/\/redfoxlotto.com\/pt-pt\/\",\"name\":\"Get Tickets for the World\u2019s largest jackpots\",\"description\":\"Participate in worldwide lottery jackpots from any country\",\"publisher\":{\"@id\":\"https:\/\/redfoxlotto.com\/pt-pt\/#organization\"},\"potentialAction\":[{\"@type\":\"SearchAction\",\"target\":{\"@type\":\"EntryPoint\",\"urlTemplate\":\"https:\/\/redfoxlotto.com\/pt-pt\/?s={search_term_string}\"},\"query-input\":{\"@type\":\"PropertyValueSpecification\",\"valueRequired\":true,\"valueName\":\"search_term_string\"}}],\"inLanguage\":\"pt-PT\"},{\"@type\":\"Organization\",\"@id\":\"https:\/\/redfoxlotto.com\/pt-pt\/#organization\",\"name\":\"Get Tickets for the World\u2019s largest jackpots\",\"url\":\"https:\/\/redfoxlotto.com\/pt-pt\/\",\"logo\":{\"@type\":\"ImageObject\",\"inLanguage\":\"pt-PT\",\"@id\":\"https:\/\/redfoxlotto.com\/pt-pt\/#\/schema\/logo\/image\/\",\"url\":\"https:\/\/redfoxlotto.com\/wp-content\/uploads\/2023\/04\/logo.png\",\"contentUrl\":\"https:\/\/redfoxlotto.com\/wp-content\/uploads\/2023\/04\/logo.png\",\"width\":269,\"height\":53,\"caption\":\"Get Tickets for the World\u2019s largest jackpots\"},\"image\":{\"@id\":\"https:\/\/redfoxlotto.com\/pt-pt\/#\/schema\/logo\/image\/\"}}]}<\/script>\n<!-- \/ Yoast SEO plugin. -->","yoast_head_json":{"title":"Comprar bilhetes para a Powerball online a partir do site Portugal | Ganhar Powerball aqui","description":"Como comprar um bilhete online para a Powerball Lotto USA? O nosso servi\u00e7o \u00e9 permitir-lhe participar na Powerball USA a partir de Portugal","robots":{"index":"index","follow":"follow","max-snippet":"max-snippet:-1","max-image-preview":"max-image-preview:large","max-video-preview":"max-video-preview:-1"},"canonical":"https:\/\/redfoxlotto.com\/pt-pt\/lotarias\/powerball\/","og_locale":"pt_PT","og_type":"article","og_title":"Comprar bilhetes para a Powerball online a partir do site Portugal | Ganhar Powerball aqui","og_description":"Como comprar um bilhete online para a Powerball Lotto USA? O nosso servi\u00e7o \u00e9 permitir-lhe participar na Powerball USA a partir de Portugal","og_url":"https:\/\/redfoxlotto.com\/pt-pt\/lotarias\/powerball\/","og_site_name":"Get Tickets for the World\u2019s largest jackpots","article_modified_time":"2025-12-18T11:21:42+00:00","og_image":[{"url":"https:\/\/redfoxlotto.com\/wp-content\/uploads\/sites\/9\/ticket_powerball3.jpg"}],"twitter_card":"summary_large_image","twitter_misc":{"Tempo estimado de leitura":"5 minutos"},"schema":{"@context":"https:\/\/schema.org","@graph":[{"@type":"WebPage","@id":"https:\/\/redfoxlotto.com\/pt-pt\/lotarias\/powerball\/","url":"https:\/\/redfoxlotto.com\/pt-pt\/lotarias\/powerball\/","name":"Comprar bilhetes para a Powerball online a partir do site Portugal | Ganhar Powerball aqui","isPartOf":{"@id":"https:\/\/redfoxlotto.com\/pt-pt\/#website"},"primaryImageOfPage":{"@id":"https:\/\/redfoxlotto.com\/pt-pt\/lotarias\/powerball\/#primaryimage"},"image":{"@id":"https:\/\/redfoxlotto.com\/pt-pt\/lotarias\/powerball\/#primaryimage"},"thumbnailUrl":"https:\/\/redfoxlotto.com\/wp-content\/uploads\/sites\/9\/ticket_powerball3.jpg","datePublished":"2018-11-18T08:54:25+00:00","dateModified":"2025-12-18T11:21:42+00:00","description":"Como comprar um bilhete online para a Powerball Lotto USA? O nosso servi\u00e7o \u00e9 permitir-lhe participar na Powerball USA a partir de Portugal","breadcrumb":{"@id":"https:\/\/redfoxlotto.com\/pt-pt\/lotarias\/powerball\/#breadcrumb"},"inLanguage":"pt-PT","potentialAction":[{"@type":"ReadAction","target":["https:\/\/redfoxlotto.com\/pt-pt\/lotarias\/powerball\/"]}]},{"@type":"ImageObject","inLanguage":"pt-PT","@id":"https:\/\/redfoxlotto.com\/pt-pt\/lotarias\/powerball\/#primaryimage","url":"https:\/\/redfoxlotto.com\/wp-content\/uploads\/sites\/9\/ticket_powerball3.jpg","contentUrl":"https:\/\/redfoxlotto.com\/wp-content\/uploads\/sites\/9\/ticket_powerball3.jpg"},{"@type":"BreadcrumbList","@id":"https:\/\/redfoxlotto.com\/pt-pt\/lotarias\/powerball\/#breadcrumb","itemListElement":[{"@type":"ListItem","position":1,"name":"Home","item":"https:\/\/redfoxlotto.com\/pt-pt\/"},{"@type":"ListItem","position":2,"name":"O processo de compra dos seus bilhetes","item":"https:\/\/redfoxlotto.com\/pt-pt\/lotarias\/"},{"@type":"ListItem","position":3,"name":"Sobre a Powerball"}]},{"@type":"WebSite","@id":"https:\/\/redfoxlotto.com\/pt-pt\/#website","url":"https:\/\/redfoxlotto.com\/pt-pt\/","name":"Get Tickets for the World\u2019s largest jackpots","description":"Participate in worldwide lottery jackpots from any country","publisher":{"@id":"https:\/\/redfoxlotto.com\/pt-pt\/#organization"},"potentialAction":[{"@type":"SearchAction","target":{"@type":"EntryPoint","urlTemplate":"https:\/\/redfoxlotto.com\/pt-pt\/?s={search_term_string}"},"query-input":{"@type":"PropertyValueSpecification","valueRequired":true,"valueName":"search_term_string"}}],"inLanguage":"pt-PT"},{"@type":"Organization","@id":"https:\/\/redfoxlotto.com\/pt-pt\/#organization","name":"Get Tickets for the World\u2019s largest jackpots","url":"https:\/\/redfoxlotto.com\/pt-pt\/","logo":{"@type":"ImageObject","inLanguage":"pt-PT","@id":"https:\/\/redfoxlotto.com\/pt-pt\/#\/schema\/logo\/image\/","url":"https:\/\/redfoxlotto.com\/wp-content\/uploads\/2023\/04\/logo.png","contentUrl":"https:\/\/redfoxlotto.com\/wp-content\/uploads\/2023\/04\/logo.png","width":269,"height":53,"caption":"Get Tickets for the World\u2019s largest jackpots"},"image":{"@id":"https:\/\/redfoxlotto.com\/pt-pt\/#\/schema\/logo\/image\/"}}]}},"_links":{"self":[{"href":"https:\/\/redfoxlotto.com\/pt-pt\/wp-json\/wp\/v2\/pages\/1008","targetHints":{"allow":["GET"]}}],"collection":[{"href":"https:\/\/redfoxlotto.com\/pt-pt\/wp-json\/wp\/v2\/pages"}],"about":[{"href":"https:\/\/redfoxlotto.com\/pt-pt\/wp-json\/wp\/v2\/types\/page"}],"author":[{"embeddable":true,"href":"https:\/\/redfoxlotto.com\/pt-pt\/wp-json\/wp\/v2\/users\/1"}],"replies":[{"embeddable":true,"href":"https:\/\/redfoxlotto.com\/pt-pt\/wp-json\/wp\/v2\/comments?post=1008"}],"version-history":[{"count":0,"href":"https:\/\/redfoxlotto.com\/pt-pt\/wp-json\/wp\/v2\/pages\/1008\/revisions"}],"up":[{"embeddable":true,"href":"https:\/\/redfoxlotto.com\/pt-pt\/wp-json\/wp\/v2\/pages\/1003"}],"wp:attachment":[{"href":"https:\/\/redfoxlotto.com\/pt-pt\/wp-json\/wp\/v2\/media?parent=1008"}],"curies":[{"name":"wp","href":"https:\/\/api.w.org\/{rel}","templated":true}]}}