{"id":1006,"date":"2018-11-18T08:54:25","date_gmt":"2018-11-18T08:54:25","guid":{"rendered":"https:\/\/redfoxlotto.com\/?page_id=2014"},"modified":"2025-12-18T13:20:12","modified_gmt":"2025-12-18T13:20:12","slug":"mega-millions","status":"publish","type":"page","link":"https:\/\/redfoxlotto.com\/pt-pt\/lotarias\/mega-millions\/","title":{"rendered":"Sobre o Mega Millions"},"content":{"rendered":"<p><script type=\"application\/ld+json\">\n{\n  \"@context\": \"https:\/\/schema.org\",\n  \"@type\": \"Service\",\n  \"name\": \"Jogar Mega Millions online\",\n  \"url\": \"https:\/\/redfoxlotto.com\/pt\/lotteries\/mega-millions\",\n  \"description\": \"Compre bilhetes oficiais do Mega Millions online a partir de qualquer pa\u00eds. Visite a RedFoxLotto, escolha os seus n\u00fameros e participe no pr\u00f3ximo sorteio.\",\n  \"serviceType\": \"Servi\u00e7o online de intermedia\u00e7\u00e3o de bilhetes de lotaria\",<\/p>\n<p>  \"provider\": {\n    \"@type\": \"Organization\",\n    \"name\": \"RedFoxLotto\",\n    \"url\": \"https:\/\/redfoxlotto.com\/pt\",\n    \"image\": \"https:\/\/redfoxlotto.com\/pt\/wp-content\/uploads\/2025\/12\/ticket_scans.jpg\",\n    \"sameAs\": []\n  },<\/p>\n<p>  \"areaServed\": \"Worldwide\",\n  \"termsOfService\": \"https:\/\/redfoxlotto.com\/terms-and-conditions\",<\/p>\n<p>  \"additionalProperty\": {\n    \"@type\": \"PropertyValue\",\n    \"name\": \"FAQ\",\n    \"value\": \"https:\/\/redfoxlotto.com\/pt\/faq\/\"\n  },<\/p>\n<p>  \"hasOfferCatalog\": {\n    \"@type\": \"OfferCatalog\",\n    \"name\": \"Bilhetes Mega Millions\",\n    \"itemListElement\": [\n      {\n        \"@type\": \"Offer\",\n        \"name\": \"Bilhetes Mega Millions\",\n        \"url\": \"https:\/\/redfoxlotto.com\/pt\/lotteries\/powerball\",\n        \"description\": \"Compre bilhetes reais online para o pr\u00f3ximo sorteio Mega Millions na RedFoxLotto.\",\n        \"price\": \"13.00\",\n        \"priceCurrency\": \"\u20ac\",\n        \"availability\": \"https:\/\/schema.org\/InStock\",<\/p>\n<p>        \"itemOffered\": {\n          \"@type\": \"Service\",\n          \"name\": \"Bilhetes de lotaria Mega Millions\",\n          \"description\": \"Participe no pr\u00f3ximo sorteio Mega Millions \u2013 compre bilhetes online atrav\u00e9s da RedFoxLotto.\"\n        }\n      }\n    ]\n  },<\/p>\n<p>  \"mainEntityOfPage\": {\n    \"@type\": \"WebPage\",\n    \"@id\": \"https:\/\/redfoxlotto.com\/pt\/lotteries\/mega-millions\"\n  }\n}\n<\/script><\/p>\n<p>Conhecida como &#8220;The Big Game&#8221; at\u00e9 2002, esta lotaria de 44 estados dos EUA \u00e9 agora conhecida em todo o mundo como Mega Millions. Para o efeito, s\u00e3o realizados dois sorteios por semana (todas as ter\u00e7as e sextas-feiras). Se nunca ouviu falar deste jogo ou se n\u00e3o lhe prestou aten\u00e7\u00e3o at\u00e9 agora, vai querer dar uma vista de olhos e ver o que pode achar deste jogo.<\/p>\n<p>Vai ser definitivamente um pr\u00e9mio que vai querer ganhar e \u00e9 um jogo super f\u00e1cil de jogar tamb\u00e9m. Isso faz com que a compra de bilhetes para o Mega Millions online em Portugal seja muito vantajosa para si.<\/p>\n<h2>Jackpot do Mega Millions<\/h2>\n<p>O Mega Millions \u00e9 conhecido pelos seus grandes jackpots. Em 2018, um jackpot recorde de mais de 1,5 mil milh\u00f5es de d\u00f3lares foi ganho por um \u00fanico sortudo. Este \u00e9 definitivamente o tipo de jackpot que se quer ganhar, certo? E as probabilidades n\u00e3o s\u00e3o t\u00e3o m\u00e1s como as de alguns jackpots.<br \/>\n<img loading=\"lazy\" decoding=\"async\" class=\"alignright wp-image\" src=\"https:\/\/content.redfoxlotto.com\/uploads\/sites\/9\/2_ticket_mega_millions2.jpg\" alt=\"Mega Millions online\" width=\"200\" height=\"207\" \/><br \/>\nO que \u00e9 ainda melhor no Mega Millions \u00e9 o facto de os jackpots serem sempre elevados. De facto, o jackpot come\u00e7a em 40 milh\u00f5es de d\u00f3lares. Por isso, mesmo que ganhe o jackpot base antes de este come\u00e7ar a subir (o que raramente acontece), continuar\u00e1 a receber um grande pr\u00e9mio.<\/p>\n<p>Se ganhar o jackpot mais tarde, quando este come\u00e7ar a subir, pode ganhar muito mais. Melhor ainda, estes jackpots aumentam muito rapidamente. Assim, o que come\u00e7a hoje com 40 milh\u00f5es de d\u00f3lares pode facilmente ultrapassar os 100 milh\u00f5es de d\u00f3lares numa semana ou menos. A partir da\u00ed, pode chegar a v\u00e1rias centenas de milh\u00f5es e pode at\u00e9 entrar noutro sorteio de mil milh\u00f5es de d\u00f3lares. Vale a pena investir alguns d\u00f3lares em bilhetes, certo?<\/p>\n<p>No nosso s\u00edtio Web, tem a oportunidade de comprar bilhetes para o Mega Millions online, mesmo que viva em Portugal. Basta escolher os seus n\u00fameros, comprar o seu bilhete e aguardar os resultados do sorteio! Iremos analisar alguns dos passos gerais e o que \u00e9 necess\u00e1rio para come\u00e7ar num minuto, mas vamos concentrar-nos primeiro no Mega Millions em si, est\u00e1 bem?<\/p>\n<h2>As regras do Mega Millions<\/h2>\n<p>As regras do Mega Millions s\u00e3o simples. Tem de selecionar 5 n\u00fameros entre 1 e 70, mais um n\u00famero adicional da MegaBall. Todos os n\u00fameros t\u00eam de coincidir para ganhar o jackpot. Isto n\u00e3o significa que n\u00e3o possas ganhar nada se n\u00e3o ganhares o jackpot. Na verdade, existem v\u00e1rios pr\u00e9mios diferentes que pode ganhar. No Mega Millions, pode ganhar em nove categorias de pr\u00e9mios.<\/p>\n<p>O que \u00e9 realmente fant\u00e1stico \u00e9 que pode ganhar com base na correspond\u00eancia de apenas um n\u00famero, desde que esse n\u00famero seja a MegaBall. Se acertar nesse n\u00famero, ganhar\u00e1 um pr\u00e9mio autom\u00e1tico e isso \u00e9 apenas o in\u00edcio de tudo. Pode ganhar pr\u00e9mios muito pequenos que apenas lhe devolvem o dinheiro que gastou na compra do bilhete ou pode ganhar grandes pr\u00e9mios que s\u00e3o ainda mais pequenos do que o jackpot real.<br \/>\nAl\u00e9m disso, cada pr\u00e9mio do jackpot \u00e9 ganho individualmente. Isto significa que n\u00e3o tem de partilhar o dinheiro se outra pessoa tamb\u00e9m ganhar esse pr\u00e9mio.<\/p>\n<h2>Comprar um bilhete do Mega Millions online em Portugal<\/h2>\n<p>Est\u00e1 pronto para comprar o seu primeiro bilhete do Mega Millions online? Se estiver, ent\u00e3o vai definitivamente querer dar uma olhadela aos passos que fazem parte do processo. Tornamo-lo o mais f\u00e1cil poss\u00edvel porque sabemos que quer realmente comprar o seu bilhete, participar no sorteio e depois continuar com as outras coisas que est\u00e3o a acontecer na sua vida. Por isso, o processo \u00e9 feito em apenas alguns passos.<\/p>\n<p>O primeiro passo \u00e9 decidir o que vai comprar. Se quiser comprar bilhetes para o Mega Millions online, ser\u00e1 f\u00e1cil. Basta encontrar o jogo e entrar na p\u00e1gina espec\u00edfica para ele.<\/p>\n<p>Se quiser comprar bilhetes para outros jogos, poder\u00e1 ver cada um deles, bem como os respectivos jackpots actuais, no mesmo ecr\u00e3, e poder\u00e1 aceder a cada um deles individualmente. Isto faz com que seja muito f\u00e1cil decidir o que vai fazer e escolher os bilhetes que pretende.<\/p>\n<p>Quando estiver na p\u00e1gina, pode saber mais sobre o Mega Millions e depois pode escolher os n\u00fameros que quer jogar. Se tiver n\u00fameros espec\u00edficos que pretenda, pode escolh\u00ea-los nesse mesmo ecr\u00e3. Se tiver apenas alguns n\u00fameros e quiser que os restantes sejam atribu\u00eddos aleatoriamente, essa tamb\u00e9m \u00e9 uma op\u00e7\u00e3o. Ou pode optar por obter um bilhete totalmente aleat\u00f3rio. A decis\u00e3o ser\u00e1 inteiramente sua. De qualquer forma, saber\u00e1 se tem n\u00fameros suficientes, demasiado poucos ou demasiados, pois certificar-nos-emos de que o seu bilhete \u00e9 v\u00e1lido antes mesmo de passar \u00e0 p\u00e1gina seguinte.<\/p>\n<h2>Processo de pagamento<\/h2>\n<p>Depois de ter escolhido os bilhetes do Mega Millions que deseja, pode adicion\u00e1-los ao seu carrinho de compras e selecionar bilhetes adicionais, se desejar, ou pode prosseguir para o processo de pagamento. Ao efetuar o pagamento, vai precisar de uma conta connosco, mas tamb\u00e9m \u00e9 muito f\u00e1cil cri\u00e1-la.<img loading=\"lazy\" decoding=\"async\" class=\"alignright wp-image\" src=\"https:\/\/content.redfoxlotto.com\/uploads\/sites\/9\/1_buy_mega_millions_lottery_tickets.jpg\" alt=\"comprar bilhetes online\" width=\"287\" height=\"202\" \/><\/p>\n<p>Basta preencher algumas informa\u00e7\u00f5es b\u00e1sicas sobre si para poder reclamar os pr\u00e9mios, se necess\u00e1rio.<\/p>\n<p>\u00c9 tudo o que \u00e9 necess\u00e1rio. Confirma a sua compra, n\u00f3s recebemos os bilhetes para si e eles aparecem na sua conta para que possa ver se ganhou. At\u00e9 lhe enviamos um e-mail se o seu bilhete ganhar e mostramos-lhe na sua conta quais os n\u00fameros que coincidiram com o sorteio. N\u00e3o vai ter problemas em obter uma grande experi\u00eancia com o Mega Millions e vai querer continuar a jogar todos os jogos.<\/p>\n","protected":false},"excerpt":{"rendered":"<p>Conhecida como &#8220;The Big Game&#8221; at\u00e9 2002, esta lotaria de 44 estados dos EUA \u00e9 agora conhecida em todo o mundo como Mega Millions. Para o efeito, s\u00e3o realizados dois sorteios por semana (todas as ter\u00e7as e sextas-feiras). Se nunca ouviu falar deste jogo ou se n\u00e3o lhe prestou aten\u00e7\u00e3o at\u00e9 agora, vai querer dar [&hellip;]<\/p>\n","protected":false},"author":1,"featured_media":0,"parent":1003,"menu_order":2,"comment_status":"closed","ping_status":"closed","template":"megamillion-info.php","meta":{"_et_pb_use_builder":"","_et_pb_old_content":"","_et_gb_content_width":"","exclude_from_search":false,"footnotes":""},"class_list":["post-1006","page","type-page","status-publish","hentry"],"yoast_head":"<!-- This site is optimized with the Yoast SEO plugin v27.4 - https:\/\/yoast.com\/product\/yoast-seo-wordpress\/ -->\n<title>Compre bilhetes do Eurojackpot online na Portugal<\/title>\n<meta name=\"description\" content=\"Saiba mais sobre a Mega Millions Lotto USA e como pode comprar bilhetes para a Mega Millions online, a partir de Portugal ou de qualquer pa\u00eds do mundo\" \/>\n<meta name=\"robots\" content=\"index, follow, max-snippet:-1, max-image-preview:large, max-video-preview:-1\" \/>\n<link rel=\"canonical\" href=\"https:\/\/redfoxlotto.com\/pt-pt\/lotteries\/mega-millions\/\" \/>\n<meta property=\"og:locale\" content=\"pt_PT\" \/>\n<meta property=\"og:type\" content=\"article\" \/>\n<meta property=\"og:title\" content=\"Compre bilhetes do Eurojackpot online na Portugal\" \/>\n<meta property=\"og:description\" content=\"Saiba mais sobre a Mega Millions Lotto USA e como pode comprar bilhetes para a Mega Millions online, a partir de Portugal ou de qualquer pa\u00eds do mundo\" \/>\n<meta property=\"og:url\" content=\"https:\/\/redfoxlotto.com\/lotteries\/mega-millions\/\" \/>\n<meta property=\"og:site_name\" content=\"Get Tickets for the World\u2019s largest jackpots\" \/>\n<meta property=\"article:modified_time\" content=\"2025-12-18T13:20:12+00:00\" \/>\n<meta property=\"og:image\" content=\"https:\/\/content.redfoxlotto.com\/uploads\/sites\/9\/2_ticket_mega_millions2.jpg\" \/>\n<meta name=\"twitter:card\" content=\"summary_large_image\" \/>\n<meta name=\"twitter:label1\" content=\"Tempo estimado de leitura\" \/>\n\t<meta name=\"twitter:data1\" content=\"5 minutos\" \/>\n<script type=\"application\/ld+json\" class=\"yoast-schema-graph\">{\"@context\":\"https:\\\/\\\/schema.org\",\"@graph\":[{\"@type\":\"WebPage\",\"@id\":\"https:\\\/\\\/redfoxlotto.com\\\/pt-pt\\\/lotarias\\\/mega-millions\\\/\",\"url\":\"https:\\\/\\\/redfoxlotto.com\\\/lotteries\\\/mega-millions\\\/\",\"name\":\"Compre bilhetes do Eurojackpot online na Portugal\",\"isPartOf\":{\"@id\":\"https:\\\/\\\/redfoxlotto.com\\\/pt-pt\\\/#website\"},\"primaryImageOfPage\":{\"@id\":\"https:\\\/\\\/redfoxlotto.com\\\/lotteries\\\/mega-millions\\\/#primaryimage\"},\"image\":{\"@id\":\"https:\\\/\\\/redfoxlotto.com\\\/lotteries\\\/mega-millions\\\/#primaryimage\"},\"thumbnailUrl\":\"https:\\\/\\\/content.redfoxlotto.com\\\/uploads\\\/sites\\\/9\\\/2_ticket_mega_millions2.jpg\",\"datePublished\":\"2018-11-18T08:54:25+00:00\",\"dateModified\":\"2025-12-18T13:20:12+00:00\",\"description\":\"Saiba mais sobre a Mega Millions Lotto USA e como pode comprar bilhetes para a Mega Millions online, a partir de Portugal ou de qualquer pa\u00eds do mundo\",\"breadcrumb\":{\"@id\":\"https:\\\/\\\/redfoxlotto.com\\\/lotteries\\\/mega-millions\\\/#breadcrumb\"},\"inLanguage\":\"pt-PT\",\"potentialAction\":[{\"@type\":\"ReadAction\",\"target\":[\"https:\\\/\\\/redfoxlotto.com\\\/lotteries\\\/mega-millions\\\/\"]}]},{\"@type\":\"ImageObject\",\"inLanguage\":\"pt-PT\",\"@id\":\"https:\\\/\\\/redfoxlotto.com\\\/lotteries\\\/mega-millions\\\/#primaryimage\",\"url\":\"https:\\\/\\\/content.redfoxlotto.com\\\/uploads\\\/sites\\\/9\\\/2_ticket_mega_millions2.jpg\",\"contentUrl\":\"https:\\\/\\\/content.redfoxlotto.com\\\/uploads\\\/sites\\\/9\\\/2_ticket_mega_millions2.jpg\"},{\"@type\":\"BreadcrumbList\",\"@id\":\"https:\\\/\\\/redfoxlotto.com\\\/lotteries\\\/mega-millions\\\/#breadcrumb\",\"itemListElement\":[{\"@type\":\"ListItem\",\"position\":1,\"name\":\"Home\",\"item\":\"https:\\\/\\\/redfoxlotto.com\\\/pt-pt\\\/\"},{\"@type\":\"ListItem\",\"position\":2,\"name\":\"O processo de compra dos seus bilhetes\",\"item\":\"https:\\\/\\\/redfoxlotto.com\\\/pt-pt\\\/lotarias\\\/\"},{\"@type\":\"ListItem\",\"position\":3,\"name\":\"Sobre o Mega Millions\"}]},{\"@type\":\"WebSite\",\"@id\":\"https:\\\/\\\/redfoxlotto.com\\\/pt-pt\\\/#website\",\"url\":\"https:\\\/\\\/redfoxlotto.com\\\/pt-pt\\\/\",\"name\":\"Get Tickets for the World\u2019s largest jackpots\",\"description\":\"Participate in worldwide lottery jackpots from any country\",\"publisher\":{\"@id\":\"https:\\\/\\\/redfoxlotto.com\\\/pt-pt\\\/#organization\"},\"potentialAction\":[{\"@type\":\"SearchAction\",\"target\":{\"@type\":\"EntryPoint\",\"urlTemplate\":\"https:\\\/\\\/redfoxlotto.com\\\/pt-pt\\\/?s={search_term_string}\"},\"query-input\":{\"@type\":\"PropertyValueSpecification\",\"valueRequired\":true,\"valueName\":\"search_term_string\"}}],\"inLanguage\":\"pt-PT\"},{\"@type\":\"Organization\",\"@id\":\"https:\\\/\\\/redfoxlotto.com\\\/pt-pt\\\/#organization\",\"name\":\"Get Tickets for the World\u2019s largest jackpots\",\"url\":\"https:\\\/\\\/redfoxlotto.com\\\/pt-pt\\\/\",\"logo\":{\"@type\":\"ImageObject\",\"inLanguage\":\"pt-PT\",\"@id\":\"https:\\\/\\\/redfoxlotto.com\\\/pt-pt\\\/#\\\/schema\\\/logo\\\/image\\\/\",\"url\":\"https:\\\/\\\/redfoxlotto.com\\\/wp-content\\\/uploads\\\/2023\\\/04\\\/logo.png\",\"contentUrl\":\"https:\\\/\\\/redfoxlotto.com\\\/wp-content\\\/uploads\\\/2023\\\/04\\\/logo.png\",\"width\":269,\"height\":53,\"caption\":\"Get Tickets for the World\u2019s largest jackpots\"},\"image\":{\"@id\":\"https:\\\/\\\/redfoxlotto.com\\\/pt-pt\\\/#\\\/schema\\\/logo\\\/image\\\/\"}}]}<\/script>\n<!-- \/ Yoast SEO plugin. -->","yoast_head_json":{"title":"Compre bilhetes do Eurojackpot online na Portugal","description":"Saiba mais sobre a Mega Millions Lotto USA e como pode comprar bilhetes para a Mega Millions online, a partir de Portugal ou de qualquer pa\u00eds do mundo","robots":{"index":"index","follow":"follow","max-snippet":"max-snippet:-1","max-image-preview":"max-image-preview:large","max-video-preview":"max-video-preview:-1"},"canonical":"https:\/\/redfoxlotto.com\/pt-pt\/lotteries\/mega-millions\/","og_locale":"pt_PT","og_type":"article","og_title":"Compre bilhetes do Eurojackpot online na Portugal","og_description":"Saiba mais sobre a Mega Millions Lotto USA e como pode comprar bilhetes para a Mega Millions online, a partir de Portugal ou de qualquer pa\u00eds do mundo","og_url":"https:\/\/redfoxlotto.com\/lotteries\/mega-millions\/","og_site_name":"Get Tickets for the World\u2019s largest jackpots","article_modified_time":"2025-12-18T13:20:12+00:00","og_image":[{"url":"https:\/\/content.redfoxlotto.com\/uploads\/sites\/9\/2_ticket_mega_millions2.jpg","type":"","width":"","height":""}],"twitter_card":"summary_large_image","twitter_misc":{"Tempo estimado de leitura":"5 minutos"},"schema":{"@context":"https:\/\/schema.org","@graph":[{"@type":"WebPage","@id":"https:\/\/redfoxlotto.com\/pt-pt\/lotarias\/mega-millions\/","url":"https:\/\/redfoxlotto.com\/lotteries\/mega-millions\/","name":"Compre bilhetes do Eurojackpot online na Portugal","isPartOf":{"@id":"https:\/\/redfoxlotto.com\/pt-pt\/#website"},"primaryImageOfPage":{"@id":"https:\/\/redfoxlotto.com\/lotteries\/mega-millions\/#primaryimage"},"image":{"@id":"https:\/\/redfoxlotto.com\/lotteries\/mega-millions\/#primaryimage"},"thumbnailUrl":"https:\/\/content.redfoxlotto.com\/uploads\/sites\/9\/2_ticket_mega_millions2.jpg","datePublished":"2018-11-18T08:54:25+00:00","dateModified":"2025-12-18T13:20:12+00:00","description":"Saiba mais sobre a Mega Millions Lotto USA e como pode comprar bilhetes para a Mega Millions online, a partir de Portugal ou de qualquer pa\u00eds do mundo","breadcrumb":{"@id":"https:\/\/redfoxlotto.com\/lotteries\/mega-millions\/#breadcrumb"},"inLanguage":"pt-PT","potentialAction":[{"@type":"ReadAction","target":["https:\/\/redfoxlotto.com\/lotteries\/mega-millions\/"]}]},{"@type":"ImageObject","inLanguage":"pt-PT","@id":"https:\/\/redfoxlotto.com\/lotteries\/mega-millions\/#primaryimage","url":"https:\/\/content.redfoxlotto.com\/uploads\/sites\/9\/2_ticket_mega_millions2.jpg","contentUrl":"https:\/\/content.redfoxlotto.com\/uploads\/sites\/9\/2_ticket_mega_millions2.jpg"},{"@type":"BreadcrumbList","@id":"https:\/\/redfoxlotto.com\/lotteries\/mega-millions\/#breadcrumb","itemListElement":[{"@type":"ListItem","position":1,"name":"Home","item":"https:\/\/redfoxlotto.com\/pt-pt\/"},{"@type":"ListItem","position":2,"name":"O processo de compra dos seus bilhetes","item":"https:\/\/redfoxlotto.com\/pt-pt\/lotarias\/"},{"@type":"ListItem","position":3,"name":"Sobre o Mega Millions"}]},{"@type":"WebSite","@id":"https:\/\/redfoxlotto.com\/pt-pt\/#website","url":"https:\/\/redfoxlotto.com\/pt-pt\/","name":"Get Tickets for the World\u2019s largest jackpots","description":"Participate in worldwide lottery jackpots from any country","publisher":{"@id":"https:\/\/redfoxlotto.com\/pt-pt\/#organization"},"potentialAction":[{"@type":"SearchAction","target":{"@type":"EntryPoint","urlTemplate":"https:\/\/redfoxlotto.com\/pt-pt\/?s={search_term_string}"},"query-input":{"@type":"PropertyValueSpecification","valueRequired":true,"valueName":"search_term_string"}}],"inLanguage":"pt-PT"},{"@type":"Organization","@id":"https:\/\/redfoxlotto.com\/pt-pt\/#organization","name":"Get Tickets for the World\u2019s largest jackpots","url":"https:\/\/redfoxlotto.com\/pt-pt\/","logo":{"@type":"ImageObject","inLanguage":"pt-PT","@id":"https:\/\/redfoxlotto.com\/pt-pt\/#\/schema\/logo\/image\/","url":"https:\/\/redfoxlotto.com\/wp-content\/uploads\/2023\/04\/logo.png","contentUrl":"https:\/\/redfoxlotto.com\/wp-content\/uploads\/2023\/04\/logo.png","width":269,"height":53,"caption":"Get Tickets for the World\u2019s largest jackpots"},"image":{"@id":"https:\/\/redfoxlotto.com\/pt-pt\/#\/schema\/logo\/image\/"}}]}},"_links":{"self":[{"href":"https:\/\/redfoxlotto.com\/pt-pt\/wp-json\/wp\/v2\/pages\/1006","targetHints":{"allow":["GET"]}}],"collection":[{"href":"https:\/\/redfoxlotto.com\/pt-pt\/wp-json\/wp\/v2\/pages"}],"about":[{"href":"https:\/\/redfoxlotto.com\/pt-pt\/wp-json\/wp\/v2\/types\/page"}],"author":[{"embeddable":true,"href":"https:\/\/redfoxlotto.com\/pt-pt\/wp-json\/wp\/v2\/users\/1"}],"replies":[{"embeddable":true,"href":"https:\/\/redfoxlotto.com\/pt-pt\/wp-json\/wp\/v2\/comments?post=1006"}],"version-history":[{"count":0,"href":"https:\/\/redfoxlotto.com\/pt-pt\/wp-json\/wp\/v2\/pages\/1006\/revisions"}],"up":[{"embeddable":true,"href":"https:\/\/redfoxlotto.com\/pt-pt\/wp-json\/wp\/v2\/pages\/1003"}],"wp:attachment":[{"href":"https:\/\/redfoxlotto.com\/pt-pt\/wp-json\/wp\/v2\/media?parent=1006"}],"curies":[{"name":"wp","href":"https:\/\/api.w.org\/{rel}","templated":true}]}}