{"id":1004,"date":"2018-11-18T08:54:25","date_gmt":"2018-11-18T08:54:25","guid":{"rendered":"https:\/\/redfoxlotto.com\/?page_id=2010"},"modified":"2025-12-18T14:03:35","modified_gmt":"2025-12-18T14:03:35","slug":"eurojackpot","status":"publish","type":"page","link":"https:\/\/redfoxlotto.com\/pt-pt\/lotarias\/eurojackpot\/","title":{"rendered":"Sobre o Eurojackpot"},"content":{"rendered":"<p><script type=\"application\/ld+json\">\n{\n  \"@context\": \"https:\/\/schema.org\",\n  \"@type\": \"Service\",\n  \"name\": \"Jogue Eurojackpot Online\",\n  \"url\": \"https:\/\/redfoxlotto.com\/pt\/lotteries\/eurojackpot\/\",\n  \"description\": \"Compre bilhetes oficiais do Eurojackpot online a partir de qualquer pa\u00eds. Visite o RedFoxLotto, escolha os seus n\u00fameros e participe no pr\u00f3ximo sorteio.\",\n  \"serviceType\": \"Servi\u00e7o de intermedia\u00e7\u00e3o de bilhetes de lotaria online\",<\/p>\n<p>  \"provider\": {\n    \"@type\": \"Organization\",\n    \"name\": \"RedFoxLotto\",\n    \"url\": \"https:\/\/redfoxlotto.com\/pt\",\n    \"image\": \"https:\/\/redfoxlotto.com\/pt\/wp-content\/uploads\/2025\/12\/ticket_scans.jpg\",\n    \"sameAs\": []\n  },<\/p>\n<p>  \"areaServed\": \"Worldwide\",\n  \"termsOfService\": \"https:\/\/redfoxlotto.com\/terms-and-conditions\",<\/p>\n<p>  \"additionalProperty\": {\n    \"@type\": \"PropertyValue\",\n    \"name\": \"FAQ\",\n    \"value\": \"https:\/\/redfoxlotto.com\/pt\/faq\/\"\n  },<\/p>\n<p>  \"hasOfferCatalog\": {\n    \"@type\": \"OfferCatalog\",\n    \"name\": \"Bilhetes Eurojackpot\",\n    \"itemListElement\": [\n      {\n        \"@type\": \"Offer\",\n        \"name\": \"Bilhetes Eurojackpot\",\n        \"url\": \"https:\/\/redfoxlotto.com\/pt\/lotteries\/eurojackpot\",\n        \"description\": \"Compre bilhetes reais online para o pr\u00f3ximo sorteio do Eurojackpot atrav\u00e9s do RedFoxLotto.\",\n        \"price\": \"6.00\",\n        \"priceCurrency\": \"\u20ac\",\n        \"availability\": \"https:\/\/schema.org\/InStock\",<\/p>\n<p>        \"itemOffered\": {\n          \"@type\": \"Service\",\n          \"name\": \"Bilhetes de lotaria Eurojackpot\",\n          \"description\": \"Participe no pr\u00f3ximo sorteio do Eurojackpot \u2013 compre bilhetes online atrav\u00e9s do RedFoxLotto.\"\n        }\n      }\n    ]\n  },<\/p>\n<p>  \"mainEntityOfPage\": {\n    \"@type\": \"WebPage\",\n    \"@id\": \"https:\/\/redfoxlotto.com\/pt\/lotteries\/eurojackpot\/\"\n  }\n}\n<\/script><\/p>\n<p>O Eurojackpot existe desde 2012 e s\u00f3 continuou a ganhar popularidade desde essa altura. Uma das raz\u00f5es para isso \u00e9 que est\u00e1 definitivamente come\u00e7ando a ganhar algum quando se trata de jackpots e voc\u00ea pode realmente ganhar uma quantia decente de dinheiro (falaremos mais sobre isso mais tarde).<\/p>\n<p>Os bilhetes podem ser comprados em 17 pa\u00edses europeus participantes, o que \u00e9 \u00f3ptimo para os pa\u00edses que j\u00e1 se encontram nessa regi\u00e3o.<\/p>\n<p>Mas e as pessoas que vivem em Portugal &#8211; n\u00e3o podem simplesmente ir a uma loja para comprar bilhetes do Eurojackpot? Se vive em Portugal, a compra online \u00e9 a melhor op\u00e7\u00e3o. Tamb\u00e9m podes comprar os teus bilhetes online connosco se n\u00e3o viveres num desses pa\u00edses europeus.<\/p>\n<h2>O jackpot<\/h2>\n<p>A lotaria Eurojackpot tem um montante m\u00ednimo de jackpot de 10.000.000 euros. Isso vai ser definitivamente um grande benef\u00edcio para si e uma grande diferen\u00e7a na sua vida, certo? Bem, definitivamente n\u00e3o vai ter problemas em comprar algumas coisas muito fixes com esse dinheiro ou pagar d\u00edvidas ou qualquer outra coisa. Mas isso \u00e9 apenas o m\u00ednimo. O montante pode ser muito maior. De facto, o pagamento m\u00e1ximo pode chegar a 120.000.000 euros. Ser\u00e1 realmente um montante enorme e uma grande diferen\u00e7a na sua vida, mas e se ningu\u00e9m ganhar? Todos os montantes para al\u00e9m desse valor ser\u00e3o transferidos para a classe do segundo pr\u00e9mio.<img decoding=\"async\" class=\" wp-image alignright\" src=\"https:\/\/content.redfoxlotto.com\/uploads\/sites\/9\/1_ticket_eurojackpot2.jpg\" alt=\"eurojackpot\" \/><\/p>\n<p>Isso significa que ter\u00e1 a possibilidade de ganhar esse jackpot gigante at\u00e9 atingir esse limite. A partir da\u00ed, ver\u00e1 o segundo montante mais elevado come\u00e7ar a subir e a subir. Isto significa que pode acabar por ganhar um jackpot enorme por acertar em menos n\u00fameros, porque esse pr\u00e9mio de segundo n\u00edvel vai tornar-se um b\u00f3nus muito bom e uma segunda oportunidade de ganhar em grande.<\/p>\n<h2>As regras do Eurojackpot<\/h2>\n<p>Se pretende jogar no Eurojackpot da Portgual, deve certificar-se de que tem o processo correcto para o fazer. Quer ter a certeza de que est\u00e1 a jogar correctamente e que o seu bilhete foi escolhido da forma correcta. Bem, est\u00e1 com sorte porque estes bilhetes s\u00e3o super simples de escolher e n\u00e3o ter\u00e1 qualquer problema em escolher exactamente o que quer.<\/p>\n<p>Escolhe 5 n\u00fameros principais entre 1 e 50 e depois dois n\u00fameros adicionais entre 1 e 12. Assim, os 5 n\u00fameros principais ainda lhe dar\u00e3o um pr\u00e9mio, mesmo que n\u00e3o acerte nos n\u00fameros adicionais ou nos n\u00fameros estrela. Existem 12 n\u00edveis de pr\u00e9mios.<\/p>\n<p>Isto significa que h\u00e1 uma s\u00e9rie de combina\u00e7\u00f5es diferentes de n\u00fameros correspondentes que pode ter e que lhe dar\u00e3o algum tipo de pr\u00e9mio. Pode ganhar apenas o suficiente para cobrir o custo do seu bilhete ou pode ainda ganhar milh\u00f5es sem ter de acertar em tudo.<\/p>\n<p>Naturalmente, para ganhar o pr\u00e9mio principal, \u00e9 necess\u00e1rio acertar nos 5 n\u00fameros principais e nos 2 n\u00fameros adicionais. Isto vai ser complicado e vai ser uma coisa muito rara, mas \u00e9 definitivamente poss\u00edvel. Afinal de contas, algu\u00e9m vai ganhar o pr\u00e9mio, certo? Porqu\u00ea?<\/p>\n<p>n\u00e3o pode ser voc\u00ea? Achamos que pode ser e tudo o que precisa de fazer \u00e9 dar uma vista de olhos no processo de escolha do seu bilhete e preparar-se para comprar.<\/p>\n<h2>Comprar o seu bilhete Eurojackpot<\/h2>\n<p>Se est\u00e1 pronto para jogar no Eurojackpot online, est\u00e1 pronto para dar uma vista de olhos no nosso sistema e no nosso website. Tudo o que tens de fazer \u00e9 entrar na Internet e dar uma vista de olhos, mas j\u00e1 l\u00e1 est\u00e1s. Ent\u00e3o, o que \u00e9 que vai fazer a seguir? Ver os diferentes bilhetes que temos dispon\u00edveis.<\/p>\n<p>Oferecemos os melhores bilhetes e os jogos mais populares, proporcionando-lhe os maiores jackpots. Depois de dar uma vista de olhos, pode decidir que quer comprar bilhetes para o Eurojackpot e ser\u00e1 levado para uma p\u00e1gina separada.<\/p>\n<p>Nesta p\u00e1gina, obter\u00e1 mais informa\u00e7\u00f5es sobre o Eurojackpot e poder\u00e1 escolher os bilhetes que deseja. Pode escolher entre qualquer n\u00famero de bilhetes que desejar e pode escolher os n\u00fameros que deseja no seu bilhete. Desde que os seus n\u00fameros correspondam \u00e0s regras de que fal\u00e1mos acima, pode escolher qualquer combina\u00e7\u00e3o de n\u00fameros em cada um dos seus bilhetes.<\/p>\n<p>Claro que, se n\u00e3o souber quais os n\u00fameros que quer escolher, pode escolher um bilhete de escolha r\u00e1pida.<br \/>\n<img loading=\"lazy\" decoding=\"async\" class=\" wp-image alignright\" src=\"https:\/\/content.redfoxlotto.com\/uploads\/sites\/9\/1_eurojackpot_buy_ticket.jpg\" alt=\"comprar bilhete eurojackpot\" width=\"229\" height=\"152\" \/><br \/>\nCom uma escolha r\u00e1pida, receber\u00e1 uma atribui\u00e7\u00e3o aleat\u00f3ria de n\u00fameros que se enquadram nos requisitos. Isto permite-lhe obter um bilhete, mas n\u00e3o tem de se preocupar com mais nada. Se quiser escolher algumas op\u00e7\u00f5es, mas n\u00e3o quiser escolher todos os n\u00fameros, pode fazer uma combina\u00e7\u00e3o das duas op\u00e7\u00f5es, o que facilitar\u00e1 definitivamente a compra do bilhete.<\/p>\n<h2>Criar a sua conta<\/h2>\n<p>Depois de ter escolhido todos os n\u00fameros, basta seguir o processo de cria\u00e7\u00e3o de uma conta. Quando come\u00e7ar a criar a sua conta, \u00e9 muito simples e tudo o que precisa de fazer \u00e9 preencher algumas informa\u00e7\u00f5es pessoais. Essa informa\u00e7\u00e3o vai tornar muito f\u00e1cil para si colocar dinheiro na sua conta que pode utilizar para pagar os seus bilhetes e tamb\u00e9m vai tornar muito f\u00e1cil para si retirar dinheiro da sua conta quando ganhar. \u00c9 super simples e f\u00e1cil tamb\u00e9m.<\/p>\n<p>Quando estiver pronto para escolher os seus bilhetes, basta entrar novamente na sua conta e poder\u00e1 escolher qualquer um dos bilhetes que desejar. Se quiser fazer escolhas r\u00e1pidas, \u00e9 ainda mais f\u00e1cil, e pode at\u00e9 configurar a prepara\u00e7\u00e3o dos seus bilhetes para v\u00e1rios sorteios. Isto significa que n\u00e3o tem de se preocupar em comprar bilhetes adicionais para o sorteio seguinte. Basta manter o mesmo bilhete e est\u00e1 pronto para come\u00e7ar.<\/p>\n","protected":false},"excerpt":{"rendered":"<p>O Eurojackpot existe desde 2012 e s\u00f3 continuou a ganhar popularidade desde essa altura. Uma das raz\u00f5es para isso \u00e9 que est\u00e1 definitivamente come\u00e7ando a ganhar algum quando se trata de jackpots e voc\u00ea pode realmente ganhar uma quantia decente de dinheiro (falaremos mais sobre isso mais tarde). Os bilhetes podem ser comprados em 17 [&hellip;]<\/p>\n","protected":false},"author":1,"featured_media":0,"parent":1003,"menu_order":4,"comment_status":"closed","ping_status":"closed","template":"eurojackpot-info.php","meta":{"_et_pb_use_builder":"","_et_pb_old_content":"","_et_gb_content_width":"","exclude_from_search":false,"footnotes":""},"class_list":["post-1004","page","type-page","status-publish","hentry"],"yoast_head":"<!-- This site is optimized with the Yoast SEO plugin v23.8 - https:\/\/yoast.com\/wordpress\/plugins\/seo\/ -->\n<title>Os residentes em Portugal j\u00e1 podem comprar bilhetes para o Eurojackpot online<\/title>\n<meta name=\"description\" content=\"Compra online os teus bilhetes para o Eurojackpot, se vives no Portgual. Utilize o nosso servi\u00e7o para ter a sua oportunidade de ganhar, com um bilhete oficial do Eurojackpot\" \/>\n<meta name=\"robots\" content=\"index, follow, max-snippet:-1, max-image-preview:large, max-video-preview:-1\" \/>\n<link rel=\"canonical\" href=\"https:\/\/redfoxlotto.com\/pt-pt\/lotarias\/eurojackpot\/\" \/>\n<meta property=\"og:locale\" content=\"pt_PT\" \/>\n<meta property=\"og:type\" content=\"article\" \/>\n<meta property=\"og:title\" content=\"Os residentes em Portugal j\u00e1 podem comprar bilhetes para o Eurojackpot online\" \/>\n<meta property=\"og:description\" content=\"Compra online os teus bilhetes para o Eurojackpot, se vives no Portgual. Utilize o nosso servi\u00e7o para ter a sua oportunidade de ganhar, com um bilhete oficial do Eurojackpot\" \/>\n<meta property=\"og:url\" content=\"https:\/\/redfoxlotto.com\/pt-pt\/lotarias\/eurojackpot\/\" \/>\n<meta property=\"og:site_name\" content=\"Get Tickets for the World\u2019s largest jackpots\" \/>\n<meta property=\"article:modified_time\" content=\"2025-12-18T14:03:35+00:00\" \/>\n<meta property=\"og:image\" content=\"https:\/\/content.redfoxlotto.com\/uploads\/sites\/9\/1_ticket_eurojackpot2.jpg\" \/>\n<meta name=\"twitter:card\" content=\"summary_large_image\" \/>\n<meta name=\"twitter:label1\" content=\"Tempo estimado de leitura\" \/>\n\t<meta name=\"twitter:data1\" content=\"5 minutos\" \/>\n<script type=\"application\/ld+json\" class=\"yoast-schema-graph\">{\"@context\":\"https:\/\/schema.org\",\"@graph\":[{\"@type\":\"WebPage\",\"@id\":\"https:\/\/redfoxlotto.com\/pt-pt\/lotarias\/eurojackpot\/\",\"url\":\"https:\/\/redfoxlotto.com\/pt-pt\/lotarias\/eurojackpot\/\",\"name\":\"Os residentes em Portugal j\u00e1 podem comprar bilhetes para o Eurojackpot online\",\"isPartOf\":{\"@id\":\"https:\/\/redfoxlotto.com\/pt-pt\/#website\"},\"primaryImageOfPage\":{\"@id\":\"https:\/\/redfoxlotto.com\/pt-pt\/lotarias\/eurojackpot\/#primaryimage\"},\"image\":{\"@id\":\"https:\/\/redfoxlotto.com\/pt-pt\/lotarias\/eurojackpot\/#primaryimage\"},\"thumbnailUrl\":\"https:\/\/content.redfoxlotto.com\/uploads\/sites\/9\/1_ticket_eurojackpot2.jpg\",\"datePublished\":\"2018-11-18T08:54:25+00:00\",\"dateModified\":\"2025-12-18T14:03:35+00:00\",\"description\":\"Compra online os teus bilhetes para o Eurojackpot, se vives no Portgual. Utilize o nosso servi\u00e7o para ter a sua oportunidade de ganhar, com um bilhete oficial do Eurojackpot\",\"breadcrumb\":{\"@id\":\"https:\/\/redfoxlotto.com\/pt-pt\/lotarias\/eurojackpot\/#breadcrumb\"},\"inLanguage\":\"pt-PT\",\"potentialAction\":[{\"@type\":\"ReadAction\",\"target\":[\"https:\/\/redfoxlotto.com\/pt-pt\/lotarias\/eurojackpot\/\"]}]},{\"@type\":\"ImageObject\",\"inLanguage\":\"pt-PT\",\"@id\":\"https:\/\/redfoxlotto.com\/pt-pt\/lotarias\/eurojackpot\/#primaryimage\",\"url\":\"https:\/\/content.redfoxlotto.com\/uploads\/sites\/9\/1_ticket_eurojackpot2.jpg\",\"contentUrl\":\"https:\/\/content.redfoxlotto.com\/uploads\/sites\/9\/1_ticket_eurojackpot2.jpg\"},{\"@type\":\"BreadcrumbList\",\"@id\":\"https:\/\/redfoxlotto.com\/pt-pt\/lotarias\/eurojackpot\/#breadcrumb\",\"itemListElement\":[{\"@type\":\"ListItem\",\"position\":1,\"name\":\"Home\",\"item\":\"https:\/\/redfoxlotto.com\/pt-pt\/\"},{\"@type\":\"ListItem\",\"position\":2,\"name\":\"O processo de compra dos seus bilhetes\",\"item\":\"https:\/\/redfoxlotto.com\/pt-pt\/lotarias\/\"},{\"@type\":\"ListItem\",\"position\":3,\"name\":\"Sobre o Eurojackpot\"}]},{\"@type\":\"WebSite\",\"@id\":\"https:\/\/redfoxlotto.com\/pt-pt\/#website\",\"url\":\"https:\/\/redfoxlotto.com\/pt-pt\/\",\"name\":\"Get Tickets for the World\u2019s largest jackpots\",\"description\":\"Participate in worldwide lottery jackpots from any country\",\"publisher\":{\"@id\":\"https:\/\/redfoxlotto.com\/pt-pt\/#organization\"},\"potentialAction\":[{\"@type\":\"SearchAction\",\"target\":{\"@type\":\"EntryPoint\",\"urlTemplate\":\"https:\/\/redfoxlotto.com\/pt-pt\/?s={search_term_string}\"},\"query-input\":{\"@type\":\"PropertyValueSpecification\",\"valueRequired\":true,\"valueName\":\"search_term_string\"}}],\"inLanguage\":\"pt-PT\"},{\"@type\":\"Organization\",\"@id\":\"https:\/\/redfoxlotto.com\/pt-pt\/#organization\",\"name\":\"Get Tickets for the World\u2019s largest jackpots\",\"url\":\"https:\/\/redfoxlotto.com\/pt-pt\/\",\"logo\":{\"@type\":\"ImageObject\",\"inLanguage\":\"pt-PT\",\"@id\":\"https:\/\/redfoxlotto.com\/pt-pt\/#\/schema\/logo\/image\/\",\"url\":\"https:\/\/redfoxlotto.com\/wp-content\/uploads\/2023\/04\/logo.png\",\"contentUrl\":\"https:\/\/redfoxlotto.com\/wp-content\/uploads\/2023\/04\/logo.png\",\"width\":269,\"height\":53,\"caption\":\"Get Tickets for the World\u2019s largest jackpots\"},\"image\":{\"@id\":\"https:\/\/redfoxlotto.com\/pt-pt\/#\/schema\/logo\/image\/\"}}]}<\/script>\n<!-- \/ Yoast SEO plugin. -->","yoast_head_json":{"title":"Os residentes em Portugal j\u00e1 podem comprar bilhetes para o Eurojackpot online","description":"Compra online os teus bilhetes para o Eurojackpot, se vives no Portgual. Utilize o nosso servi\u00e7o para ter a sua oportunidade de ganhar, com um bilhete oficial do Eurojackpot","robots":{"index":"index","follow":"follow","max-snippet":"max-snippet:-1","max-image-preview":"max-image-preview:large","max-video-preview":"max-video-preview:-1"},"canonical":"https:\/\/redfoxlotto.com\/pt-pt\/lotarias\/eurojackpot\/","og_locale":"pt_PT","og_type":"article","og_title":"Os residentes em Portugal j\u00e1 podem comprar bilhetes para o Eurojackpot online","og_description":"Compra online os teus bilhetes para o Eurojackpot, se vives no Portgual. Utilize o nosso servi\u00e7o para ter a sua oportunidade de ganhar, com um bilhete oficial do Eurojackpot","og_url":"https:\/\/redfoxlotto.com\/pt-pt\/lotarias\/eurojackpot\/","og_site_name":"Get Tickets for the World\u2019s largest jackpots","article_modified_time":"2025-12-18T14:03:35+00:00","og_image":[{"url":"https:\/\/content.redfoxlotto.com\/uploads\/sites\/9\/1_ticket_eurojackpot2.jpg"}],"twitter_card":"summary_large_image","twitter_misc":{"Tempo estimado de leitura":"5 minutos"},"schema":{"@context":"https:\/\/schema.org","@graph":[{"@type":"WebPage","@id":"https:\/\/redfoxlotto.com\/pt-pt\/lotarias\/eurojackpot\/","url":"https:\/\/redfoxlotto.com\/pt-pt\/lotarias\/eurojackpot\/","name":"Os residentes em Portugal j\u00e1 podem comprar bilhetes para o Eurojackpot online","isPartOf":{"@id":"https:\/\/redfoxlotto.com\/pt-pt\/#website"},"primaryImageOfPage":{"@id":"https:\/\/redfoxlotto.com\/pt-pt\/lotarias\/eurojackpot\/#primaryimage"},"image":{"@id":"https:\/\/redfoxlotto.com\/pt-pt\/lotarias\/eurojackpot\/#primaryimage"},"thumbnailUrl":"https:\/\/content.redfoxlotto.com\/uploads\/sites\/9\/1_ticket_eurojackpot2.jpg","datePublished":"2018-11-18T08:54:25+00:00","dateModified":"2025-12-18T14:03:35+00:00","description":"Compra online os teus bilhetes para o Eurojackpot, se vives no Portgual. Utilize o nosso servi\u00e7o para ter a sua oportunidade de ganhar, com um bilhete oficial do Eurojackpot","breadcrumb":{"@id":"https:\/\/redfoxlotto.com\/pt-pt\/lotarias\/eurojackpot\/#breadcrumb"},"inLanguage":"pt-PT","potentialAction":[{"@type":"ReadAction","target":["https:\/\/redfoxlotto.com\/pt-pt\/lotarias\/eurojackpot\/"]}]},{"@type":"ImageObject","inLanguage":"pt-PT","@id":"https:\/\/redfoxlotto.com\/pt-pt\/lotarias\/eurojackpot\/#primaryimage","url":"https:\/\/content.redfoxlotto.com\/uploads\/sites\/9\/1_ticket_eurojackpot2.jpg","contentUrl":"https:\/\/content.redfoxlotto.com\/uploads\/sites\/9\/1_ticket_eurojackpot2.jpg"},{"@type":"BreadcrumbList","@id":"https:\/\/redfoxlotto.com\/pt-pt\/lotarias\/eurojackpot\/#breadcrumb","itemListElement":[{"@type":"ListItem","position":1,"name":"Home","item":"https:\/\/redfoxlotto.com\/pt-pt\/"},{"@type":"ListItem","position":2,"name":"O processo de compra dos seus bilhetes","item":"https:\/\/redfoxlotto.com\/pt-pt\/lotarias\/"},{"@type":"ListItem","position":3,"name":"Sobre o Eurojackpot"}]},{"@type":"WebSite","@id":"https:\/\/redfoxlotto.com\/pt-pt\/#website","url":"https:\/\/redfoxlotto.com\/pt-pt\/","name":"Get Tickets for the World\u2019s largest jackpots","description":"Participate in worldwide lottery jackpots from any country","publisher":{"@id":"https:\/\/redfoxlotto.com\/pt-pt\/#organization"},"potentialAction":[{"@type":"SearchAction","target":{"@type":"EntryPoint","urlTemplate":"https:\/\/redfoxlotto.com\/pt-pt\/?s={search_term_string}"},"query-input":{"@type":"PropertyValueSpecification","valueRequired":true,"valueName":"search_term_string"}}],"inLanguage":"pt-PT"},{"@type":"Organization","@id":"https:\/\/redfoxlotto.com\/pt-pt\/#organization","name":"Get Tickets for the World\u2019s largest jackpots","url":"https:\/\/redfoxlotto.com\/pt-pt\/","logo":{"@type":"ImageObject","inLanguage":"pt-PT","@id":"https:\/\/redfoxlotto.com\/pt-pt\/#\/schema\/logo\/image\/","url":"https:\/\/redfoxlotto.com\/wp-content\/uploads\/2023\/04\/logo.png","contentUrl":"https:\/\/redfoxlotto.com\/wp-content\/uploads\/2023\/04\/logo.png","width":269,"height":53,"caption":"Get Tickets for the World\u2019s largest jackpots"},"image":{"@id":"https:\/\/redfoxlotto.com\/pt-pt\/#\/schema\/logo\/image\/"}}]}},"_links":{"self":[{"href":"https:\/\/redfoxlotto.com\/pt-pt\/wp-json\/wp\/v2\/pages\/1004","targetHints":{"allow":["GET"]}}],"collection":[{"href":"https:\/\/redfoxlotto.com\/pt-pt\/wp-json\/wp\/v2\/pages"}],"about":[{"href":"https:\/\/redfoxlotto.com\/pt-pt\/wp-json\/wp\/v2\/types\/page"}],"author":[{"embeddable":true,"href":"https:\/\/redfoxlotto.com\/pt-pt\/wp-json\/wp\/v2\/users\/1"}],"replies":[{"embeddable":true,"href":"https:\/\/redfoxlotto.com\/pt-pt\/wp-json\/wp\/v2\/comments?post=1004"}],"version-history":[{"count":0,"href":"https:\/\/redfoxlotto.com\/pt-pt\/wp-json\/wp\/v2\/pages\/1004\/revisions"}],"up":[{"embeddable":true,"href":"https:\/\/redfoxlotto.com\/pt-pt\/wp-json\/wp\/v2\/pages\/1003"}],"wp:attachment":[{"href":"https:\/\/redfoxlotto.com\/pt-pt\/wp-json\/wp\/v2\/media?parent=1004"}],"curies":[{"name":"wp","href":"https:\/\/api.w.org\/{rel}","templated":true}]}}