{"id":1003,"date":"2023-04-24T14:12:24","date_gmt":"2023-04-24T14:12:24","guid":{"rendered":"https:\/\/redfoxlotto.com\/?page_id=2008"},"modified":"2025-12-18T09:58:20","modified_gmt":"2025-12-18T09:58:20","slug":"lotarias","status":"publish","type":"page","link":"https:\/\/redfoxlotto.com\/pt-pt\/lotarias\/","title":{"rendered":"O processo de compra dos seus bilhetes"},"content":{"rendered":"<p><script type=\"application\/ld+json\">\n{\n  \"@context\": \"https:\/\/schema.org\",\n  \"@type\": \"Service\",\n  \"name\": \"Comprar bilhetes de lotaria online\",\n  \"url\": \"https:\/\/redfoxlotto.com\/pt-pt\/lotteries\/\",\n  \"description\": \"Compre bilhetes de lotaria online \u2013 as melhores lotarias do planeta dispon\u00edveis aqui.\",\n  \"serviceType\": \"Servi\u00e7o de entrega de bilhetes de lotaria online\",<\/p>\n<p>  \"provider\": {\n    \"@type\": \"Organization\",\n    \"name\": \"RedFoxLotto\",\n    \"url\": \"https:\/\/redfoxlotto.com\/pt-pt\/\",\n    \"image\": \"https:\/\/redfoxlotto.com\/wp-content\/uploads\/2025\/12\/ticket_scans.jpg\"\n  },<\/p>\n<p>  \"areaServed\": \"Worldwide\",\n  \"termsOfService\": \"https:\/\/redfoxlotto.com\/terms-and-conditions\",<\/p>\n<p>  \"additionalProperty\": {\n    \"@type\": \"PropertyValue\",\n    \"name\": \"FAQ\",\n    \"value\": \"https:\/\/redfoxlotto.com\/pt-pt\/faq\/\"\n  },<\/p>\n<p>  \"hasOfferCatalog\": {\n    \"@type\": \"OfferCatalog\",\n    \"name\": \"Bilhetes de lotaria em todo o mundo\",\n    \"itemListElement\": [\n      {\n        \"@type\": \"Offer\",\n        \"name\": \"Bilhetes de lotaria\",\n        \"url\": \"https:\/\/redfoxlotto.com\/pt-pt\/lotteries\/\",\n        \"description\": \"Comprar bilhetes de lotaria online \u00e9 seguro e f\u00e1cil \u2013 veja como funciona.\",\n        \"availability\": \"https:\/\/schema.org\/InStock\",<\/p>\n<p>        \"itemOffered\": {\n          \"@type\": \"Service\",\n          \"name\": \"Bilhetes de lotaria online\",\n          \"description\": \"Participe nos maiores jackpots do mundo \u2013 compre os seus bilhetes online atrav\u00e9s do RedFoxLotto.\"\n        }\n      }\n    ]\n  },<\/p>\n<p>  \"mainEntityOfPage\": {\n    \"@type\": \"WebPage\",\n    \"@id\": \"https:\/\/redfoxlotto.com\/pt-pt\/lotteries\/\"\n  }\n}\n<\/script><\/p>\n<p>Poder\u00e1 comprar bilhetes para as maiores lotarias do mundo diretamente a partir do nosso site. Estas incluem a Megamillions e a Powerball dos Estados Unidos, o Euromilh\u00f5es, Eurojackpot, El Gordo La Primitiva de Espanha, a SuperEna de It\u00e1lia e muitas outras.<!--more--><\/p>\n<p><strong>Passamos a mostrar-lhe como funciona o processo de aquisi\u00e7\u00e3o de bilhetes online em quatro passos simples:<\/strong><\/p>\n<h2>1\u00ba Passo &#8211; Escolha uma lotaria<\/h2>\n<p><img decoding=\"async\" class=\"size-full wp-image alignright\" src=\"https:\/\/content.redfoxlotto.com\/uploads\/sites\/9\/1_lottery_ticket.jpg\" alt=\"como comprar bilhetes de loteria online\" \/><br \/>\nEscolha uma lotaria na qual pretenda jogar em RedFoxLotto.com. Poder\u00e1 ver a lista de lotarias, ordenada pelo valor do respetivo primeiro pr\u00e9mio, na nossa p\u00e1gina principal.<\/p>\n<h2>2\u00ba Passo &#8211; Escolha os seus n\u00fameros<\/h2>\n<p>Use o rato para escolher os n\u00fameros em que quer apostar. poder\u00e1 ainda escolher a fun\u00e7\u00e3o de &#8220;Escolha R\u00e1pida&#8221; para selecionar um conjunto de n\u00fameros aleat\u00f3rios. Obviamente, se quiser, poder\u00e1 sempre descartar todos ou apenas parte destes n\u00fameros aleat\u00f3rios. Ou poder\u00e1 introduzir primeiro alguns dos seus n\u00fameros favoritos e deixar que o acaso defina os restantes. Nunca ter\u00e1 de se preocupar com a possibilidade de ter escolhido demasiados n\u00fameros, ou, por outro lado, os introduzidos n\u00e3o terem sido suficientes porque, nestes casos, o nosso sistema ir\u00e1 alert\u00e1-lo para a necessidade de adicionar ou remover n\u00fameros. Poder\u00e1 ent\u00e3o <a href=\"https:\/\/redfoxlotto.com\/pt\/lotarias\">comprar online mais bilhetes para outras lotarias<\/a> e adicion\u00e1-los \u00e0 sua encomenda. Quando tiver todos os bilhetes que desejar, fa\u00e7a click em &#8220;Pagar Agora&#8221;<\/p>\n<h2>3\u00ba Passo &#8211; Registe-se ou inicie sess\u00e3o<\/h2>\n<p>Chegada esta fase, \u00e9 necess\u00e1rio que crie uma conta de cliente junto dos nossos servi\u00e7os. Para esse efeito, precisaremos que nos forne\u00e7a algumas informa\u00e7\u00f5es. Fazemos isto no seu pr\u00f3prio interesse, de modo a que possamos notific\u00e1-lo em caso de vit\u00f3ria. Caso j\u00e1 tenha uma conta registada connosco, basta que inicie sess\u00e3o com os seus dados. Se se tiver esquecido da sua palavra-passe, utilize, por favor, a fun\u00e7\u00e3o &#8220;Esqueci a palavra-passe&#8221;.<\/p>\n<h2>4\u00ba Passo &#8211; Pagamento<\/h2>\n<p><img decoding=\"async\" class=\"size-full wp-image alignright\" src=\"https:\/\/content.redfoxlotto.com\/uploads\/sites\/9\/1_buy_lottery_online.jpg\" alt=\"pagar bilhete online\" \/>Escolha o m\u00e9todo de pagamento que pretende utilizar na sua \u00e1rea reservada de cliente. Mastercard, Visa, Bitcoin, Neteller, Skrill e Paysafecard s\u00e3o apenas algumas das op\u00e7\u00f5es dispon\u00edveis, que poder\u00e3o variar em fun\u00e7\u00e3o do pa\u00eds onde reside. Ap\u00f3s o pagamento, receber\u00e1 uma mensagem de confirma\u00e7\u00e3o da sua compra no endere\u00e7o de email que indicou no seu registo.<\/p>\n<h2>Depois de comprar os seus bilhetes online<\/h2>\n<p>Quatro passos e apenas alguns minutos e vai estar pronto e \u00e0 espera do sorteio. E tamb\u00e9m n\u00e3o tem de se preocupar em n\u00e3o perder nada, porque n\u00f3s avis\u00e1-lo-emos imediatamente se ganhar alguma coisa com o sorteio.<\/p>\n<p>Claro que, se quiser verificar por si pr\u00f3prio, pode sempre ir \u00e0 sua conta sempre que quiser e poder\u00e1 ver os bilhetes que comprou e para que jogos.<\/p>\n<p>Se ganhou alguma coisa ou igualou algum n\u00famero ap\u00f3s um sorteio, mostrar-lhe-emos os n\u00fameros correspondentes e avis\u00e1-lo-emos na p\u00e1gina da sua conta se ganhou. Tamb\u00e9m lhe informaremos do que precisa de fazer para reclamar os seus ganhos, para que n\u00e3o tenha de se preocupar em n\u00e3o perder nada.<\/p>\n<p>Jogar loto connosco \u00e9 muito simples, e vai ser muito mais divertido do que qualquer coisa que j\u00e1 tenha jogado antes tamb\u00e9m porque vai ter muito mais op\u00e7\u00f5es. Isso vai definitivamente dar-lhe a oportunidade de comprar bilhetes para a lotaria online.<\/p>\n","protected":false},"excerpt":{"rendered":"<p>Poder\u00e1 comprar bilhetes para as maiores lotarias do mundo diretamente a partir do nosso site. Estas incluem a Megamillions e a Powerball dos Estados Unidos, o Euromilh\u00f5es, Eurojackpot, El Gordo La Primitiva de Espanha, a SuperEna de It\u00e1lia e muitas outras.<\/p>\n","protected":false},"author":1,"featured_media":0,"parent":0,"menu_order":3,"comment_status":"closed","ping_status":"closed","template":"Information.php","meta":{"_et_pb_use_builder":"","_et_pb_old_content":"","_et_gb_content_width":"","exclude_from_search":false,"footnotes":""},"class_list":["post-1003","page","type-page","status-publish","hentry"],"yoast_head":"<!-- This site is optimized with the Yoast SEO plugin v23.8 - https:\/\/yoast.com\/wordpress\/plugins\/seo\/ -->\n<title>Comprar bilhetes de lotaria online<\/title>\n<meta name=\"description\" content=\"Comprar bilhetes de lotaria de qualquer parte do mundo \u00e9 f\u00e1cil e seguro - aqui indicamos-lhe como funciona!\" \/>\n<meta name=\"robots\" content=\"index, follow, max-snippet:-1, max-image-preview:large, max-video-preview:-1\" \/>\n<link rel=\"canonical\" href=\"https:\/\/redfoxlotto.com\/pt-pt\/lotarias\/\" \/>\n<meta property=\"og:locale\" content=\"pt_PT\" \/>\n<meta property=\"og:type\" content=\"article\" \/>\n<meta property=\"og:title\" content=\"Comprar bilhetes de lotaria online\" \/>\n<meta property=\"og:description\" content=\"Comprar bilhetes de lotaria de qualquer parte do mundo \u00e9 f\u00e1cil e seguro - aqui indicamos-lhe como funciona!\" \/>\n<meta property=\"og:url\" content=\"https:\/\/redfoxlotto.com\/pt-pt\/lotarias\/\" \/>\n<meta property=\"og:site_name\" content=\"Get Tickets for the World\u2019s largest jackpots\" \/>\n<meta property=\"article:modified_time\" content=\"2025-12-18T09:58:20+00:00\" \/>\n<meta property=\"og:image\" content=\"https:\/\/content.redfoxlotto.com\/uploads\/sites\/9\/1_lottery_ticket.jpg\" \/>\n<meta name=\"twitter:card\" content=\"summary_large_image\" \/>\n<meta name=\"twitter:label1\" content=\"Tempo estimado de leitura\" \/>\n\t<meta name=\"twitter:data1\" content=\"3 minutos\" \/>\n<script type=\"application\/ld+json\" class=\"yoast-schema-graph\">{\"@context\":\"https:\/\/schema.org\",\"@graph\":[{\"@type\":\"WebPage\",\"@id\":\"https:\/\/redfoxlotto.com\/pt-pt\/lotarias\/\",\"url\":\"https:\/\/redfoxlotto.com\/pt-pt\/lotarias\/\",\"name\":\"Comprar bilhetes de lotaria online\",\"isPartOf\":{\"@id\":\"https:\/\/redfoxlotto.com\/pt-pt\/#website\"},\"primaryImageOfPage\":{\"@id\":\"https:\/\/redfoxlotto.com\/pt-pt\/lotarias\/#primaryimage\"},\"image\":{\"@id\":\"https:\/\/redfoxlotto.com\/pt-pt\/lotarias\/#primaryimage\"},\"thumbnailUrl\":\"https:\/\/content.redfoxlotto.com\/uploads\/sites\/9\/1_lottery_ticket.jpg\",\"datePublished\":\"2023-04-24T14:12:24+00:00\",\"dateModified\":\"2025-12-18T09:58:20+00:00\",\"description\":\"Comprar bilhetes de lotaria de qualquer parte do mundo \u00e9 f\u00e1cil e seguro - aqui indicamos-lhe como funciona!\",\"breadcrumb\":{\"@id\":\"https:\/\/redfoxlotto.com\/pt-pt\/lotarias\/#breadcrumb\"},\"inLanguage\":\"pt-PT\",\"potentialAction\":[{\"@type\":\"ReadAction\",\"target\":[\"https:\/\/redfoxlotto.com\/pt-pt\/lotarias\/\"]}]},{\"@type\":\"ImageObject\",\"inLanguage\":\"pt-PT\",\"@id\":\"https:\/\/redfoxlotto.com\/pt-pt\/lotarias\/#primaryimage\",\"url\":\"https:\/\/content.redfoxlotto.com\/uploads\/sites\/9\/1_lottery_ticket.jpg\",\"contentUrl\":\"https:\/\/content.redfoxlotto.com\/uploads\/sites\/9\/1_lottery_ticket.jpg\"},{\"@type\":\"BreadcrumbList\",\"@id\":\"https:\/\/redfoxlotto.com\/pt-pt\/lotarias\/#breadcrumb\",\"itemListElement\":[{\"@type\":\"ListItem\",\"position\":1,\"name\":\"Home\",\"item\":\"https:\/\/redfoxlotto.com\/pt-pt\/\"},{\"@type\":\"ListItem\",\"position\":2,\"name\":\"O processo de compra dos seus bilhetes\"}]},{\"@type\":\"WebSite\",\"@id\":\"https:\/\/redfoxlotto.com\/pt-pt\/#website\",\"url\":\"https:\/\/redfoxlotto.com\/pt-pt\/\",\"name\":\"Get Tickets for the World\u2019s largest jackpots\",\"description\":\"Participate in worldwide lottery jackpots from any country\",\"publisher\":{\"@id\":\"https:\/\/redfoxlotto.com\/pt-pt\/#organization\"},\"potentialAction\":[{\"@type\":\"SearchAction\",\"target\":{\"@type\":\"EntryPoint\",\"urlTemplate\":\"https:\/\/redfoxlotto.com\/pt-pt\/?s={search_term_string}\"},\"query-input\":{\"@type\":\"PropertyValueSpecification\",\"valueRequired\":true,\"valueName\":\"search_term_string\"}}],\"inLanguage\":\"pt-PT\"},{\"@type\":\"Organization\",\"@id\":\"https:\/\/redfoxlotto.com\/pt-pt\/#organization\",\"name\":\"Get Tickets for the World\u2019s largest jackpots\",\"url\":\"https:\/\/redfoxlotto.com\/pt-pt\/\",\"logo\":{\"@type\":\"ImageObject\",\"inLanguage\":\"pt-PT\",\"@id\":\"https:\/\/redfoxlotto.com\/pt-pt\/#\/schema\/logo\/image\/\",\"url\":\"https:\/\/redfoxlotto.com\/wp-content\/uploads\/2023\/04\/logo.png\",\"contentUrl\":\"https:\/\/redfoxlotto.com\/wp-content\/uploads\/2023\/04\/logo.png\",\"width\":269,\"height\":53,\"caption\":\"Get Tickets for the World\u2019s largest jackpots\"},\"image\":{\"@id\":\"https:\/\/redfoxlotto.com\/pt-pt\/#\/schema\/logo\/image\/\"}}]}<\/script>\n<!-- \/ Yoast SEO plugin. -->","yoast_head_json":{"title":"Comprar bilhetes de lotaria online","description":"Comprar bilhetes de lotaria de qualquer parte do mundo \u00e9 f\u00e1cil e seguro - aqui indicamos-lhe como funciona!","robots":{"index":"index","follow":"follow","max-snippet":"max-snippet:-1","max-image-preview":"max-image-preview:large","max-video-preview":"max-video-preview:-1"},"canonical":"https:\/\/redfoxlotto.com\/pt-pt\/lotarias\/","og_locale":"pt_PT","og_type":"article","og_title":"Comprar bilhetes de lotaria online","og_description":"Comprar bilhetes de lotaria de qualquer parte do mundo \u00e9 f\u00e1cil e seguro - aqui indicamos-lhe como funciona!","og_url":"https:\/\/redfoxlotto.com\/pt-pt\/lotarias\/","og_site_name":"Get Tickets for the World\u2019s largest jackpots","article_modified_time":"2025-12-18T09:58:20+00:00","og_image":[{"url":"https:\/\/content.redfoxlotto.com\/uploads\/sites\/9\/1_lottery_ticket.jpg"}],"twitter_card":"summary_large_image","twitter_misc":{"Tempo estimado de leitura":"3 minutos"},"schema":{"@context":"https:\/\/schema.org","@graph":[{"@type":"WebPage","@id":"https:\/\/redfoxlotto.com\/pt-pt\/lotarias\/","url":"https:\/\/redfoxlotto.com\/pt-pt\/lotarias\/","name":"Comprar bilhetes de lotaria online","isPartOf":{"@id":"https:\/\/redfoxlotto.com\/pt-pt\/#website"},"primaryImageOfPage":{"@id":"https:\/\/redfoxlotto.com\/pt-pt\/lotarias\/#primaryimage"},"image":{"@id":"https:\/\/redfoxlotto.com\/pt-pt\/lotarias\/#primaryimage"},"thumbnailUrl":"https:\/\/content.redfoxlotto.com\/uploads\/sites\/9\/1_lottery_ticket.jpg","datePublished":"2023-04-24T14:12:24+00:00","dateModified":"2025-12-18T09:58:20+00:00","description":"Comprar bilhetes de lotaria de qualquer parte do mundo \u00e9 f\u00e1cil e seguro - aqui indicamos-lhe como funciona!","breadcrumb":{"@id":"https:\/\/redfoxlotto.com\/pt-pt\/lotarias\/#breadcrumb"},"inLanguage":"pt-PT","potentialAction":[{"@type":"ReadAction","target":["https:\/\/redfoxlotto.com\/pt-pt\/lotarias\/"]}]},{"@type":"ImageObject","inLanguage":"pt-PT","@id":"https:\/\/redfoxlotto.com\/pt-pt\/lotarias\/#primaryimage","url":"https:\/\/content.redfoxlotto.com\/uploads\/sites\/9\/1_lottery_ticket.jpg","contentUrl":"https:\/\/content.redfoxlotto.com\/uploads\/sites\/9\/1_lottery_ticket.jpg"},{"@type":"BreadcrumbList","@id":"https:\/\/redfoxlotto.com\/pt-pt\/lotarias\/#breadcrumb","itemListElement":[{"@type":"ListItem","position":1,"name":"Home","item":"https:\/\/redfoxlotto.com\/pt-pt\/"},{"@type":"ListItem","position":2,"name":"O processo de compra dos seus bilhetes"}]},{"@type":"WebSite","@id":"https:\/\/redfoxlotto.com\/pt-pt\/#website","url":"https:\/\/redfoxlotto.com\/pt-pt\/","name":"Get Tickets for the World\u2019s largest jackpots","description":"Participate in worldwide lottery jackpots from any country","publisher":{"@id":"https:\/\/redfoxlotto.com\/pt-pt\/#organization"},"potentialAction":[{"@type":"SearchAction","target":{"@type":"EntryPoint","urlTemplate":"https:\/\/redfoxlotto.com\/pt-pt\/?s={search_term_string}"},"query-input":{"@type":"PropertyValueSpecification","valueRequired":true,"valueName":"search_term_string"}}],"inLanguage":"pt-PT"},{"@type":"Organization","@id":"https:\/\/redfoxlotto.com\/pt-pt\/#organization","name":"Get Tickets for the World\u2019s largest jackpots","url":"https:\/\/redfoxlotto.com\/pt-pt\/","logo":{"@type":"ImageObject","inLanguage":"pt-PT","@id":"https:\/\/redfoxlotto.com\/pt-pt\/#\/schema\/logo\/image\/","url":"https:\/\/redfoxlotto.com\/wp-content\/uploads\/2023\/04\/logo.png","contentUrl":"https:\/\/redfoxlotto.com\/wp-content\/uploads\/2023\/04\/logo.png","width":269,"height":53,"caption":"Get Tickets for the World\u2019s largest jackpots"},"image":{"@id":"https:\/\/redfoxlotto.com\/pt-pt\/#\/schema\/logo\/image\/"}}]}},"_links":{"self":[{"href":"https:\/\/redfoxlotto.com\/pt-pt\/wp-json\/wp\/v2\/pages\/1003","targetHints":{"allow":["GET"]}}],"collection":[{"href":"https:\/\/redfoxlotto.com\/pt-pt\/wp-json\/wp\/v2\/pages"}],"about":[{"href":"https:\/\/redfoxlotto.com\/pt-pt\/wp-json\/wp\/v2\/types\/page"}],"author":[{"embeddable":true,"href":"https:\/\/redfoxlotto.com\/pt-pt\/wp-json\/wp\/v2\/users\/1"}],"replies":[{"embeddable":true,"href":"https:\/\/redfoxlotto.com\/pt-pt\/wp-json\/wp\/v2\/comments?post=1003"}],"version-history":[{"count":0,"href":"https:\/\/redfoxlotto.com\/pt-pt\/wp-json\/wp\/v2\/pages\/1003\/revisions"}],"wp:attachment":[{"href":"https:\/\/redfoxlotto.com\/pt-pt\/wp-json\/wp\/v2\/media?parent=1003"}],"curies":[{"name":"wp","href":"https:\/\/api.w.org\/{rel}","templated":true}]}}