{"id":87667,"date":"2025-05-19T09:08:38","date_gmt":"2025-05-19T09:08:38","guid":{"rendered":"https:\/\/redfoxlotto.com\/?page_id=87667"},"modified":"2025-05-28T07:02:35","modified_gmt":"2025-05-28T07:02:35","slug":"euromillions-eu","status":"publish","type":"page","link":"https:\/\/redfoxlotto.com\/pl\/loterie\/euromillions-eu\/","title":{"rendered":"O Euromillions EU"},"content":{"rendered":"<p data-start=\"61\" data-end=\"651\">EuroMillions EU to jedna z najwi\u0119kszych i najpopularniejszych loterii w Europie, przyci\u0105gaj\u0105ca co tydzie\u0144 miliony uczestnik\u00f3w mo\u017cliwo\u015bci\u0105 wygrania zmieniaj\u0105cych \u017cycie jackpot\u00f3w. Loteria ta, oficjalnie znana jako wersja EuroMillions dla Unii Europejskiej, cieszy si\u0119 ogromn\u0105 popularno\u015bci\u0105 w takich krajach jak Francja, Hiszpania, Austria, Belgia, Irlandia, Luksemburg, Portugalia i Szwajcaria. EuroMillions zadebiutowa\u0142a 13 lutego 2004 roku \u2013 pocz\u0105tkowo tylko we Francji, Hiszpanii i Wielkiej Brytanii \u2013 a ju\u017c w pa\u017adzierniku tego samego roku rozszerzy\u0142a si\u0119 na kolejne kraje europejskie.<\/p>\n<p><img loading=\"lazy\" decoding=\"async\" class=\"size-full wp-image-48546 alignright\" src=\"https:\/\/redfoxlotto.com\/wp-content\/uploads\/2023\/04\/powerball-draw-youtube1-300x300-1.jpg\" alt=\"euromillions\" width=\"300\" height=\"300\" srcset=\"https:\/\/redfoxlotto.com\/wp-content\/uploads\/2023\/04\/powerball-draw-youtube1-300x300-1.jpg 300w, https:\/\/redfoxlotto.com\/wp-content\/uploads\/2023\/04\/powerball-draw-youtube1-300x300-1-100x100.jpg 100w, https:\/\/redfoxlotto.com\/wp-content\/uploads\/2023\/04\/powerball-draw-youtube1-300x300-1-150x150.jpg 150w\" sizes=\"auto, (max-width: 300px) 100vw, 300px\" \/><\/p>\n<p data-start=\"653\" data-end=\"960\">Ka\u017cde pa\u0144stwo uczestnicz\u0105ce posiada w\u0142asny narodowy organ loteryjny odpowiedzialny za sprzeda\u017c bilet\u00f3w, wyp\u0142at\u0119 nagr\u00f3d oraz obs\u0142ug\u0119 graczy. Pomimo tej decentralizacji wszystkie kraje przestrzegaj\u0105 jednolitych zasad, struktur nagr\u00f3d i harmonogram\u00f3w losowa\u0144, zapewniaj\u0105c uczciwo\u015b\u0107 i sp\u00f3jno\u015b\u0107 w ca\u0142ym systemie.<\/p>\n<p data-start=\"962\" data-end=\"1393\">Losowania EuroMillions EU odbywaj\u0105 si\u0119 dwa razy w tygodniu \u2013 we wtorki i pi\u0105tki wieczorem. Loteria opiera si\u0119 na systemie podw\u00f3jnej matrycy, w kt\u00f3rym gracze wybieraj\u0105 pi\u0119\u0107 liczb z zakresu od 1 do 50 oraz dwie \u201eSzcz\u0119\u015bliwe Gwiazdy\u201d z puli od 1 do 12. Aby wygra\u0107 jackpot, nale\u017cy trafi\u0107 wszystkie siedem liczb. Istnieje r\u00f3wnie\u017c wiele poziom\u00f3w nagr\u00f3d drugorz\u0119dnych, co zwi\u0119ksza szans\u0119 na wygran\u0105 mniejszych, ale nadal znacz\u0105cych nagr\u00f3d.<\/p>\n<p data-start=\"1395\" data-end=\"1859\">Istotn\u0105 r\u00f3\u017cnic\u0105 mi\u0119dzy wersj\u0105 EU a wersj\u0105 brytyjsk\u0105 EuroMillions jest unikalna gra dodatkowa dost\u0119pna wy\u0142\u0105cznie w Wielkiej Brytanii \u2013 <strong data-start=\"1529\" data-end=\"1550\">Millionaire Maker<\/strong>. Funkcja ta gwarantuje, \u017ce co ka\u017cde losowanie przynajmniej jeden gracz z Wielkiej Brytanii zostanie milionerem. Z tego wzgl\u0119du bilety EuroMillions w Wielkiej Brytanii s\u0105 znacznie dro\u017csze ni\u017c w pozosta\u0142ych krajach europejskich. Szczeg\u00f3\u0142owe informacje o wersji brytyjskiej mo\u017cna znale\u017a\u0107 na stronie RedFoxLotto.<\/p>\n<p data-start=\"1861\" data-end=\"2268\">Dla graczy spoza UE lub pa\u0144stw uczestnicz\u0105cych, mo\u017cliwo\u015b\u0107 udzia\u0142u w EuroMillions EU mo\u017ce wydawa\u0107 si\u0119 niedost\u0119pna. Jednak dzi\u0119ki mi\u0119dzynarodowym serwisom po\u015brednicz\u0105cym zakup bilet\u00f3w sta\u0142 si\u0119 prosty. Bilety dla graczy zagranicznych s\u0105 najcz\u0119\u015bciej nabywane w Austrii, gdzie istnieje doskonale zorganizowana infrastruktura loteryjna umo\u017cliwiaj\u0105ca legalny udzia\u0142 w losowaniach bez wzgl\u0119du na lokalizacj\u0119 gracza.<\/p>\n<p data-start=\"2270\" data-end=\"2593\">Je\u015bli chodzi o jackpoty, EuroMillions EU oferuje imponuj\u0105ce minimalne i maksymalne kwoty, maj\u0105ce na celu zwi\u0119kszenie atrakcyjno\u015bci i zainteresowania gr\u0105. <strong data-start=\"2424\" data-end=\"2469\">Minimalny jackpot wynosi 17 milion\u00f3w euro<\/strong>, co ju\u017c stanowi znaczn\u0105 kwot\u0119. Maksymalna pula zosta\u0142a z biegiem lat podniesiona i obecnie wynosi a\u017c <strong data-start=\"2571\" data-end=\"2592\">250 milion\u00f3w euro<\/strong>.<\/p>\n<p data-start=\"2595\" data-end=\"2896\">Gdy jackpot osi\u0105gnie <strong data-start=\"2616\" data-end=\"2637\">200 milion\u00f3w euro<\/strong>, wprowadzane s\u0105 specjalne zasady \u2013 mo\u017ce on pozosta\u0107 na tym poziomie maksymalnie przez cztery kolejne losowania. Je\u015bli nikt nie wygra, ca\u0142a pula jest przekazywana na kolejny ni\u017cszy poziom nagr\u00f3d, umo\u017cliwiaj\u0105c wi\u0119kszej liczbie graczy podzia\u0142 ogromnej wygranej.<\/p>\n<p data-start=\"2898\" data-end=\"3171\">Gdy jackpot osi\u0105gnie <strong data-start=\"2919\" data-end=\"2940\">250 milion\u00f3w euro<\/strong>, te same zasady obowi\u0105zuj\u0105 ponownie. Po czterech losowaniach bez zwyci\u0119zcy, podczas pi\u0105tego losowania nagroda g\u0142\u00f3wna zostaje rozdzielona pomi\u0119dzy zwyci\u0119zc\u00f3w drugiego poziomu \u2013 co cz\u0119sto skutkuje powstaniem wielu nowych milioner\u00f3w.<\/p>\n<p data-start=\"3173\" data-end=\"3467\">Takie zasady tzw. \u201eroll-down\u201d dodaj\u0105 grze strategicznego napi\u0119cia i emocji. Gdy jackpot zbli\u017ca si\u0119 do maksymalnej warto\u015bci, sprzeda\u017c bilet\u00f3w gwa\u0142townie ro\u015bnie z powodu wzmo\u017conego zainteresowania graczy. Wysokie stawki przyci\u0105gaj\u0105 r\u00f3wnie\u017c uwag\u0119 medi\u00f3w, co dodatkowo zwi\u0119ksza popularno\u015b\u0107 loterii.<\/p>\n<p data-start=\"3469\" data-end=\"3704\">Historycznie EuroMillions przynios\u0142a wiele spektakularnych zwyci\u0119stw w ca\u0142ej Europie \u2013 wielu zwyk\u0142ych ludzi z dnia na dzie\u0144 zosta\u0142o multimilionerami. Austria jest jednym z kraj\u00f3w wyr\u00f3\u017cniaj\u0105cych si\u0119 liczb\u0105 zwyci\u0119zc\u00f3w i aktywnych graczy.<\/p>\n<p data-start=\"3706\" data-end=\"4001\">Dost\u0119pno\u015b\u0107 loterii na ca\u0142ym \u015bwiecie, jasna struktura zasad i ekscytuj\u0105cy mechanizm przyznawania nagr\u00f3d sprawiaj\u0105, \u017ce EuroMillions EU jest niezwykle atrakcyjna dla graczy mi\u0119dzynarodowych. Jej zasi\u0119g obejmuje wiele kraj\u00f3w europejskich, a ogromne pule nagr\u00f3d regularnie przyci\u0105gaj\u0105 globaln\u0105 uwag\u0119.<\/p>\n<p data-start=\"4003\" data-end=\"4247\">Gracze spoza Europy mog\u0105 bezpiecznie uczestniczy\u0107 dzi\u0119ki zaufanym us\u0142ugom po\u015brednictwa, kt\u00f3re kupuj\u0105 fizyczne bilety w Austrii, skanuj\u0105 je, dodaj\u0105 do kont graczy i wyp\u0142acaj\u0105 wygrane bezpo\u015brednio \u2013 umo\u017cliwiaj\u0105c udzia\u0142 bez wzgl\u0119du na lokalizacj\u0119.<\/p>\n<p data-start=\"4249\" data-end=\"4619\">Podsumowuj\u0105c: EuroMillions EU, ze swoj\u0105 przejrzyst\u0105 struktur\u0105, jasno okre\u015blonymi zasadami i imponuj\u0105cym potencja\u0142em nagr\u00f3d, to doskona\u0142y wyb\u00f3r dla graczy z ca\u0142ego \u015bwiata. Gwarantowana pula w wysoko\u015bci <strong data-start=\"4450\" data-end=\"4470\">17 milion\u00f3w euro<\/strong>, maksymalna granica <strong data-start=\"4491\" data-end=\"4512\">250 milion\u00f3w euro<\/strong> oraz zasady \u201eroll-down\u201d zapewniaj\u0105 emocje, napi\u0119cie i ogromne wygrane nie tylko w Europie, ale i poza ni\u0105.<\/p>\n","protected":false},"excerpt":{"rendered":"<p>EuroMillions EU to jedna z najwi\u0119kszych i najpopularniejszych loterii w Europie, przyci\u0105gaj\u0105ca co tydzie\u0144 miliony uczestnik\u00f3w mo\u017cliwo\u015bci\u0105 wygrania zmieniaj\u0105cych \u017cycie jackpot\u00f3w. Loteria ta, oficjalnie znana jako wersja EuroMillions dla Unii Europejskiej, cieszy si\u0119 ogromn\u0105 popularno\u015bci\u0105 w takich krajach jak Francja, Hiszpania, Austria, Belgia, Irlandia, Luksemburg, Portugalia i Szwajcaria. EuroMillions zadebiutowa\u0142a 13 lutego 2004 roku \u2013 [&hellip;]<\/p>\n","protected":false},"author":8,"featured_media":0,"parent":5686,"menu_order":4,"comment_status":"closed","ping_status":"closed","template":"euromillions-at-info.php","meta":{"_et_pb_use_builder":"","_et_pb_old_content":"","_et_gb_content_width":"","exclude_from_search":false,"footnotes":""},"class_list":["post-87667","page","type-page","status-publish","hentry"],"yoast_head":"<!-- This site is optimized with the Yoast SEO plugin v23.8 - https:\/\/yoast.com\/wordpress\/plugins\/seo\/ -->\n<title>Kup losy Euromillions online spoza UE<\/title>\n<meta name=\"description\" content=\"Jak kupi\u0107 kupony Euromillions online, dla brytyjskiej i unijnej wersji Euromillions. Kup losy z dowolnego miejsca, nawet spoza UE.\" \/>\n<meta name=\"robots\" content=\"index, follow, max-snippet:-1, max-image-preview:large, max-video-preview:-1\" \/>\n<link rel=\"canonical\" href=\"https:\/\/redfoxlotto.com\/pl\/loterie\/euromillions-eu\/\" \/>\n<meta property=\"og:locale\" content=\"pl_PL\" \/>\n<meta property=\"og:type\" content=\"article\" \/>\n<meta property=\"og:title\" content=\"Kup losy Euromillions online spoza UE\" \/>\n<meta property=\"og:description\" content=\"Jak kupi\u0107 kupony Euromillions online, dla brytyjskiej i unijnej wersji Euromillions. Kup losy z dowolnego miejsca, nawet spoza UE.\" \/>\n<meta property=\"og:url\" content=\"https:\/\/redfoxlotto.com\/pl\/loterie\/euromillions-eu\/\" \/>\n<meta property=\"og:site_name\" content=\"Get Tickets for the World\u2019s largest jackpots\" \/>\n<meta property=\"article:modified_time\" content=\"2025-05-28T07:02:35+00:00\" \/>\n<meta property=\"og:image\" content=\"https:\/\/redfoxlotto.com\/wp-content\/uploads\/2023\/04\/powerball-draw-youtube1-300x300-1.jpg\" \/>\n<meta name=\"twitter:card\" content=\"summary_large_image\" \/>\n<meta name=\"twitter:label1\" content=\"Szacowany czas czytania\" \/>\n\t<meta name=\"twitter:data1\" content=\"3 minuty\" \/>\n<script type=\"application\/ld+json\" class=\"yoast-schema-graph\">{\"@context\":\"https:\/\/schema.org\",\"@graph\":[{\"@type\":\"WebPage\",\"@id\":\"https:\/\/redfoxlotto.com\/pl\/loterie\/euromillions-eu\/\",\"url\":\"https:\/\/redfoxlotto.com\/pl\/loterie\/euromillions-eu\/\",\"name\":\"Kup losy Euromillions online spoza UE\",\"isPartOf\":{\"@id\":\"https:\/\/redfoxlotto.com\/pl\/#website\"},\"primaryImageOfPage\":{\"@id\":\"https:\/\/redfoxlotto.com\/pl\/loterie\/euromillions-eu\/#primaryimage\"},\"image\":{\"@id\":\"https:\/\/redfoxlotto.com\/pl\/loterie\/euromillions-eu\/#primaryimage\"},\"thumbnailUrl\":\"https:\/\/redfoxlotto.com\/wp-content\/uploads\/2023\/04\/powerball-draw-youtube1-300x300-1.jpg\",\"datePublished\":\"2025-05-19T09:08:38+00:00\",\"dateModified\":\"2025-05-28T07:02:35+00:00\",\"description\":\"Jak kupi\u0107 kupony Euromillions online, dla brytyjskiej i unijnej wersji Euromillions. Kup losy z dowolnego miejsca, nawet spoza UE.\",\"breadcrumb\":{\"@id\":\"https:\/\/redfoxlotto.com\/pl\/loterie\/euromillions-eu\/#breadcrumb\"},\"inLanguage\":\"pl-PL\",\"potentialAction\":[{\"@type\":\"ReadAction\",\"target\":[\"https:\/\/redfoxlotto.com\/pl\/loterie\/euromillions-eu\/\"]}]},{\"@type\":\"ImageObject\",\"inLanguage\":\"pl-PL\",\"@id\":\"https:\/\/redfoxlotto.com\/pl\/loterie\/euromillions-eu\/#primaryimage\",\"url\":\"https:\/\/redfoxlotto.com\/wp-content\/uploads\/2023\/04\/powerball-draw-youtube1-300x300-1.jpg\",\"contentUrl\":\"https:\/\/redfoxlotto.com\/wp-content\/uploads\/2023\/04\/powerball-draw-youtube1-300x300-1.jpg\"},{\"@type\":\"BreadcrumbList\",\"@id\":\"https:\/\/redfoxlotto.com\/pl\/loterie\/euromillions-eu\/#breadcrumb\",\"itemListElement\":[{\"@type\":\"ListItem\",\"position\":1,\"name\":\"Home\",\"item\":\"https:\/\/redfoxlotto.com\/pl\/\"},{\"@type\":\"ListItem\",\"position\":2,\"name\":\"Jak kupi\u0107 bilety na loteri\u0119 online &#8211; proces zakupu\",\"item\":\"https:\/\/redfoxlotto.com\/pl\/loterie\/\"},{\"@type\":\"ListItem\",\"position\":3,\"name\":\"O Euromillions EU\"}]},{\"@type\":\"WebSite\",\"@id\":\"https:\/\/redfoxlotto.com\/pl\/#website\",\"url\":\"https:\/\/redfoxlotto.com\/pl\/\",\"name\":\"Get Tickets for the World\u2019s largest jackpots\",\"description\":\"Participate in worldwide lottery jackpots from any country\",\"publisher\":{\"@id\":\"https:\/\/redfoxlotto.com\/pl\/#organization\"},\"potentialAction\":[{\"@type\":\"SearchAction\",\"target\":{\"@type\":\"EntryPoint\",\"urlTemplate\":\"https:\/\/redfoxlotto.com\/pl\/?s={search_term_string}\"},\"query-input\":{\"@type\":\"PropertyValueSpecification\",\"valueRequired\":true,\"valueName\":\"search_term_string\"}}],\"inLanguage\":\"pl-PL\"},{\"@type\":\"Organization\",\"@id\":\"https:\/\/redfoxlotto.com\/pl\/#organization\",\"name\":\"Get Tickets for the World\u2019s largest jackpots\",\"url\":\"https:\/\/redfoxlotto.com\/pl\/\",\"logo\":{\"@type\":\"ImageObject\",\"inLanguage\":\"pl-PL\",\"@id\":\"https:\/\/redfoxlotto.com\/pl\/#\/schema\/logo\/image\/\",\"url\":\"https:\/\/redfoxlotto.com\/wp-content\/uploads\/2023\/04\/logo.png\",\"contentUrl\":\"https:\/\/redfoxlotto.com\/wp-content\/uploads\/2023\/04\/logo.png\",\"width\":269,\"height\":53,\"caption\":\"Get Tickets for the World\u2019s largest jackpots\"},\"image\":{\"@id\":\"https:\/\/redfoxlotto.com\/pl\/#\/schema\/logo\/image\/\"}}]}<\/script>\n<!-- \/ Yoast SEO plugin. -->","yoast_head_json":{"title":"Kup losy Euromillions online spoza UE","description":"Jak kupi\u0107 kupony Euromillions online, dla brytyjskiej i unijnej wersji Euromillions. Kup losy z dowolnego miejsca, nawet spoza UE.","robots":{"index":"index","follow":"follow","max-snippet":"max-snippet:-1","max-image-preview":"max-image-preview:large","max-video-preview":"max-video-preview:-1"},"canonical":"https:\/\/redfoxlotto.com\/pl\/loterie\/euromillions-eu\/","og_locale":"pl_PL","og_type":"article","og_title":"Kup losy Euromillions online spoza UE","og_description":"Jak kupi\u0107 kupony Euromillions online, dla brytyjskiej i unijnej wersji Euromillions. Kup losy z dowolnego miejsca, nawet spoza UE.","og_url":"https:\/\/redfoxlotto.com\/pl\/loterie\/euromillions-eu\/","og_site_name":"Get Tickets for the World\u2019s largest jackpots","article_modified_time":"2025-05-28T07:02:35+00:00","og_image":[{"url":"https:\/\/redfoxlotto.com\/wp-content\/uploads\/2023\/04\/powerball-draw-youtube1-300x300-1.jpg"}],"twitter_card":"summary_large_image","twitter_misc":{"Szacowany czas czytania":"3 minuty"},"schema":{"@context":"https:\/\/schema.org","@graph":[{"@type":"WebPage","@id":"https:\/\/redfoxlotto.com\/pl\/loterie\/euromillions-eu\/","url":"https:\/\/redfoxlotto.com\/pl\/loterie\/euromillions-eu\/","name":"Kup losy Euromillions online spoza UE","isPartOf":{"@id":"https:\/\/redfoxlotto.com\/pl\/#website"},"primaryImageOfPage":{"@id":"https:\/\/redfoxlotto.com\/pl\/loterie\/euromillions-eu\/#primaryimage"},"image":{"@id":"https:\/\/redfoxlotto.com\/pl\/loterie\/euromillions-eu\/#primaryimage"},"thumbnailUrl":"https:\/\/redfoxlotto.com\/wp-content\/uploads\/2023\/04\/powerball-draw-youtube1-300x300-1.jpg","datePublished":"2025-05-19T09:08:38+00:00","dateModified":"2025-05-28T07:02:35+00:00","description":"Jak kupi\u0107 kupony Euromillions online, dla brytyjskiej i unijnej wersji Euromillions. Kup losy z dowolnego miejsca, nawet spoza UE.","breadcrumb":{"@id":"https:\/\/redfoxlotto.com\/pl\/loterie\/euromillions-eu\/#breadcrumb"},"inLanguage":"pl-PL","potentialAction":[{"@type":"ReadAction","target":["https:\/\/redfoxlotto.com\/pl\/loterie\/euromillions-eu\/"]}]},{"@type":"ImageObject","inLanguage":"pl-PL","@id":"https:\/\/redfoxlotto.com\/pl\/loterie\/euromillions-eu\/#primaryimage","url":"https:\/\/redfoxlotto.com\/wp-content\/uploads\/2023\/04\/powerball-draw-youtube1-300x300-1.jpg","contentUrl":"https:\/\/redfoxlotto.com\/wp-content\/uploads\/2023\/04\/powerball-draw-youtube1-300x300-1.jpg"},{"@type":"BreadcrumbList","@id":"https:\/\/redfoxlotto.com\/pl\/loterie\/euromillions-eu\/#breadcrumb","itemListElement":[{"@type":"ListItem","position":1,"name":"Home","item":"https:\/\/redfoxlotto.com\/pl\/"},{"@type":"ListItem","position":2,"name":"Jak kupi\u0107 bilety na loteri\u0119 online &#8211; proces zakupu","item":"https:\/\/redfoxlotto.com\/pl\/loterie\/"},{"@type":"ListItem","position":3,"name":"O Euromillions EU"}]},{"@type":"WebSite","@id":"https:\/\/redfoxlotto.com\/pl\/#website","url":"https:\/\/redfoxlotto.com\/pl\/","name":"Get Tickets for the World\u2019s largest jackpots","description":"Participate in worldwide lottery jackpots from any country","publisher":{"@id":"https:\/\/redfoxlotto.com\/pl\/#organization"},"potentialAction":[{"@type":"SearchAction","target":{"@type":"EntryPoint","urlTemplate":"https:\/\/redfoxlotto.com\/pl\/?s={search_term_string}"},"query-input":{"@type":"PropertyValueSpecification","valueRequired":true,"valueName":"search_term_string"}}],"inLanguage":"pl-PL"},{"@type":"Organization","@id":"https:\/\/redfoxlotto.com\/pl\/#organization","name":"Get Tickets for the World\u2019s largest jackpots","url":"https:\/\/redfoxlotto.com\/pl\/","logo":{"@type":"ImageObject","inLanguage":"pl-PL","@id":"https:\/\/redfoxlotto.com\/pl\/#\/schema\/logo\/image\/","url":"https:\/\/redfoxlotto.com\/wp-content\/uploads\/2023\/04\/logo.png","contentUrl":"https:\/\/redfoxlotto.com\/wp-content\/uploads\/2023\/04\/logo.png","width":269,"height":53,"caption":"Get Tickets for the World\u2019s largest jackpots"},"image":{"@id":"https:\/\/redfoxlotto.com\/pl\/#\/schema\/logo\/image\/"}}]}},"_links":{"self":[{"href":"https:\/\/redfoxlotto.com\/pl\/wp-json\/wp\/v2\/pages\/87667","targetHints":{"allow":["GET"]}}],"collection":[{"href":"https:\/\/redfoxlotto.com\/pl\/wp-json\/wp\/v2\/pages"}],"about":[{"href":"https:\/\/redfoxlotto.com\/pl\/wp-json\/wp\/v2\/types\/page"}],"author":[{"embeddable":true,"href":"https:\/\/redfoxlotto.com\/pl\/wp-json\/wp\/v2\/users\/8"}],"replies":[{"embeddable":true,"href":"https:\/\/redfoxlotto.com\/pl\/wp-json\/wp\/v2\/comments?post=87667"}],"version-history":[{"count":0,"href":"https:\/\/redfoxlotto.com\/pl\/wp-json\/wp\/v2\/pages\/87667\/revisions"}],"up":[{"embeddable":true,"href":"https:\/\/redfoxlotto.com\/pl\/wp-json\/wp\/v2\/pages\/5686"}],"wp:attachment":[{"href":"https:\/\/redfoxlotto.com\/pl\/wp-json\/wp\/v2\/media?parent=87667"}],"curies":[{"name":"wp","href":"https:\/\/api.w.org\/{rel}","templated":true}]}}