{"id":87604,"date":"2025-05-19T09:07:38","date_gmt":"2025-05-19T09:07:38","guid":{"rendered":"https:\/\/redfoxlotto.com\/?page_id=87604"},"modified":"2025-12-17T06:55:45","modified_gmt":"2025-12-17T06:55:45","slug":"euromillions-eu","status":"publish","type":"page","link":"https:\/\/redfoxlotto.com\/pl\/graj\/euromillions-eu\/","title":{"rendered":"Zagraj w Euromillions EU"},"content":{"rendered":"<p><script type=\"application\/ld+json\">\n{\n  \"@context\": \"https:\/\/schema.org\",\n  \"@type\": \"Service\",\n  \"name\": \"Graj w Euromillions Online\",\n  \"url\": \"https:\/\/redfoxlotto.com\/pl\/graj\/euromillions\/\",\n  \"description\": \"Graj w loteri\u0119 Euromillions online z dowolnego kraju. Odwied\u017a RedFoxLotto, wybierz swoje liczby i zdob\u0105d\u017a swoje bilety.\",\n  \"serviceType\": \"Online lottery ticket messenger service\",\n  \"provider\": {\n    \"@type\": \"Organization\",\n    \"name\": \"RedFoxLotto\",\n    \"url\": \"https:\/\/redfoxlotto.com\/pl\/\",\n    \"image\": \"https:\/\/redfoxlotto.com\/wp-content\/uploads\/2025\/12\/ticket_scans.jpg\",\n    \"sameAs\": []\n  },\n  \"areaServed\": \"Worldwide\",\n  \"termsOfService\": \"https:\/\/redfoxlotto.com\/terms-and-conditions\",\n  \"additionalProperty\": {\n    \"@type\": \"PropertyValue\",\n    \"name\": \"FAQ\",\n    \"value\": \"https:\/\/redfoxlotto.com\/pl\/faq\/\"\n  },\n  \"hasOfferCatalog\": {\n    \"@type\": \"OfferCatalog\",\n    \"name\": \"Bilety Euromillions\",\n    \"itemListElement\": [\n      {\n        \"@type\": \"Offer\",\n        \"name\": \"Bilety Euromillions\",\n        \"url\": \"https:\/\/redfoxlotto.com\/pl\/graj\/euromillions\/\",\n        \"description\": \"Kliknij tutaj, aby wybra\u0107 swoje liczby do nast\u0119pnego losowania Euromillions \u2013 zam\u00f3w bilety online.\",\n        \"price\": \"7.00\",\n        \"priceCurrency\": \"EUR\",\n        \"availability\": \"https:\/\/schema.org\/InStock\",\n        \"itemOffered\": {\n          \"@type\": \"Service\",\n          \"name\": \"Bilety Euromillions\",\n          \"description\": \"Graj w nast\u0119pne losowanie Euromillions za po\u015brednictwem RedFoxLotto.\"\n        }\n      }\n    ]\n  },\n  \"mainEntityOfPage\": {\n    \"@type\": \"WebPage\",\n    \"@id\": \"https:\/\/redfoxlotto.com\/pl\/graj\/euromillions\/\"\n  }\n}\n<\/script><\/p>\n<p><img loading=\"lazy\" decoding=\"async\" class=\" wp-image-67116 alignleft\" src=\"https:\/\/redfoxlotto.com\/wp-content\/uploads\/2024\/03\/Balls-300x300.png\" alt=\"euromillions austria\" width=\"244\" height=\"244\" \/><\/p>\n<h2 data-start=\"39\" data-end=\"93\">Wprowadzenie: Czym jest EuroMillions EU (Austria)?<\/h2>\n<p data-start=\"95\" data-end=\"376\">EuroMillions EU (Austria) to jedna z najpopularniejszych i najbogatszych loterii w Europie. Zosta\u0142a uruchomiona w 2004 roku i jest oficjalnie rozgrywana w dziewi\u0119ciu europejskich krajach: Francji, Hiszpanii, Austrii, Belgii, Irlandii, Luksemburgu, Portugalii, Szwajcarii i Andorze.<\/p>\n<p data-start=\"378\" data-end=\"696\">A co je\u015bli nie mieszkasz w Europie ani w kraju, kt\u00f3ry bierze udzia\u0142 w EuroMillions? Czy nadal mo\u017cesz wzi\u0105\u0107 udzia\u0142 i mie\u0107 szans\u0119 na wygranie zmieniaj\u0105cego \u017cycie jackpota? Odpowied\u017a brzmi: tak \u2013 dzi\u0119ki stronie RedFoxLotto.com mo\u017cesz kupowa\u0107 legalne bilety EuroMillions EU (Austria) online z dowolnego miejsca na \u015bwiecie.<\/p>\n<h2 data-start=\"698\" data-end=\"741\">Jak gra\u0107 w EuroMillions online spoza UE<\/h2>\n<p data-start=\"743\" data-end=\"986\">Je\u015bli Tw\u00f3j kraj nie bierze udzia\u0142u w losowaniach, nie mo\u017cesz kupi\u0107 biletu lokalnie. Na szcz\u0119\u015bcie, dzi\u0119ki zaufanej us\u0142udze po\u015brednictwa, takiej jak RedFoxLotto, mo\u017cesz kupi\u0107 bilet, nawet mieszkaj\u0105c poza krajem uczestnicz\u0105cym. Oto jak to dzia\u0142a:<\/p>\n<ol data-start=\"988\" data-end=\"1300\">\n<li data-start=\"988\" data-end=\"1027\">\n<p data-start=\"991\" data-end=\"1027\">Odwied\u017a stron\u0119 <a class=\"\" href=\"http:\/\/www.RedFoxLotto.com\" target=\"_new\" rel=\"noopener\" data-start=\"1006\" data-end=\"1025\">www.RedFoxLotto.com<\/a><\/p>\n<\/li>\n<li data-start=\"1028\" data-end=\"1076\">\n<p data-start=\"1031\" data-end=\"1076\">Wybierz losowanie EuroMillions EU (Austria)<\/p>\n<\/li>\n<li data-start=\"1077\" data-end=\"1134\">\n<p data-start=\"1080\" data-end=\"1134\">Wybierz swoje liczby lub u\u017cyj funkcji &#8222;Szybki wyb\u00f3r&#8221;<\/p>\n<\/li>\n<li data-start=\"1135\" data-end=\"1220\">\n<p data-start=\"1138\" data-end=\"1220\">Sfinalizuj zam\u00f3wienie \u2013 lokalny agent w Austrii kupi dla Ciebie oryginalny bilet<\/p>\n<\/li>\n<li data-start=\"1221\" data-end=\"1300\">\n<p data-start=\"1224\" data-end=\"1300\">Zeskanowany obraz biletu zostanie przes\u0142any na Twoje konto jako dow\u00f3d zakupu<\/p>\n<\/li>\n<\/ol>\n<p data-start=\"1302\" data-end=\"1480\">To w 100% legalne i stanowi pewny spos\u00f3b na udzia\u0142 w oficjalnej wersji EuroMillions EU (Austria) \u2013 niezale\u017cnie od tego, czy mieszkasz w Azji, Afryce, obu Amerykach czy Australii.<\/p>\n<h2 data-start=\"1482\" data-end=\"1545\">R\u00f3\u017cnice mi\u0119dzy EuroMillions EU (Austria) a wersj\u0105 brytyjsk\u0105<\/h2>\n<p data-start=\"1547\" data-end=\"1680\">Istniej\u0105 dwie odr\u0119bne wersje gry: EuroMillions EU oraz EuroMillions UK. Obie nale\u017c\u0105 do rodziny EuroMillions, ale r\u00f3\u017cni\u0105 si\u0119 zasadami.<\/p>\n<p data-start=\"1682\" data-end=\"1888\">Brytyjskie bilety s\u0105 dro\u017csze, g\u0142\u00f3wnie ze wzgl\u0119du na dodatek o nazwie \u201eMillionaire Maker\u201d \u2013 gra bonusowa, kt\u00f3ra gwarantuje, \u017ce jeden gracz z Wielkiej Brytanii wygra 1 milion funt\u00f3w podczas ka\u017cdego losowania.<\/p>\n<p data-start=\"1890\" data-end=\"2015\">Wersja brytyjska ma r\u00f3wnie\u017c inn\u0105 struktur\u0119 wyp\u0142at, a jej dochody s\u0105 wp\u0142ywane przez koszty regulacyjne i wahania kurs\u00f3w walut.<\/p>\n<p data-start=\"2017\" data-end=\"2200\">Graj\u0105c przez RedFoxLotto, bierzesz udzia\u0142 w wersji EU (Austria), nie w losowaniu brytyjskim. Ta wersja nie zawiera Millionaire Maker, dzi\u0119ki czemu bilety s\u0105 ta\u0144sze, a zasady prostsze.<\/p>\n<h2 data-start=\"2202\" data-end=\"2231\">Gdzie kupowane s\u0105 bilety?<\/h2>\n<p data-start=\"2233\" data-end=\"2404\">Wszystkie bilety EuroMillions (wersja EU) zam\u00f3wione na RedFoxLotto s\u0105 fizycznie kupowane w Austrii \u2013 jednym z oficjalnych kraj\u00f3w uczestnicz\u0105cych, po\u0142o\u017conym w sercu Europy.<\/p>\n<h2 data-start=\"2406\" data-end=\"2427\">Dlaczego Austria?<\/h2>\n<p data-start=\"2429\" data-end=\"2573\">Austria jest cz\u0142onkiem UE i zapewnia dost\u0119p do oryginalnych losowa\u0144 EuroMillions EU. Bilety podlegaj\u0105 \u015bcis\u0142ym przepisom i pe\u0142nej przejrzysto\u015bci.<\/p>\n<p data-start=\"2575\" data-end=\"2770\">Co wi\u0119cej, obecnie w Austrii wygrane z loterii s\u0105 zwolnione z podatku \u2013 ogromna zaleta dla graczy z zagranicy. Po zakupie biletu jego zeskanowana kopia trafia na Twoje konto jako dow\u00f3d w\u0142asno\u015bci.<\/p>\n<h2 data-start=\"2772\" data-end=\"2831\">Informacje o jackpotach: minimalne i maksymalne nagrody<\/h2>\n<p data-start=\"2833\" data-end=\"2948\">Jednym z g\u0142\u00f3wnych powod\u00f3w, dla kt\u00f3rych gracze z ca\u0142ego \u015bwiata chc\u0105 gra\u0107 w EuroMillions online, s\u0105 ogromne jackpoty.<\/p>\n<p data-start=\"2950\" data-end=\"2968\">Oto jak to dzia\u0142a:<\/p>\n<ul data-start=\"2970\" data-end=\"3059\">\n<li data-start=\"2970\" data-end=\"3009\">\n<p data-start=\"2972\" data-end=\"3009\">Minimalny jackpot: 17 milion\u00f3w euro<\/p>\n<\/li>\n<li data-start=\"3010\" data-end=\"3059\">\n<p data-start=\"3012\" data-end=\"3059\">Maksymalny jackpot (limit): 250 milion\u00f3w euro<\/p>\n<\/li>\n<\/ul>\n<p data-start=\"3061\" data-end=\"3138\">Je\u015bli nikt nie wygra, kwota przechodzi na nast\u0119pne losowanie i szybko ro\u015bnie.<\/p>\n<h2 data-start=\"3140\" data-end=\"3198\">Co si\u0119 dzieje, gdy jackpot osi\u0105gnie 200 milion\u00f3w euro?<\/h2>\n<p data-start=\"3200\" data-end=\"3246\">Gdy pula nagr\u00f3d wzro\u015bnie do 200 milion\u00f3w euro:<\/p>\n<ul data-start=\"3248\" data-end=\"3346\">\n<li data-start=\"3248\" data-end=\"3299\">\n<p data-start=\"3250\" data-end=\"3299\">Jackpot zwi\u0119ksza si\u0119 o kolejne 10 milion\u00f3w euro<\/p>\n<\/li>\n<li data-start=\"3300\" data-end=\"3346\">\n<p data-start=\"3302\" data-end=\"3346\">A\u017c do osi\u0105gni\u0119cia limitu 250 milion\u00f3w euro<\/p>\n<\/li>\n<\/ul>\n<h2 data-start=\"3348\" data-end=\"3381\">A co przy 250 milionach euro?<\/h2>\n<p data-start=\"3383\" data-end=\"3567\">Po osi\u0105gni\u0119ciu limitu mo\u017ce on by\u0107 utrzymywany przez maksymalnie cztery losowania. Je\u015bli nadal nikt nie trafi g\u0142\u00f3wnej nagrody, kwota zostaje rozdzielona na zwyci\u0119zc\u00f3w kolejnego poziomu.<\/p>\n<p data-start=\"3569\" data-end=\"3687\">Te zasady czyni\u0105 EuroMillions EU (Austria) jedn\u0105 z najbardziej ekscytuj\u0105cych i przyjaznych graczom loterii na \u015bwiecie.<\/p>\n<h2 data-start=\"3689\" data-end=\"3747\">Dlaczego warto gra\u0107 w EuroMillions EU (Austria) online<\/h2>\n<p data-start=\"3749\" data-end=\"3807\">Dla graczy spoza UE istnieje wiele przekonuj\u0105cych powod\u00f3w:<\/p>\n<ul data-start=\"3809\" data-end=\"4074\">\n<li data-start=\"3809\" data-end=\"3873\">\n<p data-start=\"3811\" data-end=\"3873\">Globalna dost\u0119pno\u015b\u0107: ka\u017cdy mo\u017ce do\u0142\u0105czy\u0107 z dowolnego miejsca<\/p>\n<\/li>\n<li data-start=\"3874\" data-end=\"3937\">\n<p data-start=\"3876\" data-end=\"3937\">Wygoda: kupuj bilety w dowolnym czasie, z dowolnego miejsca<\/p>\n<\/li>\n<li data-start=\"3938\" data-end=\"3962\">\n<p data-start=\"3940\" data-end=\"3962\">Cyfrowy dow\u00f3d zakupu<\/p>\n<\/li>\n<li data-start=\"3963\" data-end=\"4028\">\n<p data-start=\"3965\" data-end=\"4028\">Korzy\u015bci podatkowe: np. w Austrii wygrane s\u0105 wolne od podatku<\/p>\n<\/li>\n<li data-start=\"4029\" data-end=\"4074\">\n<p data-start=\"4031\" data-end=\"4074\">Ogromne jackpoty: a\u017c do 250 milion\u00f3w euro<\/p>\n<\/li>\n<\/ul>\n<h2 data-start=\"4076\" data-end=\"4092\">Podsumowanie<\/h2>\n<p data-start=\"4094\" data-end=\"4288\">Nie musisz mieszka\u0107 we Francji, Hiszpanii czy Portugalii, aby wzi\u0105\u0107 udzia\u0142 w EuroMillions EU (Austria). W dzisiejszych czasach mo\u017cesz gra\u0107 z dowolnego miejsca i mie\u0107 szans\u0119 na rekordowe wygrane.<\/p>\n<p data-start=\"4290\" data-end=\"4547\">Niezale\u017cnie od tego, czy chcesz zosta\u0107 kolejnym europejskim milionerem, czy po prostu cieszy\u0107 si\u0119 gr\u0105 \u2013 udzia\u0142 przez RedFoxLotto.com jest niezwykle prosty. Wybierz swoje szcz\u0119\u015bliwe liczby i zagraj ju\u017c dzi\u015b \u2013 by\u0107 mo\u017ce kolejny jackpot trafi w\u0142a\u015bnie do Ciebie!<\/p>\n","protected":false},"excerpt":{"rendered":"<p>Wprowadzenie: Czym jest EuroMillions EU (Austria)? EuroMillions EU (Austria) to jedna z najpopularniejszych i najbogatszych loterii w Europie. Zosta\u0142a uruchomiona w 2004 roku i jest oficjalnie rozgrywana w dziewi\u0119ciu europejskich krajach: Francji, Hiszpanii, Austrii, Belgii, Irlandii, Luksemburgu, Portugalii, Szwajcarii i Andorze. A co je\u015bli nie mieszkasz w Europie ani w kraju, kt\u00f3ry bierze udzia\u0142 w [&hellip;]<\/p>\n","protected":false},"author":8,"featured_media":0,"parent":5704,"menu_order":4,"comment_status":"closed","ping_status":"closed","template":"euromillions-at.php","meta":{"_et_pb_use_builder":"","_et_pb_old_content":"","_et_gb_content_width":"","exclude_from_search":false,"footnotes":""},"class_list":["post-87604","page","type-page","status-publish","hentry"],"yoast_head":"<!-- This site is optimized with the Yoast SEO plugin v23.8 - https:\/\/yoast.com\/wordpress\/plugins\/seo\/ -->\n<title>Graj w Euromillions online spoza UE<\/title>\n<meta name=\"description\" content=\"Jak gra\u0107 w Euromillions online spoza UE lub je\u015bli Tw\u00f3j kraj nie uczestniczy w Euromillions\" \/>\n<meta name=\"robots\" content=\"index, follow, max-snippet:-1, max-image-preview:large, max-video-preview:-1\" \/>\n<link rel=\"canonical\" href=\"https:\/\/redfoxlotto.com\/pl\/graj\/euromillions-eu\/\" \/>\n<meta property=\"og:locale\" content=\"pl_PL\" \/>\n<meta property=\"og:type\" content=\"article\" \/>\n<meta property=\"og:title\" content=\"Graj w Euromillions online spoza UE\" \/>\n<meta property=\"og:description\" content=\"Jak gra\u0107 w Euromillions online spoza UE lub je\u015bli Tw\u00f3j kraj nie uczestniczy w Euromillions\" \/>\n<meta property=\"og:url\" content=\"https:\/\/redfoxlotto.com\/pl\/graj\/euromillions-eu\/\" \/>\n<meta property=\"og:site_name\" content=\"Get Tickets for the World\u2019s largest jackpots\" \/>\n<meta property=\"article:modified_time\" content=\"2025-12-17T06:55:45+00:00\" \/>\n<meta property=\"og:image\" content=\"https:\/\/redfoxlotto.com\/wp-content\/uploads\/2024\/03\/Balls-300x300.png\" \/>\n<meta name=\"twitter:card\" content=\"summary_large_image\" \/>\n<meta name=\"twitter:label1\" content=\"Szacowany czas czytania\" \/>\n\t<meta name=\"twitter:data1\" content=\"3 minuty\" \/>\n<script type=\"application\/ld+json\" class=\"yoast-schema-graph\">{\"@context\":\"https:\/\/schema.org\",\"@graph\":[{\"@type\":\"WebPage\",\"@id\":\"https:\/\/redfoxlotto.com\/pl\/graj\/euromillions-eu\/\",\"url\":\"https:\/\/redfoxlotto.com\/pl\/graj\/euromillions-eu\/\",\"name\":\"Graj w Euromillions online spoza UE\",\"isPartOf\":{\"@id\":\"https:\/\/redfoxlotto.com\/pl\/#website\"},\"primaryImageOfPage\":{\"@id\":\"https:\/\/redfoxlotto.com\/pl\/graj\/euromillions-eu\/#primaryimage\"},\"image\":{\"@id\":\"https:\/\/redfoxlotto.com\/pl\/graj\/euromillions-eu\/#primaryimage\"},\"thumbnailUrl\":\"https:\/\/redfoxlotto.com\/wp-content\/uploads\/2024\/03\/Balls-300x300.png\",\"datePublished\":\"2025-05-19T09:07:38+00:00\",\"dateModified\":\"2025-12-17T06:55:45+00:00\",\"description\":\"Jak gra\u0107 w Euromillions online spoza UE lub je\u015bli Tw\u00f3j kraj nie uczestniczy w Euromillions\",\"breadcrumb\":{\"@id\":\"https:\/\/redfoxlotto.com\/pl\/graj\/euromillions-eu\/#breadcrumb\"},\"inLanguage\":\"pl-PL\",\"potentialAction\":[{\"@type\":\"ReadAction\",\"target\":[\"https:\/\/redfoxlotto.com\/pl\/graj\/euromillions-eu\/\"]}]},{\"@type\":\"ImageObject\",\"inLanguage\":\"pl-PL\",\"@id\":\"https:\/\/redfoxlotto.com\/pl\/graj\/euromillions-eu\/#primaryimage\",\"url\":\"https:\/\/redfoxlotto.com\/wp-content\/uploads\/2024\/03\/Balls-300x300.png\",\"contentUrl\":\"https:\/\/redfoxlotto.com\/wp-content\/uploads\/2024\/03\/Balls-300x300.png\"},{\"@type\":\"BreadcrumbList\",\"@id\":\"https:\/\/redfoxlotto.com\/pl\/graj\/euromillions-eu\/#breadcrumb\",\"itemListElement\":[{\"@type\":\"ListItem\",\"position\":1,\"name\":\"Home\",\"item\":\"https:\/\/redfoxlotto.com\/pl\/\"},{\"@type\":\"ListItem\",\"position\":2,\"name\":\"Jak gra\u0107 na loteriach innych kraj\u00f3w?\",\"item\":\"https:\/\/redfoxlotto.com\/pl\/graj\/\"},{\"@type\":\"ListItem\",\"position\":3,\"name\":\"Zagraj w Euromillions EU\"}]},{\"@type\":\"WebSite\",\"@id\":\"https:\/\/redfoxlotto.com\/pl\/#website\",\"url\":\"https:\/\/redfoxlotto.com\/pl\/\",\"name\":\"Get Tickets for the World\u2019s largest jackpots\",\"description\":\"Participate in worldwide lottery jackpots from any country\",\"publisher\":{\"@id\":\"https:\/\/redfoxlotto.com\/pl\/#organization\"},\"potentialAction\":[{\"@type\":\"SearchAction\",\"target\":{\"@type\":\"EntryPoint\",\"urlTemplate\":\"https:\/\/redfoxlotto.com\/pl\/?s={search_term_string}\"},\"query-input\":{\"@type\":\"PropertyValueSpecification\",\"valueRequired\":true,\"valueName\":\"search_term_string\"}}],\"inLanguage\":\"pl-PL\"},{\"@type\":\"Organization\",\"@id\":\"https:\/\/redfoxlotto.com\/pl\/#organization\",\"name\":\"Get Tickets for the World\u2019s largest jackpots\",\"url\":\"https:\/\/redfoxlotto.com\/pl\/\",\"logo\":{\"@type\":\"ImageObject\",\"inLanguage\":\"pl-PL\",\"@id\":\"https:\/\/redfoxlotto.com\/pl\/#\/schema\/logo\/image\/\",\"url\":\"https:\/\/redfoxlotto.com\/wp-content\/uploads\/2023\/04\/logo.png\",\"contentUrl\":\"https:\/\/redfoxlotto.com\/wp-content\/uploads\/2023\/04\/logo.png\",\"width\":269,\"height\":53,\"caption\":\"Get Tickets for the World\u2019s largest jackpots\"},\"image\":{\"@id\":\"https:\/\/redfoxlotto.com\/pl\/#\/schema\/logo\/image\/\"}}]}<\/script>\n<!-- \/ Yoast SEO plugin. -->","yoast_head_json":{"title":"Graj w Euromillions online spoza UE","description":"Jak gra\u0107 w Euromillions online spoza UE lub je\u015bli Tw\u00f3j kraj nie uczestniczy w Euromillions","robots":{"index":"index","follow":"follow","max-snippet":"max-snippet:-1","max-image-preview":"max-image-preview:large","max-video-preview":"max-video-preview:-1"},"canonical":"https:\/\/redfoxlotto.com\/pl\/graj\/euromillions-eu\/","og_locale":"pl_PL","og_type":"article","og_title":"Graj w Euromillions online spoza UE","og_description":"Jak gra\u0107 w Euromillions online spoza UE lub je\u015bli Tw\u00f3j kraj nie uczestniczy w Euromillions","og_url":"https:\/\/redfoxlotto.com\/pl\/graj\/euromillions-eu\/","og_site_name":"Get Tickets for the World\u2019s largest jackpots","article_modified_time":"2025-12-17T06:55:45+00:00","og_image":[{"url":"https:\/\/redfoxlotto.com\/wp-content\/uploads\/2024\/03\/Balls-300x300.png"}],"twitter_card":"summary_large_image","twitter_misc":{"Szacowany czas czytania":"3 minuty"},"schema":{"@context":"https:\/\/schema.org","@graph":[{"@type":"WebPage","@id":"https:\/\/redfoxlotto.com\/pl\/graj\/euromillions-eu\/","url":"https:\/\/redfoxlotto.com\/pl\/graj\/euromillions-eu\/","name":"Graj w Euromillions online spoza UE","isPartOf":{"@id":"https:\/\/redfoxlotto.com\/pl\/#website"},"primaryImageOfPage":{"@id":"https:\/\/redfoxlotto.com\/pl\/graj\/euromillions-eu\/#primaryimage"},"image":{"@id":"https:\/\/redfoxlotto.com\/pl\/graj\/euromillions-eu\/#primaryimage"},"thumbnailUrl":"https:\/\/redfoxlotto.com\/wp-content\/uploads\/2024\/03\/Balls-300x300.png","datePublished":"2025-05-19T09:07:38+00:00","dateModified":"2025-12-17T06:55:45+00:00","description":"Jak gra\u0107 w Euromillions online spoza UE lub je\u015bli Tw\u00f3j kraj nie uczestniczy w Euromillions","breadcrumb":{"@id":"https:\/\/redfoxlotto.com\/pl\/graj\/euromillions-eu\/#breadcrumb"},"inLanguage":"pl-PL","potentialAction":[{"@type":"ReadAction","target":["https:\/\/redfoxlotto.com\/pl\/graj\/euromillions-eu\/"]}]},{"@type":"ImageObject","inLanguage":"pl-PL","@id":"https:\/\/redfoxlotto.com\/pl\/graj\/euromillions-eu\/#primaryimage","url":"https:\/\/redfoxlotto.com\/wp-content\/uploads\/2024\/03\/Balls-300x300.png","contentUrl":"https:\/\/redfoxlotto.com\/wp-content\/uploads\/2024\/03\/Balls-300x300.png"},{"@type":"BreadcrumbList","@id":"https:\/\/redfoxlotto.com\/pl\/graj\/euromillions-eu\/#breadcrumb","itemListElement":[{"@type":"ListItem","position":1,"name":"Home","item":"https:\/\/redfoxlotto.com\/pl\/"},{"@type":"ListItem","position":2,"name":"Jak gra\u0107 na loteriach innych kraj\u00f3w?","item":"https:\/\/redfoxlotto.com\/pl\/graj\/"},{"@type":"ListItem","position":3,"name":"Zagraj w Euromillions EU"}]},{"@type":"WebSite","@id":"https:\/\/redfoxlotto.com\/pl\/#website","url":"https:\/\/redfoxlotto.com\/pl\/","name":"Get Tickets for the World\u2019s largest jackpots","description":"Participate in worldwide lottery jackpots from any country","publisher":{"@id":"https:\/\/redfoxlotto.com\/pl\/#organization"},"potentialAction":[{"@type":"SearchAction","target":{"@type":"EntryPoint","urlTemplate":"https:\/\/redfoxlotto.com\/pl\/?s={search_term_string}"},"query-input":{"@type":"PropertyValueSpecification","valueRequired":true,"valueName":"search_term_string"}}],"inLanguage":"pl-PL"},{"@type":"Organization","@id":"https:\/\/redfoxlotto.com\/pl\/#organization","name":"Get Tickets for the World\u2019s largest jackpots","url":"https:\/\/redfoxlotto.com\/pl\/","logo":{"@type":"ImageObject","inLanguage":"pl-PL","@id":"https:\/\/redfoxlotto.com\/pl\/#\/schema\/logo\/image\/","url":"https:\/\/redfoxlotto.com\/wp-content\/uploads\/2023\/04\/logo.png","contentUrl":"https:\/\/redfoxlotto.com\/wp-content\/uploads\/2023\/04\/logo.png","width":269,"height":53,"caption":"Get Tickets for the World\u2019s largest jackpots"},"image":{"@id":"https:\/\/redfoxlotto.com\/pl\/#\/schema\/logo\/image\/"}}]}},"_links":{"self":[{"href":"https:\/\/redfoxlotto.com\/pl\/wp-json\/wp\/v2\/pages\/87604","targetHints":{"allow":["GET"]}}],"collection":[{"href":"https:\/\/redfoxlotto.com\/pl\/wp-json\/wp\/v2\/pages"}],"about":[{"href":"https:\/\/redfoxlotto.com\/pl\/wp-json\/wp\/v2\/types\/page"}],"author":[{"embeddable":true,"href":"https:\/\/redfoxlotto.com\/pl\/wp-json\/wp\/v2\/users\/8"}],"replies":[{"embeddable":true,"href":"https:\/\/redfoxlotto.com\/pl\/wp-json\/wp\/v2\/comments?post=87604"}],"version-history":[{"count":0,"href":"https:\/\/redfoxlotto.com\/pl\/wp-json\/wp\/v2\/pages\/87604\/revisions"}],"up":[{"embeddable":true,"href":"https:\/\/redfoxlotto.com\/pl\/wp-json\/wp\/v2\/pages\/5704"}],"wp:attachment":[{"href":"https:\/\/redfoxlotto.com\/pl\/wp-json\/wp\/v2\/media?parent=87604"}],"curies":[{"name":"wp","href":"https:\/\/api.w.org\/{rel}","templated":true}]}}