{"id":87105,"date":"2025-05-16T10:39:54","date_gmt":"2025-05-16T10:39:54","guid":{"rendered":"https:\/\/redfoxlotto.com\/?page_id=87105"},"modified":"2025-05-17T22:07:56","modified_gmt":"2025-05-17T22:07:56","slug":"zwycieskie-numery-diamond-keno","status":"publish","type":"page","link":"https:\/\/redfoxlotto.com\/pl\/keno\/zwycieskie-numery-diamond-keno\/","title":{"rendered":"Zwyci\u0119skie numery Diamond Keno"},"content":{"rendered":"<p>Nowe zwyci\u0119skie numery pojawiaj\u0105 si\u0119 co 20 minut &#8211; sprawd\u017a wyniki Diamond Keno ju\u017c teraz<\/p>\n","protected":false},"excerpt":{"rendered":"<p>Nowe zwyci\u0119skie numery pojawiaj\u0105 si\u0119 co 20 minut &#8211; sprawd\u017a wyniki Diamond Keno ju\u017c teraz<\/p>\n","protected":false},"author":8,"featured_media":0,"parent":84425,"menu_order":40,"comment_status":"closed","ping_status":"closed","template":"","meta":{"_et_pb_use_builder":"","_et_pb_old_content":"","_et_gb_content_width":"","exclude_from_search":false,"footnotes":""},"class_list":["post-87105","page","type-page","status-publish","hentry"],"yoast_head":"<!-- This site is optimized with the Yoast SEO plugin v23.8 - https:\/\/yoast.com\/wordpress\/plugins\/seo\/ -->\n<title>Zwyci\u0119skie numery naszej najwi\u0119kszej loterii Keno - wygraj 10 milion\u00f3w \u20ac ju\u017c teraz!<\/title>\n<meta name=\"description\" content=\"Oto najnowsze zwyci\u0119skie numery naszej najwi\u0119kszej loterii Keno - w kt\u00f3rej stawk\u0105 jest 10 milion\u00f3w euro co 20 minut.\" \/>\n<meta name=\"robots\" content=\"index, follow, max-snippet:-1, max-image-preview:large, max-video-preview:-1\" \/>\n<link rel=\"canonical\" href=\"https:\/\/redfoxlotto.com\/pl\/keno\/zwycieskie-numery-diamond-keno\/\" \/>\n<meta property=\"og:locale\" content=\"pl_PL\" \/>\n<meta property=\"og:type\" content=\"article\" \/>\n<meta property=\"og:title\" content=\"Zwyci\u0119skie numery naszej najwi\u0119kszej loterii Keno - wygraj 10 milion\u00f3w \u20ac ju\u017c teraz!\" \/>\n<meta property=\"og:description\" content=\"Oto najnowsze zwyci\u0119skie numery naszej najwi\u0119kszej loterii Keno - w kt\u00f3rej stawk\u0105 jest 10 milion\u00f3w euro co 20 minut.\" \/>\n<meta property=\"og:url\" content=\"https:\/\/redfoxlotto.com\/pl\/keno\/zwycieskie-numery-diamond-keno\/\" \/>\n<meta property=\"og:site_name\" content=\"Get Tickets for the World\u2019s largest jackpots\" \/>\n<meta property=\"article:modified_time\" content=\"2025-05-17T22:07:56+00:00\" \/>\n<meta name=\"twitter:card\" content=\"summary_large_image\" \/>\n<meta name=\"twitter:label1\" content=\"Szacowany czas czytania\" \/>\n\t<meta name=\"twitter:data1\" content=\"1 minuta\" \/>\n<script type=\"application\/ld+json\" class=\"yoast-schema-graph\">{\"@context\":\"https:\/\/schema.org\",\"@graph\":[{\"@type\":\"WebPage\",\"@id\":\"https:\/\/redfoxlotto.com\/pl\/keno\/zwycieskie-numery-diamond-keno\/\",\"url\":\"https:\/\/redfoxlotto.com\/pl\/keno\/zwycieskie-numery-diamond-keno\/\",\"name\":\"Zwyci\u0119skie numery naszej najwi\u0119kszej loterii Keno - wygraj 10 milion\u00f3w \u20ac ju\u017c teraz!\",\"isPartOf\":{\"@id\":\"https:\/\/redfoxlotto.com\/pl\/#website\"},\"datePublished\":\"2025-05-16T10:39:54+00:00\",\"dateModified\":\"2025-05-17T22:07:56+00:00\",\"description\":\"Oto najnowsze zwyci\u0119skie numery naszej najwi\u0119kszej loterii Keno - w kt\u00f3rej stawk\u0105 jest 10 milion\u00f3w euro co 20 minut.\",\"breadcrumb\":{\"@id\":\"https:\/\/redfoxlotto.com\/pl\/keno\/zwycieskie-numery-diamond-keno\/#breadcrumb\"},\"inLanguage\":\"pl-PL\",\"potentialAction\":[{\"@type\":\"ReadAction\",\"target\":[\"https:\/\/redfoxlotto.com\/pl\/keno\/zwycieskie-numery-diamond-keno\/\"]}]},{\"@type\":\"BreadcrumbList\",\"@id\":\"https:\/\/redfoxlotto.com\/pl\/keno\/zwycieskie-numery-diamond-keno\/#breadcrumb\",\"itemListElement\":[{\"@type\":\"ListItem\",\"position\":1,\"name\":\"Home\",\"item\":\"https:\/\/redfoxlotto.com\/pl\/\"},{\"@type\":\"ListItem\",\"position\":2,\"name\":\"Keno\",\"item\":\"https:\/\/redfoxlotto.com\/pl\/keno\/\"},{\"@type\":\"ListItem\",\"position\":3,\"name\":\"Zwyci\u0119skie numery Diamond Keno\"}]},{\"@type\":\"WebSite\",\"@id\":\"https:\/\/redfoxlotto.com\/pl\/#website\",\"url\":\"https:\/\/redfoxlotto.com\/pl\/\",\"name\":\"Get Tickets for the World\u2019s largest jackpots\",\"description\":\"Participate in worldwide lottery jackpots from any country\",\"publisher\":{\"@id\":\"https:\/\/redfoxlotto.com\/pl\/#organization\"},\"potentialAction\":[{\"@type\":\"SearchAction\",\"target\":{\"@type\":\"EntryPoint\",\"urlTemplate\":\"https:\/\/redfoxlotto.com\/pl\/?s={search_term_string}\"},\"query-input\":{\"@type\":\"PropertyValueSpecification\",\"valueRequired\":true,\"valueName\":\"search_term_string\"}}],\"inLanguage\":\"pl-PL\"},{\"@type\":\"Organization\",\"@id\":\"https:\/\/redfoxlotto.com\/pl\/#organization\",\"name\":\"Get Tickets for the World\u2019s largest jackpots\",\"url\":\"https:\/\/redfoxlotto.com\/pl\/\",\"logo\":{\"@type\":\"ImageObject\",\"inLanguage\":\"pl-PL\",\"@id\":\"https:\/\/redfoxlotto.com\/pl\/#\/schema\/logo\/image\/\",\"url\":\"https:\/\/redfoxlotto.com\/wp-content\/uploads\/2023\/04\/logo.png\",\"contentUrl\":\"https:\/\/redfoxlotto.com\/wp-content\/uploads\/2023\/04\/logo.png\",\"width\":269,\"height\":53,\"caption\":\"Get Tickets for the World\u2019s largest jackpots\"},\"image\":{\"@id\":\"https:\/\/redfoxlotto.com\/pl\/#\/schema\/logo\/image\/\"}}]}<\/script>\n<!-- \/ Yoast SEO plugin. -->","yoast_head_json":{"title":"Zwyci\u0119skie numery naszej najwi\u0119kszej loterii Keno - wygraj 10 milion\u00f3w \u20ac ju\u017c teraz!","description":"Oto najnowsze zwyci\u0119skie numery naszej najwi\u0119kszej loterii Keno - w kt\u00f3rej stawk\u0105 jest 10 milion\u00f3w euro co 20 minut.","robots":{"index":"index","follow":"follow","max-snippet":"max-snippet:-1","max-image-preview":"max-image-preview:large","max-video-preview":"max-video-preview:-1"},"canonical":"https:\/\/redfoxlotto.com\/pl\/keno\/zwycieskie-numery-diamond-keno\/","og_locale":"pl_PL","og_type":"article","og_title":"Zwyci\u0119skie numery naszej najwi\u0119kszej loterii Keno - wygraj 10 milion\u00f3w \u20ac ju\u017c teraz!","og_description":"Oto najnowsze zwyci\u0119skie numery naszej najwi\u0119kszej loterii Keno - w kt\u00f3rej stawk\u0105 jest 10 milion\u00f3w euro co 20 minut.","og_url":"https:\/\/redfoxlotto.com\/pl\/keno\/zwycieskie-numery-diamond-keno\/","og_site_name":"Get Tickets for the World\u2019s largest jackpots","article_modified_time":"2025-05-17T22:07:56+00:00","twitter_card":"summary_large_image","twitter_misc":{"Szacowany czas czytania":"1 minuta"},"schema":{"@context":"https:\/\/schema.org","@graph":[{"@type":"WebPage","@id":"https:\/\/redfoxlotto.com\/pl\/keno\/zwycieskie-numery-diamond-keno\/","url":"https:\/\/redfoxlotto.com\/pl\/keno\/zwycieskie-numery-diamond-keno\/","name":"Zwyci\u0119skie numery naszej najwi\u0119kszej loterii Keno - wygraj 10 milion\u00f3w \u20ac ju\u017c teraz!","isPartOf":{"@id":"https:\/\/redfoxlotto.com\/pl\/#website"},"datePublished":"2025-05-16T10:39:54+00:00","dateModified":"2025-05-17T22:07:56+00:00","description":"Oto najnowsze zwyci\u0119skie numery naszej najwi\u0119kszej loterii Keno - w kt\u00f3rej stawk\u0105 jest 10 milion\u00f3w euro co 20 minut.","breadcrumb":{"@id":"https:\/\/redfoxlotto.com\/pl\/keno\/zwycieskie-numery-diamond-keno\/#breadcrumb"},"inLanguage":"pl-PL","potentialAction":[{"@type":"ReadAction","target":["https:\/\/redfoxlotto.com\/pl\/keno\/zwycieskie-numery-diamond-keno\/"]}]},{"@type":"BreadcrumbList","@id":"https:\/\/redfoxlotto.com\/pl\/keno\/zwycieskie-numery-diamond-keno\/#breadcrumb","itemListElement":[{"@type":"ListItem","position":1,"name":"Home","item":"https:\/\/redfoxlotto.com\/pl\/"},{"@type":"ListItem","position":2,"name":"Keno","item":"https:\/\/redfoxlotto.com\/pl\/keno\/"},{"@type":"ListItem","position":3,"name":"Zwyci\u0119skie numery Diamond Keno"}]},{"@type":"WebSite","@id":"https:\/\/redfoxlotto.com\/pl\/#website","url":"https:\/\/redfoxlotto.com\/pl\/","name":"Get Tickets for the World\u2019s largest jackpots","description":"Participate in worldwide lottery jackpots from any country","publisher":{"@id":"https:\/\/redfoxlotto.com\/pl\/#organization"},"potentialAction":[{"@type":"SearchAction","target":{"@type":"EntryPoint","urlTemplate":"https:\/\/redfoxlotto.com\/pl\/?s={search_term_string}"},"query-input":{"@type":"PropertyValueSpecification","valueRequired":true,"valueName":"search_term_string"}}],"inLanguage":"pl-PL"},{"@type":"Organization","@id":"https:\/\/redfoxlotto.com\/pl\/#organization","name":"Get Tickets for the World\u2019s largest jackpots","url":"https:\/\/redfoxlotto.com\/pl\/","logo":{"@type":"ImageObject","inLanguage":"pl-PL","@id":"https:\/\/redfoxlotto.com\/pl\/#\/schema\/logo\/image\/","url":"https:\/\/redfoxlotto.com\/wp-content\/uploads\/2023\/04\/logo.png","contentUrl":"https:\/\/redfoxlotto.com\/wp-content\/uploads\/2023\/04\/logo.png","width":269,"height":53,"caption":"Get Tickets for the World\u2019s largest jackpots"},"image":{"@id":"https:\/\/redfoxlotto.com\/pl\/#\/schema\/logo\/image\/"}}]}},"_links":{"self":[{"href":"https:\/\/redfoxlotto.com\/pl\/wp-json\/wp\/v2\/pages\/87105","targetHints":{"allow":["GET"]}}],"collection":[{"href":"https:\/\/redfoxlotto.com\/pl\/wp-json\/wp\/v2\/pages"}],"about":[{"href":"https:\/\/redfoxlotto.com\/pl\/wp-json\/wp\/v2\/types\/page"}],"author":[{"embeddable":true,"href":"https:\/\/redfoxlotto.com\/pl\/wp-json\/wp\/v2\/users\/8"}],"replies":[{"embeddable":true,"href":"https:\/\/redfoxlotto.com\/pl\/wp-json\/wp\/v2\/comments?post=87105"}],"version-history":[{"count":0,"href":"https:\/\/redfoxlotto.com\/pl\/wp-json\/wp\/v2\/pages\/87105\/revisions"}],"up":[{"embeddable":true,"href":"https:\/\/redfoxlotto.com\/pl\/wp-json\/wp\/v2\/pages\/84425"}],"wp:attachment":[{"href":"https:\/\/redfoxlotto.com\/pl\/wp-json\/wp\/v2\/media?parent=87105"}],"curies":[{"name":"wp","href":"https:\/\/api.w.org\/{rel}","templated":true}]}}