{"id":86869,"date":"2025-02-12T11:18:17","date_gmt":"2025-02-12T11:18:17","guid":{"rendered":"https:\/\/redfoxlotto.com\/?page_id=86869"},"modified":"2025-05-15T06:43:37","modified_gmt":"2025-05-15T06:43:37","slug":"diamentowe-keno-10m","status":"publish","type":"page","link":"https:\/\/redfoxlotto.com\/pl\/keno\/diamentowe-keno-10m\/","title":{"rendered":"Diamentowe Keno 10m"},"content":{"rendered":"<h2>Keno online nie mo\u017ce by\u0107 wi\u0119ksze i lepsze ni\u017c to &#8211; zagraj w Keno o wyp\u0142at\u0119 10 milion\u00f3w euro!<\/h2>\n<p>To nasza najwi\u0119ksza i najpopularniejsza loteria Keno. Je\u015bli szukasz najlepszej gry Keno online, to dobrze trafi\u0142e\u015b. Ta gra Keno ma losowanie co 20 minut, wi\u0119c nie b\u0119dziesz musia\u0142 d\u0142ugo czeka\u0107, aby dowiedzie\u0107 si\u0119, czy Tw\u00f3j bilet wygra\u0142.<\/p>\n","protected":false},"excerpt":{"rendered":"<p>Keno online nie mo\u017ce by\u0107 wi\u0119ksze i lepsze ni\u017c to &#8211; zagraj w Keno o wyp\u0142at\u0119 10 milion\u00f3w euro! To nasza najwi\u0119ksza i najpopularniejsza loteria Keno. Je\u015bli szukasz najlepszej gry Keno online, to dobrze trafi\u0142e\u015b. Ta gra Keno ma losowanie co 20 minut, wi\u0119c nie b\u0119dziesz musia\u0142 d\u0142ugo czeka\u0107, aby dowiedzie\u0107 si\u0119, czy Tw\u00f3j bilet [&hellip;]<\/p>\n","protected":false},"author":8,"featured_media":0,"parent":84425,"menu_order":1,"comment_status":"closed","ping_status":"closed","template":"","meta":{"_et_pb_use_builder":"","_et_pb_old_content":"","_et_gb_content_width":"","exclude_from_search":false,"footnotes":""},"class_list":["post-86869","page","type-page","status-publish","hentry"],"yoast_head":"<!-- This site is optimized with the Yoast SEO plugin v23.8 - https:\/\/yoast.com\/wordpress\/plugins\/seo\/ -->\n<title>Najlepsze gry Keno online - Keno o warto\u015bci 10 milion\u00f3w euro<\/title>\n<meta name=\"description\" content=\"Tutaj znajdziesz najlepsze gry Keno online z nagrodami do 10 milion\u00f3w euro. Nigdy nie musisz czeka\u0107 zbyt d\u0142ugo na nast\u0119pne losowanie Keno online!\" \/>\n<meta name=\"robots\" content=\"index, follow, max-snippet:-1, max-image-preview:large, max-video-preview:-1\" \/>\n<link rel=\"canonical\" href=\"https:\/\/redfoxlotto.com\/pl\/keno\/diamentowe-keno-10m\/\" \/>\n<meta property=\"og:locale\" content=\"pl_PL\" \/>\n<meta property=\"og:type\" content=\"article\" \/>\n<meta property=\"og:title\" content=\"Najlepsze gry Keno online - Keno o warto\u015bci 10 milion\u00f3w euro\" \/>\n<meta property=\"og:description\" content=\"Tutaj znajdziesz najlepsze gry Keno online z nagrodami do 10 milion\u00f3w euro. Nigdy nie musisz czeka\u0107 zbyt d\u0142ugo na nast\u0119pne losowanie Keno online!\" \/>\n<meta property=\"og:url\" content=\"https:\/\/redfoxlotto.com\/pl\/keno\/diamentowe-keno-10m\/\" \/>\n<meta property=\"og:site_name\" content=\"Get Tickets for the World\u2019s largest jackpots\" \/>\n<meta property=\"article:modified_time\" content=\"2025-05-15T06:43:37+00:00\" \/>\n<meta name=\"twitter:card\" content=\"summary_large_image\" \/>\n<meta name=\"twitter:label1\" content=\"Szacowany czas czytania\" \/>\n\t<meta name=\"twitter:data1\" content=\"1 minuta\" \/>\n<script type=\"application\/ld+json\" class=\"yoast-schema-graph\">{\"@context\":\"https:\/\/schema.org\",\"@graph\":[{\"@type\":\"WebPage\",\"@id\":\"https:\/\/redfoxlotto.com\/pl\/keno\/diamentowe-keno-10m\/\",\"url\":\"https:\/\/redfoxlotto.com\/pl\/keno\/diamentowe-keno-10m\/\",\"name\":\"Najlepsze gry Keno online - Keno o warto\u015bci 10 milion\u00f3w euro\",\"isPartOf\":{\"@id\":\"https:\/\/redfoxlotto.com\/pl\/#website\"},\"datePublished\":\"2025-02-12T11:18:17+00:00\",\"dateModified\":\"2025-05-15T06:43:37+00:00\",\"description\":\"Tutaj znajdziesz najlepsze gry Keno online z nagrodami do 10 milion\u00f3w euro. Nigdy nie musisz czeka\u0107 zbyt d\u0142ugo na nast\u0119pne losowanie Keno online!\",\"breadcrumb\":{\"@id\":\"https:\/\/redfoxlotto.com\/pl\/keno\/diamentowe-keno-10m\/#breadcrumb\"},\"inLanguage\":\"pl-PL\",\"potentialAction\":[{\"@type\":\"ReadAction\",\"target\":[\"https:\/\/redfoxlotto.com\/pl\/keno\/diamentowe-keno-10m\/\"]}]},{\"@type\":\"BreadcrumbList\",\"@id\":\"https:\/\/redfoxlotto.com\/pl\/keno\/diamentowe-keno-10m\/#breadcrumb\",\"itemListElement\":[{\"@type\":\"ListItem\",\"position\":1,\"name\":\"Home\",\"item\":\"https:\/\/redfoxlotto.com\/pl\/\"},{\"@type\":\"ListItem\",\"position\":2,\"name\":\"Keno\",\"item\":\"https:\/\/redfoxlotto.com\/pl\/keno\/\"},{\"@type\":\"ListItem\",\"position\":3,\"name\":\"Diamentowe Keno 10m\"}]},{\"@type\":\"WebSite\",\"@id\":\"https:\/\/redfoxlotto.com\/pl\/#website\",\"url\":\"https:\/\/redfoxlotto.com\/pl\/\",\"name\":\"Get Tickets for the World\u2019s largest jackpots\",\"description\":\"Participate in worldwide lottery jackpots from any country\",\"publisher\":{\"@id\":\"https:\/\/redfoxlotto.com\/pl\/#organization\"},\"potentialAction\":[{\"@type\":\"SearchAction\",\"target\":{\"@type\":\"EntryPoint\",\"urlTemplate\":\"https:\/\/redfoxlotto.com\/pl\/?s={search_term_string}\"},\"query-input\":{\"@type\":\"PropertyValueSpecification\",\"valueRequired\":true,\"valueName\":\"search_term_string\"}}],\"inLanguage\":\"pl-PL\"},{\"@type\":\"Organization\",\"@id\":\"https:\/\/redfoxlotto.com\/pl\/#organization\",\"name\":\"Get Tickets for the World\u2019s largest jackpots\",\"url\":\"https:\/\/redfoxlotto.com\/pl\/\",\"logo\":{\"@type\":\"ImageObject\",\"inLanguage\":\"pl-PL\",\"@id\":\"https:\/\/redfoxlotto.com\/pl\/#\/schema\/logo\/image\/\",\"url\":\"https:\/\/redfoxlotto.com\/wp-content\/uploads\/2023\/04\/logo.png\",\"contentUrl\":\"https:\/\/redfoxlotto.com\/wp-content\/uploads\/2023\/04\/logo.png\",\"width\":269,\"height\":53,\"caption\":\"Get Tickets for the World\u2019s largest jackpots\"},\"image\":{\"@id\":\"https:\/\/redfoxlotto.com\/pl\/#\/schema\/logo\/image\/\"}}]}<\/script>\n<!-- \/ Yoast SEO plugin. -->","yoast_head_json":{"title":"Najlepsze gry Keno online - Keno o warto\u015bci 10 milion\u00f3w euro","description":"Tutaj znajdziesz najlepsze gry Keno online z nagrodami do 10 milion\u00f3w euro. Nigdy nie musisz czeka\u0107 zbyt d\u0142ugo na nast\u0119pne losowanie Keno online!","robots":{"index":"index","follow":"follow","max-snippet":"max-snippet:-1","max-image-preview":"max-image-preview:large","max-video-preview":"max-video-preview:-1"},"canonical":"https:\/\/redfoxlotto.com\/pl\/keno\/diamentowe-keno-10m\/","og_locale":"pl_PL","og_type":"article","og_title":"Najlepsze gry Keno online - Keno o warto\u015bci 10 milion\u00f3w euro","og_description":"Tutaj znajdziesz najlepsze gry Keno online z nagrodami do 10 milion\u00f3w euro. Nigdy nie musisz czeka\u0107 zbyt d\u0142ugo na nast\u0119pne losowanie Keno online!","og_url":"https:\/\/redfoxlotto.com\/pl\/keno\/diamentowe-keno-10m\/","og_site_name":"Get Tickets for the World\u2019s largest jackpots","article_modified_time":"2025-05-15T06:43:37+00:00","twitter_card":"summary_large_image","twitter_misc":{"Szacowany czas czytania":"1 minuta"},"schema":{"@context":"https:\/\/schema.org","@graph":[{"@type":"WebPage","@id":"https:\/\/redfoxlotto.com\/pl\/keno\/diamentowe-keno-10m\/","url":"https:\/\/redfoxlotto.com\/pl\/keno\/diamentowe-keno-10m\/","name":"Najlepsze gry Keno online - Keno o warto\u015bci 10 milion\u00f3w euro","isPartOf":{"@id":"https:\/\/redfoxlotto.com\/pl\/#website"},"datePublished":"2025-02-12T11:18:17+00:00","dateModified":"2025-05-15T06:43:37+00:00","description":"Tutaj znajdziesz najlepsze gry Keno online z nagrodami do 10 milion\u00f3w euro. Nigdy nie musisz czeka\u0107 zbyt d\u0142ugo na nast\u0119pne losowanie Keno online!","breadcrumb":{"@id":"https:\/\/redfoxlotto.com\/pl\/keno\/diamentowe-keno-10m\/#breadcrumb"},"inLanguage":"pl-PL","potentialAction":[{"@type":"ReadAction","target":["https:\/\/redfoxlotto.com\/pl\/keno\/diamentowe-keno-10m\/"]}]},{"@type":"BreadcrumbList","@id":"https:\/\/redfoxlotto.com\/pl\/keno\/diamentowe-keno-10m\/#breadcrumb","itemListElement":[{"@type":"ListItem","position":1,"name":"Home","item":"https:\/\/redfoxlotto.com\/pl\/"},{"@type":"ListItem","position":2,"name":"Keno","item":"https:\/\/redfoxlotto.com\/pl\/keno\/"},{"@type":"ListItem","position":3,"name":"Diamentowe Keno 10m"}]},{"@type":"WebSite","@id":"https:\/\/redfoxlotto.com\/pl\/#website","url":"https:\/\/redfoxlotto.com\/pl\/","name":"Get Tickets for the World\u2019s largest jackpots","description":"Participate in worldwide lottery jackpots from any country","publisher":{"@id":"https:\/\/redfoxlotto.com\/pl\/#organization"},"potentialAction":[{"@type":"SearchAction","target":{"@type":"EntryPoint","urlTemplate":"https:\/\/redfoxlotto.com\/pl\/?s={search_term_string}"},"query-input":{"@type":"PropertyValueSpecification","valueRequired":true,"valueName":"search_term_string"}}],"inLanguage":"pl-PL"},{"@type":"Organization","@id":"https:\/\/redfoxlotto.com\/pl\/#organization","name":"Get Tickets for the World\u2019s largest jackpots","url":"https:\/\/redfoxlotto.com\/pl\/","logo":{"@type":"ImageObject","inLanguage":"pl-PL","@id":"https:\/\/redfoxlotto.com\/pl\/#\/schema\/logo\/image\/","url":"https:\/\/redfoxlotto.com\/wp-content\/uploads\/2023\/04\/logo.png","contentUrl":"https:\/\/redfoxlotto.com\/wp-content\/uploads\/2023\/04\/logo.png","width":269,"height":53,"caption":"Get Tickets for the World\u2019s largest jackpots"},"image":{"@id":"https:\/\/redfoxlotto.com\/pl\/#\/schema\/logo\/image\/"}}]}},"_links":{"self":[{"href":"https:\/\/redfoxlotto.com\/pl\/wp-json\/wp\/v2\/pages\/86869","targetHints":{"allow":["GET"]}}],"collection":[{"href":"https:\/\/redfoxlotto.com\/pl\/wp-json\/wp\/v2\/pages"}],"about":[{"href":"https:\/\/redfoxlotto.com\/pl\/wp-json\/wp\/v2\/types\/page"}],"author":[{"embeddable":true,"href":"https:\/\/redfoxlotto.com\/pl\/wp-json\/wp\/v2\/users\/8"}],"replies":[{"embeddable":true,"href":"https:\/\/redfoxlotto.com\/pl\/wp-json\/wp\/v2\/comments?post=86869"}],"version-history":[{"count":0,"href":"https:\/\/redfoxlotto.com\/pl\/wp-json\/wp\/v2\/pages\/86869\/revisions"}],"up":[{"embeddable":true,"href":"https:\/\/redfoxlotto.com\/pl\/wp-json\/wp\/v2\/pages\/84425"}],"wp:attachment":[{"href":"https:\/\/redfoxlotto.com\/pl\/wp-json\/wp\/v2\/media?parent=86869"}],"curies":[{"name":"wp","href":"https:\/\/api.w.org\/{rel}","templated":true}]}}