{"id":85499,"date":"2025-02-25T17:25:31","date_gmt":"2025-02-25T17:25:31","guid":{"rendered":"https:\/\/redfoxlotto.com\/?page_id=85499"},"modified":"2025-04-21T06:53:33","modified_gmt":"2025-04-21T06:53:33","slug":"informacje-o-loterii-w-nowym-jorku","status":"publish","type":"page","link":"https:\/\/redfoxlotto.com\/pl\/loterie\/informacje-o-loterii-w-nowym-jorku\/","title":{"rendered":"Informacje o loterii w Nowym Jorku"},"content":{"rendered":"<h2>Jak kupi\u0107 losy na loteri\u0119 w Nowym Jorku<\/h2>\n<p>Przewodnik po zakupie los\u00f3w na loteri\u0119 w Nowym Jorku na RedFoxLotto:<\/p>\n<p>Kiedy grasz w New York Lottery, czy kiedykolwiek fantazjowa\u0142e\u015b o wygraniu jackpota, kt\u00f3ry m\u00f3g\u0142by ca\u0142kowicie odmieni\u0107 Twoje \u017cycie? Udzia\u0142 w mi\u0119dzynarodowych loteriach, takich jak New York Lotto, nigdy nie by\u0142 prostszy ni\u017c z RedFoxLotto, nawet je\u015bli znajdujesz si\u0119 poza Stanami Zjednoczonymi.<\/p>\n<p>W trakcie tego postu przeprowadzimy Ci\u0119 przez proces zakupu los\u00f3w New York Lottery z RedFoxLotto w kilku prostych krokach.<\/p>\n<h2>RedFoxLotto: Co to jest?<\/h2>\n<p>Mo\u017cesz wzi\u0105\u0107 udzia\u0142 w g\u0142\u00f3wnych mi\u0119dzynarodowych loteriach z RedFoxLotto, kt\u00f3ry jest renomowanym serwisem loterii online. Loterie te obejmuj\u0105 Powerball, Mega Millions, EuroMillions i oczywi\u015bcie New York Lotto. Pe\u0142ni\u0105 oni funkcj\u0119 kuriera bilet\u00f3w, co oznacza, \u017ce kupuj\u0105 prawdziwy bilet w Twoim imieniu, a nast\u0119pnie skanuj\u0105 go na wyznaczone konto online.<\/p>\n<h3>RedFoxLotto: Przewodnik krok po kroku dotycz\u0105cy zakupu los\u00f3w na loteri\u0119 w Nowym Jorku<\/h3>\n<p>1. Zarejestruj si\u0119. Przejd\u017a do RedFoxLotto.com, aby rozpocz\u0105\u0107 proces rejestracji. Wprowad\u017a podstawowe informacje, takie jak imi\u0119 i nazwisko, adres e-mail i kraj, w kt\u00f3rym obecnie mieszkasz, klikaj\u0105c przycisk \u201eZarejestruj si\u0119\u201d.<\/p>\n<p>2. Potwierd\u017a, \u017ce Twoje konto jest legalne.<\/p>\n<p>Po zako\u0144czeniu procesu rejestracji w swojej skrzynce odbiorczej znajdziesz link weryfikacyjny. Mo\u017cesz zweryfikowa\u0107 swoje konto, klikaj\u0105c go. Pomimo tego, \u017ce jest to prosty krok, jest on niezb\u0119dny zar\u00f3wno dla bezpiecze\u0144stwa, jak i potencjalnych przysz\u0142ych wygranych.<\/p>\n<p>3. Zapoznaj si\u0119 z loteriami<\/p>\n<p>Po pomy\u015blnym do\u0142\u0105czeniu, przejd\u017a do strony g\u0142\u00f3wnej i wyszukaj New York Lotto na li\u015bcie dost\u0119pnych loterii. Mo\u017cesz dowiedzie\u0107 si\u0119 wi\u0119cej o nast\u0119pnym losowaniu, wielko\u015bci jackpota i koszcie bilet\u00f3w, klikaj\u0105c na niego.<\/p>\n<p>4. Dokonaj wyboru liczb<\/p>\n<p>Twoim zadaniem b\u0119dzie wybranie sze\u015bciu liczb od jednego do sze\u015b\u0107dziesi\u0119ciu dziewi\u0119ciu. Masz mo\u017cliwo\u015b\u0107 wybrania ich r\u0119cznie lub mo\u017cesz skorzysta\u0107 z opcji Quick Pick, aby RedFoxLotto wygenerowa\u0142o dla ciebie losowe liczby od zera.<\/p>\n<h2>Dodaj do koszyka i przejd\u017a do p\u0142atno\u015bci<\/h2>\n<p>Jak tylko wybierzesz swoje numery, dodaj bilet do koszyka. Nast\u0119pnie przejd\u017a do obszaru kasy. RedFoxLotto obs\u0142uguje wiele opcji p\u0142atno\u015bci, w tym nast\u0119puj\u0105ce:<\/p>\n<ul>\n<li>Karty kredytowe i debetowe<\/li>\n<li>Przelew bankowy<\/li>\n<li>Portfele elektroniczne, takie jak Skrill<\/li>\n<li>W niekt\u00f3rych obszarach kryptowaluta jest szeroko stosowana.<\/li>\n<\/ul>\n<h2>Potwierdzenie i skaner bilet\u00f3w<\/h2>\n<p>Natychmiast po przetworzeniu Twoich pieni\u0119dzy, RedFoxLotto wy\u015ble jednego ze swoich lokalnych agent\u00f3w w Stanach Zjednoczonych w celu zakupu oryginalnego kuponu New York Lotto z wybranymi przez Ciebie liczbami. Aby dostarczy\u0107 dow\u00f3d zakupu, skan biletu zostanie wys\u0142any na Twoje konto.<\/p>\n<h2>Co si\u0119 stanie, je\u015bli odniesiesz sukces?<\/h2>\n<h3>Je\u015bli wprowadzone liczby wygraj\u0105 nagrod\u0119:<\/h3>\n<p>Twoje konto RedFoxLotto zostanie natychmiast zasilone wszelkimi wygranymi, kt\u00f3re s\u0105 niewielkie lub umiarkowane. Po wygraniu du\u017cego jackpota, zesp\u00f3\u0142 RedFoxLotto przeprowadzi Ci\u0119 przez kroki niezb\u0119dne do odebrania nagrody. Podr\u00f3\u017c do Stan\u00f3w Zjednoczonych mo\u017ce by\u0107 wymagana, w zale\u017cno\u015bci od kwoty i przepis\u00f3w obowi\u0105zuj\u0105cych w danym stanie.<\/p>\n<h2>Jakie jest prawo?<\/h2>\n<p>Rzeczywi\u015bcie. RedFoxLotto nie jest dostawc\u0105 loterii; zarz\u0105dza raczej dystrybucj\u0105 los\u00f3w loteryjnych. Kupujesz prawdziwy fizyczny bilet za po\u015brednictwem autoryzowanego agenta, co zapewnia, \u017ce wszystko jest legalne i przejrzyste, nawet je\u015bli grasz z innego kraju.<\/p>\n<h2>Uwagi podsumowuj\u0105ce<\/h2>\n<p>Mo\u017cliwo\u015b\u0107 zakupu los\u00f3w na loteri\u0119 New York Lottery z dowolnego miejsca na \u015bwiecie nie jest ju\u017c mrzonk\u0105. Jest to \u0142atwe, bezpieczne i dost\u0119pne dzi\u0119ki wykorzystaniu RedFoxLotto. Za pomoc\u0105 zaledwie kilku klikni\u0119\u0107 mo\u017cesz zgarn\u0105\u0107 miliony dolar\u00f3w i nie musisz nawet wysiada\u0107 z samochodu, aby uda\u0107 si\u0119 do Nowego Jorku.<\/p>\n<p>Dlaczego wi\u0119c mieliby\u015bmy czeka\u0107? Zarejestruj si\u0119 od razu, wybierz swoje szcz\u0119\u015bliwe liczby i przygotuj si\u0119 na wygran\u0105!<\/p>\n","protected":false},"excerpt":{"rendered":"<p>Jak kupi\u0107 losy na loteri\u0119 w Nowym Jorku Przewodnik po zakupie los\u00f3w na loteri\u0119 w Nowym Jorku na RedFoxLotto: Kiedy grasz w New York Lottery, czy kiedykolwiek fantazjowa\u0142e\u015b o wygraniu jackpota, kt\u00f3ry m\u00f3g\u0142by ca\u0142kowicie odmieni\u0107 Twoje \u017cycie? Udzia\u0142 w mi\u0119dzynarodowych loteriach, takich jak New York Lotto, nigdy nie by\u0142 prostszy ni\u017c z RedFoxLotto, nawet je\u015bli [&hellip;]<\/p>\n","protected":false},"author":8,"featured_media":0,"parent":5686,"menu_order":18,"comment_status":"closed","ping_status":"closed","template":"newyork-info.php","meta":{"_et_pb_use_builder":"","_et_pb_old_content":"","_et_gb_content_width":"","exclude_from_search":false,"footnotes":""},"class_list":["post-85499","page","type-page","status-publish","hentry"],"yoast_head":"<!-- This site is optimized with the Yoast SEO plugin v23.8 - https:\/\/yoast.com\/wordpress\/plugins\/seo\/ -->\n<title>Jak kupi\u0107 losy New York Lottery online z Wielkiej Brytanii<\/title>\n<meta name=\"description\" content=\"Kup losy na New York Lottery tutaj - nawet z Wielkiej Brytanii mo\u017cesz wzi\u0105\u0107 udzia\u0142 w New York Lotto online i otrzyma\u0107 zeskanowany los w ci\u0105gu kilku minut.\" \/>\n<meta name=\"robots\" content=\"index, follow, max-snippet:-1, max-image-preview:large, max-video-preview:-1\" \/>\n<link rel=\"canonical\" href=\"https:\/\/redfoxlotto.com\/pl\/loterie\/informacje-o-loterii-w-nowym-jorku\/\" \/>\n<meta property=\"og:locale\" content=\"pl_PL\" \/>\n<meta property=\"og:type\" content=\"article\" \/>\n<meta property=\"og:title\" content=\"Jak kupi\u0107 losy New York Lottery online z Wielkiej Brytanii\" \/>\n<meta property=\"og:description\" content=\"Kup losy na New York Lottery tutaj - nawet z Wielkiej Brytanii mo\u017cesz wzi\u0105\u0107 udzia\u0142 w New York Lotto online i otrzyma\u0107 zeskanowany los w ci\u0105gu kilku minut.\" \/>\n<meta property=\"og:url\" content=\"https:\/\/redfoxlotto.com\/pl\/loterie\/informacje-o-loterii-w-nowym-jorku\/\" \/>\n<meta property=\"og:site_name\" content=\"Get Tickets for the World\u2019s largest jackpots\" \/>\n<meta property=\"article:modified_time\" content=\"2025-04-21T06:53:33+00:00\" \/>\n<meta name=\"twitter:card\" content=\"summary_large_image\" \/>\n<meta name=\"twitter:label1\" content=\"Szacowany czas czytania\" \/>\n\t<meta name=\"twitter:data1\" content=\"3 minuty\" \/>\n<script type=\"application\/ld+json\" class=\"yoast-schema-graph\">{\"@context\":\"https:\/\/schema.org\",\"@graph\":[{\"@type\":\"WebPage\",\"@id\":\"https:\/\/redfoxlotto.com\/pl\/loterie\/informacje-o-loterii-w-nowym-jorku\/\",\"url\":\"https:\/\/redfoxlotto.com\/pl\/loterie\/informacje-o-loterii-w-nowym-jorku\/\",\"name\":\"Jak kupi\u0107 losy New York Lottery online z Wielkiej Brytanii\",\"isPartOf\":{\"@id\":\"https:\/\/redfoxlotto.com\/pl\/#website\"},\"datePublished\":\"2025-02-25T17:25:31+00:00\",\"dateModified\":\"2025-04-21T06:53:33+00:00\",\"description\":\"Kup losy na New York Lottery tutaj - nawet z Wielkiej Brytanii mo\u017cesz wzi\u0105\u0107 udzia\u0142 w New York Lotto online i otrzyma\u0107 zeskanowany los w ci\u0105gu kilku minut.\",\"breadcrumb\":{\"@id\":\"https:\/\/redfoxlotto.com\/pl\/loterie\/informacje-o-loterii-w-nowym-jorku\/#breadcrumb\"},\"inLanguage\":\"pl-PL\",\"potentialAction\":[{\"@type\":\"ReadAction\",\"target\":[\"https:\/\/redfoxlotto.com\/pl\/loterie\/informacje-o-loterii-w-nowym-jorku\/\"]}]},{\"@type\":\"BreadcrumbList\",\"@id\":\"https:\/\/redfoxlotto.com\/pl\/loterie\/informacje-o-loterii-w-nowym-jorku\/#breadcrumb\",\"itemListElement\":[{\"@type\":\"ListItem\",\"position\":1,\"name\":\"Home\",\"item\":\"https:\/\/redfoxlotto.com\/pl\/\"},{\"@type\":\"ListItem\",\"position\":2,\"name\":\"Jak kupi\u0107 bilety na loteri\u0119 online &#8211; proces zakupu\",\"item\":\"https:\/\/redfoxlotto.com\/pl\/loterie\/\"},{\"@type\":\"ListItem\",\"position\":3,\"name\":\"Informacje o loterii w Nowym Jorku\"}]},{\"@type\":\"WebSite\",\"@id\":\"https:\/\/redfoxlotto.com\/pl\/#website\",\"url\":\"https:\/\/redfoxlotto.com\/pl\/\",\"name\":\"Get Tickets for the World\u2019s largest jackpots\",\"description\":\"Participate in worldwide lottery jackpots from any country\",\"publisher\":{\"@id\":\"https:\/\/redfoxlotto.com\/pl\/#organization\"},\"potentialAction\":[{\"@type\":\"SearchAction\",\"target\":{\"@type\":\"EntryPoint\",\"urlTemplate\":\"https:\/\/redfoxlotto.com\/pl\/?s={search_term_string}\"},\"query-input\":{\"@type\":\"PropertyValueSpecification\",\"valueRequired\":true,\"valueName\":\"search_term_string\"}}],\"inLanguage\":\"pl-PL\"},{\"@type\":\"Organization\",\"@id\":\"https:\/\/redfoxlotto.com\/pl\/#organization\",\"name\":\"Get Tickets for the World\u2019s largest jackpots\",\"url\":\"https:\/\/redfoxlotto.com\/pl\/\",\"logo\":{\"@type\":\"ImageObject\",\"inLanguage\":\"pl-PL\",\"@id\":\"https:\/\/redfoxlotto.com\/pl\/#\/schema\/logo\/image\/\",\"url\":\"https:\/\/redfoxlotto.com\/wp-content\/uploads\/2023\/04\/logo.png\",\"contentUrl\":\"https:\/\/redfoxlotto.com\/wp-content\/uploads\/2023\/04\/logo.png\",\"width\":269,\"height\":53,\"caption\":\"Get Tickets for the World\u2019s largest jackpots\"},\"image\":{\"@id\":\"https:\/\/redfoxlotto.com\/pl\/#\/schema\/logo\/image\/\"}}]}<\/script>\n<!-- \/ Yoast SEO plugin. -->","yoast_head_json":{"title":"Jak kupi\u0107 losy New York Lottery online z Wielkiej Brytanii","description":"Kup losy na New York Lottery tutaj - nawet z Wielkiej Brytanii mo\u017cesz wzi\u0105\u0107 udzia\u0142 w New York Lotto online i otrzyma\u0107 zeskanowany los w ci\u0105gu kilku minut.","robots":{"index":"index","follow":"follow","max-snippet":"max-snippet:-1","max-image-preview":"max-image-preview:large","max-video-preview":"max-video-preview:-1"},"canonical":"https:\/\/redfoxlotto.com\/pl\/loterie\/informacje-o-loterii-w-nowym-jorku\/","og_locale":"pl_PL","og_type":"article","og_title":"Jak kupi\u0107 losy New York Lottery online z Wielkiej Brytanii","og_description":"Kup losy na New York Lottery tutaj - nawet z Wielkiej Brytanii mo\u017cesz wzi\u0105\u0107 udzia\u0142 w New York Lotto online i otrzyma\u0107 zeskanowany los w ci\u0105gu kilku minut.","og_url":"https:\/\/redfoxlotto.com\/pl\/loterie\/informacje-o-loterii-w-nowym-jorku\/","og_site_name":"Get Tickets for the World\u2019s largest jackpots","article_modified_time":"2025-04-21T06:53:33+00:00","twitter_card":"summary_large_image","twitter_misc":{"Szacowany czas czytania":"3 minuty"},"schema":{"@context":"https:\/\/schema.org","@graph":[{"@type":"WebPage","@id":"https:\/\/redfoxlotto.com\/pl\/loterie\/informacje-o-loterii-w-nowym-jorku\/","url":"https:\/\/redfoxlotto.com\/pl\/loterie\/informacje-o-loterii-w-nowym-jorku\/","name":"Jak kupi\u0107 losy New York Lottery online z Wielkiej Brytanii","isPartOf":{"@id":"https:\/\/redfoxlotto.com\/pl\/#website"},"datePublished":"2025-02-25T17:25:31+00:00","dateModified":"2025-04-21T06:53:33+00:00","description":"Kup losy na New York Lottery tutaj - nawet z Wielkiej Brytanii mo\u017cesz wzi\u0105\u0107 udzia\u0142 w New York Lotto online i otrzyma\u0107 zeskanowany los w ci\u0105gu kilku minut.","breadcrumb":{"@id":"https:\/\/redfoxlotto.com\/pl\/loterie\/informacje-o-loterii-w-nowym-jorku\/#breadcrumb"},"inLanguage":"pl-PL","potentialAction":[{"@type":"ReadAction","target":["https:\/\/redfoxlotto.com\/pl\/loterie\/informacje-o-loterii-w-nowym-jorku\/"]}]},{"@type":"BreadcrumbList","@id":"https:\/\/redfoxlotto.com\/pl\/loterie\/informacje-o-loterii-w-nowym-jorku\/#breadcrumb","itemListElement":[{"@type":"ListItem","position":1,"name":"Home","item":"https:\/\/redfoxlotto.com\/pl\/"},{"@type":"ListItem","position":2,"name":"Jak kupi\u0107 bilety na loteri\u0119 online &#8211; proces zakupu","item":"https:\/\/redfoxlotto.com\/pl\/loterie\/"},{"@type":"ListItem","position":3,"name":"Informacje o loterii w Nowym Jorku"}]},{"@type":"WebSite","@id":"https:\/\/redfoxlotto.com\/pl\/#website","url":"https:\/\/redfoxlotto.com\/pl\/","name":"Get Tickets for the World\u2019s largest jackpots","description":"Participate in worldwide lottery jackpots from any country","publisher":{"@id":"https:\/\/redfoxlotto.com\/pl\/#organization"},"potentialAction":[{"@type":"SearchAction","target":{"@type":"EntryPoint","urlTemplate":"https:\/\/redfoxlotto.com\/pl\/?s={search_term_string}"},"query-input":{"@type":"PropertyValueSpecification","valueRequired":true,"valueName":"search_term_string"}}],"inLanguage":"pl-PL"},{"@type":"Organization","@id":"https:\/\/redfoxlotto.com\/pl\/#organization","name":"Get Tickets for the World\u2019s largest jackpots","url":"https:\/\/redfoxlotto.com\/pl\/","logo":{"@type":"ImageObject","inLanguage":"pl-PL","@id":"https:\/\/redfoxlotto.com\/pl\/#\/schema\/logo\/image\/","url":"https:\/\/redfoxlotto.com\/wp-content\/uploads\/2023\/04\/logo.png","contentUrl":"https:\/\/redfoxlotto.com\/wp-content\/uploads\/2023\/04\/logo.png","width":269,"height":53,"caption":"Get Tickets for the World\u2019s largest jackpots"},"image":{"@id":"https:\/\/redfoxlotto.com\/pl\/#\/schema\/logo\/image\/"}}]}},"_links":{"self":[{"href":"https:\/\/redfoxlotto.com\/pl\/wp-json\/wp\/v2\/pages\/85499","targetHints":{"allow":["GET"]}}],"collection":[{"href":"https:\/\/redfoxlotto.com\/pl\/wp-json\/wp\/v2\/pages"}],"about":[{"href":"https:\/\/redfoxlotto.com\/pl\/wp-json\/wp\/v2\/types\/page"}],"author":[{"embeddable":true,"href":"https:\/\/redfoxlotto.com\/pl\/wp-json\/wp\/v2\/users\/8"}],"replies":[{"embeddable":true,"href":"https:\/\/redfoxlotto.com\/pl\/wp-json\/wp\/v2\/comments?post=85499"}],"version-history":[{"count":0,"href":"https:\/\/redfoxlotto.com\/pl\/wp-json\/wp\/v2\/pages\/85499\/revisions"}],"up":[{"embeddable":true,"href":"https:\/\/redfoxlotto.com\/pl\/wp-json\/wp\/v2\/pages\/5686"}],"wp:attachment":[{"href":"https:\/\/redfoxlotto.com\/pl\/wp-json\/wp\/v2\/media?parent=85499"}],"curies":[{"name":"wp","href":"https:\/\/api.w.org\/{rel}","templated":true}]}}