{"id":85296,"date":"2025-03-30T12:21:27","date_gmt":"2025-03-30T12:21:27","guid":{"rendered":"https:\/\/redfoxlotto.com\/?page_id=85296"},"modified":"2025-12-10T16:57:14","modified_gmt":"2025-12-10T16:57:14","slug":"jak-grac-w-new-york-lottery-w-wielkiej-brytanii","status":"publish","type":"page","link":"https:\/\/redfoxlotto.com\/pl\/graj\/jak-grac-w-new-york-lottery-w-wielkiej-brytanii\/","title":{"rendered":"Jak gra\u0107 w New York Lottery w Wielkiej Brytanii."},"content":{"rendered":"<p><script type=\"application\/ld+json\">\n{\n\"@context\": \"https:\/\/schema.org\",\n\"@type\": \"Service\",\n\"name\": \"Play New York Lottery\",\n\"url\": \"https:\/\/redfoxlotto.com\/pl\/graj\/jak-grac-w-new-york-lottery-w-wielkiej-brytanii\/\",\n\"description\": \"Kup oficjalne losy New York Lottery online za po\u015brednictwem RedFoxLotto. Wybierz swoje numery i do\u0142\u0105cz do kolejnego losowania.\",\n\"serviceType\": \"Online lottery ticket purchase\",<\/p>\n<p>\"provider\": {\n\"@type\": \"Organization\",\n\"name\": \"RedFoxLotto\",\n\"url\": \"https:\/\/redfoxlotto.com\",\n\"logo\": \"https:\/\/redfoxlotto.com\/wp-content\/uploads\/logo.png\"\n},<\/p>\n<p>\"areaServed\": \"Worldwide\",\n\"termsOfService\": \"https:\/\/redfoxlotto.com\/terms-and-conditions\",<\/p>\n<p>\"hasOfferCatalog\": {\n\"@type\": \"OfferCatalog\",\n\"name\": \"New York Lottery Offers\",\n\"itemListElement\": [\n{\n\"@type\": \"Offer\",\n\"name\": \"New York Lottery Ticket\",\n\"url\": \"https:\/\/redfoxlotto.com\/pl\/graj\/jak-grac-w-new-york-lottery-w-wielkiej-brytanii\/\",\n\"description\": \"Jeden wpis do kolejnego losowania loterii w Nowym Jorku.\",\n\"price\": \"1.40\",\n\"priceCurrency\": \"EUR\",\n\"availability\": \"https:\/\/schema.org\/InStock\",<\/p>\n<p>\"itemOffered\": {\n\"@type\": \"Service\",\n\"name\": \"New York Lottery Entry\",\n\"description\": \"We\u017a udzia\u0142 w kolejnym losowaniu loterii w Nowym Jorku za po\u015brednictwem RedFoxLotto.\"\n}\n}\n]\n},<\/p>\n<p>\"mainEntityOfPage\": {\n\"@type\": \"WebPage\",\n\"@id\": \"https:\/\/redfoxlotto.com\/pl\/graj\/jak-grac-w-new-york-lottery-w-wielkiej-brytanii\/\"\n}\n}\n<\/script><\/p>\n<h2>Jak wzi\u0105\u0107 udzia\u0142 w nowojorskiej loterii z RedFoxLotto.com w Wielkiej Brytanii?<\/h2>\n<p><img loading=\"lazy\" decoding=\"async\" class=\" wp-image-48802 alignright\" src=\"https:\/\/redfoxlotto.com\/wp-content\/uploads\/2023\/04\/raffle-tickets-online-495x330-1-300x200.jpg\" alt=\"New York Lottery\" width=\"321\" height=\"214\" srcset=\"https:\/\/redfoxlotto.com\/wp-content\/uploads\/2023\/04\/raffle-tickets-online-495x330-1-300x200.jpg 300w, https:\/\/redfoxlotto.com\/wp-content\/uploads\/2023\/04\/raffle-tickets-online-495x330-1.jpg 495w\" sizes=\"auto, (max-width: 321px) 100vw, 321px\" \/><br \/>\nWe\u017amy na przyk\u0142ad scenariusz, w kt\u00f3rym budzisz si\u0119 w Wielkiej Brytanii, robisz porann\u0105 herbat\u0119, a nast\u0119pnie sprawdzasz telefon, aby odkry\u0107, \u017ce w\u0142a\u015bnie wygra\u0142e\u015b w New York Lottery. Czy brzmi to naci\u0105ganie? Zmie\u0144 zdanie! Granie w jedn\u0105 z najbardziej ekscytuj\u0105cych loterii w Stanach Zjednoczonych Ameryki z wygody w\u0142asnego domu w Wielkiej Brytanii jest mo\u017cliwe dzi\u0119ki RedFoxLotto.com.<\/p>\n<h2>Loteria w Nowym Jorku: Dlaczego warto gra\u0107?<\/h2>\n<p>Loteria w Nowym Jorku jest dobrze znana z ogromnych jackpot\u00f3w, ekscytuj\u0105cych gier i wygranych, kt\u00f3re mog\u0105 ca\u0142kowicie odmieni\u0107 \u017cycie cz\u0142owieka. Fakt, \u017ce co tydzie\u0144 odbywa si\u0119 wiele losowa\u0144 oznacza, \u017ce istnieje niezliczona ilo\u015b\u0107 okazji do spe\u0142nienia swoich marze\u0144. Istnieje mo\u017cliwo\u015b\u0107 wygrania zmieniaj\u0105cej \u017cycie kwoty pieni\u0119dzy, je\u015bli zagrasz w loterii Mega Millions lub Powerball.<\/p>\n<h2>Instrukcje jak gra\u0107 na RedFoxLotto.com w formacie krok po kroku<\/h2>\n<p>1. Wejd\u017a na stron\u0119 RedFoxLotto.com. Powiniene\u015b uruchomi\u0107 wybran\u0105 przegl\u0105dark\u0119 internetow\u0105 i przej\u015b\u0107 do oficjalnej strony RedFoxLotto.<\/p>\n<p>2. Utw\u00f3rz konto &#8211; Aby si\u0119 zarejestrowa\u0107, musisz poda\u0107 konto. Opr\u00f3cz tego, \u017ce jest to szybkie i bezpieczne, jest niezb\u0119dne do gry.<\/p>\n<p>3. Wybierz loteri\u0119 Nowy Jork &#8211; Po przejrzeniu r\u00f3\u017cnych oferowanych loterii, wybierz loteri\u0119 Nowy Jork lub jak\u0105kolwiek inn\u0105 ameryka\u0144sk\u0105 nagrod\u0119, kt\u00f3ra wzbudzi Twoje zainteresowanie podczas wyszukiwania.<\/p>\n<p>4. Wybierz swoje numery &#8211; Mo\u017cesz wybra\u0107 swoje szcz\u0119\u015bliwe numery r\u0119cznie lub skorzysta\u0107 z opcji szybkiego wyboru, kt\u00f3ra pozwoli systemowi znale\u017a\u0107 je automatycznie.<\/p>\n<p>5. Kup bilet &#8211; Przejd\u017a do strony kasy i zap\u0142a\u0107 za bilet w bezpieczny spos\u00f3b, korzystaj\u0105c z jednej z wielu dost\u0119pnych opcji p\u0142atno\u015bci.<\/p>\n<p>6. W oczekiwaniu na losowanie, usi\u0105d\u017a i rozlu\u017anij si\u0119. Je\u015bli zostaniesz zwyci\u0119zc\u0105, zostaniesz o tym powiadomiony!<\/p>\n<h2>Zalety uczestnictwa w grach na RedFoxLotto.com<\/h2>\n<p>Eliminuje to wym\u00f3g podr\u00f3\u017cy do Stan\u00f3w Zjednoczonych w celu zakupu biletu.<\/p>\n<p>&#8211; Bezpieczne transakcje &#8211; Graj ze spokojem, wiedz\u0105c, \u017ce Twoje pieni\u0105dze i informacje o zakupach s\u0105 chronione.<\/p>\n<p>&#8211; Automatyczne powiadomienia &#8211; nigdy nie przegap wygranej! Je\u015bli jeste\u015b szcz\u0119\u015bliwym zwyci\u0119zc\u0105 jackpota, zostaniesz o tym natychmiast powiadomiony.<\/p>\n<p>Opr\u00f3cz New York Lottery mo\u017cesz uzyska\u0107 dost\u0119p do globalnych loterii, co zapewni Ci jeszcze wi\u0119cej mo\u017cliwo\u015bci wygrania znacznej kwoty pieni\u0119dzy.<\/p>\n<h2>Uwagi na zako\u0144czenie<\/h2>\n<p>Korzystaj\u0105c z RedFoxLotto.com, b\u0119dziesz mia\u0142 dost\u0119p do ca\u0142ego \u015bwiata loteryjnej rozrywki. Nie ma znaczenia, gdzie si\u0119 znajdujesz w Wielkiej Brytanii; masz okazj\u0119 realizowa\u0107 ameryka\u0144ski sen i by\u0107 mo\u017ce zosta\u0107 kolejnym milionerem New York Lottery. Dlaczego wi\u0119c mieliby\u015bmy czeka\u0107? Odwied\u017a stron\u0119 RedFoxLotto.com ju\u017c teraz, aby zdoby\u0107 sw\u00f3j los; nigdy nie wiadomo, kiedy szcz\u0119\u015bcie stanie na Twojej drodze.<\/p>\n","protected":false},"excerpt":{"rendered":"<p>Jak wzi\u0105\u0107 udzia\u0142 w nowojorskiej loterii z RedFoxLotto.com w Wielkiej Brytanii? We\u017amy na przyk\u0142ad scenariusz, w kt\u00f3rym budzisz si\u0119 w Wielkiej Brytanii, robisz porann\u0105 herbat\u0119, a nast\u0119pnie sprawdzasz telefon, aby odkry\u0107, \u017ce w\u0142a\u015bnie wygra\u0142e\u015b w New York Lottery. Czy brzmi to naci\u0105ganie? Zmie\u0144 zdanie! Granie w jedn\u0105 z najbardziej ekscytuj\u0105cych loterii w Stanach Zjednoczonych Ameryki [&hellip;]<\/p>\n","protected":false},"author":8,"featured_media":0,"parent":5704,"menu_order":18,"comment_status":"closed","ping_status":"closed","template":"newyork.php","meta":{"_et_pb_use_builder":"","_et_pb_old_content":"","_et_gb_content_width":"","exclude_from_search":false,"footnotes":""},"class_list":["post-85296","page","type-page","status-publish","hentry"],"yoast_head":"<!-- This site is optimized with the Yoast SEO plugin v27.3 - https:\/\/yoast.com\/product\/yoast-seo-wordpress\/ -->\n<title>Jak wzi\u0105\u0107 udzia\u0142 w loterii New York Lottery w Wielkiej Brytanii?<\/title>\n<meta name=\"description\" content=\"Dowiedz si\u0119, jak gra\u0107 w New York Lottery z Wielkiej Brytanii na RedFoxLotto.com i uzyskaj wskaz\u00f3wki, jak zmaksymalizowa\u0107 swoje szanse na wygran\u0105.\" \/>\n<meta name=\"robots\" content=\"index, follow, max-snippet:-1, max-image-preview:large, max-video-preview:-1\" \/>\n<link rel=\"canonical\" href=\"https:\/\/redfoxlotto.com\/pl\/graj\/jak-grac-w-new-york-lottery-w-wielkiej-brytanii\/\" \/>\n<meta property=\"og:locale\" content=\"pl_PL\" \/>\n<meta property=\"og:type\" content=\"article\" \/>\n<meta property=\"og:title\" content=\"Jak wzi\u0105\u0107 udzia\u0142 w loterii New York Lottery w Wielkiej Brytanii?\" \/>\n<meta property=\"og:description\" content=\"Dowiedz si\u0119, jak gra\u0107 w New York Lottery z Wielkiej Brytanii na RedFoxLotto.com i uzyskaj wskaz\u00f3wki, jak zmaksymalizowa\u0107 swoje szanse na wygran\u0105.\" \/>\n<meta property=\"og:url\" content=\"https:\/\/redfoxlotto.com\/pl\/graj\/jak-grac-w-new-york-lottery-w-wielkiej-brytanii\/\" \/>\n<meta property=\"og:site_name\" content=\"Get Tickets for the World\u2019s largest jackpots\" \/>\n<meta property=\"article:modified_time\" content=\"2025-12-10T16:57:14+00:00\" \/>\n<meta property=\"og:image\" content=\"https:\/\/redfoxlotto.com\/wp-content\/uploads\/2023\/04\/raffle-tickets-online-495x330-1-300x200.jpg\" \/>\n<meta name=\"twitter:card\" content=\"summary_large_image\" \/>\n<meta name=\"twitter:label1\" content=\"Szacowany czas czytania\" \/>\n\t<meta name=\"twitter:data1\" content=\"2 minuty\" \/>\n<script type=\"application\/ld+json\" class=\"yoast-schema-graph\">{\"@context\":\"https:\\\/\\\/schema.org\",\"@graph\":[{\"@type\":\"WebPage\",\"@id\":\"https:\\\/\\\/redfoxlotto.com\\\/pl\\\/graj\\\/jak-grac-w-new-york-lottery-w-wielkiej-brytanii\\\/\",\"url\":\"https:\\\/\\\/redfoxlotto.com\\\/pl\\\/graj\\\/jak-grac-w-new-york-lottery-w-wielkiej-brytanii\\\/\",\"name\":\"Jak wzi\u0105\u0107 udzia\u0142 w loterii New York Lottery w Wielkiej Brytanii?\",\"isPartOf\":{\"@id\":\"https:\\\/\\\/redfoxlotto.com\\\/pl\\\/#website\"},\"primaryImageOfPage\":{\"@id\":\"https:\\\/\\\/redfoxlotto.com\\\/pl\\\/graj\\\/jak-grac-w-new-york-lottery-w-wielkiej-brytanii\\\/#primaryimage\"},\"image\":{\"@id\":\"https:\\\/\\\/redfoxlotto.com\\\/pl\\\/graj\\\/jak-grac-w-new-york-lottery-w-wielkiej-brytanii\\\/#primaryimage\"},\"thumbnailUrl\":\"https:\\\/\\\/redfoxlotto.com\\\/wp-content\\\/uploads\\\/2023\\\/04\\\/raffle-tickets-online-495x330-1-300x200.jpg\",\"datePublished\":\"2025-03-30T12:21:27+00:00\",\"dateModified\":\"2025-12-10T16:57:14+00:00\",\"description\":\"Dowiedz si\u0119, jak gra\u0107 w New York Lottery z Wielkiej Brytanii na RedFoxLotto.com i uzyskaj wskaz\u00f3wki, jak zmaksymalizowa\u0107 swoje szanse na wygran\u0105.\",\"breadcrumb\":{\"@id\":\"https:\\\/\\\/redfoxlotto.com\\\/pl\\\/graj\\\/jak-grac-w-new-york-lottery-w-wielkiej-brytanii\\\/#breadcrumb\"},\"inLanguage\":\"pl-PL\",\"potentialAction\":[{\"@type\":\"ReadAction\",\"target\":[\"https:\\\/\\\/redfoxlotto.com\\\/pl\\\/graj\\\/jak-grac-w-new-york-lottery-w-wielkiej-brytanii\\\/\"]}]},{\"@type\":\"ImageObject\",\"inLanguage\":\"pl-PL\",\"@id\":\"https:\\\/\\\/redfoxlotto.com\\\/pl\\\/graj\\\/jak-grac-w-new-york-lottery-w-wielkiej-brytanii\\\/#primaryimage\",\"url\":\"https:\\\/\\\/redfoxlotto.com\\\/wp-content\\\/uploads\\\/2023\\\/04\\\/raffle-tickets-online-495x330-1-300x200.jpg\",\"contentUrl\":\"https:\\\/\\\/redfoxlotto.com\\\/wp-content\\\/uploads\\\/2023\\\/04\\\/raffle-tickets-online-495x330-1-300x200.jpg\"},{\"@type\":\"BreadcrumbList\",\"@id\":\"https:\\\/\\\/redfoxlotto.com\\\/pl\\\/graj\\\/jak-grac-w-new-york-lottery-w-wielkiej-brytanii\\\/#breadcrumb\",\"itemListElement\":[{\"@type\":\"ListItem\",\"position\":1,\"name\":\"Home\",\"item\":\"https:\\\/\\\/redfoxlotto.com\\\/pl\\\/\"},{\"@type\":\"ListItem\",\"position\":2,\"name\":\"Jak gra\u0107 na loteriach innych kraj\u00f3w?\",\"item\":\"https:\\\/\\\/redfoxlotto.com\\\/pl\\\/graj\\\/\"},{\"@type\":\"ListItem\",\"position\":3,\"name\":\"Jak gra\u0107 w New York Lottery w Wielkiej Brytanii.\"}]},{\"@type\":\"WebSite\",\"@id\":\"https:\\\/\\\/redfoxlotto.com\\\/pl\\\/#website\",\"url\":\"https:\\\/\\\/redfoxlotto.com\\\/pl\\\/\",\"name\":\"Get Tickets for the World\u2019s largest jackpots\",\"description\":\"Participate in worldwide lottery jackpots from any country\",\"publisher\":{\"@id\":\"https:\\\/\\\/redfoxlotto.com\\\/pl\\\/#organization\"},\"potentialAction\":[{\"@type\":\"SearchAction\",\"target\":{\"@type\":\"EntryPoint\",\"urlTemplate\":\"https:\\\/\\\/redfoxlotto.com\\\/pl\\\/?s={search_term_string}\"},\"query-input\":{\"@type\":\"PropertyValueSpecification\",\"valueRequired\":true,\"valueName\":\"search_term_string\"}}],\"inLanguage\":\"pl-PL\"},{\"@type\":\"Organization\",\"@id\":\"https:\\\/\\\/redfoxlotto.com\\\/pl\\\/#organization\",\"name\":\"Get Tickets for the World\u2019s largest jackpots\",\"url\":\"https:\\\/\\\/redfoxlotto.com\\\/pl\\\/\",\"logo\":{\"@type\":\"ImageObject\",\"inLanguage\":\"pl-PL\",\"@id\":\"https:\\\/\\\/redfoxlotto.com\\\/pl\\\/#\\\/schema\\\/logo\\\/image\\\/\",\"url\":\"https:\\\/\\\/redfoxlotto.com\\\/wp-content\\\/uploads\\\/2023\\\/04\\\/logo.png\",\"contentUrl\":\"https:\\\/\\\/redfoxlotto.com\\\/wp-content\\\/uploads\\\/2023\\\/04\\\/logo.png\",\"width\":269,\"height\":53,\"caption\":\"Get Tickets for the World\u2019s largest jackpots\"},\"image\":{\"@id\":\"https:\\\/\\\/redfoxlotto.com\\\/pl\\\/#\\\/schema\\\/logo\\\/image\\\/\"}}]}<\/script>\n<!-- \/ Yoast SEO plugin. -->","yoast_head_json":{"title":"Jak wzi\u0105\u0107 udzia\u0142 w loterii New York Lottery w Wielkiej Brytanii?","description":"Dowiedz si\u0119, jak gra\u0107 w New York Lottery z Wielkiej Brytanii na RedFoxLotto.com i uzyskaj wskaz\u00f3wki, jak zmaksymalizowa\u0107 swoje szanse na wygran\u0105.","robots":{"index":"index","follow":"follow","max-snippet":"max-snippet:-1","max-image-preview":"max-image-preview:large","max-video-preview":"max-video-preview:-1"},"canonical":"https:\/\/redfoxlotto.com\/pl\/graj\/jak-grac-w-new-york-lottery-w-wielkiej-brytanii\/","og_locale":"pl_PL","og_type":"article","og_title":"Jak wzi\u0105\u0107 udzia\u0142 w loterii New York Lottery w Wielkiej Brytanii?","og_description":"Dowiedz si\u0119, jak gra\u0107 w New York Lottery z Wielkiej Brytanii na RedFoxLotto.com i uzyskaj wskaz\u00f3wki, jak zmaksymalizowa\u0107 swoje szanse na wygran\u0105.","og_url":"https:\/\/redfoxlotto.com\/pl\/graj\/jak-grac-w-new-york-lottery-w-wielkiej-brytanii\/","og_site_name":"Get Tickets for the World\u2019s largest jackpots","article_modified_time":"2025-12-10T16:57:14+00:00","og_image":[{"url":"https:\/\/redfoxlotto.com\/wp-content\/uploads\/2023\/04\/raffle-tickets-online-495x330-1-300x200.jpg","type":"","width":"","height":""}],"twitter_card":"summary_large_image","twitter_misc":{"Szacowany czas czytania":"2 minuty"},"schema":{"@context":"https:\/\/schema.org","@graph":[{"@type":"WebPage","@id":"https:\/\/redfoxlotto.com\/pl\/graj\/jak-grac-w-new-york-lottery-w-wielkiej-brytanii\/","url":"https:\/\/redfoxlotto.com\/pl\/graj\/jak-grac-w-new-york-lottery-w-wielkiej-brytanii\/","name":"Jak wzi\u0105\u0107 udzia\u0142 w loterii New York Lottery w Wielkiej Brytanii?","isPartOf":{"@id":"https:\/\/redfoxlotto.com\/pl\/#website"},"primaryImageOfPage":{"@id":"https:\/\/redfoxlotto.com\/pl\/graj\/jak-grac-w-new-york-lottery-w-wielkiej-brytanii\/#primaryimage"},"image":{"@id":"https:\/\/redfoxlotto.com\/pl\/graj\/jak-grac-w-new-york-lottery-w-wielkiej-brytanii\/#primaryimage"},"thumbnailUrl":"https:\/\/redfoxlotto.com\/wp-content\/uploads\/2023\/04\/raffle-tickets-online-495x330-1-300x200.jpg","datePublished":"2025-03-30T12:21:27+00:00","dateModified":"2025-12-10T16:57:14+00:00","description":"Dowiedz si\u0119, jak gra\u0107 w New York Lottery z Wielkiej Brytanii na RedFoxLotto.com i uzyskaj wskaz\u00f3wki, jak zmaksymalizowa\u0107 swoje szanse na wygran\u0105.","breadcrumb":{"@id":"https:\/\/redfoxlotto.com\/pl\/graj\/jak-grac-w-new-york-lottery-w-wielkiej-brytanii\/#breadcrumb"},"inLanguage":"pl-PL","potentialAction":[{"@type":"ReadAction","target":["https:\/\/redfoxlotto.com\/pl\/graj\/jak-grac-w-new-york-lottery-w-wielkiej-brytanii\/"]}]},{"@type":"ImageObject","inLanguage":"pl-PL","@id":"https:\/\/redfoxlotto.com\/pl\/graj\/jak-grac-w-new-york-lottery-w-wielkiej-brytanii\/#primaryimage","url":"https:\/\/redfoxlotto.com\/wp-content\/uploads\/2023\/04\/raffle-tickets-online-495x330-1-300x200.jpg","contentUrl":"https:\/\/redfoxlotto.com\/wp-content\/uploads\/2023\/04\/raffle-tickets-online-495x330-1-300x200.jpg"},{"@type":"BreadcrumbList","@id":"https:\/\/redfoxlotto.com\/pl\/graj\/jak-grac-w-new-york-lottery-w-wielkiej-brytanii\/#breadcrumb","itemListElement":[{"@type":"ListItem","position":1,"name":"Home","item":"https:\/\/redfoxlotto.com\/pl\/"},{"@type":"ListItem","position":2,"name":"Jak gra\u0107 na loteriach innych kraj\u00f3w?","item":"https:\/\/redfoxlotto.com\/pl\/graj\/"},{"@type":"ListItem","position":3,"name":"Jak gra\u0107 w New York Lottery w Wielkiej Brytanii."}]},{"@type":"WebSite","@id":"https:\/\/redfoxlotto.com\/pl\/#website","url":"https:\/\/redfoxlotto.com\/pl\/","name":"Get Tickets for the World\u2019s largest jackpots","description":"Participate in worldwide lottery jackpots from any country","publisher":{"@id":"https:\/\/redfoxlotto.com\/pl\/#organization"},"potentialAction":[{"@type":"SearchAction","target":{"@type":"EntryPoint","urlTemplate":"https:\/\/redfoxlotto.com\/pl\/?s={search_term_string}"},"query-input":{"@type":"PropertyValueSpecification","valueRequired":true,"valueName":"search_term_string"}}],"inLanguage":"pl-PL"},{"@type":"Organization","@id":"https:\/\/redfoxlotto.com\/pl\/#organization","name":"Get Tickets for the World\u2019s largest jackpots","url":"https:\/\/redfoxlotto.com\/pl\/","logo":{"@type":"ImageObject","inLanguage":"pl-PL","@id":"https:\/\/redfoxlotto.com\/pl\/#\/schema\/logo\/image\/","url":"https:\/\/redfoxlotto.com\/wp-content\/uploads\/2023\/04\/logo.png","contentUrl":"https:\/\/redfoxlotto.com\/wp-content\/uploads\/2023\/04\/logo.png","width":269,"height":53,"caption":"Get Tickets for the World\u2019s largest jackpots"},"image":{"@id":"https:\/\/redfoxlotto.com\/pl\/#\/schema\/logo\/image\/"}}]}},"_links":{"self":[{"href":"https:\/\/redfoxlotto.com\/pl\/wp-json\/wp\/v2\/pages\/85296","targetHints":{"allow":["GET"]}}],"collection":[{"href":"https:\/\/redfoxlotto.com\/pl\/wp-json\/wp\/v2\/pages"}],"about":[{"href":"https:\/\/redfoxlotto.com\/pl\/wp-json\/wp\/v2\/types\/page"}],"author":[{"embeddable":true,"href":"https:\/\/redfoxlotto.com\/pl\/wp-json\/wp\/v2\/users\/8"}],"replies":[{"embeddable":true,"href":"https:\/\/redfoxlotto.com\/pl\/wp-json\/wp\/v2\/comments?post=85296"}],"version-history":[{"count":0,"href":"https:\/\/redfoxlotto.com\/pl\/wp-json\/wp\/v2\/pages\/85296\/revisions"}],"up":[{"embeddable":true,"href":"https:\/\/redfoxlotto.com\/pl\/wp-json\/wp\/v2\/pages\/5704"}],"wp:attachment":[{"href":"https:\/\/redfoxlotto.com\/pl\/wp-json\/wp\/v2\/media?parent=85296"}],"curies":[{"name":"wp","href":"https:\/\/api.w.org\/{rel}","templated":true}]}}