{"id":84514,"date":"2025-03-17T09:46:32","date_gmt":"2025-03-17T09:46:32","guid":{"rendered":"https:\/\/redfoxlotto.com\/?page_id=84514"},"modified":"2025-06-17T08:49:00","modified_gmt":"2025-06-17T08:49:00","slug":"scratchcards","status":"publish","type":"page","link":"https:\/\/redfoxlotto.com\/pl\/scratchcards\/","title":{"rendered":"Zdrapki"},"content":{"rendered":"<p>Je\u015bli jeste\u015b fanem loterii, to jeste\u015bmy pewni, \u017ce pokochasz r\u00f3wnie\u017c<strong>gr\u0119 w nasze zdrapki online!<\/strong><\/p>\n<p>Zdrapki zawsze by\u0142y popularnym dodatkiem do zakupu losu na loteri\u0119. Sprzedaj\u0105 je prawie wszystkie sklepy loteryjne na \u015bwiecie i nie bez powodu. Podczas gdy gra na loterii prawie zawsze wi\u0105\u017ce si\u0119 z czasem oczekiwania na wyniki, zdrapki daj\u0105 natychmiastowy wynik.<\/p>\n<p>A dzi\u0119ki naszym zdrapkom online nie musisz nawet szuka\u0107 sklepu loteryjnego, aby je kupi\u0107 &#8211; mo\u017cesz po prostu gra\u0107 w nasze zdrapki online i mie\u0107 du\u017co zabawy i emocji podczas zdrapywania.<\/p>\n<h2><strong>Zdrapki online ju\u017c wkr\u00f3tce na RedFoxLotto<\/strong><\/h2>\n<p><img loading=\"lazy\" decoding=\"async\" class=\" wp-image-83601 alignright\" src=\"https:\/\/redfoxlotto.com\/wp-content\/uploads\/2025\/03\/scratch_card_player-300x300.jpg\" alt=\"play scratch cards\" width=\"183\" height=\"183\" srcset=\"https:\/\/redfoxlotto.com\/wp-content\/uploads\/2025\/03\/scratch_card_player-300x300.jpg 300w, https:\/\/redfoxlotto.com\/wp-content\/uploads\/2025\/03\/scratch_card_player-150x150.jpg 150w, https:\/\/redfoxlotto.com\/wp-content\/uploads\/2025\/03\/scratch_card_player-100x100.jpg 100w, https:\/\/redfoxlotto.com\/wp-content\/uploads\/2025\/03\/scratch_card_player.jpg 307w\" sizes=\"auto, (max-width: 183px) 100vw, 183px\" \/><\/p>\n<ul>\n<li>Gry zdrapkowe zostan\u0105 uruchomione na pocz\u0105tku kwietnia 2025 roku.<\/li>\n<li>Nie przegap premiery!<\/li>\n<li>Upewnij si\u0119, \u017ce otrzymujesz nasze e-maile promocyjne &#8211; sprawd\u017a folder spamu i oznacz RedFoxLotto jako zaufanego nadawc\u0119 wiadomo\u015bci e-mail.<\/li>\n<\/ul>\n<p>P\u0142atno\u015b\u0107 jest r\u00f3wnie\u017c bardzo wygodna &#8211; zw\u0142aszcza je\u015bli masz ju\u017c saldo konta na naszej stronie internetowej. Oznacza to, \u017ce je\u015bli planujesz zakup wielu zdrapek, powiniene\u015b dokona\u0107 wp\u0142aty do swojego portfela przed rozpocz\u0119ciem gry w zdrapki.<\/p>\n<p>Po prostu wybierz kart\u0119, kt\u00f3ra najbardziej Ci si\u0119 podoba i kliknij, aby kupi\u0107. Mamy wiele fajnych uk\u0142ad\u00f3w, a tak\u017ce zdrapki z r\u00f3\u017cnymi cenami i zakresami nagr\u00f3d.<\/p>\n<h2>Granie w nasze zdrapki jest bardzo proste<\/h2>\n<p>Nast\u0119pnie mo\u017cesz r\u0119cznie zdrapa\u0107 g\u00f3rn\u0105 warstw\u0119 karty za pomoc\u0105 myszy lub klikn\u0105\u0107 przycisk \u201eszybkiego zdrapywania\u201d, aby ods\u0142oni\u0107 wszystkie informacje ukryte na karcie.<\/p>\n<p>Twoje wygrane zale\u017c\u0105 od kwot, kt\u00f3re s\u0105 wy\u015bwietlane po zdrapaniu g\u00f3rnej warstwy karty. Je\u015bli na zdrapce znajduj\u0105 si\u0119 trzy pasuj\u0105ce kwoty, wygrywasz w\u0142a\u015bnie t\u0119 kwot\u0119.<\/p>\n<h2>Co dzieje si\u0119 po wygranej w zdrapce?<\/h2>\n<p>Wszystkie wygrane zostan\u0105 natychmiast dodane do Twojego konta. Je\u015bli karta wygra, b\u0119dziesz mie\u0107 dwie opcje:<\/p>\n<ol>\n<li>Mo\u017cesz pozosta\u0107 na stronie zdrapki i kontynuowa\u0107 korzystanie z wygranych, aby kupi\u0107 wi\u0119cej zdrapek online<\/li>\n<li>Zamkn\u0105\u0107 stron\u0119 zdrapki, a wygrane zostan\u0105 przelane na saldo gracza RedFoxLotto.<\/li>\n<\/ol>\n<p>Po dodaniu wygranych ze zdrapek do salda gracza, mo\u017cesz je wykorzysta\u0107 w dowolny spos\u00f3b &#8211; kupi\u0107 zwyk\u0142e losy na loteri\u0119, zagra\u0107 w Keno, kupi\u0107 wi\u0119cej zdrapek online p\u00f3\u017aniej lub wyp\u0142aci\u0107 wygrane.<\/p>\n<p>Dodanie zdrapek online to co\u015b, o co prosi\u0142o wielu naszych klient\u00f3w, i jeste\u015bmy pewni, \u017ce Ty r\u00f3wnie\u017c b\u0119dziesz zadowolony z tego do\u015bwiadczenia!<\/p>\n","protected":false},"excerpt":{"rendered":"<p>Je\u015bli jeste\u015b fanem loterii, to jeste\u015bmy pewni, \u017ce pokochasz r\u00f3wnie\u017cgr\u0119 w nasze zdrapki online! Zdrapki zawsze by\u0142y popularnym dodatkiem do zakupu losu na loteri\u0119. Sprzedaj\u0105 je prawie wszystkie sklepy loteryjne na \u015bwiecie i nie bez powodu. Podczas gdy gra na loterii prawie zawsze wi\u0105\u017ce si\u0119 z czasem oczekiwania na wyniki, zdrapki daj\u0105 natychmiastowy wynik. A [&hellip;]<\/p>\n","protected":false},"author":8,"featured_media":0,"parent":0,"menu_order":7,"comment_status":"closed","ping_status":"closed","template":"","meta":{"_et_pb_use_builder":"","_et_pb_old_content":"","_et_gb_content_width":"","exclude_from_search":false,"footnotes":""},"class_list":["post-84514","page","type-page","status-publish","hentry"],"yoast_head":"<!-- This site is optimized with the Yoast SEO plugin v23.8 - https:\/\/yoast.com\/wordpress\/plugins\/seo\/ -->\n<title>Graj w zdrapki online | Najlepsze zdrapki z natychmiastow\u0105 wygran\u0105<\/title>\n<meta name=\"description\" content=\"Graj w najlepsze zdrapki online tutaj - atrakcyjne gry zdrapki i wspania\u0142e nagrody do natychmiastowego wygrania\" \/>\n<meta name=\"robots\" content=\"index, follow, max-snippet:-1, max-image-preview:large, max-video-preview:-1\" \/>\n<link rel=\"canonical\" href=\"https:\/\/redfoxlotto.com\/pl\/scratchcards\/\" \/>\n<meta property=\"og:locale\" content=\"pl_PL\" \/>\n<meta property=\"og:type\" content=\"article\" \/>\n<meta property=\"og:title\" content=\"Graj w zdrapki online | Najlepsze zdrapki z natychmiastow\u0105 wygran\u0105\" \/>\n<meta property=\"og:description\" content=\"Graj w najlepsze zdrapki online tutaj - atrakcyjne gry zdrapki i wspania\u0142e nagrody do natychmiastowego wygrania\" \/>\n<meta property=\"og:url\" content=\"https:\/\/redfoxlotto.com\/pl\/scratchcards\/\" \/>\n<meta property=\"og:site_name\" content=\"Get Tickets for the World\u2019s largest jackpots\" \/>\n<meta property=\"article:modified_time\" content=\"2025-06-17T08:49:00+00:00\" \/>\n<meta property=\"og:image\" content=\"https:\/\/redfoxlotto.com\/wp-content\/uploads\/2025\/03\/scratch_card_player-300x300.jpg\" \/>\n<meta name=\"twitter:card\" content=\"summary_large_image\" \/>\n<meta name=\"twitter:label1\" content=\"Szacowany czas czytania\" \/>\n\t<meta name=\"twitter:data1\" content=\"2 minuty\" \/>\n<script type=\"application\/ld+json\" class=\"yoast-schema-graph\">{\"@context\":\"https:\/\/schema.org\",\"@graph\":[{\"@type\":\"WebPage\",\"@id\":\"https:\/\/redfoxlotto.com\/pl\/scratchcards\/\",\"url\":\"https:\/\/redfoxlotto.com\/pl\/scratchcards\/\",\"name\":\"Graj w zdrapki online | Najlepsze zdrapki z natychmiastow\u0105 wygran\u0105\",\"isPartOf\":{\"@id\":\"https:\/\/redfoxlotto.com\/pl\/#website\"},\"primaryImageOfPage\":{\"@id\":\"https:\/\/redfoxlotto.com\/pl\/scratchcards\/#primaryimage\"},\"image\":{\"@id\":\"https:\/\/redfoxlotto.com\/pl\/scratchcards\/#primaryimage\"},\"thumbnailUrl\":\"https:\/\/redfoxlotto.com\/wp-content\/uploads\/2025\/03\/scratch_card_player-300x300.jpg\",\"datePublished\":\"2025-03-17T09:46:32+00:00\",\"dateModified\":\"2025-06-17T08:49:00+00:00\",\"description\":\"Graj w najlepsze zdrapki online tutaj - atrakcyjne gry zdrapki i wspania\u0142e nagrody do natychmiastowego wygrania\",\"breadcrumb\":{\"@id\":\"https:\/\/redfoxlotto.com\/pl\/scratchcards\/#breadcrumb\"},\"inLanguage\":\"pl-PL\",\"potentialAction\":[{\"@type\":\"ReadAction\",\"target\":[\"https:\/\/redfoxlotto.com\/pl\/scratchcards\/\"]}]},{\"@type\":\"ImageObject\",\"inLanguage\":\"pl-PL\",\"@id\":\"https:\/\/redfoxlotto.com\/pl\/scratchcards\/#primaryimage\",\"url\":\"https:\/\/redfoxlotto.com\/wp-content\/uploads\/2025\/03\/scratch_card_player-300x300.jpg\",\"contentUrl\":\"https:\/\/redfoxlotto.com\/wp-content\/uploads\/2025\/03\/scratch_card_player-300x300.jpg\"},{\"@type\":\"BreadcrumbList\",\"@id\":\"https:\/\/redfoxlotto.com\/pl\/scratchcards\/#breadcrumb\",\"itemListElement\":[{\"@type\":\"ListItem\",\"position\":1,\"name\":\"Home\",\"item\":\"https:\/\/redfoxlotto.com\/pl\/\"},{\"@type\":\"ListItem\",\"position\":2,\"name\":\"Zdrapki\"}]},{\"@type\":\"WebSite\",\"@id\":\"https:\/\/redfoxlotto.com\/pl\/#website\",\"url\":\"https:\/\/redfoxlotto.com\/pl\/\",\"name\":\"Get Tickets for the World\u2019s largest jackpots\",\"description\":\"Participate in worldwide lottery jackpots from any country\",\"publisher\":{\"@id\":\"https:\/\/redfoxlotto.com\/pl\/#organization\"},\"potentialAction\":[{\"@type\":\"SearchAction\",\"target\":{\"@type\":\"EntryPoint\",\"urlTemplate\":\"https:\/\/redfoxlotto.com\/pl\/?s={search_term_string}\"},\"query-input\":{\"@type\":\"PropertyValueSpecification\",\"valueRequired\":true,\"valueName\":\"search_term_string\"}}],\"inLanguage\":\"pl-PL\"},{\"@type\":\"Organization\",\"@id\":\"https:\/\/redfoxlotto.com\/pl\/#organization\",\"name\":\"Get Tickets for the World\u2019s largest jackpots\",\"url\":\"https:\/\/redfoxlotto.com\/pl\/\",\"logo\":{\"@type\":\"ImageObject\",\"inLanguage\":\"pl-PL\",\"@id\":\"https:\/\/redfoxlotto.com\/pl\/#\/schema\/logo\/image\/\",\"url\":\"https:\/\/redfoxlotto.com\/wp-content\/uploads\/2023\/04\/logo.png\",\"contentUrl\":\"https:\/\/redfoxlotto.com\/wp-content\/uploads\/2023\/04\/logo.png\",\"width\":269,\"height\":53,\"caption\":\"Get Tickets for the World\u2019s largest jackpots\"},\"image\":{\"@id\":\"https:\/\/redfoxlotto.com\/pl\/#\/schema\/logo\/image\/\"}}]}<\/script>\n<!-- \/ Yoast SEO plugin. -->","yoast_head_json":{"title":"Graj w zdrapki online | Najlepsze zdrapki z natychmiastow\u0105 wygran\u0105","description":"Graj w najlepsze zdrapki online tutaj - atrakcyjne gry zdrapki i wspania\u0142e nagrody do natychmiastowego wygrania","robots":{"index":"index","follow":"follow","max-snippet":"max-snippet:-1","max-image-preview":"max-image-preview:large","max-video-preview":"max-video-preview:-1"},"canonical":"https:\/\/redfoxlotto.com\/pl\/scratchcards\/","og_locale":"pl_PL","og_type":"article","og_title":"Graj w zdrapki online | Najlepsze zdrapki z natychmiastow\u0105 wygran\u0105","og_description":"Graj w najlepsze zdrapki online tutaj - atrakcyjne gry zdrapki i wspania\u0142e nagrody do natychmiastowego wygrania","og_url":"https:\/\/redfoxlotto.com\/pl\/scratchcards\/","og_site_name":"Get Tickets for the World\u2019s largest jackpots","article_modified_time":"2025-06-17T08:49:00+00:00","og_image":[{"url":"https:\/\/redfoxlotto.com\/wp-content\/uploads\/2025\/03\/scratch_card_player-300x300.jpg"}],"twitter_card":"summary_large_image","twitter_misc":{"Szacowany czas czytania":"2 minuty"},"schema":{"@context":"https:\/\/schema.org","@graph":[{"@type":"WebPage","@id":"https:\/\/redfoxlotto.com\/pl\/scratchcards\/","url":"https:\/\/redfoxlotto.com\/pl\/scratchcards\/","name":"Graj w zdrapki online | Najlepsze zdrapki z natychmiastow\u0105 wygran\u0105","isPartOf":{"@id":"https:\/\/redfoxlotto.com\/pl\/#website"},"primaryImageOfPage":{"@id":"https:\/\/redfoxlotto.com\/pl\/scratchcards\/#primaryimage"},"image":{"@id":"https:\/\/redfoxlotto.com\/pl\/scratchcards\/#primaryimage"},"thumbnailUrl":"https:\/\/redfoxlotto.com\/wp-content\/uploads\/2025\/03\/scratch_card_player-300x300.jpg","datePublished":"2025-03-17T09:46:32+00:00","dateModified":"2025-06-17T08:49:00+00:00","description":"Graj w najlepsze zdrapki online tutaj - atrakcyjne gry zdrapki i wspania\u0142e nagrody do natychmiastowego wygrania","breadcrumb":{"@id":"https:\/\/redfoxlotto.com\/pl\/scratchcards\/#breadcrumb"},"inLanguage":"pl-PL","potentialAction":[{"@type":"ReadAction","target":["https:\/\/redfoxlotto.com\/pl\/scratchcards\/"]}]},{"@type":"ImageObject","inLanguage":"pl-PL","@id":"https:\/\/redfoxlotto.com\/pl\/scratchcards\/#primaryimage","url":"https:\/\/redfoxlotto.com\/wp-content\/uploads\/2025\/03\/scratch_card_player-300x300.jpg","contentUrl":"https:\/\/redfoxlotto.com\/wp-content\/uploads\/2025\/03\/scratch_card_player-300x300.jpg"},{"@type":"BreadcrumbList","@id":"https:\/\/redfoxlotto.com\/pl\/scratchcards\/#breadcrumb","itemListElement":[{"@type":"ListItem","position":1,"name":"Home","item":"https:\/\/redfoxlotto.com\/pl\/"},{"@type":"ListItem","position":2,"name":"Zdrapki"}]},{"@type":"WebSite","@id":"https:\/\/redfoxlotto.com\/pl\/#website","url":"https:\/\/redfoxlotto.com\/pl\/","name":"Get Tickets for the World\u2019s largest jackpots","description":"Participate in worldwide lottery jackpots from any country","publisher":{"@id":"https:\/\/redfoxlotto.com\/pl\/#organization"},"potentialAction":[{"@type":"SearchAction","target":{"@type":"EntryPoint","urlTemplate":"https:\/\/redfoxlotto.com\/pl\/?s={search_term_string}"},"query-input":{"@type":"PropertyValueSpecification","valueRequired":true,"valueName":"search_term_string"}}],"inLanguage":"pl-PL"},{"@type":"Organization","@id":"https:\/\/redfoxlotto.com\/pl\/#organization","name":"Get Tickets for the World\u2019s largest jackpots","url":"https:\/\/redfoxlotto.com\/pl\/","logo":{"@type":"ImageObject","inLanguage":"pl-PL","@id":"https:\/\/redfoxlotto.com\/pl\/#\/schema\/logo\/image\/","url":"https:\/\/redfoxlotto.com\/wp-content\/uploads\/2023\/04\/logo.png","contentUrl":"https:\/\/redfoxlotto.com\/wp-content\/uploads\/2023\/04\/logo.png","width":269,"height":53,"caption":"Get Tickets for the World\u2019s largest jackpots"},"image":{"@id":"https:\/\/redfoxlotto.com\/pl\/#\/schema\/logo\/image\/"}}]}},"_links":{"self":[{"href":"https:\/\/redfoxlotto.com\/pl\/wp-json\/wp\/v2\/pages\/84514","targetHints":{"allow":["GET"]}}],"collection":[{"href":"https:\/\/redfoxlotto.com\/pl\/wp-json\/wp\/v2\/pages"}],"about":[{"href":"https:\/\/redfoxlotto.com\/pl\/wp-json\/wp\/v2\/types\/page"}],"author":[{"embeddable":true,"href":"https:\/\/redfoxlotto.com\/pl\/wp-json\/wp\/v2\/users\/8"}],"replies":[{"embeddable":true,"href":"https:\/\/redfoxlotto.com\/pl\/wp-json\/wp\/v2\/comments?post=84514"}],"version-history":[{"count":0,"href":"https:\/\/redfoxlotto.com\/pl\/wp-json\/wp\/v2\/pages\/84514\/revisions"}],"wp:attachment":[{"href":"https:\/\/redfoxlotto.com\/pl\/wp-json\/wp\/v2\/media?parent=84514"}],"curies":[{"name":"wp","href":"https:\/\/api.w.org\/{rel}","templated":true}]}}