{"id":84425,"date":"2025-02-12T11:12:52","date_gmt":"2025-02-12T11:12:52","guid":{"rendered":"https:\/\/redfoxlotto.com\/?page_id=84425"},"modified":"2025-10-09T14:23:07","modified_gmt":"2025-10-09T14:23:07","slug":"keno","status":"publish","type":"page","link":"https:\/\/redfoxlotto.com\/pl\/keno\/","title":{"rendered":"Keno"},"content":{"rendered":"<h2>Nie wiesz jak gra\u0107 w Keno online?<\/h2>\n<p>Wiesz jak dzia\u0142a loteria, ale nigdy nie gra\u0142e\u015b w Keno? Pozw\u00f3l mi wyja\u015bni\u0107, jak gra\u0107 w Keno online. Nie jest to takie trudne do zrozumienia, a nasza platforma u\u0142atwia tworzenie kupon\u00f3w Keno.<\/p>\n<div class=\"keno-banner-wrapper\"><img decoding=\"async\" class=\"keno-banner-image\" src=\"https:\/\/redfoxlotto.com\/wp-content\/uploads\/2025\/10\/3-scaled.png\" alt=\"Keno Banner\" \/><br \/>\n<div class=\"keno-banner-overlay\"><div class=\"keno-banner-text\">G\u0142\u00f3wna nagroda: \u20ac10,000,000<br>Losowania co 30 minut<\/div><a href=\"https:\/\/keno.redfoxlotto.com\/play\/diamond-keno\" class=\"keno-banner-button\">Zagraj teraz w Diamond Keno<\/a><\/div><\/div>\n<div class=\"keno-banner-wrapper\"><img decoding=\"async\" class=\"keno-banner-image\" src=\"https:\/\/redfoxlotto.com\/wp-content\/uploads\/2025\/10\/1-scaled.png\" alt=\"Keno Banner\" \/><br \/>\n<div class=\"keno-banner-overlay\"><div class=\"keno-banner-text\">G\u0142\u00f3wna nagroda: \u20ac5,000,000<br>Losowania co 8 minut<\/div><a href=\"https:\/\/keno.redfoxlotto.com\/play\/platinum-keno\" class=\"keno-banner-button\">Zagraj teraz w Platinum Keno<\/a><\/div><\/div>\n<div class=\"keno-banner-wrapper\"><img decoding=\"async\" class=\"keno-banner-image\" src=\"https:\/\/redfoxlotto.com\/wp-content\/uploads\/2025\/10\/2-scaled.png\" alt=\"Keno Banner\" \/><br \/>\n<div class=\"keno-banner-overlay\"><div class=\"keno-banner-text\">G\u0142\u00f3wna nagroda: \u20ac2,000,000<br>Losowania co 6 minut<\/div><a href=\"https:\/\/keno.redfoxlotto.com\/play\/gold-keno\" class=\"keno-banner-button\">Zagraj teraz w Gold Keno<\/a><\/div><\/div>\n<p><img loading=\"lazy\" decoding=\"async\" class=\"alignright size-medium wp-image-83635\" src=\"https:\/\/redfoxlotto.com\/wp-content\/uploads\/2025\/03\/keno_card-300x300.jpg\" alt=\"play keno online\" width=\"300\" height=\"300\" srcset=\"https:\/\/redfoxlotto.com\/wp-content\/uploads\/2025\/03\/keno_card-300x300.jpg 300w, https:\/\/redfoxlotto.com\/wp-content\/uploads\/2025\/03\/keno_card-150x150.jpg 150w, https:\/\/redfoxlotto.com\/wp-content\/uploads\/2025\/03\/keno_card-100x100.jpg 100w, https:\/\/redfoxlotto.com\/wp-content\/uploads\/2025\/03\/keno_card.jpg 307w\" sizes=\"auto, (max-width: 300px) 100vw, 300px\" \/><\/p>\n<h2>R\u00f3\u017cnice mi\u0119dzy zwyk\u0142\u0105 loteri\u0105 a Keno<\/h2>\n<p>Kiedy grasz w Keno, masz wi\u0119ksz\u0105 kontrol\u0119 nad tym, ile chcesz wyda\u0107 na kupon, a tak\u017ce decydujesz, ile liczb wybierzesz.<\/p>\n<ul>\n<li><strong>Mno\u017cnik<\/strong> &#8211; ka\u017cdy kupon Keno ma cen\u0119 bazow\u0105 (minimum, kt\u00f3re musisz zap\u0142aci\u0107 za jeden kupon), ale istnieje r\u00f3wnie\u017c funkcja mno\u017cnika. Za\u0142\u00f3\u017cmy, \u017ce cena bazowa wynosi 1,00 \u20ac. Wybieraj\u0105c mno\u017cnik 5, bilet b\u0119dzie teraz kosztowa\u0142 5,00 \u20ac. Ale jednocze\u015bnie kwota, kt\u00f3r\u0105 mo\u017cesz wygra\u0107, wzro\u015bnie co najmniej o wsp\u00f3\u0142czynnik 5. Aby wygra\u0107 maksymaln\u0105 nagrod\u0119 na ka\u017cdym poziomie wyp\u0142at, nale\u017cy wybra\u0107 maksymalny mno\u017cnik. Mno\u017cnik mo\u017ce wynosi\u0107 od 1 do 5 lub od 1 do 10. Aby zobaczy\u0107 rzeczywist\u0105 wyp\u0142at\u0119, kliknij kart\u0119 \u201eInformacje\u201d powy\u017cej, a zobaczysz tabel\u0119 wyp\u0142at.<\/li>\n<li>Kliknij mno\u017cnik, kt\u00f3ry chcesz wybra\u0107, a zostan\u0105 wy\u015bwietlone wyp\u0142aty dla tego mno\u017cnika.<\/li>\n<li><strong>Graj wi\u0119ksz\u0105 lub mniejsz\u0105 liczb\u0105 numer\u00f3w<\/strong> &#8211; Mo\u017cesz zdecydowa\u0107, czy chcesz wybra\u0107 wi\u0119ksz\u0105 czy mniejsz\u0105 liczb\u0119 numer\u00f3w dla swojego kuponu. Ponownie, je\u015bli chcesz wygra\u0107 g\u0142\u00f3wn\u0105 nagrod\u0119, zawsze musisz wybra\u0107 maksimum, czyli 10 liczb. Ale je\u015bli zdecydujesz si\u0119 zagra\u0107 tylko 8 liczb, wygrasz wi\u0119cej pieni\u0119dzy, je\u015bli wszystkie lub niekt\u00f3re z nich b\u0119d\u0105 pasowa\u0107 do wylosowanych liczb. Ponownie, tabela na stronie \u201eInformacje\u201d poka\u017ce Ci wyp\u0142aty.<\/li>\n<li><strong>Wi\u0119cej liczb jest losowanych z zakresu liczb<\/strong> &#8211; podczas gdy normalna loteria losuje 5 lub 6 liczb z puli 49 lub 60 liczb, w Keno jest inaczej. Po pierwsze, wi\u0119kszo\u015b\u0107 gier Keno losuje 20 liczb, ale pula mo\u017cliwych liczb jest r\u00f3wnie\u017c wi\u0119ksza (zwykle mi\u0119dzy 70 a 90 liczb). Jednak przy 20 zwyci\u0119skich liczbach wystarczy trafi\u0107 tylko 10 z nich, aby wygra\u0107 du\u017c\u0105 nagrod\u0119. Oznacza to, \u017ce og\u00f3lne szanse podczas gry w Keno online s\u0105 lepsze w por\u00f3wnaniu do wi\u0119kszo\u015bci zwyk\u0142ych loterii.<\/li>\n<\/ul>\n<h2>Jak gra\u0107 w Keno online?<\/h2>\n<p><strong>Wszystko, co musisz zrobi\u0107, aby zagra\u0107 w Keno online, to wykona\u0107 poni\u017csze kroki:<\/strong><\/p>\n<ul>\n<li>Kliknij na jeden z baner\u00f3w Keno na tej stronie<\/li>\n<li>Wybierz, ile liczb chcesz zagra\u0107<\/li>\n<li>Wybierz mno\u017cnik i sprawd\u017a cen\u0119 biletu (w razie potrzeby dostosuj mno\u017cnik)<\/li>\n<li>Wybierz liczby (lub u\u017cyj funkcji Quick Pick, aby wygenerowa\u0107 losowe liczby)<\/li>\n<li>Dodaj wi\u0119cej los\u00f3w na to samo losowanie Keno, je\u015bli chcesz<\/li>\n<li>Zdecyduj, czy chcesz, aby Tw\u00f3j kupon lub kupony bra\u0142y udzia\u0142 w jednym losowaniu, czy w wielu losowaniach.<\/li>\n<li>Zap\u0142a\u0107 za kupony (musisz utworzy\u0107 nowe konto na naszej stronie, je\u015bli jeszcze go nie masz, lub zalogowa\u0107 si\u0119 na istniej\u0105ce konto).<\/li>\n<\/ul>\n<h2>Tylko kilka minut przed nast\u0119pnym losowaniem<\/h2>\n<p>Wi\u0119kszo\u015b\u0107 loterii Keno losuje co kilka minut, wi\u0119c nie trzeba d\u0142ugo czeka\u0107, aby dowiedzie\u0107 si\u0119, czy wygra\u0142e\u015b. Za ka\u017cdym razem, gdy zbli\u017ca si\u0119 losowanie loterii Keno, gdy jeste\u015b na naszej stronie, pojawi si\u0119 wyskakuj\u0105ce okienko, a wkr\u00f3tce potem zobaczysz film z animacj\u0105 losowania. Po wy\u015bwietleniu wyskakuj\u0105cego okienka nadal powiniene\u015b by\u0107 w stanie kupi\u0107 bilet, aby zagra\u0107 w nadchodz\u0105cym losowaniu. Ale nawet je\u015bli przegapisz nast\u0119pne losowanie, zawsze mo\u017cesz utworzy\u0107 kupon na nast\u0119pne nadchodz\u0105ce losowanie, kt\u00f3re odb\u0119dzie si\u0119 zaledwie kilka minut p\u00f3\u017aniej!<\/p>\n<p>Losowania Keno s\u0105 losowaniami wirtualnymi, a liczby s\u0105 generowane przez certyfikowany generator liczb losowych. W ten spos\u00f3b mo\u017cesz mie\u0107 pewno\u015b\u0107, \u017ce graj\u0105c w Keno online na naszej stronie, gra jest zawsze uczciwa.<\/p>\n<p>Nawiasem m\u00f3wi\u0105c, nie jest to loteria publiczna, w kt\u00f3rej mo\u017cna kupi\u0107 losy gdzie\u015b w punkcie sprzeda\u017cy loterii.<\/p>\n<p>punkcie sprzeda\u017cy loterii. Dlatego w grach Keno nie otrzymasz \u017cadnego zeskanowanego biletu, zamiast tego otrzymasz tylko potwierdzenie na swoim koncie gracza.<\/p>\n","protected":false},"excerpt":{"rendered":"<p>Nie wiesz jak gra\u0107 w Keno online? Wiesz jak dzia\u0142a loteria, ale nigdy nie gra\u0142e\u015b w Keno? Pozw\u00f3l mi wyja\u015bni\u0107, jak gra\u0107 w Keno online. Nie jest to takie trudne do zrozumienia, a nasza platforma u\u0142atwia tworzenie kupon\u00f3w Keno. R\u00f3\u017cnice mi\u0119dzy zwyk\u0142\u0105 loteri\u0105 a Keno Kiedy grasz w Keno, masz wi\u0119ksz\u0105 kontrol\u0119 nad tym, ile [&hellip;]<\/p>\n","protected":false},"author":8,"featured_media":0,"parent":0,"menu_order":5,"comment_status":"closed","ping_status":"closed","template":"","meta":{"_et_pb_use_builder":"","_et_pb_old_content":"","_et_gb_content_width":"","exclude_from_search":false,"footnotes":""},"class_list":["post-84425","page","type-page","status-publish","hentry"],"yoast_head":"<!-- This site is optimized with the Yoast SEO plugin v23.8 - https:\/\/yoast.com\/wordpress\/plugins\/seo\/ -->\n<title>Jak gra\u0107 w Keno online | Zasady i strategia gry w Keno online<\/title>\n<meta name=\"description\" content=\"Chcesz wygra\u0107 du\u017ce pieni\u0105dze w Keno? Jak gra\u0107 w Keno online o najwy\u017csze nagrody do 10 milion\u00f3w euro, z losowaniami, kt\u00f3re nigdy nie s\u0105 oddalone o wi\u0119cej ni\u017c kilka minut\" \/>\n<meta name=\"robots\" content=\"index, follow, max-snippet:-1, max-image-preview:large, max-video-preview:-1\" \/>\n<link rel=\"canonical\" href=\"https:\/\/redfoxlotto.com\/pl\/keno\/\" \/>\n<meta property=\"og:locale\" content=\"pl_PL\" \/>\n<meta property=\"og:type\" content=\"article\" \/>\n<meta property=\"og:title\" content=\"Jak gra\u0107 w Keno online | Zasady i strategia gry w Keno online\" \/>\n<meta property=\"og:description\" content=\"Chcesz wygra\u0107 du\u017ce pieni\u0105dze w Keno? Jak gra\u0107 w Keno online o najwy\u017csze nagrody do 10 milion\u00f3w euro, z losowaniami, kt\u00f3re nigdy nie s\u0105 oddalone o wi\u0119cej ni\u017c kilka minut\" \/>\n<meta property=\"og:url\" content=\"https:\/\/redfoxlotto.com\/pl\/keno\/\" \/>\n<meta property=\"og:site_name\" content=\"Get Tickets for the World\u2019s largest jackpots\" \/>\n<meta property=\"article:modified_time\" content=\"2025-10-09T14:23:07+00:00\" \/>\n<meta property=\"og:image\" content=\"https:\/\/redfoxlotto.com\/wp-content\/uploads\/2025\/10\/3-scaled.png\" \/>\n<meta name=\"twitter:card\" content=\"summary_large_image\" \/>\n<meta name=\"twitter:label1\" content=\"Szacowany czas czytania\" \/>\n\t<meta name=\"twitter:data1\" content=\"4 minuty\" \/>\n<script type=\"application\/ld+json\" class=\"yoast-schema-graph\">{\"@context\":\"https:\/\/schema.org\",\"@graph\":[{\"@type\":\"WebPage\",\"@id\":\"https:\/\/redfoxlotto.com\/pl\/keno\/\",\"url\":\"https:\/\/redfoxlotto.com\/pl\/keno\/\",\"name\":\"Jak gra\u0107 w Keno online | Zasady i strategia gry w Keno online\",\"isPartOf\":{\"@id\":\"https:\/\/redfoxlotto.com\/pl\/#website\"},\"primaryImageOfPage\":{\"@id\":\"https:\/\/redfoxlotto.com\/pl\/keno\/#primaryimage\"},\"image\":{\"@id\":\"https:\/\/redfoxlotto.com\/pl\/keno\/#primaryimage\"},\"thumbnailUrl\":\"https:\/\/redfoxlotto.com\/wp-content\/uploads\/2025\/10\/3-scaled.png\",\"datePublished\":\"2025-02-12T11:12:52+00:00\",\"dateModified\":\"2025-10-09T14:23:07+00:00\",\"description\":\"Chcesz wygra\u0107 du\u017ce pieni\u0105dze w Keno? Jak gra\u0107 w Keno online o najwy\u017csze nagrody do 10 milion\u00f3w euro, z losowaniami, kt\u00f3re nigdy nie s\u0105 oddalone o wi\u0119cej ni\u017c kilka minut\",\"breadcrumb\":{\"@id\":\"https:\/\/redfoxlotto.com\/pl\/keno\/#breadcrumb\"},\"inLanguage\":\"pl-PL\",\"potentialAction\":[{\"@type\":\"ReadAction\",\"target\":[\"https:\/\/redfoxlotto.com\/pl\/keno\/\"]}]},{\"@type\":\"ImageObject\",\"inLanguage\":\"pl-PL\",\"@id\":\"https:\/\/redfoxlotto.com\/pl\/keno\/#primaryimage\",\"url\":\"https:\/\/redfoxlotto.com\/wp-content\/uploads\/2025\/10\/3-scaled.png\",\"contentUrl\":\"https:\/\/redfoxlotto.com\/wp-content\/uploads\/2025\/10\/3-scaled.png\"},{\"@type\":\"BreadcrumbList\",\"@id\":\"https:\/\/redfoxlotto.com\/pl\/keno\/#breadcrumb\",\"itemListElement\":[{\"@type\":\"ListItem\",\"position\":1,\"name\":\"Home\",\"item\":\"https:\/\/redfoxlotto.com\/pl\/\"},{\"@type\":\"ListItem\",\"position\":2,\"name\":\"Keno\"}]},{\"@type\":\"WebSite\",\"@id\":\"https:\/\/redfoxlotto.com\/pl\/#website\",\"url\":\"https:\/\/redfoxlotto.com\/pl\/\",\"name\":\"Get Tickets for the World\u2019s largest jackpots\",\"description\":\"Participate in worldwide lottery jackpots from any country\",\"publisher\":{\"@id\":\"https:\/\/redfoxlotto.com\/pl\/#organization\"},\"potentialAction\":[{\"@type\":\"SearchAction\",\"target\":{\"@type\":\"EntryPoint\",\"urlTemplate\":\"https:\/\/redfoxlotto.com\/pl\/?s={search_term_string}\"},\"query-input\":{\"@type\":\"PropertyValueSpecification\",\"valueRequired\":true,\"valueName\":\"search_term_string\"}}],\"inLanguage\":\"pl-PL\"},{\"@type\":\"Organization\",\"@id\":\"https:\/\/redfoxlotto.com\/pl\/#organization\",\"name\":\"Get Tickets for the World\u2019s largest jackpots\",\"url\":\"https:\/\/redfoxlotto.com\/pl\/\",\"logo\":{\"@type\":\"ImageObject\",\"inLanguage\":\"pl-PL\",\"@id\":\"https:\/\/redfoxlotto.com\/pl\/#\/schema\/logo\/image\/\",\"url\":\"https:\/\/redfoxlotto.com\/wp-content\/uploads\/2023\/04\/logo.png\",\"contentUrl\":\"https:\/\/redfoxlotto.com\/wp-content\/uploads\/2023\/04\/logo.png\",\"width\":269,\"height\":53,\"caption\":\"Get Tickets for the World\u2019s largest jackpots\"},\"image\":{\"@id\":\"https:\/\/redfoxlotto.com\/pl\/#\/schema\/logo\/image\/\"}}]}<\/script>\n<!-- \/ Yoast SEO plugin. -->","yoast_head_json":{"title":"Jak gra\u0107 w Keno online | Zasady i strategia gry w Keno online","description":"Chcesz wygra\u0107 du\u017ce pieni\u0105dze w Keno? Jak gra\u0107 w Keno online o najwy\u017csze nagrody do 10 milion\u00f3w euro, z losowaniami, kt\u00f3re nigdy nie s\u0105 oddalone o wi\u0119cej ni\u017c kilka minut","robots":{"index":"index","follow":"follow","max-snippet":"max-snippet:-1","max-image-preview":"max-image-preview:large","max-video-preview":"max-video-preview:-1"},"canonical":"https:\/\/redfoxlotto.com\/pl\/keno\/","og_locale":"pl_PL","og_type":"article","og_title":"Jak gra\u0107 w Keno online | Zasady i strategia gry w Keno online","og_description":"Chcesz wygra\u0107 du\u017ce pieni\u0105dze w Keno? Jak gra\u0107 w Keno online o najwy\u017csze nagrody do 10 milion\u00f3w euro, z losowaniami, kt\u00f3re nigdy nie s\u0105 oddalone o wi\u0119cej ni\u017c kilka minut","og_url":"https:\/\/redfoxlotto.com\/pl\/keno\/","og_site_name":"Get Tickets for the World\u2019s largest jackpots","article_modified_time":"2025-10-09T14:23:07+00:00","og_image":[{"url":"https:\/\/redfoxlotto.com\/wp-content\/uploads\/2025\/10\/3-scaled.png"}],"twitter_card":"summary_large_image","twitter_misc":{"Szacowany czas czytania":"4 minuty"},"schema":{"@context":"https:\/\/schema.org","@graph":[{"@type":"WebPage","@id":"https:\/\/redfoxlotto.com\/pl\/keno\/","url":"https:\/\/redfoxlotto.com\/pl\/keno\/","name":"Jak gra\u0107 w Keno online | Zasady i strategia gry w Keno online","isPartOf":{"@id":"https:\/\/redfoxlotto.com\/pl\/#website"},"primaryImageOfPage":{"@id":"https:\/\/redfoxlotto.com\/pl\/keno\/#primaryimage"},"image":{"@id":"https:\/\/redfoxlotto.com\/pl\/keno\/#primaryimage"},"thumbnailUrl":"https:\/\/redfoxlotto.com\/wp-content\/uploads\/2025\/10\/3-scaled.png","datePublished":"2025-02-12T11:12:52+00:00","dateModified":"2025-10-09T14:23:07+00:00","description":"Chcesz wygra\u0107 du\u017ce pieni\u0105dze w Keno? Jak gra\u0107 w Keno online o najwy\u017csze nagrody do 10 milion\u00f3w euro, z losowaniami, kt\u00f3re nigdy nie s\u0105 oddalone o wi\u0119cej ni\u017c kilka minut","breadcrumb":{"@id":"https:\/\/redfoxlotto.com\/pl\/keno\/#breadcrumb"},"inLanguage":"pl-PL","potentialAction":[{"@type":"ReadAction","target":["https:\/\/redfoxlotto.com\/pl\/keno\/"]}]},{"@type":"ImageObject","inLanguage":"pl-PL","@id":"https:\/\/redfoxlotto.com\/pl\/keno\/#primaryimage","url":"https:\/\/redfoxlotto.com\/wp-content\/uploads\/2025\/10\/3-scaled.png","contentUrl":"https:\/\/redfoxlotto.com\/wp-content\/uploads\/2025\/10\/3-scaled.png"},{"@type":"BreadcrumbList","@id":"https:\/\/redfoxlotto.com\/pl\/keno\/#breadcrumb","itemListElement":[{"@type":"ListItem","position":1,"name":"Home","item":"https:\/\/redfoxlotto.com\/pl\/"},{"@type":"ListItem","position":2,"name":"Keno"}]},{"@type":"WebSite","@id":"https:\/\/redfoxlotto.com\/pl\/#website","url":"https:\/\/redfoxlotto.com\/pl\/","name":"Get Tickets for the World\u2019s largest jackpots","description":"Participate in worldwide lottery jackpots from any country","publisher":{"@id":"https:\/\/redfoxlotto.com\/pl\/#organization"},"potentialAction":[{"@type":"SearchAction","target":{"@type":"EntryPoint","urlTemplate":"https:\/\/redfoxlotto.com\/pl\/?s={search_term_string}"},"query-input":{"@type":"PropertyValueSpecification","valueRequired":true,"valueName":"search_term_string"}}],"inLanguage":"pl-PL"},{"@type":"Organization","@id":"https:\/\/redfoxlotto.com\/pl\/#organization","name":"Get Tickets for the World\u2019s largest jackpots","url":"https:\/\/redfoxlotto.com\/pl\/","logo":{"@type":"ImageObject","inLanguage":"pl-PL","@id":"https:\/\/redfoxlotto.com\/pl\/#\/schema\/logo\/image\/","url":"https:\/\/redfoxlotto.com\/wp-content\/uploads\/2023\/04\/logo.png","contentUrl":"https:\/\/redfoxlotto.com\/wp-content\/uploads\/2023\/04\/logo.png","width":269,"height":53,"caption":"Get Tickets for the World\u2019s largest jackpots"},"image":{"@id":"https:\/\/redfoxlotto.com\/pl\/#\/schema\/logo\/image\/"}}]}},"_links":{"self":[{"href":"https:\/\/redfoxlotto.com\/pl\/wp-json\/wp\/v2\/pages\/84425","targetHints":{"allow":["GET"]}}],"collection":[{"href":"https:\/\/redfoxlotto.com\/pl\/wp-json\/wp\/v2\/pages"}],"about":[{"href":"https:\/\/redfoxlotto.com\/pl\/wp-json\/wp\/v2\/types\/page"}],"author":[{"embeddable":true,"href":"https:\/\/redfoxlotto.com\/pl\/wp-json\/wp\/v2\/users\/8"}],"replies":[{"embeddable":true,"href":"https:\/\/redfoxlotto.com\/pl\/wp-json\/wp\/v2\/comments?post=84425"}],"version-history":[{"count":0,"href":"https:\/\/redfoxlotto.com\/pl\/wp-json\/wp\/v2\/pages\/84425\/revisions"}],"wp:attachment":[{"href":"https:\/\/redfoxlotto.com\/pl\/wp-json\/wp\/v2\/media?parent=84425"}],"curies":[{"name":"wp","href":"https:\/\/api.w.org\/{rel}","templated":true}]}}