{"id":6559,"date":"2018-11-18T08:54:25","date_gmt":"2018-11-18T08:54:25","guid":{"rendered":"https:\/\/redfoxlotto.com\/?page_id=6559"},"modified":"2019-11-28T16:28:25","modified_gmt":"2019-11-28T16:28:25","slug":"saturday-lotto-au","status":"publish","type":"page","link":"https:\/\/redfoxlotto.com\/pl\/wyniki\/saturday-lotto-au\/","title":{"rendered":"Wyniki lotto z soboty"},"content":{"rendered":"<h2 class=\"wp-block-heading\">Wyniki sobotniego Lotto na RedFoxLotto<\/h2><p><img decoding=\"async\" class=\"size-full wp-image alignright\" src=\"https:\/\/content.redfoxlotto.com\/uploads\/sites\/9\/1_draw_lottery_results.jpg\" alt=\"Saturday Lotto\"><\/p><p>Jak tylko losowanie zostanie zako\u0144czone, wyniki dla Saturday Lotto zostan\u0105 wy\u015bwietlone tutaj. Informacja zawiera zwyci\u0119skie liczby, szacowany nast\u0119pny jackpot i kwot\u0119 nagrody dla r\u00f3\u017cnych poziom\u00f3w nagr\u00f3d. <\/p><p>Chcesz zobaczy\u0107 informacje o poprzednich losowaniach Lotto z soboty, mo\u017cesz skorzysta\u0107 z archiwum klikaj\u0105c na menu rozwijane z dat\u0105. Archiwum pokazuje informacje z ostatnich trzech lat.<\/p><h2 class=\"wp-block-heading\">Numery pobrane i szczeg\u00f3\u0142y wyp\u0142aty dla wszystkich innych loterii<\/h2><p>Aby zapozna\u0107 si\u0119 z najnowszymi wynikami losowania, kliknij menu g\u0142\u00f3wne &#8222;Wyniki&#8221; na g\u00f3rze. To prowadzi ci\u0119 na stron\u0119 ze wszystkimi loteriami. Na tej stronie mo\u017cna zobaczy\u0107 ostatnio wylosowane numery, jak r\u00f3wnie\u017c ca\u0142kowit\u0105 kwot\u0119 pieni\u0119dzy wyp\u0142aconych za ka\u017cd\u0105 pojedyncz\u0105 loteri\u0119.<\/p><p><img decoding=\"async\" class=\"size-full wp-image alignright\" src=\"https:\/\/content.redfoxlotto.com\/uploads\/sites\/9\/1_draw_lottery_numbers.jpg\" alt=\"zwyci\u0119skie liczby\"><\/p><p>Mo\u017cesz r\u00f3wnie\u017c skorzysta\u0107 z tego przegl\u0105du zwyci\u0119skich liczb, aby uzyska\u0107 kilka pomys\u0142\u00f3w na to, kt\u00f3re numery wybra\u0107 na nast\u0119pny los na loteri\u0119 (na sobotni\u0105 loteri\u0119 lub jak\u0105kolwiek inn\u0105 loteri\u0119). U\u017cyj liczb &#8222;zimnych&#8221; (numery nie pojawiaj\u0105ce si\u0119 w \u017cadnym z ostatnich wynik\u00f3w) lub gor\u0105cych (numery, kt\u00f3re wygra\u0142y w wielu loteriach). Albo mo\u017cesz miesza\u0107 zimne i gor\u0105ce numery i dodawa\u0107 w\u0142asne szcz\u0119\u015bliwe numery!<\/p><h2 class=\"wp-block-heading\">Najprostszy i najszybszy spos\u00f3b sprawdzenia, czy Tw\u00f3j bilet wygra\u0142.<\/h2><p>Aby por\u00f3wna\u0107 zwyci\u0119skie numery z numerami, kt\u00f3re wybra\u0142e\u015b dla swojego biletu, mo\u017cesz r\u00f3wnie\u017c klikn\u0105\u0107 w prawym g\u00f3rnym menu &#8222;Moje konto\/Moje bilety&#8221;. W tym obszarze mo\u017cna zobaczy\u0107 wszystkie bilety z przesz\u0142o\u015bci i bilety aktywne. W jednej kolumnie mo\u017cesz natychmiast sprawdzi\u0107, czy jeden z Twoich bilet\u00f3w wygra\u0142, jak r\u00f3wnie\u017c wysoko\u015b\u0107 nagrody.<\/p>","protected":false},"excerpt":{"rendered":"<p>Wyniki sobotniego Lotto na RedFoxLotto Jak tylko losowanie zostanie zako\u0144czone, wyniki dla Saturday Lotto zostan\u0105 wy\u015bwietlone tutaj. Informacja zawiera zwyci\u0119skie liczby, szacowany nast\u0119pny jackpot i kwot\u0119 nagrody dla r\u00f3\u017cnych poziom\u00f3w nagr\u00f3d. Chcesz zobaczy\u0107 informacje o poprzednich losowaniach Lotto z soboty, mo\u017cesz skorzysta\u0107 z archiwum klikaj\u0105c na menu rozwijane z dat\u0105. Archiwum pokazuje informacje z ostatnich [&hellip;]<\/p>\n","protected":false},"author":1,"featured_media":0,"parent":5695,"menu_order":22,"comment_status":"closed","ping_status":"closed","template":"saturday-lotto-results.php","meta":{"_et_pb_use_builder":"","_et_pb_old_content":"","_et_gb_content_width":"","exclude_from_search":false,"footnotes":""},"class_list":["post-6559","page","type-page","status-publish","hentry"],"yoast_head":"<!-- This site is optimized with the Yoast SEO plugin v23.8 - https:\/\/yoast.com\/wordpress\/plugins\/seo\/ -->\n<title>Sobota Lotto wygrywaj\u0105ce numery i wyniki<\/title>\n<meta name=\"description\" content=\"Oto zwyci\u0119skie numery na sobotnie lotto.\" \/>\n<meta name=\"robots\" content=\"index, follow, max-snippet:-1, max-image-preview:large, max-video-preview:-1\" \/>\n<link rel=\"canonical\" href=\"https:\/\/redfoxlotto.com\/pl\/wyniki\/saturday-lotto-au\/\" \/>\n<meta property=\"og:locale\" content=\"pl_PL\" \/>\n<meta property=\"og:type\" content=\"article\" \/>\n<meta property=\"og:title\" content=\"Sobota Lotto wygrywaj\u0105ce numery i wyniki\" \/>\n<meta property=\"og:description\" content=\"Oto zwyci\u0119skie numery na sobotnie lotto.\" \/>\n<meta property=\"og:url\" content=\"https:\/\/redfoxlotto.com\/pl\/wyniki\/saturday-lotto-au\/\" \/>\n<meta property=\"og:site_name\" content=\"Get Tickets for the World\u2019s largest jackpots\" \/>\n<meta property=\"article:modified_time\" content=\"2019-11-28T16:28:25+00:00\" \/>\n<meta property=\"og:image\" content=\"https:\/\/content.redfoxlotto.com\/uploads\/sites\/9\/1_draw_lottery_results.jpg\" \/>\n<meta name=\"twitter:card\" content=\"summary_large_image\" \/>\n<meta name=\"twitter:label1\" content=\"Szacowany czas czytania\" \/>\n\t<meta name=\"twitter:data1\" content=\"2 minuty\" \/>\n<script type=\"application\/ld+json\" class=\"yoast-schema-graph\">{\"@context\":\"https:\/\/schema.org\",\"@graph\":[{\"@type\":\"WebPage\",\"@id\":\"https:\/\/redfoxlotto.com\/pl\/wyniki\/saturday-lotto-au\/\",\"url\":\"https:\/\/redfoxlotto.com\/pl\/wyniki\/saturday-lotto-au\/\",\"name\":\"Sobota Lotto wygrywaj\u0105ce numery i wyniki\",\"isPartOf\":{\"@id\":\"https:\/\/redfoxlotto.com\/pl\/#website\"},\"primaryImageOfPage\":{\"@id\":\"https:\/\/redfoxlotto.com\/pl\/wyniki\/saturday-lotto-au\/#primaryimage\"},\"image\":{\"@id\":\"https:\/\/redfoxlotto.com\/pl\/wyniki\/saturday-lotto-au\/#primaryimage\"},\"thumbnailUrl\":\"https:\/\/content.redfoxlotto.com\/uploads\/sites\/9\/1_draw_lottery_results.jpg\",\"datePublished\":\"2018-11-18T08:54:25+00:00\",\"dateModified\":\"2019-11-28T16:28:25+00:00\",\"description\":\"Oto zwyci\u0119skie numery na sobotnie lotto.\",\"breadcrumb\":{\"@id\":\"https:\/\/redfoxlotto.com\/pl\/wyniki\/saturday-lotto-au\/#breadcrumb\"},\"inLanguage\":\"pl-PL\",\"potentialAction\":[{\"@type\":\"ReadAction\",\"target\":[\"https:\/\/redfoxlotto.com\/pl\/wyniki\/saturday-lotto-au\/\"]}]},{\"@type\":\"ImageObject\",\"inLanguage\":\"pl-PL\",\"@id\":\"https:\/\/redfoxlotto.com\/pl\/wyniki\/saturday-lotto-au\/#primaryimage\",\"url\":\"https:\/\/content.redfoxlotto.com\/uploads\/sites\/9\/1_draw_lottery_results.jpg\",\"contentUrl\":\"https:\/\/content.redfoxlotto.com\/uploads\/sites\/9\/1_draw_lottery_results.jpg\"},{\"@type\":\"BreadcrumbList\",\"@id\":\"https:\/\/redfoxlotto.com\/pl\/wyniki\/saturday-lotto-au\/#breadcrumb\",\"itemListElement\":[{\"@type\":\"ListItem\",\"position\":1,\"name\":\"Home\",\"item\":\"https:\/\/redfoxlotto.com\/pl\/\"},{\"@type\":\"ListItem\",\"position\":2,\"name\":\"Wyniki mi\u0119dzynarodowej loterii\",\"item\":\"https:\/\/redfoxlotto.com\/pl\/wyniki\/\"},{\"@type\":\"ListItem\",\"position\":3,\"name\":\"Wyniki lotto z soboty\"}]},{\"@type\":\"WebSite\",\"@id\":\"https:\/\/redfoxlotto.com\/pl\/#website\",\"url\":\"https:\/\/redfoxlotto.com\/pl\/\",\"name\":\"Get Tickets for the World\u2019s largest jackpots\",\"description\":\"Participate in worldwide lottery jackpots from any country\",\"publisher\":{\"@id\":\"https:\/\/redfoxlotto.com\/pl\/#organization\"},\"potentialAction\":[{\"@type\":\"SearchAction\",\"target\":{\"@type\":\"EntryPoint\",\"urlTemplate\":\"https:\/\/redfoxlotto.com\/pl\/?s={search_term_string}\"},\"query-input\":{\"@type\":\"PropertyValueSpecification\",\"valueRequired\":true,\"valueName\":\"search_term_string\"}}],\"inLanguage\":\"pl-PL\"},{\"@type\":\"Organization\",\"@id\":\"https:\/\/redfoxlotto.com\/pl\/#organization\",\"name\":\"Get Tickets for the World\u2019s largest jackpots\",\"url\":\"https:\/\/redfoxlotto.com\/pl\/\",\"logo\":{\"@type\":\"ImageObject\",\"inLanguage\":\"pl-PL\",\"@id\":\"https:\/\/redfoxlotto.com\/pl\/#\/schema\/logo\/image\/\",\"url\":\"https:\/\/redfoxlotto.com\/wp-content\/uploads\/2023\/04\/logo.png\",\"contentUrl\":\"https:\/\/redfoxlotto.com\/wp-content\/uploads\/2023\/04\/logo.png\",\"width\":269,\"height\":53,\"caption\":\"Get Tickets for the World\u2019s largest jackpots\"},\"image\":{\"@id\":\"https:\/\/redfoxlotto.com\/pl\/#\/schema\/logo\/image\/\"}}]}<\/script>\n<!-- \/ Yoast SEO plugin. -->","yoast_head_json":{"title":"Sobota Lotto wygrywaj\u0105ce numery i wyniki","description":"Oto zwyci\u0119skie numery na sobotnie lotto.","robots":{"index":"index","follow":"follow","max-snippet":"max-snippet:-1","max-image-preview":"max-image-preview:large","max-video-preview":"max-video-preview:-1"},"canonical":"https:\/\/redfoxlotto.com\/pl\/wyniki\/saturday-lotto-au\/","og_locale":"pl_PL","og_type":"article","og_title":"Sobota Lotto wygrywaj\u0105ce numery i wyniki","og_description":"Oto zwyci\u0119skie numery na sobotnie lotto.","og_url":"https:\/\/redfoxlotto.com\/pl\/wyniki\/saturday-lotto-au\/","og_site_name":"Get Tickets for the World\u2019s largest jackpots","article_modified_time":"2019-11-28T16:28:25+00:00","og_image":[{"url":"https:\/\/content.redfoxlotto.com\/uploads\/sites\/9\/1_draw_lottery_results.jpg"}],"twitter_card":"summary_large_image","twitter_misc":{"Szacowany czas czytania":"2 minuty"},"schema":{"@context":"https:\/\/schema.org","@graph":[{"@type":"WebPage","@id":"https:\/\/redfoxlotto.com\/pl\/wyniki\/saturday-lotto-au\/","url":"https:\/\/redfoxlotto.com\/pl\/wyniki\/saturday-lotto-au\/","name":"Sobota Lotto wygrywaj\u0105ce numery i wyniki","isPartOf":{"@id":"https:\/\/redfoxlotto.com\/pl\/#website"},"primaryImageOfPage":{"@id":"https:\/\/redfoxlotto.com\/pl\/wyniki\/saturday-lotto-au\/#primaryimage"},"image":{"@id":"https:\/\/redfoxlotto.com\/pl\/wyniki\/saturday-lotto-au\/#primaryimage"},"thumbnailUrl":"https:\/\/content.redfoxlotto.com\/uploads\/sites\/9\/1_draw_lottery_results.jpg","datePublished":"2018-11-18T08:54:25+00:00","dateModified":"2019-11-28T16:28:25+00:00","description":"Oto zwyci\u0119skie numery na sobotnie lotto.","breadcrumb":{"@id":"https:\/\/redfoxlotto.com\/pl\/wyniki\/saturday-lotto-au\/#breadcrumb"},"inLanguage":"pl-PL","potentialAction":[{"@type":"ReadAction","target":["https:\/\/redfoxlotto.com\/pl\/wyniki\/saturday-lotto-au\/"]}]},{"@type":"ImageObject","inLanguage":"pl-PL","@id":"https:\/\/redfoxlotto.com\/pl\/wyniki\/saturday-lotto-au\/#primaryimage","url":"https:\/\/content.redfoxlotto.com\/uploads\/sites\/9\/1_draw_lottery_results.jpg","contentUrl":"https:\/\/content.redfoxlotto.com\/uploads\/sites\/9\/1_draw_lottery_results.jpg"},{"@type":"BreadcrumbList","@id":"https:\/\/redfoxlotto.com\/pl\/wyniki\/saturday-lotto-au\/#breadcrumb","itemListElement":[{"@type":"ListItem","position":1,"name":"Home","item":"https:\/\/redfoxlotto.com\/pl\/"},{"@type":"ListItem","position":2,"name":"Wyniki mi\u0119dzynarodowej loterii","item":"https:\/\/redfoxlotto.com\/pl\/wyniki\/"},{"@type":"ListItem","position":3,"name":"Wyniki lotto z soboty"}]},{"@type":"WebSite","@id":"https:\/\/redfoxlotto.com\/pl\/#website","url":"https:\/\/redfoxlotto.com\/pl\/","name":"Get Tickets for the World\u2019s largest jackpots","description":"Participate in worldwide lottery jackpots from any country","publisher":{"@id":"https:\/\/redfoxlotto.com\/pl\/#organization"},"potentialAction":[{"@type":"SearchAction","target":{"@type":"EntryPoint","urlTemplate":"https:\/\/redfoxlotto.com\/pl\/?s={search_term_string}"},"query-input":{"@type":"PropertyValueSpecification","valueRequired":true,"valueName":"search_term_string"}}],"inLanguage":"pl-PL"},{"@type":"Organization","@id":"https:\/\/redfoxlotto.com\/pl\/#organization","name":"Get Tickets for the World\u2019s largest jackpots","url":"https:\/\/redfoxlotto.com\/pl\/","logo":{"@type":"ImageObject","inLanguage":"pl-PL","@id":"https:\/\/redfoxlotto.com\/pl\/#\/schema\/logo\/image\/","url":"https:\/\/redfoxlotto.com\/wp-content\/uploads\/2023\/04\/logo.png","contentUrl":"https:\/\/redfoxlotto.com\/wp-content\/uploads\/2023\/04\/logo.png","width":269,"height":53,"caption":"Get Tickets for the World\u2019s largest jackpots"},"image":{"@id":"https:\/\/redfoxlotto.com\/pl\/#\/schema\/logo\/image\/"}}]}},"_links":{"self":[{"href":"https:\/\/redfoxlotto.com\/pl\/wp-json\/wp\/v2\/pages\/6559","targetHints":{"allow":["GET"]}}],"collection":[{"href":"https:\/\/redfoxlotto.com\/pl\/wp-json\/wp\/v2\/pages"}],"about":[{"href":"https:\/\/redfoxlotto.com\/pl\/wp-json\/wp\/v2\/types\/page"}],"author":[{"embeddable":true,"href":"https:\/\/redfoxlotto.com\/pl\/wp-json\/wp\/v2\/users\/1"}],"replies":[{"embeddable":true,"href":"https:\/\/redfoxlotto.com\/pl\/wp-json\/wp\/v2\/comments?post=6559"}],"version-history":[{"count":0,"href":"https:\/\/redfoxlotto.com\/pl\/wp-json\/wp\/v2\/pages\/6559\/revisions"}],"up":[{"embeddable":true,"href":"https:\/\/redfoxlotto.com\/pl\/wp-json\/wp\/v2\/pages\/5695"}],"wp:attachment":[{"href":"https:\/\/redfoxlotto.com\/pl\/wp-json\/wp\/v2\/media?parent=6559"}],"curies":[{"name":"wp","href":"https:\/\/api.w.org\/{rel}","templated":true}]}}