{"id":6558,"date":"2018-11-18T08:54:25","date_gmt":"2018-11-18T08:54:25","guid":{"rendered":"https:\/\/redfoxlotto.com\/?page_id=6558"},"modified":"2019-11-28T16:26:37","modified_gmt":"2019-11-28T16:26:37","slug":"saturday-lotto-au","status":"publish","type":"page","link":"https:\/\/redfoxlotto.com\/pl\/loterie\/saturday-lotto-au\/","title":{"rendered":"O sobotnim Lotto"},"content":{"rendered":"<p>Sobotnia lotto, jak sama nazwa wskazuje, jest loteria rozgrywana w ka\u017cd\u0105 sobotni\u0105 noc w Australii. <\/p><p><img loading=\"lazy\" decoding=\"async\" class=\" wp-image alignright\" src=\"https:\/\/content.redfoxlotto.com\/uploads\/sites\/9\/1_online_jackpot_lotto.jpg\" alt=\"Lotto w sobot\u0119 w Australii\" width=\"169\" height=\"168\" \/><\/p><!--more--><p>Wcze\u015bniej w sobotnim lotto, spo\u015br\u00f3d mo\u017cliwych 40 wybieranych jest 6 numer\u00f3w g\u0142\u00f3wnych oraz dodawany jest numer dodatkowy. Obecnie zosta\u0142 on jednak zmieniony, poniewa\u017c obecnie jest to 6 numer\u00f3w g\u0142\u00f3wnych wybranych z mo\u017cliwych 45, a tak\u017ce 2 numery uzupe\u0142niaj\u0105ce. Ta zmiana znacznie zmniejszy\u0142a mo\u017cliwo\u015b\u0107 wygrania nagrody lub raczej jackpota w lotto w sobot\u0119. <\/p><p>Sobotnie lotto oferuje oko\u0142o AUD$ 4 miliony tygodniowo jako nagrod\u0119 g\u0142\u00f3wn\u0105 i mo\u017ce by\u0107 dzielone przez maksymalnie 4 zwyci\u0119zc\u00f3w. Prawdopodobie\u0144stwo trafienia jackpota w sobotnim lotto wynosi oko\u0142o 1 na 8 milion\u00f3w.<\/p><p><img loading=\"lazy\" decoding=\"async\" class=\" wp-image alignright\" src=\"https:\/\/content.redfoxlotto.com\/uploads\/sites\/9\/2_ticket_saturday_lotto_au2.jpg\" alt=\"Kup bilety Saturday Lotto\" width=\"121\" height=\"201\" \/><\/p><h2 class=\"wp-block-heading\">Kup bilety na sobotnie lotto online ju\u017c teraz.<\/h2><p><a href=\"https:\/\/redfoxlotto.com\/pl\/\">Bilety na loteri\u0119 mo\u017cna kupi\u0107 online<\/a>, tak jak w wyznaczonych sklepach w ca\u0142ej Australii. <\/p>","protected":false},"excerpt":{"rendered":"<p>Sobotnia lotto, jak sama nazwa wskazuje, jest loteria rozgrywana w ka\u017cd\u0105 sobotni\u0105 noc w Australii.<\/p>\n","protected":false},"author":1,"featured_media":0,"parent":5686,"menu_order":22,"comment_status":"closed","ping_status":"closed","template":"saturday-lotto-info.php","meta":{"_et_pb_use_builder":"","_et_pb_old_content":"","_et_gb_content_width":"","exclude_from_search":false,"footnotes":""},"class_list":["post-6558","page","type-page","status-publish","hentry"],"yoast_head":"<!-- This site is optimized with the Yoast SEO plugin v23.8 - https:\/\/yoast.com\/wordpress\/plugins\/seo\/ -->\n<title>Lotto sobota | Co powiniene\u015b wiedzie\u0107 o lotto sobota<\/title>\n<meta name=\"description\" content=\"Zwi\u0119ksz swoje szanse na wygran\u0105 w sobotniej loterii, znaj\u0105c te informacje na ich temat.\" \/>\n<meta name=\"robots\" content=\"index, follow, max-snippet:-1, max-image-preview:large, max-video-preview:-1\" \/>\n<link rel=\"canonical\" href=\"https:\/\/redfoxlotto.com\/pl\/loterie\/saturday-lotto-au\/\" \/>\n<meta property=\"og:locale\" content=\"pl_PL\" \/>\n<meta property=\"og:type\" content=\"article\" \/>\n<meta property=\"og:title\" content=\"Lotto sobota | Co powiniene\u015b wiedzie\u0107 o lotto sobota\" \/>\n<meta property=\"og:description\" content=\"Zwi\u0119ksz swoje szanse na wygran\u0105 w sobotniej loterii, znaj\u0105c te informacje na ich temat.\" \/>\n<meta property=\"og:url\" content=\"https:\/\/redfoxlotto.com\/pl\/loterie\/saturday-lotto-au\/\" \/>\n<meta property=\"og:site_name\" content=\"Get Tickets for the World\u2019s largest jackpots\" \/>\n<meta property=\"article:modified_time\" content=\"2019-11-28T16:26:37+00:00\" \/>\n<meta property=\"og:image\" content=\"https:\/\/content.redfoxlotto.com\/uploads\/sites\/9\/1_online_jackpot_lotto.jpg\" \/>\n<meta name=\"twitter:card\" content=\"summary_large_image\" \/>\n<meta name=\"twitter:label1\" content=\"Szacowany czas czytania\" \/>\n\t<meta name=\"twitter:data1\" content=\"1 minuta\" \/>\n<script type=\"application\/ld+json\" class=\"yoast-schema-graph\">{\"@context\":\"https:\/\/schema.org\",\"@graph\":[{\"@type\":\"WebPage\",\"@id\":\"https:\/\/redfoxlotto.com\/pl\/loterie\/saturday-lotto-au\/\",\"url\":\"https:\/\/redfoxlotto.com\/pl\/loterie\/saturday-lotto-au\/\",\"name\":\"Lotto sobota | Co powiniene\u015b wiedzie\u0107 o lotto sobota\",\"isPartOf\":{\"@id\":\"https:\/\/redfoxlotto.com\/pl\/#website\"},\"primaryImageOfPage\":{\"@id\":\"https:\/\/redfoxlotto.com\/pl\/loterie\/saturday-lotto-au\/#primaryimage\"},\"image\":{\"@id\":\"https:\/\/redfoxlotto.com\/pl\/loterie\/saturday-lotto-au\/#primaryimage\"},\"thumbnailUrl\":\"https:\/\/content.redfoxlotto.com\/uploads\/sites\/9\/1_online_jackpot_lotto.jpg\",\"datePublished\":\"2018-11-18T08:54:25+00:00\",\"dateModified\":\"2019-11-28T16:26:37+00:00\",\"description\":\"Zwi\u0119ksz swoje szanse na wygran\u0105 w sobotniej loterii, znaj\u0105c te informacje na ich temat.\",\"breadcrumb\":{\"@id\":\"https:\/\/redfoxlotto.com\/pl\/loterie\/saturday-lotto-au\/#breadcrumb\"},\"inLanguage\":\"pl-PL\",\"potentialAction\":[{\"@type\":\"ReadAction\",\"target\":[\"https:\/\/redfoxlotto.com\/pl\/loterie\/saturday-lotto-au\/\"]}]},{\"@type\":\"ImageObject\",\"inLanguage\":\"pl-PL\",\"@id\":\"https:\/\/redfoxlotto.com\/pl\/loterie\/saturday-lotto-au\/#primaryimage\",\"url\":\"https:\/\/content.redfoxlotto.com\/uploads\/sites\/9\/1_online_jackpot_lotto.jpg\",\"contentUrl\":\"https:\/\/content.redfoxlotto.com\/uploads\/sites\/9\/1_online_jackpot_lotto.jpg\"},{\"@type\":\"BreadcrumbList\",\"@id\":\"https:\/\/redfoxlotto.com\/pl\/loterie\/saturday-lotto-au\/#breadcrumb\",\"itemListElement\":[{\"@type\":\"ListItem\",\"position\":1,\"name\":\"Home\",\"item\":\"https:\/\/redfoxlotto.com\/pl\/\"},{\"@type\":\"ListItem\",\"position\":2,\"name\":\"Jak kupi\u0107 bilety na loteri\u0119 online &#8211; proces zakupu\",\"item\":\"https:\/\/redfoxlotto.com\/pl\/loterie\/\"},{\"@type\":\"ListItem\",\"position\":3,\"name\":\"O sobotnim Lotto\"}]},{\"@type\":\"WebSite\",\"@id\":\"https:\/\/redfoxlotto.com\/pl\/#website\",\"url\":\"https:\/\/redfoxlotto.com\/pl\/\",\"name\":\"Get Tickets for the World\u2019s largest jackpots\",\"description\":\"Participate in worldwide lottery jackpots from any country\",\"publisher\":{\"@id\":\"https:\/\/redfoxlotto.com\/pl\/#organization\"},\"potentialAction\":[{\"@type\":\"SearchAction\",\"target\":{\"@type\":\"EntryPoint\",\"urlTemplate\":\"https:\/\/redfoxlotto.com\/pl\/?s={search_term_string}\"},\"query-input\":{\"@type\":\"PropertyValueSpecification\",\"valueRequired\":true,\"valueName\":\"search_term_string\"}}],\"inLanguage\":\"pl-PL\"},{\"@type\":\"Organization\",\"@id\":\"https:\/\/redfoxlotto.com\/pl\/#organization\",\"name\":\"Get Tickets for the World\u2019s largest jackpots\",\"url\":\"https:\/\/redfoxlotto.com\/pl\/\",\"logo\":{\"@type\":\"ImageObject\",\"inLanguage\":\"pl-PL\",\"@id\":\"https:\/\/redfoxlotto.com\/pl\/#\/schema\/logo\/image\/\",\"url\":\"https:\/\/redfoxlotto.com\/wp-content\/uploads\/2023\/04\/logo.png\",\"contentUrl\":\"https:\/\/redfoxlotto.com\/wp-content\/uploads\/2023\/04\/logo.png\",\"width\":269,\"height\":53,\"caption\":\"Get Tickets for the World\u2019s largest jackpots\"},\"image\":{\"@id\":\"https:\/\/redfoxlotto.com\/pl\/#\/schema\/logo\/image\/\"}}]}<\/script>\n<!-- \/ Yoast SEO plugin. -->","yoast_head_json":{"title":"Lotto sobota | Co powiniene\u015b wiedzie\u0107 o lotto sobota","description":"Zwi\u0119ksz swoje szanse na wygran\u0105 w sobotniej loterii, znaj\u0105c te informacje na ich temat.","robots":{"index":"index","follow":"follow","max-snippet":"max-snippet:-1","max-image-preview":"max-image-preview:large","max-video-preview":"max-video-preview:-1"},"canonical":"https:\/\/redfoxlotto.com\/pl\/loterie\/saturday-lotto-au\/","og_locale":"pl_PL","og_type":"article","og_title":"Lotto sobota | Co powiniene\u015b wiedzie\u0107 o lotto sobota","og_description":"Zwi\u0119ksz swoje szanse na wygran\u0105 w sobotniej loterii, znaj\u0105c te informacje na ich temat.","og_url":"https:\/\/redfoxlotto.com\/pl\/loterie\/saturday-lotto-au\/","og_site_name":"Get Tickets for the World\u2019s largest jackpots","article_modified_time":"2019-11-28T16:26:37+00:00","og_image":[{"url":"https:\/\/content.redfoxlotto.com\/uploads\/sites\/9\/1_online_jackpot_lotto.jpg"}],"twitter_card":"summary_large_image","twitter_misc":{"Szacowany czas czytania":"1 minuta"},"schema":{"@context":"https:\/\/schema.org","@graph":[{"@type":"WebPage","@id":"https:\/\/redfoxlotto.com\/pl\/loterie\/saturday-lotto-au\/","url":"https:\/\/redfoxlotto.com\/pl\/loterie\/saturday-lotto-au\/","name":"Lotto sobota | Co powiniene\u015b wiedzie\u0107 o lotto sobota","isPartOf":{"@id":"https:\/\/redfoxlotto.com\/pl\/#website"},"primaryImageOfPage":{"@id":"https:\/\/redfoxlotto.com\/pl\/loterie\/saturday-lotto-au\/#primaryimage"},"image":{"@id":"https:\/\/redfoxlotto.com\/pl\/loterie\/saturday-lotto-au\/#primaryimage"},"thumbnailUrl":"https:\/\/content.redfoxlotto.com\/uploads\/sites\/9\/1_online_jackpot_lotto.jpg","datePublished":"2018-11-18T08:54:25+00:00","dateModified":"2019-11-28T16:26:37+00:00","description":"Zwi\u0119ksz swoje szanse na wygran\u0105 w sobotniej loterii, znaj\u0105c te informacje na ich temat.","breadcrumb":{"@id":"https:\/\/redfoxlotto.com\/pl\/loterie\/saturday-lotto-au\/#breadcrumb"},"inLanguage":"pl-PL","potentialAction":[{"@type":"ReadAction","target":["https:\/\/redfoxlotto.com\/pl\/loterie\/saturday-lotto-au\/"]}]},{"@type":"ImageObject","inLanguage":"pl-PL","@id":"https:\/\/redfoxlotto.com\/pl\/loterie\/saturday-lotto-au\/#primaryimage","url":"https:\/\/content.redfoxlotto.com\/uploads\/sites\/9\/1_online_jackpot_lotto.jpg","contentUrl":"https:\/\/content.redfoxlotto.com\/uploads\/sites\/9\/1_online_jackpot_lotto.jpg"},{"@type":"BreadcrumbList","@id":"https:\/\/redfoxlotto.com\/pl\/loterie\/saturday-lotto-au\/#breadcrumb","itemListElement":[{"@type":"ListItem","position":1,"name":"Home","item":"https:\/\/redfoxlotto.com\/pl\/"},{"@type":"ListItem","position":2,"name":"Jak kupi\u0107 bilety na loteri\u0119 online &#8211; proces zakupu","item":"https:\/\/redfoxlotto.com\/pl\/loterie\/"},{"@type":"ListItem","position":3,"name":"O sobotnim Lotto"}]},{"@type":"WebSite","@id":"https:\/\/redfoxlotto.com\/pl\/#website","url":"https:\/\/redfoxlotto.com\/pl\/","name":"Get Tickets for the World\u2019s largest jackpots","description":"Participate in worldwide lottery jackpots from any country","publisher":{"@id":"https:\/\/redfoxlotto.com\/pl\/#organization"},"potentialAction":[{"@type":"SearchAction","target":{"@type":"EntryPoint","urlTemplate":"https:\/\/redfoxlotto.com\/pl\/?s={search_term_string}"},"query-input":{"@type":"PropertyValueSpecification","valueRequired":true,"valueName":"search_term_string"}}],"inLanguage":"pl-PL"},{"@type":"Organization","@id":"https:\/\/redfoxlotto.com\/pl\/#organization","name":"Get Tickets for the World\u2019s largest jackpots","url":"https:\/\/redfoxlotto.com\/pl\/","logo":{"@type":"ImageObject","inLanguage":"pl-PL","@id":"https:\/\/redfoxlotto.com\/pl\/#\/schema\/logo\/image\/","url":"https:\/\/redfoxlotto.com\/wp-content\/uploads\/2023\/04\/logo.png","contentUrl":"https:\/\/redfoxlotto.com\/wp-content\/uploads\/2023\/04\/logo.png","width":269,"height":53,"caption":"Get Tickets for the World\u2019s largest jackpots"},"image":{"@id":"https:\/\/redfoxlotto.com\/pl\/#\/schema\/logo\/image\/"}}]}},"_links":{"self":[{"href":"https:\/\/redfoxlotto.com\/pl\/wp-json\/wp\/v2\/pages\/6558","targetHints":{"allow":["GET"]}}],"collection":[{"href":"https:\/\/redfoxlotto.com\/pl\/wp-json\/wp\/v2\/pages"}],"about":[{"href":"https:\/\/redfoxlotto.com\/pl\/wp-json\/wp\/v2\/types\/page"}],"author":[{"embeddable":true,"href":"https:\/\/redfoxlotto.com\/pl\/wp-json\/wp\/v2\/users\/1"}],"replies":[{"embeddable":true,"href":"https:\/\/redfoxlotto.com\/pl\/wp-json\/wp\/v2\/comments?post=6558"}],"version-history":[{"count":0,"href":"https:\/\/redfoxlotto.com\/pl\/wp-json\/wp\/v2\/pages\/6558\/revisions"}],"up":[{"embeddable":true,"href":"https:\/\/redfoxlotto.com\/pl\/wp-json\/wp\/v2\/pages\/5686"}],"wp:attachment":[{"href":"https:\/\/redfoxlotto.com\/pl\/wp-json\/wp\/v2\/media?parent=6558"}],"curies":[{"name":"wp","href":"https:\/\/api.w.org\/{rel}","templated":true}]}}