{"id":6523,"date":"2019-08-09T14:24:22","date_gmt":"2019-08-09T14:24:22","guid":{"rendered":"https:\/\/redfoxlotto.com\/?page_id=6523"},"modified":"2025-12-10T23:40:38","modified_gmt":"2025-12-10T23:40:38","slug":"loto-fr","status":"publish","type":"page","link":"https:\/\/redfoxlotto.com\/pl\/graj\/loto-fr\/","title":{"rendered":"Zagraj we francusk\u0105 loteri\u0119"},"content":{"rendered":"<script type=\"application\/ld+json\">\r\n{\r\n\"@context\": \"https:\/\/schema.org\",\r\n\"@type\": \"Service\",\r\n\"name\": \"French Lotto online\",\r\n\"url\": \"https:\/\/redfoxlotto.com\/pl\/graj\/loto-fr\/\",\r\n\"description\": \"Kup oficjalne bilety francuskiego lotto online za po\u015brednictwem RedFoxLotto. Wybierz swoje liczby i we\u017a udzia\u0142 w kolejnym losowaniu.\",\r\n\"serviceType\": \"Online lottery ticket purchase\",\r\n\r\n\"provider\": {\r\n\"@type\": \"Organization\",\r\n\"name\": \"RedFoxLotto\",\r\n\"url\": \"https:\/\/redfoxlotto.com\",\r\n\"logo\": \"https:\/\/redfoxlotto.com\/wp-content\/uploads\/logo.png\"\r\n},\r\n\r\n\"areaServed\": \"Worldwide\",\r\n\"termsOfService\": \"https:\/\/redfoxlotto.com\/terms-and-conditions\",\r\n\r\n\"hasOfferCatalog\": {\r\n\"@type\": \"OfferCatalog\",\r\n\"name\": \"French Lotto Offers\",\r\n\"itemListElement\": [\r\n{\r\n\"@type\": \"Offer\",\r\n\"name\": \"Lotto French Lotto Ticket\",\r\n\"url\": \"https:\/\/redfoxlotto.com\/pl\/graj\/loto-fr\/\",\r\n\"description\": \"Jedno zg\u0142oszenie do nast\u0119pnego losowania francuskiej loterii.\",\r\n\"price\": \"6.00\",\r\n\"priceCurrency\": \"EUR\",\r\n\"availability\": \"https:\/\/schema.org\/InStock\",\r\n\r\n\"itemOffered\": {\r\n\"@type\": \"Service\",\r\n\"name\": \"French Lotto Lottery Entry\",\r\n\"description\": \"Udzia\u0142 w nast\u0119pnym losowaniu francuskiej loterii poprzez RedFoxLotto.\"\r\n}\r\n}\r\n]\r\n},\r\n\r\n\"mainEntityOfPage\": {\r\n\"@type\": \"WebPage\",\r\n\"@id\": \"https:\/\/redfoxlotto.com\/pl\/graj\/loto-fr\/\"\r\n}\r\n}\r\n<\/script><p>Jeste\u015b gotowy do gry w zupe\u0142nie now\u0105 gr\u0119? Je\u015bli jeste\u015b, to powiniene\u015b absolutnie przyjrze\u0107 si\u0119 bli\u017cej francuskiej loterii. Je\u015bli nie gra\u0142e\u015b w ni\u0105 wcze\u015bniej, mo\u017cesz by\u0107 zaskoczony tym, jak bardzo jest ona podobna do gier, w kt\u00f3re gra\u0142e\u015b. <\/p><h2 class=\"wp-block-heading\">Jak gra\u0107 w Francusk\u0105 Loteri\u0119 Online?<\/h2><p><a href=\"https:\/\/redfoxlotto.com\/pl\/\">Czy kiedykolwiek gra\u0142e\u015b w inny typ loterii online<\/a>? A mo\u017ce ju\u017c wcze\u015bniej poszed\u0142e\u015b do lokalnego sklepu, \u017ceby odebra\u0107 bilety. S\u0105 to gry, kt\u00f3re b\u0119d\u0105 jeszcze bardziej zabawne i dadz\u0105 Ci jeszcze wi\u0119ksz\u0105 szans\u0119 na wygranie ogromnej nagrody.<\/p><p>Z francuskiej loterii, wystarczy <a href=\"https:\/\/redfoxlotto.com\/pl\/loterie\/\">kupi\u0107 bilet online<\/a>, aby m\u00f3c zacz\u0105\u0107 gra\u0107 i kupowa\u0107 ten bilet jest super \u0142atwy. Dla tej konkretnej gry, b\u0119dziesz mia\u0142 mo\u017cliwo\u015b\u0107 wyboru pi\u0119ciu liczb plus numer bonusowy. <\/p><h2 class=\"wp-block-heading\">Jak wygra\u0107 francusk\u0105 loteri\u0119 online<\/h2><p>Gra rysuje co kilka dni, z rysunkami w poniedzia\u0142ek, \u015brod\u0119 i sobot\u0119, wi\u0119c nie b\u0119dziesz musia\u0142 d\u0142ugo czeka\u0107. Po narysowaniu liczb, nadszed\u0142 czas, aby je sprawdzi\u0107. Mo\u017cesz wr\u00f3ci\u0107 tutaj, gdzie kupi\u0142e\u015b bilet, aby znale\u017a\u0107 zwyci\u0119skie numery i sprawdzi\u0107, czy wygra\u0142e\u015b jackpota lub przynajmniej jedn\u0105 z ma\u0142ych nagr\u00f3d.<\/p>","protected":false},"excerpt":{"rendered":"<p>Jeste\u015b gotowy do gry w zupe\u0142nie now\u0105 gr\u0119? Je\u015bli jeste\u015b, to powiniene\u015b absolutnie przyjrze\u0107 si\u0119 bli\u017cej francuskiej loterii. Je\u015bli nie gra\u0142e\u015b w ni\u0105 wcze\u015bniej, mo\u017cesz by\u0107 zaskoczony tym, jak bardzo jest ona podobna do gier, w kt\u00f3re gra\u0142e\u015b. Jak gra\u0107 w Francusk\u0105 Loteri\u0119 Online? Czy kiedykolwiek gra\u0142e\u015b w inny typ loterii online? A mo\u017ce ju\u017c [&hellip;]<\/p>\n","protected":false},"author":1,"featured_media":0,"parent":5704,"menu_order":33,"comment_status":"closed","ping_status":"closed","template":"lotto-fr.php","meta":{"_et_pb_use_builder":"","_et_pb_old_content":"","_et_gb_content_width":"","exclude_from_search":false,"footnotes":""},"class_list":["post-6523","page","type-page","status-publish","hentry"],"yoast_head":"<!-- This site is optimized with the Yoast SEO plugin v27.3 - https:\/\/yoast.com\/product\/yoast-seo-wordpress\/ -->\n<title>Jak gra\u0107 w Francusk\u0105 Loteri\u0119 Online?<\/title>\n<meta name=\"description\" content=\"Kiedy b\u0119dziesz gotowy do gry na francuskiej loterii, to w\u0142a\u015bciwe miejsce, aby\u015b m\u00f3g\u0142 zacz\u0105\u0107.\" \/>\n<meta name=\"robots\" content=\"index, follow, max-snippet:-1, max-image-preview:large, max-video-preview:-1\" \/>\n<link rel=\"canonical\" href=\"https:\/\/redfoxlotto.com\/pl\/graj\/loto-fr\/\" \/>\n<meta property=\"og:locale\" content=\"pl_PL\" \/>\n<meta property=\"og:type\" content=\"article\" \/>\n<meta property=\"og:title\" content=\"Jak gra\u0107 w Francusk\u0105 Loteri\u0119 Online?\" \/>\n<meta property=\"og:description\" content=\"Kiedy b\u0119dziesz gotowy do gry na francuskiej loterii, to w\u0142a\u015bciwe miejsce, aby\u015b m\u00f3g\u0142 zacz\u0105\u0107.\" \/>\n<meta property=\"og:url\" content=\"https:\/\/redfoxlotto.com\/pl\/graj\/loto-fr\/\" \/>\n<meta property=\"og:site_name\" content=\"Get Tickets for the World\u2019s largest jackpots\" \/>\n<meta property=\"article:modified_time\" content=\"2025-12-10T23:40:38+00:00\" \/>\n<meta name=\"twitter:card\" content=\"summary_large_image\" \/>\n<meta name=\"twitter:label1\" content=\"Szacowany czas czytania\" \/>\n\t<meta name=\"twitter:data1\" content=\"1 minuta\" \/>\n<script type=\"application\/ld+json\" class=\"yoast-schema-graph\">{\"@context\":\"https:\\\/\\\/schema.org\",\"@graph\":[{\"@type\":\"WebPage\",\"@id\":\"https:\\\/\\\/redfoxlotto.com\\\/pl\\\/graj\\\/loto-fr\\\/\",\"url\":\"https:\\\/\\\/redfoxlotto.com\\\/pl\\\/graj\\\/loto-fr\\\/\",\"name\":\"Jak gra\u0107 w Francusk\u0105 Loteri\u0119 Online?\",\"isPartOf\":{\"@id\":\"https:\\\/\\\/redfoxlotto.com\\\/pl\\\/#website\"},\"datePublished\":\"2019-08-09T14:24:22+00:00\",\"dateModified\":\"2025-12-10T23:40:38+00:00\",\"description\":\"Kiedy b\u0119dziesz gotowy do gry na francuskiej loterii, to w\u0142a\u015bciwe miejsce, aby\u015b m\u00f3g\u0142 zacz\u0105\u0107.\",\"breadcrumb\":{\"@id\":\"https:\\\/\\\/redfoxlotto.com\\\/pl\\\/graj\\\/loto-fr\\\/#breadcrumb\"},\"inLanguage\":\"pl-PL\",\"potentialAction\":[{\"@type\":\"ReadAction\",\"target\":[\"https:\\\/\\\/redfoxlotto.com\\\/pl\\\/graj\\\/loto-fr\\\/\"]}]},{\"@type\":\"BreadcrumbList\",\"@id\":\"https:\\\/\\\/redfoxlotto.com\\\/pl\\\/graj\\\/loto-fr\\\/#breadcrumb\",\"itemListElement\":[{\"@type\":\"ListItem\",\"position\":1,\"name\":\"Home\",\"item\":\"https:\\\/\\\/redfoxlotto.com\\\/pl\\\/\"},{\"@type\":\"ListItem\",\"position\":2,\"name\":\"Jak gra\u0107 na loteriach innych kraj\u00f3w?\",\"item\":\"https:\\\/\\\/redfoxlotto.com\\\/pl\\\/graj\\\/\"},{\"@type\":\"ListItem\",\"position\":3,\"name\":\"Zagraj we francusk\u0105 loteri\u0119\"}]},{\"@type\":\"WebSite\",\"@id\":\"https:\\\/\\\/redfoxlotto.com\\\/pl\\\/#website\",\"url\":\"https:\\\/\\\/redfoxlotto.com\\\/pl\\\/\",\"name\":\"Get Tickets for the World\u2019s largest jackpots\",\"description\":\"Participate in worldwide lottery jackpots from any country\",\"publisher\":{\"@id\":\"https:\\\/\\\/redfoxlotto.com\\\/pl\\\/#organization\"},\"potentialAction\":[{\"@type\":\"SearchAction\",\"target\":{\"@type\":\"EntryPoint\",\"urlTemplate\":\"https:\\\/\\\/redfoxlotto.com\\\/pl\\\/?s={search_term_string}\"},\"query-input\":{\"@type\":\"PropertyValueSpecification\",\"valueRequired\":true,\"valueName\":\"search_term_string\"}}],\"inLanguage\":\"pl-PL\"},{\"@type\":\"Organization\",\"@id\":\"https:\\\/\\\/redfoxlotto.com\\\/pl\\\/#organization\",\"name\":\"Get Tickets for the World\u2019s largest jackpots\",\"url\":\"https:\\\/\\\/redfoxlotto.com\\\/pl\\\/\",\"logo\":{\"@type\":\"ImageObject\",\"inLanguage\":\"pl-PL\",\"@id\":\"https:\\\/\\\/redfoxlotto.com\\\/pl\\\/#\\\/schema\\\/logo\\\/image\\\/\",\"url\":\"https:\\\/\\\/redfoxlotto.com\\\/wp-content\\\/uploads\\\/2023\\\/04\\\/logo.png\",\"contentUrl\":\"https:\\\/\\\/redfoxlotto.com\\\/wp-content\\\/uploads\\\/2023\\\/04\\\/logo.png\",\"width\":269,\"height\":53,\"caption\":\"Get Tickets for the World\u2019s largest jackpots\"},\"image\":{\"@id\":\"https:\\\/\\\/redfoxlotto.com\\\/pl\\\/#\\\/schema\\\/logo\\\/image\\\/\"}}]}<\/script>\n<!-- \/ Yoast SEO plugin. -->","yoast_head_json":{"title":"Jak gra\u0107 w Francusk\u0105 Loteri\u0119 Online?","description":"Kiedy b\u0119dziesz gotowy do gry na francuskiej loterii, to w\u0142a\u015bciwe miejsce, aby\u015b m\u00f3g\u0142 zacz\u0105\u0107.","robots":{"index":"index","follow":"follow","max-snippet":"max-snippet:-1","max-image-preview":"max-image-preview:large","max-video-preview":"max-video-preview:-1"},"canonical":"https:\/\/redfoxlotto.com\/pl\/graj\/loto-fr\/","og_locale":"pl_PL","og_type":"article","og_title":"Jak gra\u0107 w Francusk\u0105 Loteri\u0119 Online?","og_description":"Kiedy b\u0119dziesz gotowy do gry na francuskiej loterii, to w\u0142a\u015bciwe miejsce, aby\u015b m\u00f3g\u0142 zacz\u0105\u0107.","og_url":"https:\/\/redfoxlotto.com\/pl\/graj\/loto-fr\/","og_site_name":"Get Tickets for the World\u2019s largest jackpots","article_modified_time":"2025-12-10T23:40:38+00:00","twitter_card":"summary_large_image","twitter_misc":{"Szacowany czas czytania":"1 minuta"},"schema":{"@context":"https:\/\/schema.org","@graph":[{"@type":"WebPage","@id":"https:\/\/redfoxlotto.com\/pl\/graj\/loto-fr\/","url":"https:\/\/redfoxlotto.com\/pl\/graj\/loto-fr\/","name":"Jak gra\u0107 w Francusk\u0105 Loteri\u0119 Online?","isPartOf":{"@id":"https:\/\/redfoxlotto.com\/pl\/#website"},"datePublished":"2019-08-09T14:24:22+00:00","dateModified":"2025-12-10T23:40:38+00:00","description":"Kiedy b\u0119dziesz gotowy do gry na francuskiej loterii, to w\u0142a\u015bciwe miejsce, aby\u015b m\u00f3g\u0142 zacz\u0105\u0107.","breadcrumb":{"@id":"https:\/\/redfoxlotto.com\/pl\/graj\/loto-fr\/#breadcrumb"},"inLanguage":"pl-PL","potentialAction":[{"@type":"ReadAction","target":["https:\/\/redfoxlotto.com\/pl\/graj\/loto-fr\/"]}]},{"@type":"BreadcrumbList","@id":"https:\/\/redfoxlotto.com\/pl\/graj\/loto-fr\/#breadcrumb","itemListElement":[{"@type":"ListItem","position":1,"name":"Home","item":"https:\/\/redfoxlotto.com\/pl\/"},{"@type":"ListItem","position":2,"name":"Jak gra\u0107 na loteriach innych kraj\u00f3w?","item":"https:\/\/redfoxlotto.com\/pl\/graj\/"},{"@type":"ListItem","position":3,"name":"Zagraj we francusk\u0105 loteri\u0119"}]},{"@type":"WebSite","@id":"https:\/\/redfoxlotto.com\/pl\/#website","url":"https:\/\/redfoxlotto.com\/pl\/","name":"Get Tickets for the World\u2019s largest jackpots","description":"Participate in worldwide lottery jackpots from any country","publisher":{"@id":"https:\/\/redfoxlotto.com\/pl\/#organization"},"potentialAction":[{"@type":"SearchAction","target":{"@type":"EntryPoint","urlTemplate":"https:\/\/redfoxlotto.com\/pl\/?s={search_term_string}"},"query-input":{"@type":"PropertyValueSpecification","valueRequired":true,"valueName":"search_term_string"}}],"inLanguage":"pl-PL"},{"@type":"Organization","@id":"https:\/\/redfoxlotto.com\/pl\/#organization","name":"Get Tickets for the World\u2019s largest jackpots","url":"https:\/\/redfoxlotto.com\/pl\/","logo":{"@type":"ImageObject","inLanguage":"pl-PL","@id":"https:\/\/redfoxlotto.com\/pl\/#\/schema\/logo\/image\/","url":"https:\/\/redfoxlotto.com\/wp-content\/uploads\/2023\/04\/logo.png","contentUrl":"https:\/\/redfoxlotto.com\/wp-content\/uploads\/2023\/04\/logo.png","width":269,"height":53,"caption":"Get Tickets for the World\u2019s largest jackpots"},"image":{"@id":"https:\/\/redfoxlotto.com\/pl\/#\/schema\/logo\/image\/"}}]}},"_links":{"self":[{"href":"https:\/\/redfoxlotto.com\/pl\/wp-json\/wp\/v2\/pages\/6523","targetHints":{"allow":["GET"]}}],"collection":[{"href":"https:\/\/redfoxlotto.com\/pl\/wp-json\/wp\/v2\/pages"}],"about":[{"href":"https:\/\/redfoxlotto.com\/pl\/wp-json\/wp\/v2\/types\/page"}],"author":[{"embeddable":true,"href":"https:\/\/redfoxlotto.com\/pl\/wp-json\/wp\/v2\/users\/1"}],"replies":[{"embeddable":true,"href":"https:\/\/redfoxlotto.com\/pl\/wp-json\/wp\/v2\/comments?post=6523"}],"version-history":[{"count":0,"href":"https:\/\/redfoxlotto.com\/pl\/wp-json\/wp\/v2\/pages\/6523\/revisions"}],"up":[{"embeddable":true,"href":"https:\/\/redfoxlotto.com\/pl\/wp-json\/wp\/v2\/pages\/5704"}],"wp:attachment":[{"href":"https:\/\/redfoxlotto.com\/pl\/wp-json\/wp\/v2\/media?parent=6523"}],"curies":[{"name":"wp","href":"https:\/\/api.w.org\/{rel}","templated":true}]}}