{"id":6521,"date":"2019-08-09T14:33:52","date_gmt":"2019-08-09T14:33:52","guid":{"rendered":"https:\/\/redfoxlotto.com\/?page_id=6521"},"modified":"2019-11-28T15:09:35","modified_gmt":"2019-11-28T15:09:35","slug":"loto-fr","status":"publish","type":"page","link":"https:\/\/redfoxlotto.com\/pl\/loterie\/loto-fr\/","title":{"rendered":"O francuskiej loterii"},"content":{"rendered":"<p>Mo\u017cesz by\u0107 zaskoczony wiedz\u0105c, \u017ce loteria we Francji si\u0119ga a\u017c do 1505 roku. Kr\u00f3l Franciszek I rozpocz\u0105\u0142 j\u0105 od swoich obywateli, ale gra nadal si\u0119 zmienia\u0142a. Mimo to, og\u00f3lny proces b\u0119dzie bardzo podobny do tego, co prawdopodobnie widzia\u0142e\u015b w ka\u017cdej innej grze na <a href=\"https:\/\/redfoxlotto.com\/pl\/\">loterii<\/a>, w kt\u00f3r\u0105 gra\u0142e\u015b. <\/p><!--more--><h2 class=\"wp-block-heading\">Jak to dzia\u0142a<\/h2><p>Z francusk\u0105 loteri\u0105 s\u0105 w\u0142a\u015bciwie rysunki z trzech dni tygodnia &#8211; w ka\u017cdy poniedzia\u0142ek, \u015brod\u0119 i sobot\u0119 robi\u0105 nowe rysunki. Na szczycie cz\u0119stotliwo\u015bci rysunk\u00f3w, gra jest super prosta. A je\u015bli kupisz swoje francuskie bilety na lotto online, jest to jeszcze \u0142atwiejsze. Spos\u00f3b, w jaki zamierzasz wygra\u0107 jest taki, \u017ce masz wszystkie pi\u0119\u0107 poprawnych liczb i dostajesz w\u0142a\u015bciw\u0105 pi\u0142k\u0119 bonusow\u0105. Du\u017ca wygrana wyniesie co najmniej 2.000.000.000 euro. <\/p><h2 class=\"wp-block-heading\">Wyb\u00f3r numer\u00f3w<\/h2><p>Istnieje wiele r\u00f3\u017cnych sposob\u00f3w, na kt\u00f3re mo\u017cesz <a href=\"https:\/\/redfoxlotto.com\/pl\/wyniki\/\">wybra\u0107 liczby<\/a>, kt\u00f3re chcesz zagra\u0107. Mo\u017cesz wype\u0142ni\u0107 'slip&#8217; z numerami, kt\u00f3re chcesz lub mo\u017cesz wybra\u0107 tylko po to, aby uzyska\u0107 '\u0142atwy wyb\u00f3r&#8217;. <\/p><h2 class=\"wp-block-heading\">Jak wygra\u0107<\/h2><p>Tak d\u0142ugo, jak d\u0142ugo otrzymujesz numer bonusowy, wygrasz co\u015b. Je\u015bli dostaniesz dwa z regularnych numer\u00f3w, ale nie bonus, wygrasz r\u00f3wnie\u017c co\u015b. I za ka\u017cd\u0105 dodatkow\u0105 liczb\u0119, kt\u00f3r\u0105 masz ponad to, \u017ce wygrasz troch\u0119 wi\u0119cej i troch\u0119 wi\u0119cej. Najlepszym sposobem na wygran\u0105 b\u0119d\u0105 cztery numery plus bonus lub wszystkie pi\u0119\u0107 numer\u00f3w plus bonus. <\/p><h2 class=\"wp-block-heading\">Jak kupi\u0107 bilety na Francusk\u0105 Loteri\u0119 Online?<\/h2><p>Kupuj\u0105c online, b\u0119dziesz w stanie uzyska\u0107 wszystkie te same korzy\u015bci, kt\u00f3re uzyska\u0142by\u015b, gdyby\u015b mieszka\u0142 we Francji i m\u00f3g\u0142 kupi\u0107 bilety lokalnie.<\/p>","protected":false},"excerpt":{"rendered":"<p>Mo\u017cesz by\u0107 zaskoczony wiedz\u0105c, \u017ce loteria we Francji si\u0119ga a\u017c do 1505 roku. Kr\u00f3l Franciszek I rozpocz\u0105\u0142 j\u0105 od swoich obywateli, ale gra nadal si\u0119 zmienia\u0142a. Mimo to, og\u00f3lny proces b\u0119dzie bardzo podobny do tego, co prawdopodobnie widzia\u0142e\u015b w ka\u017cdej innej grze na loterii, w kt\u00f3r\u0105 gra\u0142e\u015b.<\/p>\n","protected":false},"author":1,"featured_media":0,"parent":5686,"menu_order":31,"comment_status":"closed","ping_status":"closed","template":"lotto-fr-info.php","meta":{"_et_pb_use_builder":"","_et_pb_old_content":"","_et_gb_content_width":"","exclude_from_search":false,"footnotes":""},"class_list":["post-6521","page","type-page","status-publish","hentry"],"yoast_head":"<!-- This site is optimized with the Yoast SEO plugin v23.8 - https:\/\/yoast.com\/wordpress\/plugins\/seo\/ -->\n<title>Jak kupi\u0107 bilety na Francusk\u0105 Loteri\u0119 Online?<\/title>\n<meta name=\"description\" content=\"Gotowy do zakupu bilet\u00f3w na francusk\u0105 loteri\u0119 online? Odwied\u017acie to miejsce!\" \/>\n<meta name=\"robots\" content=\"index, follow, max-snippet:-1, max-image-preview:large, max-video-preview:-1\" \/>\n<link rel=\"canonical\" href=\"https:\/\/redfoxlotto.com\/pl\/loterie\/loto-fr\/\" \/>\n<meta property=\"og:locale\" content=\"pl_PL\" \/>\n<meta property=\"og:type\" content=\"article\" \/>\n<meta property=\"og:title\" content=\"Jak kupi\u0107 bilety na Francusk\u0105 Loteri\u0119 Online?\" \/>\n<meta property=\"og:description\" content=\"Gotowy do zakupu bilet\u00f3w na francusk\u0105 loteri\u0119 online? Odwied\u017acie to miejsce!\" \/>\n<meta property=\"og:url\" content=\"https:\/\/redfoxlotto.com\/pl\/loterie\/loto-fr\/\" \/>\n<meta property=\"og:site_name\" content=\"Get Tickets for the World\u2019s largest jackpots\" \/>\n<meta property=\"article:modified_time\" content=\"2019-11-28T15:09:35+00:00\" \/>\n<meta name=\"twitter:card\" content=\"summary_large_image\" \/>\n<meta name=\"twitter:label1\" content=\"Szacowany czas czytania\" \/>\n\t<meta name=\"twitter:data1\" content=\"1 minuta\" \/>\n<script type=\"application\/ld+json\" class=\"yoast-schema-graph\">{\"@context\":\"https:\/\/schema.org\",\"@graph\":[{\"@type\":\"WebPage\",\"@id\":\"https:\/\/redfoxlotto.com\/pl\/loterie\/loto-fr\/\",\"url\":\"https:\/\/redfoxlotto.com\/pl\/loterie\/loto-fr\/\",\"name\":\"Jak kupi\u0107 bilety na Francusk\u0105 Loteri\u0119 Online?\",\"isPartOf\":{\"@id\":\"https:\/\/redfoxlotto.com\/pl\/#website\"},\"datePublished\":\"2019-08-09T14:33:52+00:00\",\"dateModified\":\"2019-11-28T15:09:35+00:00\",\"description\":\"Gotowy do zakupu bilet\u00f3w na francusk\u0105 loteri\u0119 online? Odwied\u017acie to miejsce!\",\"breadcrumb\":{\"@id\":\"https:\/\/redfoxlotto.com\/pl\/loterie\/loto-fr\/#breadcrumb\"},\"inLanguage\":\"pl-PL\",\"potentialAction\":[{\"@type\":\"ReadAction\",\"target\":[\"https:\/\/redfoxlotto.com\/pl\/loterie\/loto-fr\/\"]}]},{\"@type\":\"BreadcrumbList\",\"@id\":\"https:\/\/redfoxlotto.com\/pl\/loterie\/loto-fr\/#breadcrumb\",\"itemListElement\":[{\"@type\":\"ListItem\",\"position\":1,\"name\":\"Home\",\"item\":\"https:\/\/redfoxlotto.com\/pl\/\"},{\"@type\":\"ListItem\",\"position\":2,\"name\":\"Jak kupi\u0107 bilety na loteri\u0119 online &#8211; proces zakupu\",\"item\":\"https:\/\/redfoxlotto.com\/pl\/loterie\/\"},{\"@type\":\"ListItem\",\"position\":3,\"name\":\"O francuskiej loterii\"}]},{\"@type\":\"WebSite\",\"@id\":\"https:\/\/redfoxlotto.com\/pl\/#website\",\"url\":\"https:\/\/redfoxlotto.com\/pl\/\",\"name\":\"Get Tickets for the World\u2019s largest jackpots\",\"description\":\"Participate in worldwide lottery jackpots from any country\",\"publisher\":{\"@id\":\"https:\/\/redfoxlotto.com\/pl\/#organization\"},\"potentialAction\":[{\"@type\":\"SearchAction\",\"target\":{\"@type\":\"EntryPoint\",\"urlTemplate\":\"https:\/\/redfoxlotto.com\/pl\/?s={search_term_string}\"},\"query-input\":{\"@type\":\"PropertyValueSpecification\",\"valueRequired\":true,\"valueName\":\"search_term_string\"}}],\"inLanguage\":\"pl-PL\"},{\"@type\":\"Organization\",\"@id\":\"https:\/\/redfoxlotto.com\/pl\/#organization\",\"name\":\"Get Tickets for the World\u2019s largest jackpots\",\"url\":\"https:\/\/redfoxlotto.com\/pl\/\",\"logo\":{\"@type\":\"ImageObject\",\"inLanguage\":\"pl-PL\",\"@id\":\"https:\/\/redfoxlotto.com\/pl\/#\/schema\/logo\/image\/\",\"url\":\"https:\/\/redfoxlotto.com\/wp-content\/uploads\/2023\/04\/logo.png\",\"contentUrl\":\"https:\/\/redfoxlotto.com\/wp-content\/uploads\/2023\/04\/logo.png\",\"width\":269,\"height\":53,\"caption\":\"Get Tickets for the World\u2019s largest jackpots\"},\"image\":{\"@id\":\"https:\/\/redfoxlotto.com\/pl\/#\/schema\/logo\/image\/\"}}]}<\/script>\n<!-- \/ Yoast SEO plugin. -->","yoast_head_json":{"title":"Jak kupi\u0107 bilety na Francusk\u0105 Loteri\u0119 Online?","description":"Gotowy do zakupu bilet\u00f3w na francusk\u0105 loteri\u0119 online? Odwied\u017acie to miejsce!","robots":{"index":"index","follow":"follow","max-snippet":"max-snippet:-1","max-image-preview":"max-image-preview:large","max-video-preview":"max-video-preview:-1"},"canonical":"https:\/\/redfoxlotto.com\/pl\/loterie\/loto-fr\/","og_locale":"pl_PL","og_type":"article","og_title":"Jak kupi\u0107 bilety na Francusk\u0105 Loteri\u0119 Online?","og_description":"Gotowy do zakupu bilet\u00f3w na francusk\u0105 loteri\u0119 online? Odwied\u017acie to miejsce!","og_url":"https:\/\/redfoxlotto.com\/pl\/loterie\/loto-fr\/","og_site_name":"Get Tickets for the World\u2019s largest jackpots","article_modified_time":"2019-11-28T15:09:35+00:00","twitter_card":"summary_large_image","twitter_misc":{"Szacowany czas czytania":"1 minuta"},"schema":{"@context":"https:\/\/schema.org","@graph":[{"@type":"WebPage","@id":"https:\/\/redfoxlotto.com\/pl\/loterie\/loto-fr\/","url":"https:\/\/redfoxlotto.com\/pl\/loterie\/loto-fr\/","name":"Jak kupi\u0107 bilety na Francusk\u0105 Loteri\u0119 Online?","isPartOf":{"@id":"https:\/\/redfoxlotto.com\/pl\/#website"},"datePublished":"2019-08-09T14:33:52+00:00","dateModified":"2019-11-28T15:09:35+00:00","description":"Gotowy do zakupu bilet\u00f3w na francusk\u0105 loteri\u0119 online? Odwied\u017acie to miejsce!","breadcrumb":{"@id":"https:\/\/redfoxlotto.com\/pl\/loterie\/loto-fr\/#breadcrumb"},"inLanguage":"pl-PL","potentialAction":[{"@type":"ReadAction","target":["https:\/\/redfoxlotto.com\/pl\/loterie\/loto-fr\/"]}]},{"@type":"BreadcrumbList","@id":"https:\/\/redfoxlotto.com\/pl\/loterie\/loto-fr\/#breadcrumb","itemListElement":[{"@type":"ListItem","position":1,"name":"Home","item":"https:\/\/redfoxlotto.com\/pl\/"},{"@type":"ListItem","position":2,"name":"Jak kupi\u0107 bilety na loteri\u0119 online &#8211; proces zakupu","item":"https:\/\/redfoxlotto.com\/pl\/loterie\/"},{"@type":"ListItem","position":3,"name":"O francuskiej loterii"}]},{"@type":"WebSite","@id":"https:\/\/redfoxlotto.com\/pl\/#website","url":"https:\/\/redfoxlotto.com\/pl\/","name":"Get Tickets for the World\u2019s largest jackpots","description":"Participate in worldwide lottery jackpots from any country","publisher":{"@id":"https:\/\/redfoxlotto.com\/pl\/#organization"},"potentialAction":[{"@type":"SearchAction","target":{"@type":"EntryPoint","urlTemplate":"https:\/\/redfoxlotto.com\/pl\/?s={search_term_string}"},"query-input":{"@type":"PropertyValueSpecification","valueRequired":true,"valueName":"search_term_string"}}],"inLanguage":"pl-PL"},{"@type":"Organization","@id":"https:\/\/redfoxlotto.com\/pl\/#organization","name":"Get Tickets for the World\u2019s largest jackpots","url":"https:\/\/redfoxlotto.com\/pl\/","logo":{"@type":"ImageObject","inLanguage":"pl-PL","@id":"https:\/\/redfoxlotto.com\/pl\/#\/schema\/logo\/image\/","url":"https:\/\/redfoxlotto.com\/wp-content\/uploads\/2023\/04\/logo.png","contentUrl":"https:\/\/redfoxlotto.com\/wp-content\/uploads\/2023\/04\/logo.png","width":269,"height":53,"caption":"Get Tickets for the World\u2019s largest jackpots"},"image":{"@id":"https:\/\/redfoxlotto.com\/pl\/#\/schema\/logo\/image\/"}}]}},"_links":{"self":[{"href":"https:\/\/redfoxlotto.com\/pl\/wp-json\/wp\/v2\/pages\/6521","targetHints":{"allow":["GET"]}}],"collection":[{"href":"https:\/\/redfoxlotto.com\/pl\/wp-json\/wp\/v2\/pages"}],"about":[{"href":"https:\/\/redfoxlotto.com\/pl\/wp-json\/wp\/v2\/types\/page"}],"author":[{"embeddable":true,"href":"https:\/\/redfoxlotto.com\/pl\/wp-json\/wp\/v2\/users\/1"}],"replies":[{"embeddable":true,"href":"https:\/\/redfoxlotto.com\/pl\/wp-json\/wp\/v2\/comments?post=6521"}],"version-history":[{"count":0,"href":"https:\/\/redfoxlotto.com\/pl\/wp-json\/wp\/v2\/pages\/6521\/revisions"}],"up":[{"embeddable":true,"href":"https:\/\/redfoxlotto.com\/pl\/wp-json\/wp\/v2\/pages\/5686"}],"wp:attachment":[{"href":"https:\/\/redfoxlotto.com\/pl\/wp-json\/wp\/v2\/media?parent=6521"}],"curies":[{"name":"wp","href":"https:\/\/api.w.org\/{rel}","templated":true}]}}