{"id":6508,"date":"2019-11-20T11:24:49","date_gmt":"2019-11-20T11:24:49","guid":{"rendered":"https:\/\/redfoxlotto.com\/?page_id=6508"},"modified":"2019-11-28T14:14:51","modified_gmt":"2019-11-28T14:14:51","slug":"la-primitiva","status":"publish","type":"page","link":"https:\/\/redfoxlotto.com\/pl\/wyniki\/la-primitiva\/","title":{"rendered":"Zwyci\u0119skie liczby i wyniki La Primitiva"},"content":{"rendered":"<p>Losowanie La Primitiva, najwi\u0119kszej hiszpa\u0144skiej loterii, odbywa si\u0119 w ka\u017cd\u0105 niedziel\u0119 o 13:00 CET. Zaraz po zako\u0144czeniu rysowania, wyniki mo\u017cna znale\u017a\u0107 tutaj na stronie <a href=\"https:\/\/redfoxlotto.com\/pl\/\">RedFoxLotto.com<\/a>.<\/p><p><img loading=\"lazy\" decoding=\"async\" class=\" wp-image alignright\" src=\"https:\/\/content.redfoxlotto.com\/uploads\/sites\/9\/1_results_lottery_online5.jpg\" alt=\"wyniki lotto\" width=\"257\" height=\"171\" \/><\/p><!--more--><p><br> Upewnij si\u0119, \u017ce por\u00f3wnujesz numery na swoim bilecie z numerami wygrywaj\u0105cymi, sprawdzaj\u0105c w ten spos\u00f3b, czy wygra\u0142e\u015b, czy nie.<\/p><p>Je\u015bli posiadasz bilet na La Primitiva, kt\u00f3ry zosta\u0142 zakupiony za naszym po\u015brednictwem, poinformujemy Ci\u0119 r\u00f3wnie\u017c o wszelkich wygranych. Otrzymasz od nas wiadomo\u015b\u0107 e-mail z dalszymi instrukcjami. Upewnij si\u0119, \u017ce nasze e-maile nie wyl\u0105duj\u0105 w Twojej skrzynce spamu. Aby mie\u0107 pewno\u015b\u0107, \u017ce informacje o Twoich wygranych s\u0105 otrzymywane, sugerujemy dodanie RedFoxLotto.com do bia\u0142ej listy Twoich dostawc\u00f3w poczty elektronicznej.<\/p><p><img loading=\"lazy\" decoding=\"async\" class=\" wp-image alignright\" src=\"https:\/\/content.redfoxlotto.com\/uploads\/sites\/9\/1_lottery_numbers_online.jpg\" alt=\"La Primitiva\" width=\"300\" height=\"143\" \/><\/p><p>Zwyci\u0119skie liczby dla La Primitivy b\u0119d\u0105 si\u0119 sk\u0142ada\u0107 z 5 liczb od 1 do 54, plus jedna liczba od 0 do 9. 5+1 uczyni ci\u0119 zwyci\u0119zc\u0105 jackpota i milionerem. Ale nawet posiadanie pierwszych pi\u0119ciu numer\u00f3w wci\u0105\u017c da ci du\u017co pieni\u0119dzy. Na stronie z wynikami La Primitiva znajdziesz r\u00f3wnie\u017c wyp\u0142aty dla r\u00f3\u017cnych poziom\u00f3w nagr\u00f3d.<\/p>","protected":false},"excerpt":{"rendered":"<p>Losowanie La Primitiva, najwi\u0119kszej hiszpa\u0144skiej loterii, odbywa si\u0119 w ka\u017cd\u0105 niedziel\u0119 o 13:00 CET. Zaraz po zako\u0144czeniu rysowania, wyniki mo\u017cna znale\u017a\u0107 tutaj na stronie RedFoxLotto.com.<\/p>\n","protected":false},"author":1,"featured_media":0,"parent":5695,"menu_order":7,"comment_status":"closed","ping_status":"closed","template":"la-primitiva-results.php","meta":{"_et_pb_use_builder":"","_et_pb_old_content":"","_et_gb_content_width":"","exclude_from_search":false,"footnotes":""},"class_list":["post-6508","page","type-page","status-publish","hentry"],"yoast_head":"<!-- This site is optimized with the Yoast SEO plugin v23.8 - https:\/\/yoast.com\/wordpress\/plugins\/seo\/ -->\n<title>Zwyci\u0119skie numery i wyniki dla hiszpa\u0144skiej La Primitiva<\/title>\n<meta name=\"description\" content=\"Sprawd\u017a, czy Tw\u00f3j bilet na La Primitiva wygra\u0142, sprawd\u017a zwyci\u0119skie liczby tutaj!\" \/>\n<meta name=\"robots\" content=\"index, follow, max-snippet:-1, max-image-preview:large, max-video-preview:-1\" \/>\n<link rel=\"canonical\" href=\"https:\/\/redfoxlotto.com\/pl\/wyniki\/la-primitiva\/\" \/>\n<meta property=\"og:locale\" content=\"pl_PL\" \/>\n<meta property=\"og:type\" content=\"article\" \/>\n<meta property=\"og:title\" content=\"Zwyci\u0119skie numery i wyniki dla hiszpa\u0144skiej La Primitiva\" \/>\n<meta property=\"og:description\" content=\"Sprawd\u017a, czy Tw\u00f3j bilet na La Primitiva wygra\u0142, sprawd\u017a zwyci\u0119skie liczby tutaj!\" \/>\n<meta property=\"og:url\" content=\"https:\/\/redfoxlotto.com\/pl\/wyniki\/la-primitiva\/\" \/>\n<meta property=\"og:site_name\" content=\"Get Tickets for the World\u2019s largest jackpots\" \/>\n<meta property=\"article:modified_time\" content=\"2019-11-28T14:14:51+00:00\" \/>\n<meta property=\"og:image\" content=\"https:\/\/content.redfoxlotto.com\/uploads\/sites\/9\/1_results_lottery_online5.jpg\" \/>\n<meta name=\"twitter:card\" content=\"summary_large_image\" \/>\n<meta name=\"twitter:label1\" content=\"Szacowany czas czytania\" \/>\n\t<meta name=\"twitter:data1\" content=\"2 minuty\" \/>\n<script type=\"application\/ld+json\" class=\"yoast-schema-graph\">{\"@context\":\"https:\/\/schema.org\",\"@graph\":[{\"@type\":\"WebPage\",\"@id\":\"https:\/\/redfoxlotto.com\/pl\/wyniki\/la-primitiva\/\",\"url\":\"https:\/\/redfoxlotto.com\/pl\/wyniki\/la-primitiva\/\",\"name\":\"Zwyci\u0119skie numery i wyniki dla hiszpa\u0144skiej La Primitiva\",\"isPartOf\":{\"@id\":\"https:\/\/redfoxlotto.com\/pl\/#website\"},\"primaryImageOfPage\":{\"@id\":\"https:\/\/redfoxlotto.com\/pl\/wyniki\/la-primitiva\/#primaryimage\"},\"image\":{\"@id\":\"https:\/\/redfoxlotto.com\/pl\/wyniki\/la-primitiva\/#primaryimage\"},\"thumbnailUrl\":\"https:\/\/content.redfoxlotto.com\/uploads\/sites\/9\/1_results_lottery_online5.jpg\",\"datePublished\":\"2019-11-20T11:24:49+00:00\",\"dateModified\":\"2019-11-28T14:14:51+00:00\",\"description\":\"Sprawd\u017a, czy Tw\u00f3j bilet na La Primitiva wygra\u0142, sprawd\u017a zwyci\u0119skie liczby tutaj!\",\"breadcrumb\":{\"@id\":\"https:\/\/redfoxlotto.com\/pl\/wyniki\/la-primitiva\/#breadcrumb\"},\"inLanguage\":\"pl-PL\",\"potentialAction\":[{\"@type\":\"ReadAction\",\"target\":[\"https:\/\/redfoxlotto.com\/pl\/wyniki\/la-primitiva\/\"]}]},{\"@type\":\"ImageObject\",\"inLanguage\":\"pl-PL\",\"@id\":\"https:\/\/redfoxlotto.com\/pl\/wyniki\/la-primitiva\/#primaryimage\",\"url\":\"https:\/\/content.redfoxlotto.com\/uploads\/sites\/9\/1_results_lottery_online5.jpg\",\"contentUrl\":\"https:\/\/content.redfoxlotto.com\/uploads\/sites\/9\/1_results_lottery_online5.jpg\"},{\"@type\":\"BreadcrumbList\",\"@id\":\"https:\/\/redfoxlotto.com\/pl\/wyniki\/la-primitiva\/#breadcrumb\",\"itemListElement\":[{\"@type\":\"ListItem\",\"position\":1,\"name\":\"Home\",\"item\":\"https:\/\/redfoxlotto.com\/pl\/\"},{\"@type\":\"ListItem\",\"position\":2,\"name\":\"Wyniki mi\u0119dzynarodowej loterii\",\"item\":\"https:\/\/redfoxlotto.com\/pl\/wyniki\/\"},{\"@type\":\"ListItem\",\"position\":3,\"name\":\"Zwyci\u0119skie liczby i wyniki La Primitiva\"}]},{\"@type\":\"WebSite\",\"@id\":\"https:\/\/redfoxlotto.com\/pl\/#website\",\"url\":\"https:\/\/redfoxlotto.com\/pl\/\",\"name\":\"Get Tickets for the World\u2019s largest jackpots\",\"description\":\"Participate in worldwide lottery jackpots from any country\",\"publisher\":{\"@id\":\"https:\/\/redfoxlotto.com\/pl\/#organization\"},\"potentialAction\":[{\"@type\":\"SearchAction\",\"target\":{\"@type\":\"EntryPoint\",\"urlTemplate\":\"https:\/\/redfoxlotto.com\/pl\/?s={search_term_string}\"},\"query-input\":{\"@type\":\"PropertyValueSpecification\",\"valueRequired\":true,\"valueName\":\"search_term_string\"}}],\"inLanguage\":\"pl-PL\"},{\"@type\":\"Organization\",\"@id\":\"https:\/\/redfoxlotto.com\/pl\/#organization\",\"name\":\"Get Tickets for the World\u2019s largest jackpots\",\"url\":\"https:\/\/redfoxlotto.com\/pl\/\",\"logo\":{\"@type\":\"ImageObject\",\"inLanguage\":\"pl-PL\",\"@id\":\"https:\/\/redfoxlotto.com\/pl\/#\/schema\/logo\/image\/\",\"url\":\"https:\/\/redfoxlotto.com\/wp-content\/uploads\/2023\/04\/logo.png\",\"contentUrl\":\"https:\/\/redfoxlotto.com\/wp-content\/uploads\/2023\/04\/logo.png\",\"width\":269,\"height\":53,\"caption\":\"Get Tickets for the World\u2019s largest jackpots\"},\"image\":{\"@id\":\"https:\/\/redfoxlotto.com\/pl\/#\/schema\/logo\/image\/\"}}]}<\/script>\n<!-- \/ Yoast SEO plugin. -->","yoast_head_json":{"title":"Zwyci\u0119skie numery i wyniki dla hiszpa\u0144skiej La Primitiva","description":"Sprawd\u017a, czy Tw\u00f3j bilet na La Primitiva wygra\u0142, sprawd\u017a zwyci\u0119skie liczby tutaj!","robots":{"index":"index","follow":"follow","max-snippet":"max-snippet:-1","max-image-preview":"max-image-preview:large","max-video-preview":"max-video-preview:-1"},"canonical":"https:\/\/redfoxlotto.com\/pl\/wyniki\/la-primitiva\/","og_locale":"pl_PL","og_type":"article","og_title":"Zwyci\u0119skie numery i wyniki dla hiszpa\u0144skiej La Primitiva","og_description":"Sprawd\u017a, czy Tw\u00f3j bilet na La Primitiva wygra\u0142, sprawd\u017a zwyci\u0119skie liczby tutaj!","og_url":"https:\/\/redfoxlotto.com\/pl\/wyniki\/la-primitiva\/","og_site_name":"Get Tickets for the World\u2019s largest jackpots","article_modified_time":"2019-11-28T14:14:51+00:00","og_image":[{"url":"https:\/\/content.redfoxlotto.com\/uploads\/sites\/9\/1_results_lottery_online5.jpg"}],"twitter_card":"summary_large_image","twitter_misc":{"Szacowany czas czytania":"2 minuty"},"schema":{"@context":"https:\/\/schema.org","@graph":[{"@type":"WebPage","@id":"https:\/\/redfoxlotto.com\/pl\/wyniki\/la-primitiva\/","url":"https:\/\/redfoxlotto.com\/pl\/wyniki\/la-primitiva\/","name":"Zwyci\u0119skie numery i wyniki dla hiszpa\u0144skiej La Primitiva","isPartOf":{"@id":"https:\/\/redfoxlotto.com\/pl\/#website"},"primaryImageOfPage":{"@id":"https:\/\/redfoxlotto.com\/pl\/wyniki\/la-primitiva\/#primaryimage"},"image":{"@id":"https:\/\/redfoxlotto.com\/pl\/wyniki\/la-primitiva\/#primaryimage"},"thumbnailUrl":"https:\/\/content.redfoxlotto.com\/uploads\/sites\/9\/1_results_lottery_online5.jpg","datePublished":"2019-11-20T11:24:49+00:00","dateModified":"2019-11-28T14:14:51+00:00","description":"Sprawd\u017a, czy Tw\u00f3j bilet na La Primitiva wygra\u0142, sprawd\u017a zwyci\u0119skie liczby tutaj!","breadcrumb":{"@id":"https:\/\/redfoxlotto.com\/pl\/wyniki\/la-primitiva\/#breadcrumb"},"inLanguage":"pl-PL","potentialAction":[{"@type":"ReadAction","target":["https:\/\/redfoxlotto.com\/pl\/wyniki\/la-primitiva\/"]}]},{"@type":"ImageObject","inLanguage":"pl-PL","@id":"https:\/\/redfoxlotto.com\/pl\/wyniki\/la-primitiva\/#primaryimage","url":"https:\/\/content.redfoxlotto.com\/uploads\/sites\/9\/1_results_lottery_online5.jpg","contentUrl":"https:\/\/content.redfoxlotto.com\/uploads\/sites\/9\/1_results_lottery_online5.jpg"},{"@type":"BreadcrumbList","@id":"https:\/\/redfoxlotto.com\/pl\/wyniki\/la-primitiva\/#breadcrumb","itemListElement":[{"@type":"ListItem","position":1,"name":"Home","item":"https:\/\/redfoxlotto.com\/pl\/"},{"@type":"ListItem","position":2,"name":"Wyniki mi\u0119dzynarodowej loterii","item":"https:\/\/redfoxlotto.com\/pl\/wyniki\/"},{"@type":"ListItem","position":3,"name":"Zwyci\u0119skie liczby i wyniki La Primitiva"}]},{"@type":"WebSite","@id":"https:\/\/redfoxlotto.com\/pl\/#website","url":"https:\/\/redfoxlotto.com\/pl\/","name":"Get Tickets for the World\u2019s largest jackpots","description":"Participate in worldwide lottery jackpots from any country","publisher":{"@id":"https:\/\/redfoxlotto.com\/pl\/#organization"},"potentialAction":[{"@type":"SearchAction","target":{"@type":"EntryPoint","urlTemplate":"https:\/\/redfoxlotto.com\/pl\/?s={search_term_string}"},"query-input":{"@type":"PropertyValueSpecification","valueRequired":true,"valueName":"search_term_string"}}],"inLanguage":"pl-PL"},{"@type":"Organization","@id":"https:\/\/redfoxlotto.com\/pl\/#organization","name":"Get Tickets for the World\u2019s largest jackpots","url":"https:\/\/redfoxlotto.com\/pl\/","logo":{"@type":"ImageObject","inLanguage":"pl-PL","@id":"https:\/\/redfoxlotto.com\/pl\/#\/schema\/logo\/image\/","url":"https:\/\/redfoxlotto.com\/wp-content\/uploads\/2023\/04\/logo.png","contentUrl":"https:\/\/redfoxlotto.com\/wp-content\/uploads\/2023\/04\/logo.png","width":269,"height":53,"caption":"Get Tickets for the World\u2019s largest jackpots"},"image":{"@id":"https:\/\/redfoxlotto.com\/pl\/#\/schema\/logo\/image\/"}}]}},"_links":{"self":[{"href":"https:\/\/redfoxlotto.com\/pl\/wp-json\/wp\/v2\/pages\/6508","targetHints":{"allow":["GET"]}}],"collection":[{"href":"https:\/\/redfoxlotto.com\/pl\/wp-json\/wp\/v2\/pages"}],"about":[{"href":"https:\/\/redfoxlotto.com\/pl\/wp-json\/wp\/v2\/types\/page"}],"author":[{"embeddable":true,"href":"https:\/\/redfoxlotto.com\/pl\/wp-json\/wp\/v2\/users\/1"}],"replies":[{"embeddable":true,"href":"https:\/\/redfoxlotto.com\/pl\/wp-json\/wp\/v2\/comments?post=6508"}],"version-history":[{"count":0,"href":"https:\/\/redfoxlotto.com\/pl\/wp-json\/wp\/v2\/pages\/6508\/revisions"}],"up":[{"embeddable":true,"href":"https:\/\/redfoxlotto.com\/pl\/wp-json\/wp\/v2\/pages\/5695"}],"wp:attachment":[{"href":"https:\/\/redfoxlotto.com\/pl\/wp-json\/wp\/v2\/media?parent=6508"}],"curies":[{"name":"wp","href":"https:\/\/api.w.org\/{rel}","templated":true}]}}