{"id":6507,"date":"2023-04-24T17:52:16","date_gmt":"2023-04-24T17:52:16","guid":{"rendered":"https:\/\/redfoxlotto.com\/?page_id=6507"},"modified":"2019-11-28T14:12:18","modified_gmt":"2019-11-28T14:12:18","slug":"la-primitiva","status":"publish","type":"page","link":"https:\/\/redfoxlotto.com\/pl\/graj\/la-primitiva\/","title":{"rendered":"Jak uczestniczy\u0107 w programie La Primitiva?"},"content":{"rendered":"<h2 class=\"wp-block-heading\">Cotygodniowa hiszpa\u0144ska loteria La Primitiva<\/h2><p><img loading=\"lazy\" decoding=\"async\" class=\"pe\u0142ny rozmiar wp-image alignright\" src=\"https:\/\/content.redfoxlotto.com\/uploads\/sites\/9\/1_play_lotto_to_win.jpg\" alt=\"La Primitiva graj online\" width=\"253\" height=\"180\" \/><\/p><p>La Primitiva to hiszpa\u0144ska loteria, kt\u00f3ra cz\u0119sto miesza si\u0119 z El Gordo. Oba s\u0105 w posiadaniu tej samej korporacji. La Primitiva to cotygodniowa hiszpa\u0144ska loteria z losowaniami w ka\u017cdy czwartek i sobot\u0119. Musisz wybra\u0107 6 z 49 numer\u00f3w, aby uzupe\u0142ni\u0107 sw\u00f3j bilet.<\/p><h2 class=\"wp-block-heading\">Gdzie mog\u0119 gra\u0107 w La Primitiva online?<\/h2><p><img decoding=\"async\" class=\"pe\u0142ny rozmiar wp-image alignright\" src=\"https:\/\/content.redfoxlotto.com\/uploads\/sites\/9\/2_ticket_la_primitiva4.jpg\" alt=\"win La Primitiva\"><\/p><p>Je\u015bli chcia\u0142by\u015b zagra\u0107 w La Primitiv\u0119 z Polski, mo\u017cesz to zrobi\u0107 tutaj, na naszej stronie. U\u017cyj naszego generatora liczb losowych lub sam wybierz swoje liczby.<\/p><p>Po z\u0142o\u017ceniu zam\u00f3wienia na bilety (zach\u0119camy do dodawania bilet\u00f3w na inne loterie), musisz za\u0142o\u017cy\u0107 u nas konto klienta i zap\u0142aci\u0107 online. Nie zapomnij sprawdzi\u0107 skrzynki odbiorczej poczty elektronicznej, w kt\u00f3rej znajduje si\u0119 wiadomo\u015b\u0107 zawieraj\u0105ca link potwierdzaj\u0105cy rejestracj\u0119. Zapami\u0119taj swoje dane logowania. Z tymi danymi logowania, mo\u017cesz sprawdzi\u0107 swoje wygrane w dowolnym momencie.<\/p><p>Oczywi\u015bcie, zawsze mo\u017cesz wr\u00f3ci\u0107 i zagra\u0107 wi\u0119cej loterii. Sugerujemy regularne sprawdzanie i sprawdzanie <a href=\"https:\/\/redfoxlotto.com\/pl\/poziomy-i-kursy-dla-euromillions-i-eurojackpot\/\">aktualnych rozmiar\u00f3w jackpot\u00f3w<\/a>.<\/p>","protected":false},"excerpt":{"rendered":"<p>Cotygodniowa hiszpa\u0144ska loteria La Primitiva La Primitiva to hiszpa\u0144ska loteria, kt\u00f3ra cz\u0119sto miesza si\u0119 z El Gordo. Oba s\u0105 w posiadaniu tej samej korporacji. La Primitiva to cotygodniowa hiszpa\u0144ska loteria z losowaniami w ka\u017cdy czwartek i sobot\u0119. Musisz wybra\u0107 6 z 49 numer\u00f3w, aby uzupe\u0142ni\u0107 sw\u00f3j bilet. Gdzie mog\u0119 gra\u0107 w La Primitiva online? Je\u015bli [&hellip;]<\/p>\n","protected":false},"author":1,"featured_media":0,"parent":5704,"menu_order":7,"comment_status":"closed","ping_status":"closed","template":"la-primitiva.php","meta":{"_et_pb_use_builder":"","_et_pb_old_content":"","_et_gb_content_width":"","exclude_from_search":false,"footnotes":""},"class_list":["post-6507","page","type-page","status-publish","hentry"],"yoast_head":"<!-- This site is optimized with the Yoast SEO plugin v23.8 - https:\/\/yoast.com\/wordpress\/plugins\/seo\/ -->\n<title>Zagraj La Primitiva z Polski<\/title>\n<meta name=\"description\" content=\"Pozw\u00f3l nam pokaza\u0107, jak mo\u017cesz zagra\u0107 w La Primitiva Lottery Spain z Polski.\" \/>\n<meta name=\"robots\" content=\"index, follow, max-snippet:-1, max-image-preview:large, max-video-preview:-1\" \/>\n<link rel=\"canonical\" href=\"https:\/\/redfoxlotto.com\/pl\/graj\/la-primitiva\/\" \/>\n<meta property=\"og:locale\" content=\"pl_PL\" \/>\n<meta property=\"og:type\" content=\"article\" \/>\n<meta property=\"og:title\" content=\"Zagraj La Primitiva z Polski\" \/>\n<meta property=\"og:description\" content=\"Pozw\u00f3l nam pokaza\u0107, jak mo\u017cesz zagra\u0107 w La Primitiva Lottery Spain z Polski.\" \/>\n<meta property=\"og:url\" content=\"https:\/\/redfoxlotto.com\/pl\/graj\/la-primitiva\/\" \/>\n<meta property=\"og:site_name\" content=\"Get Tickets for the World\u2019s largest jackpots\" \/>\n<meta property=\"article:modified_time\" content=\"2019-11-28T14:12:18+00:00\" \/>\n<meta property=\"og:image\" content=\"https:\/\/content.redfoxlotto.com\/uploads\/sites\/9\/1_play_lotto_to_win.jpg\" \/>\n<meta name=\"twitter:card\" content=\"summary_large_image\" \/>\n<meta name=\"twitter:label1\" content=\"Szacowany czas czytania\" \/>\n\t<meta name=\"twitter:data1\" content=\"2 minuty\" \/>\n<script type=\"application\/ld+json\" class=\"yoast-schema-graph\">{\"@context\":\"https:\/\/schema.org\",\"@graph\":[{\"@type\":\"WebPage\",\"@id\":\"https:\/\/redfoxlotto.com\/pl\/graj\/la-primitiva\/\",\"url\":\"https:\/\/redfoxlotto.com\/pl\/graj\/la-primitiva\/\",\"name\":\"Zagraj La Primitiva z Polski\",\"isPartOf\":{\"@id\":\"https:\/\/redfoxlotto.com\/pl\/#website\"},\"primaryImageOfPage\":{\"@id\":\"https:\/\/redfoxlotto.com\/pl\/graj\/la-primitiva\/#primaryimage\"},\"image\":{\"@id\":\"https:\/\/redfoxlotto.com\/pl\/graj\/la-primitiva\/#primaryimage\"},\"thumbnailUrl\":\"https:\/\/content.redfoxlotto.com\/uploads\/sites\/9\/1_play_lotto_to_win.jpg\",\"datePublished\":\"2023-04-24T17:52:16+00:00\",\"dateModified\":\"2019-11-28T14:12:18+00:00\",\"description\":\"Pozw\u00f3l nam pokaza\u0107, jak mo\u017cesz zagra\u0107 w La Primitiva Lottery Spain z Polski.\",\"breadcrumb\":{\"@id\":\"https:\/\/redfoxlotto.com\/pl\/graj\/la-primitiva\/#breadcrumb\"},\"inLanguage\":\"pl-PL\",\"potentialAction\":[{\"@type\":\"ReadAction\",\"target\":[\"https:\/\/redfoxlotto.com\/pl\/graj\/la-primitiva\/\"]}]},{\"@type\":\"ImageObject\",\"inLanguage\":\"pl-PL\",\"@id\":\"https:\/\/redfoxlotto.com\/pl\/graj\/la-primitiva\/#primaryimage\",\"url\":\"https:\/\/content.redfoxlotto.com\/uploads\/sites\/9\/1_play_lotto_to_win.jpg\",\"contentUrl\":\"https:\/\/content.redfoxlotto.com\/uploads\/sites\/9\/1_play_lotto_to_win.jpg\"},{\"@type\":\"BreadcrumbList\",\"@id\":\"https:\/\/redfoxlotto.com\/pl\/graj\/la-primitiva\/#breadcrumb\",\"itemListElement\":[{\"@type\":\"ListItem\",\"position\":1,\"name\":\"Home\",\"item\":\"https:\/\/redfoxlotto.com\/pl\/\"},{\"@type\":\"ListItem\",\"position\":2,\"name\":\"Jak gra\u0107 na loteriach innych kraj\u00f3w?\",\"item\":\"https:\/\/redfoxlotto.com\/pl\/graj\/\"},{\"@type\":\"ListItem\",\"position\":3,\"name\":\"Jak uczestniczy\u0107 w programie La Primitiva?\"}]},{\"@type\":\"WebSite\",\"@id\":\"https:\/\/redfoxlotto.com\/pl\/#website\",\"url\":\"https:\/\/redfoxlotto.com\/pl\/\",\"name\":\"Get Tickets for the World\u2019s largest jackpots\",\"description\":\"Participate in worldwide lottery jackpots from any country\",\"publisher\":{\"@id\":\"https:\/\/redfoxlotto.com\/pl\/#organization\"},\"potentialAction\":[{\"@type\":\"SearchAction\",\"target\":{\"@type\":\"EntryPoint\",\"urlTemplate\":\"https:\/\/redfoxlotto.com\/pl\/?s={search_term_string}\"},\"query-input\":{\"@type\":\"PropertyValueSpecification\",\"valueRequired\":true,\"valueName\":\"search_term_string\"}}],\"inLanguage\":\"pl-PL\"},{\"@type\":\"Organization\",\"@id\":\"https:\/\/redfoxlotto.com\/pl\/#organization\",\"name\":\"Get Tickets for the World\u2019s largest jackpots\",\"url\":\"https:\/\/redfoxlotto.com\/pl\/\",\"logo\":{\"@type\":\"ImageObject\",\"inLanguage\":\"pl-PL\",\"@id\":\"https:\/\/redfoxlotto.com\/pl\/#\/schema\/logo\/image\/\",\"url\":\"https:\/\/redfoxlotto.com\/wp-content\/uploads\/2023\/04\/logo.png\",\"contentUrl\":\"https:\/\/redfoxlotto.com\/wp-content\/uploads\/2023\/04\/logo.png\",\"width\":269,\"height\":53,\"caption\":\"Get Tickets for the World\u2019s largest jackpots\"},\"image\":{\"@id\":\"https:\/\/redfoxlotto.com\/pl\/#\/schema\/logo\/image\/\"}}]}<\/script>\n<!-- \/ Yoast SEO plugin. -->","yoast_head_json":{"title":"Zagraj La Primitiva z Polski","description":"Pozw\u00f3l nam pokaza\u0107, jak mo\u017cesz zagra\u0107 w La Primitiva Lottery Spain z Polski.","robots":{"index":"index","follow":"follow","max-snippet":"max-snippet:-1","max-image-preview":"max-image-preview:large","max-video-preview":"max-video-preview:-1"},"canonical":"https:\/\/redfoxlotto.com\/pl\/graj\/la-primitiva\/","og_locale":"pl_PL","og_type":"article","og_title":"Zagraj La Primitiva z Polski","og_description":"Pozw\u00f3l nam pokaza\u0107, jak mo\u017cesz zagra\u0107 w La Primitiva Lottery Spain z Polski.","og_url":"https:\/\/redfoxlotto.com\/pl\/graj\/la-primitiva\/","og_site_name":"Get Tickets for the World\u2019s largest jackpots","article_modified_time":"2019-11-28T14:12:18+00:00","og_image":[{"url":"https:\/\/content.redfoxlotto.com\/uploads\/sites\/9\/1_play_lotto_to_win.jpg"}],"twitter_card":"summary_large_image","twitter_misc":{"Szacowany czas czytania":"2 minuty"},"schema":{"@context":"https:\/\/schema.org","@graph":[{"@type":"WebPage","@id":"https:\/\/redfoxlotto.com\/pl\/graj\/la-primitiva\/","url":"https:\/\/redfoxlotto.com\/pl\/graj\/la-primitiva\/","name":"Zagraj La Primitiva z Polski","isPartOf":{"@id":"https:\/\/redfoxlotto.com\/pl\/#website"},"primaryImageOfPage":{"@id":"https:\/\/redfoxlotto.com\/pl\/graj\/la-primitiva\/#primaryimage"},"image":{"@id":"https:\/\/redfoxlotto.com\/pl\/graj\/la-primitiva\/#primaryimage"},"thumbnailUrl":"https:\/\/content.redfoxlotto.com\/uploads\/sites\/9\/1_play_lotto_to_win.jpg","datePublished":"2023-04-24T17:52:16+00:00","dateModified":"2019-11-28T14:12:18+00:00","description":"Pozw\u00f3l nam pokaza\u0107, jak mo\u017cesz zagra\u0107 w La Primitiva Lottery Spain z Polski.","breadcrumb":{"@id":"https:\/\/redfoxlotto.com\/pl\/graj\/la-primitiva\/#breadcrumb"},"inLanguage":"pl-PL","potentialAction":[{"@type":"ReadAction","target":["https:\/\/redfoxlotto.com\/pl\/graj\/la-primitiva\/"]}]},{"@type":"ImageObject","inLanguage":"pl-PL","@id":"https:\/\/redfoxlotto.com\/pl\/graj\/la-primitiva\/#primaryimage","url":"https:\/\/content.redfoxlotto.com\/uploads\/sites\/9\/1_play_lotto_to_win.jpg","contentUrl":"https:\/\/content.redfoxlotto.com\/uploads\/sites\/9\/1_play_lotto_to_win.jpg"},{"@type":"BreadcrumbList","@id":"https:\/\/redfoxlotto.com\/pl\/graj\/la-primitiva\/#breadcrumb","itemListElement":[{"@type":"ListItem","position":1,"name":"Home","item":"https:\/\/redfoxlotto.com\/pl\/"},{"@type":"ListItem","position":2,"name":"Jak gra\u0107 na loteriach innych kraj\u00f3w?","item":"https:\/\/redfoxlotto.com\/pl\/graj\/"},{"@type":"ListItem","position":3,"name":"Jak uczestniczy\u0107 w programie La Primitiva?"}]},{"@type":"WebSite","@id":"https:\/\/redfoxlotto.com\/pl\/#website","url":"https:\/\/redfoxlotto.com\/pl\/","name":"Get Tickets for the World\u2019s largest jackpots","description":"Participate in worldwide lottery jackpots from any country","publisher":{"@id":"https:\/\/redfoxlotto.com\/pl\/#organization"},"potentialAction":[{"@type":"SearchAction","target":{"@type":"EntryPoint","urlTemplate":"https:\/\/redfoxlotto.com\/pl\/?s={search_term_string}"},"query-input":{"@type":"PropertyValueSpecification","valueRequired":true,"valueName":"search_term_string"}}],"inLanguage":"pl-PL"},{"@type":"Organization","@id":"https:\/\/redfoxlotto.com\/pl\/#organization","name":"Get Tickets for the World\u2019s largest jackpots","url":"https:\/\/redfoxlotto.com\/pl\/","logo":{"@type":"ImageObject","inLanguage":"pl-PL","@id":"https:\/\/redfoxlotto.com\/pl\/#\/schema\/logo\/image\/","url":"https:\/\/redfoxlotto.com\/wp-content\/uploads\/2023\/04\/logo.png","contentUrl":"https:\/\/redfoxlotto.com\/wp-content\/uploads\/2023\/04\/logo.png","width":269,"height":53,"caption":"Get Tickets for the World\u2019s largest jackpots"},"image":{"@id":"https:\/\/redfoxlotto.com\/pl\/#\/schema\/logo\/image\/"}}]}},"_links":{"self":[{"href":"https:\/\/redfoxlotto.com\/pl\/wp-json\/wp\/v2\/pages\/6507","targetHints":{"allow":["GET"]}}],"collection":[{"href":"https:\/\/redfoxlotto.com\/pl\/wp-json\/wp\/v2\/pages"}],"about":[{"href":"https:\/\/redfoxlotto.com\/pl\/wp-json\/wp\/v2\/types\/page"}],"author":[{"embeddable":true,"href":"https:\/\/redfoxlotto.com\/pl\/wp-json\/wp\/v2\/users\/1"}],"replies":[{"embeddable":true,"href":"https:\/\/redfoxlotto.com\/pl\/wp-json\/wp\/v2\/comments?post=6507"}],"version-history":[{"count":0,"href":"https:\/\/redfoxlotto.com\/pl\/wp-json\/wp\/v2\/pages\/6507\/revisions"}],"up":[{"embeddable":true,"href":"https:\/\/redfoxlotto.com\/pl\/wp-json\/wp\/v2\/pages\/5704"}],"wp:attachment":[{"href":"https:\/\/redfoxlotto.com\/pl\/wp-json\/wp\/v2\/media?parent=6507"}],"curies":[{"name":"wp","href":"https:\/\/api.w.org\/{rel}","templated":true}]}}