{"id":6506,"date":"2018-11-18T08:54:25","date_gmt":"2018-11-18T08:54:25","guid":{"rendered":"https:\/\/redfoxlotto.com\/?page_id=6506"},"modified":"2019-11-28T14:13:26","modified_gmt":"2019-11-28T14:13:26","slug":"la-primitiva","status":"publish","type":"page","link":"https:\/\/redfoxlotto.com\/pl\/loterie\/la-primitiva\/","title":{"rendered":"O zdobywaniu bilet\u00f3w na La Primitiva online"},"content":{"rendered":"<p>To najwi\u0119ksza hiszpa\u0144ska loteria. By\u0107 mo\u017ce s\u0142ysza\u0142e\u015b r\u00f3wnie\u017c, \u017ce ta loteria jest nazywana El Gordo, ale technicznie rzecz bior\u0105c, nie jest to poprawne. Sprawd\u017a nasz artyku\u0142 o El Gordo.<\/p><p><img loading=\"lazy\" decoding=\"async\" class=\" wp-image alignright\" src=\"https:\/\/content.redfoxlotto.com\/uploads\/sites\/9\/2_ticket_la_primitiva2.jpg\" alt=\"Bilet online La Primitiva\" width=\"157\" height=\"224\" \/><\/p><!--more--><p>La Primitiva jest cotygodniow\u0105 hiszpa\u0144sk\u0105 loteri\u0105. Jackpot ma minimaln\u0105 kwot\u0119 5 milion\u00f3w euro. Ale ten jackpot osi\u0105gn\u0105\u0142 kwoty bliskie 100 milion\u00f3w euro w przesz\u0142o\u015bci. Rysunek odbywa si\u0119 w ka\u017cd\u0105 niedziel\u0119.<\/p><p>Mimo, \u017ce mia\u0142a to by\u0107 loteria krajowa, Ty te\u017c mo\u017cesz teraz kupi\u0107 bilety na La Primitiva online. Nie musisz by\u0107 rezydentem Hiszpanii. Wystarczy wybra\u0107 swoje numery na naszej stronie, nast\u0119pnie za\u0142o\u017cy\u0107 u nas konto i zap\u0142aci\u0107 online. Zam\u00f3wimy dla Ciebie w pe\u0142ni legalny bilet La Primitiva.<\/p><p><img loading=\"lazy\" decoding=\"async\" class=\" wp-image alignright\" src=\"https:\/\/content.redfoxlotto.com\/uploads\/sites\/9\/1_buy_ticket_lotto_online2.jpg\" alt=\"Kup bilety La Primitiva\" width=\"185\" height=\"277\" \/><\/p><p>Aby wzi\u0105\u0107 udzia\u0142 w loterii wystarczy zakupi\u0107 kupon z wybranymi numerami. La Primitiva <a href=\"https:\/\/redfoxlotto.com\/pl\/\">bilety na loteri\u0119<\/a> zawiera numery od 0-49. Gracze mog\u0105 wybiera\u0107 dowolne 6 numer\u00f3w, a po zakupie numer od 0-9 jest automatycznie przypisywany do danego biletu. W dniu losowania, 6 liczb jest losowo wybieranych z 0-49, a 1 liczba z 0-9 tak, \u017ce ka\u017cdy bilet, kt\u00f3rego liczba odpowiada dok\u0142adnie liczbie wylosowanych liczb, wygrywa Jackpota.<\/p><h2 class=\"wp-block-heading\">Najwi\u0119kszy jackpot La Primitiva<\/h2><p>Najwi\u0119kszy jackpot wygra\u0142 do tej pory w loterii La Primitiva jest 17 pa\u017adziernika 2015 roku wygrywaj\u0105c whooping \u20ac101.7 mln jackpot. Przedtem najwi\u0119ksza by\u0142a jackpot w wysoko\u015bci 73 milion\u00f3w euro z lutego 2014 roku. Szcz\u0119\u015bcie jest zdecydowanie g\u0142\u00f3wnym czynnikiem decyduj\u0105cym o wygraniu ostatecznego jackpota, poniewa\u017c prawdopodobie\u0144stwo trafienia jackpota wynosi 1:14 mln, ale bior\u0105c pod uwag\u0119 niewielk\u0105 kwot\u0119 pieni\u0119dzy, kt\u00f3r\u0105 trzeba zdoby\u0107 bilet i ogromn\u0105 sum\u0119, aby wygra\u0107, to ka\u017cdy powinien czu\u0107 si\u0119 szcz\u0119\u015bliwy.<\/p>","protected":false},"excerpt":{"rendered":"<p>To najwi\u0119ksza hiszpa\u0144ska loteria. By\u0107 mo\u017ce s\u0142ysza\u0142e\u015b r\u00f3wnie\u017c, \u017ce ta loteria jest nazywana El Gordo, ale technicznie rzecz bior\u0105c, nie jest to poprawne. Sprawd\u017a nasz artyku\u0142 o El Gordo.<\/p>\n","protected":false},"author":1,"featured_media":0,"parent":5686,"menu_order":7,"comment_status":"closed","ping_status":"closed","template":"la-primitiva-info.php","meta":{"_et_pb_use_builder":"","_et_pb_old_content":"","_et_gb_content_width":"","exclude_from_search":false,"footnotes":""},"class_list":["post-6506","page","type-page","status-publish","hentry"],"yoast_head":"<!-- This site is optimized with the Yoast SEO plugin v23.8 - https:\/\/yoast.com\/wordpress\/plugins\/seo\/ -->\n<title>Kup bilety na La Primitiva z dowolnego miejsca<\/title>\n<meta name=\"description\" content=\"Niewa\u017cne gdzie mieszkasz - mo\u017cesz otrzyma\u0107 bilety na La Primitiva Lotto\" \/>\n<meta name=\"robots\" content=\"index, follow, max-snippet:-1, max-image-preview:large, max-video-preview:-1\" \/>\n<link rel=\"canonical\" href=\"https:\/\/redfoxlotto.com\/pl\/loterie\/la-primitiva\/\" \/>\n<meta property=\"og:locale\" content=\"pl_PL\" \/>\n<meta property=\"og:type\" content=\"article\" \/>\n<meta property=\"og:title\" content=\"Kup bilety na La Primitiva z dowolnego miejsca\" \/>\n<meta property=\"og:description\" content=\"Niewa\u017cne gdzie mieszkasz - mo\u017cesz otrzyma\u0107 bilety na La Primitiva Lotto\" \/>\n<meta property=\"og:url\" content=\"https:\/\/redfoxlotto.com\/pl\/loterie\/la-primitiva\/\" \/>\n<meta property=\"og:site_name\" content=\"Get Tickets for the World\u2019s largest jackpots\" \/>\n<meta property=\"article:modified_time\" content=\"2019-11-28T14:13:26+00:00\" \/>\n<meta property=\"og:image\" content=\"https:\/\/content.redfoxlotto.com\/uploads\/sites\/9\/2_ticket_la_primitiva2.jpg\" \/>\n<meta name=\"twitter:card\" content=\"summary_large_image\" \/>\n<meta name=\"twitter:label1\" content=\"Szacowany czas czytania\" \/>\n\t<meta name=\"twitter:data1\" content=\"2 minuty\" \/>\n<script type=\"application\/ld+json\" class=\"yoast-schema-graph\">{\"@context\":\"https:\/\/schema.org\",\"@graph\":[{\"@type\":\"WebPage\",\"@id\":\"https:\/\/redfoxlotto.com\/pl\/loterie\/la-primitiva\/\",\"url\":\"https:\/\/redfoxlotto.com\/pl\/loterie\/la-primitiva\/\",\"name\":\"Kup bilety na La Primitiva z dowolnego miejsca\",\"isPartOf\":{\"@id\":\"https:\/\/redfoxlotto.com\/pl\/#website\"},\"primaryImageOfPage\":{\"@id\":\"https:\/\/redfoxlotto.com\/pl\/loterie\/la-primitiva\/#primaryimage\"},\"image\":{\"@id\":\"https:\/\/redfoxlotto.com\/pl\/loterie\/la-primitiva\/#primaryimage\"},\"thumbnailUrl\":\"https:\/\/content.redfoxlotto.com\/uploads\/sites\/9\/2_ticket_la_primitiva2.jpg\",\"datePublished\":\"2018-11-18T08:54:25+00:00\",\"dateModified\":\"2019-11-28T14:13:26+00:00\",\"description\":\"Niewa\u017cne gdzie mieszkasz - mo\u017cesz otrzyma\u0107 bilety na La Primitiva Lotto\",\"breadcrumb\":{\"@id\":\"https:\/\/redfoxlotto.com\/pl\/loterie\/la-primitiva\/#breadcrumb\"},\"inLanguage\":\"pl-PL\",\"potentialAction\":[{\"@type\":\"ReadAction\",\"target\":[\"https:\/\/redfoxlotto.com\/pl\/loterie\/la-primitiva\/\"]}]},{\"@type\":\"ImageObject\",\"inLanguage\":\"pl-PL\",\"@id\":\"https:\/\/redfoxlotto.com\/pl\/loterie\/la-primitiva\/#primaryimage\",\"url\":\"https:\/\/content.redfoxlotto.com\/uploads\/sites\/9\/2_ticket_la_primitiva2.jpg\",\"contentUrl\":\"https:\/\/content.redfoxlotto.com\/uploads\/sites\/9\/2_ticket_la_primitiva2.jpg\"},{\"@type\":\"BreadcrumbList\",\"@id\":\"https:\/\/redfoxlotto.com\/pl\/loterie\/la-primitiva\/#breadcrumb\",\"itemListElement\":[{\"@type\":\"ListItem\",\"position\":1,\"name\":\"Home\",\"item\":\"https:\/\/redfoxlotto.com\/pl\/\"},{\"@type\":\"ListItem\",\"position\":2,\"name\":\"Jak kupi\u0107 bilety na loteri\u0119 online &#8211; proces zakupu\",\"item\":\"https:\/\/redfoxlotto.com\/pl\/loterie\/\"},{\"@type\":\"ListItem\",\"position\":3,\"name\":\"O zdobywaniu bilet\u00f3w na La Primitiva online\"}]},{\"@type\":\"WebSite\",\"@id\":\"https:\/\/redfoxlotto.com\/pl\/#website\",\"url\":\"https:\/\/redfoxlotto.com\/pl\/\",\"name\":\"Get Tickets for the World\u2019s largest jackpots\",\"description\":\"Participate in worldwide lottery jackpots from any country\",\"publisher\":{\"@id\":\"https:\/\/redfoxlotto.com\/pl\/#organization\"},\"potentialAction\":[{\"@type\":\"SearchAction\",\"target\":{\"@type\":\"EntryPoint\",\"urlTemplate\":\"https:\/\/redfoxlotto.com\/pl\/?s={search_term_string}\"},\"query-input\":{\"@type\":\"PropertyValueSpecification\",\"valueRequired\":true,\"valueName\":\"search_term_string\"}}],\"inLanguage\":\"pl-PL\"},{\"@type\":\"Organization\",\"@id\":\"https:\/\/redfoxlotto.com\/pl\/#organization\",\"name\":\"Get Tickets for the World\u2019s largest jackpots\",\"url\":\"https:\/\/redfoxlotto.com\/pl\/\",\"logo\":{\"@type\":\"ImageObject\",\"inLanguage\":\"pl-PL\",\"@id\":\"https:\/\/redfoxlotto.com\/pl\/#\/schema\/logo\/image\/\",\"url\":\"https:\/\/redfoxlotto.com\/wp-content\/uploads\/2023\/04\/logo.png\",\"contentUrl\":\"https:\/\/redfoxlotto.com\/wp-content\/uploads\/2023\/04\/logo.png\",\"width\":269,\"height\":53,\"caption\":\"Get Tickets for the World\u2019s largest jackpots\"},\"image\":{\"@id\":\"https:\/\/redfoxlotto.com\/pl\/#\/schema\/logo\/image\/\"}}]}<\/script>\n<!-- \/ Yoast SEO plugin. -->","yoast_head_json":{"title":"Kup bilety na La Primitiva z dowolnego miejsca","description":"Niewa\u017cne gdzie mieszkasz - mo\u017cesz otrzyma\u0107 bilety na La Primitiva Lotto","robots":{"index":"index","follow":"follow","max-snippet":"max-snippet:-1","max-image-preview":"max-image-preview:large","max-video-preview":"max-video-preview:-1"},"canonical":"https:\/\/redfoxlotto.com\/pl\/loterie\/la-primitiva\/","og_locale":"pl_PL","og_type":"article","og_title":"Kup bilety na La Primitiva z dowolnego miejsca","og_description":"Niewa\u017cne gdzie mieszkasz - mo\u017cesz otrzyma\u0107 bilety na La Primitiva Lotto","og_url":"https:\/\/redfoxlotto.com\/pl\/loterie\/la-primitiva\/","og_site_name":"Get Tickets for the World\u2019s largest jackpots","article_modified_time":"2019-11-28T14:13:26+00:00","og_image":[{"url":"https:\/\/content.redfoxlotto.com\/uploads\/sites\/9\/2_ticket_la_primitiva2.jpg"}],"twitter_card":"summary_large_image","twitter_misc":{"Szacowany czas czytania":"2 minuty"},"schema":{"@context":"https:\/\/schema.org","@graph":[{"@type":"WebPage","@id":"https:\/\/redfoxlotto.com\/pl\/loterie\/la-primitiva\/","url":"https:\/\/redfoxlotto.com\/pl\/loterie\/la-primitiva\/","name":"Kup bilety na La Primitiva z dowolnego miejsca","isPartOf":{"@id":"https:\/\/redfoxlotto.com\/pl\/#website"},"primaryImageOfPage":{"@id":"https:\/\/redfoxlotto.com\/pl\/loterie\/la-primitiva\/#primaryimage"},"image":{"@id":"https:\/\/redfoxlotto.com\/pl\/loterie\/la-primitiva\/#primaryimage"},"thumbnailUrl":"https:\/\/content.redfoxlotto.com\/uploads\/sites\/9\/2_ticket_la_primitiva2.jpg","datePublished":"2018-11-18T08:54:25+00:00","dateModified":"2019-11-28T14:13:26+00:00","description":"Niewa\u017cne gdzie mieszkasz - mo\u017cesz otrzyma\u0107 bilety na La Primitiva Lotto","breadcrumb":{"@id":"https:\/\/redfoxlotto.com\/pl\/loterie\/la-primitiva\/#breadcrumb"},"inLanguage":"pl-PL","potentialAction":[{"@type":"ReadAction","target":["https:\/\/redfoxlotto.com\/pl\/loterie\/la-primitiva\/"]}]},{"@type":"ImageObject","inLanguage":"pl-PL","@id":"https:\/\/redfoxlotto.com\/pl\/loterie\/la-primitiva\/#primaryimage","url":"https:\/\/content.redfoxlotto.com\/uploads\/sites\/9\/2_ticket_la_primitiva2.jpg","contentUrl":"https:\/\/content.redfoxlotto.com\/uploads\/sites\/9\/2_ticket_la_primitiva2.jpg"},{"@type":"BreadcrumbList","@id":"https:\/\/redfoxlotto.com\/pl\/loterie\/la-primitiva\/#breadcrumb","itemListElement":[{"@type":"ListItem","position":1,"name":"Home","item":"https:\/\/redfoxlotto.com\/pl\/"},{"@type":"ListItem","position":2,"name":"Jak kupi\u0107 bilety na loteri\u0119 online &#8211; proces zakupu","item":"https:\/\/redfoxlotto.com\/pl\/loterie\/"},{"@type":"ListItem","position":3,"name":"O zdobywaniu bilet\u00f3w na La Primitiva online"}]},{"@type":"WebSite","@id":"https:\/\/redfoxlotto.com\/pl\/#website","url":"https:\/\/redfoxlotto.com\/pl\/","name":"Get Tickets for the World\u2019s largest jackpots","description":"Participate in worldwide lottery jackpots from any country","publisher":{"@id":"https:\/\/redfoxlotto.com\/pl\/#organization"},"potentialAction":[{"@type":"SearchAction","target":{"@type":"EntryPoint","urlTemplate":"https:\/\/redfoxlotto.com\/pl\/?s={search_term_string}"},"query-input":{"@type":"PropertyValueSpecification","valueRequired":true,"valueName":"search_term_string"}}],"inLanguage":"pl-PL"},{"@type":"Organization","@id":"https:\/\/redfoxlotto.com\/pl\/#organization","name":"Get Tickets for the World\u2019s largest jackpots","url":"https:\/\/redfoxlotto.com\/pl\/","logo":{"@type":"ImageObject","inLanguage":"pl-PL","@id":"https:\/\/redfoxlotto.com\/pl\/#\/schema\/logo\/image\/","url":"https:\/\/redfoxlotto.com\/wp-content\/uploads\/2023\/04\/logo.png","contentUrl":"https:\/\/redfoxlotto.com\/wp-content\/uploads\/2023\/04\/logo.png","width":269,"height":53,"caption":"Get Tickets for the World\u2019s largest jackpots"},"image":{"@id":"https:\/\/redfoxlotto.com\/pl\/#\/schema\/logo\/image\/"}}]}},"_links":{"self":[{"href":"https:\/\/redfoxlotto.com\/pl\/wp-json\/wp\/v2\/pages\/6506","targetHints":{"allow":["GET"]}}],"collection":[{"href":"https:\/\/redfoxlotto.com\/pl\/wp-json\/wp\/v2\/pages"}],"about":[{"href":"https:\/\/redfoxlotto.com\/pl\/wp-json\/wp\/v2\/types\/page"}],"author":[{"embeddable":true,"href":"https:\/\/redfoxlotto.com\/pl\/wp-json\/wp\/v2\/users\/1"}],"replies":[{"embeddable":true,"href":"https:\/\/redfoxlotto.com\/pl\/wp-json\/wp\/v2\/comments?post=6506"}],"version-history":[{"count":0,"href":"https:\/\/redfoxlotto.com\/pl\/wp-json\/wp\/v2\/pages\/6506\/revisions"}],"up":[{"embeddable":true,"href":"https:\/\/redfoxlotto.com\/pl\/wp-json\/wp\/v2\/pages\/5686"}],"wp:attachment":[{"href":"https:\/\/redfoxlotto.com\/pl\/wp-json\/wp\/v2\/media?parent=6506"}],"curies":[{"name":"wp","href":"https:\/\/api.w.org\/{rel}","templated":true}]}}